{"id":11368,"date":"2023-04-05T17:36:34","date_gmt":"2023-04-05T17:36:34","guid":{"rendered":"https:\/\/www.ghostysky.com\/?post_type=product&#038;p=11368"},"modified":"2025-10-14T11:27:19","modified_gmt":"2025-10-14T11:27:19","slug":"fisherman-max-heavy-lift-fishing-drone","status":"publish","type":"product","link":"https:\/\/www.ghostysky.com\/pt\/product\/fisherman-max-heavy-lift-fishing-drone\/","title":{"rendered":"Drone de pesca Fisherman MAX Heavy Lift (FD2)"},"content":{"rendered":"<div class=\"sc-ezbkAF A-dmbO pf-35559a8f09ea-388_ pf-r pf-r-eh\" data-pf-type=\"Row\">\n<div class=\"pf-c\">\n<div class=\"sc-gUQvok iVVDxu pf-35559a8f09ea-389_\" data-pf-type=\"Column\">\n<h3 tabindex=\"0\" spellcheck=\"false\" data-pf-type=\"Heading2\"><a href=\"https:\/\/www.ghostysky.com\/wp-content\/uploads\/2023\/04\/fisherman-max-fishing-drone-banner.webp\"><img fetchpriority=\"high\" decoding=\"async\" class=\"alignnone wp-image-11374 lazyload\" src=\"data:image\/gif;base64,R0lGODlhAQABAAAAACH5BAEKAAEALAAAAAABAAEAAAICTAEAOw==\" alt=\"\" width=\"800\" height=\"450\" sizes=\"(max-width: 800px) 100vw, 800px\" data-src=\"https:\/\/www.ghostysky.com\/wp-content\/uploads\/2023\/04\/fisherman-max-fishing-drone-banner-300x169.webp\" data-srcset=\"https:\/\/www.ghostysky.com\/wp-content\/uploads\/2023\/04\/fisherman-max-fishing-drone-banner-300x169.webp 300w, https:\/\/www.ghostysky.com\/wp-content\/uploads\/2023\/04\/fisherman-max-fishing-drone-banner-1024x576.webp 1024w, https:\/\/www.ghostysky.com\/wp-content\/uploads\/2023\/04\/fisherman-max-fishing-drone-banner-768x432.webp 768w, https:\/\/www.ghostysky.com\/wp-content\/uploads\/2023\/04\/fisherman-max-fishing-drone-banner-1536x864.webp 1536w, https:\/\/www.ghostysky.com\/wp-content\/uploads\/2023\/04\/fisherman-max-fishing-drone-banner-18x10.webp 18w, https:\/\/www.ghostysky.com\/wp-content\/uploads\/2023\/04\/fisherman-max-fishing-drone-banner-720x405.webp 720w, https:\/\/www.ghostysky.com\/wp-content\/uploads\/2023\/04\/fisherman-max-fishing-drone-banner-600x338.webp 600w, https:\/\/www.ghostysky.com\/wp-content\/uploads\/2023\/04\/fisherman-max-fishing-drone-banner.webp 1920w\"><\/a><\/h3>\n<h4 class=\"sc-dPiLbb cAoJbW pf-35559a8f09ea-391_\" tabindex=\"0\" spellcheck=\"false\" data-pf-type=\"Heading2\">Capacidade de isca de 7 libras\/3,2 kg<\/h4>\n<p class=\"sc-bBHHxi fhourC pf-35559a8f09ea-393_\" tabindex=\"0\" spellcheck=\"false\" data-pf-type=\"Paragraph3\">Op\u00e7\u00e3o de alvos de maiores esp\u00e9cies com uma op\u00e7\u00e3o mais ampla de iscas. Eleve a taxa de sucesso da pesca para o pr\u00f3ximo n\u00edvel.<\/p>\n<\/div>\n<\/div>\n<div class=\"pf-c\">\n<div class=\"sc-gUQvok iVVDxu pf-35559a8f09ea-395_\" data-pf-type=\"Column\">\n<h4 class=\"sc-dPiLbb cAoJbW pf-35559a8f09ea-397_\" tabindex=\"0\" spellcheck=\"false\" data-pf-type=\"Heading2\">Camera 4K<\/h4>\n<p class=\"sc-bBHHxi fhourC pf-35559a8f09ea-399_\" tabindex=\"0\" spellcheck=\"false\" data-pf-type=\"Paragraph3\">Encontre pontos e registre sua viagem de pesca em 4K.<\/p>\n<\/div>\n<\/div>\n<div class=\"pf-c\">\n<div class=\"sc-gUQvok iVVDxu pf-35559a8f09ea-401_\" data-pf-type=\"Column\">\n<h4 class=\"sc-dPiLbb cAoJbW pf-35559a8f09ea-403_\" tabindex=\"0\" spellcheck=\"false\" data-pf-type=\"Heading2\">Visor multicor<\/h4>\n<p class=\"sc-bBHHxi fhourC pf-35559a8f09ea-405_\" tabindex=\"0\" spellcheck=\"false\" data-pf-type=\"Paragraph3\">Transmiss\u00e3o de v\u00eddeo ao vivo para aumentar a precis\u00e3o do lan\u00e7amento de iscas sem usar um telefone.<\/p>\n<\/div>\n<\/div>\n<\/div>\n<div class=\"sc-ezbkAF A-dmbO pf-35559a8f09ea-407_ pf-r pf-r-eh\" data-pf-type=\"Row\">\n<div class=\"pf-c\">\n<div class=\"sc-gUQvok iVVDxu pf-35559a8f09ea-408_\" data-pf-type=\"Column\">\n<h4 class=\"sc-dPiLbb cAoJbW pf-35559a8f09ea-410_\" tabindex=\"0\" spellcheck=\"false\" data-pf-type=\"Heading2\">Alcance de lan\u00e7amento de 1 milha \/ 1,5 km<\/h4>\n<p class=\"sc-bBHHxi fhourC pf-35559a8f09ea-412_\" tabindex=\"0\" spellcheck=\"false\" data-pf-type=\"Paragraph3\">Lance iscas longe no oceano sem usar um caiaque.<\/p>\n<\/div>\n<\/div>\n<div class=\"pf-c\">\n<div class=\"sc-gUQvok iVVDxu pf-35559a8f09ea-414_\" data-pf-type=\"Column\">\n<h4 class=\"sc-dPiLbb cAoJbW pf-35559a8f09ea-416_\" tabindex=\"0\" spellcheck=\"false\" data-pf-type=\"Heading2\">Design dobr\u00e1vel<\/h4>\n<p class=\"sc-bBHHxi fhourC pf-35559a8f09ea-418_\" tabindex=\"0\" spellcheck=\"false\" data-pf-type=\"Paragraph3\">Super f\u00e1cil de transportar para a praia.<\/p>\n<\/div>\n<\/div>\n<div class=\"pf-c\">\n<div class=\"sc-gUQvok iVVDxu pf-35559a8f09ea-420_\" data-pf-type=\"Column\">\n<h4 class=\"sc-dPiLbb cAoJbW pf-35559a8f09ea-422_\" tabindex=\"0\" spellcheck=\"false\" data-pf-type=\"Heading2\">IP67 \u00e0 prova d'\u00e1gua<\/h4>\n<p class=\"sc-bBHHxi fhourC pf-35559a8f09ea-424_\" tabindex=\"0\" spellcheck=\"false\" data-pf-type=\"Paragraph3\">Drones 100% \u00e0 prova d'\u00e1gua e controle remoto \u00e0 prova de respingos.<\/p>\n<\/div>\n<\/div>\n<\/div>\n<div class=\"sc-ezbkAF A-dmbO pf-35559a8f09ea-426_ pf-r pf-r-eh\" data-pf-type=\"Row\">\n<div class=\"pf-c\">\n<div class=\"sc-gUQvok iVVDxu pf-35559a8f09ea-427_\" data-pf-type=\"Column\">\n<h4 class=\"sc-dPiLbb cAoJbW pf-35559a8f09ea-429_\" tabindex=\"0\" spellcheck=\"false\" data-pf-type=\"Heading2\">N\u00edvel 6 Resist\u00eancia ao Vento<\/h4>\n<p class=\"sc-bBHHxi fhourC pf-35559a8f09ea-431_\" tabindex=\"0\" spellcheck=\"false\" data-pf-type=\"Paragraph3\">Paire e voe de forma est\u00e1vel em ventos fortes com motores de alto impulso.<\/p>\n<\/div>\n<\/div>\n<div class=\"pf-c\">\n<div class=\"sc-gUQvok iVVDxu pf-35559a8f09ea-433_\" data-pf-type=\"Column\">\n<h4 class=\"sc-dPiLbb cAoJbW pf-35559a8f09ea-435_\" tabindex=\"0\" spellcheck=\"false\" data-pf-type=\"Heading2\">Pesca Autom\u00e1tica (Beta)<\/h4>\n<p class=\"sc-bBHHxi fhourC pf-35559a8f09ea-437_\" tabindex=\"0\" spellcheck=\"false\" data-pf-type=\"Paragraph3\">Voe automaticamente para pontos de pesca marcados no APP para soltar iscas.<\/p>\n<\/div>\n<\/div>\n<div class=\"pf-c\">\n<div class=\"sc-gUQvok iVVDxu pf-35559a8f09ea-439_\" data-pf-type=\"Column\">\n<h4 class=\"sc-dPiLbb cAoJbW pf-35559a8f09ea-441_\" tabindex=\"0\" spellcheck=\"false\" data-pf-type=\"Heading2\">Retorno seguro<\/h4>\n<p class=\"sc-bBHHxi fhourC pf-35559a8f09ea-443_\" tabindex=\"0\" spellcheck=\"false\" data-pf-type=\"Paragraph3\">Solte as iscas automaticamente e retorne \u00e0 praia em caso de emerg\u00eancia.<\/p>\n<\/div>\n<h2 tabindex=\"0\" spellcheck=\"false\" data-pf-type=\"Heading2\"><\/h2>\n<h2 class=\"sc-dPiLbb cAoJbW pf-bc971570b2ab-4_\" tabindex=\"0\" spellcheck=\"false\" data-pf-type=\"Heading2\"><span style=\"text-decoration: underline;\">Especifica\u00e7\u00f5es<\/span><\/h2>\n<div class=\"sc-ezbkAF A-dmbO pf-bc971570b2ab-6_ pf-r pf-r-eh\" data-pf-type=\"Row\">\n<div class=\"pf-c\">\n<div class=\"sc-gUQvok iVVDxu pf-bc971570b2ab-7_\" data-pf-type=\"Column\">\n<h4 class=\"sc-dPiLbb cAoJbW pf-bc971570b2ab-8_\" tabindex=\"0\" spellcheck=\"false\" data-pf-type=\"Heading2\">Aeronave<\/h4>\n<p class=\"sc-bBHHxi fhourC pf-bc971570b2ab-10_\" tabindex=\"0\" spellcheck=\"false\" data-pf-type=\"Paragraph3\">Classifica\u00e7\u00e3o \u00e0 prova d'\u00e1gua: IP67<br \/>\nPeso do drone (incluindo bateria): 7 lbs\/3,2 kg<br \/>\nTamanho (sem h\u00e9lice): desdobrado: 20*20*7,5 polegadas\/522*522*192 mm; dobrado: 12*10,5*7,5 polegadas \/ 306*266*192 mm<br \/>\nVelocidade m\u00e1xima de subida: 7 mph \/ 3 m\/s<br \/>\nVelocidade m\u00e1xima de descida: 4,5 mph \/ 2 m\/s<br \/>\nVelocidade m\u00e1xima de voo: ATTI: 45 mph \/ 20 m\/s; GPS: 22 mph \/ 10 m\/s<br \/>\n\u00c2ngulo m\u00e1ximo de inclina\u00e7\u00e3o: 25\u00b0<br \/>\nAltitude m\u00e1xima de voo: 1 milha \/ 1500 m<br \/>\nDist\u00e2ncia m\u00e1xima de voo: 1 milha \/ 1500 m<br \/>\nDist\u00e2ncia m\u00e1xima de transmiss\u00e3o de imagem: 0,7 milha \/ 1200 m<br \/>\nCapacidade m\u00e1xima de carga \u00fatil: 7,7 lbs \/ 3,5 kg<br \/>\nTempo de v\u00f4o: at\u00e9 28 minutos (sem vento e sem carga)<br \/>\nResist\u00eancia m\u00e1xima \u00e0 velocidade do vento: 40 mph \/ 18 m\/s \/ 35 n\u00f3s<br \/>\nPrecis\u00e3o de pairar: \u00b11,6 p\u00e9s \/ \u00b10,5 m<br \/>\nSistema de posicionamento por sat\u00e9lite: GPS\/Galileo<br \/>\nMotor: 4114 ~ 400Kv<br \/>\nESC: 40A<br \/>\nH\u00e9lices: #1655 fibra de carbono<br \/>\nFrequ\u00eancia de opera\u00e7\u00e3o: 2,405 ~ 2,475 GHz | 5,725 ~ 5,825 GHz<br \/>\nPot\u00eancia do transmissor (EIRP): &lt;33 dBm (FCC), &lt;20 dBm (CE) | &lt;33 dBm (FCC), &lt;14 dBm (CE)<br \/>\nTemperatura de opera\u00e7\u00e3o: 14 \u2109 ~ 104 \u2109 \/ -10 \u2103 ~ 40 \u2103<br \/>\nCertifica\u00e7\u00f5es: CE\/FCC\/ROHS\/RCM<\/p>\n<\/div>\n<\/div>\n<div class=\"pf-c\">\n<div class=\"sc-gUQvok iVVDxu pf-bc971570b2ab-12_\" data-pf-type=\"Column\">\n<h4 class=\"sc-dPiLbb cAoJbW pf-bc971570b2ab-13_\" tabindex=\"0\" spellcheck=\"false\" data-pf-type=\"Heading2\">Controle remoto<\/h4>\n<p class=\"sc-bBHHxi fhourC pf-bc971570b2ab-15_\" tabindex=\"0\" spellcheck=\"false\" data-pf-type=\"Paragraph3\">Peso: 1,56 libras \/ 709 g<br \/>\nClassifica\u00e7\u00e3o \u00e0 prova d'\u00e1gua: IP54<br \/>\nTamanho: 11*7,5*3 polegadas \/ 276*190*74 mm<br \/>\nFrequ\u00eancia de opera\u00e7\u00e3o: 2,405-2,475 GHz; 5,725 \u2013 5,825 GHz<br \/>\nPot\u00eancia do transmissor (EIRP): 2,405-2,475 GHz: &lt;26 dBm (FCC), &lt;20 dBm (CE)<br \/>\nLat\u00eancia: 20ms<br \/>\nBateria: 3000mAh<br \/>\nTempo de trabalho: 4 horas<br \/>\nTempo de carregamento: 3 horas<br \/>\nEntrada de energia: 5V\/2A USB-C<br \/>\nTamanho do ecr\u00e3: 5 polegadas<br \/>\nResolu\u00e7\u00e3o do ecr\u00e3: 800*480 pixels<br \/>\nBrilho do ecr\u00e3: 500 cd\/m2<br \/>\nPropor\u00e7\u00e3o: 16:9<br \/>\nL\u00edngua: Ingl\u00eas<br \/>\nTemperatura de opera\u00e7\u00e3o: 14 \u2109 ~ 104 \u2109 \/ -10 \u2103 ~ 40 \u2103<\/p>\n<\/div>\n<\/div>\n<\/div>\n<div class=\"sc-ezbkAF A-dmbO pf-bc971570b2ab-17_ pf-r pf-r-eh\" data-pf-type=\"Row\">\n<div class=\"pf-c\">\n<div class=\"sc-gUQvok iVVDxu pf-bc971570b2ab-18_\" data-pf-type=\"Column\">\n<h4 class=\"sc-dPiLbb cAoJbW pf-bc971570b2ab-19_\" tabindex=\"0\" spellcheck=\"false\" data-pf-type=\"Heading2\">Baterias de voo<\/h4>\n<p class=\"sc-bBHHxi fhourC pf-bc971570b2ab-21_\" tabindex=\"0\" spellcheck=\"false\" data-pf-type=\"Paragraph3\">Capacidade: 4500 mAh<br \/>\nVoltagem: 22.2V<br \/>\nTipe: 6S LiPo<br \/>\nTamanho: 8,6*4,7*2,5 polegadas \/ 219*119*65 mm<br \/>\nPeso: 2.8 lbs \/ 1255 g<br \/>\nTemperatura de opera\u00e7\u00e3o: 32 \u2109 ~ 104 \u2109 \/ 0 \u2103 ~ 40 \u2103<br \/>\nTempo de carregamento: 80 mins<br \/>\nCorrente m\u00e1xima de carga: 8A<\/p>\n<\/div>\n<\/div>\n<div class=\"pf-c\">\n<div class=\"sc-gUQvok iVVDxu pf-bc971570b2ab-23_\" data-pf-type=\"Column\">\n<h4 class=\"sc-dPiLbb cAoJbW pf-bc971570b2ab-24_\" tabindex=\"0\" spellcheck=\"false\" data-pf-type=\"Heading2\">Carregador<\/h4>\n<p class=\"sc-bBHHxi fhourC pf-bc971570b2ab-26_\" tabindex=\"0\" spellcheck=\"false\" data-pf-type=\"Paragraph3\">Entrada: 100 \u2013 240V<br \/>\nSa\u00edda: 25,2 V<br \/>\nPot\u00eancia m\u00e1xima de carregamento: 200W<br \/>\nTipos de bateria e c\u00e9lula suportados: 6S LiPo<br \/>\nTamanho: 5,6*4*2,4 polegadas \/ 143*100*60 mm<br \/>\nCabo de alimenta\u00e7\u00e3o: 3,9 p\u00e9s \/ 1,2 m<br \/>\nCabo de carregamento: 1,6 p\u00e9s \/ 0,5 m<br \/>\nPeso: 1 lb \/ 454,6 g<br \/>\nTemperatura de opera\u00e7\u00e3o: 32 \u2109 ~ 140 \u2109 \/ 0 \u2103 ~ 60 \u2103<br \/>\nTipos dispon\u00edveis de adaptador de energia:<br \/>\nTipo A: USA, Canad\u00e1, M\u00e9xico &amp; Jap\u00e3o<br \/>\nTipo B: Europa, Am\u00e9rica do Sul e \u00c1sia<br \/>\nTipo G: Reino Unido, Irlanda, Malta e Singapura<br \/>\nTipo I: Austr\u00e1lia e Nova Zel\u00e2ndia<\/p>\n<\/div>\n<\/div>\n<\/div>\n<div class=\"sc-ezbkAF A-dmbO pf-bc971570b2ab-28_ pf-r pf-r-eh\" data-pf-type=\"Row\">\n<div class=\"pf-c\">\n<div class=\"sc-gUQvok iVVDxu pf-bc971570b2ab-29_\" data-pf-type=\"Column\">\n<h4 class=\"sc-dPiLbb cAoJbW pf-bc971570b2ab-30_\" tabindex=\"0\" spellcheck=\"false\" data-pf-type=\"Heading2\">C\u00e2mera<\/h4>\n<p class=\"sc-bBHHxi fhourC pf-bc971570b2ab-32_\" tabindex=\"0\" spellcheck=\"false\" data-pf-type=\"Paragraph3\">Classifica\u00e7\u00e3o \u00e0 prova d'\u00e1gua: IP67<br \/>\nEstabiliza\u00e7\u00e3o: 1 eixo (inclina\u00e7\u00e3o)<br \/>\nFaixa de inclina\u00e7\u00e3o: -90\u00b0 a 0\u00b0<br \/>\nPeso: 0,38 libras \/ 176,5 g<br \/>\nTamanho: 3,1*2,7*2,7 polegadas\/79*69*70 mm<br \/>\nSensor de imagem: SONY IMX377<br \/>\nLente: F4.53mm f\/2.65, FOV: 92.6\u00b0<br \/>\nIntervalo ISO: 100 \u2013 3200<br \/>\nVelocidade do obturador: 16 \u2013 1\/16000 s<br \/>\nResolu\u00e7\u00e3o de v\u00eddeo: 4K:30fps | 2,7K:60 fps | 1080P:120\/60\/30fps | 720P: 240\/120\/60fps<br \/>\nResolu\u00e7\u00e3o da foto: 4000*3000 (4:3), 3840*2160 (16:9)<br \/>\nTaxa de bits m\u00e1xima de v\u00eddeo: 60 Mbps<br \/>\nFormato da foto: JPEG \/ DNG (RAW)<br \/>\nFormato de v\u00eddeo: MP4\/MOV<br \/>\nCart\u00e3o de mem\u00f3ria suportado: cart\u00e3o microSD com capacidade m\u00e1xima de 128 GB, velocidade de grava\u00e7\u00e3o \u2265 60 MB\/s, recomendado usar Classe 10 ou superior e classifica\u00e7\u00e3o UHS-1<br \/>\nTemperatura de opera\u00e7\u00e3o: 14\u2109 ~ 104\u2109 \/ -10\u2103 \u2013 40\u00b0C<\/p>\n<\/div>\n<\/div>\n<div class=\"pf-c\">\n<div class=\"sc-gUQvok iVVDxu pf-bc971570b2ab-34_\" data-pf-type=\"Column\">\n<h4 class=\"sc-dPiLbb cAoJbW pf-bc971570b2ab-35_\" tabindex=\"0\" spellcheck=\"false\" data-pf-type=\"Heading2\">O que encontrar\u00e1 na caixa?<\/h4>\n<p class=\"sc-bBHHxi fhourC pf-bc971570b2ab-37_\" tabindex=\"0\" spellcheck=\"false\" data-pf-type=\"Paragraph3\">Aeronave x 1<br \/>\nControle remoto x 1<br \/>\nBateria de voo x 1<br \/>\nCarregador x 1<br \/>\nH\u00e9lices x 2 (pares)<br \/>\nC\u00e2mera x 1<br \/>\nLibera\u00e7\u00e3o de isca dupla x 1<br \/>\nBarras flutuantes x 1 (conjunto)<br \/>\nCabo USB-C x 1<br \/>\nCabo de carregamento x 1<br \/>\nAdaptador de energia x 1<br \/>\nBolsa de transporte x 1<\/p>\n<\/div>\n<\/div>\n<\/div>\n<\/div>\n<\/div>","protected":false},"excerpt":{"rendered":"<p>Este \u00e9 o Fisherman Max. O mais novo membro da frota de pesca com drones SwellPro e o mais poderoso. \u00c9 o drone de pesca que os pescadores de todo o mundo esperavam. Porqu\u00ea? Porque pode maximizar todas as suas expectativas de uma verdadeira pesca desportiva.<\/p>\n<ul>\n<li><span style=\"text-decoration: underline;\">Pacotes dispon\u00edveis nas vers\u00f5es B\u00e1sica e Avan\u00e7ada<\/span><\/li>\n<\/ul>","protected":false},"featured_media":11372,"comment_status":"open","ping_status":"closed","template":"","meta":[],"product_brand":[],"product_cat":[29,303,278],"product_tag":[517,428,279],"class_list":{"0":"post-11368","1":"product","2":"type-product","3":"status-publish","4":"has-post-thumbnail","6":"product_cat-drones","7":"product_cat-drones-sweellpro","8":"product_cat-swellpro","9":"product_tag-fisherma-max","10":"product_tag-other-applications","11":"product_tag-swellpro","13":"first","14":"onbackorder","15":"taxable","16":"shipping-taxable","17":"product-type-simple"},"yoast_head":"<!-- This site is optimized with the Yoast SEO plugin v27.1.1 - https:\/\/yoast.com\/product\/yoast-seo-wordpress\/ -->\n<title>Fisherman MAX Heavy Lift (FD2) Fishing Drone -<\/title>\n<meta name=\"description\" content=\"This is Fisherman Max. The newest member in SwellPro drone fishing fleet, and the most powerful one. It\u2019s the fishing drone that anglers all over the world have been waiting for. Why? Because it can maximize all the positive outcomes that a land-based game fishing of lifetime can have.\" \/>\n<meta name=\"robots\" content=\"index, follow, max-snippet:-1, max-image-preview:large, max-video-preview:-1\" \/>\n<link rel=\"canonical\" href=\"https:\/\/www.ghostysky.com\/pt\/produto-2\/fisherman-max-heavy-lift-fishing-drone\/\" \/>\n<meta property=\"og:locale\" content=\"pt_PT\" \/>\n<meta property=\"og:type\" content=\"article\" \/>\n<meta property=\"og:title\" content=\"Fisherman MAX Heavy Lift (FD2) Fishing Drone -\" \/>\n<meta property=\"og:description\" content=\"This is Fisherman Max. The newest member in SwellPro drone fishing fleet, and the most powerful one. It\u2019s the fishing drone that anglers all over the world have been waiting for. Why? Because it can maximize all the positive outcomes that a land-based game fishing of lifetime can have.\" \/>\n<meta property=\"og:url\" content=\"https:\/\/www.ghostysky.com\/pt\/produto-2\/fisherman-max-heavy-lift-fishing-drone\/\" \/>\n<meta property=\"og:site_name\" content=\"Ghostysky\" \/>\n<meta property=\"article:publisher\" content=\"https:\/\/www.facebook.com\/people\/Ghostysky\/100057676170234\/\" \/>\n<meta property=\"article:modified_time\" content=\"2025-10-14T11:27:19+00:00\" \/>\n<meta property=\"og:image\" content=\"https:\/\/www.ghostysky.com\/wp-content\/uploads\/2023\/04\/fisherman-max-main-photo-01_3000x.webp\" \/>\n\t<meta property=\"og:image:width\" content=\"1000\" \/>\n\t<meta property=\"og:image:height\" content=\"1000\" \/>\n\t<meta property=\"og:image:type\" content=\"image\/webp\" \/>\n<meta name=\"twitter:card\" content=\"summary_large_image\" \/>\n<meta name=\"twitter:site\" content=\"@Gh0stysky\" \/>\n<meta name=\"twitter:label1\" content=\"Tempo estimado de leitura\" \/>\n\t<meta name=\"twitter:data1\" content=\"4 minutos\" \/>\n<script type=\"application\/ld+json\" class=\"yoast-schema-graph\">{\"@context\":\"https:\/\/schema.org\",\"@graph\":[{\"@type\":\"WebPage\",\"@id\":\"https:\/\/www.ghostysky.com\/product\/fisherman-max-heavy-lift-fishing-drone\/\",\"url\":\"https:\/\/www.ghostysky.com\/product\/fisherman-max-heavy-lift-fishing-drone\/\",\"name\":\"Fisherman MAX Heavy Lift (FD2) Fishing Drone -\",\"isPartOf\":{\"@id\":\"https:\/\/www.ghostysky.com\/#website\"},\"primaryImageOfPage\":{\"@id\":\"https:\/\/www.ghostysky.com\/product\/fisherman-max-heavy-lift-fishing-drone\/#primaryimage\"},\"image\":{\"@id\":\"https:\/\/www.ghostysky.com\/product\/fisherman-max-heavy-lift-fishing-drone\/#primaryimage\"},\"thumbnailUrl\":\"https:\/\/www.ghostysky.com\/wp-content\/uploads\/2023\/04\/fisherman-max-main-photo-01_3000x.webp\",\"datePublished\":\"2023-04-05T17:36:34+00:00\",\"dateModified\":\"2025-10-14T11:27:19+00:00\",\"description\":\"This is Fisherman Max. The newest member in SwellPro drone fishing fleet, and the most powerful one. It\u2019s the fishing drone that anglers all over the world have been waiting for. Why? Because it can maximize all the positive outcomes that a land-based game fishing of lifetime can have.\",\"breadcrumb\":{\"@id\":\"https:\/\/www.ghostysky.com\/product\/fisherman-max-heavy-lift-fishing-drone\/#breadcrumb\"},\"inLanguage\":\"pt-PT\",\"potentialAction\":[{\"@type\":\"ReadAction\",\"target\":[\"https:\/\/www.ghostysky.com\/product\/fisherman-max-heavy-lift-fishing-drone\/\"]}]},{\"@type\":\"ImageObject\",\"inLanguage\":\"pt-PT\",\"@id\":\"https:\/\/www.ghostysky.com\/product\/fisherman-max-heavy-lift-fishing-drone\/#primaryimage\",\"url\":\"https:\/\/www.ghostysky.com\/wp-content\/uploads\/2023\/04\/fisherman-max-main-photo-01_3000x.webp\",\"contentUrl\":\"https:\/\/www.ghostysky.com\/wp-content\/uploads\/2023\/04\/fisherman-max-main-photo-01_3000x.webp\",\"width\":1000,\"height\":1000},{\"@type\":\"BreadcrumbList\",\"@id\":\"https:\/\/www.ghostysky.com\/product\/fisherman-max-heavy-lift-fishing-drone\/#breadcrumb\",\"itemListElement\":[{\"@type\":\"ListItem\",\"position\":1,\"name\":\"Home\",\"item\":\"https:\/\/www.ghostysky.com\/\"},{\"@type\":\"ListItem\",\"position\":2,\"name\":\"Shop\",\"item\":\"https:\/\/www.ghostysky.com\/shop\/\"},{\"@type\":\"ListItem\",\"position\":3,\"name\":\"Fisherman MAX Heavy Lift (FD2) Fishing Drone\"}]},{\"@type\":\"WebSite\",\"@id\":\"https:\/\/www.ghostysky.com\/#website\",\"url\":\"https:\/\/www.ghostysky.com\/\",\"name\":\"Ghostysky\",\"description\":\"Delivering professional drones and services\",\"publisher\":{\"@id\":\"https:\/\/www.ghostysky.com\/#organization\"},\"potentialAction\":[{\"@type\":\"SearchAction\",\"target\":{\"@type\":\"EntryPoint\",\"urlTemplate\":\"https:\/\/www.ghostysky.com\/?s={search_term_string}\"},\"query-input\":{\"@type\":\"PropertyValueSpecification\",\"valueRequired\":true,\"valueName\":\"search_term_string\"}}],\"inLanguage\":\"pt-PT\"},{\"@type\":\"Organization\",\"@id\":\"https:\/\/www.ghostysky.com\/#organization\",\"name\":\"Ghostysky\",\"url\":\"https:\/\/www.ghostysky.com\/\",\"logo\":{\"@type\":\"ImageObject\",\"inLanguage\":\"pt-PT\",\"@id\":\"https:\/\/www.ghostysky.com\/#\/schema\/logo\/image\/\",\"url\":\"https:\/\/www.ghostysky.com\/wp-content\/uploads\/2020\/06\/cropped-ghostyskylogo_text_white2.png\",\"contentUrl\":\"https:\/\/www.ghostysky.com\/wp-content\/uploads\/2020\/06\/cropped-ghostyskylogo_text_white2.png\",\"width\":169,\"height\":56,\"caption\":\"Ghostysky\"},\"image\":{\"@id\":\"https:\/\/www.ghostysky.com\/#\/schema\/logo\/image\/\"},\"sameAs\":[\"https:\/\/www.facebook.com\/people\/Ghostysky\/100057676170234\/\",\"https:\/\/x.com\/Gh0stysky\",\"https:\/\/www.linkedin.com\/company\/34739653\",\"https:\/\/www.instagram.com\/gh0stysky\"]}]}<\/script>\n<!-- \/ Yoast SEO plugin. -->","yoast_head_json":{"title":"Drone de pesca Fisherman MAX Heavy Lift (FD2) -","description":"Este \u00e9 o Fisherman Max. O mais novo membro da frota de pesca com drones SwellPro e o mais poderoso. \u00c9 o drone de pesca que os pescadores de todo o mundo esperavam. Porqu\u00ea? Porque pode maximizar todas as suas expectativas de uma verdadeira pesca desportiva.","robots":{"index":"index","follow":"follow","max-snippet":"max-snippet:-1","max-image-preview":"max-image-preview:large","max-video-preview":"max-video-preview:-1"},"canonical":"https:\/\/www.ghostysky.com\/pt\/produto-2\/fisherman-max-heavy-lift-fishing-drone\/","og_locale":"pt_PT","og_type":"article","og_title":"Fisherman MAX Heavy Lift (FD2) Fishing Drone -","og_description":"This is Fisherman Max. The newest member in SwellPro drone fishing fleet, and the most powerful one. It\u2019s the fishing drone that anglers all over the world have been waiting for. Why? Because it can maximize all the positive outcomes that a land-based game fishing of lifetime can have.","og_url":"https:\/\/www.ghostysky.com\/pt\/produto-2\/fisherman-max-heavy-lift-fishing-drone\/","og_site_name":"Ghostysky","article_publisher":"https:\/\/www.facebook.com\/people\/Ghostysky\/100057676170234\/","article_modified_time":"2025-10-14T11:27:19+00:00","og_image":[{"width":1000,"height":1000,"url":"https:\/\/www.ghostysky.com\/wp-content\/uploads\/2023\/04\/fisherman-max-main-photo-01_3000x.webp","type":"image\/webp"}],"twitter_card":"summary_large_image","twitter_site":"@Gh0stysky","twitter_misc":{"Tempo estimado de leitura":"4 minutos"},"schema":{"@context":"https:\/\/schema.org","@graph":[{"@type":"WebPage","@id":"https:\/\/www.ghostysky.com\/product\/fisherman-max-heavy-lift-fishing-drone\/","url":"https:\/\/www.ghostysky.com\/product\/fisherman-max-heavy-lift-fishing-drone\/","name":"Drone de pesca Fisherman MAX Heavy Lift (FD2) -","isPartOf":{"@id":"https:\/\/www.ghostysky.com\/#website"},"primaryImageOfPage":{"@id":"https:\/\/www.ghostysky.com\/product\/fisherman-max-heavy-lift-fishing-drone\/#primaryimage"},"image":{"@id":"https:\/\/www.ghostysky.com\/product\/fisherman-max-heavy-lift-fishing-drone\/#primaryimage"},"thumbnailUrl":"https:\/\/www.ghostysky.com\/wp-content\/uploads\/2023\/04\/fisherman-max-main-photo-01_3000x.webp","datePublished":"2023-04-05T17:36:34+00:00","dateModified":"2025-10-14T11:27:19+00:00","description":"Este \u00e9 o Fisherman Max. O mais novo membro da frota de pesca com drones SwellPro e o mais poderoso. \u00c9 o drone de pesca que os pescadores de todo o mundo esperavam. Porqu\u00ea? Porque pode maximizar todas as suas expectativas de uma verdadeira pesca desportiva.","breadcrumb":{"@id":"https:\/\/www.ghostysky.com\/product\/fisherman-max-heavy-lift-fishing-drone\/#breadcrumb"},"inLanguage":"pt-PT","potentialAction":[{"@type":"ReadAction","target":["https:\/\/www.ghostysky.com\/product\/fisherman-max-heavy-lift-fishing-drone\/"]}]},{"@type":"ImageObject","inLanguage":"pt-PT","@id":"https:\/\/www.ghostysky.com\/product\/fisherman-max-heavy-lift-fishing-drone\/#primaryimage","url":"https:\/\/www.ghostysky.com\/wp-content\/uploads\/2023\/04\/fisherman-max-main-photo-01_3000x.webp","contentUrl":"https:\/\/www.ghostysky.com\/wp-content\/uploads\/2023\/04\/fisherman-max-main-photo-01_3000x.webp","width":1000,"height":1000},{"@type":"BreadcrumbList","@id":"https:\/\/www.ghostysky.com\/product\/fisherman-max-heavy-lift-fishing-drone\/#breadcrumb","itemListElement":[{"@type":"ListItem","position":1,"name":"Home","item":"https:\/\/www.ghostysky.com\/"},{"@type":"ListItem","position":2,"name":"Shop","item":"https:\/\/www.ghostysky.com\/shop\/"},{"@type":"ListItem","position":3,"name":"Fisherman MAX Heavy Lift (FD2) Fishing Drone"}]},{"@type":"WebSite","@id":"https:\/\/www.ghostysky.com\/#website","url":"https:\/\/www.ghostysky.com\/","name":"Ghostysky","description":"Fornecendo drones e servi\u00e7os profissionais","publisher":{"@id":"https:\/\/www.ghostysky.com\/#organization"},"potentialAction":[{"@type":"SearchAction","target":{"@type":"EntryPoint","urlTemplate":"https:\/\/www.ghostysky.com\/?s={search_term_string}"},"query-input":{"@type":"PropertyValueSpecification","valueRequired":true,"valueName":"search_term_string"}}],"inLanguage":"pt-PT"},{"@type":"Organization","@id":"https:\/\/www.ghostysky.com\/#organization","name":"Ghostysky","url":"https:\/\/www.ghostysky.com\/","logo":{"@type":"ImageObject","inLanguage":"pt-PT","@id":"https:\/\/www.ghostysky.com\/#\/schema\/logo\/image\/","url":"https:\/\/www.ghostysky.com\/wp-content\/uploads\/2020\/06\/cropped-ghostyskylogo_text_white2.png","contentUrl":"https:\/\/www.ghostysky.com\/wp-content\/uploads\/2020\/06\/cropped-ghostyskylogo_text_white2.png","width":169,"height":56,"caption":"Ghostysky"},"image":{"@id":"https:\/\/www.ghostysky.com\/#\/schema\/logo\/image\/"},"sameAs":["https:\/\/www.facebook.com\/people\/Ghostysky\/100057676170234\/","https:\/\/x.com\/Gh0stysky","https:\/\/www.linkedin.com\/company\/34739653","https:\/\/www.instagram.com\/gh0stysky"]}]}},"_links":{"self":[{"href":"https:\/\/www.ghostysky.com\/pt\/wp-json\/wp\/v2\/product\/11368","targetHints":{"allow":["GET"]}}],"collection":[{"href":"https:\/\/www.ghostysky.com\/pt\/wp-json\/wp\/v2\/product"}],"about":[{"href":"https:\/\/www.ghostysky.com\/pt\/wp-json\/wp\/v2\/types\/product"}],"replies":[{"embeddable":true,"href":"https:\/\/www.ghostysky.com\/pt\/wp-json\/wp\/v2\/comments?post=11368"}],"wp:featuredmedia":[{"embeddable":true,"href":"https:\/\/www.ghostysky.com\/pt\/wp-json\/wp\/v2\/media\/11372"}],"wp:attachment":[{"href":"https:\/\/www.ghostysky.com\/pt\/wp-json\/wp\/v2\/media?parent=11368"}],"wp:term":[{"taxonomy":"product_brand","embeddable":true,"href":"https:\/\/www.ghostysky.com\/pt\/wp-json\/wp\/v2\/product_brand?post=11368"},{"taxonomy":"product_cat","embeddable":true,"href":"https:\/\/www.ghostysky.com\/pt\/wp-json\/wp\/v2\/product_cat?post=11368"},{"taxonomy":"product_tag","embeddable":true,"href":"https:\/\/www.ghostysky.com\/pt\/wp-json\/wp\/v2\/product_tag?post=11368"}],"curies":[{"name":"wp","href":"https:\/\/api.w.org\/{rel}","templated":true}]}}