{"id":11837,"date":"2023-07-23T14:39:13","date_gmt":"2023-07-23T14:39:13","guid":{"rendered":"https:\/\/www.ghostysky.com\/?post_type=product&#038;p=11837"},"modified":"2024-12-18T08:10:48","modified_gmt":"2024-12-18T08:10:48","slug":"e20tvx-pro-for-h520eh850","status":"publish","type":"product","link":"https:\/\/www.ghostysky.com\/pt\/product\/e20tvx-pro-for-h520eh850\/","title":{"rendered":"E20TVX-PRO para H520E&amp;H850"},"content":{"rendered":"<p><strong>SOLU\u00c7\u00c3O DE IMAGEM T\u00c9RMICA IP-X4 PARA H520E&amp;H850\u00a0<\/strong><\/p>\n<p>Nossa nova c\u00e2mera E20TVX-PRO NETD para o H520E &amp; H850 vem em resolu\u00e7\u00e3o de 640\u00d7512 e com a capacidade de<br \/>\ncapturar dados de temperatura para avalia\u00e7\u00e3o quantitativa. A c\u00e2mera RGB de luz residual tem uma sensibilidade 20x maior<br \/>\ndo que o olho humano e captura imagens de alta qualidade, mesmo em condi\u00e7\u00f5es de pouca luz. \u00c9 pequeno, leve e gra\u00e7as<br \/>\n\u00e0 sua alta sensibilidade; \u00e9 uma ferramenta confi\u00e1vel que reconhece claramente os objetos alvo em detalhes.<\/p>\n<p>&nbsp;<\/p>\n<p><strong>TOTALMENTE RADIOM\u00c9TRICO<\/strong><\/p>\n<p>Gra\u00e7as \u00e0 tecnologia radiom\u00e9trica, o E20TVX-PRO pode medir a temperatura de uma \u00e1rea interpretando a intensidade de um sinal infravermelho que chega \u00e0 c\u00e2mera.<br \/>\nEle coleta os dados de cada pixel da imagem, que podem ser facilmente carregados em um software padr\u00e3o para an\u00e1lises e relat\u00f3rios adicionais e precisos.<\/p>","protected":false},"excerpt":{"rendered":"<p><strong>Caracter\u00edsticas principais:<\/strong><\/p>\n<ul>\n<li>Zoom digital 8x<\/li>\n<li>IPX4<\/li>\n<li>Alta sensibilidade para reconhecimento de alvos, de forma clara e detalhada.<\/li>\n<li>Medi\u00e7\u00e3o de temperatura detalhada e precisa para cada pixel.<\/li>\n<li>Paletas de cores ajust\u00e1veis aos requisitos da tarefa.<\/li>\n<li>Modos de ganho ajust\u00e1veis para alterar a faixa de temperatura medida.<\/li>\n<li>An\u00e1lise precisa p\u00f3s-voo com dados quantific\u00e1veis.<\/li>\n<li>Adequado para tarefas relacionadas com a Inspec\u00e7\u00e3o (edif\u00edcios, pain\u00e9is solares e linhas el\u00e9ctricas), Busca e Salvamento, Combate a Inc\u00eandios e Aplica\u00e7\u00e3o da Lei.<\/li>\n<li><strong>C\u00e2mera \u00e9 compat\u00edvel com H520E e H850<\/strong><\/li>\n<\/ul>","protected":false},"featured_media":12296,"comment_status":"open","ping_status":"closed","template":"","meta":[],"product_brand":[],"product_cat":[120,29,118],"product_tag":[522,122,125,389,59,121],"class_list":{"0":"post-11837","1":"product","2":"type-product","3":"status-publish","4":"has-post-thumbnail","6":"product_cat-yuneec-cameras","7":"product_cat-drones","8":"product_cat-yuneec","9":"product_tag-e20tvx-pro","10":"product_tag-h520e","11":"product_tag-h520e-rtk","12":"product_tag-h850","13":"product_tag-thermal-camera","14":"product_tag-yuneec","16":"first","17":"instock","18":"taxable","19":"shipping-taxable","20":"purchasable","21":"product-type-simple"},"yoast_head":"<!-- This site is optimized with the Yoast SEO plugin v27.1.1 - https:\/\/yoast.com\/product\/yoast-seo-wordpress\/ -->\n<title>E20TVX-PRO for H520E&amp;H850 - Ghostysky<\/title>\n<meta name=\"description\" content=\"E20TVX-PRO is the newest Professional and Thermal camera compatible with Yuneec H520E and H850 drones. Suitable for tasks related to Inspection (buildings, solar panels and powerlines), Search and Rescue, Firefighting and Law enforcement.\" \/>\n<meta name=\"robots\" content=\"index, follow, max-snippet:-1, max-image-preview:large, max-video-preview:-1\" \/>\n<link rel=\"canonical\" href=\"https:\/\/www.ghostysky.com\/pt\/produto-2\/e20tvx-pro-for-h520eh850\/\" \/>\n<meta property=\"og:locale\" content=\"pt_PT\" \/>\n<meta property=\"og:type\" content=\"article\" \/>\n<meta property=\"og:title\" content=\"E20TVX-PRO for H520E&amp;H850 - Ghostysky\" \/>\n<meta property=\"og:description\" content=\"E20TVX-PRO is the newest Professional and Thermal camera compatible with Yuneec H520E and H850 drones. Suitable for tasks related to Inspection (buildings, solar panels and powerlines), Search and Rescue, Firefighting and Law enforcement.\" \/>\n<meta property=\"og:url\" content=\"https:\/\/www.ghostysky.com\/pt\/produto-2\/e20tvx-pro-for-h520eh850\/\" \/>\n<meta property=\"og:site_name\" content=\"Ghostysky\" \/>\n<meta property=\"article:publisher\" content=\"https:\/\/www.facebook.com\/people\/Ghostysky\/100057676170234\/\" \/>\n<meta property=\"article:modified_time\" content=\"2024-12-18T08:10:48+00:00\" \/>\n<meta property=\"og:image\" content=\"https:\/\/www.ghostysky.com\/wp-content\/uploads\/2023\/08\/yuneecE20tvx-ProductMain.jpg\" \/>\n\t<meta property=\"og:image:width\" content=\"1000\" \/>\n\t<meta property=\"og:image:height\" content=\"1000\" \/>\n\t<meta property=\"og:image:type\" content=\"image\/jpeg\" \/>\n<meta name=\"twitter:card\" content=\"summary_large_image\" \/>\n<meta name=\"twitter:site\" content=\"@Gh0stysky\" \/>\n<meta name=\"twitter:label1\" content=\"Tempo estimado de leitura\" \/>\n\t<meta name=\"twitter:data1\" content=\"1 minuto\" \/>\n<script type=\"application\/ld+json\" class=\"yoast-schema-graph\">{\"@context\":\"https:\/\/schema.org\",\"@graph\":[{\"@type\":\"WebPage\",\"@id\":\"https:\/\/www.ghostysky.com\/product\/e20tvx-pro-for-h520eh850\/\",\"url\":\"https:\/\/www.ghostysky.com\/product\/e20tvx-pro-for-h520eh850\/\",\"name\":\"E20TVX-PRO for H520E&H850 - Ghostysky\",\"isPartOf\":{\"@id\":\"https:\/\/www.ghostysky.com\/#website\"},\"primaryImageOfPage\":{\"@id\":\"https:\/\/www.ghostysky.com\/product\/e20tvx-pro-for-h520eh850\/#primaryimage\"},\"image\":{\"@id\":\"https:\/\/www.ghostysky.com\/product\/e20tvx-pro-for-h520eh850\/#primaryimage\"},\"thumbnailUrl\":\"https:\/\/www.ghostysky.com\/wp-content\/uploads\/2023\/08\/yuneecE20tvx-ProductMain.jpg\",\"datePublished\":\"2023-07-23T14:39:13+00:00\",\"dateModified\":\"2024-12-18T08:10:48+00:00\",\"description\":\"E20TVX-PRO is the newest Professional and Thermal camera compatible with Yuneec H520E and H850 drones. Suitable for tasks related to Inspection (buildings, solar panels and powerlines), Search and Rescue, Firefighting and Law enforcement.\",\"breadcrumb\":{\"@id\":\"https:\/\/www.ghostysky.com\/product\/e20tvx-pro-for-h520eh850\/#breadcrumb\"},\"inLanguage\":\"pt-PT\",\"potentialAction\":[{\"@type\":\"ReadAction\",\"target\":[\"https:\/\/www.ghostysky.com\/product\/e20tvx-pro-for-h520eh850\/\"]}]},{\"@type\":\"ImageObject\",\"inLanguage\":\"pt-PT\",\"@id\":\"https:\/\/www.ghostysky.com\/product\/e20tvx-pro-for-h520eh850\/#primaryimage\",\"url\":\"https:\/\/www.ghostysky.com\/wp-content\/uploads\/2023\/08\/yuneecE20tvx-ProductMain.jpg\",\"contentUrl\":\"https:\/\/www.ghostysky.com\/wp-content\/uploads\/2023\/08\/yuneecE20tvx-ProductMain.jpg\",\"width\":1000,\"height\":1000},{\"@type\":\"BreadcrumbList\",\"@id\":\"https:\/\/www.ghostysky.com\/product\/e20tvx-pro-for-h520eh850\/#breadcrumb\",\"itemListElement\":[{\"@type\":\"ListItem\",\"position\":1,\"name\":\"Home\",\"item\":\"https:\/\/www.ghostysky.com\/\"},{\"@type\":\"ListItem\",\"position\":2,\"name\":\"Shop\",\"item\":\"https:\/\/www.ghostysky.com\/shop\/\"},{\"@type\":\"ListItem\",\"position\":3,\"name\":\"E20TVX-PRO for H520E&#038;H850\"}]},{\"@type\":\"WebSite\",\"@id\":\"https:\/\/www.ghostysky.com\/#website\",\"url\":\"https:\/\/www.ghostysky.com\/\",\"name\":\"Ghostysky\",\"description\":\"Delivering professional drones and services\",\"publisher\":{\"@id\":\"https:\/\/www.ghostysky.com\/#organization\"},\"potentialAction\":[{\"@type\":\"SearchAction\",\"target\":{\"@type\":\"EntryPoint\",\"urlTemplate\":\"https:\/\/www.ghostysky.com\/?s={search_term_string}\"},\"query-input\":{\"@type\":\"PropertyValueSpecification\",\"valueRequired\":true,\"valueName\":\"search_term_string\"}}],\"inLanguage\":\"pt-PT\"},{\"@type\":\"Organization\",\"@id\":\"https:\/\/www.ghostysky.com\/#organization\",\"name\":\"Ghostysky\",\"url\":\"https:\/\/www.ghostysky.com\/\",\"logo\":{\"@type\":\"ImageObject\",\"inLanguage\":\"pt-PT\",\"@id\":\"https:\/\/www.ghostysky.com\/#\/schema\/logo\/image\/\",\"url\":\"https:\/\/www.ghostysky.com\/wp-content\/uploads\/2020\/06\/cropped-ghostyskylogo_text_white2.png\",\"contentUrl\":\"https:\/\/www.ghostysky.com\/wp-content\/uploads\/2020\/06\/cropped-ghostyskylogo_text_white2.png\",\"width\":169,\"height\":56,\"caption\":\"Ghostysky\"},\"image\":{\"@id\":\"https:\/\/www.ghostysky.com\/#\/schema\/logo\/image\/\"},\"sameAs\":[\"https:\/\/www.facebook.com\/people\/Ghostysky\/100057676170234\/\",\"https:\/\/x.com\/Gh0stysky\",\"https:\/\/www.linkedin.com\/company\/34739653\",\"https:\/\/www.instagram.com\/gh0stysky\"]}]}<\/script>\n<!-- \/ Yoast SEO plugin. -->","yoast_head_json":{"title":"E20TVX-PRO para H520E e H850 - Ghostysky","description":"E20TVX-PRO \u00e9 a mais nova c\u00e2mera profissional e t\u00e9rmica compat\u00edvel com drones Yuneec H520E e H850. Adequado para tarefas relacionadas com Inspe\u00e7\u00e3o (edif\u00edcios, pain\u00e9is solares e linhas el\u00e9tricas), Busca e Salvamento, Combate a Inc\u00eandios e Aplica\u00e7\u00e3o da Lei.","robots":{"index":"index","follow":"follow","max-snippet":"max-snippet:-1","max-image-preview":"max-image-preview:large","max-video-preview":"max-video-preview:-1"},"canonical":"https:\/\/www.ghostysky.com\/pt\/produto-2\/e20tvx-pro-for-h520eh850\/","og_locale":"pt_PT","og_type":"article","og_title":"E20TVX-PRO for H520E&H850 - Ghostysky","og_description":"E20TVX-PRO is the newest Professional and Thermal camera compatible with Yuneec H520E and H850 drones. Suitable for tasks related to Inspection (buildings, solar panels and powerlines), Search and Rescue, Firefighting and Law enforcement.","og_url":"https:\/\/www.ghostysky.com\/pt\/produto-2\/e20tvx-pro-for-h520eh850\/","og_site_name":"Ghostysky","article_publisher":"https:\/\/www.facebook.com\/people\/Ghostysky\/100057676170234\/","article_modified_time":"2024-12-18T08:10:48+00:00","og_image":[{"width":1000,"height":1000,"url":"https:\/\/www.ghostysky.com\/wp-content\/uploads\/2023\/08\/yuneecE20tvx-ProductMain.jpg","type":"image\/jpeg"}],"twitter_card":"summary_large_image","twitter_site":"@Gh0stysky","twitter_misc":{"Tempo estimado de leitura":"1 minuto"},"schema":{"@context":"https:\/\/schema.org","@graph":[{"@type":"WebPage","@id":"https:\/\/www.ghostysky.com\/product\/e20tvx-pro-for-h520eh850\/","url":"https:\/\/www.ghostysky.com\/product\/e20tvx-pro-for-h520eh850\/","name":"E20TVX-PRO para H520E e H850 - Ghostysky","isPartOf":{"@id":"https:\/\/www.ghostysky.com\/#website"},"primaryImageOfPage":{"@id":"https:\/\/www.ghostysky.com\/product\/e20tvx-pro-for-h520eh850\/#primaryimage"},"image":{"@id":"https:\/\/www.ghostysky.com\/product\/e20tvx-pro-for-h520eh850\/#primaryimage"},"thumbnailUrl":"https:\/\/www.ghostysky.com\/wp-content\/uploads\/2023\/08\/yuneecE20tvx-ProductMain.jpg","datePublished":"2023-07-23T14:39:13+00:00","dateModified":"2024-12-18T08:10:48+00:00","description":"E20TVX-PRO \u00e9 a mais nova c\u00e2mera profissional e t\u00e9rmica compat\u00edvel com drones Yuneec H520E e H850. Adequado para tarefas relacionadas com Inspe\u00e7\u00e3o (edif\u00edcios, pain\u00e9is solares e linhas el\u00e9tricas), Busca e Salvamento, Combate a Inc\u00eandios e Aplica\u00e7\u00e3o da Lei.","breadcrumb":{"@id":"https:\/\/www.ghostysky.com\/product\/e20tvx-pro-for-h520eh850\/#breadcrumb"},"inLanguage":"pt-PT","potentialAction":[{"@type":"ReadAction","target":["https:\/\/www.ghostysky.com\/product\/e20tvx-pro-for-h520eh850\/"]}]},{"@type":"ImageObject","inLanguage":"pt-PT","@id":"https:\/\/www.ghostysky.com\/product\/e20tvx-pro-for-h520eh850\/#primaryimage","url":"https:\/\/www.ghostysky.com\/wp-content\/uploads\/2023\/08\/yuneecE20tvx-ProductMain.jpg","contentUrl":"https:\/\/www.ghostysky.com\/wp-content\/uploads\/2023\/08\/yuneecE20tvx-ProductMain.jpg","width":1000,"height":1000},{"@type":"BreadcrumbList","@id":"https:\/\/www.ghostysky.com\/product\/e20tvx-pro-for-h520eh850\/#breadcrumb","itemListElement":[{"@type":"ListItem","position":1,"name":"Home","item":"https:\/\/www.ghostysky.com\/"},{"@type":"ListItem","position":2,"name":"Shop","item":"https:\/\/www.ghostysky.com\/shop\/"},{"@type":"ListItem","position":3,"name":"E20TVX-PRO for H520E&#038;H850"}]},{"@type":"WebSite","@id":"https:\/\/www.ghostysky.com\/#website","url":"https:\/\/www.ghostysky.com\/","name":"Ghostysky","description":"Fornecendo drones e servi\u00e7os profissionais","publisher":{"@id":"https:\/\/www.ghostysky.com\/#organization"},"potentialAction":[{"@type":"SearchAction","target":{"@type":"EntryPoint","urlTemplate":"https:\/\/www.ghostysky.com\/?s={search_term_string}"},"query-input":{"@type":"PropertyValueSpecification","valueRequired":true,"valueName":"search_term_string"}}],"inLanguage":"pt-PT"},{"@type":"Organization","@id":"https:\/\/www.ghostysky.com\/#organization","name":"Ghostysky","url":"https:\/\/www.ghostysky.com\/","logo":{"@type":"ImageObject","inLanguage":"pt-PT","@id":"https:\/\/www.ghostysky.com\/#\/schema\/logo\/image\/","url":"https:\/\/www.ghostysky.com\/wp-content\/uploads\/2020\/06\/cropped-ghostyskylogo_text_white2.png","contentUrl":"https:\/\/www.ghostysky.com\/wp-content\/uploads\/2020\/06\/cropped-ghostyskylogo_text_white2.png","width":169,"height":56,"caption":"Ghostysky"},"image":{"@id":"https:\/\/www.ghostysky.com\/#\/schema\/logo\/image\/"},"sameAs":["https:\/\/www.facebook.com\/people\/Ghostysky\/100057676170234\/","https:\/\/x.com\/Gh0stysky","https:\/\/www.linkedin.com\/company\/34739653","https:\/\/www.instagram.com\/gh0stysky"]}]}},"_links":{"self":[{"href":"https:\/\/www.ghostysky.com\/pt\/wp-json\/wp\/v2\/product\/11837","targetHints":{"allow":["GET"]}}],"collection":[{"href":"https:\/\/www.ghostysky.com\/pt\/wp-json\/wp\/v2\/product"}],"about":[{"href":"https:\/\/www.ghostysky.com\/pt\/wp-json\/wp\/v2\/types\/product"}],"replies":[{"embeddable":true,"href":"https:\/\/www.ghostysky.com\/pt\/wp-json\/wp\/v2\/comments?post=11837"}],"wp:featuredmedia":[{"embeddable":true,"href":"https:\/\/www.ghostysky.com\/pt\/wp-json\/wp\/v2\/media\/12296"}],"wp:attachment":[{"href":"https:\/\/www.ghostysky.com\/pt\/wp-json\/wp\/v2\/media?parent=11837"}],"wp:term":[{"taxonomy":"product_brand","embeddable":true,"href":"https:\/\/www.ghostysky.com\/pt\/wp-json\/wp\/v2\/product_brand?post=11837"},{"taxonomy":"product_cat","embeddable":true,"href":"https:\/\/www.ghostysky.com\/pt\/wp-json\/wp\/v2\/product_cat?post=11837"},{"taxonomy":"product_tag","embeddable":true,"href":"https:\/\/www.ghostysky.com\/pt\/wp-json\/wp\/v2\/product_tag?post=11837"}],"curies":[{"name":"wp","href":"https:\/\/api.w.org\/{rel}","templated":true}]}}