{"id":11912,"date":"2023-08-02T20:35:07","date_gmt":"2023-08-02T20:35:07","guid":{"rendered":"https:\/\/www.ghostysky.com\/?post_type=product&#038;p=11912"},"modified":"2024-03-17T09:52:54","modified_gmt":"2024-03-17T09:52:54","slug":"agisoft-metashape-standard-node-locked-license-10-licenses-pack","status":"publish","type":"product","link":"https:\/\/www.ghostysky.com\/pt\/product\/agisoft-metashape-standard-node-locked-license-10-licenses-pack\/","title":{"rendered":"Agisoft Metashape Standard, licen\u00e7a Node-Locked, pacote com 10 licen\u00e7as"},"content":{"rendered":"<table>\n<tbody>\n<tr>\n<td style=\"text-align: center;\">\n<div class=\"title\" style=\"text-align: left;\"><strong>Triangula\u00e7\u00e3o fotogram\u00e9trica<\/strong><\/div>\n<\/td>\n<td style=\"text-align: left;\">\n<div class=\"title\"><strong>Gera\u00e7\u00e3o de nuvem de ponto densa<\/strong><\/div>\n<\/td>\n<td style=\"text-align: left;\">\n<div class=\"title\"><strong>Modelo 3D:\u00a0<\/strong><br \/>\n<strong>gera\u00e7\u00e3o e texturiza\u00e7\u00e3o<\/strong><\/div>\n<\/td>\n<td>\n<div class=\"title\" style=\"text-align: left;\"><strong>Panorama\u00a0<\/strong><br \/>\n<strong>costura<\/strong><\/div>\n<\/td>\n<\/tr>\n<tr>\n<td>\n<div class=\"title\"><img decoding=\"async\" title=\"\" src=\"data:image\/gif;base64,R0lGODlhAQABAAAAACH5BAEKAAEALAAAAAABAAEAAAICTAEAOw==\" alt=\"\" class=\"lazyload\" data-src=\"http:\/\/www.agisoft.com\/fileadmin\/templates\/images\/features_01.jpg\"><\/div>\n<\/td>\n<td>\n<div class=\"title\"><img decoding=\"async\" title=\"\" src=\"data:image\/gif;base64,R0lGODlhAQABAAAAACH5BAEKAAEALAAAAAABAAEAAAICTAEAOw==\" alt=\"\" class=\"lazyload\" data-src=\"http:\/\/www.agisoft.com\/fileadmin\/templates\/images\/features_13.jpg\"><\/div>\n<\/td>\n<td>\n<div class=\"title\"><img decoding=\"async\" title=\"\" src=\"data:image\/gif;base64,R0lGODlhAQABAAAAACH5BAEKAAEALAAAAAABAAEAAAICTAEAOw==\" alt=\"\" class=\"lazyload\" data-src=\"http:\/\/www.agisoft.com\/fileadmin\/templates\/images\/features_09.jpg\"><\/div>\n<\/td>\n<td>\n<div class=\"title\"><img decoding=\"async\" title=\"\" src=\"data:image\/gif;base64,R0lGODlhAQABAAAAACH5BAEKAAEALAAAAAABAAEAAAICTAEAOw==\" alt=\"\" class=\"lazyload\" data-src=\"http:\/\/www.agisoft.com\/fileadmin\/templates\/images\/features_11.jpg\"><\/div>\n<\/td>\n<\/tr>\n<tr>\n<td>\n<div class=\"title\">\n<p>Processamento de v\u00e1rios tipos de imagens: a\u00e9reas (nadir, obl\u00edqua) e de curta dist\u00e2ncia.<\/p>\n<p>Autocalibra\u00e7\u00e3o: c\u00e2meras de frame(incluindo olho de peixe), esf\u00e9ricas e cil\u00edndricas.<\/p>\n<p>Suporte a projetos com v\u00e1rias c\u00e2meras.<\/p>\n<\/div>\n<\/td>\n<td>\n<div class=\"title\">\n<p>Edi\u00e7\u00e3o elaborada do modelo para resultados precisos.<\/p>\n<p style=\"text-align: left;\">Exporta\u00e7\u00e3o em formato .LAS para beneficiar do fluxo de trabalho cl\u00e1ssico de processamento de dados pontuais.<\/p>\n<\/div>\n<\/td>\n<td>\n<div class=\"title\">\n<p>V\u00e1rias cenas: s\u00edtios arqueol\u00f3gicos, artefatos, edif\u00edcios, interiores, pessoas, etc.<\/p>\n<p>Carregamento direto de recursos do Sketchfab e exporta\u00e7\u00e3o para v\u00e1rios formatos populares.<\/p>\n<p>Texturas fotorrealistas: suporte a HDR e v\u00e1rios arquivos.<\/p>\n<\/div>\n<\/td>\n<td>\n<div class=\"title\">\n<p>Reconstru\u00e7\u00e3o 3D para dados capturados da mesma posi\u00e7\u00e3o de c\u00e2mera - esta\u00e7\u00e3o de c\u00e2mera, desde que haja pelo menos 2 esta\u00e7\u00f5es de c\u00e2mera presentes.<\/p>\n<p>Jun\u00e7\u00e3o de panorama de 360\u00b0 para dados de uma esta\u00e7\u00e3o de c\u00e2mera.<\/p>\n<\/div>\n<\/td>\n<\/tr>\n<\/tbody>\n<\/table>","protected":false},"excerpt":{"rendered":"<p><strong>-Agisoft Metashape Standard Edition <\/strong>\u00e9 um produto de software aut\u00f4nomo que executa o processamento fotogram\u00e9trico de imagens digitais e gera dados espaciais 3D para serem usados em aplicativos GIS, documenta\u00e7\u00e3o de patrim\u00f4nio cultural e produ\u00e7\u00e3o de efeitos visuais, bem como para medi\u00e7\u00f5es indiretas de objetos de v\u00e1rias escalas. Agisoft Metashape Standard, licen\u00e7a Node-Locked, pacote com 10 licen\u00e7as<\/p>","protected":false},"featured_media":11287,"comment_status":"open","ping_status":"closed","template":"","meta":[],"product_brand":[],"product_cat":[172,31],"product_tag":[173,527],"class_list":{"0":"post-11912","1":"product","2":"type-product","3":"status-publish","4":"has-post-thumbnail","6":"product_cat-agisoft","7":"product_cat-software","8":"product_tag-agisoft","9":"product_tag-agisoft-metashape-standard-edition-nll","11":"first","12":"instock","13":"taxable","14":"shipping-taxable","15":"product-type-simple"},"yoast_head":"<!-- This site is optimized with the Yoast SEO plugin v27.1.1 - https:\/\/yoast.com\/product\/yoast-seo-wordpress\/ -->\n<title>Agisoft Metashape Standard, Node-Locked license, 10 licenses pack<\/title>\n<meta name=\"description\" content=\"Agisoft Metashape Standard Edition is a stand-alone software product that performs photogrammetric processing of digital images and generates 3D spatial data to be used in GIS applications, cultural heritage documentation, and visual effects production as well as for indirect measurements of objects of various scales. Agisoft Metashape Standard Node-Locked 10 licenses pack.\" \/>\n<meta name=\"robots\" content=\"index, follow, max-snippet:-1, max-image-preview:large, max-video-preview:-1\" \/>\n<link rel=\"canonical\" href=\"https:\/\/www.ghostysky.com\/pt\/produto-2\/agisoft-metashape-standard-node-locked-license-10-licenses-pack\/\" \/>\n<meta property=\"og:locale\" content=\"pt_PT\" \/>\n<meta property=\"og:type\" content=\"article\" \/>\n<meta property=\"og:title\" content=\"Agisoft Metashape Standard, Node-Locked license, 10 licenses pack\" \/>\n<meta property=\"og:description\" content=\"Agisoft Metashape Standard Edition is a stand-alone software product that performs photogrammetric processing of digital images and generates 3D spatial data to be used in GIS applications, cultural heritage documentation, and visual effects production as well as for indirect measurements of objects of various scales. Agisoft Metashape Standard Node-Locked 10 licenses pack.\" \/>\n<meta property=\"og:url\" content=\"https:\/\/www.ghostysky.com\/pt\/produto-2\/agisoft-metashape-standard-node-locked-license-10-licenses-pack\/\" \/>\n<meta property=\"og:site_name\" content=\"Ghostysky\" \/>\n<meta property=\"article:publisher\" content=\"https:\/\/www.facebook.com\/people\/Ghostysky\/100057676170234\/\" \/>\n<meta property=\"article:modified_time\" content=\"2024-03-17T09:52:54+00:00\" \/>\n<meta property=\"og:image\" content=\"https:\/\/www.ghostysky.com\/wp-content\/uploads\/2023\/03\/Agisoft-Standard-Edition.jpg\" \/>\n\t<meta property=\"og:image:width\" content=\"798\" \/>\n\t<meta property=\"og:image:height\" content=\"1000\" \/>\n\t<meta property=\"og:image:type\" content=\"image\/jpeg\" \/>\n<meta name=\"twitter:card\" content=\"summary_large_image\" \/>\n<meta name=\"twitter:site\" content=\"@Gh0stysky\" \/>\n<meta name=\"twitter:label1\" content=\"Tempo estimado de leitura\" \/>\n\t<meta name=\"twitter:data1\" content=\"2 minutos\" \/>\n<script type=\"application\/ld+json\" class=\"yoast-schema-graph\">{\"@context\":\"https:\/\/schema.org\",\"@graph\":[{\"@type\":\"WebPage\",\"@id\":\"https:\/\/www.ghostysky.com\/product\/agisoft-metashape-standard-node-locked-license-10-licenses-pack\/\",\"url\":\"https:\/\/www.ghostysky.com\/product\/agisoft-metashape-standard-node-locked-license-10-licenses-pack\/\",\"name\":\"Agisoft Metashape Standard, Node-Locked license, 10 licenses pack\",\"isPartOf\":{\"@id\":\"https:\/\/www.ghostysky.com\/#website\"},\"primaryImageOfPage\":{\"@id\":\"https:\/\/www.ghostysky.com\/product\/agisoft-metashape-standard-node-locked-license-10-licenses-pack\/#primaryimage\"},\"image\":{\"@id\":\"https:\/\/www.ghostysky.com\/product\/agisoft-metashape-standard-node-locked-license-10-licenses-pack\/#primaryimage\"},\"thumbnailUrl\":\"https:\/\/www.ghostysky.com\/wp-content\/uploads\/2023\/03\/Agisoft-Standard-Edition.jpg\",\"datePublished\":\"2023-08-02T20:35:07+00:00\",\"dateModified\":\"2024-03-17T09:52:54+00:00\",\"description\":\"Agisoft Metashape Standard Edition is a stand-alone software product that performs photogrammetric processing of digital images and generates 3D spatial data to be used in GIS applications, cultural heritage documentation, and visual effects production as well as for indirect measurements of objects of various scales. Agisoft Metashape Standard Node-Locked 10 licenses pack.\",\"breadcrumb\":{\"@id\":\"https:\/\/www.ghostysky.com\/product\/agisoft-metashape-standard-node-locked-license-10-licenses-pack\/#breadcrumb\"},\"inLanguage\":\"pt-PT\",\"potentialAction\":[{\"@type\":\"ReadAction\",\"target\":[\"https:\/\/www.ghostysky.com\/product\/agisoft-metashape-standard-node-locked-license-10-licenses-pack\/\"]}]},{\"@type\":\"ImageObject\",\"inLanguage\":\"pt-PT\",\"@id\":\"https:\/\/www.ghostysky.com\/product\/agisoft-metashape-standard-node-locked-license-10-licenses-pack\/#primaryimage\",\"url\":\"https:\/\/www.ghostysky.com\/wp-content\/uploads\/2023\/03\/Agisoft-Standard-Edition.jpg\",\"contentUrl\":\"https:\/\/www.ghostysky.com\/wp-content\/uploads\/2023\/03\/Agisoft-Standard-Edition.jpg\",\"width\":798,\"height\":1000},{\"@type\":\"BreadcrumbList\",\"@id\":\"https:\/\/www.ghostysky.com\/product\/agisoft-metashape-standard-node-locked-license-10-licenses-pack\/#breadcrumb\",\"itemListElement\":[{\"@type\":\"ListItem\",\"position\":1,\"name\":\"Home\",\"item\":\"https:\/\/www.ghostysky.com\/\"},{\"@type\":\"ListItem\",\"position\":2,\"name\":\"Shop\",\"item\":\"https:\/\/www.ghostysky.com\/shop\/\"},{\"@type\":\"ListItem\",\"position\":3,\"name\":\"Agisoft Metashape Standard, Node-Locked license, 10 licenses pack\"}]},{\"@type\":\"WebSite\",\"@id\":\"https:\/\/www.ghostysky.com\/#website\",\"url\":\"https:\/\/www.ghostysky.com\/\",\"name\":\"Ghostysky\",\"description\":\"Delivering professional drones and services\",\"publisher\":{\"@id\":\"https:\/\/www.ghostysky.com\/#organization\"},\"potentialAction\":[{\"@type\":\"SearchAction\",\"target\":{\"@type\":\"EntryPoint\",\"urlTemplate\":\"https:\/\/www.ghostysky.com\/?s={search_term_string}\"},\"query-input\":{\"@type\":\"PropertyValueSpecification\",\"valueRequired\":true,\"valueName\":\"search_term_string\"}}],\"inLanguage\":\"pt-PT\"},{\"@type\":\"Organization\",\"@id\":\"https:\/\/www.ghostysky.com\/#organization\",\"name\":\"Ghostysky\",\"url\":\"https:\/\/www.ghostysky.com\/\",\"logo\":{\"@type\":\"ImageObject\",\"inLanguage\":\"pt-PT\",\"@id\":\"https:\/\/www.ghostysky.com\/#\/schema\/logo\/image\/\",\"url\":\"https:\/\/www.ghostysky.com\/wp-content\/uploads\/2020\/06\/cropped-ghostyskylogo_text_white2.png\",\"contentUrl\":\"https:\/\/www.ghostysky.com\/wp-content\/uploads\/2020\/06\/cropped-ghostyskylogo_text_white2.png\",\"width\":169,\"height\":56,\"caption\":\"Ghostysky\"},\"image\":{\"@id\":\"https:\/\/www.ghostysky.com\/#\/schema\/logo\/image\/\"},\"sameAs\":[\"https:\/\/www.facebook.com\/people\/Ghostysky\/100057676170234\/\",\"https:\/\/x.com\/Gh0stysky\",\"https:\/\/www.linkedin.com\/company\/34739653\",\"https:\/\/www.instagram.com\/gh0stysky\"]}]}<\/script>\n<!-- \/ Yoast SEO plugin. -->","yoast_head_json":{"title":"Agisoft Metashape Standard, licen\u00e7a Node-Locked, pacote com 10 licen\u00e7as","description":"Agisoft Metashape Standard Edition \u00e9 um produto de software independente que realiza processamento fotogram\u00e9trico de imagens digitais e gera dados espaciais 3D para serem usados em aplica\u00e7\u00f5es GIS, documenta\u00e7\u00e3o de patrim\u00f4nio cultural e produ\u00e7\u00e3o de efeitos visuais, bem como para medi\u00e7\u00f5es indiretas de objetos de diversas escalas. Pacote de 10 licen\u00e7as Agisoft Metashape Standard Node-Locked.","robots":{"index":"index","follow":"follow","max-snippet":"max-snippet:-1","max-image-preview":"max-image-preview:large","max-video-preview":"max-video-preview:-1"},"canonical":"https:\/\/www.ghostysky.com\/pt\/produto-2\/agisoft-metashape-standard-node-locked-license-10-licenses-pack\/","og_locale":"pt_PT","og_type":"article","og_title":"Agisoft Metashape Standard, Node-Locked license, 10 licenses pack","og_description":"Agisoft Metashape Standard Edition is a stand-alone software product that performs photogrammetric processing of digital images and generates 3D spatial data to be used in GIS applications, cultural heritage documentation, and visual effects production as well as for indirect measurements of objects of various scales. Agisoft Metashape Standard Node-Locked 10 licenses pack.","og_url":"https:\/\/www.ghostysky.com\/pt\/produto-2\/agisoft-metashape-standard-node-locked-license-10-licenses-pack\/","og_site_name":"Ghostysky","article_publisher":"https:\/\/www.facebook.com\/people\/Ghostysky\/100057676170234\/","article_modified_time":"2024-03-17T09:52:54+00:00","og_image":[{"width":798,"height":1000,"url":"https:\/\/www.ghostysky.com\/wp-content\/uploads\/2023\/03\/Agisoft-Standard-Edition.jpg","type":"image\/jpeg"}],"twitter_card":"summary_large_image","twitter_site":"@Gh0stysky","twitter_misc":{"Tempo estimado de leitura":"2 minutos"},"schema":{"@context":"https:\/\/schema.org","@graph":[{"@type":"WebPage","@id":"https:\/\/www.ghostysky.com\/product\/agisoft-metashape-standard-node-locked-license-10-licenses-pack\/","url":"https:\/\/www.ghostysky.com\/product\/agisoft-metashape-standard-node-locked-license-10-licenses-pack\/","name":"Agisoft Metashape Standard, licen\u00e7a Node-Locked, pacote com 10 licen\u00e7as","isPartOf":{"@id":"https:\/\/www.ghostysky.com\/#website"},"primaryImageOfPage":{"@id":"https:\/\/www.ghostysky.com\/product\/agisoft-metashape-standard-node-locked-license-10-licenses-pack\/#primaryimage"},"image":{"@id":"https:\/\/www.ghostysky.com\/product\/agisoft-metashape-standard-node-locked-license-10-licenses-pack\/#primaryimage"},"thumbnailUrl":"https:\/\/www.ghostysky.com\/wp-content\/uploads\/2023\/03\/Agisoft-Standard-Edition.jpg","datePublished":"2023-08-02T20:35:07+00:00","dateModified":"2024-03-17T09:52:54+00:00","description":"Agisoft Metashape Standard Edition \u00e9 um produto de software independente que realiza processamento fotogram\u00e9trico de imagens digitais e gera dados espaciais 3D para serem usados em aplica\u00e7\u00f5es GIS, documenta\u00e7\u00e3o de patrim\u00f4nio cultural e produ\u00e7\u00e3o de efeitos visuais, bem como para medi\u00e7\u00f5es indiretas de objetos de diversas escalas. Pacote de 10 licen\u00e7as Agisoft Metashape Standard Node-Locked.","breadcrumb":{"@id":"https:\/\/www.ghostysky.com\/product\/agisoft-metashape-standard-node-locked-license-10-licenses-pack\/#breadcrumb"},"inLanguage":"pt-PT","potentialAction":[{"@type":"ReadAction","target":["https:\/\/www.ghostysky.com\/product\/agisoft-metashape-standard-node-locked-license-10-licenses-pack\/"]}]},{"@type":"ImageObject","inLanguage":"pt-PT","@id":"https:\/\/www.ghostysky.com\/product\/agisoft-metashape-standard-node-locked-license-10-licenses-pack\/#primaryimage","url":"https:\/\/www.ghostysky.com\/wp-content\/uploads\/2023\/03\/Agisoft-Standard-Edition.jpg","contentUrl":"https:\/\/www.ghostysky.com\/wp-content\/uploads\/2023\/03\/Agisoft-Standard-Edition.jpg","width":798,"height":1000},{"@type":"BreadcrumbList","@id":"https:\/\/www.ghostysky.com\/product\/agisoft-metashape-standard-node-locked-license-10-licenses-pack\/#breadcrumb","itemListElement":[{"@type":"ListItem","position":1,"name":"Home","item":"https:\/\/www.ghostysky.com\/"},{"@type":"ListItem","position":2,"name":"Shop","item":"https:\/\/www.ghostysky.com\/shop\/"},{"@type":"ListItem","position":3,"name":"Agisoft Metashape Standard, Node-Locked license, 10 licenses pack"}]},{"@type":"WebSite","@id":"https:\/\/www.ghostysky.com\/#website","url":"https:\/\/www.ghostysky.com\/","name":"Ghostysky","description":"Fornecendo drones e servi\u00e7os profissionais","publisher":{"@id":"https:\/\/www.ghostysky.com\/#organization"},"potentialAction":[{"@type":"SearchAction","target":{"@type":"EntryPoint","urlTemplate":"https:\/\/www.ghostysky.com\/?s={search_term_string}"},"query-input":{"@type":"PropertyValueSpecification","valueRequired":true,"valueName":"search_term_string"}}],"inLanguage":"pt-PT"},{"@type":"Organization","@id":"https:\/\/www.ghostysky.com\/#organization","name":"Ghostysky","url":"https:\/\/www.ghostysky.com\/","logo":{"@type":"ImageObject","inLanguage":"pt-PT","@id":"https:\/\/www.ghostysky.com\/#\/schema\/logo\/image\/","url":"https:\/\/www.ghostysky.com\/wp-content\/uploads\/2020\/06\/cropped-ghostyskylogo_text_white2.png","contentUrl":"https:\/\/www.ghostysky.com\/wp-content\/uploads\/2020\/06\/cropped-ghostyskylogo_text_white2.png","width":169,"height":56,"caption":"Ghostysky"},"image":{"@id":"https:\/\/www.ghostysky.com\/#\/schema\/logo\/image\/"},"sameAs":["https:\/\/www.facebook.com\/people\/Ghostysky\/100057676170234\/","https:\/\/x.com\/Gh0stysky","https:\/\/www.linkedin.com\/company\/34739653","https:\/\/www.instagram.com\/gh0stysky"]}]}},"_links":{"self":[{"href":"https:\/\/www.ghostysky.com\/pt\/wp-json\/wp\/v2\/product\/11912","targetHints":{"allow":["GET"]}}],"collection":[{"href":"https:\/\/www.ghostysky.com\/pt\/wp-json\/wp\/v2\/product"}],"about":[{"href":"https:\/\/www.ghostysky.com\/pt\/wp-json\/wp\/v2\/types\/product"}],"replies":[{"embeddable":true,"href":"https:\/\/www.ghostysky.com\/pt\/wp-json\/wp\/v2\/comments?post=11912"}],"wp:featuredmedia":[{"embeddable":true,"href":"https:\/\/www.ghostysky.com\/pt\/wp-json\/wp\/v2\/media\/11287"}],"wp:attachment":[{"href":"https:\/\/www.ghostysky.com\/pt\/wp-json\/wp\/v2\/media?parent=11912"}],"wp:term":[{"taxonomy":"product_brand","embeddable":true,"href":"https:\/\/www.ghostysky.com\/pt\/wp-json\/wp\/v2\/product_brand?post=11912"},{"taxonomy":"product_cat","embeddable":true,"href":"https:\/\/www.ghostysky.com\/pt\/wp-json\/wp\/v2\/product_cat?post=11912"},{"taxonomy":"product_tag","embeddable":true,"href":"https:\/\/www.ghostysky.com\/pt\/wp-json\/wp\/v2\/product_tag?post=11912"}],"curies":[{"name":"wp","href":"https:\/\/api.w.org\/{rel}","templated":true}]}}