{"id":1199,"date":"2020-06-29T08:03:30","date_gmt":"2020-06-29T08:03:30","guid":{"rendered":"http:\/\/stghosty.pt\/?post_type=product&#038;p=1199"},"modified":"2024-01-08T11:24:33","modified_gmt":"2024-01-08T11:24:33","slug":"wingtraone-vtol","status":"publish","type":"product","link":"https:\/\/www.ghostysky.com\/pt\/product\/wingtraone-vtol\/","title":{"rendered":"WingtraOne GENII VTOL"},"content":{"rendered":"<p>O Wingtra GENII PPK VTOL \u00e9 um drone de asa fixa totalmente aut\u00f4nomo projetado especificamente para aplica\u00e7\u00f5es de levantamento de grandes \u00e1reas e dist\u00e2ncias. Totalmente aut\u00f4nomo, o Wingtra permite que um v\u00f4o seja pr\u00e9-planeado atrav\u00e9s do software inteligente WingtraPilot, n\u00e3o sendo praticamente necess\u00e1ria a interven\u00e7\u00e3o do piloto em campo. Apenas atrav\u00e9s de  um bot\u00e3o se coloca o WingtraOne em modo de miss\u00e3o de v\u00f4o, passando a capturar de forma autom\u00e1tica os dados das \u00e1reas pr\u00e9-planeadas.<\/p>\n<p class=\"translation-block\">Por exemplo, num \u00fanico voo de uma hora, o WingtraOne pode cobrir at\u00e9 130 ha (320 ac), o que perfaz cerca de 240 campos de futebol. Isto permite obter Ortos com GSDs abaixo de 1 cm \/ px (0,4 in \/ px) e com uma precis\u00e3o absoluta de at\u00e9 1 cm (0,4 pol.).\nAo contr\u00e1rio de outros drones de asa fixa, o WingraOne pode descolar verticalmente como um quadric\u00f3ptero, mesmo em terrenos muito acidentados. Isto elimina a necessidade de lan\u00e7ar a aeronave manualmente ou usar catapultas, tornando o WingtraOne uma solu\u00e7\u00e3o ideal para projectos em todo o tipo de terrenos.<\/p>\n<p>Com a capacidade de voar at\u00e9 59 minutos, o WingtraOne \u00e9 perfeito para levantamentos de grandes \u00e1reas, de at\u00e9 400ha a 3cm\/px num \u00fanico voo. O WingtraOne VTOL \u00e9 compat\u00edvel com diversas c\u00e2meras, ou payloads: Sony a6100, Sony a6100 Oblique, Sony RX1RII, Micasense RedEdge e Micansense Redegde P.<br \/>\n<br style=\"\u201cline-height: 1;\" \/><strong>Principais especifica\u00e7\u00f5es de precis\u00e3o:<\/strong><\/p>\n<ul>\n<li>At\u00e9 0,7 cm\/px GSD<\/li>\n<li>Precis\u00e3o absoluta de at\u00e9 1 cm<\/li>\n<li>Cobertura de at\u00e9 400ha a 3 cm\/px GSD<\/li>\n<li>Hands-off: verdadeiramente seguro e f\u00e1cil de utilizar<\/li>\n<\/ul>\n<p><strong>O WingtraOne VTOL \u00e9 recomendado para as seguintes aplica\u00e7\u00f5es:<\/strong><\/p>\n<ul>\n<li>Topografia<\/li>\n<li>Agricultura de precis\u00e3o<\/li>\n<li>Inspe\u00e7\u00e3o de infraestruturas<\/li>\n<\/ul>\n<h4>O que inclui o Bundle:<\/h4>\n<ul>\n<li>x1 Drone WingtraOne GEN II<\/li>\n<li>x1 Manga de transporte<\/li>\n<li>x1 Mala de transporte para acess\u00f3rios (pilot box)<\/li>\n<li>x1 Tablet inclu\u00edndo a software de planeamento de voo - WingtraPilot<\/li>\n<li>x1 M\u00f3dulo de telemetria (2,4 Ghz)<\/li>\n<li>x2 Pares de baterias<\/li>\n<li>x1 Carregador de baterias<\/li>\n<li>x1 Anem\u00f4metro<\/li>\n<li>x1 Adaptador de cart\u00e3o SD<\/li>\n<li>x1 Leitor de cart\u00e3o micro SD<\/li>\n<li>x1 Par de suporte laterais<\/li>\n<li>x1 Suporte de base central<\/li>\n<li>x1 Chave de fenda Torx T10<\/li>\n<li>x1 Chave Torx T10<\/li>\n<\/ul>","protected":false},"excerpt":{"rendered":"<p>O WingtraOne GENII \u00e9 um drone profissional VTOL(descolagem e aterragem vertical). Sendo multifuncional possui um conjunto exclusivo de recursos que lhe permite minimizar o tempo de v\u00f4o e aumentar as \u00e1reas de levantamento, diminu\u00edndo desta forma o tempo das equipas em campo e de p\u00f3s-processamento no escrit\u00f3rio. WingtraOne GENII permite levantamentos de alta resolu\u00e7\u00e3o e precis\u00e3o de at\u00e9 1 cm (0,4 pol.)<\/p>\n<hr \/>","protected":false},"featured_media":2924,"comment_status":"open","ping_status":"closed","template":"","meta":[],"product_brand":[],"product_cat":[29,306,36],"product_tag":[425,424,38,423,426,422,41,39,40],"class_list":{"0":"post-1199","1":"product","2":"type-product","3":"status-publish","4":"has-post-thumbnail","6":"product_cat-drones","7":"product_cat-drones-wingtra","8":"product_cat-wingtraone","9":"product_tag-agriculture-field","10":"product_tag-construction","11":"product_tag-drone","12":"product_tag-mining-aggregates","13":"product_tag-researchenvironment","14":"product_tag-surveying-gis","15":"product_tag-vtol","16":"product_tag-wingtra","17":"product_tag-wingtraone","19":"first","20":"instock","21":"taxable","22":"shipping-taxable","23":"product-type-simple"},"yoast_head":"<!-- This site is optimized with the Yoast SEO plugin v27.1.1 - https:\/\/yoast.com\/product\/yoast-seo-wordpress\/ -->\n<title>WingtraOne GENII VTOL -<\/title>\n<meta name=\"description\" content=\"WingtraOne GENII\u00b4s is a professional VTOL (vertical take off and landing) surveying drone. It minimizes your time flight and get more work done.\" \/>\n<meta name=\"robots\" content=\"index, follow, max-snippet:-1, max-image-preview:large, max-video-preview:-1\" \/>\n<link rel=\"canonical\" href=\"https:\/\/www.ghostysky.com\/pt\/produto-2\/wingtraone-vtol\/\" \/>\n<meta property=\"og:locale\" content=\"pt_PT\" \/>\n<meta property=\"og:type\" content=\"article\" \/>\n<meta property=\"og:title\" content=\"WingtraOne GENII VTOL -\" \/>\n<meta property=\"og:description\" content=\"WingtraOne GENII\u00b4s is a professional VTOL (vertical take off and landing) surveying drone. It minimizes your time flight and get more work done.\" \/>\n<meta property=\"og:url\" content=\"https:\/\/www.ghostysky.com\/pt\/produto-2\/wingtraone-vtol\/\" \/>\n<meta property=\"og:site_name\" content=\"Ghostysky\" \/>\n<meta property=\"article:publisher\" content=\"https:\/\/www.facebook.com\/people\/Ghostysky\/100057676170234\/\" \/>\n<meta property=\"article:modified_time\" content=\"2024-01-08T11:24:33+00:00\" \/>\n<meta property=\"og:image\" content=\"https:\/\/www.ghostysky.com\/wp-content\/uploads\/2020\/06\/WingtraGen2.jpg\" \/>\n\t<meta property=\"og:image:width\" content=\"725\" \/>\n\t<meta property=\"og:image:height\" content=\"433\" \/>\n\t<meta property=\"og:image:type\" content=\"image\/jpeg\" \/>\n<meta name=\"twitter:card\" content=\"summary_large_image\" \/>\n<meta name=\"twitter:site\" content=\"@Gh0stysky\" \/>\n<meta name=\"twitter:label1\" content=\"Tempo estimado de leitura\" \/>\n\t<meta name=\"twitter:data1\" content=\"2 minutos\" \/>\n<script type=\"application\/ld+json\" class=\"yoast-schema-graph\">{\"@context\":\"https:\/\/schema.org\",\"@graph\":[{\"@type\":\"WebPage\",\"@id\":\"https:\/\/www.ghostysky.com\/product\/wingtraone-vtol\/\",\"url\":\"https:\/\/www.ghostysky.com\/product\/wingtraone-vtol\/\",\"name\":\"WingtraOne GENII VTOL -\",\"isPartOf\":{\"@id\":\"https:\/\/www.ghostysky.com\/#website\"},\"primaryImageOfPage\":{\"@id\":\"https:\/\/www.ghostysky.com\/product\/wingtraone-vtol\/#primaryimage\"},\"image\":{\"@id\":\"https:\/\/www.ghostysky.com\/product\/wingtraone-vtol\/#primaryimage\"},\"thumbnailUrl\":\"https:\/\/www.ghostysky.com\/wp-content\/uploads\/2020\/06\/WingtraGen2.jpg\",\"datePublished\":\"2020-06-29T08:03:30+00:00\",\"dateModified\":\"2024-01-08T11:24:33+00:00\",\"description\":\"WingtraOne GENII\u00b4s is a professional VTOL (vertical take off and landing) surveying drone. It minimizes your time flight and get more work done.\",\"breadcrumb\":{\"@id\":\"https:\/\/www.ghostysky.com\/product\/wingtraone-vtol\/#breadcrumb\"},\"inLanguage\":\"pt-PT\",\"potentialAction\":[{\"@type\":\"ReadAction\",\"target\":[\"https:\/\/www.ghostysky.com\/product\/wingtraone-vtol\/\"]}]},{\"@type\":\"ImageObject\",\"inLanguage\":\"pt-PT\",\"@id\":\"https:\/\/www.ghostysky.com\/product\/wingtraone-vtol\/#primaryimage\",\"url\":\"https:\/\/www.ghostysky.com\/wp-content\/uploads\/2020\/06\/WingtraGen2.jpg\",\"contentUrl\":\"https:\/\/www.ghostysky.com\/wp-content\/uploads\/2020\/06\/WingtraGen2.jpg\",\"width\":725,\"height\":433},{\"@type\":\"BreadcrumbList\",\"@id\":\"https:\/\/www.ghostysky.com\/product\/wingtraone-vtol\/#breadcrumb\",\"itemListElement\":[{\"@type\":\"ListItem\",\"position\":1,\"name\":\"Home\",\"item\":\"https:\/\/www.ghostysky.com\/\"},{\"@type\":\"ListItem\",\"position\":2,\"name\":\"Shop\",\"item\":\"https:\/\/www.ghostysky.com\/shop\/\"},{\"@type\":\"ListItem\",\"position\":3,\"name\":\"WingtraOne GENII VTOL\"}]},{\"@type\":\"WebSite\",\"@id\":\"https:\/\/www.ghostysky.com\/#website\",\"url\":\"https:\/\/www.ghostysky.com\/\",\"name\":\"Ghostysky\",\"description\":\"Delivering professional drones and services\",\"publisher\":{\"@id\":\"https:\/\/www.ghostysky.com\/#organization\"},\"potentialAction\":[{\"@type\":\"SearchAction\",\"target\":{\"@type\":\"EntryPoint\",\"urlTemplate\":\"https:\/\/www.ghostysky.com\/?s={search_term_string}\"},\"query-input\":{\"@type\":\"PropertyValueSpecification\",\"valueRequired\":true,\"valueName\":\"search_term_string\"}}],\"inLanguage\":\"pt-PT\"},{\"@type\":\"Organization\",\"@id\":\"https:\/\/www.ghostysky.com\/#organization\",\"name\":\"Ghostysky\",\"url\":\"https:\/\/www.ghostysky.com\/\",\"logo\":{\"@type\":\"ImageObject\",\"inLanguage\":\"pt-PT\",\"@id\":\"https:\/\/www.ghostysky.com\/#\/schema\/logo\/image\/\",\"url\":\"https:\/\/www.ghostysky.com\/wp-content\/uploads\/2020\/06\/cropped-ghostyskylogo_text_white2.png\",\"contentUrl\":\"https:\/\/www.ghostysky.com\/wp-content\/uploads\/2020\/06\/cropped-ghostyskylogo_text_white2.png\",\"width\":169,\"height\":56,\"caption\":\"Ghostysky\"},\"image\":{\"@id\":\"https:\/\/www.ghostysky.com\/#\/schema\/logo\/image\/\"},\"sameAs\":[\"https:\/\/www.facebook.com\/people\/Ghostysky\/100057676170234\/\",\"https:\/\/x.com\/Gh0stysky\",\"https:\/\/www.linkedin.com\/company\/34739653\",\"https:\/\/www.instagram.com\/gh0stysky\"]}]}<\/script>\n<!-- \/ Yoast SEO plugin. -->","yoast_head_json":{"title":"WingtraOne GENII VTOL-","description":"WingtraOne GENII \u00e9 um drone profissional de levantamento VTOL (decolagem e pouso vertical). Ele minimiza seu voo temporal e realiza mais trabalho.","robots":{"index":"index","follow":"follow","max-snippet":"max-snippet:-1","max-image-preview":"max-image-preview:large","max-video-preview":"max-video-preview:-1"},"canonical":"https:\/\/www.ghostysky.com\/pt\/produto-2\/wingtraone-vtol\/","og_locale":"pt_PT","og_type":"article","og_title":"WingtraOne GENII VTOL -","og_description":"WingtraOne GENII\u00b4s is a professional VTOL (vertical take off and landing) surveying drone. It minimizes your time flight and get more work done.","og_url":"https:\/\/www.ghostysky.com\/pt\/produto-2\/wingtraone-vtol\/","og_site_name":"Ghostysky","article_publisher":"https:\/\/www.facebook.com\/people\/Ghostysky\/100057676170234\/","article_modified_time":"2024-01-08T11:24:33+00:00","og_image":[{"width":725,"height":433,"url":"https:\/\/www.ghostysky.com\/wp-content\/uploads\/2020\/06\/WingtraGen2.jpg","type":"image\/jpeg"}],"twitter_card":"summary_large_image","twitter_site":"@Gh0stysky","twitter_misc":{"Tempo estimado de leitura":"2 minutos"},"schema":{"@context":"https:\/\/schema.org","@graph":[{"@type":"WebPage","@id":"https:\/\/www.ghostysky.com\/product\/wingtraone-vtol\/","url":"https:\/\/www.ghostysky.com\/product\/wingtraone-vtol\/","name":"WingtraOne GENII VTOL-","isPartOf":{"@id":"https:\/\/www.ghostysky.com\/#website"},"primaryImageOfPage":{"@id":"https:\/\/www.ghostysky.com\/product\/wingtraone-vtol\/#primaryimage"},"image":{"@id":"https:\/\/www.ghostysky.com\/product\/wingtraone-vtol\/#primaryimage"},"thumbnailUrl":"https:\/\/www.ghostysky.com\/wp-content\/uploads\/2020\/06\/WingtraGen2.jpg","datePublished":"2020-06-29T08:03:30+00:00","dateModified":"2024-01-08T11:24:33+00:00","description":"WingtraOne GENII \u00e9 um drone profissional de levantamento VTOL (decolagem e pouso vertical). Ele minimiza seu voo temporal e realiza mais trabalho.","breadcrumb":{"@id":"https:\/\/www.ghostysky.com\/product\/wingtraone-vtol\/#breadcrumb"},"inLanguage":"pt-PT","potentialAction":[{"@type":"ReadAction","target":["https:\/\/www.ghostysky.com\/product\/wingtraone-vtol\/"]}]},{"@type":"ImageObject","inLanguage":"pt-PT","@id":"https:\/\/www.ghostysky.com\/product\/wingtraone-vtol\/#primaryimage","url":"https:\/\/www.ghostysky.com\/wp-content\/uploads\/2020\/06\/WingtraGen2.jpg","contentUrl":"https:\/\/www.ghostysky.com\/wp-content\/uploads\/2020\/06\/WingtraGen2.jpg","width":725,"height":433},{"@type":"BreadcrumbList","@id":"https:\/\/www.ghostysky.com\/product\/wingtraone-vtol\/#breadcrumb","itemListElement":[{"@type":"ListItem","position":1,"name":"Home","item":"https:\/\/www.ghostysky.com\/"},{"@type":"ListItem","position":2,"name":"Shop","item":"https:\/\/www.ghostysky.com\/shop\/"},{"@type":"ListItem","position":3,"name":"WingtraOne GENII VTOL"}]},{"@type":"WebSite","@id":"https:\/\/www.ghostysky.com\/#website","url":"https:\/\/www.ghostysky.com\/","name":"Ghostysky","description":"Fornecendo drones e servi\u00e7os profissionais","publisher":{"@id":"https:\/\/www.ghostysky.com\/#organization"},"potentialAction":[{"@type":"SearchAction","target":{"@type":"EntryPoint","urlTemplate":"https:\/\/www.ghostysky.com\/?s={search_term_string}"},"query-input":{"@type":"PropertyValueSpecification","valueRequired":true,"valueName":"search_term_string"}}],"inLanguage":"pt-PT"},{"@type":"Organization","@id":"https:\/\/www.ghostysky.com\/#organization","name":"Ghostysky","url":"https:\/\/www.ghostysky.com\/","logo":{"@type":"ImageObject","inLanguage":"pt-PT","@id":"https:\/\/www.ghostysky.com\/#\/schema\/logo\/image\/","url":"https:\/\/www.ghostysky.com\/wp-content\/uploads\/2020\/06\/cropped-ghostyskylogo_text_white2.png","contentUrl":"https:\/\/www.ghostysky.com\/wp-content\/uploads\/2020\/06\/cropped-ghostyskylogo_text_white2.png","width":169,"height":56,"caption":"Ghostysky"},"image":{"@id":"https:\/\/www.ghostysky.com\/#\/schema\/logo\/image\/"},"sameAs":["https:\/\/www.facebook.com\/people\/Ghostysky\/100057676170234\/","https:\/\/x.com\/Gh0stysky","https:\/\/www.linkedin.com\/company\/34739653","https:\/\/www.instagram.com\/gh0stysky"]}]}},"_links":{"self":[{"href":"https:\/\/www.ghostysky.com\/pt\/wp-json\/wp\/v2\/product\/1199","targetHints":{"allow":["GET"]}}],"collection":[{"href":"https:\/\/www.ghostysky.com\/pt\/wp-json\/wp\/v2\/product"}],"about":[{"href":"https:\/\/www.ghostysky.com\/pt\/wp-json\/wp\/v2\/types\/product"}],"replies":[{"embeddable":true,"href":"https:\/\/www.ghostysky.com\/pt\/wp-json\/wp\/v2\/comments?post=1199"}],"wp:featuredmedia":[{"embeddable":true,"href":"https:\/\/www.ghostysky.com\/pt\/wp-json\/wp\/v2\/media\/2924"}],"wp:attachment":[{"href":"https:\/\/www.ghostysky.com\/pt\/wp-json\/wp\/v2\/media?parent=1199"}],"wp:term":[{"taxonomy":"product_brand","embeddable":true,"href":"https:\/\/www.ghostysky.com\/pt\/wp-json\/wp\/v2\/product_brand?post=1199"},{"taxonomy":"product_cat","embeddable":true,"href":"https:\/\/www.ghostysky.com\/pt\/wp-json\/wp\/v2\/product_cat?post=1199"},{"taxonomy":"product_tag","embeddable":true,"href":"https:\/\/www.ghostysky.com\/pt\/wp-json\/wp\/v2\/product_tag?post=1199"}],"curies":[{"name":"wp","href":"https:\/\/api.w.org\/{rel}","templated":true}]}}