{"id":1245,"date":"2020-06-29T11:33:06","date_gmt":"2020-06-29T11:33:06","guid":{"rendered":"http:\/\/stghosty.pt\/?post_type=product&#038;p=1245"},"modified":"2023-08-24T08:34:50","modified_gmt":"2023-08-24T08:34:50","slug":"wingtra-micasense-rededge-mx-payload","status":"publish","type":"product","link":"https:\/\/www.ghostysky.com\/pt\/product\/wingtra-micasense-rededge-mx-payload\/","title":{"rendered":"Kit de carga \u00fatil Wingtra Micasense RedEdge-MX"},"content":{"rendered":"<p><strong>O sensor multiespectral padr\u00e3o da ind\u00fastria<\/strong><br \/>\nA c\u00e2mera de espectro total RedEdge-MX permite capturar RGB sem distor\u00e7\u00e3o, NDVI e camadas de \u00edndice de vegeta\u00e7\u00e3o avan\u00e7ado em um \u00fanico v\u00f4o.<\/p>\n<p>Junto com o m\u00f3dulo PPK de alta precis\u00e3o, a c\u00e2mera RedEdge-MX permite a precis\u00e3o de n\u00edvel centim\u00e9trico.<\/p>\n<ul>\n<li>Sensor de 5 bandas espectrais:  Azul, verde, vermelho, RedEdge e infravermelho pr\u00f3ximo (NIR)<\/li>\n<li>Campo de vis\u00e3o horizontal 47,2 graus<\/li>\n<li>GSD mais baixo 6,7 cm \/ px<\/li>\n<li>Precis\u00e3o horizontal absoluta de at\u00e9 8 cm sem GCPs.<\/li>\n<li>Cobertura no menor GSD 120ha a 98 m de altitude<\/li>\n<li>Cobertura a 120 m 150 ha * a 8,2 cm \/ px GSD<\/li>\n<\/ul>","protected":false},"excerpt":{"rendered":"<p><strong>A Micasense RedEdge-MX \u00e9 uma c\u00e2mera multiespectral robusta e profissional, indicada para aplica\u00e7\u00f5es nas \u00e1rea da agricultura de precis\u00e3o tais como como agricultura, silvicultura ou investiga\u00e7\u00e3o ambiental.<\/strong><\/p>\n<hr \/>","protected":false},"featured_media":2919,"comment_status":"open","ping_status":"closed","template":"","meta":[],"product_brand":[],"product_cat":[167,36],"product_tag":[62,68,66,39,40],"class_list":{"0":"post-1245","1":"product","2":"type-product","3":"status-publish","4":"has-post-thumbnail","6":"product_cat-sensors-wingtraone","7":"product_cat-wingtraone","8":"product_tag-camera","9":"product_tag-micasense-rededge-mx","10":"product_tag-multispectral-camera","11":"product_tag-wingtra","12":"product_tag-wingtraone","14":"first","15":"instock","16":"taxable","17":"shipping-taxable","18":"product-type-simple"},"yoast_head":"<!-- This site is optimized with the Yoast SEO plugin v27.1.1 - https:\/\/yoast.com\/product\/yoast-seo-wordpress\/ -->\n<title>Wingtra Micasense RedEdge-MX Payload Kit -<\/title>\n<meta name=\"description\" content=\"The RedEdge-MX is a professional, rugged multispectral sensor for advanced aerial mapping applications like agriculture, forestry or environmental research.\" \/>\n<meta name=\"robots\" content=\"index, follow, max-snippet:-1, max-image-preview:large, max-video-preview:-1\" \/>\n<link rel=\"canonical\" href=\"https:\/\/www.ghostysky.com\/pt\/produto-2\/wingtra-micasense-rededge-mx-payload\/\" \/>\n<meta property=\"og:locale\" content=\"pt_PT\" \/>\n<meta property=\"og:type\" content=\"article\" \/>\n<meta property=\"og:title\" content=\"Wingtra Micasense RedEdge-MX Payload Kit -\" \/>\n<meta property=\"og:description\" content=\"The RedEdge-MX is a professional, rugged multispectral sensor for advanced aerial mapping applications like agriculture, forestry or environmental research.\" \/>\n<meta property=\"og:url\" content=\"https:\/\/www.ghostysky.com\/pt\/produto-2\/wingtra-micasense-rededge-mx-payload\/\" \/>\n<meta property=\"og:site_name\" content=\"Ghostysky\" \/>\n<meta property=\"article:publisher\" content=\"https:\/\/www.facebook.com\/people\/Ghostysky\/100057676170234\/\" \/>\n<meta property=\"article:modified_time\" content=\"2023-08-24T08:34:50+00:00\" \/>\n<meta property=\"og:image\" content=\"https:\/\/www.ghostysky.com\/wp-content\/uploads\/2020\/06\/Rededge.jpg\" \/>\n\t<meta property=\"og:image:width\" content=\"451\" \/>\n\t<meta property=\"og:image:height\" content=\"451\" \/>\n\t<meta property=\"og:image:type\" content=\"image\/jpeg\" \/>\n<meta name=\"twitter:card\" content=\"summary_large_image\" \/>\n<meta name=\"twitter:site\" content=\"@Gh0stysky\" \/>\n<meta name=\"twitter:label1\" content=\"Tempo estimado de leitura\" \/>\n\t<meta name=\"twitter:data1\" content=\"1 minuto\" \/>\n<script type=\"application\/ld+json\" class=\"yoast-schema-graph\">{\"@context\":\"https:\/\/schema.org\",\"@graph\":[{\"@type\":\"WebPage\",\"@id\":\"https:\/\/www.ghostysky.com\/product\/wingtra-micasense-rededge-mx-payload\/\",\"url\":\"https:\/\/www.ghostysky.com\/product\/wingtra-micasense-rededge-mx-payload\/\",\"name\":\"Wingtra Micasense RedEdge-MX Payload Kit -\",\"isPartOf\":{\"@id\":\"https:\/\/www.ghostysky.com\/#website\"},\"primaryImageOfPage\":{\"@id\":\"https:\/\/www.ghostysky.com\/product\/wingtra-micasense-rededge-mx-payload\/#primaryimage\"},\"image\":{\"@id\":\"https:\/\/www.ghostysky.com\/product\/wingtra-micasense-rededge-mx-payload\/#primaryimage\"},\"thumbnailUrl\":\"https:\/\/www.ghostysky.com\/wp-content\/uploads\/2020\/06\/Rededge.jpg\",\"datePublished\":\"2020-06-29T11:33:06+00:00\",\"dateModified\":\"2023-08-24T08:34:50+00:00\",\"description\":\"The RedEdge-MX is a professional, rugged multispectral sensor for advanced aerial mapping applications like agriculture, forestry or environmental research.\",\"breadcrumb\":{\"@id\":\"https:\/\/www.ghostysky.com\/product\/wingtra-micasense-rededge-mx-payload\/#breadcrumb\"},\"inLanguage\":\"pt-PT\",\"potentialAction\":[{\"@type\":\"ReadAction\",\"target\":[\"https:\/\/www.ghostysky.com\/product\/wingtra-micasense-rededge-mx-payload\/\"]}]},{\"@type\":\"ImageObject\",\"inLanguage\":\"pt-PT\",\"@id\":\"https:\/\/www.ghostysky.com\/product\/wingtra-micasense-rededge-mx-payload\/#primaryimage\",\"url\":\"https:\/\/www.ghostysky.com\/wp-content\/uploads\/2020\/06\/Rededge.jpg\",\"contentUrl\":\"https:\/\/www.ghostysky.com\/wp-content\/uploads\/2020\/06\/Rededge.jpg\",\"width\":451,\"height\":451},{\"@type\":\"BreadcrumbList\",\"@id\":\"https:\/\/www.ghostysky.com\/product\/wingtra-micasense-rededge-mx-payload\/#breadcrumb\",\"itemListElement\":[{\"@type\":\"ListItem\",\"position\":1,\"name\":\"Home\",\"item\":\"https:\/\/www.ghostysky.com\/\"},{\"@type\":\"ListItem\",\"position\":2,\"name\":\"Shop\",\"item\":\"https:\/\/www.ghostysky.com\/shop\/\"},{\"@type\":\"ListItem\",\"position\":3,\"name\":\"Wingtra Micasense RedEdge-MX Payload Kit\"}]},{\"@type\":\"WebSite\",\"@id\":\"https:\/\/www.ghostysky.com\/#website\",\"url\":\"https:\/\/www.ghostysky.com\/\",\"name\":\"Ghostysky\",\"description\":\"Delivering professional drones and services\",\"publisher\":{\"@id\":\"https:\/\/www.ghostysky.com\/#organization\"},\"potentialAction\":[{\"@type\":\"SearchAction\",\"target\":{\"@type\":\"EntryPoint\",\"urlTemplate\":\"https:\/\/www.ghostysky.com\/?s={search_term_string}\"},\"query-input\":{\"@type\":\"PropertyValueSpecification\",\"valueRequired\":true,\"valueName\":\"search_term_string\"}}],\"inLanguage\":\"pt-PT\"},{\"@type\":\"Organization\",\"@id\":\"https:\/\/www.ghostysky.com\/#organization\",\"name\":\"Ghostysky\",\"url\":\"https:\/\/www.ghostysky.com\/\",\"logo\":{\"@type\":\"ImageObject\",\"inLanguage\":\"pt-PT\",\"@id\":\"https:\/\/www.ghostysky.com\/#\/schema\/logo\/image\/\",\"url\":\"https:\/\/www.ghostysky.com\/wp-content\/uploads\/2020\/06\/cropped-ghostyskylogo_text_white2.png\",\"contentUrl\":\"https:\/\/www.ghostysky.com\/wp-content\/uploads\/2020\/06\/cropped-ghostyskylogo_text_white2.png\",\"width\":169,\"height\":56,\"caption\":\"Ghostysky\"},\"image\":{\"@id\":\"https:\/\/www.ghostysky.com\/#\/schema\/logo\/image\/\"},\"sameAs\":[\"https:\/\/www.facebook.com\/people\/Ghostysky\/100057676170234\/\",\"https:\/\/x.com\/Gh0stysky\",\"https:\/\/www.linkedin.com\/company\/34739653\",\"https:\/\/www.instagram.com\/gh0stysky\"]}]}<\/script>\n<!-- \/ Yoast SEO plugin. -->","yoast_head_json":{"title":"Kit de carga \u00fatil Wingtra Micasense RedEdge-MX -","description":"A Micasense RedEdge-MX \u00e9 uma c\u00e2mera multiespectral robusta e profissional, indicada para aplica\u00e7\u00f5es nas \u00e1rea da agricultura de precis\u00e3o tais como como agricultura, silvicultura ou investiga\u00e7\u00e3o ambiental.","robots":{"index":"index","follow":"follow","max-snippet":"max-snippet:-1","max-image-preview":"max-image-preview:large","max-video-preview":"max-video-preview:-1"},"canonical":"https:\/\/www.ghostysky.com\/pt\/produto-2\/wingtra-micasense-rededge-mx-payload\/","og_locale":"pt_PT","og_type":"article","og_title":"Wingtra Micasense RedEdge-MX Payload Kit -","og_description":"The RedEdge-MX is a professional, rugged multispectral sensor for advanced aerial mapping applications like agriculture, forestry or environmental research.","og_url":"https:\/\/www.ghostysky.com\/pt\/produto-2\/wingtra-micasense-rededge-mx-payload\/","og_site_name":"Ghostysky","article_publisher":"https:\/\/www.facebook.com\/people\/Ghostysky\/100057676170234\/","article_modified_time":"2023-08-24T08:34:50+00:00","og_image":[{"width":451,"height":451,"url":"https:\/\/www.ghostysky.com\/wp-content\/uploads\/2020\/06\/Rededge.jpg","type":"image\/jpeg"}],"twitter_card":"summary_large_image","twitter_site":"@Gh0stysky","twitter_misc":{"Tempo estimado de leitura":"1 minuto"},"schema":{"@context":"https:\/\/schema.org","@graph":[{"@type":"WebPage","@id":"https:\/\/www.ghostysky.com\/product\/wingtra-micasense-rededge-mx-payload\/","url":"https:\/\/www.ghostysky.com\/product\/wingtra-micasense-rededge-mx-payload\/","name":"Kit de carga \u00fatil Wingtra Micasense RedEdge-MX -","isPartOf":{"@id":"https:\/\/www.ghostysky.com\/#website"},"primaryImageOfPage":{"@id":"https:\/\/www.ghostysky.com\/product\/wingtra-micasense-rededge-mx-payload\/#primaryimage"},"image":{"@id":"https:\/\/www.ghostysky.com\/product\/wingtra-micasense-rededge-mx-payload\/#primaryimage"},"thumbnailUrl":"https:\/\/www.ghostysky.com\/wp-content\/uploads\/2020\/06\/Rededge.jpg","datePublished":"2020-06-29T11:33:06+00:00","dateModified":"2023-08-24T08:34:50+00:00","description":"A Micasense RedEdge-MX \u00e9 uma c\u00e2mera multiespectral robusta e profissional, indicada para aplica\u00e7\u00f5es nas \u00e1rea da agricultura de precis\u00e3o tais como como agricultura, silvicultura ou investiga\u00e7\u00e3o ambiental.","breadcrumb":{"@id":"https:\/\/www.ghostysky.com\/product\/wingtra-micasense-rededge-mx-payload\/#breadcrumb"},"inLanguage":"pt-PT","potentialAction":[{"@type":"ReadAction","target":["https:\/\/www.ghostysky.com\/product\/wingtra-micasense-rededge-mx-payload\/"]}]},{"@type":"ImageObject","inLanguage":"pt-PT","@id":"https:\/\/www.ghostysky.com\/product\/wingtra-micasense-rededge-mx-payload\/#primaryimage","url":"https:\/\/www.ghostysky.com\/wp-content\/uploads\/2020\/06\/Rededge.jpg","contentUrl":"https:\/\/www.ghostysky.com\/wp-content\/uploads\/2020\/06\/Rededge.jpg","width":451,"height":451},{"@type":"BreadcrumbList","@id":"https:\/\/www.ghostysky.com\/product\/wingtra-micasense-rededge-mx-payload\/#breadcrumb","itemListElement":[{"@type":"ListItem","position":1,"name":"Home","item":"https:\/\/www.ghostysky.com\/"},{"@type":"ListItem","position":2,"name":"Shop","item":"https:\/\/www.ghostysky.com\/shop\/"},{"@type":"ListItem","position":3,"name":"Wingtra Micasense RedEdge-MX Payload Kit"}]},{"@type":"WebSite","@id":"https:\/\/www.ghostysky.com\/#website","url":"https:\/\/www.ghostysky.com\/","name":"Ghostysky","description":"Fornecendo drones e servi\u00e7os profissionais","publisher":{"@id":"https:\/\/www.ghostysky.com\/#organization"},"potentialAction":[{"@type":"SearchAction","target":{"@type":"EntryPoint","urlTemplate":"https:\/\/www.ghostysky.com\/?s={search_term_string}"},"query-input":{"@type":"PropertyValueSpecification","valueRequired":true,"valueName":"search_term_string"}}],"inLanguage":"pt-PT"},{"@type":"Organization","@id":"https:\/\/www.ghostysky.com\/#organization","name":"Ghostysky","url":"https:\/\/www.ghostysky.com\/","logo":{"@type":"ImageObject","inLanguage":"pt-PT","@id":"https:\/\/www.ghostysky.com\/#\/schema\/logo\/image\/","url":"https:\/\/www.ghostysky.com\/wp-content\/uploads\/2020\/06\/cropped-ghostyskylogo_text_white2.png","contentUrl":"https:\/\/www.ghostysky.com\/wp-content\/uploads\/2020\/06\/cropped-ghostyskylogo_text_white2.png","width":169,"height":56,"caption":"Ghostysky"},"image":{"@id":"https:\/\/www.ghostysky.com\/#\/schema\/logo\/image\/"},"sameAs":["https:\/\/www.facebook.com\/people\/Ghostysky\/100057676170234\/","https:\/\/x.com\/Gh0stysky","https:\/\/www.linkedin.com\/company\/34739653","https:\/\/www.instagram.com\/gh0stysky"]}]}},"_links":{"self":[{"href":"https:\/\/www.ghostysky.com\/pt\/wp-json\/wp\/v2\/product\/1245","targetHints":{"allow":["GET"]}}],"collection":[{"href":"https:\/\/www.ghostysky.com\/pt\/wp-json\/wp\/v2\/product"}],"about":[{"href":"https:\/\/www.ghostysky.com\/pt\/wp-json\/wp\/v2\/types\/product"}],"replies":[{"embeddable":true,"href":"https:\/\/www.ghostysky.com\/pt\/wp-json\/wp\/v2\/comments?post=1245"}],"wp:featuredmedia":[{"embeddable":true,"href":"https:\/\/www.ghostysky.com\/pt\/wp-json\/wp\/v2\/media\/2919"}],"wp:attachment":[{"href":"https:\/\/www.ghostysky.com\/pt\/wp-json\/wp\/v2\/media?parent=1245"}],"wp:term":[{"taxonomy":"product_brand","embeddable":true,"href":"https:\/\/www.ghostysky.com\/pt\/wp-json\/wp\/v2\/product_brand?post=1245"},{"taxonomy":"product_cat","embeddable":true,"href":"https:\/\/www.ghostysky.com\/pt\/wp-json\/wp\/v2\/product_cat?post=1245"},{"taxonomy":"product_tag","embeddable":true,"href":"https:\/\/www.ghostysky.com\/pt\/wp-json\/wp\/v2\/product_tag?post=1245"}],"curies":[{"name":"wp","href":"https:\/\/api.w.org\/{rel}","templated":true}]}}