{"id":13234,"date":"2023-09-26T13:22:06","date_gmt":"2023-09-26T13:22:06","guid":{"rendered":"https:\/\/www.ghostysky.com\/?post_type=product&#038;p=13234"},"modified":"2026-03-23T14:35:30","modified_gmt":"2026-03-23T14:35:30","slug":"emlid-reach-rs3","status":"publish","type":"product","link":"https:\/\/www.ghostysky.com\/pt\/product\/emlid-reach-rs3\/","title":{"rendered":"Emlid Reach RS3"},"content":{"rendered":"<h2 class=\"h2-promo d-lg-block d-md-none d-sm-none d-none\">Resultados precisos mesmo com grandes \u00e2ngulos de inclina\u00e7\u00e3o<\/h2>\n<p><a href=\"https:\/\/www.ghostysky.com\/wp-content\/uploads\/2023\/09\/ghostysky-tilt-rs3.webp\"><img fetchpriority=\"high\" decoding=\"async\" class=\"alignnone wp-image-13253 size-large lazyload\" src=\"data:image\/gif;base64,R0lGODlhAQABAAAAACH5BAEKAAEALAAAAAABAAEAAAICTAEAOw==\" alt=\"\" width=\"760\" height=\"1024\" sizes=\"(max-width: 760px) 100vw, 760px\" data-src=\"https:\/\/www.ghostysky.com\/wp-content\/uploads\/2023\/09\/ghostysky-tilt-rs3-760x1024.webp\" data-srcset=\"https:\/\/www.ghostysky.com\/wp-content\/uploads\/2023\/09\/ghostysky-tilt-rs3-760x1024.webp 760w, https:\/\/www.ghostysky.com\/wp-content\/uploads\/2023\/09\/ghostysky-tilt-rs3-223x300.webp 223w, https:\/\/www.ghostysky.com\/wp-content\/uploads\/2023\/09\/ghostysky-tilt-rs3-768x1035.webp 768w, https:\/\/www.ghostysky.com\/wp-content\/uploads\/2023\/09\/ghostysky-tilt-rs3-1139x1536.webp 1139w, https:\/\/www.ghostysky.com\/wp-content\/uploads\/2023\/09\/ghostysky-tilt-rs3-1519x2048.webp 1519w, https:\/\/www.ghostysky.com\/wp-content\/uploads\/2023\/09\/ghostysky-tilt-rs3-9x12.webp 9w, https:\/\/www.ghostysky.com\/wp-content\/uploads\/2023\/09\/ghostysky-tilt-rs3-720x971.webp 720w, https:\/\/www.ghostysky.com\/wp-content\/uploads\/2023\/09\/ghostysky-tilt-rs3-600x809.webp 600w, https:\/\/www.ghostysky.com\/wp-content\/uploads\/2023\/09\/ghostysky-tilt-rs3.webp 1899w\"><\/a><\/p>\n<p>A compensa\u00e7\u00e3o de inclina\u00e7\u00e3o baseada em IMU no Reach RS3 permite fazer medi\u00e7\u00f5es com at\u00e9 60 graus de inclina\u00e7\u00e3o, mantendo uma precis\u00e3o de 20 mm.<\/p>\n<p>O Reach RS3 mede e corrige continuamente a inclina\u00e7\u00e3o em tempo real para mant\u00ea-lo no alvo de forma precisa.<\/p>\n<p>&nbsp;<\/p>\n<h2 class=\"h2-promo survey__title\">Levantamento e implanta\u00e7\u00e3o mais r\u00e1pidos \u2013 <span class=\"op-05\">N\u00e3o h\u00e1 necessidade de verificar a bolha de n\u00edvel<\/span><\/h2>\n<p><div class='wpo_youtube_preview_container'><img src=\"https:\/\/www.ghostysky.com\/wp-content\/cache\/wpo-youtube-thumbnails\/J8h9hTxozFM-maxresdefault.jpg\" class=\"wpo_youtube_preview\" data-video-url=\"https:\/\/www.youtube.com\/embed\/J8h9hTxozFM?feature=oembed\" alt=\"Miniatura do YouTube\" data-iframe-attr=\"{&quot;title&quot;:&quot;Survey and stakeout faster - Emlid RS3&quot;,&quot;width&quot;:&quot;1170&quot;,&quot;height&quot;:&quot;658&quot;,&quot;src&quot;:&quot;https:\\\/\\\/www.youtube.com\\\/embed\\\/J8h9hTxozFM?feature=oembed&quot;,&quot;frameborder&quot;:&quot;0&quot;,&quot;allow&quot;:&quot;accelerometer; autoplay; clipboard-write; encrypted-media; gyroscope; picture-in-picture; web-share&quot;,&quot;referrerpolicy&quot;:&quot;strict-origin-when-cross-origin&quot;,&quot;allowfullscreen&quot;:&quot;&quot;}\"\/><span class=\"wpo_youtube_preview_overlay\"><img src=\"https:\/\/www.ghostysky.com\/wp-content\/plugins\/wp-optimize-premium\/images\/icon\/icons8-youtube-96.svg\" alt=\"\u00cdcone do YouTube\"\/><\/span><\/div><\/p>\n<h2 class=\"h2-promo effortless__title\">F\u00e1cil e robusto \u2013 <span class=\"op-05\">Compensa\u00e7\u00e3o de inclina\u00e7\u00e3o<\/span><\/h2>\n<ul>\n<li><strong>Sem calibra\u00e7\u00e3o<\/strong>\n<ul>\n<li>Calibramos cada unidade individualmente na f\u00e1brica, para que possa colocar o seu Reach RS3 em funcionamento de forma imediata.<\/li>\n<\/ul>\n<\/li>\n<li><strong>Imune a interfer\u00eancias magn\u00e9ticas<\/strong>\n<ul>\n<li>N\u00e3o afetado por campos magn\u00e9ticos, o RS3 oferece uma compensa\u00e7\u00e3o de inclina\u00e7\u00e3o robusta mesmo quando trabalha pr\u00f3ximo a estruturas met\u00e1licas.<\/li>\n<\/ul>\n<\/li>\n<li><strong>Inicializa\u00e7\u00e3o r\u00e1pida<\/strong>\n<ul>\n<li>A inicializa\u00e7\u00e3o da inclina\u00e7\u00e3o pode ser feita atrav\u00e9s de cerca de 20 metros de caminhada ou 10 a 20 segundos de inclina\u00e7\u00e3o. Geralmente pode ser efetuada na caminhada  ao sair do seu carro.<\/li>\n<\/ul>\n<\/li>\n<\/ul>\n<p>&nbsp;<\/p>\n<h2><a href=\"https:\/\/www.ghostysky.com\/wp-content\/uploads\/2023\/09\/ntrip-scaled-1.webp\"><img decoding=\"async\" class=\"alignnone wp-image-13254 size-large lazyload\" src=\"data:image\/gif;base64,R0lGODlhAQABAAAAACH5BAEKAAEALAAAAAABAAEAAAICTAEAOw==\" alt=\"\" width=\"1024\" height=\"647\" sizes=\"(max-width: 1024px) 100vw, 1024px\" data-src=\"https:\/\/www.ghostysky.com\/wp-content\/uploads\/2023\/09\/ntrip-scaled-1-1024x647.webp\" data-srcset=\"https:\/\/www.ghostysky.com\/wp-content\/uploads\/2023\/09\/ntrip-scaled-1-1024x647.webp 1024w, https:\/\/www.ghostysky.com\/wp-content\/uploads\/2023\/09\/ntrip-scaled-1-300x189.webp 300w, https:\/\/www.ghostysky.com\/wp-content\/uploads\/2023\/09\/ntrip-scaled-1-768x485.webp 768w, https:\/\/www.ghostysky.com\/wp-content\/uploads\/2023\/09\/ntrip-scaled-1-1536x970.webp 1536w, https:\/\/www.ghostysky.com\/wp-content\/uploads\/2023\/09\/ntrip-scaled-1-2048x1294.webp 2048w, https:\/\/www.ghostysky.com\/wp-content\/uploads\/2023\/09\/ntrip-scaled-1-18x12.webp 18w, https:\/\/www.ghostysky.com\/wp-content\/uploads\/2023\/09\/ntrip-scaled-1-720x455.webp 720w, https:\/\/www.ghostysky.com\/wp-content\/uploads\/2023\/09\/ntrip-scaled-1-600x379.webp 600w\"><\/a><\/h2>\n<h2>Obtenha corre\u00e7\u00f5es da RENEP, de outro Reach ou base de terceiros<\/h2>\n<p><strong>NTRIP, Base e Rover<\/strong><\/p>\n<p>Trabalhe em RTK com VRS ou uma rede CORS de base \u00fanica. Voc\u00ea<br \/>\ntamb\u00e9m pode conectar outro receptor GNSS como base NTRIP usando Emlid NTRIP Caster.<\/p>\n<p>Qualquer receptor com suporte RTCM3<\/p>\n<p>&nbsp;<\/p>\n<h2>Vem com software para campo e escrit\u00f3rio<\/h2>\n<ul>\n<li><strong>Emlid Flow<\/strong>\n<ul>\n<li>O Emlid Flow gere de forma eficaz todas as tarefas relacionadas  com o campo, incluindo configura\u00e7\u00e3o do receptor, registro RINEX, coleta de dados e implanta\u00e7\u00e3o.<\/li>\n<\/ul>\n<\/li>\n<li><strong>Emlid Flow360<\/strong>\n<ul>\n<li>Voc\u00ea pode aceder aos seus dados dos seus projetos atrav\u00e9s do Emlid Flow 360, baseado na nuvem. Este permite preparar, gerir e exportar os seus projetos a partir de um navegador do seu computador.<\/li>\n<\/ul>\n<\/li>\n<li><strong>Emlid Studio<\/strong>\n<ul>\n<li>Software de p\u00f3s-processamento gratuito Emlid para macOS e Windows.<\/li>\n<\/ul>\n<\/li>\n<li><strong>Emlid Caster<\/strong>\n<ul>\n<li>Conecte at\u00e9 10 rovers \u00e0 sua esta\u00e7\u00e3o base via Internet ou configure sua pr\u00f3pria rede NTRIP com o Emlid Caster.<\/li>\n<\/ul>\n<\/li>\n<\/ul>\n<p>&nbsp;<\/p>\n<h2>Robusto e compacto<\/h2>\n<p><div class='wpo_youtube_preview_container'><img src=\"https:\/\/www.ghostysky.com\/wp-content\/cache\/wpo-youtube-thumbnails\/RqXfHFV1dFs-maxresdefault.jpg\" class=\"wpo_youtube_preview\" data-video-url=\"https:\/\/www.youtube.com\/embed\/RqXfHFV1dFs?feature=oembed\" alt=\"Miniatura do YouTube\" data-iframe-attr=\"{&quot;title&quot;:&quot;Emlid Reach RS3 - Intro&quot;,&quot;width&quot;:&quot;1170&quot;,&quot;height&quot;:&quot;658&quot;,&quot;src&quot;:&quot;https:\\\/\\\/www.youtube.com\\\/embed\\\/RqXfHFV1dFs?feature=oembed&quot;,&quot;frameborder&quot;:&quot;0&quot;,&quot;allow&quot;:&quot;accelerometer; autoplay; clipboard-write; encrypted-media; gyroscope; picture-in-picture; web-share&quot;,&quot;referrerpolicy&quot;:&quot;strict-origin-when-cross-origin&quot;,&quot;allowfullscreen&quot;:&quot;&quot;}\"\/><span class=\"wpo_youtube_preview_overlay\"><img src=\"https:\/\/www.ghostysky.com\/wp-content\/plugins\/wp-optimize-premium\/images\/icon\/icons8-youtube-96.svg\" alt=\"\u00cdcone do YouTube\"\/><\/span><\/div><\/p>\n<p><strong>Dimens\u00f5es<\/strong>: 126 x 126 x 142 mm<br \/>\n<strong>Peso<\/strong>: 950g<\/p>\n<ul>\n<li><strong>IP67<\/strong>\n<ul>\n<li>RS3 \u00e9 \u00e0 prova d'\u00e1gua at\u00e9 uma profundidade de um metro. Os protetores de silicone vedam e protegem completamente todos os conectores contra \u00e1gua e poeira.<\/li>\n<\/ul>\n<\/li>\n<li><strong>Bateria industrial<\/strong>\n<ul>\n<li>A bateria Reach RS3 Li-Ion tem a capacidade de suportar temperaturas altas e baixas, mais de 2.000 ciclos de carga e descarga, isto tudo mantendo a sua capacidade original.<\/li>\n<li>Enquanto outros trocam baterias, o seu Reach continua a funcionar.<\/li>\n<\/ul>\n<\/li>\n<li><strong>-20 a +65 \u00ba\u0421<\/strong>\n<ul>\n<li>Testamos extensivamente o Reach RS3 em condi\u00e7\u00f5es que simulam os invernos mais frios e os ver\u00f5es mais quentes.<\/li>\n<\/ul>\n<\/li>\n<li><strong>Impacto resistente<\/strong>\n<ul>\n<li>O corpo do Reach RS3 \u00e9 feito de policarbonato e revestido com elast\u00f4mero. A combina\u00e7\u00e3o destes materiais torna o seu Reach RS3 resistente a quedas e ideal para trabalhar nas condi\u00e7\u00f5es mais adversas.<\/li>\n<\/ul>\n<\/li>\n<\/ul>\n<p>&nbsp;<\/p>\n<h2>No pacote<\/h2>\n<ul>\n<li>1x Reach RS3<\/li>\n<li>1x Antena LoRa<\/li>\n<li>1x Cabo USB<\/li>\n<li>1x Mala de transporte com al\u00e7a<\/li>\n<\/ul>\n<p>&nbsp;<\/p>\n<p><a href=\"https:\/\/files-emlid.s3.eu-central-1.amazonaws.com\/docs\/RS3-Datasheet-UHF.pdf\">Especifica\u00e7\u00f5es t\u00e9cnicas<\/a><\/p>","protected":false},"excerpt":{"rendered":"<h3>Introdu\u00e7\u00e3o ao Emlid Reach RS3: o receptor GNSS de precis\u00e3o incompar\u00e1vel<\/h3>\n<p>Aceda a um novo n\u00edvel de fiabilidade e precis\u00e3o com o Emlid Reach RS3, o receptor GNSS de \u00faltima gera\u00e7\u00e3o projetado para atender aos requisitos de profissionais de topografia, mapeamento e geoespaciais. Esteja voc\u00ea a trabalhar em \u00e1reas tais como constru\u00e7\u00e3o, agricultura, levantamento topogr\u00e1fico ou em qualquer \u00e1rea que dependa de dados de georeferencia\u00e7\u00e3o precisos, o Reach RS3 \u00e9 a ferramenta ideal para obter resultados altamente precisos.<\/p>\n<ul>\n<li><strong>IMU<\/strong>\n<ul>\n<li>6DOF, RTK + 2 mm + 0,3 mm\/\u00b0<\/li>\n<\/ul>\n<\/li>\n<li><strong>GNSS<\/strong>\n<ul>\n<li>GPS\/QZSS, GLONASS L1, L2; Bei Dou B1, B2; Galileu E1, E5<\/li>\n<\/ul>\n<\/li>\n<li><strong>Autonomia<\/strong>\n<ul>\n<li>18 horas com compensa\u00e7\u00e3o de inclina\u00e7\u00e3o<\/li>\n<li>Bateria de \u00edon de l\u00edtio, carregamento USB tipo C<\/li>\n<\/ul>\n<\/li>\n<li><strong>LTE e Wi-Fi<\/strong>\n<ul>\n<li>Para conectar o dispositivo \u00e0 internet<\/li>\n<\/ul>\n<\/li>\n<li><strong>R\u00e1dio de banda dupla<\/strong>\n<ul>\n<li>LoRa 868\/915 MHz para receber e transmitir corre\u00e7\u00f5es<\/li>\n<li>UHF de 450 MHz para receber corre\u00e7\u00f5es<\/li>\n<\/ul>\n<\/li>\n<li><strong>NTRIP e RTCM3<\/strong>\n<ul>\n<li>Protocolos suportados para enviar e receber corre\u00e7\u00f5es<\/li>\n<\/ul>\n<\/li>\n<\/ul>","protected":false},"featured_media":13252,"comment_status":"open","ping_status":"closed","template":"","meta":[],"product_brand":[],"product_cat":[89,365],"product_tag":[58,1027,554],"class_list":{"0":"post-13234","1":"product","2":"type-product","3":"status-publish","4":"has-post-thumbnail","6":"product_cat-emlid","7":"product_cat-receivers-emlid","8":"product_tag-emlid","9":"product_tag-emlid-rs-series","10":"product_tag-emlid-rs3","12":"first","13":"instock","14":"sale","15":"taxable","16":"shipping-taxable","17":"purchasable","18":"product-type-simple"},"yoast_head":"<!-- This site is optimized with the Yoast SEO plugin v27.1.1 - https:\/\/yoast.com\/product\/yoast-seo-wordpress\/ -->\n<title>Emlid Reach RS3 - Ghostysky<\/title>\n<meta name=\"description\" content=\"REACH RS3RTK GNSS receiver with tilt compensationSurvey grade precision,even in hard-to-reach spots: Multi-band base and rover IMU tilt compensation LTE modem Dual-band radio\" \/>\n<meta name=\"robots\" content=\"index, follow, max-snippet:-1, max-image-preview:large, max-video-preview:-1\" \/>\n<link rel=\"canonical\" href=\"https:\/\/www.ghostysky.com\/pt\/produto-2\/emlid-reach-rs3\/\" \/>\n<meta property=\"og:locale\" content=\"pt_PT\" \/>\n<meta property=\"og:type\" content=\"article\" \/>\n<meta property=\"og:title\" content=\"Emlid Reach RS3 - Ghostysky\" \/>\n<meta property=\"og:description\" content=\"REACH RS3RTK GNSS receiver with tilt compensationSurvey grade precision,even in hard-to-reach spots: Multi-band base and rover IMU tilt compensation LTE modem Dual-band radio\" \/>\n<meta property=\"og:url\" content=\"https:\/\/www.ghostysky.com\/pt\/produto-2\/emlid-reach-rs3\/\" \/>\n<meta property=\"og:site_name\" content=\"Ghostysky\" \/>\n<meta property=\"article:publisher\" content=\"https:\/\/www.facebook.com\/people\/Ghostysky\/100057676170234\/\" \/>\n<meta property=\"article:modified_time\" content=\"2026-03-23T14:35:30+00:00\" \/>\n<meta property=\"og:image\" content=\"https:\/\/www.ghostysky.com\/wp-content\/uploads\/2023\/09\/RS3-Ghostysky-2.webp\" \/>\n\t<meta property=\"og:image:width\" content=\"2560\" \/>\n\t<meta property=\"og:image:height\" content=\"2560\" \/>\n\t<meta property=\"og:image:type\" content=\"image\/webp\" \/>\n<meta name=\"twitter:card\" content=\"summary_large_image\" \/>\n<meta name=\"twitter:site\" content=\"@Gh0stysky\" \/>\n<meta name=\"twitter:label1\" content=\"Tempo estimado de leitura\" \/>\n\t<meta name=\"twitter:data1\" content=\"3 minutos\" \/>\n<script type=\"application\/ld+json\" class=\"yoast-schema-graph\">{\"@context\":\"https:\/\/schema.org\",\"@graph\":[{\"@type\":\"WebPage\",\"@id\":\"https:\/\/www.ghostysky.com\/product\/emlid-reach-rs3\/\",\"url\":\"https:\/\/www.ghostysky.com\/product\/emlid-reach-rs3\/\",\"name\":\"Emlid Reach RS3 - Ghostysky\",\"isPartOf\":{\"@id\":\"https:\/\/www.ghostysky.com\/#website\"},\"primaryImageOfPage\":{\"@id\":\"https:\/\/www.ghostysky.com\/product\/emlid-reach-rs3\/#primaryimage\"},\"image\":{\"@id\":\"https:\/\/www.ghostysky.com\/product\/emlid-reach-rs3\/#primaryimage\"},\"thumbnailUrl\":\"https:\/\/www.ghostysky.com\/wp-content\/uploads\/2023\/09\/RS3-Ghostysky-2.webp\",\"datePublished\":\"2023-09-26T13:22:06+00:00\",\"dateModified\":\"2026-03-23T14:35:30+00:00\",\"description\":\"REACH RS3RTK GNSS receiver with tilt compensationSurvey grade precision,even in hard-to-reach spots: Multi-band base and rover IMU tilt compensation LTE modem Dual-band radio\",\"breadcrumb\":{\"@id\":\"https:\/\/www.ghostysky.com\/product\/emlid-reach-rs3\/#breadcrumb\"},\"inLanguage\":\"pt-PT\",\"potentialAction\":[{\"@type\":\"ReadAction\",\"target\":[\"https:\/\/www.ghostysky.com\/product\/emlid-reach-rs3\/\"]}]},{\"@type\":\"ImageObject\",\"inLanguage\":\"pt-PT\",\"@id\":\"https:\/\/www.ghostysky.com\/product\/emlid-reach-rs3\/#primaryimage\",\"url\":\"https:\/\/www.ghostysky.com\/wp-content\/uploads\/2023\/09\/RS3-Ghostysky-2.webp\",\"contentUrl\":\"https:\/\/www.ghostysky.com\/wp-content\/uploads\/2023\/09\/RS3-Ghostysky-2.webp\",\"width\":2560,\"height\":2560},{\"@type\":\"BreadcrumbList\",\"@id\":\"https:\/\/www.ghostysky.com\/product\/emlid-reach-rs3\/#breadcrumb\",\"itemListElement\":[{\"@type\":\"ListItem\",\"position\":1,\"name\":\"Home\",\"item\":\"https:\/\/www.ghostysky.com\/\"},{\"@type\":\"ListItem\",\"position\":2,\"name\":\"Shop\",\"item\":\"https:\/\/www.ghostysky.com\/shop\/\"},{\"@type\":\"ListItem\",\"position\":3,\"name\":\"Emlid Reach RS3\"}]},{\"@type\":\"WebSite\",\"@id\":\"https:\/\/www.ghostysky.com\/#website\",\"url\":\"https:\/\/www.ghostysky.com\/\",\"name\":\"Ghostysky\",\"description\":\"Delivering professional drones and services\",\"publisher\":{\"@id\":\"https:\/\/www.ghostysky.com\/#organization\"},\"potentialAction\":[{\"@type\":\"SearchAction\",\"target\":{\"@type\":\"EntryPoint\",\"urlTemplate\":\"https:\/\/www.ghostysky.com\/?s={search_term_string}\"},\"query-input\":{\"@type\":\"PropertyValueSpecification\",\"valueRequired\":true,\"valueName\":\"search_term_string\"}}],\"inLanguage\":\"pt-PT\"},{\"@type\":\"Organization\",\"@id\":\"https:\/\/www.ghostysky.com\/#organization\",\"name\":\"Ghostysky\",\"url\":\"https:\/\/www.ghostysky.com\/\",\"logo\":{\"@type\":\"ImageObject\",\"inLanguage\":\"pt-PT\",\"@id\":\"https:\/\/www.ghostysky.com\/#\/schema\/logo\/image\/\",\"url\":\"https:\/\/www.ghostysky.com\/wp-content\/uploads\/2020\/06\/cropped-ghostyskylogo_text_white2.png\",\"contentUrl\":\"https:\/\/www.ghostysky.com\/wp-content\/uploads\/2020\/06\/cropped-ghostyskylogo_text_white2.png\",\"width\":169,\"height\":56,\"caption\":\"Ghostysky\"},\"image\":{\"@id\":\"https:\/\/www.ghostysky.com\/#\/schema\/logo\/image\/\"},\"sameAs\":[\"https:\/\/www.facebook.com\/people\/Ghostysky\/100057676170234\/\",\"https:\/\/x.com\/Gh0stysky\",\"https:\/\/www.linkedin.com\/company\/34739653\",\"https:\/\/www.instagram.com\/gh0stysky\"]}]}<\/script>\n<!-- \/ Yoast SEO plugin. -->","yoast_head_json":{"title":"Emlid Reach RS3 - Ghostysky","description":"Receptor REACH RS3RTK GNSS com compensa\u00e7\u00e3o de inclina\u00e7\u00e3o Precis\u00e3o de n\u00edvel de pesquisa, mesmo em locais de dif\u00edcil acesso: base multibanda e rover Modem LTE de compensa\u00e7\u00e3o de inclina\u00e7\u00e3o IMU R\u00e1dio de banda dupla","robots":{"index":"index","follow":"follow","max-snippet":"max-snippet:-1","max-image-preview":"max-image-preview:large","max-video-preview":"max-video-preview:-1"},"canonical":"https:\/\/www.ghostysky.com\/pt\/produto-2\/emlid-reach-rs3\/","og_locale":"pt_PT","og_type":"article","og_title":"Emlid Reach RS3 - Ghostysky","og_description":"REACH RS3RTK GNSS receiver with tilt compensationSurvey grade precision,even in hard-to-reach spots: Multi-band base and rover IMU tilt compensation LTE modem Dual-band radio","og_url":"https:\/\/www.ghostysky.com\/pt\/produto-2\/emlid-reach-rs3\/","og_site_name":"Ghostysky","article_publisher":"https:\/\/www.facebook.com\/people\/Ghostysky\/100057676170234\/","article_modified_time":"2026-03-23T14:35:30+00:00","og_image":[{"width":2560,"height":2560,"url":"https:\/\/www.ghostysky.com\/wp-content\/uploads\/2023\/09\/RS3-Ghostysky-2.webp","type":"image\/webp"}],"twitter_card":"summary_large_image","twitter_site":"@Gh0stysky","twitter_misc":{"Tempo estimado de leitura":"3 minutos"},"schema":{"@context":"https:\/\/schema.org","@graph":[{"@type":"WebPage","@id":"https:\/\/www.ghostysky.com\/product\/emlid-reach-rs3\/","url":"https:\/\/www.ghostysky.com\/product\/emlid-reach-rs3\/","name":"Emlid Reach RS3 - Ghostysky","isPartOf":{"@id":"https:\/\/www.ghostysky.com\/#website"},"primaryImageOfPage":{"@id":"https:\/\/www.ghostysky.com\/product\/emlid-reach-rs3\/#primaryimage"},"image":{"@id":"https:\/\/www.ghostysky.com\/product\/emlid-reach-rs3\/#primaryimage"},"thumbnailUrl":"https:\/\/www.ghostysky.com\/wp-content\/uploads\/2023\/09\/RS3-Ghostysky-2.webp","datePublished":"2023-09-26T13:22:06+00:00","dateModified":"2026-03-23T14:35:30+00:00","description":"Receptor REACH RS3RTK GNSS com compensa\u00e7\u00e3o de inclina\u00e7\u00e3o Precis\u00e3o de n\u00edvel de pesquisa, mesmo em locais de dif\u00edcil acesso: base multibanda e rover Modem LTE de compensa\u00e7\u00e3o de inclina\u00e7\u00e3o IMU R\u00e1dio de banda dupla","breadcrumb":{"@id":"https:\/\/www.ghostysky.com\/product\/emlid-reach-rs3\/#breadcrumb"},"inLanguage":"pt-PT","potentialAction":[{"@type":"ReadAction","target":["https:\/\/www.ghostysky.com\/product\/emlid-reach-rs3\/"]}]},{"@type":"ImageObject","inLanguage":"pt-PT","@id":"https:\/\/www.ghostysky.com\/product\/emlid-reach-rs3\/#primaryimage","url":"https:\/\/www.ghostysky.com\/wp-content\/uploads\/2023\/09\/RS3-Ghostysky-2.webp","contentUrl":"https:\/\/www.ghostysky.com\/wp-content\/uploads\/2023\/09\/RS3-Ghostysky-2.webp","width":2560,"height":2560},{"@type":"BreadcrumbList","@id":"https:\/\/www.ghostysky.com\/product\/emlid-reach-rs3\/#breadcrumb","itemListElement":[{"@type":"ListItem","position":1,"name":"Home","item":"https:\/\/www.ghostysky.com\/"},{"@type":"ListItem","position":2,"name":"Shop","item":"https:\/\/www.ghostysky.com\/shop\/"},{"@type":"ListItem","position":3,"name":"Emlid Reach RS3"}]},{"@type":"WebSite","@id":"https:\/\/www.ghostysky.com\/#website","url":"https:\/\/www.ghostysky.com\/","name":"Ghostysky","description":"Fornecendo drones e servi\u00e7os profissionais","publisher":{"@id":"https:\/\/www.ghostysky.com\/#organization"},"potentialAction":[{"@type":"SearchAction","target":{"@type":"EntryPoint","urlTemplate":"https:\/\/www.ghostysky.com\/?s={search_term_string}"},"query-input":{"@type":"PropertyValueSpecification","valueRequired":true,"valueName":"search_term_string"}}],"inLanguage":"pt-PT"},{"@type":"Organization","@id":"https:\/\/www.ghostysky.com\/#organization","name":"Ghostysky","url":"https:\/\/www.ghostysky.com\/","logo":{"@type":"ImageObject","inLanguage":"pt-PT","@id":"https:\/\/www.ghostysky.com\/#\/schema\/logo\/image\/","url":"https:\/\/www.ghostysky.com\/wp-content\/uploads\/2020\/06\/cropped-ghostyskylogo_text_white2.png","contentUrl":"https:\/\/www.ghostysky.com\/wp-content\/uploads\/2020\/06\/cropped-ghostyskylogo_text_white2.png","width":169,"height":56,"caption":"Ghostysky"},"image":{"@id":"https:\/\/www.ghostysky.com\/#\/schema\/logo\/image\/"},"sameAs":["https:\/\/www.facebook.com\/people\/Ghostysky\/100057676170234\/","https:\/\/x.com\/Gh0stysky","https:\/\/www.linkedin.com\/company\/34739653","https:\/\/www.instagram.com\/gh0stysky"]}]}},"_links":{"self":[{"href":"https:\/\/www.ghostysky.com\/pt\/wp-json\/wp\/v2\/product\/13234","targetHints":{"allow":["GET"]}}],"collection":[{"href":"https:\/\/www.ghostysky.com\/pt\/wp-json\/wp\/v2\/product"}],"about":[{"href":"https:\/\/www.ghostysky.com\/pt\/wp-json\/wp\/v2\/types\/product"}],"replies":[{"embeddable":true,"href":"https:\/\/www.ghostysky.com\/pt\/wp-json\/wp\/v2\/comments?post=13234"}],"wp:featuredmedia":[{"embeddable":true,"href":"https:\/\/www.ghostysky.com\/pt\/wp-json\/wp\/v2\/media\/13252"}],"wp:attachment":[{"href":"https:\/\/www.ghostysky.com\/pt\/wp-json\/wp\/v2\/media?parent=13234"}],"wp:term":[{"taxonomy":"product_brand","embeddable":true,"href":"https:\/\/www.ghostysky.com\/pt\/wp-json\/wp\/v2\/product_brand?post=13234"},{"taxonomy":"product_cat","embeddable":true,"href":"https:\/\/www.ghostysky.com\/pt\/wp-json\/wp\/v2\/product_cat?post=13234"},{"taxonomy":"product_tag","embeddable":true,"href":"https:\/\/www.ghostysky.com\/pt\/wp-json\/wp\/v2\/product_tag?post=13234"}],"curies":[{"name":"wp","href":"https:\/\/api.w.org\/{rel}","templated":true}]}}