{"id":13354,"date":"2023-10-26T19:42:28","date_gmt":"2023-10-26T19:42:28","guid":{"rendered":"https:\/\/www.ghostysky.com\/?post_type=product&#038;p=13354"},"modified":"2024-10-24T12:40:19","modified_gmt":"2024-10-24T12:40:19","slug":"landing-pad-in-pu-65cm-square-shape-polyurethane-leather","status":"publish","type":"product","link":"https:\/\/www.ghostysky.com\/pt\/product\/landing-pad-in-pu-65cm-square-shape-polyurethane-leather\/","title":{"rendered":"Plataforma aterragem quadrada \u2013 65x65cm (couro poliuretano)"},"content":{"rendered":"<p><a href=\"https:\/\/www.ghostysky.com\/wp-content\/uploads\/2023\/10\/LD65_PP_1.jpg\"><img fetchpriority=\"high\" decoding=\"async\" class=\"alignnone wp-image-13361 size-full lazyload\" src=\"data:image\/gif;base64,R0lGODlhAQABAAAAACH5BAEKAAEALAAAAAABAAEAAAICTAEAOw==\" alt=\"\" width=\"800\" height=\"1163\" sizes=\"(max-width: 800px) 100vw, 800px\" data-src=\"https:\/\/www.ghostysky.com\/wp-content\/uploads\/2023\/10\/LD65_PP_1.jpg\" data-srcset=\"https:\/\/www.ghostysky.com\/wp-content\/uploads\/2023\/10\/LD65_PP_1.jpg 800w, https:\/\/www.ghostysky.com\/wp-content\/uploads\/2023\/10\/LD65_PP_1-206x300.jpg 206w, https:\/\/www.ghostysky.com\/wp-content\/uploads\/2023\/10\/LD65_PP_1-704x1024.jpg 704w, https:\/\/www.ghostysky.com\/wp-content\/uploads\/2023\/10\/LD65_PP_1-768x1116.jpg 768w, https:\/\/www.ghostysky.com\/wp-content\/uploads\/2023\/10\/LD65_PP_1-8x12.jpg 8w, https:\/\/www.ghostysky.com\/wp-content\/uploads\/2023\/10\/LD65_PP_1-720x1047.jpg 720w, https:\/\/www.ghostysky.com\/wp-content\/uploads\/2023\/10\/LD65_PP_1-600x872.jpg 600w\"><\/a>\u00a0 <a href=\"https:\/\/www.ghostysky.com\/wp-content\/uploads\/2023\/10\/LD65_PP_2.webp\"><img decoding=\"async\" class=\"alignnone wp-image-13360 size-full lazyload\" src=\"data:image\/gif;base64,R0lGODlhAQABAAAAACH5BAEKAAEALAAAAAABAAEAAAICTAEAOw==\" alt=\"\" width=\"800\" height=\"1073\" sizes=\"(max-width: 800px) 100vw, 800px\" data-src=\"https:\/\/www.ghostysky.com\/wp-content\/uploads\/2023\/10\/LD65_PP_2.webp\" data-srcset=\"https:\/\/www.ghostysky.com\/wp-content\/uploads\/2023\/10\/LD65_PP_2.webp 800w, https:\/\/www.ghostysky.com\/wp-content\/uploads\/2023\/10\/LD65_PP_2-224x300.webp 224w, https:\/\/www.ghostysky.com\/wp-content\/uploads\/2023\/10\/LD65_PP_2-763x1024.webp 763w, https:\/\/www.ghostysky.com\/wp-content\/uploads\/2023\/10\/LD65_PP_2-768x1030.webp 768w, https:\/\/www.ghostysky.com\/wp-content\/uploads\/2023\/10\/LD65_PP_2-9x12.webp 9w, https:\/\/www.ghostysky.com\/wp-content\/uploads\/2023\/10\/LD65_PP_2-720x966.webp 720w, https:\/\/www.ghostysky.com\/wp-content\/uploads\/2023\/10\/LD65_PP_2-600x805.webp 600w\"><\/a>\u00a0 <a href=\"https:\/\/www.ghostysky.com\/wp-content\/uploads\/2023\/10\/LD65_PP_3.jpg\"><img decoding=\"async\" class=\"alignnone wp-image-13359 size-full lazyload\" src=\"data:image\/gif;base64,R0lGODlhAQABAAAAACH5BAEKAAEALAAAAAABAAEAAAICTAEAOw==\" alt=\"\" width=\"800\" height=\"1270\" sizes=\"(max-width: 800px) 100vw, 800px\" data-src=\"https:\/\/www.ghostysky.com\/wp-content\/uploads\/2023\/10\/LD65_PP_3.jpg\" data-srcset=\"https:\/\/www.ghostysky.com\/wp-content\/uploads\/2023\/10\/LD65_PP_3.jpg 800w, https:\/\/www.ghostysky.com\/wp-content\/uploads\/2023\/10\/LD65_PP_3-189x300.jpg 189w, https:\/\/www.ghostysky.com\/wp-content\/uploads\/2023\/10\/LD65_PP_3-645x1024.jpg 645w, https:\/\/www.ghostysky.com\/wp-content\/uploads\/2023\/10\/LD65_PP_3-768x1219.jpg 768w, https:\/\/www.ghostysky.com\/wp-content\/uploads\/2023\/10\/LD65_PP_3-8x12.jpg 8w, https:\/\/www.ghostysky.com\/wp-content\/uploads\/2023\/10\/LD65_PP_3-720x1143.jpg 720w, https:\/\/www.ghostysky.com\/wp-content\/uploads\/2023\/10\/LD65_PP_3-600x953.jpg 600w\"><\/a><a href=\"https:\/\/www.ghostysky.com\/wp-content\/uploads\/2023\/10\/LD65_PP_4.jpg\"><img loading=\"lazy\" decoding=\"async\" class=\"alignnone wp-image-13358 size-full lazyload\" src=\"data:image\/gif;base64,R0lGODlhAQABAAAAACH5BAEKAAEALAAAAAABAAEAAAICTAEAOw==\" alt=\"\" width=\"800\" height=\"1533\" sizes=\"(max-width: 800px) 100vw, 800px\" data-src=\"https:\/\/www.ghostysky.com\/wp-content\/uploads\/2023\/10\/LD65_PP_4.jpg\" data-srcset=\"https:\/\/www.ghostysky.com\/wp-content\/uploads\/2023\/10\/LD65_PP_4.jpg 800w, https:\/\/www.ghostysky.com\/wp-content\/uploads\/2023\/10\/LD65_PP_4-157x300.jpg 157w, https:\/\/www.ghostysky.com\/wp-content\/uploads\/2023\/10\/LD65_PP_4-534x1024.jpg 534w, https:\/\/www.ghostysky.com\/wp-content\/uploads\/2023\/10\/LD65_PP_4-768x1472.jpg 768w, https:\/\/www.ghostysky.com\/wp-content\/uploads\/2023\/10\/LD65_PP_4-6x12.jpg 6w, https:\/\/www.ghostysky.com\/wp-content\/uploads\/2023\/10\/LD65_PP_4-720x1380.jpg 720w, https:\/\/www.ghostysky.com\/wp-content\/uploads\/2023\/10\/LD65_PP_4-600x1150.jpg 600w\"><\/a><a href=\"https:\/\/www.ghostysky.com\/wp-content\/uploads\/2023\/10\/LD65_PP_5.jpg\"><img loading=\"lazy\" decoding=\"async\" class=\"alignnone wp-image-13357 size-full lazyload\" src=\"data:image\/gif;base64,R0lGODlhAQABAAAAACH5BAEKAAEALAAAAAABAAEAAAICTAEAOw==\" alt=\"\" width=\"800\" height=\"1600\" sizes=\"(max-width: 800px) 100vw, 800px\" data-src=\"https:\/\/www.ghostysky.com\/wp-content\/uploads\/2023\/10\/LD65_PP_5.jpg\" data-srcset=\"https:\/\/www.ghostysky.com\/wp-content\/uploads\/2023\/10\/LD65_PP_5.jpg 800w, https:\/\/www.ghostysky.com\/wp-content\/uploads\/2023\/10\/LD65_PP_5-150x300.jpg 150w, https:\/\/www.ghostysky.com\/wp-content\/uploads\/2023\/10\/LD65_PP_5-512x1024.jpg 512w, https:\/\/www.ghostysky.com\/wp-content\/uploads\/2023\/10\/LD65_PP_5-768x1536.jpg 768w, https:\/\/www.ghostysky.com\/wp-content\/uploads\/2023\/10\/LD65_PP_5-6x12.jpg 6w, https:\/\/www.ghostysky.com\/wp-content\/uploads\/2023\/10\/LD65_PP_5-720x1440.jpg 720w, https:\/\/www.ghostysky.com\/wp-content\/uploads\/2023\/10\/LD65_PP_5-600x1200.jpg 600w\"><\/a><a href=\"https:\/\/www.ghostysky.com\/wp-content\/uploads\/2023\/10\/LD65_PP_7.jpg\"><img loading=\"lazy\" decoding=\"async\" class=\"alignnone wp-image-13355 size-full lazyload\" src=\"data:image\/gif;base64,R0lGODlhAQABAAAAACH5BAEKAAEALAAAAAABAAEAAAICTAEAOw==\" alt=\"\" width=\"800\" height=\"1117\" sizes=\"(max-width: 800px) 100vw, 800px\" data-src=\"https:\/\/www.ghostysky.com\/wp-content\/uploads\/2023\/10\/LD65_PP_7.jpg\" data-srcset=\"https:\/\/www.ghostysky.com\/wp-content\/uploads\/2023\/10\/LD65_PP_7.jpg 800w, https:\/\/www.ghostysky.com\/wp-content\/uploads\/2023\/10\/LD65_PP_7-215x300.jpg 215w, https:\/\/www.ghostysky.com\/wp-content\/uploads\/2023\/10\/LD65_PP_7-733x1024.jpg 733w, https:\/\/www.ghostysky.com\/wp-content\/uploads\/2023\/10\/LD65_PP_7-768x1072.jpg 768w, https:\/\/www.ghostysky.com\/wp-content\/uploads\/2023\/10\/LD65_PP_7-9x12.jpg 9w, https:\/\/www.ghostysky.com\/wp-content\/uploads\/2023\/10\/LD65_PP_7-720x1005.jpg 720w, https:\/\/www.ghostysky.com\/wp-content\/uploads\/2023\/10\/LD65_PP_7-600x838.jpg 600w\"><\/a><\/p>","protected":false},"excerpt":{"rendered":"<p class=\"translation-block\">Plataforma de aterragem para drone em couro de poliuretano, uma plataforma de aterragem <strong>de coloca\u00e7\u00e3o r\u00e1pida e desdobr\u00e1vel de 65 cm (25 polegadas)<\/strong> para drones Yuneec, DJI, Autel, Swellpro e entre outros.<\/p>","protected":false},"featured_media":13367,"comment_status":"open","ping_status":"closed","template":"","meta":[],"product_brand":[],"product_cat":[461,559],"product_tag":[561,563,568],"class_list":{"0":"post-13354","1":"product","2":"type-product","3":"status-publish","4":"has-post-thumbnail","6":"product_cat-accessories-2","7":"product_cat-landing-pad-gcp-gound-targets","8":"product_tag-65cm","9":"product_tag-landing-pad","10":"product_tag-pu","12":"first","13":"instock","14":"taxable","15":"shipping-taxable","16":"purchasable","17":"product-type-simple"},"yoast_head":"<!-- This site is optimized with the Yoast SEO plugin v27.4 - https:\/\/yoast.com\/product\/yoast-seo-wordpress\/ -->\n<title>Square shape Landing Pad - 65x65cm (Polyurethane leather)<\/title>\n<meta name=\"description\" content=\"Landing pad in polyurethane leather with 65cm x 65cm, waterproof and foldable, very easy to spot and could be the perfect home point for takoff and landing for your drone.\" \/>\n<meta name=\"robots\" content=\"index, follow, max-snippet:-1, max-image-preview:large, max-video-preview:-1\" \/>\n<link rel=\"canonical\" href=\"https:\/\/www.ghostysky.com\/pt\/produto-2\/landing-pad-in-pu-65cm-square-shape-polyurethane-leather\/\" \/>\n<meta property=\"og:locale\" content=\"pt_PT\" \/>\n<meta property=\"og:type\" content=\"article\" \/>\n<meta property=\"og:title\" content=\"Square shape Landing Pad - 65x65cm (Polyurethane leather)\" \/>\n<meta property=\"og:description\" content=\"Landing pad in polyurethane leather with 65cm x 65cm, waterproof and foldable, very easy to spot and could be the perfect home point for takoff and landing for your drone.\" \/>\n<meta property=\"og:url\" content=\"https:\/\/www.ghostysky.com\/pt\/produto-2\/landing-pad-in-pu-65cm-square-shape-polyurethane-leather\/\" \/>\n<meta property=\"og:site_name\" content=\"Ghostysky\" \/>\n<meta property=\"article:publisher\" content=\"https:\/\/www.facebook.com\/people\/Ghostysky\/100057676170234\/\" \/>\n<meta property=\"article:modified_time\" content=\"2024-10-24T12:40:19+00:00\" \/>\n<meta property=\"og:image\" content=\"https:\/\/www.ghostysky.com\/wp-content\/uploads\/2023\/10\/STRC_LP_65cm_2.webp\" \/>\n\t<meta property=\"og:image:width\" content=\"800\" \/>\n\t<meta property=\"og:image:height\" content=\"800\" \/>\n\t<meta property=\"og:image:type\" content=\"image\/webp\" \/>\n<meta name=\"twitter:card\" content=\"summary_large_image\" \/>\n<meta name=\"twitter:site\" content=\"@Gh0stysky\" \/>\n<meta name=\"twitter:label1\" content=\"Tempo estimado de leitura\" \/>\n\t<meta name=\"twitter:data1\" content=\"2 minutos\" \/>\n<script type=\"application\/ld+json\" class=\"yoast-schema-graph\">{\"@context\":\"https:\\\/\\\/schema.org\",\"@graph\":[{\"@type\":\"WebPage\",\"@id\":\"https:\\\/\\\/www.ghostysky.com\\\/product\\\/landing-pad-in-pu-65cm-square-shape-polyurethane-leather\\\/\",\"url\":\"https:\\\/\\\/www.ghostysky.com\\\/product\\\/landing-pad-in-pu-65cm-square-shape-polyurethane-leather\\\/\",\"name\":\"Square shape Landing Pad - 65x65cm (Polyurethane leather)\",\"isPartOf\":{\"@id\":\"https:\\\/\\\/www.ghostysky.com\\\/#website\"},\"primaryImageOfPage\":{\"@id\":\"https:\\\/\\\/www.ghostysky.com\\\/product\\\/landing-pad-in-pu-65cm-square-shape-polyurethane-leather\\\/#primaryimage\"},\"image\":{\"@id\":\"https:\\\/\\\/www.ghostysky.com\\\/product\\\/landing-pad-in-pu-65cm-square-shape-polyurethane-leather\\\/#primaryimage\"},\"thumbnailUrl\":\"https:\\\/\\\/www.ghostysky.com\\\/wp-content\\\/uploads\\\/2023\\\/10\\\/STRC_LP_65cm_2.webp\",\"datePublished\":\"2023-10-26T19:42:28+00:00\",\"dateModified\":\"2024-10-24T12:40:19+00:00\",\"description\":\"Landing pad in polyurethane leather with 65cm x 65cm, waterproof and foldable, very easy to spot and could be the perfect home point for takoff and landing for your drone.\",\"breadcrumb\":{\"@id\":\"https:\\\/\\\/www.ghostysky.com\\\/product\\\/landing-pad-in-pu-65cm-square-shape-polyurethane-leather\\\/#breadcrumb\"},\"inLanguage\":\"pt-PT\",\"potentialAction\":[{\"@type\":\"ReadAction\",\"target\":[\"https:\\\/\\\/www.ghostysky.com\\\/product\\\/landing-pad-in-pu-65cm-square-shape-polyurethane-leather\\\/\"]}]},{\"@type\":\"ImageObject\",\"inLanguage\":\"pt-PT\",\"@id\":\"https:\\\/\\\/www.ghostysky.com\\\/product\\\/landing-pad-in-pu-65cm-square-shape-polyurethane-leather\\\/#primaryimage\",\"url\":\"https:\\\/\\\/www.ghostysky.com\\\/wp-content\\\/uploads\\\/2023\\\/10\\\/STRC_LP_65cm_2.webp\",\"contentUrl\":\"https:\\\/\\\/www.ghostysky.com\\\/wp-content\\\/uploads\\\/2023\\\/10\\\/STRC_LP_65cm_2.webp\",\"width\":800,\"height\":800},{\"@type\":\"BreadcrumbList\",\"@id\":\"https:\\\/\\\/www.ghostysky.com\\\/product\\\/landing-pad-in-pu-65cm-square-shape-polyurethane-leather\\\/#breadcrumb\",\"itemListElement\":[{\"@type\":\"ListItem\",\"position\":1,\"name\":\"Home\",\"item\":\"https:\\\/\\\/www.ghostysky.com\\\/\"},{\"@type\":\"ListItem\",\"position\":2,\"name\":\"Shop\",\"item\":\"https:\\\/\\\/www.ghostysky.com\\\/shop\\\/\"},{\"@type\":\"ListItem\",\"position\":3,\"name\":\"Square shape Landing Pad &#8211; 65x65cm (Polyurethane leather)\"}]},{\"@type\":\"WebSite\",\"@id\":\"https:\\\/\\\/www.ghostysky.com\\\/#website\",\"url\":\"https:\\\/\\\/www.ghostysky.com\\\/\",\"name\":\"Ghostysky\",\"description\":\"Delivering professional drones and services\",\"publisher\":{\"@id\":\"https:\\\/\\\/www.ghostysky.com\\\/#organization\"},\"potentialAction\":[{\"@type\":\"SearchAction\",\"target\":{\"@type\":\"EntryPoint\",\"urlTemplate\":\"https:\\\/\\\/www.ghostysky.com\\\/?s={search_term_string}\"},\"query-input\":{\"@type\":\"PropertyValueSpecification\",\"valueRequired\":true,\"valueName\":\"search_term_string\"}}],\"inLanguage\":\"pt-PT\"},{\"@type\":\"Organization\",\"@id\":\"https:\\\/\\\/www.ghostysky.com\\\/#organization\",\"name\":\"Ghostysky\",\"url\":\"https:\\\/\\\/www.ghostysky.com\\\/\",\"logo\":{\"@type\":\"ImageObject\",\"inLanguage\":\"pt-PT\",\"@id\":\"https:\\\/\\\/www.ghostysky.com\\\/#\\\/schema\\\/logo\\\/image\\\/\",\"url\":\"https:\\\/\\\/www.ghostysky.com\\\/wp-content\\\/uploads\\\/2020\\\/06\\\/cropped-ghostyskylogo_text_white2.png\",\"contentUrl\":\"https:\\\/\\\/www.ghostysky.com\\\/wp-content\\\/uploads\\\/2020\\\/06\\\/cropped-ghostyskylogo_text_white2.png\",\"width\":169,\"height\":56,\"caption\":\"Ghostysky\"},\"image\":{\"@id\":\"https:\\\/\\\/www.ghostysky.com\\\/#\\\/schema\\\/logo\\\/image\\\/\"},\"sameAs\":[\"https:\\\/\\\/www.facebook.com\\\/people\\\/Ghostysky\\\/100057676170234\\\/\",\"https:\\\/\\\/x.com\\\/Gh0stysky\",\"https:\\\/\\\/www.linkedin.com\\\/company\\\/34739653\",\"https:\\\/\\\/www.instagram.com\\\/gh0stysky\"]}]}<\/script>\n<!-- \/ Yoast SEO plugin. -->","yoast_head_json":{"title":"Almofada de pouso quadrada - 65x65cm (couro poliuretano)","description":"Almofada de pouso em couro poliuretano com 65cm x 65cm, imperme\u00e1vel e dobr\u00e1vel, muito f\u00e1cil de localizar e pode ser o ponto de partida perfeito para decolagem e pouso do seu drone.","robots":{"index":"index","follow":"follow","max-snippet":"max-snippet:-1","max-image-preview":"max-image-preview:large","max-video-preview":"max-video-preview:-1"},"canonical":"https:\/\/www.ghostysky.com\/pt\/produto-2\/landing-pad-in-pu-65cm-square-shape-polyurethane-leather\/","og_locale":"pt_PT","og_type":"article","og_title":"Square shape Landing Pad - 65x65cm (Polyurethane leather)","og_description":"Landing pad in polyurethane leather with 65cm x 65cm, waterproof and foldable, very easy to spot and could be the perfect home point for takoff and landing for your drone.","og_url":"https:\/\/www.ghostysky.com\/pt\/produto-2\/landing-pad-in-pu-65cm-square-shape-polyurethane-leather\/","og_site_name":"Ghostysky","article_publisher":"https:\/\/www.facebook.com\/people\/Ghostysky\/100057676170234\/","article_modified_time":"2024-10-24T12:40:19+00:00","og_image":[{"width":800,"height":800,"url":"https:\/\/www.ghostysky.com\/wp-content\/uploads\/2023\/10\/STRC_LP_65cm_2.webp","type":"image\/webp"}],"twitter_card":"summary_large_image","twitter_site":"@Gh0stysky","twitter_misc":{"Tempo estimado de leitura":"2 minutos"},"schema":{"@context":"https:\/\/schema.org","@graph":[{"@type":"WebPage","@id":"https:\/\/www.ghostysky.com\/product\/landing-pad-in-pu-65cm-square-shape-polyurethane-leather\/","url":"https:\/\/www.ghostysky.com\/product\/landing-pad-in-pu-65cm-square-shape-polyurethane-leather\/","name":"Almofada de pouso quadrada - 65x65cm (couro poliuretano)","isPartOf":{"@id":"https:\/\/www.ghostysky.com\/#website"},"primaryImageOfPage":{"@id":"https:\/\/www.ghostysky.com\/product\/landing-pad-in-pu-65cm-square-shape-polyurethane-leather\/#primaryimage"},"image":{"@id":"https:\/\/www.ghostysky.com\/product\/landing-pad-in-pu-65cm-square-shape-polyurethane-leather\/#primaryimage"},"thumbnailUrl":"https:\/\/www.ghostysky.com\/wp-content\/uploads\/2023\/10\/STRC_LP_65cm_2.webp","datePublished":"2023-10-26T19:42:28+00:00","dateModified":"2024-10-24T12:40:19+00:00","description":"Almofada de pouso em couro poliuretano com 65cm x 65cm, imperme\u00e1vel e dobr\u00e1vel, muito f\u00e1cil de localizar e pode ser o ponto de partida perfeito para decolagem e pouso do seu drone.","breadcrumb":{"@id":"https:\/\/www.ghostysky.com\/product\/landing-pad-in-pu-65cm-square-shape-polyurethane-leather\/#breadcrumb"},"inLanguage":"pt-PT","potentialAction":[{"@type":"ReadAction","target":["https:\/\/www.ghostysky.com\/product\/landing-pad-in-pu-65cm-square-shape-polyurethane-leather\/"]}]},{"@type":"ImageObject","inLanguage":"pt-PT","@id":"https:\/\/www.ghostysky.com\/product\/landing-pad-in-pu-65cm-square-shape-polyurethane-leather\/#primaryimage","url":"https:\/\/www.ghostysky.com\/wp-content\/uploads\/2023\/10\/STRC_LP_65cm_2.webp","contentUrl":"https:\/\/www.ghostysky.com\/wp-content\/uploads\/2023\/10\/STRC_LP_65cm_2.webp","width":800,"height":800},{"@type":"BreadcrumbList","@id":"https:\/\/www.ghostysky.com\/product\/landing-pad-in-pu-65cm-square-shape-polyurethane-leather\/#breadcrumb","itemListElement":[{"@type":"ListItem","position":1,"name":"Home","item":"https:\/\/www.ghostysky.com\/"},{"@type":"ListItem","position":2,"name":"Shop","item":"https:\/\/www.ghostysky.com\/shop\/"},{"@type":"ListItem","position":3,"name":"Square shape Landing Pad &#8211; 65x65cm (Polyurethane leather)"}]},{"@type":"WebSite","@id":"https:\/\/www.ghostysky.com\/#website","url":"https:\/\/www.ghostysky.com\/","name":"Ghostysky","description":"Fornecendo drones e servi\u00e7os profissionais","publisher":{"@id":"https:\/\/www.ghostysky.com\/#organization"},"potentialAction":[{"@type":"SearchAction","target":{"@type":"EntryPoint","urlTemplate":"https:\/\/www.ghostysky.com\/?s={search_term_string}"},"query-input":{"@type":"PropertyValueSpecification","valueRequired":true,"valueName":"search_term_string"}}],"inLanguage":"pt-PT"},{"@type":"Organization","@id":"https:\/\/www.ghostysky.com\/#organization","name":"Ghostysky","url":"https:\/\/www.ghostysky.com\/","logo":{"@type":"ImageObject","inLanguage":"pt-PT","@id":"https:\/\/www.ghostysky.com\/#\/schema\/logo\/image\/","url":"https:\/\/www.ghostysky.com\/wp-content\/uploads\/2020\/06\/cropped-ghostyskylogo_text_white2.png","contentUrl":"https:\/\/www.ghostysky.com\/wp-content\/uploads\/2020\/06\/cropped-ghostyskylogo_text_white2.png","width":169,"height":56,"caption":"Ghostysky"},"image":{"@id":"https:\/\/www.ghostysky.com\/#\/schema\/logo\/image\/"},"sameAs":["https:\/\/www.facebook.com\/people\/Ghostysky\/100057676170234\/","https:\/\/x.com\/Gh0stysky","https:\/\/www.linkedin.com\/company\/34739653","https:\/\/www.instagram.com\/gh0stysky"]}]}},"_links":{"self":[{"href":"https:\/\/www.ghostysky.com\/pt\/wp-json\/wp\/v2\/product\/13354","targetHints":{"allow":["GET"]}}],"collection":[{"href":"https:\/\/www.ghostysky.com\/pt\/wp-json\/wp\/v2\/product"}],"about":[{"href":"https:\/\/www.ghostysky.com\/pt\/wp-json\/wp\/v2\/types\/product"}],"replies":[{"embeddable":true,"href":"https:\/\/www.ghostysky.com\/pt\/wp-json\/wp\/v2\/comments?post=13354"}],"version-history":[{"count":0,"href":"https:\/\/www.ghostysky.com\/pt\/wp-json\/wp\/v2\/product\/13354\/revisions"}],"wp:featuredmedia":[{"embeddable":true,"href":"https:\/\/www.ghostysky.com\/pt\/wp-json\/wp\/v2\/media\/13367"}],"wp:attachment":[{"href":"https:\/\/www.ghostysky.com\/pt\/wp-json\/wp\/v2\/media?parent=13354"}],"wp:term":[{"taxonomy":"product_brand","embeddable":true,"href":"https:\/\/www.ghostysky.com\/pt\/wp-json\/wp\/v2\/product_brand?post=13354"},{"taxonomy":"product_cat","embeddable":true,"href":"https:\/\/www.ghostysky.com\/pt\/wp-json\/wp\/v2\/product_cat?post=13354"},{"taxonomy":"product_tag","embeddable":true,"href":"https:\/\/www.ghostysky.com\/pt\/wp-json\/wp\/v2\/product_tag?post=13354"}],"curies":[{"name":"wp","href":"https:\/\/api.w.org\/{rel}","templated":true}]}}