{"id":13369,"date":"2023-10-26T20:10:46","date_gmt":"2023-10-26T20:10:46","guid":{"rendered":"https:\/\/www.ghostysky.com\/?post_type=product&#038;p=13369"},"modified":"2024-02-28T09:46:43","modified_gmt":"2024-02-28T09:46:43","slug":"landing-pad-of-80cm-round-shape","status":"publish","type":"product","link":"https:\/\/www.ghostysky.com\/pt\/product\/landing-pad-of-80cm-round-shape\/","title":{"rendered":"Plataforma de aterragem redonda com 80cm (Tecido Oxford)"},"content":{"rendered":"<p><a href=\"https:\/\/www.ghostysky.com\/wp-content\/uploads\/2023\/10\/STRC_PP_80cm_1.jpg\"><img fetchpriority=\"high\" decoding=\"async\" class=\"alignnone wp-image-13379 size-full lazyload\" src=\"data:image\/gif;base64,R0lGODlhAQABAAAAACH5BAEKAAEALAAAAAABAAEAAAICTAEAOw==\" alt=\"\" width=\"800\" height=\"742\" sizes=\"(max-width: 800px) 100vw, 800px\" data-src=\"https:\/\/www.ghostysky.com\/wp-content\/uploads\/2023\/10\/STRC_PP_80cm_1.jpg\" data-srcset=\"https:\/\/www.ghostysky.com\/wp-content\/uploads\/2023\/10\/STRC_PP_80cm_1.jpg 800w, https:\/\/www.ghostysky.com\/wp-content\/uploads\/2023\/10\/STRC_PP_80cm_1-300x278.jpg 300w, https:\/\/www.ghostysky.com\/wp-content\/uploads\/2023\/10\/STRC_PP_80cm_1-768x712.jpg 768w, https:\/\/www.ghostysky.com\/wp-content\/uploads\/2023\/10\/STRC_PP_80cm_1-13x12.jpg 13w, https:\/\/www.ghostysky.com\/wp-content\/uploads\/2023\/10\/STRC_PP_80cm_1-720x668.jpg 720w, https:\/\/www.ghostysky.com\/wp-content\/uploads\/2023\/10\/STRC_PP_80cm_1-600x557.jpg 600w\"><\/a><a href=\"https:\/\/www.ghostysky.com\/wp-content\/uploads\/2023\/10\/STRC_PP_80cm_2.webp\"><img decoding=\"async\" class=\"alignnone wp-image-13378 size-full lazyload\" src=\"data:image\/gif;base64,R0lGODlhAQABAAAAACH5BAEKAAEALAAAAAABAAEAAAICTAEAOw==\" alt=\"\" width=\"800\" height=\"800\" sizes=\"(max-width: 800px) 100vw, 800px\" data-src=\"https:\/\/www.ghostysky.com\/wp-content\/uploads\/2023\/10\/STRC_PP_80cm_2.webp\" data-srcset=\"https:\/\/www.ghostysky.com\/wp-content\/uploads\/2023\/10\/STRC_PP_80cm_2.webp 800w, https:\/\/www.ghostysky.com\/wp-content\/uploads\/2023\/10\/STRC_PP_80cm_2-300x300.webp 300w, https:\/\/www.ghostysky.com\/wp-content\/uploads\/2023\/10\/STRC_PP_80cm_2-150x150.webp 150w, https:\/\/www.ghostysky.com\/wp-content\/uploads\/2023\/10\/STRC_PP_80cm_2-768x768.webp 768w, https:\/\/www.ghostysky.com\/wp-content\/uploads\/2023\/10\/STRC_PP_80cm_2-12x12.webp 12w, https:\/\/www.ghostysky.com\/wp-content\/uploads\/2023\/10\/STRC_PP_80cm_2-720x720.webp 720w, https:\/\/www.ghostysky.com\/wp-content\/uploads\/2023\/10\/STRC_PP_80cm_2-360x360.webp 360w, https:\/\/www.ghostysky.com\/wp-content\/uploads\/2023\/10\/STRC_PP_80cm_2-600x600.webp 600w, https:\/\/www.ghostysky.com\/wp-content\/uploads\/2023\/10\/STRC_PP_80cm_2-100x100.webp 100w\"><\/a><a href=\"https:\/\/www.ghostysky.com\/wp-content\/uploads\/2023\/10\/STRC_PP_80cm_3.jpg\"><img decoding=\"async\" class=\"alignnone wp-image-13377 size-full lazyload\" src=\"data:image\/gif;base64,R0lGODlhAQABAAAAACH5BAEKAAEALAAAAAABAAEAAAICTAEAOw==\" alt=\"\" width=\"800\" height=\"1196\" sizes=\"(max-width: 800px) 100vw, 800px\" data-src=\"https:\/\/www.ghostysky.com\/wp-content\/uploads\/2023\/10\/STRC_PP_80cm_3.jpg\" data-srcset=\"https:\/\/www.ghostysky.com\/wp-content\/uploads\/2023\/10\/STRC_PP_80cm_3.jpg 800w, https:\/\/www.ghostysky.com\/wp-content\/uploads\/2023\/10\/STRC_PP_80cm_3-201x300.jpg 201w, https:\/\/www.ghostysky.com\/wp-content\/uploads\/2023\/10\/STRC_PP_80cm_3-685x1024.jpg 685w, https:\/\/www.ghostysky.com\/wp-content\/uploads\/2023\/10\/STRC_PP_80cm_3-768x1148.jpg 768w, https:\/\/www.ghostysky.com\/wp-content\/uploads\/2023\/10\/STRC_PP_80cm_3-8x12.jpg 8w, https:\/\/www.ghostysky.com\/wp-content\/uploads\/2023\/10\/STRC_PP_80cm_3-720x1076.jpg 720w, https:\/\/www.ghostysky.com\/wp-content\/uploads\/2023\/10\/STRC_PP_80cm_3-600x897.jpg 600w\"><\/a><a href=\"https:\/\/www.ghostysky.com\/wp-content\/uploads\/2023\/10\/STRC_PP_80cm_4.webp\"><img loading=\"lazy\" decoding=\"async\" class=\"alignnone wp-image-13376 size-full lazyload\" src=\"data:image\/gif;base64,R0lGODlhAQABAAAAACH5BAEKAAEALAAAAAABAAEAAAICTAEAOw==\" alt=\"\" width=\"800\" height=\"1417\" sizes=\"(max-width: 800px) 100vw, 800px\" data-src=\"https:\/\/www.ghostysky.com\/wp-content\/uploads\/2023\/10\/STRC_PP_80cm_4.webp\" data-srcset=\"https:\/\/www.ghostysky.com\/wp-content\/uploads\/2023\/10\/STRC_PP_80cm_4.webp 800w, https:\/\/www.ghostysky.com\/wp-content\/uploads\/2023\/10\/STRC_PP_80cm_4-169x300.webp 169w, https:\/\/www.ghostysky.com\/wp-content\/uploads\/2023\/10\/STRC_PP_80cm_4-578x1024.webp 578w, https:\/\/www.ghostysky.com\/wp-content\/uploads\/2023\/10\/STRC_PP_80cm_4-768x1360.webp 768w, https:\/\/www.ghostysky.com\/wp-content\/uploads\/2023\/10\/STRC_PP_80cm_4-7x12.webp 7w, https:\/\/www.ghostysky.com\/wp-content\/uploads\/2023\/10\/STRC_PP_80cm_4-720x1275.webp 720w, https:\/\/www.ghostysky.com\/wp-content\/uploads\/2023\/10\/STRC_PP_80cm_4-600x1063.webp 600w\"><\/a><a href=\"https:\/\/www.ghostysky.com\/wp-content\/uploads\/2023\/10\/STRC_PP_80cm_6.jpg\"><img loading=\"lazy\" decoding=\"async\" class=\"alignnone wp-image-13374 size-full lazyload\" src=\"data:image\/gif;base64,R0lGODlhAQABAAAAACH5BAEKAAEALAAAAAABAAEAAAICTAEAOw==\" alt=\"\" width=\"800\" height=\"800\" sizes=\"(max-width: 800px) 100vw, 800px\" data-src=\"https:\/\/www.ghostysky.com\/wp-content\/uploads\/2023\/10\/STRC_PP_80cm_6.jpg\" data-srcset=\"https:\/\/www.ghostysky.com\/wp-content\/uploads\/2023\/10\/STRC_PP_80cm_6.jpg 800w, https:\/\/www.ghostysky.com\/wp-content\/uploads\/2023\/10\/STRC_PP_80cm_6-300x300.jpg 300w, https:\/\/www.ghostysky.com\/wp-content\/uploads\/2023\/10\/STRC_PP_80cm_6-150x150.jpg 150w, https:\/\/www.ghostysky.com\/wp-content\/uploads\/2023\/10\/STRC_PP_80cm_6-768x768.jpg 768w, https:\/\/www.ghostysky.com\/wp-content\/uploads\/2023\/10\/STRC_PP_80cm_6-12x12.jpg 12w, https:\/\/www.ghostysky.com\/wp-content\/uploads\/2023\/10\/STRC_PP_80cm_6-720x720.jpg 720w, https:\/\/www.ghostysky.com\/wp-content\/uploads\/2023\/10\/STRC_PP_80cm_6-360x360.jpg 360w, https:\/\/www.ghostysky.com\/wp-content\/uploads\/2023\/10\/STRC_PP_80cm_6-600x600.jpg 600w, https:\/\/www.ghostysky.com\/wp-content\/uploads\/2023\/10\/STRC_PP_80cm_6-100x100.jpg 100w\"><\/a><a href=\"https:\/\/www.ghostysky.com\/wp-content\/uploads\/2023\/10\/STRC_PP_80cm_7.jpg\"><img loading=\"lazy\" decoding=\"async\" class=\"alignnone wp-image-13373 size-full lazyload\" src=\"data:image\/gif;base64,R0lGODlhAQABAAAAACH5BAEKAAEALAAAAAABAAEAAAICTAEAOw==\" alt=\"\" width=\"800\" height=\"800\" sizes=\"(max-width: 800px) 100vw, 800px\" data-src=\"https:\/\/www.ghostysky.com\/wp-content\/uploads\/2023\/10\/STRC_PP_80cm_7.jpg\" data-srcset=\"https:\/\/www.ghostysky.com\/wp-content\/uploads\/2023\/10\/STRC_PP_80cm_7.jpg 800w, https:\/\/www.ghostysky.com\/wp-content\/uploads\/2023\/10\/STRC_PP_80cm_7-300x300.jpg 300w, https:\/\/www.ghostysky.com\/wp-content\/uploads\/2023\/10\/STRC_PP_80cm_7-150x150.jpg 150w, https:\/\/www.ghostysky.com\/wp-content\/uploads\/2023\/10\/STRC_PP_80cm_7-768x768.jpg 768w, https:\/\/www.ghostysky.com\/wp-content\/uploads\/2023\/10\/STRC_PP_80cm_7-12x12.jpg 12w, https:\/\/www.ghostysky.com\/wp-content\/uploads\/2023\/10\/STRC_PP_80cm_7-720x720.jpg 720w, https:\/\/www.ghostysky.com\/wp-content\/uploads\/2023\/10\/STRC_PP_80cm_7-360x360.jpg 360w, https:\/\/www.ghostysky.com\/wp-content\/uploads\/2023\/10\/STRC_PP_80cm_7-600x600.jpg 600w, https:\/\/www.ghostysky.com\/wp-content\/uploads\/2023\/10\/STRC_PP_80cm_7-100x100.jpg 100w\"><\/a><a href=\"https:\/\/www.ghostysky.com\/wp-content\/uploads\/2023\/10\/STRC_PP_80cm_9.jpg\"><img loading=\"lazy\" decoding=\"async\" class=\"alignnone wp-image-13371 size-full lazyload\" src=\"data:image\/gif;base64,R0lGODlhAQABAAAAACH5BAEKAAEALAAAAAABAAEAAAICTAEAOw==\" alt=\"\" width=\"800\" height=\"800\" sizes=\"(max-width: 800px) 100vw, 800px\" data-src=\"https:\/\/www.ghostysky.com\/wp-content\/uploads\/2023\/10\/STRC_PP_80cm_9.jpg\" data-srcset=\"https:\/\/www.ghostysky.com\/wp-content\/uploads\/2023\/10\/STRC_PP_80cm_9.jpg 800w, https:\/\/www.ghostysky.com\/wp-content\/uploads\/2023\/10\/STRC_PP_80cm_9-300x300.jpg 300w, https:\/\/www.ghostysky.com\/wp-content\/uploads\/2023\/10\/STRC_PP_80cm_9-150x150.jpg 150w, https:\/\/www.ghostysky.com\/wp-content\/uploads\/2023\/10\/STRC_PP_80cm_9-768x768.jpg 768w, https:\/\/www.ghostysky.com\/wp-content\/uploads\/2023\/10\/STRC_PP_80cm_9-12x12.jpg 12w, https:\/\/www.ghostysky.com\/wp-content\/uploads\/2023\/10\/STRC_PP_80cm_9-720x720.jpg 720w, https:\/\/www.ghostysky.com\/wp-content\/uploads\/2023\/10\/STRC_PP_80cm_9-360x360.jpg 360w, https:\/\/www.ghostysky.com\/wp-content\/uploads\/2023\/10\/STRC_PP_80cm_9-600x600.jpg 600w, https:\/\/www.ghostysky.com\/wp-content\/uploads\/2023\/10\/STRC_PP_80cm_9-100x100.jpg 100w\"><\/a><a href=\"https:\/\/www.ghostysky.com\/wp-content\/uploads\/2023\/10\/STRC_PP_80cm_9.webp\"><img loading=\"lazy\" decoding=\"async\" class=\"alignnone wp-image-13370 size-full lazyload\" src=\"data:image\/gif;base64,R0lGODlhAQABAAAAACH5BAEKAAEALAAAAAABAAEAAAICTAEAOw==\" alt=\"\" width=\"800\" height=\"800\" sizes=\"(max-width: 800px) 100vw, 800px\" data-src=\"https:\/\/www.ghostysky.com\/wp-content\/uploads\/2023\/10\/STRC_PP_80cm_9.webp\" data-srcset=\"https:\/\/www.ghostysky.com\/wp-content\/uploads\/2023\/10\/STRC_PP_80cm_9.webp 800w, https:\/\/www.ghostysky.com\/wp-content\/uploads\/2023\/10\/STRC_PP_80cm_9-300x300.webp 300w, https:\/\/www.ghostysky.com\/wp-content\/uploads\/2023\/10\/STRC_PP_80cm_9-150x150.webp 150w, https:\/\/www.ghostysky.com\/wp-content\/uploads\/2023\/10\/STRC_PP_80cm_9-768x768.webp 768w, https:\/\/www.ghostysky.com\/wp-content\/uploads\/2023\/10\/STRC_PP_80cm_9-12x12.webp 12w, https:\/\/www.ghostysky.com\/wp-content\/uploads\/2023\/10\/STRC_PP_80cm_9-720x720.webp 720w, https:\/\/www.ghostysky.com\/wp-content\/uploads\/2023\/10\/STRC_PP_80cm_9-360x360.webp 360w, https:\/\/www.ghostysky.com\/wp-content\/uploads\/2023\/10\/STRC_PP_80cm_9-600x600.webp 600w, https:\/\/www.ghostysky.com\/wp-content\/uploads\/2023\/10\/STRC_PP_80cm_9-100x100.webp 100w\"><\/a><\/p>","protected":false},"excerpt":{"rendered":"<p>Almofada de pouso para drones de formato redondo em tecido Oxford, um <strong>80cm<\/strong>(32\u2033) <strong>Almofadas de pouso dobr\u00e1veis port\u00e1teis \u00e0 prova d&#039;\u00e1gua universais<\/strong> para drones Yuneec, DJI, Autel, Swellpro e muito mais.<\/p>","protected":false},"featured_media":13391,"comment_status":"open","ping_status":"closed","template":"","meta":[],"product_brand":[],"product_cat":[461,559],"product_tag":[564,563,569,581],"class_list":{"0":"post-13369","1":"product","2":"type-product","3":"status-publish","4":"has-post-thumbnail","6":"product_cat-accessories-2","7":"product_cat-landing-pad-gcp-gound-targets","8":"product_tag-80cm","9":"product_tag-landing-pad","10":"product_tag-oxford-fabric","11":"product_tag-round-shape","13":"first","14":"instock","15":"taxable","16":"shipping-taxable","17":"purchasable","18":"product-type-simple"},"yoast_head":"<!-- This site is optimized with the Yoast SEO plugin v27.1.1 - https:\/\/yoast.com\/product\/yoast-seo-wordpress\/ -->\n<title>Round shape Landing Pad with 80cm (Oxford Fabric)<\/title>\n<meta name=\"description\" content=\"Waterproof round shape landing pad in Oxford Fabric with 80cm, very easy to spot and could be the perfect home point for takoff and landing for your drone.\" \/>\n<meta name=\"robots\" content=\"index, follow, max-snippet:-1, max-image-preview:large, max-video-preview:-1\" \/>\n<link rel=\"canonical\" href=\"https:\/\/www.ghostysky.com\/pt\/produto-2\/landing-pad-of-80cm-round-shape\/\" \/>\n<meta property=\"og:locale\" content=\"pt_PT\" \/>\n<meta property=\"og:type\" content=\"article\" \/>\n<meta property=\"og:title\" content=\"Round shape Landing Pad with 80cm (Oxford Fabric)\" \/>\n<meta property=\"og:description\" content=\"Waterproof round shape landing pad in Oxford Fabric with 80cm, very easy to spot and could be the perfect home point for takoff and landing for your drone.\" \/>\n<meta property=\"og:url\" content=\"https:\/\/www.ghostysky.com\/pt\/produto-2\/landing-pad-of-80cm-round-shape\/\" \/>\n<meta property=\"og:site_name\" content=\"Ghostysky\" \/>\n<meta property=\"article:publisher\" content=\"https:\/\/www.facebook.com\/people\/Ghostysky\/100057676170234\/\" \/>\n<meta property=\"article:modified_time\" content=\"2024-02-28T09:46:43+00:00\" \/>\n<meta property=\"og:image\" content=\"https:\/\/www.ghostysky.com\/wp-content\/uploads\/2023\/10\/STRC_LP_80cm_1.webp\" \/>\n\t<meta property=\"og:image:width\" content=\"800\" \/>\n\t<meta property=\"og:image:height\" content=\"800\" \/>\n\t<meta property=\"og:image:type\" content=\"image\/webp\" \/>\n<meta name=\"twitter:card\" content=\"summary_large_image\" \/>\n<meta name=\"twitter:site\" content=\"@Gh0stysky\" \/>\n<meta name=\"twitter:label1\" content=\"Tempo estimado de leitura\" \/>\n\t<meta name=\"twitter:data1\" content=\"2 minutos\" \/>\n<script type=\"application\/ld+json\" class=\"yoast-schema-graph\">{\"@context\":\"https:\/\/schema.org\",\"@graph\":[{\"@type\":\"WebPage\",\"@id\":\"https:\/\/www.ghostysky.com\/product\/landing-pad-of-80cm-round-shape\/\",\"url\":\"https:\/\/www.ghostysky.com\/product\/landing-pad-of-80cm-round-shape\/\",\"name\":\"Round shape Landing Pad with 80cm (Oxford Fabric)\",\"isPartOf\":{\"@id\":\"https:\/\/www.ghostysky.com\/#website\"},\"primaryImageOfPage\":{\"@id\":\"https:\/\/www.ghostysky.com\/product\/landing-pad-of-80cm-round-shape\/#primaryimage\"},\"image\":{\"@id\":\"https:\/\/www.ghostysky.com\/product\/landing-pad-of-80cm-round-shape\/#primaryimage\"},\"thumbnailUrl\":\"https:\/\/www.ghostysky.com\/wp-content\/uploads\/2023\/10\/STRC_LP_80cm_1.webp\",\"datePublished\":\"2023-10-26T20:10:46+00:00\",\"dateModified\":\"2024-02-28T09:46:43+00:00\",\"description\":\"Waterproof round shape landing pad in Oxford Fabric with 80cm, very easy to spot and could be the perfect home point for takoff and landing for your drone.\",\"breadcrumb\":{\"@id\":\"https:\/\/www.ghostysky.com\/product\/landing-pad-of-80cm-round-shape\/#breadcrumb\"},\"inLanguage\":\"pt-PT\",\"potentialAction\":[{\"@type\":\"ReadAction\",\"target\":[\"https:\/\/www.ghostysky.com\/product\/landing-pad-of-80cm-round-shape\/\"]}]},{\"@type\":\"ImageObject\",\"inLanguage\":\"pt-PT\",\"@id\":\"https:\/\/www.ghostysky.com\/product\/landing-pad-of-80cm-round-shape\/#primaryimage\",\"url\":\"https:\/\/www.ghostysky.com\/wp-content\/uploads\/2023\/10\/STRC_LP_80cm_1.webp\",\"contentUrl\":\"https:\/\/www.ghostysky.com\/wp-content\/uploads\/2023\/10\/STRC_LP_80cm_1.webp\",\"width\":800,\"height\":800},{\"@type\":\"BreadcrumbList\",\"@id\":\"https:\/\/www.ghostysky.com\/product\/landing-pad-of-80cm-round-shape\/#breadcrumb\",\"itemListElement\":[{\"@type\":\"ListItem\",\"position\":1,\"name\":\"Home\",\"item\":\"https:\/\/www.ghostysky.com\/\"},{\"@type\":\"ListItem\",\"position\":2,\"name\":\"Shop\",\"item\":\"https:\/\/www.ghostysky.com\/shop\/\"},{\"@type\":\"ListItem\",\"position\":3,\"name\":\"Round shape Landing Pad with 80cm (Oxford Fabric)\"}]},{\"@type\":\"WebSite\",\"@id\":\"https:\/\/www.ghostysky.com\/#website\",\"url\":\"https:\/\/www.ghostysky.com\/\",\"name\":\"Ghostysky\",\"description\":\"Delivering professional drones and services\",\"publisher\":{\"@id\":\"https:\/\/www.ghostysky.com\/#organization\"},\"potentialAction\":[{\"@type\":\"SearchAction\",\"target\":{\"@type\":\"EntryPoint\",\"urlTemplate\":\"https:\/\/www.ghostysky.com\/?s={search_term_string}\"},\"query-input\":{\"@type\":\"PropertyValueSpecification\",\"valueRequired\":true,\"valueName\":\"search_term_string\"}}],\"inLanguage\":\"pt-PT\"},{\"@type\":\"Organization\",\"@id\":\"https:\/\/www.ghostysky.com\/#organization\",\"name\":\"Ghostysky\",\"url\":\"https:\/\/www.ghostysky.com\/\",\"logo\":{\"@type\":\"ImageObject\",\"inLanguage\":\"pt-PT\",\"@id\":\"https:\/\/www.ghostysky.com\/#\/schema\/logo\/image\/\",\"url\":\"https:\/\/www.ghostysky.com\/wp-content\/uploads\/2020\/06\/cropped-ghostyskylogo_text_white2.png\",\"contentUrl\":\"https:\/\/www.ghostysky.com\/wp-content\/uploads\/2020\/06\/cropped-ghostyskylogo_text_white2.png\",\"width\":169,\"height\":56,\"caption\":\"Ghostysky\"},\"image\":{\"@id\":\"https:\/\/www.ghostysky.com\/#\/schema\/logo\/image\/\"},\"sameAs\":[\"https:\/\/www.facebook.com\/people\/Ghostysky\/100057676170234\/\",\"https:\/\/x.com\/Gh0stysky\",\"https:\/\/www.linkedin.com\/company\/34739653\",\"https:\/\/www.instagram.com\/gh0stysky\"]}]}<\/script>\n<!-- \/ Yoast SEO plugin. -->","yoast_head_json":{"title":"Plataforma de aterragem redonda com 80cm (Tecido Oxford)","description":"Plataforma de pouso redonda imperme\u00e1vel em tecido Oxford com 80cm, muito f\u00e1cil de localizar e pode ser o ponto de partida perfeito para decolagem e pouso do seu drone.","robots":{"index":"index","follow":"follow","max-snippet":"max-snippet:-1","max-image-preview":"max-image-preview:large","max-video-preview":"max-video-preview:-1"},"canonical":"https:\/\/www.ghostysky.com\/pt\/produto-2\/landing-pad-of-80cm-round-shape\/","og_locale":"pt_PT","og_type":"article","og_title":"Round shape Landing Pad with 80cm (Oxford Fabric)","og_description":"Waterproof round shape landing pad in Oxford Fabric with 80cm, very easy to spot and could be the perfect home point for takoff and landing for your drone.","og_url":"https:\/\/www.ghostysky.com\/pt\/produto-2\/landing-pad-of-80cm-round-shape\/","og_site_name":"Ghostysky","article_publisher":"https:\/\/www.facebook.com\/people\/Ghostysky\/100057676170234\/","article_modified_time":"2024-02-28T09:46:43+00:00","og_image":[{"width":800,"height":800,"url":"https:\/\/www.ghostysky.com\/wp-content\/uploads\/2023\/10\/STRC_LP_80cm_1.webp","type":"image\/webp"}],"twitter_card":"summary_large_image","twitter_site":"@Gh0stysky","twitter_misc":{"Tempo estimado de leitura":"2 minutos"},"schema":{"@context":"https:\/\/schema.org","@graph":[{"@type":"WebPage","@id":"https:\/\/www.ghostysky.com\/product\/landing-pad-of-80cm-round-shape\/","url":"https:\/\/www.ghostysky.com\/product\/landing-pad-of-80cm-round-shape\/","name":"Plataforma de aterragem redonda com 80cm (Tecido Oxford)","isPartOf":{"@id":"https:\/\/www.ghostysky.com\/#website"},"primaryImageOfPage":{"@id":"https:\/\/www.ghostysky.com\/product\/landing-pad-of-80cm-round-shape\/#primaryimage"},"image":{"@id":"https:\/\/www.ghostysky.com\/product\/landing-pad-of-80cm-round-shape\/#primaryimage"},"thumbnailUrl":"https:\/\/www.ghostysky.com\/wp-content\/uploads\/2023\/10\/STRC_LP_80cm_1.webp","datePublished":"2023-10-26T20:10:46+00:00","dateModified":"2024-02-28T09:46:43+00:00","description":"Plataforma de pouso redonda imperme\u00e1vel em tecido Oxford com 80cm, muito f\u00e1cil de localizar e pode ser o ponto de partida perfeito para decolagem e pouso do seu drone.","breadcrumb":{"@id":"https:\/\/www.ghostysky.com\/product\/landing-pad-of-80cm-round-shape\/#breadcrumb"},"inLanguage":"pt-PT","potentialAction":[{"@type":"ReadAction","target":["https:\/\/www.ghostysky.com\/product\/landing-pad-of-80cm-round-shape\/"]}]},{"@type":"ImageObject","inLanguage":"pt-PT","@id":"https:\/\/www.ghostysky.com\/product\/landing-pad-of-80cm-round-shape\/#primaryimage","url":"https:\/\/www.ghostysky.com\/wp-content\/uploads\/2023\/10\/STRC_LP_80cm_1.webp","contentUrl":"https:\/\/www.ghostysky.com\/wp-content\/uploads\/2023\/10\/STRC_LP_80cm_1.webp","width":800,"height":800},{"@type":"BreadcrumbList","@id":"https:\/\/www.ghostysky.com\/product\/landing-pad-of-80cm-round-shape\/#breadcrumb","itemListElement":[{"@type":"ListItem","position":1,"name":"Home","item":"https:\/\/www.ghostysky.com\/"},{"@type":"ListItem","position":2,"name":"Shop","item":"https:\/\/www.ghostysky.com\/shop\/"},{"@type":"ListItem","position":3,"name":"Round shape Landing Pad with 80cm (Oxford Fabric)"}]},{"@type":"WebSite","@id":"https:\/\/www.ghostysky.com\/#website","url":"https:\/\/www.ghostysky.com\/","name":"Ghostysky","description":"Fornecendo drones e servi\u00e7os profissionais","publisher":{"@id":"https:\/\/www.ghostysky.com\/#organization"},"potentialAction":[{"@type":"SearchAction","target":{"@type":"EntryPoint","urlTemplate":"https:\/\/www.ghostysky.com\/?s={search_term_string}"},"query-input":{"@type":"PropertyValueSpecification","valueRequired":true,"valueName":"search_term_string"}}],"inLanguage":"pt-PT"},{"@type":"Organization","@id":"https:\/\/www.ghostysky.com\/#organization","name":"Ghostysky","url":"https:\/\/www.ghostysky.com\/","logo":{"@type":"ImageObject","inLanguage":"pt-PT","@id":"https:\/\/www.ghostysky.com\/#\/schema\/logo\/image\/","url":"https:\/\/www.ghostysky.com\/wp-content\/uploads\/2020\/06\/cropped-ghostyskylogo_text_white2.png","contentUrl":"https:\/\/www.ghostysky.com\/wp-content\/uploads\/2020\/06\/cropped-ghostyskylogo_text_white2.png","width":169,"height":56,"caption":"Ghostysky"},"image":{"@id":"https:\/\/www.ghostysky.com\/#\/schema\/logo\/image\/"},"sameAs":["https:\/\/www.facebook.com\/people\/Ghostysky\/100057676170234\/","https:\/\/x.com\/Gh0stysky","https:\/\/www.linkedin.com\/company\/34739653","https:\/\/www.instagram.com\/gh0stysky"]}]}},"_links":{"self":[{"href":"https:\/\/www.ghostysky.com\/pt\/wp-json\/wp\/v2\/product\/13369","targetHints":{"allow":["GET"]}}],"collection":[{"href":"https:\/\/www.ghostysky.com\/pt\/wp-json\/wp\/v2\/product"}],"about":[{"href":"https:\/\/www.ghostysky.com\/pt\/wp-json\/wp\/v2\/types\/product"}],"replies":[{"embeddable":true,"href":"https:\/\/www.ghostysky.com\/pt\/wp-json\/wp\/v2\/comments?post=13369"}],"wp:featuredmedia":[{"embeddable":true,"href":"https:\/\/www.ghostysky.com\/pt\/wp-json\/wp\/v2\/media\/13391"}],"wp:attachment":[{"href":"https:\/\/www.ghostysky.com\/pt\/wp-json\/wp\/v2\/media?parent=13369"}],"wp:term":[{"taxonomy":"product_brand","embeddable":true,"href":"https:\/\/www.ghostysky.com\/pt\/wp-json\/wp\/v2\/product_brand?post=13369"},{"taxonomy":"product_cat","embeddable":true,"href":"https:\/\/www.ghostysky.com\/pt\/wp-json\/wp\/v2\/product_cat?post=13369"},{"taxonomy":"product_tag","embeddable":true,"href":"https:\/\/www.ghostysky.com\/pt\/wp-json\/wp\/v2\/product_tag?post=13369"}],"curies":[{"name":"wp","href":"https:\/\/api.w.org\/{rel}","templated":true}]}}