{"id":13392,"date":"2023-10-27T16:21:16","date_gmt":"2023-10-27T16:21:16","guid":{"rendered":"https:\/\/www.ghostysky.com\/?post_type=product&#038;p=13392"},"modified":"2024-07-02T15:53:52","modified_gmt":"2024-07-02T15:53:52","slug":"landing-pad-of-95cm-oxford-fabric-round-shape","status":"publish","type":"product","link":"https:\/\/www.ghostysky.com\/pt\/product\/landing-pad-of-95cm-oxford-fabric-round-shape\/","title":{"rendered":"Plataforma de aterragem redonda com 95cm (Tecido Oxford)"},"content":{"rendered":"<p><a href=\"https:\/\/www.ghostysky.com\/wp-content\/uploads\/2023\/10\/STRC_PP_95cm_1.jpg\"><img fetchpriority=\"high\" decoding=\"async\" class=\"alignnone wp-image-13407 size-full lazyload\" src=\"data:image\/gif;base64,R0lGODlhAQABAAAAACH5BAEKAAEALAAAAAABAAEAAAICTAEAOw==\" alt=\"\" width=\"800\" height=\"1027\" sizes=\"(max-width: 800px) 100vw, 800px\" data-src=\"https:\/\/www.ghostysky.com\/wp-content\/uploads\/2023\/10\/STRC_PP_95cm_1.jpg\" data-srcset=\"https:\/\/www.ghostysky.com\/wp-content\/uploads\/2023\/10\/STRC_PP_95cm_1.jpg 800w, https:\/\/www.ghostysky.com\/wp-content\/uploads\/2023\/10\/STRC_PP_95cm_1-234x300.jpg 234w, https:\/\/www.ghostysky.com\/wp-content\/uploads\/2023\/10\/STRC_PP_95cm_1-798x1024.jpg 798w, https:\/\/www.ghostysky.com\/wp-content\/uploads\/2023\/10\/STRC_PP_95cm_1-768x986.jpg 768w, https:\/\/www.ghostysky.com\/wp-content\/uploads\/2023\/10\/STRC_PP_95cm_1-9x12.jpg 9w, https:\/\/www.ghostysky.com\/wp-content\/uploads\/2023\/10\/STRC_PP_95cm_1-720x924.jpg 720w, https:\/\/www.ghostysky.com\/wp-content\/uploads\/2023\/10\/STRC_PP_95cm_1-600x770.jpg 600w\"><\/a><a href=\"https:\/\/www.ghostysky.com\/wp-content\/uploads\/2023\/10\/STRC_PP_95cm_2.jpg\"><img decoding=\"async\" class=\"alignnone wp-image-13406 size-full lazyload\" src=\"data:image\/gif;base64,R0lGODlhAQABAAAAACH5BAEKAAEALAAAAAABAAEAAAICTAEAOw==\" alt=\"\" width=\"800\" height=\"777\" sizes=\"(max-width: 800px) 100vw, 800px\" data-src=\"https:\/\/www.ghostysky.com\/wp-content\/uploads\/2023\/10\/STRC_PP_95cm_2.jpg\" data-srcset=\"https:\/\/www.ghostysky.com\/wp-content\/uploads\/2023\/10\/STRC_PP_95cm_2.jpg 800w, https:\/\/www.ghostysky.com\/wp-content\/uploads\/2023\/10\/STRC_PP_95cm_2-300x291.jpg 300w, https:\/\/www.ghostysky.com\/wp-content\/uploads\/2023\/10\/STRC_PP_95cm_2-768x746.jpg 768w, https:\/\/www.ghostysky.com\/wp-content\/uploads\/2023\/10\/STRC_PP_95cm_2-12x12.jpg 12w, https:\/\/www.ghostysky.com\/wp-content\/uploads\/2023\/10\/STRC_PP_95cm_2-720x699.jpg 720w, https:\/\/www.ghostysky.com\/wp-content\/uploads\/2023\/10\/STRC_PP_95cm_2-600x583.jpg 600w\"><\/a><a href=\"https:\/\/www.ghostysky.com\/wp-content\/uploads\/2023\/10\/STRC_PP_95cm_3.jpg\"><img decoding=\"async\" class=\"alignnone wp-image-13405 size-full lazyload\" src=\"data:image\/gif;base64,R0lGODlhAQABAAAAACH5BAEKAAEALAAAAAABAAEAAAICTAEAOw==\" alt=\"\" width=\"800\" height=\"1142\" sizes=\"(max-width: 800px) 100vw, 800px\" data-src=\"https:\/\/www.ghostysky.com\/wp-content\/uploads\/2023\/10\/STRC_PP_95cm_3.jpg\" data-srcset=\"https:\/\/www.ghostysky.com\/wp-content\/uploads\/2023\/10\/STRC_PP_95cm_3.jpg 800w, https:\/\/www.ghostysky.com\/wp-content\/uploads\/2023\/10\/STRC_PP_95cm_3-210x300.jpg 210w, https:\/\/www.ghostysky.com\/wp-content\/uploads\/2023\/10\/STRC_PP_95cm_3-717x1024.jpg 717w, https:\/\/www.ghostysky.com\/wp-content\/uploads\/2023\/10\/STRC_PP_95cm_3-768x1096.jpg 768w, https:\/\/www.ghostysky.com\/wp-content\/uploads\/2023\/10\/STRC_PP_95cm_3-8x12.jpg 8w, https:\/\/www.ghostysky.com\/wp-content\/uploads\/2023\/10\/STRC_PP_95cm_3-720x1028.jpg 720w, https:\/\/www.ghostysky.com\/wp-content\/uploads\/2023\/10\/STRC_PP_95cm_3-600x857.jpg 600w\"><\/a><a href=\"https:\/\/www.ghostysky.com\/wp-content\/uploads\/2023\/10\/STRC_PP_95cm_.jpg\"><img loading=\"lazy\" decoding=\"async\" class=\"alignnone wp-image-13404 size-full lazyload\" src=\"data:image\/gif;base64,R0lGODlhAQABAAAAACH5BAEKAAEALAAAAAABAAEAAAICTAEAOw==\" alt=\"\" width=\"800\" height=\"1219\" sizes=\"(max-width: 800px) 100vw, 800px\" data-src=\"https:\/\/www.ghostysky.com\/wp-content\/uploads\/2023\/10\/STRC_PP_95cm_.jpg\" data-srcset=\"https:\/\/www.ghostysky.com\/wp-content\/uploads\/2023\/10\/STRC_PP_95cm_.jpg 800w, https:\/\/www.ghostysky.com\/wp-content\/uploads\/2023\/10\/STRC_PP_95cm_-197x300.jpg 197w, https:\/\/www.ghostysky.com\/wp-content\/uploads\/2023\/10\/STRC_PP_95cm_-672x1024.jpg 672w, https:\/\/www.ghostysky.com\/wp-content\/uploads\/2023\/10\/STRC_PP_95cm_-768x1170.jpg 768w, https:\/\/www.ghostysky.com\/wp-content\/uploads\/2023\/10\/STRC_PP_95cm_-8x12.jpg 8w, https:\/\/www.ghostysky.com\/wp-content\/uploads\/2023\/10\/STRC_PP_95cm_-720x1097.jpg 720w, https:\/\/www.ghostysky.com\/wp-content\/uploads\/2023\/10\/STRC_PP_95cm_-600x914.jpg 600w\"><\/a><a href=\"https:\/\/www.ghostysky.com\/wp-content\/uploads\/2023\/10\/STRC_PP_95cm_5.jpg\"><img loading=\"lazy\" decoding=\"async\" class=\"alignnone wp-image-13403 size-full lazyload\" src=\"data:image\/gif;base64,R0lGODlhAQABAAAAACH5BAEKAAEALAAAAAABAAEAAAICTAEAOw==\" alt=\"\" width=\"800\" height=\"1234\" sizes=\"(max-width: 800px) 100vw, 800px\" data-src=\"https:\/\/www.ghostysky.com\/wp-content\/uploads\/2023\/10\/STRC_PP_95cm_5.jpg\" data-srcset=\"https:\/\/www.ghostysky.com\/wp-content\/uploads\/2023\/10\/STRC_PP_95cm_5.jpg 800w, https:\/\/www.ghostysky.com\/wp-content\/uploads\/2023\/10\/STRC_PP_95cm_5-194x300.jpg 194w, https:\/\/www.ghostysky.com\/wp-content\/uploads\/2023\/10\/STRC_PP_95cm_5-664x1024.jpg 664w, https:\/\/www.ghostysky.com\/wp-content\/uploads\/2023\/10\/STRC_PP_95cm_5-768x1185.jpg 768w, https:\/\/www.ghostysky.com\/wp-content\/uploads\/2023\/10\/STRC_PP_95cm_5-8x12.jpg 8w, https:\/\/www.ghostysky.com\/wp-content\/uploads\/2023\/10\/STRC_PP_95cm_5-720x1111.jpg 720w, https:\/\/www.ghostysky.com\/wp-content\/uploads\/2023\/10\/STRC_PP_95cm_5-600x926.jpg 600w\"><\/a><a href=\"https:\/\/www.ghostysky.com\/wp-content\/uploads\/2023\/10\/STRC_PP_95cm65.jpg\"><img loading=\"lazy\" decoding=\"async\" class=\"alignnone wp-image-13402 size-full lazyload\" src=\"data:image\/gif;base64,R0lGODlhAQABAAAAACH5BAEKAAEALAAAAAABAAEAAAICTAEAOw==\" alt=\"\" width=\"800\" height=\"896\" sizes=\"(max-width: 800px) 100vw, 800px\" data-src=\"https:\/\/www.ghostysky.com\/wp-content\/uploads\/2023\/10\/STRC_PP_95cm65.jpg\" data-srcset=\"https:\/\/www.ghostysky.com\/wp-content\/uploads\/2023\/10\/STRC_PP_95cm65.jpg 800w, https:\/\/www.ghostysky.com\/wp-content\/uploads\/2023\/10\/STRC_PP_95cm65-268x300.jpg 268w, https:\/\/www.ghostysky.com\/wp-content\/uploads\/2023\/10\/STRC_PP_95cm65-768x860.jpg 768w, https:\/\/www.ghostysky.com\/wp-content\/uploads\/2023\/10\/STRC_PP_95cm65-11x12.jpg 11w, https:\/\/www.ghostysky.com\/wp-content\/uploads\/2023\/10\/STRC_PP_95cm65-720x806.jpg 720w, https:\/\/www.ghostysky.com\/wp-content\/uploads\/2023\/10\/STRC_PP_95cm65-600x672.jpg 600w\"><\/a><a href=\"https:\/\/www.ghostysky.com\/wp-content\/uploads\/2023\/10\/STRC_PP_95cm_7.jpg\"><img loading=\"lazy\" decoding=\"async\" class=\"alignnone wp-image-13401 size-full lazyload\" src=\"data:image\/gif;base64,R0lGODlhAQABAAAAACH5BAEKAAEALAAAAAABAAEAAAICTAEAOw==\" alt=\"\" width=\"800\" height=\"1173\" sizes=\"(max-width: 800px) 100vw, 800px\" data-src=\"https:\/\/www.ghostysky.com\/wp-content\/uploads\/2023\/10\/STRC_PP_95cm_7.jpg\" data-srcset=\"https:\/\/www.ghostysky.com\/wp-content\/uploads\/2023\/10\/STRC_PP_95cm_7.jpg 800w, https:\/\/www.ghostysky.com\/wp-content\/uploads\/2023\/10\/STRC_PP_95cm_7-205x300.jpg 205w, https:\/\/www.ghostysky.com\/wp-content\/uploads\/2023\/10\/STRC_PP_95cm_7-698x1024.jpg 698w, https:\/\/www.ghostysky.com\/wp-content\/uploads\/2023\/10\/STRC_PP_95cm_7-768x1126.jpg 768w, https:\/\/www.ghostysky.com\/wp-content\/uploads\/2023\/10\/STRC_PP_95cm_7-8x12.jpg 8w, https:\/\/www.ghostysky.com\/wp-content\/uploads\/2023\/10\/STRC_PP_95cm_7-720x1056.jpg 720w, https:\/\/www.ghostysky.com\/wp-content\/uploads\/2023\/10\/STRC_PP_95cm_7-600x880.jpg 600w\"><\/a><a href=\"https:\/\/www.ghostysky.com\/wp-content\/uploads\/2023\/10\/STRC_PP_95cm_8.jpg\"><img loading=\"lazy\" decoding=\"async\" class=\"alignnone wp-image-13400 size-full lazyload\" src=\"data:image\/gif;base64,R0lGODlhAQABAAAAACH5BAEKAAEALAAAAAABAAEAAAICTAEAOw==\" alt=\"\" width=\"800\" height=\"704\" sizes=\"(max-width: 800px) 100vw, 800px\" data-src=\"https:\/\/www.ghostysky.com\/wp-content\/uploads\/2023\/10\/STRC_PP_95cm_8.jpg\" data-srcset=\"https:\/\/www.ghostysky.com\/wp-content\/uploads\/2023\/10\/STRC_PP_95cm_8.jpg 800w, https:\/\/www.ghostysky.com\/wp-content\/uploads\/2023\/10\/STRC_PP_95cm_8-300x264.jpg 300w, https:\/\/www.ghostysky.com\/wp-content\/uploads\/2023\/10\/STRC_PP_95cm_8-768x676.jpg 768w, https:\/\/www.ghostysky.com\/wp-content\/uploads\/2023\/10\/STRC_PP_95cm_8-14x12.jpg 14w, https:\/\/www.ghostysky.com\/wp-content\/uploads\/2023\/10\/STRC_PP_95cm_8-720x634.jpg 720w, https:\/\/www.ghostysky.com\/wp-content\/uploads\/2023\/10\/STRC_PP_95cm_8-600x528.jpg 600w\"><\/a><a href=\"https:\/\/www.ghostysky.com\/wp-content\/uploads\/2023\/10\/STRC_PP_95cm_9.jpg\"><img loading=\"lazy\" decoding=\"async\" class=\"alignnone wp-image-13399 size-full lazyload\" src=\"data:image\/gif;base64,R0lGODlhAQABAAAAACH5BAEKAAEALAAAAAABAAEAAAICTAEAOw==\" alt=\"\" width=\"800\" height=\"1130\" sizes=\"(max-width: 800px) 100vw, 800px\" data-src=\"https:\/\/www.ghostysky.com\/wp-content\/uploads\/2023\/10\/STRC_PP_95cm_9.jpg\" data-srcset=\"https:\/\/www.ghostysky.com\/wp-content\/uploads\/2023\/10\/STRC_PP_95cm_9.jpg 800w, https:\/\/www.ghostysky.com\/wp-content\/uploads\/2023\/10\/STRC_PP_95cm_9-212x300.jpg 212w, https:\/\/www.ghostysky.com\/wp-content\/uploads\/2023\/10\/STRC_PP_95cm_9-725x1024.jpg 725w, https:\/\/www.ghostysky.com\/wp-content\/uploads\/2023\/10\/STRC_PP_95cm_9-768x1085.jpg 768w, https:\/\/www.ghostysky.com\/wp-content\/uploads\/2023\/10\/STRC_PP_95cm_9-8x12.jpg 8w, https:\/\/www.ghostysky.com\/wp-content\/uploads\/2023\/10\/STRC_PP_95cm_9-720x1017.jpg 720w, https:\/\/www.ghostysky.com\/wp-content\/uploads\/2023\/10\/STRC_PP_95cm_9-600x848.jpg 600w\"><\/a><\/p>","protected":false},"excerpt":{"rendered":"<p class=\"translation-block\">Plataforma de aterragem de <strong>95 cm (37.5 \u2033)<\/strong> para drone de formato redondo em tecido Oxford , <strong>port\u00e1til, dobr\u00e1vel e \u00e0 prova d'\u00e1gua,<\/strong> \u00e9 ideal para drones Yuneec, DJI, Autel, Swellpro entre muitos outros.<\/p>","protected":false},"featured_media":13398,"comment_status":"open","ping_status":"closed","template":"","meta":[],"product_brand":[],"product_cat":[461,559],"product_tag":[566,563,570,581],"class_list":{"0":"post-13392","1":"product","2":"type-product","3":"status-publish","4":"has-post-thumbnail","6":"product_cat-accessories-2","7":"product_cat-landing-pad-gcp-gound-targets","8":"product_tag-95cm","9":"product_tag-landing-pad","10":"product_tag-of","11":"product_tag-round-shape","13":"first","14":"instock","15":"taxable","16":"shipping-taxable","17":"purchasable","18":"product-type-simple"},"yoast_head":"<!-- This site is optimized with the Yoast SEO plugin v27.1.1 - https:\/\/yoast.com\/product\/yoast-seo-wordpress\/ -->\n<title>Round shape Landing Pad with 95cm (Oxford Fabric) - Ghostysky<\/title>\n<meta name=\"description\" content=\"Waterproof round shape landing pad in Oxford Fabric with 95cm, very easy to spot and could be the perfect home point for takoff and landing for your drone.\" \/>\n<meta name=\"robots\" content=\"index, follow, max-snippet:-1, max-image-preview:large, max-video-preview:-1\" \/>\n<link rel=\"canonical\" href=\"https:\/\/www.ghostysky.com\/pt\/produto-2\/landing-pad-of-95cm-oxford-fabric-round-shape\/\" \/>\n<meta property=\"og:locale\" content=\"pt_PT\" \/>\n<meta property=\"og:type\" content=\"article\" \/>\n<meta property=\"og:title\" content=\"Round shape Landing Pad with 95cm (Oxford Fabric) - Ghostysky\" \/>\n<meta property=\"og:description\" content=\"Waterproof round shape landing pad in Oxford Fabric with 95cm, very easy to spot and could be the perfect home point for takoff and landing for your drone.\" \/>\n<meta property=\"og:url\" content=\"https:\/\/www.ghostysky.com\/pt\/produto-2\/landing-pad-of-95cm-oxford-fabric-round-shape\/\" \/>\n<meta property=\"og:site_name\" content=\"Ghostysky\" \/>\n<meta property=\"article:publisher\" content=\"https:\/\/www.facebook.com\/people\/Ghostysky\/100057676170234\/\" \/>\n<meta property=\"article:modified_time\" content=\"2024-07-02T15:53:52+00:00\" \/>\n<meta property=\"og:image\" content=\"https:\/\/www.ghostysky.com\/wp-content\/uploads\/2023\/10\/STRC_LP_95cm_1.webp\" \/>\n\t<meta property=\"og:image:width\" content=\"1000\" \/>\n\t<meta property=\"og:image:height\" content=\"1000\" \/>\n\t<meta property=\"og:image:type\" content=\"image\/webp\" \/>\n<meta name=\"twitter:card\" content=\"summary_large_image\" \/>\n<meta name=\"twitter:site\" content=\"@Gh0stysky\" \/>\n<meta name=\"twitter:label1\" content=\"Tempo estimado de leitura\" \/>\n\t<meta name=\"twitter:data1\" content=\"2 minutos\" \/>\n<script type=\"application\/ld+json\" class=\"yoast-schema-graph\">{\"@context\":\"https:\/\/schema.org\",\"@graph\":[{\"@type\":\"WebPage\",\"@id\":\"https:\/\/www.ghostysky.com\/product\/landing-pad-of-95cm-oxford-fabric-round-shape\/\",\"url\":\"https:\/\/www.ghostysky.com\/product\/landing-pad-of-95cm-oxford-fabric-round-shape\/\",\"name\":\"Round shape Landing Pad with 95cm (Oxford Fabric) - Ghostysky\",\"isPartOf\":{\"@id\":\"https:\/\/www.ghostysky.com\/#website\"},\"primaryImageOfPage\":{\"@id\":\"https:\/\/www.ghostysky.com\/product\/landing-pad-of-95cm-oxford-fabric-round-shape\/#primaryimage\"},\"image\":{\"@id\":\"https:\/\/www.ghostysky.com\/product\/landing-pad-of-95cm-oxford-fabric-round-shape\/#primaryimage\"},\"thumbnailUrl\":\"https:\/\/www.ghostysky.com\/wp-content\/uploads\/2023\/10\/STRC_LP_95cm_1.webp\",\"datePublished\":\"2023-10-27T16:21:16+00:00\",\"dateModified\":\"2024-07-02T15:53:52+00:00\",\"description\":\"Waterproof round shape landing pad in Oxford Fabric with 95cm, very easy to spot and could be the perfect home point for takoff and landing for your drone.\",\"breadcrumb\":{\"@id\":\"https:\/\/www.ghostysky.com\/product\/landing-pad-of-95cm-oxford-fabric-round-shape\/#breadcrumb\"},\"inLanguage\":\"pt-PT\",\"potentialAction\":[{\"@type\":\"ReadAction\",\"target\":[\"https:\/\/www.ghostysky.com\/product\/landing-pad-of-95cm-oxford-fabric-round-shape\/\"]}]},{\"@type\":\"ImageObject\",\"inLanguage\":\"pt-PT\",\"@id\":\"https:\/\/www.ghostysky.com\/product\/landing-pad-of-95cm-oxford-fabric-round-shape\/#primaryimage\",\"url\":\"https:\/\/www.ghostysky.com\/wp-content\/uploads\/2023\/10\/STRC_LP_95cm_1.webp\",\"contentUrl\":\"https:\/\/www.ghostysky.com\/wp-content\/uploads\/2023\/10\/STRC_LP_95cm_1.webp\",\"width\":1000,\"height\":1000},{\"@type\":\"BreadcrumbList\",\"@id\":\"https:\/\/www.ghostysky.com\/product\/landing-pad-of-95cm-oxford-fabric-round-shape\/#breadcrumb\",\"itemListElement\":[{\"@type\":\"ListItem\",\"position\":1,\"name\":\"Home\",\"item\":\"https:\/\/www.ghostysky.com\/\"},{\"@type\":\"ListItem\",\"position\":2,\"name\":\"Shop\",\"item\":\"https:\/\/www.ghostysky.com\/shop\/\"},{\"@type\":\"ListItem\",\"position\":3,\"name\":\"Round shape Landing Pad with 95cm (Oxford Fabric)\"}]},{\"@type\":\"WebSite\",\"@id\":\"https:\/\/www.ghostysky.com\/#website\",\"url\":\"https:\/\/www.ghostysky.com\/\",\"name\":\"Ghostysky\",\"description\":\"Delivering professional drones and services\",\"publisher\":{\"@id\":\"https:\/\/www.ghostysky.com\/#organization\"},\"potentialAction\":[{\"@type\":\"SearchAction\",\"target\":{\"@type\":\"EntryPoint\",\"urlTemplate\":\"https:\/\/www.ghostysky.com\/?s={search_term_string}\"},\"query-input\":{\"@type\":\"PropertyValueSpecification\",\"valueRequired\":true,\"valueName\":\"search_term_string\"}}],\"inLanguage\":\"pt-PT\"},{\"@type\":\"Organization\",\"@id\":\"https:\/\/www.ghostysky.com\/#organization\",\"name\":\"Ghostysky\",\"url\":\"https:\/\/www.ghostysky.com\/\",\"logo\":{\"@type\":\"ImageObject\",\"inLanguage\":\"pt-PT\",\"@id\":\"https:\/\/www.ghostysky.com\/#\/schema\/logo\/image\/\",\"url\":\"https:\/\/www.ghostysky.com\/wp-content\/uploads\/2020\/06\/cropped-ghostyskylogo_text_white2.png\",\"contentUrl\":\"https:\/\/www.ghostysky.com\/wp-content\/uploads\/2020\/06\/cropped-ghostyskylogo_text_white2.png\",\"width\":169,\"height\":56,\"caption\":\"Ghostysky\"},\"image\":{\"@id\":\"https:\/\/www.ghostysky.com\/#\/schema\/logo\/image\/\"},\"sameAs\":[\"https:\/\/www.facebook.com\/people\/Ghostysky\/100057676170234\/\",\"https:\/\/x.com\/Gh0stysky\",\"https:\/\/www.linkedin.com\/company\/34739653\",\"https:\/\/www.instagram.com\/gh0stysky\"]}]}<\/script>\n<!-- \/ Yoast SEO plugin. -->","yoast_head_json":{"title":"Almofada de Pouso Redonda com 95cm (Tecido Oxford) - Ghostysky","description":"Plataforma de pouso redonda imperme\u00e1vel em tecido Oxford com 95cm, muito f\u00e1cil de localizar e pode ser o ponto de partida perfeito para decolagem e pouso do seu drone.","robots":{"index":"index","follow":"follow","max-snippet":"max-snippet:-1","max-image-preview":"max-image-preview:large","max-video-preview":"max-video-preview:-1"},"canonical":"https:\/\/www.ghostysky.com\/pt\/produto-2\/landing-pad-of-95cm-oxford-fabric-round-shape\/","og_locale":"pt_PT","og_type":"article","og_title":"Round shape Landing Pad with 95cm (Oxford Fabric) - Ghostysky","og_description":"Waterproof round shape landing pad in Oxford Fabric with 95cm, very easy to spot and could be the perfect home point for takoff and landing for your drone.","og_url":"https:\/\/www.ghostysky.com\/pt\/produto-2\/landing-pad-of-95cm-oxford-fabric-round-shape\/","og_site_name":"Ghostysky","article_publisher":"https:\/\/www.facebook.com\/people\/Ghostysky\/100057676170234\/","article_modified_time":"2024-07-02T15:53:52+00:00","og_image":[{"width":1000,"height":1000,"url":"https:\/\/www.ghostysky.com\/wp-content\/uploads\/2023\/10\/STRC_LP_95cm_1.webp","type":"image\/webp"}],"twitter_card":"summary_large_image","twitter_site":"@Gh0stysky","twitter_misc":{"Tempo estimado de leitura":"2 minutos"},"schema":{"@context":"https:\/\/schema.org","@graph":[{"@type":"WebPage","@id":"https:\/\/www.ghostysky.com\/product\/landing-pad-of-95cm-oxford-fabric-round-shape\/","url":"https:\/\/www.ghostysky.com\/product\/landing-pad-of-95cm-oxford-fabric-round-shape\/","name":"Almofada de Pouso Redonda com 95cm (Tecido Oxford) - Ghostysky","isPartOf":{"@id":"https:\/\/www.ghostysky.com\/#website"},"primaryImageOfPage":{"@id":"https:\/\/www.ghostysky.com\/product\/landing-pad-of-95cm-oxford-fabric-round-shape\/#primaryimage"},"image":{"@id":"https:\/\/www.ghostysky.com\/product\/landing-pad-of-95cm-oxford-fabric-round-shape\/#primaryimage"},"thumbnailUrl":"https:\/\/www.ghostysky.com\/wp-content\/uploads\/2023\/10\/STRC_LP_95cm_1.webp","datePublished":"2023-10-27T16:21:16+00:00","dateModified":"2024-07-02T15:53:52+00:00","description":"Plataforma de pouso redonda imperme\u00e1vel em tecido Oxford com 95cm, muito f\u00e1cil de localizar e pode ser o ponto de partida perfeito para decolagem e pouso do seu drone.","breadcrumb":{"@id":"https:\/\/www.ghostysky.com\/product\/landing-pad-of-95cm-oxford-fabric-round-shape\/#breadcrumb"},"inLanguage":"pt-PT","potentialAction":[{"@type":"ReadAction","target":["https:\/\/www.ghostysky.com\/product\/landing-pad-of-95cm-oxford-fabric-round-shape\/"]}]},{"@type":"ImageObject","inLanguage":"pt-PT","@id":"https:\/\/www.ghostysky.com\/product\/landing-pad-of-95cm-oxford-fabric-round-shape\/#primaryimage","url":"https:\/\/www.ghostysky.com\/wp-content\/uploads\/2023\/10\/STRC_LP_95cm_1.webp","contentUrl":"https:\/\/www.ghostysky.com\/wp-content\/uploads\/2023\/10\/STRC_LP_95cm_1.webp","width":1000,"height":1000},{"@type":"BreadcrumbList","@id":"https:\/\/www.ghostysky.com\/product\/landing-pad-of-95cm-oxford-fabric-round-shape\/#breadcrumb","itemListElement":[{"@type":"ListItem","position":1,"name":"Home","item":"https:\/\/www.ghostysky.com\/"},{"@type":"ListItem","position":2,"name":"Shop","item":"https:\/\/www.ghostysky.com\/shop\/"},{"@type":"ListItem","position":3,"name":"Round shape Landing Pad with 95cm (Oxford Fabric)"}]},{"@type":"WebSite","@id":"https:\/\/www.ghostysky.com\/#website","url":"https:\/\/www.ghostysky.com\/","name":"Ghostysky","description":"Fornecendo drones e servi\u00e7os profissionais","publisher":{"@id":"https:\/\/www.ghostysky.com\/#organization"},"potentialAction":[{"@type":"SearchAction","target":{"@type":"EntryPoint","urlTemplate":"https:\/\/www.ghostysky.com\/?s={search_term_string}"},"query-input":{"@type":"PropertyValueSpecification","valueRequired":true,"valueName":"search_term_string"}}],"inLanguage":"pt-PT"},{"@type":"Organization","@id":"https:\/\/www.ghostysky.com\/#organization","name":"Ghostysky","url":"https:\/\/www.ghostysky.com\/","logo":{"@type":"ImageObject","inLanguage":"pt-PT","@id":"https:\/\/www.ghostysky.com\/#\/schema\/logo\/image\/","url":"https:\/\/www.ghostysky.com\/wp-content\/uploads\/2020\/06\/cropped-ghostyskylogo_text_white2.png","contentUrl":"https:\/\/www.ghostysky.com\/wp-content\/uploads\/2020\/06\/cropped-ghostyskylogo_text_white2.png","width":169,"height":56,"caption":"Ghostysky"},"image":{"@id":"https:\/\/www.ghostysky.com\/#\/schema\/logo\/image\/"},"sameAs":["https:\/\/www.facebook.com\/people\/Ghostysky\/100057676170234\/","https:\/\/x.com\/Gh0stysky","https:\/\/www.linkedin.com\/company\/34739653","https:\/\/www.instagram.com\/gh0stysky"]}]}},"_links":{"self":[{"href":"https:\/\/www.ghostysky.com\/pt\/wp-json\/wp\/v2\/product\/13392","targetHints":{"allow":["GET"]}}],"collection":[{"href":"https:\/\/www.ghostysky.com\/pt\/wp-json\/wp\/v2\/product"}],"about":[{"href":"https:\/\/www.ghostysky.com\/pt\/wp-json\/wp\/v2\/types\/product"}],"replies":[{"embeddable":true,"href":"https:\/\/www.ghostysky.com\/pt\/wp-json\/wp\/v2\/comments?post=13392"}],"wp:featuredmedia":[{"embeddable":true,"href":"https:\/\/www.ghostysky.com\/pt\/wp-json\/wp\/v2\/media\/13398"}],"wp:attachment":[{"href":"https:\/\/www.ghostysky.com\/pt\/wp-json\/wp\/v2\/media?parent=13392"}],"wp:term":[{"taxonomy":"product_brand","embeddable":true,"href":"https:\/\/www.ghostysky.com\/pt\/wp-json\/wp\/v2\/product_brand?post=13392"},{"taxonomy":"product_cat","embeddable":true,"href":"https:\/\/www.ghostysky.com\/pt\/wp-json\/wp\/v2\/product_cat?post=13392"},{"taxonomy":"product_tag","embeddable":true,"href":"https:\/\/www.ghostysky.com\/pt\/wp-json\/wp\/v2\/product_tag?post=13392"}],"curies":[{"name":"wp","href":"https:\/\/api.w.org\/{rel}","templated":true}]}}