{"id":13425,"date":"2023-10-27T17:04:28","date_gmt":"2023-10-27T17:04:28","guid":{"rendered":"https:\/\/www.ghostysky.com\/?post_type=product&#038;p=13425"},"modified":"2024-10-27T21:31:15","modified_gmt":"2024-10-27T21:31:15","slug":"landing-pad-in-pu-50cm-square-shape","status":"publish","type":"product","link":"https:\/\/www.ghostysky.com\/pt\/product\/landing-pad-in-pu-50cm-square-shape\/","title":{"rendered":"Plataforma aterragem quadrada \u2013 50x50cm (couro poliuretano)"},"content":{"rendered":"<p><a href=\"https:\/\/www.ghostysky.com\/wp-content\/uploads\/2023\/10\/LD65_PP_1.jpg\"><img fetchpriority=\"high\" decoding=\"async\" class=\"alignnone wp-image-13361 size-full lazyload\" src=\"data:image\/gif;base64,R0lGODlhAQABAAAAACH5BAEKAAEALAAAAAABAAEAAAICTAEAOw==\" alt=\"\" width=\"800\" height=\"1163\" sizes=\"(max-width: 800px) 100vw, 800px\" data-src=\"https:\/\/www.ghostysky.com\/wp-content\/uploads\/2023\/10\/LD65_PP_1.jpg\" data-srcset=\"https:\/\/www.ghostysky.com\/wp-content\/uploads\/2023\/10\/LD65_PP_1.jpg 800w, https:\/\/www.ghostysky.com\/wp-content\/uploads\/2023\/10\/LD65_PP_1-206x300.jpg 206w, https:\/\/www.ghostysky.com\/wp-content\/uploads\/2023\/10\/LD65_PP_1-704x1024.jpg 704w, https:\/\/www.ghostysky.com\/wp-content\/uploads\/2023\/10\/LD65_PP_1-768x1116.jpg 768w, https:\/\/www.ghostysky.com\/wp-content\/uploads\/2023\/10\/LD65_PP_1-8x12.jpg 8w, https:\/\/www.ghostysky.com\/wp-content\/uploads\/2023\/10\/LD65_PP_1-720x1047.jpg 720w, https:\/\/www.ghostysky.com\/wp-content\/uploads\/2023\/10\/LD65_PP_1-600x872.jpg 600w\"><\/a>\u00a0 <a href=\"https:\/\/www.ghostysky.com\/wp-content\/uploads\/2023\/10\/LD65_PP_2.webp\"><img decoding=\"async\" class=\"alignnone wp-image-13360 size-full lazyload\" src=\"data:image\/gif;base64,R0lGODlhAQABAAAAACH5BAEKAAEALAAAAAABAAEAAAICTAEAOw==\" alt=\"\" width=\"800\" height=\"1073\" sizes=\"(max-width: 800px) 100vw, 800px\" data-src=\"https:\/\/www.ghostysky.com\/wp-content\/uploads\/2023\/10\/LD65_PP_2.webp\" data-srcset=\"https:\/\/www.ghostysky.com\/wp-content\/uploads\/2023\/10\/LD65_PP_2.webp 800w, https:\/\/www.ghostysky.com\/wp-content\/uploads\/2023\/10\/LD65_PP_2-224x300.webp 224w, https:\/\/www.ghostysky.com\/wp-content\/uploads\/2023\/10\/LD65_PP_2-763x1024.webp 763w, https:\/\/www.ghostysky.com\/wp-content\/uploads\/2023\/10\/LD65_PP_2-768x1030.webp 768w, https:\/\/www.ghostysky.com\/wp-content\/uploads\/2023\/10\/LD65_PP_2-9x12.webp 9w, https:\/\/www.ghostysky.com\/wp-content\/uploads\/2023\/10\/LD65_PP_2-720x966.webp 720w, https:\/\/www.ghostysky.com\/wp-content\/uploads\/2023\/10\/LD65_PP_2-600x805.webp 600w\"><\/a>\u00a0 <a href=\"https:\/\/www.ghostysky.com\/wp-content\/uploads\/2023\/10\/LD65_PP_7.jpg\"><img decoding=\"async\" class=\"alignnone wp-image-13355 size-full lazyload\" src=\"data:image\/gif;base64,R0lGODlhAQABAAAAACH5BAEKAAEALAAAAAABAAEAAAICTAEAOw==\" alt=\"\" width=\"800\" height=\"1117\" sizes=\"(max-width: 800px) 100vw, 800px\" data-src=\"https:\/\/www.ghostysky.com\/wp-content\/uploads\/2023\/10\/LD65_PP_7.jpg\" data-srcset=\"https:\/\/www.ghostysky.com\/wp-content\/uploads\/2023\/10\/LD65_PP_7.jpg 800w, https:\/\/www.ghostysky.com\/wp-content\/uploads\/2023\/10\/LD65_PP_7-215x300.jpg 215w, https:\/\/www.ghostysky.com\/wp-content\/uploads\/2023\/10\/LD65_PP_7-733x1024.jpg 733w, https:\/\/www.ghostysky.com\/wp-content\/uploads\/2023\/10\/LD65_PP_7-768x1072.jpg 768w, https:\/\/www.ghostysky.com\/wp-content\/uploads\/2023\/10\/LD65_PP_7-9x12.jpg 9w, https:\/\/www.ghostysky.com\/wp-content\/uploads\/2023\/10\/LD65_PP_7-720x1005.jpg 720w, https:\/\/www.ghostysky.com\/wp-content\/uploads\/2023\/10\/LD65_PP_7-600x838.jpg 600w\"><\/a><a href=\"https:\/\/www.ghostysky.com\/wp-content\/uploads\/2023\/10\/LP_PVC50cmjpg.jpg\"><img loading=\"lazy\" decoding=\"async\" class=\"alignnone wp-image-13427 size-full lazyload\" src=\"data:image\/gif;base64,R0lGODlhAQABAAAAACH5BAEKAAEALAAAAAABAAEAAAICTAEAOw==\" alt=\"\" width=\"1322\" height=\"1500\" sizes=\"(max-width: 1322px) 100vw, 1322px\" data-src=\"https:\/\/www.ghostysky.com\/wp-content\/uploads\/2023\/10\/LP_PVC50cmjpg.jpg\" data-srcset=\"https:\/\/www.ghostysky.com\/wp-content\/uploads\/2023\/10\/LP_PVC50cmjpg.jpg 1322w, https:\/\/www.ghostysky.com\/wp-content\/uploads\/2023\/10\/LP_PVC50cmjpg-264x300.jpg 264w, https:\/\/www.ghostysky.com\/wp-content\/uploads\/2023\/10\/LP_PVC50cmjpg-902x1024.jpg 902w, https:\/\/www.ghostysky.com\/wp-content\/uploads\/2023\/10\/LP_PVC50cmjpg-768x871.jpg 768w, https:\/\/www.ghostysky.com\/wp-content\/uploads\/2023\/10\/LP_PVC50cmjpg-11x12.jpg 11w, https:\/\/www.ghostysky.com\/wp-content\/uploads\/2023\/10\/LP_PVC50cmjpg-720x817.jpg 720w, https:\/\/www.ghostysky.com\/wp-content\/uploads\/2023\/10\/LP_PVC50cmjpg-600x681.jpg 600w\"><\/a><\/p>","protected":false},"excerpt":{"rendered":"<p class=\"translation-block\">Paltaforma de aterragem para drone de formato quadrado, em couro de poliuretano, uma <strong>plataforma de aterragem r\u00e1pida dobr\u00e1vel de 50 cm<\/strong> (25 polegadas) universal para drones Yuneec, DJI, Autel, Swellpro e muito mais.<\/p>","protected":false},"featured_media":13426,"comment_status":"open","ping_status":"closed","template":"","meta":[],"product_brand":[],"product_cat":[461,559],"product_tag":[567,563,568,582],"class_list":{"0":"post-13425","1":"product","2":"type-product","3":"status-publish","4":"has-post-thumbnail","6":"product_cat-accessories-2","7":"product_cat-landing-pad-gcp-gound-targets","8":"product_tag-50cm","9":"product_tag-landing-pad","10":"product_tag-pu","11":"product_tag-square-shape","13":"first","14":"onbackorder","15":"taxable","16":"shipping-taxable","17":"purchasable","18":"product-type-simple"},"yoast_head":"<!-- This site is optimized with the Yoast SEO plugin v27.4 - https:\/\/yoast.com\/product\/yoast-seo-wordpress\/ -->\n<title>Square shape Landing Pad - 50x50cm (Polyurethane leather)<\/title>\n<meta name=\"description\" content=\"Landing pad in polyurethane leather with 50cm x 50cm, waterproof and foldable, very easy to spot and could be the perfect home point for takoff and landing for your drone.\" \/>\n<meta name=\"robots\" content=\"index, follow, max-snippet:-1, max-image-preview:large, max-video-preview:-1\" \/>\n<link rel=\"canonical\" href=\"https:\/\/www.ghostysky.com\/pt\/produto-2\/landing-pad-in-pu-50cm-square-shape\/\" \/>\n<meta property=\"og:locale\" content=\"pt_PT\" \/>\n<meta property=\"og:type\" content=\"article\" \/>\n<meta property=\"og:title\" content=\"Square shape Landing Pad - 50x50cm (Polyurethane leather)\" \/>\n<meta property=\"og:description\" content=\"Landing pad in polyurethane leather with 50cm x 50cm, waterproof and foldable, very easy to spot and could be the perfect home point for takoff and landing for your drone.\" \/>\n<meta property=\"og:url\" content=\"https:\/\/www.ghostysky.com\/pt\/produto-2\/landing-pad-in-pu-50cm-square-shape\/\" \/>\n<meta property=\"og:site_name\" content=\"Ghostysky\" \/>\n<meta property=\"article:publisher\" content=\"https:\/\/www.facebook.com\/people\/Ghostysky\/100057676170234\/\" \/>\n<meta property=\"article:modified_time\" content=\"2024-10-27T21:31:15+00:00\" \/>\n<meta property=\"og:image\" content=\"https:\/\/www.ghostysky.com\/wp-content\/uploads\/2023\/10\/LP_PVC50cm_1.jpg\" \/>\n\t<meta property=\"og:image:width\" content=\"1500\" \/>\n\t<meta property=\"og:image:height\" content=\"1500\" \/>\n\t<meta property=\"og:image:type\" content=\"image\/jpeg\" \/>\n<meta name=\"twitter:card\" content=\"summary_large_image\" \/>\n<meta name=\"twitter:site\" content=\"@Gh0stysky\" \/>\n<meta name=\"twitter:label1\" content=\"Tempo estimado de leitura\" \/>\n\t<meta name=\"twitter:data1\" content=\"1 minuto\" \/>\n<script type=\"application\/ld+json\" class=\"yoast-schema-graph\">{\"@context\":\"https:\\\/\\\/schema.org\",\"@graph\":[{\"@type\":\"WebPage\",\"@id\":\"https:\\\/\\\/www.ghostysky.com\\\/product\\\/landing-pad-in-pu-50cm-square-shape\\\/\",\"url\":\"https:\\\/\\\/www.ghostysky.com\\\/product\\\/landing-pad-in-pu-50cm-square-shape\\\/\",\"name\":\"Square shape Landing Pad - 50x50cm (Polyurethane leather)\",\"isPartOf\":{\"@id\":\"https:\\\/\\\/www.ghostysky.com\\\/#website\"},\"primaryImageOfPage\":{\"@id\":\"https:\\\/\\\/www.ghostysky.com\\\/product\\\/landing-pad-in-pu-50cm-square-shape\\\/#primaryimage\"},\"image\":{\"@id\":\"https:\\\/\\\/www.ghostysky.com\\\/product\\\/landing-pad-in-pu-50cm-square-shape\\\/#primaryimage\"},\"thumbnailUrl\":\"https:\\\/\\\/www.ghostysky.com\\\/wp-content\\\/uploads\\\/2023\\\/10\\\/LP_PVC50cm_1.jpg\",\"datePublished\":\"2023-10-27T17:04:28+00:00\",\"dateModified\":\"2024-10-27T21:31:15+00:00\",\"description\":\"Landing pad in polyurethane leather with 50cm x 50cm, waterproof and foldable, very easy to spot and could be the perfect home point for takoff and landing for your drone.\",\"breadcrumb\":{\"@id\":\"https:\\\/\\\/www.ghostysky.com\\\/product\\\/landing-pad-in-pu-50cm-square-shape\\\/#breadcrumb\"},\"inLanguage\":\"pt-PT\",\"potentialAction\":[{\"@type\":\"ReadAction\",\"target\":[\"https:\\\/\\\/www.ghostysky.com\\\/product\\\/landing-pad-in-pu-50cm-square-shape\\\/\"]}]},{\"@type\":\"ImageObject\",\"inLanguage\":\"pt-PT\",\"@id\":\"https:\\\/\\\/www.ghostysky.com\\\/product\\\/landing-pad-in-pu-50cm-square-shape\\\/#primaryimage\",\"url\":\"https:\\\/\\\/www.ghostysky.com\\\/wp-content\\\/uploads\\\/2023\\\/10\\\/LP_PVC50cm_1.jpg\",\"contentUrl\":\"https:\\\/\\\/www.ghostysky.com\\\/wp-content\\\/uploads\\\/2023\\\/10\\\/LP_PVC50cm_1.jpg\",\"width\":1500,\"height\":1500},{\"@type\":\"BreadcrumbList\",\"@id\":\"https:\\\/\\\/www.ghostysky.com\\\/product\\\/landing-pad-in-pu-50cm-square-shape\\\/#breadcrumb\",\"itemListElement\":[{\"@type\":\"ListItem\",\"position\":1,\"name\":\"Home\",\"item\":\"https:\\\/\\\/www.ghostysky.com\\\/\"},{\"@type\":\"ListItem\",\"position\":2,\"name\":\"Shop\",\"item\":\"https:\\\/\\\/www.ghostysky.com\\\/shop\\\/\"},{\"@type\":\"ListItem\",\"position\":3,\"name\":\"Square shape Landing Pad &#8211; 50x50cm (Polyurethane leather)\"}]},{\"@type\":\"WebSite\",\"@id\":\"https:\\\/\\\/www.ghostysky.com\\\/#website\",\"url\":\"https:\\\/\\\/www.ghostysky.com\\\/\",\"name\":\"Ghostysky\",\"description\":\"Delivering professional drones and robotics solutions\",\"publisher\":{\"@id\":\"https:\\\/\\\/www.ghostysky.com\\\/#organization\"},\"potentialAction\":[{\"@type\":\"SearchAction\",\"target\":{\"@type\":\"EntryPoint\",\"urlTemplate\":\"https:\\\/\\\/www.ghostysky.com\\\/?s={search_term_string}\"},\"query-input\":{\"@type\":\"PropertyValueSpecification\",\"valueRequired\":true,\"valueName\":\"search_term_string\"}}],\"inLanguage\":\"pt-PT\"},{\"@type\":\"Organization\",\"@id\":\"https:\\\/\\\/www.ghostysky.com\\\/#organization\",\"name\":\"Ghostysky\",\"url\":\"https:\\\/\\\/www.ghostysky.com\\\/\",\"logo\":{\"@type\":\"ImageObject\",\"inLanguage\":\"pt-PT\",\"@id\":\"https:\\\/\\\/www.ghostysky.com\\\/#\\\/schema\\\/logo\\\/image\\\/\",\"url\":\"https:\\\/\\\/www.ghostysky.com\\\/wp-content\\\/uploads\\\/2020\\\/06\\\/cropped-ghostyskylogo_text_white2.png\",\"contentUrl\":\"https:\\\/\\\/www.ghostysky.com\\\/wp-content\\\/uploads\\\/2020\\\/06\\\/cropped-ghostyskylogo_text_white2.png\",\"width\":169,\"height\":56,\"caption\":\"Ghostysky\"},\"image\":{\"@id\":\"https:\\\/\\\/www.ghostysky.com\\\/#\\\/schema\\\/logo\\\/image\\\/\"},\"sameAs\":[\"https:\\\/\\\/www.facebook.com\\\/people\\\/Ghostysky\\\/100057676170234\\\/\",\"https:\\\/\\\/x.com\\\/Gh0stysky\",\"https:\\\/\\\/www.linkedin.com\\\/company\\\/34739653\",\"https:\\\/\\\/www.instagram.com\\\/gh0stysky\"]}]}<\/script>\n<!-- \/ Yoast SEO plugin. -->","yoast_head_json":{"title":"Almofada de pouso quadrada - 50x50cm (couro poliuretano)","description":"Almofada de pouso em couro poliuretano com 50cm x 50cm, imperme\u00e1vel e dobr\u00e1vel, muito f\u00e1cil de localizar e pode ser o ponto de partida perfeito para decolagem e pouso do seu drone.","robots":{"index":"index","follow":"follow","max-snippet":"max-snippet:-1","max-image-preview":"max-image-preview:large","max-video-preview":"max-video-preview:-1"},"canonical":"https:\/\/www.ghostysky.com\/pt\/produto-2\/landing-pad-in-pu-50cm-square-shape\/","og_locale":"pt_PT","og_type":"article","og_title":"Square shape Landing Pad - 50x50cm (Polyurethane leather)","og_description":"Landing pad in polyurethane leather with 50cm x 50cm, waterproof and foldable, very easy to spot and could be the perfect home point for takoff and landing for your drone.","og_url":"https:\/\/www.ghostysky.com\/pt\/produto-2\/landing-pad-in-pu-50cm-square-shape\/","og_site_name":"Ghostysky","article_publisher":"https:\/\/www.facebook.com\/people\/Ghostysky\/100057676170234\/","article_modified_time":"2024-10-27T21:31:15+00:00","og_image":[{"width":1500,"height":1500,"url":"https:\/\/www.ghostysky.com\/wp-content\/uploads\/2023\/10\/LP_PVC50cm_1.jpg","type":"image\/jpeg"}],"twitter_card":"summary_large_image","twitter_site":"@Gh0stysky","twitter_misc":{"Tempo estimado de leitura":"1 minuto"},"schema":{"@context":"https:\/\/schema.org","@graph":[{"@type":"WebPage","@id":"https:\/\/www.ghostysky.com\/product\/landing-pad-in-pu-50cm-square-shape\/","url":"https:\/\/www.ghostysky.com\/product\/landing-pad-in-pu-50cm-square-shape\/","name":"Almofada de pouso quadrada - 50x50cm (couro poliuretano)","isPartOf":{"@id":"https:\/\/www.ghostysky.com\/#website"},"primaryImageOfPage":{"@id":"https:\/\/www.ghostysky.com\/product\/landing-pad-in-pu-50cm-square-shape\/#primaryimage"},"image":{"@id":"https:\/\/www.ghostysky.com\/product\/landing-pad-in-pu-50cm-square-shape\/#primaryimage"},"thumbnailUrl":"https:\/\/www.ghostysky.com\/wp-content\/uploads\/2023\/10\/LP_PVC50cm_1.jpg","datePublished":"2023-10-27T17:04:28+00:00","dateModified":"2024-10-27T21:31:15+00:00","description":"Almofada de pouso em couro poliuretano com 50cm x 50cm, imperme\u00e1vel e dobr\u00e1vel, muito f\u00e1cil de localizar e pode ser o ponto de partida perfeito para decolagem e pouso do seu drone.","breadcrumb":{"@id":"https:\/\/www.ghostysky.com\/product\/landing-pad-in-pu-50cm-square-shape\/#breadcrumb"},"inLanguage":"pt-PT","potentialAction":[{"@type":"ReadAction","target":["https:\/\/www.ghostysky.com\/product\/landing-pad-in-pu-50cm-square-shape\/"]}]},{"@type":"ImageObject","inLanguage":"pt-PT","@id":"https:\/\/www.ghostysky.com\/product\/landing-pad-in-pu-50cm-square-shape\/#primaryimage","url":"https:\/\/www.ghostysky.com\/wp-content\/uploads\/2023\/10\/LP_PVC50cm_1.jpg","contentUrl":"https:\/\/www.ghostysky.com\/wp-content\/uploads\/2023\/10\/LP_PVC50cm_1.jpg","width":1500,"height":1500},{"@type":"BreadcrumbList","@id":"https:\/\/www.ghostysky.com\/product\/landing-pad-in-pu-50cm-square-shape\/#breadcrumb","itemListElement":[{"@type":"ListItem","position":1,"name":"Home","item":"https:\/\/www.ghostysky.com\/"},{"@type":"ListItem","position":2,"name":"Shop","item":"https:\/\/www.ghostysky.com\/shop\/"},{"@type":"ListItem","position":3,"name":"Square shape Landing Pad &#8211; 50x50cm (Polyurethane leather)"}]},{"@type":"WebSite","@id":"https:\/\/www.ghostysky.com\/#website","url":"https:\/\/www.ghostysky.com\/","name":"Ghostysky","description":"Fornecendo solu\u00e7\u00f5es profissionais em drones e rob\u00f3tica.","publisher":{"@id":"https:\/\/www.ghostysky.com\/#organization"},"potentialAction":[{"@type":"SearchAction","target":{"@type":"EntryPoint","urlTemplate":"https:\/\/www.ghostysky.com\/?s={search_term_string}"},"query-input":{"@type":"PropertyValueSpecification","valueRequired":true,"valueName":"search_term_string"}}],"inLanguage":"pt-PT"},{"@type":"Organization","@id":"https:\/\/www.ghostysky.com\/#organization","name":"Ghostysky","url":"https:\/\/www.ghostysky.com\/","logo":{"@type":"ImageObject","inLanguage":"pt-PT","@id":"https:\/\/www.ghostysky.com\/#\/schema\/logo\/image\/","url":"https:\/\/www.ghostysky.com\/wp-content\/uploads\/2020\/06\/cropped-ghostyskylogo_text_white2.png","contentUrl":"https:\/\/www.ghostysky.com\/wp-content\/uploads\/2020\/06\/cropped-ghostyskylogo_text_white2.png","width":169,"height":56,"caption":"Ghostysky"},"image":{"@id":"https:\/\/www.ghostysky.com\/#\/schema\/logo\/image\/"},"sameAs":["https:\/\/www.facebook.com\/people\/Ghostysky\/100057676170234\/","https:\/\/x.com\/Gh0stysky","https:\/\/www.linkedin.com\/company\/34739653","https:\/\/www.instagram.com\/gh0stysky"]}]}},"_links":{"self":[{"href":"https:\/\/www.ghostysky.com\/pt\/wp-json\/wp\/v2\/product\/13425","targetHints":{"allow":["GET"]}}],"collection":[{"href":"https:\/\/www.ghostysky.com\/pt\/wp-json\/wp\/v2\/product"}],"about":[{"href":"https:\/\/www.ghostysky.com\/pt\/wp-json\/wp\/v2\/types\/product"}],"replies":[{"embeddable":true,"href":"https:\/\/www.ghostysky.com\/pt\/wp-json\/wp\/v2\/comments?post=13425"}],"version-history":[{"count":0,"href":"https:\/\/www.ghostysky.com\/pt\/wp-json\/wp\/v2\/product\/13425\/revisions"}],"wp:featuredmedia":[{"embeddable":true,"href":"https:\/\/www.ghostysky.com\/pt\/wp-json\/wp\/v2\/media\/13426"}],"wp:attachment":[{"href":"https:\/\/www.ghostysky.com\/pt\/wp-json\/wp\/v2\/media?parent=13425"}],"wp:term":[{"taxonomy":"product_brand","embeddable":true,"href":"https:\/\/www.ghostysky.com\/pt\/wp-json\/wp\/v2\/product_brand?post=13425"},{"taxonomy":"product_cat","embeddable":true,"href":"https:\/\/www.ghostysky.com\/pt\/wp-json\/wp\/v2\/product_cat?post=13425"},{"taxonomy":"product_tag","embeddable":true,"href":"https:\/\/www.ghostysky.com\/pt\/wp-json\/wp\/v2\/product_tag?post=13425"}],"curies":[{"name":"wp","href":"https:\/\/api.w.org\/{rel}","templated":true}]}}