{"id":13430,"date":"2023-10-27T17:31:52","date_gmt":"2023-10-27T17:31:52","guid":{"rendered":"https:\/\/www.ghostysky.com\/?post_type=product&#038;p=13430"},"modified":"2024-02-28T09:49:58","modified_gmt":"2024-02-28T09:49:58","slug":"landing-pad-drone-design-in-pu-55cm-square-shape","status":"publish","type":"product","link":"https:\/\/www.ghostysky.com\/pt\/product\/landing-pad-drone-design-in-pu-55cm-square-shape\/","title":{"rendered":"Plataforma aterragem quadrada \u2013 55x55cm (couro poliuretano)"},"content":{"rendered":"<p><a href=\"https:\/\/www.ghostysky.com\/wp-content\/uploads\/2023\/10\/LP_STRC_NewPVCDrone_2.jpg\"><img fetchpriority=\"high\" decoding=\"async\" class=\"alignnone wp-image-13442 size-full lazyload\" src=\"data:image\/gif;base64,R0lGODlhAQABAAAAACH5BAEKAAEALAAAAAABAAEAAAICTAEAOw==\" alt=\"\" width=\"750\" height=\"750\" sizes=\"(max-width: 750px) 100vw, 750px\" data-src=\"https:\/\/www.ghostysky.com\/wp-content\/uploads\/2023\/10\/LP_STRC_NewPVCDrone_2.jpg\" data-srcset=\"https:\/\/www.ghostysky.com\/wp-content\/uploads\/2023\/10\/LP_STRC_NewPVCDrone_2.jpg 750w, https:\/\/www.ghostysky.com\/wp-content\/uploads\/2023\/10\/LP_STRC_NewPVCDrone_2-300x300.jpg 300w, https:\/\/www.ghostysky.com\/wp-content\/uploads\/2023\/10\/LP_STRC_NewPVCDrone_2-150x150.jpg 150w, https:\/\/www.ghostysky.com\/wp-content\/uploads\/2023\/10\/LP_STRC_NewPVCDrone_2-12x12.jpg 12w, https:\/\/www.ghostysky.com\/wp-content\/uploads\/2023\/10\/LP_STRC_NewPVCDrone_2-720x720.jpg 720w, https:\/\/www.ghostysky.com\/wp-content\/uploads\/2023\/10\/LP_STRC_NewPVCDrone_2-360x360.jpg 360w, https:\/\/www.ghostysky.com\/wp-content\/uploads\/2023\/10\/LP_STRC_NewPVCDrone_2-600x600.jpg 600w, https:\/\/www.ghostysky.com\/wp-content\/uploads\/2023\/10\/LP_STRC_NewPVCDrone_2-100x100.jpg 100w\"><\/a><a href=\"https:\/\/www.ghostysky.com\/wp-content\/uploads\/2023\/10\/LP_STRC_NewPVCDrone_3.jpg\"><img decoding=\"async\" class=\"alignnone wp-image-13441 size-full lazyload\" src=\"data:image\/gif;base64,R0lGODlhAQABAAAAACH5BAEKAAEALAAAAAABAAEAAAICTAEAOw==\" alt=\"\" width=\"750\" height=\"750\" sizes=\"(max-width: 750px) 100vw, 750px\" data-src=\"https:\/\/www.ghostysky.com\/wp-content\/uploads\/2023\/10\/LP_STRC_NewPVCDrone_3.jpg\" data-srcset=\"https:\/\/www.ghostysky.com\/wp-content\/uploads\/2023\/10\/LP_STRC_NewPVCDrone_3.jpg 750w, https:\/\/www.ghostysky.com\/wp-content\/uploads\/2023\/10\/LP_STRC_NewPVCDrone_3-300x300.jpg 300w, https:\/\/www.ghostysky.com\/wp-content\/uploads\/2023\/10\/LP_STRC_NewPVCDrone_3-150x150.jpg 150w, https:\/\/www.ghostysky.com\/wp-content\/uploads\/2023\/10\/LP_STRC_NewPVCDrone_3-12x12.jpg 12w, https:\/\/www.ghostysky.com\/wp-content\/uploads\/2023\/10\/LP_STRC_NewPVCDrone_3-720x720.jpg 720w, https:\/\/www.ghostysky.com\/wp-content\/uploads\/2023\/10\/LP_STRC_NewPVCDrone_3-360x360.jpg 360w, https:\/\/www.ghostysky.com\/wp-content\/uploads\/2023\/10\/LP_STRC_NewPVCDrone_3-600x600.jpg 600w, https:\/\/www.ghostysky.com\/wp-content\/uploads\/2023\/10\/LP_STRC_NewPVCDrone_3-100x100.jpg 100w\"><\/a><a href=\"https:\/\/www.ghostysky.com\/wp-content\/uploads\/2023\/10\/LP_STRC_NewPVCDrone_4.jpg\"><img decoding=\"async\" class=\"alignnone wp-image-13440 size-full lazyload\" src=\"data:image\/gif;base64,R0lGODlhAQABAAAAACH5BAEKAAEALAAAAAABAAEAAAICTAEAOw==\" alt=\"\" width=\"750\" height=\"750\" sizes=\"(max-width: 750px) 100vw, 750px\" data-src=\"https:\/\/www.ghostysky.com\/wp-content\/uploads\/2023\/10\/LP_STRC_NewPVCDrone_4.jpg\" data-srcset=\"https:\/\/www.ghostysky.com\/wp-content\/uploads\/2023\/10\/LP_STRC_NewPVCDrone_4.jpg 750w, https:\/\/www.ghostysky.com\/wp-content\/uploads\/2023\/10\/LP_STRC_NewPVCDrone_4-300x300.jpg 300w, https:\/\/www.ghostysky.com\/wp-content\/uploads\/2023\/10\/LP_STRC_NewPVCDrone_4-150x150.jpg 150w, https:\/\/www.ghostysky.com\/wp-content\/uploads\/2023\/10\/LP_STRC_NewPVCDrone_4-12x12.jpg 12w, https:\/\/www.ghostysky.com\/wp-content\/uploads\/2023\/10\/LP_STRC_NewPVCDrone_4-720x720.jpg 720w, https:\/\/www.ghostysky.com\/wp-content\/uploads\/2023\/10\/LP_STRC_NewPVCDrone_4-360x360.jpg 360w, https:\/\/www.ghostysky.com\/wp-content\/uploads\/2023\/10\/LP_STRC_NewPVCDrone_4-600x600.jpg 600w, https:\/\/www.ghostysky.com\/wp-content\/uploads\/2023\/10\/LP_STRC_NewPVCDrone_4-100x100.jpg 100w\"><\/a><a href=\"https:\/\/www.ghostysky.com\/wp-content\/uploads\/2023\/10\/LP_STRC_NewPVCDrone_5.jpg\"><img loading=\"lazy\" decoding=\"async\" class=\"alignnone wp-image-13439 size-full lazyload\" src=\"data:image\/gif;base64,R0lGODlhAQABAAAAACH5BAEKAAEALAAAAAABAAEAAAICTAEAOw==\" alt=\"\" width=\"750\" height=\"750\" sizes=\"(max-width: 750px) 100vw, 750px\" data-src=\"https:\/\/www.ghostysky.com\/wp-content\/uploads\/2023\/10\/LP_STRC_NewPVCDrone_5.jpg\" data-srcset=\"https:\/\/www.ghostysky.com\/wp-content\/uploads\/2023\/10\/LP_STRC_NewPVCDrone_5.jpg 750w, https:\/\/www.ghostysky.com\/wp-content\/uploads\/2023\/10\/LP_STRC_NewPVCDrone_5-300x300.jpg 300w, https:\/\/www.ghostysky.com\/wp-content\/uploads\/2023\/10\/LP_STRC_NewPVCDrone_5-150x150.jpg 150w, https:\/\/www.ghostysky.com\/wp-content\/uploads\/2023\/10\/LP_STRC_NewPVCDrone_5-12x12.jpg 12w, https:\/\/www.ghostysky.com\/wp-content\/uploads\/2023\/10\/LP_STRC_NewPVCDrone_5-720x720.jpg 720w, https:\/\/www.ghostysky.com\/wp-content\/uploads\/2023\/10\/LP_STRC_NewPVCDrone_5-360x360.jpg 360w, https:\/\/www.ghostysky.com\/wp-content\/uploads\/2023\/10\/LP_STRC_NewPVCDrone_5-600x600.jpg 600w, https:\/\/www.ghostysky.com\/wp-content\/uploads\/2023\/10\/LP_STRC_NewPVCDrone_5-100x100.jpg 100w\"><\/a><a href=\"https:\/\/www.ghostysky.com\/wp-content\/uploads\/2023\/10\/LP_STRC_NewPVCDrone_6.jpg\"><img loading=\"lazy\" decoding=\"async\" class=\"alignnone wp-image-13438 size-full lazyload\" src=\"data:image\/gif;base64,R0lGODlhAQABAAAAACH5BAEKAAEALAAAAAABAAEAAAICTAEAOw==\" alt=\"\" width=\"750\" height=\"750\" sizes=\"(max-width: 750px) 100vw, 750px\" data-src=\"https:\/\/www.ghostysky.com\/wp-content\/uploads\/2023\/10\/LP_STRC_NewPVCDrone_6.jpg\" data-srcset=\"https:\/\/www.ghostysky.com\/wp-content\/uploads\/2023\/10\/LP_STRC_NewPVCDrone_6.jpg 750w, https:\/\/www.ghostysky.com\/wp-content\/uploads\/2023\/10\/LP_STRC_NewPVCDrone_6-300x300.jpg 300w, https:\/\/www.ghostysky.com\/wp-content\/uploads\/2023\/10\/LP_STRC_NewPVCDrone_6-150x150.jpg 150w, https:\/\/www.ghostysky.com\/wp-content\/uploads\/2023\/10\/LP_STRC_NewPVCDrone_6-12x12.jpg 12w, https:\/\/www.ghostysky.com\/wp-content\/uploads\/2023\/10\/LP_STRC_NewPVCDrone_6-720x720.jpg 720w, https:\/\/www.ghostysky.com\/wp-content\/uploads\/2023\/10\/LP_STRC_NewPVCDrone_6-360x360.jpg 360w, https:\/\/www.ghostysky.com\/wp-content\/uploads\/2023\/10\/LP_STRC_NewPVCDrone_6-600x600.jpg 600w, https:\/\/www.ghostysky.com\/wp-content\/uploads\/2023\/10\/LP_STRC_NewPVCDrone_6-100x100.jpg 100w\"><\/a><a href=\"https:\/\/www.ghostysky.com\/wp-content\/uploads\/2023\/10\/LP_STRC_NewPVCDrone_12.jpg\"><img loading=\"lazy\" decoding=\"async\" class=\"alignnone wp-image-13432 size-full lazyload\" src=\"data:image\/gif;base64,R0lGODlhAQABAAAAACH5BAEKAAEALAAAAAABAAEAAAICTAEAOw==\" alt=\"\" width=\"750\" height=\"750\" sizes=\"(max-width: 750px) 100vw, 750px\" data-src=\"https:\/\/www.ghostysky.com\/wp-content\/uploads\/2023\/10\/LP_STRC_NewPVCDrone_12.jpg\" data-srcset=\"https:\/\/www.ghostysky.com\/wp-content\/uploads\/2023\/10\/LP_STRC_NewPVCDrone_12.jpg 750w, https:\/\/www.ghostysky.com\/wp-content\/uploads\/2023\/10\/LP_STRC_NewPVCDrone_12-300x300.jpg 300w, https:\/\/www.ghostysky.com\/wp-content\/uploads\/2023\/10\/LP_STRC_NewPVCDrone_12-150x150.jpg 150w, https:\/\/www.ghostysky.com\/wp-content\/uploads\/2023\/10\/LP_STRC_NewPVCDrone_12-12x12.jpg 12w, https:\/\/www.ghostysky.com\/wp-content\/uploads\/2023\/10\/LP_STRC_NewPVCDrone_12-720x720.jpg 720w, https:\/\/www.ghostysky.com\/wp-content\/uploads\/2023\/10\/LP_STRC_NewPVCDrone_12-360x360.jpg 360w, https:\/\/www.ghostysky.com\/wp-content\/uploads\/2023\/10\/LP_STRC_NewPVCDrone_12-600x600.jpg 600w, https:\/\/www.ghostysky.com\/wp-content\/uploads\/2023\/10\/LP_STRC_NewPVCDrone_12-100x100.jpg 100w\"><\/a><a href=\"https:\/\/www.ghostysky.com\/wp-content\/uploads\/2023\/10\/LP_STRC_NewPVCDrone_13.jpg\"><img loading=\"lazy\" decoding=\"async\" class=\"alignnone wp-image-13431 size-full lazyload\" src=\"data:image\/gif;base64,R0lGODlhAQABAAAAACH5BAEKAAEALAAAAAABAAEAAAICTAEAOw==\" alt=\"\" width=\"750\" height=\"750\" sizes=\"(max-width: 750px) 100vw, 750px\" data-src=\"https:\/\/www.ghostysky.com\/wp-content\/uploads\/2023\/10\/LP_STRC_NewPVCDrone_13.jpg\" data-srcset=\"https:\/\/www.ghostysky.com\/wp-content\/uploads\/2023\/10\/LP_STRC_NewPVCDrone_13.jpg 750w, https:\/\/www.ghostysky.com\/wp-content\/uploads\/2023\/10\/LP_STRC_NewPVCDrone_13-300x300.jpg 300w, https:\/\/www.ghostysky.com\/wp-content\/uploads\/2023\/10\/LP_STRC_NewPVCDrone_13-150x150.jpg 150w, https:\/\/www.ghostysky.com\/wp-content\/uploads\/2023\/10\/LP_STRC_NewPVCDrone_13-12x12.jpg 12w, https:\/\/www.ghostysky.com\/wp-content\/uploads\/2023\/10\/LP_STRC_NewPVCDrone_13-720x720.jpg 720w, https:\/\/www.ghostysky.com\/wp-content\/uploads\/2023\/10\/LP_STRC_NewPVCDrone_13-360x360.jpg 360w, https:\/\/www.ghostysky.com\/wp-content\/uploads\/2023\/10\/LP_STRC_NewPVCDrone_13-600x600.jpg 600w, https:\/\/www.ghostysky.com\/wp-content\/uploads\/2023\/10\/LP_STRC_NewPVCDrone_13-100x100.jpg 100w\"><\/a><\/p>","protected":false},"excerpt":{"rendered":"<p class=\"translation-block\">Paltaforma de aterragem para drone de formato quadrado vers\u00e3o \"Drone Design\" em couro de poliuretano, uma <strong>plataforma de aterragem r\u00e1pida dobr\u00e1vel de 55 cm<\/strong> (25 polegadas) universal para drones Yuneec, DJI, Autel, Swellpro e muito mais.<\/p>","protected":false},"featured_media":13443,"comment_status":"open","ping_status":"closed","template":"","meta":[],"product_brand":[],"product_cat":[461,559],"product_tag":[571,572,563,568,582],"class_list":{"0":"post-13430","1":"product","2":"type-product","3":"status-publish","4":"has-post-thumbnail","6":"product_cat-accessories-2","7":"product_cat-landing-pad-gcp-gound-targets","8":"product_tag-55cm","9":"product_tag-drone-design","10":"product_tag-landing-pad","11":"product_tag-pu","12":"product_tag-square-shape","14":"first","15":"onbackorder","16":"taxable","17":"shipping-taxable","18":"purchasable","19":"product-type-simple"},"yoast_head":"<!-- This site is optimized with the Yoast SEO plugin v27.4 - https:\/\/yoast.com\/product\/yoast-seo-wordpress\/ -->\n<title>Square shape Landing pad &quot;Drone Design&quot; - 55x55cm (Polyurethane leather)<\/title>\n<meta name=\"description\" content=\"Landing pad (drone design) in polyurethane leather with 55cm x 55cm, waterproof and foldable, very easy to spot and could be the perfect home point for takoff and landing for your drone.\" \/>\n<meta name=\"robots\" content=\"index, follow, max-snippet:-1, max-image-preview:large, max-video-preview:-1\" \/>\n<link rel=\"canonical\" href=\"https:\/\/www.ghostysky.com\/pt\/produto-2\/landing-pad-drone-design-in-pu-55cm-square-shape\/\" \/>\n<meta property=\"og:locale\" content=\"pt_PT\" \/>\n<meta property=\"og:type\" content=\"article\" \/>\n<meta property=\"og:title\" content=\"Square shape Landing pad &quot;Drone Design&quot; - 55x55cm (Polyurethane leather)\" \/>\n<meta property=\"og:description\" content=\"Landing pad (drone design) in polyurethane leather with 55cm x 55cm, waterproof and foldable, very easy to spot and could be the perfect home point for takoff and landing for your drone.\" \/>\n<meta property=\"og:url\" content=\"https:\/\/www.ghostysky.com\/pt\/produto-2\/landing-pad-drone-design-in-pu-55cm-square-shape\/\" \/>\n<meta property=\"og:site_name\" content=\"Ghostysky\" \/>\n<meta property=\"article:publisher\" content=\"https:\/\/www.facebook.com\/people\/Ghostysky\/100057676170234\/\" \/>\n<meta property=\"article:modified_time\" content=\"2024-02-28T09:49:58+00:00\" \/>\n<meta property=\"og:image\" content=\"https:\/\/www.ghostysky.com\/wp-content\/uploads\/2023\/10\/LP_STRC_NewPVCDrone_1.jpg\" \/>\n\t<meta property=\"og:image:width\" content=\"750\" \/>\n\t<meta property=\"og:image:height\" content=\"750\" \/>\n\t<meta property=\"og:image:type\" content=\"image\/jpeg\" \/>\n<meta name=\"twitter:card\" content=\"summary_large_image\" \/>\n<meta name=\"twitter:site\" content=\"@Gh0stysky\" \/>\n<meta name=\"twitter:label1\" content=\"Tempo estimado de leitura\" \/>\n\t<meta name=\"twitter:data1\" content=\"2 minutos\" \/>\n<script type=\"application\/ld+json\" class=\"yoast-schema-graph\">{\"@context\":\"https:\\\/\\\/schema.org\",\"@graph\":[{\"@type\":\"WebPage\",\"@id\":\"https:\\\/\\\/www.ghostysky.com\\\/product\\\/landing-pad-drone-design-in-pu-55cm-square-shape\\\/\",\"url\":\"https:\\\/\\\/www.ghostysky.com\\\/product\\\/landing-pad-drone-design-in-pu-55cm-square-shape\\\/\",\"name\":\"Square shape Landing pad \\\"Drone Design\\\" - 55x55cm (Polyurethane leather)\",\"isPartOf\":{\"@id\":\"https:\\\/\\\/www.ghostysky.com\\\/#website\"},\"primaryImageOfPage\":{\"@id\":\"https:\\\/\\\/www.ghostysky.com\\\/product\\\/landing-pad-drone-design-in-pu-55cm-square-shape\\\/#primaryimage\"},\"image\":{\"@id\":\"https:\\\/\\\/www.ghostysky.com\\\/product\\\/landing-pad-drone-design-in-pu-55cm-square-shape\\\/#primaryimage\"},\"thumbnailUrl\":\"https:\\\/\\\/www.ghostysky.com\\\/wp-content\\\/uploads\\\/2023\\\/10\\\/LP_STRC_NewPVCDrone_1.jpg\",\"datePublished\":\"2023-10-27T17:31:52+00:00\",\"dateModified\":\"2024-02-28T09:49:58+00:00\",\"description\":\"Landing pad (drone design) in polyurethane leather with 55cm x 55cm, waterproof and foldable, very easy to spot and could be the perfect home point for takoff and landing for your drone.\",\"breadcrumb\":{\"@id\":\"https:\\\/\\\/www.ghostysky.com\\\/product\\\/landing-pad-drone-design-in-pu-55cm-square-shape\\\/#breadcrumb\"},\"inLanguage\":\"pt-PT\",\"potentialAction\":[{\"@type\":\"ReadAction\",\"target\":[\"https:\\\/\\\/www.ghostysky.com\\\/product\\\/landing-pad-drone-design-in-pu-55cm-square-shape\\\/\"]}]},{\"@type\":\"ImageObject\",\"inLanguage\":\"pt-PT\",\"@id\":\"https:\\\/\\\/www.ghostysky.com\\\/product\\\/landing-pad-drone-design-in-pu-55cm-square-shape\\\/#primaryimage\",\"url\":\"https:\\\/\\\/www.ghostysky.com\\\/wp-content\\\/uploads\\\/2023\\\/10\\\/LP_STRC_NewPVCDrone_1.jpg\",\"contentUrl\":\"https:\\\/\\\/www.ghostysky.com\\\/wp-content\\\/uploads\\\/2023\\\/10\\\/LP_STRC_NewPVCDrone_1.jpg\",\"width\":750,\"height\":750},{\"@type\":\"BreadcrumbList\",\"@id\":\"https:\\\/\\\/www.ghostysky.com\\\/product\\\/landing-pad-drone-design-in-pu-55cm-square-shape\\\/#breadcrumb\",\"itemListElement\":[{\"@type\":\"ListItem\",\"position\":1,\"name\":\"Home\",\"item\":\"https:\\\/\\\/www.ghostysky.com\\\/\"},{\"@type\":\"ListItem\",\"position\":2,\"name\":\"Shop\",\"item\":\"https:\\\/\\\/www.ghostysky.com\\\/shop\\\/\"},{\"@type\":\"ListItem\",\"position\":3,\"name\":\"Square shape Landing pad &#8220;Drone Design&#8221; &#8211; 55x55cm (Polyurethane leather)\"}]},{\"@type\":\"WebSite\",\"@id\":\"https:\\\/\\\/www.ghostysky.com\\\/#website\",\"url\":\"https:\\\/\\\/www.ghostysky.com\\\/\",\"name\":\"Ghostysky\",\"description\":\"Delivering professional drones and robotics solutions\",\"publisher\":{\"@id\":\"https:\\\/\\\/www.ghostysky.com\\\/#organization\"},\"potentialAction\":[{\"@type\":\"SearchAction\",\"target\":{\"@type\":\"EntryPoint\",\"urlTemplate\":\"https:\\\/\\\/www.ghostysky.com\\\/?s={search_term_string}\"},\"query-input\":{\"@type\":\"PropertyValueSpecification\",\"valueRequired\":true,\"valueName\":\"search_term_string\"}}],\"inLanguage\":\"pt-PT\"},{\"@type\":\"Organization\",\"@id\":\"https:\\\/\\\/www.ghostysky.com\\\/#organization\",\"name\":\"Ghostysky\",\"url\":\"https:\\\/\\\/www.ghostysky.com\\\/\",\"logo\":{\"@type\":\"ImageObject\",\"inLanguage\":\"pt-PT\",\"@id\":\"https:\\\/\\\/www.ghostysky.com\\\/#\\\/schema\\\/logo\\\/image\\\/\",\"url\":\"https:\\\/\\\/www.ghostysky.com\\\/wp-content\\\/uploads\\\/2020\\\/06\\\/cropped-ghostyskylogo_text_white2.png\",\"contentUrl\":\"https:\\\/\\\/www.ghostysky.com\\\/wp-content\\\/uploads\\\/2020\\\/06\\\/cropped-ghostyskylogo_text_white2.png\",\"width\":169,\"height\":56,\"caption\":\"Ghostysky\"},\"image\":{\"@id\":\"https:\\\/\\\/www.ghostysky.com\\\/#\\\/schema\\\/logo\\\/image\\\/\"},\"sameAs\":[\"https:\\\/\\\/www.facebook.com\\\/people\\\/Ghostysky\\\/100057676170234\\\/\",\"https:\\\/\\\/x.com\\\/Gh0stysky\",\"https:\\\/\\\/www.linkedin.com\\\/company\\\/34739653\",\"https:\\\/\\\/www.instagram.com\\\/gh0stysky\"]}]}<\/script>\n<!-- \/ Yoast SEO plugin. -->","yoast_head_json":{"title":"Almofada de pouso quadrada &quot;Drone Design&quot; - 55x55cm (couro poliuretano)","description":"Plataforma de pouso (design drone) em couro poliuretano com 55cm x 55cm, imperme\u00e1vel e dobr\u00e1vel, muito f\u00e1cil de localizar e pode ser o ponto de partida perfeito para decolagem e pouso do seu drone.","robots":{"index":"index","follow":"follow","max-snippet":"max-snippet:-1","max-image-preview":"max-image-preview:large","max-video-preview":"max-video-preview:-1"},"canonical":"https:\/\/www.ghostysky.com\/pt\/produto-2\/landing-pad-drone-design-in-pu-55cm-square-shape\/","og_locale":"pt_PT","og_type":"article","og_title":"Square shape Landing pad \"Drone Design\" - 55x55cm (Polyurethane leather)","og_description":"Landing pad (drone design) in polyurethane leather with 55cm x 55cm, waterproof and foldable, very easy to spot and could be the perfect home point for takoff and landing for your drone.","og_url":"https:\/\/www.ghostysky.com\/pt\/produto-2\/landing-pad-drone-design-in-pu-55cm-square-shape\/","og_site_name":"Ghostysky","article_publisher":"https:\/\/www.facebook.com\/people\/Ghostysky\/100057676170234\/","article_modified_time":"2024-02-28T09:49:58+00:00","og_image":[{"width":750,"height":750,"url":"https:\/\/www.ghostysky.com\/wp-content\/uploads\/2023\/10\/LP_STRC_NewPVCDrone_1.jpg","type":"image\/jpeg"}],"twitter_card":"summary_large_image","twitter_site":"@Gh0stysky","twitter_misc":{"Tempo estimado de leitura":"2 minutos"},"schema":{"@context":"https:\/\/schema.org","@graph":[{"@type":"WebPage","@id":"https:\/\/www.ghostysky.com\/product\/landing-pad-drone-design-in-pu-55cm-square-shape\/","url":"https:\/\/www.ghostysky.com\/product\/landing-pad-drone-design-in-pu-55cm-square-shape\/","name":"Almofada de pouso quadrada &quot;Drone Design&quot; - 55x55cm (couro poliuretano)","isPartOf":{"@id":"https:\/\/www.ghostysky.com\/#website"},"primaryImageOfPage":{"@id":"https:\/\/www.ghostysky.com\/product\/landing-pad-drone-design-in-pu-55cm-square-shape\/#primaryimage"},"image":{"@id":"https:\/\/www.ghostysky.com\/product\/landing-pad-drone-design-in-pu-55cm-square-shape\/#primaryimage"},"thumbnailUrl":"https:\/\/www.ghostysky.com\/wp-content\/uploads\/2023\/10\/LP_STRC_NewPVCDrone_1.jpg","datePublished":"2023-10-27T17:31:52+00:00","dateModified":"2024-02-28T09:49:58+00:00","description":"Plataforma de pouso (design drone) em couro poliuretano com 55cm x 55cm, imperme\u00e1vel e dobr\u00e1vel, muito f\u00e1cil de localizar e pode ser o ponto de partida perfeito para decolagem e pouso do seu drone.","breadcrumb":{"@id":"https:\/\/www.ghostysky.com\/product\/landing-pad-drone-design-in-pu-55cm-square-shape\/#breadcrumb"},"inLanguage":"pt-PT","potentialAction":[{"@type":"ReadAction","target":["https:\/\/www.ghostysky.com\/product\/landing-pad-drone-design-in-pu-55cm-square-shape\/"]}]},{"@type":"ImageObject","inLanguage":"pt-PT","@id":"https:\/\/www.ghostysky.com\/product\/landing-pad-drone-design-in-pu-55cm-square-shape\/#primaryimage","url":"https:\/\/www.ghostysky.com\/wp-content\/uploads\/2023\/10\/LP_STRC_NewPVCDrone_1.jpg","contentUrl":"https:\/\/www.ghostysky.com\/wp-content\/uploads\/2023\/10\/LP_STRC_NewPVCDrone_1.jpg","width":750,"height":750},{"@type":"BreadcrumbList","@id":"https:\/\/www.ghostysky.com\/product\/landing-pad-drone-design-in-pu-55cm-square-shape\/#breadcrumb","itemListElement":[{"@type":"ListItem","position":1,"name":"Home","item":"https:\/\/www.ghostysky.com\/"},{"@type":"ListItem","position":2,"name":"Shop","item":"https:\/\/www.ghostysky.com\/shop\/"},{"@type":"ListItem","position":3,"name":"Square shape Landing pad &#8220;Drone Design&#8221; &#8211; 55x55cm (Polyurethane leather)"}]},{"@type":"WebSite","@id":"https:\/\/www.ghostysky.com\/#website","url":"https:\/\/www.ghostysky.com\/","name":"Ghostysky","description":"Fornecendo solu\u00e7\u00f5es profissionais em drones e rob\u00f3tica.","publisher":{"@id":"https:\/\/www.ghostysky.com\/#organization"},"potentialAction":[{"@type":"SearchAction","target":{"@type":"EntryPoint","urlTemplate":"https:\/\/www.ghostysky.com\/?s={search_term_string}"},"query-input":{"@type":"PropertyValueSpecification","valueRequired":true,"valueName":"search_term_string"}}],"inLanguage":"pt-PT"},{"@type":"Organization","@id":"https:\/\/www.ghostysky.com\/#organization","name":"Ghostysky","url":"https:\/\/www.ghostysky.com\/","logo":{"@type":"ImageObject","inLanguage":"pt-PT","@id":"https:\/\/www.ghostysky.com\/#\/schema\/logo\/image\/","url":"https:\/\/www.ghostysky.com\/wp-content\/uploads\/2020\/06\/cropped-ghostyskylogo_text_white2.png","contentUrl":"https:\/\/www.ghostysky.com\/wp-content\/uploads\/2020\/06\/cropped-ghostyskylogo_text_white2.png","width":169,"height":56,"caption":"Ghostysky"},"image":{"@id":"https:\/\/www.ghostysky.com\/#\/schema\/logo\/image\/"},"sameAs":["https:\/\/www.facebook.com\/people\/Ghostysky\/100057676170234\/","https:\/\/x.com\/Gh0stysky","https:\/\/www.linkedin.com\/company\/34739653","https:\/\/www.instagram.com\/gh0stysky"]}]}},"_links":{"self":[{"href":"https:\/\/www.ghostysky.com\/pt\/wp-json\/wp\/v2\/product\/13430","targetHints":{"allow":["GET"]}}],"collection":[{"href":"https:\/\/www.ghostysky.com\/pt\/wp-json\/wp\/v2\/product"}],"about":[{"href":"https:\/\/www.ghostysky.com\/pt\/wp-json\/wp\/v2\/types\/product"}],"replies":[{"embeddable":true,"href":"https:\/\/www.ghostysky.com\/pt\/wp-json\/wp\/v2\/comments?post=13430"}],"version-history":[{"count":0,"href":"https:\/\/www.ghostysky.com\/pt\/wp-json\/wp\/v2\/product\/13430\/revisions"}],"wp:featuredmedia":[{"embeddable":true,"href":"https:\/\/www.ghostysky.com\/pt\/wp-json\/wp\/v2\/media\/13443"}],"wp:attachment":[{"href":"https:\/\/www.ghostysky.com\/pt\/wp-json\/wp\/v2\/media?parent=13430"}],"wp:term":[{"taxonomy":"product_brand","embeddable":true,"href":"https:\/\/www.ghostysky.com\/pt\/wp-json\/wp\/v2\/product_brand?post=13430"},{"taxonomy":"product_cat","embeddable":true,"href":"https:\/\/www.ghostysky.com\/pt\/wp-json\/wp\/v2\/product_cat?post=13430"},{"taxonomy":"product_tag","embeddable":true,"href":"https:\/\/www.ghostysky.com\/pt\/wp-json\/wp\/v2\/product_tag?post=13430"}],"curies":[{"name":"wp","href":"https:\/\/api.w.org\/{rel}","templated":true}]}}