{"id":13468,"date":"2023-10-27T18:14:54","date_gmt":"2023-10-27T18:14:54","guid":{"rendered":"https:\/\/www.ghostysky.com\/?post_type=product&#038;p=13468"},"modified":"2024-12-10T09:09:22","modified_gmt":"2024-12-10T09:09:22","slug":"gcp-aerial-targets-pack-of-5-units-model-p-60cm","status":"publish","type":"product","link":"https:\/\/www.ghostysky.com\/pt\/product\/gcp-aerial-targets-pack-of-5-units-model-p-60cm\/","title":{"rendered":"Alvos A\u00e9reos GCP (Pacote de 5 unidades) \u2013 Modelo P (60x60cm)"},"content":{"rendered":"<div class=\"a-row\">\n<div class=\"a-column a-span6\">\n<h1 class=\"a-size-medium a-spacing-small\">Detalhes t\u00e9cnicos<\/h1>\n<\/div>\n<\/div>\n<div class=\"a-expander-content a-expander-extend-content\" aria-expanded=\"true\">\n<div class=\"a-row a-expander-container a-expander-inline-container\">\n<div class=\"a-expander-content a-expander-section-content a-section-expander-inner\" aria-expanded=\"true\">\n<table id=\"productDetails_techSpec_section_1\" class=\"a-keyvalue prodDetTable\" role=\"presentation\">\n<tbody>\n<tr>\n<th class=\"a-color-secondary a-size-base prodDetSectionEntry\">Dimens\u00f5es do pacote do item C x L x A<\/th>\n<td class=\"a-size-base prodDetAttrValue\">\u200e14,15 x 13,9 x 1,73 polegadas<\/td>\n<\/tr>\n<tr>\n<th class=\"a-color-secondary a-size-base prodDetSectionEntry\">Peso do pacote<\/th>\n<td class=\"a-size-base prodDetAttrValue\">\u200e0,75 quilogramas<\/td>\n<\/tr>\n<tr>\n<th class=\"a-color-secondary a-size-base prodDetSectionEntry\">Dimens\u00f5es do item CxLxA<\/th>\n<td class=\"a-size-base prodDetAttrValue\">24 x 24 x 0,12 polegadas<\/td>\n<\/tr>\n<tr>\n<th class=\"a-color-secondary a-size-base prodDetSectionEntry\">Marca<\/th>\n<td class=\"a-size-base prodDetAttrValue\">GHSTY<\/td>\n<\/tr>\n<tr>\n<th class=\"a-color-secondary a-size-base prodDetSectionEntry\">Nome do modelo<\/th>\n<td class=\"a-size-base prodDetAttrValue\">Modelo P<\/td>\n<\/tr>\n<tr>\n<th class=\"a-color-secondary a-size-base prodDetSectionEntry\">Cor<\/th>\n<td class=\"a-size-base prodDetAttrValue\">\u200ePreto e Branco<\/td>\n<\/tr>\n<tr>\n<th class=\"a-color-secondary a-size-base prodDetSectionEntry\">Material<\/th>\n<td class=\"a-size-base prodDetAttrValue\">\u200eMalha de vinil<\/td>\n<\/tr>\n<tr>\n<th class=\"a-color-secondary a-size-base prodDetSectionEntry\">Pacote<\/th>\n<td class=\"a-size-base prodDetAttrValue\">5 unidades<\/td>\n<\/tr>\n<tr>\n<th class=\"a-color-secondary a-size-base prodDetSectionEntry\">Tamanho (cm)<\/th>\n<td class=\"a-size-base prodDetAttrValue\">\u200e60,96cm x 60,96cm<\/td>\n<\/tr>\n<\/tbody>\n<\/table>\n<\/div>\n<\/div>\n<\/div>","protected":false},"excerpt":{"rendered":"<p>Estes GCPs leves e dobr\u00e1veis s\u00e3o extremamente f\u00e1ceis de transportar. Se o vento for uma preocupa\u00e7\u00e3o, basta usar os 4 ilh\u00f3s de canto para fixar o GCP ao solo e garantir que este permane\u00e7a no seu lugar. Para os levantamentos, basta colocar o bast\u00e3o de levantamento na \u00e1rea do recorte central de 3\u2033 x 3\u2033 do GCP, para realizar mapeamentos a\u00e9reos precisos com coordenadas pr\u00e9-estabelecidas. Com um tamanho ideal de 60 cm por 60 cm, estes GCPs s\u00e3o perfeitos para o mapeamento de UAVs. Eleve os seus mapeamentos com drones para novos patamares, adquira hoje este novo conjunto de 5 GCPs!<\/p>","protected":false},"featured_media":13472,"comment_status":"open","ping_status":"closed","template":"","meta":[],"product_brand":[],"product_cat":[461,559],"product_tag":[575,576,574,578],"class_list":{"0":"post-13468","1":"product","2":"type-product","3":"status-publish","4":"has-post-thumbnail","6":"product_cat-accessories-2","7":"product_cat-landing-pad-gcp-gound-targets","8":"product_tag-60cm","9":"product_tag-aerial-target","10":"product_tag-gcp","11":"product_tag-model-p","13":"first","14":"onbackorder","15":"taxable","16":"shipping-taxable","17":"purchasable","18":"product-type-simple"},"yoast_head":"<!-- This site is optimized with the Yoast SEO plugin v27.1.1 - https:\/\/yoast.com\/product\/yoast-seo-wordpress\/ -->\n<title>GCP Aerial Targets (Pack of 5 units) - Model P (60x60cm)<\/title>\n<meta name=\"description\" content=\"Lightweight, foldable GCPs are easy to transport and carry. With 60cm by 60cm size, these GCPs are perfect for UAV mapping. 5Pack GCPs Model P (Passthrough).\" \/>\n<meta name=\"robots\" content=\"index, follow, max-snippet:-1, max-image-preview:large, max-video-preview:-1\" \/>\n<link rel=\"canonical\" href=\"https:\/\/www.ghostysky.com\/pt\/produto-2\/gcp-aerial-targets-pack-of-5-units-model-p-60cm\/\" \/>\n<meta property=\"og:locale\" content=\"pt_PT\" \/>\n<meta property=\"og:type\" content=\"article\" \/>\n<meta property=\"og:title\" content=\"GCP Aerial Targets (Pack of 5 units) - Model P (60x60cm)\" \/>\n<meta property=\"og:description\" content=\"Lightweight, foldable GCPs are easy to transport and carry. With 60cm by 60cm size, these GCPs are perfect for UAV mapping. 5Pack GCPs Model P (Passthrough).\" \/>\n<meta property=\"og:url\" content=\"https:\/\/www.ghostysky.com\/pt\/produto-2\/gcp-aerial-targets-pack-of-5-units-model-p-60cm\/\" \/>\n<meta property=\"og:site_name\" content=\"Ghostysky\" \/>\n<meta property=\"article:publisher\" content=\"https:\/\/www.facebook.com\/people\/Ghostysky\/100057676170234\/\" \/>\n<meta property=\"article:modified_time\" content=\"2024-12-10T09:09:22+00:00\" \/>\n<meta property=\"og:image\" content=\"https:\/\/www.ghostysky.com\/wp-content\/uploads\/2023\/10\/GCP_60cm_P_1.jpg\" \/>\n\t<meta property=\"og:image:width\" content=\"1000\" \/>\n\t<meta property=\"og:image:height\" content=\"1000\" \/>\n\t<meta property=\"og:image:type\" content=\"image\/jpeg\" \/>\n<meta name=\"twitter:card\" content=\"summary_large_image\" \/>\n<meta name=\"twitter:site\" content=\"@Gh0stysky\" \/>\n<meta name=\"twitter:label1\" content=\"Tempo estimado de leitura\" \/>\n\t<meta name=\"twitter:data1\" content=\"1 minuto\" \/>\n<script type=\"application\/ld+json\" class=\"yoast-schema-graph\">{\"@context\":\"https:\/\/schema.org\",\"@graph\":[{\"@type\":\"WebPage\",\"@id\":\"https:\/\/www.ghostysky.com\/product\/gcp-aerial-targets-pack-of-5-units-model-p-60cm\/\",\"url\":\"https:\/\/www.ghostysky.com\/product\/gcp-aerial-targets-pack-of-5-units-model-p-60cm\/\",\"name\":\"GCP Aerial Targets (Pack of 5 units) - Model P (60x60cm)\",\"isPartOf\":{\"@id\":\"https:\/\/www.ghostysky.com\/#website\"},\"primaryImageOfPage\":{\"@id\":\"https:\/\/www.ghostysky.com\/product\/gcp-aerial-targets-pack-of-5-units-model-p-60cm\/#primaryimage\"},\"image\":{\"@id\":\"https:\/\/www.ghostysky.com\/product\/gcp-aerial-targets-pack-of-5-units-model-p-60cm\/#primaryimage\"},\"thumbnailUrl\":\"https:\/\/www.ghostysky.com\/wp-content\/uploads\/2023\/10\/GCP_60cm_P_1.jpg\",\"datePublished\":\"2023-10-27T18:14:54+00:00\",\"dateModified\":\"2024-12-10T09:09:22+00:00\",\"description\":\"Lightweight, foldable GCPs are easy to transport and carry. With 60cm by 60cm size, these GCPs are perfect for UAV mapping. 5Pack GCPs Model P (Passthrough).\",\"breadcrumb\":{\"@id\":\"https:\/\/www.ghostysky.com\/product\/gcp-aerial-targets-pack-of-5-units-model-p-60cm\/#breadcrumb\"},\"inLanguage\":\"pt-PT\",\"potentialAction\":[{\"@type\":\"ReadAction\",\"target\":[\"https:\/\/www.ghostysky.com\/product\/gcp-aerial-targets-pack-of-5-units-model-p-60cm\/\"]}]},{\"@type\":\"ImageObject\",\"inLanguage\":\"pt-PT\",\"@id\":\"https:\/\/www.ghostysky.com\/product\/gcp-aerial-targets-pack-of-5-units-model-p-60cm\/#primaryimage\",\"url\":\"https:\/\/www.ghostysky.com\/wp-content\/uploads\/2023\/10\/GCP_60cm_P_1.jpg\",\"contentUrl\":\"https:\/\/www.ghostysky.com\/wp-content\/uploads\/2023\/10\/GCP_60cm_P_1.jpg\",\"width\":1000,\"height\":1000},{\"@type\":\"BreadcrumbList\",\"@id\":\"https:\/\/www.ghostysky.com\/product\/gcp-aerial-targets-pack-of-5-units-model-p-60cm\/#breadcrumb\",\"itemListElement\":[{\"@type\":\"ListItem\",\"position\":1,\"name\":\"Home\",\"item\":\"https:\/\/www.ghostysky.com\/\"},{\"@type\":\"ListItem\",\"position\":2,\"name\":\"Shop\",\"item\":\"https:\/\/www.ghostysky.com\/shop\/\"},{\"@type\":\"ListItem\",\"position\":3,\"name\":\"GCP Aerial Targets (Pack of 5 units) &#8211; Model P (60x60cm)\"}]},{\"@type\":\"WebSite\",\"@id\":\"https:\/\/www.ghostysky.com\/#website\",\"url\":\"https:\/\/www.ghostysky.com\/\",\"name\":\"Ghostysky\",\"description\":\"Delivering professional drones and services\",\"publisher\":{\"@id\":\"https:\/\/www.ghostysky.com\/#organization\"},\"potentialAction\":[{\"@type\":\"SearchAction\",\"target\":{\"@type\":\"EntryPoint\",\"urlTemplate\":\"https:\/\/www.ghostysky.com\/?s={search_term_string}\"},\"query-input\":{\"@type\":\"PropertyValueSpecification\",\"valueRequired\":true,\"valueName\":\"search_term_string\"}}],\"inLanguage\":\"pt-PT\"},{\"@type\":\"Organization\",\"@id\":\"https:\/\/www.ghostysky.com\/#organization\",\"name\":\"Ghostysky\",\"url\":\"https:\/\/www.ghostysky.com\/\",\"logo\":{\"@type\":\"ImageObject\",\"inLanguage\":\"pt-PT\",\"@id\":\"https:\/\/www.ghostysky.com\/#\/schema\/logo\/image\/\",\"url\":\"https:\/\/www.ghostysky.com\/wp-content\/uploads\/2020\/06\/cropped-ghostyskylogo_text_white2.png\",\"contentUrl\":\"https:\/\/www.ghostysky.com\/wp-content\/uploads\/2020\/06\/cropped-ghostyskylogo_text_white2.png\",\"width\":169,\"height\":56,\"caption\":\"Ghostysky\"},\"image\":{\"@id\":\"https:\/\/www.ghostysky.com\/#\/schema\/logo\/image\/\"},\"sameAs\":[\"https:\/\/www.facebook.com\/people\/Ghostysky\/100057676170234\/\",\"https:\/\/x.com\/Gh0stysky\",\"https:\/\/www.linkedin.com\/company\/34739653\",\"https:\/\/www.instagram.com\/gh0stysky\"]}]}<\/script>\n<!-- \/ Yoast SEO plugin. -->","yoast_head_json":{"title":"Alvos A\u00e9reos GCP (Pacote de 5 unidades) - Modelo P (60x60cm)","description":"GCPs leves e dobr\u00e1veis s\u00e3o f\u00e1ceis de transportar e transportar. Com tamanho de 60 cm por 60 cm, esses GCPs s\u00e3o perfeitos para mapeamento de UAV. 5Pack GCPs Modelo P (Passthrough).","robots":{"index":"index","follow":"follow","max-snippet":"max-snippet:-1","max-image-preview":"max-image-preview:large","max-video-preview":"max-video-preview:-1"},"canonical":"https:\/\/www.ghostysky.com\/pt\/produto-2\/gcp-aerial-targets-pack-of-5-units-model-p-60cm\/","og_locale":"pt_PT","og_type":"article","og_title":"GCP Aerial Targets (Pack of 5 units) - Model P (60x60cm)","og_description":"Lightweight, foldable GCPs are easy to transport and carry. With 60cm by 60cm size, these GCPs are perfect for UAV mapping. 5Pack GCPs Model P (Passthrough).","og_url":"https:\/\/www.ghostysky.com\/pt\/produto-2\/gcp-aerial-targets-pack-of-5-units-model-p-60cm\/","og_site_name":"Ghostysky","article_publisher":"https:\/\/www.facebook.com\/people\/Ghostysky\/100057676170234\/","article_modified_time":"2024-12-10T09:09:22+00:00","og_image":[{"width":1000,"height":1000,"url":"https:\/\/www.ghostysky.com\/wp-content\/uploads\/2023\/10\/GCP_60cm_P_1.jpg","type":"image\/jpeg"}],"twitter_card":"summary_large_image","twitter_site":"@Gh0stysky","twitter_misc":{"Tempo estimado de leitura":"1 minuto"},"schema":{"@context":"https:\/\/schema.org","@graph":[{"@type":"WebPage","@id":"https:\/\/www.ghostysky.com\/product\/gcp-aerial-targets-pack-of-5-units-model-p-60cm\/","url":"https:\/\/www.ghostysky.com\/product\/gcp-aerial-targets-pack-of-5-units-model-p-60cm\/","name":"Alvos A\u00e9reos GCP (Pacote de 5 unidades) - Modelo P (60x60cm)","isPartOf":{"@id":"https:\/\/www.ghostysky.com\/#website"},"primaryImageOfPage":{"@id":"https:\/\/www.ghostysky.com\/product\/gcp-aerial-targets-pack-of-5-units-model-p-60cm\/#primaryimage"},"image":{"@id":"https:\/\/www.ghostysky.com\/product\/gcp-aerial-targets-pack-of-5-units-model-p-60cm\/#primaryimage"},"thumbnailUrl":"https:\/\/www.ghostysky.com\/wp-content\/uploads\/2023\/10\/GCP_60cm_P_1.jpg","datePublished":"2023-10-27T18:14:54+00:00","dateModified":"2024-12-10T09:09:22+00:00","description":"GCPs leves e dobr\u00e1veis s\u00e3o f\u00e1ceis de transportar e transportar. Com tamanho de 60 cm por 60 cm, esses GCPs s\u00e3o perfeitos para mapeamento de UAV. 5Pack GCPs Modelo P (Passthrough).","breadcrumb":{"@id":"https:\/\/www.ghostysky.com\/product\/gcp-aerial-targets-pack-of-5-units-model-p-60cm\/#breadcrumb"},"inLanguage":"pt-PT","potentialAction":[{"@type":"ReadAction","target":["https:\/\/www.ghostysky.com\/product\/gcp-aerial-targets-pack-of-5-units-model-p-60cm\/"]}]},{"@type":"ImageObject","inLanguage":"pt-PT","@id":"https:\/\/www.ghostysky.com\/product\/gcp-aerial-targets-pack-of-5-units-model-p-60cm\/#primaryimage","url":"https:\/\/www.ghostysky.com\/wp-content\/uploads\/2023\/10\/GCP_60cm_P_1.jpg","contentUrl":"https:\/\/www.ghostysky.com\/wp-content\/uploads\/2023\/10\/GCP_60cm_P_1.jpg","width":1000,"height":1000},{"@type":"BreadcrumbList","@id":"https:\/\/www.ghostysky.com\/product\/gcp-aerial-targets-pack-of-5-units-model-p-60cm\/#breadcrumb","itemListElement":[{"@type":"ListItem","position":1,"name":"Home","item":"https:\/\/www.ghostysky.com\/"},{"@type":"ListItem","position":2,"name":"Shop","item":"https:\/\/www.ghostysky.com\/shop\/"},{"@type":"ListItem","position":3,"name":"GCP Aerial Targets (Pack of 5 units) &#8211; Model P (60x60cm)"}]},{"@type":"WebSite","@id":"https:\/\/www.ghostysky.com\/#website","url":"https:\/\/www.ghostysky.com\/","name":"Ghostysky","description":"Fornecendo drones e servi\u00e7os profissionais","publisher":{"@id":"https:\/\/www.ghostysky.com\/#organization"},"potentialAction":[{"@type":"SearchAction","target":{"@type":"EntryPoint","urlTemplate":"https:\/\/www.ghostysky.com\/?s={search_term_string}"},"query-input":{"@type":"PropertyValueSpecification","valueRequired":true,"valueName":"search_term_string"}}],"inLanguage":"pt-PT"},{"@type":"Organization","@id":"https:\/\/www.ghostysky.com\/#organization","name":"Ghostysky","url":"https:\/\/www.ghostysky.com\/","logo":{"@type":"ImageObject","inLanguage":"pt-PT","@id":"https:\/\/www.ghostysky.com\/#\/schema\/logo\/image\/","url":"https:\/\/www.ghostysky.com\/wp-content\/uploads\/2020\/06\/cropped-ghostyskylogo_text_white2.png","contentUrl":"https:\/\/www.ghostysky.com\/wp-content\/uploads\/2020\/06\/cropped-ghostyskylogo_text_white2.png","width":169,"height":56,"caption":"Ghostysky"},"image":{"@id":"https:\/\/www.ghostysky.com\/#\/schema\/logo\/image\/"},"sameAs":["https:\/\/www.facebook.com\/people\/Ghostysky\/100057676170234\/","https:\/\/x.com\/Gh0stysky","https:\/\/www.linkedin.com\/company\/34739653","https:\/\/www.instagram.com\/gh0stysky"]}]}},"_links":{"self":[{"href":"https:\/\/www.ghostysky.com\/pt\/wp-json\/wp\/v2\/product\/13468","targetHints":{"allow":["GET"]}}],"collection":[{"href":"https:\/\/www.ghostysky.com\/pt\/wp-json\/wp\/v2\/product"}],"about":[{"href":"https:\/\/www.ghostysky.com\/pt\/wp-json\/wp\/v2\/types\/product"}],"replies":[{"embeddable":true,"href":"https:\/\/www.ghostysky.com\/pt\/wp-json\/wp\/v2\/comments?post=13468"}],"wp:featuredmedia":[{"embeddable":true,"href":"https:\/\/www.ghostysky.com\/pt\/wp-json\/wp\/v2\/media\/13472"}],"wp:attachment":[{"href":"https:\/\/www.ghostysky.com\/pt\/wp-json\/wp\/v2\/media?parent=13468"}],"wp:term":[{"taxonomy":"product_brand","embeddable":true,"href":"https:\/\/www.ghostysky.com\/pt\/wp-json\/wp\/v2\/product_brand?post=13468"},{"taxonomy":"product_cat","embeddable":true,"href":"https:\/\/www.ghostysky.com\/pt\/wp-json\/wp\/v2\/product_cat?post=13468"},{"taxonomy":"product_tag","embeddable":true,"href":"https:\/\/www.ghostysky.com\/pt\/wp-json\/wp\/v2\/product_tag?post=13468"}],"curies":[{"name":"wp","href":"https:\/\/api.w.org\/{rel}","templated":true}]}}