{"id":13473,"date":"2023-10-27T18:26:30","date_gmt":"2023-10-27T18:26:30","guid":{"rendered":"https:\/\/www.ghostysky.com\/?post_type=product&#038;p=13473"},"modified":"2024-02-05T17:36:25","modified_gmt":"2024-02-05T17:36:25","slug":"gcp-aerial-targets-pack-of-5-units-model-e-120cm","status":"publish","type":"product","link":"https:\/\/www.ghostysky.com\/pt\/product\/gcp-aerial-targets-pack-of-5-units-model-e-120cm\/","title":{"rendered":"Alvos A\u00e9reos GCP (Pacote de 5 unidades) \u2013 Modelo E (120x120cm)"},"content":{"rendered":"<div class=\"a-row\">\n<div class=\"a-column a-span6\">\n<h1 class=\"a-size-medium a-spacing-small\">Detalhes t\u00e9cnicos<\/h1>\n<\/div>\n<\/div>\n<div class=\"a-expander-content a-expander-extend-content\" aria-expanded=\"true\">\n<div class=\"a-row a-expander-container a-expander-inline-container\">\n<div class=\"a-expander-content a-expander-section-content a-section-expander-inner\" aria-expanded=\"true\">\n<table id=\"productDetails_techSpec_section_1\" class=\"a-keyvalue prodDetTable\" role=\"presentation\">\n<tbody>\n<tr>\n<th class=\"a-color-secondary a-size-base prodDetSectionEntry\">Dimens\u00f5es do pacote do item C x L x A<\/th>\n<td class=\"a-size-base prodDetAttrValue\">\u200e14,15 x 13,9 x 1,73 polegadas<\/td>\n<\/tr>\n<tr>\n<th class=\"a-color-secondary a-size-base prodDetSectionEntry\">Peso do pacote<\/th>\n<td class=\"a-size-base prodDetAttrValue\">\u200e0,75 quilogramas<\/td>\n<\/tr>\n<tr>\n<th class=\"a-color-secondary a-size-base prodDetSectionEntry\">Dimens\u00f5es do item CxLxA<\/th>\n<td class=\"a-size-base prodDetAttrValue\">48 x 48 x 0,12 polegadas<\/td>\n<\/tr>\n<tr>\n<th class=\"a-color-secondary a-size-base prodDetSectionEntry\">Marca<\/th>\n<td class=\"a-size-base prodDetAttrValue\">\u200eGHSTY<\/td>\n<\/tr>\n<tr>\n<th class=\"a-color-secondary a-size-base prodDetSectionEntry\">Nome do modelo<\/th>\n<td class=\"a-size-base prodDetAttrValue\">Modelo E<\/td>\n<\/tr>\n<tr>\n<th class=\"a-color-secondary a-size-base prodDetSectionEntry\">Cor<\/th>\n<td class=\"a-size-base prodDetAttrValue\">\u200ePreto e Branco<\/td>\n<\/tr>\n<tr>\n<th class=\"a-color-secondary a-size-base prodDetSectionEntry\">Material<\/th>\n<td class=\"a-size-base prodDetAttrValue\">\u200eMalha de vinil<\/td>\n<\/tr>\n<tr>\n<th class=\"a-color-secondary a-size-base prodDetSectionEntry\">Pacote<\/th>\n<td class=\"a-size-base prodDetAttrValue\">5 unidades<\/td>\n<\/tr>\n<tr>\n<th class=\"a-color-secondary a-size-base prodDetSectionEntry\">Tamanho (cm)<\/th>\n<td class=\"a-size-base prodDetAttrValue\">\u200e121,92 cm x 121,92 cm<\/td>\n<\/tr>\n<\/tbody>\n<\/table>\n<\/div>\n<\/div>\n<\/div>","protected":false},"excerpt":{"rendered":"<p>Esses GCPs leves e dobr\u00e1veis s\u00e3o f\u00e1ceis de transportar e transportar. Se o vento for uma preocupa\u00e7\u00e3o, basta usar os 4 ilh\u00f3s de canto para fixar o GCP ao solo e garantir que ele permane\u00e7a no lugar. Para levantamento, basta inserir a ponta da haste de levantamento no ilh\u00f3 central para obter sempre uma medi\u00e7\u00e3o precisa. Com um tamanho ideal de 120 cm por 120 cm, esses GCPs s\u00e3o perfeitos para mapeamento de UAV. Leve seu mapeamento de drones a novos patamares hoje com este novo conjunto de GCP 5 Pack!<\/p>","protected":false},"featured_media":13478,"comment_status":"open","ping_status":"closed","template":"","meta":[],"product_brand":[],"product_cat":[461,559],"product_tag":[579,576,574,577],"class_list":{"0":"post-13473","1":"product","2":"type-product","3":"status-publish","4":"has-post-thumbnail","6":"product_cat-accessories-2","7":"product_cat-landing-pad-gcp-gound-targets","8":"product_tag-120cm","9":"product_tag-aerial-target","10":"product_tag-gcp","11":"product_tag-model-e","13":"first","14":"onbackorder","15":"taxable","16":"shipping-taxable","17":"purchasable","18":"product-type-simple"},"yoast_head":"<!-- This site is optimized with the Yoast SEO plugin v27.4 - https:\/\/yoast.com\/product\/yoast-seo-wordpress\/ -->\n<title>GCP Aerial Targets (Pack of 5 units) - Model E (120x120cm)<\/title>\n<meta name=\"description\" content=\"Lightweight, foldable GCPs are easy to transport and carry. With 120cm by 120cm size, these GCPs are perfect for UAV mapping. 5Pack GCPs Model E (eyelets).\" \/>\n<meta name=\"robots\" content=\"index, follow, max-snippet:-1, max-image-preview:large, max-video-preview:-1\" \/>\n<link rel=\"canonical\" href=\"https:\/\/www.ghostysky.com\/pt\/produto-2\/gcp-aerial-targets-pack-of-5-units-model-e-120cm\/\" \/>\n<meta property=\"og:locale\" content=\"pt_PT\" \/>\n<meta property=\"og:type\" content=\"article\" \/>\n<meta property=\"og:title\" content=\"GCP Aerial Targets (Pack of 5 units) - Model E (120x120cm)\" \/>\n<meta property=\"og:description\" content=\"Lightweight, foldable GCPs are easy to transport and carry. With 120cm by 120cm size, these GCPs are perfect for UAV mapping. 5Pack GCPs Model E (eyelets).\" \/>\n<meta property=\"og:url\" content=\"https:\/\/www.ghostysky.com\/pt\/produto-2\/gcp-aerial-targets-pack-of-5-units-model-e-120cm\/\" \/>\n<meta property=\"og:site_name\" content=\"Ghostysky\" \/>\n<meta property=\"article:publisher\" content=\"https:\/\/www.facebook.com\/people\/Ghostysky\/100057676170234\/\" \/>\n<meta property=\"article:modified_time\" content=\"2024-02-05T17:36:25+00:00\" \/>\n<meta property=\"og:image\" content=\"https:\/\/www.ghostysky.com\/wp-content\/uploads\/2023\/10\/GCP_120cm_E_1.webp\" \/>\n\t<meta property=\"og:image:width\" content=\"1000\" \/>\n\t<meta property=\"og:image:height\" content=\"1000\" \/>\n\t<meta property=\"og:image:type\" content=\"image\/webp\" \/>\n<meta name=\"twitter:card\" content=\"summary_large_image\" \/>\n<meta name=\"twitter:site\" content=\"@Gh0stysky\" \/>\n<meta name=\"twitter:label1\" content=\"Tempo estimado de leitura\" \/>\n\t<meta name=\"twitter:data1\" content=\"1 minuto\" \/>\n<script type=\"application\/ld+json\" class=\"yoast-schema-graph\">{\"@context\":\"https:\\\/\\\/schema.org\",\"@graph\":[{\"@type\":\"WebPage\",\"@id\":\"https:\\\/\\\/www.ghostysky.com\\\/product\\\/gcp-aerial-targets-pack-of-5-units-model-e-120cm\\\/\",\"url\":\"https:\\\/\\\/www.ghostysky.com\\\/product\\\/gcp-aerial-targets-pack-of-5-units-model-e-120cm\\\/\",\"name\":\"GCP Aerial Targets (Pack of 5 units) - Model E (120x120cm)\",\"isPartOf\":{\"@id\":\"https:\\\/\\\/www.ghostysky.com\\\/#website\"},\"primaryImageOfPage\":{\"@id\":\"https:\\\/\\\/www.ghostysky.com\\\/product\\\/gcp-aerial-targets-pack-of-5-units-model-e-120cm\\\/#primaryimage\"},\"image\":{\"@id\":\"https:\\\/\\\/www.ghostysky.com\\\/product\\\/gcp-aerial-targets-pack-of-5-units-model-e-120cm\\\/#primaryimage\"},\"thumbnailUrl\":\"https:\\\/\\\/www.ghostysky.com\\\/wp-content\\\/uploads\\\/2023\\\/10\\\/GCP_120cm_E_1.webp\",\"datePublished\":\"2023-10-27T18:26:30+00:00\",\"dateModified\":\"2024-02-05T17:36:25+00:00\",\"description\":\"Lightweight, foldable GCPs are easy to transport and carry. With 120cm by 120cm size, these GCPs are perfect for UAV mapping. 5Pack GCPs Model E (eyelets).\",\"breadcrumb\":{\"@id\":\"https:\\\/\\\/www.ghostysky.com\\\/product\\\/gcp-aerial-targets-pack-of-5-units-model-e-120cm\\\/#breadcrumb\"},\"inLanguage\":\"pt-PT\",\"potentialAction\":[{\"@type\":\"ReadAction\",\"target\":[\"https:\\\/\\\/www.ghostysky.com\\\/product\\\/gcp-aerial-targets-pack-of-5-units-model-e-120cm\\\/\"]}]},{\"@type\":\"ImageObject\",\"inLanguage\":\"pt-PT\",\"@id\":\"https:\\\/\\\/www.ghostysky.com\\\/product\\\/gcp-aerial-targets-pack-of-5-units-model-e-120cm\\\/#primaryimage\",\"url\":\"https:\\\/\\\/www.ghostysky.com\\\/wp-content\\\/uploads\\\/2023\\\/10\\\/GCP_120cm_E_1.webp\",\"contentUrl\":\"https:\\\/\\\/www.ghostysky.com\\\/wp-content\\\/uploads\\\/2023\\\/10\\\/GCP_120cm_E_1.webp\",\"width\":1000,\"height\":1000},{\"@type\":\"BreadcrumbList\",\"@id\":\"https:\\\/\\\/www.ghostysky.com\\\/product\\\/gcp-aerial-targets-pack-of-5-units-model-e-120cm\\\/#breadcrumb\",\"itemListElement\":[{\"@type\":\"ListItem\",\"position\":1,\"name\":\"Home\",\"item\":\"https:\\\/\\\/www.ghostysky.com\\\/\"},{\"@type\":\"ListItem\",\"position\":2,\"name\":\"Shop\",\"item\":\"https:\\\/\\\/www.ghostysky.com\\\/shop\\\/\"},{\"@type\":\"ListItem\",\"position\":3,\"name\":\"GCP Aerial Targets (Pack of 5 units) &#8211; Model E (120x120cm)\"}]},{\"@type\":\"WebSite\",\"@id\":\"https:\\\/\\\/www.ghostysky.com\\\/#website\",\"url\":\"https:\\\/\\\/www.ghostysky.com\\\/\",\"name\":\"Ghostysky\",\"description\":\"Delivering professional drones and robotics solutions\",\"publisher\":{\"@id\":\"https:\\\/\\\/www.ghostysky.com\\\/#organization\"},\"potentialAction\":[{\"@type\":\"SearchAction\",\"target\":{\"@type\":\"EntryPoint\",\"urlTemplate\":\"https:\\\/\\\/www.ghostysky.com\\\/?s={search_term_string}\"},\"query-input\":{\"@type\":\"PropertyValueSpecification\",\"valueRequired\":true,\"valueName\":\"search_term_string\"}}],\"inLanguage\":\"pt-PT\"},{\"@type\":\"Organization\",\"@id\":\"https:\\\/\\\/www.ghostysky.com\\\/#organization\",\"name\":\"Ghostysky\",\"url\":\"https:\\\/\\\/www.ghostysky.com\\\/\",\"logo\":{\"@type\":\"ImageObject\",\"inLanguage\":\"pt-PT\",\"@id\":\"https:\\\/\\\/www.ghostysky.com\\\/#\\\/schema\\\/logo\\\/image\\\/\",\"url\":\"https:\\\/\\\/www.ghostysky.com\\\/wp-content\\\/uploads\\\/2020\\\/06\\\/cropped-ghostyskylogo_text_white2.png\",\"contentUrl\":\"https:\\\/\\\/www.ghostysky.com\\\/wp-content\\\/uploads\\\/2020\\\/06\\\/cropped-ghostyskylogo_text_white2.png\",\"width\":169,\"height\":56,\"caption\":\"Ghostysky\"},\"image\":{\"@id\":\"https:\\\/\\\/www.ghostysky.com\\\/#\\\/schema\\\/logo\\\/image\\\/\"},\"sameAs\":[\"https:\\\/\\\/www.facebook.com\\\/people\\\/Ghostysky\\\/100057676170234\\\/\",\"https:\\\/\\\/x.com\\\/Gh0stysky\",\"https:\\\/\\\/www.linkedin.com\\\/company\\\/34739653\",\"https:\\\/\\\/www.instagram.com\\\/gh0stysky\"]}]}<\/script>\n<!-- \/ Yoast SEO plugin. -->","yoast_head_json":{"title":"Alvos A\u00e9reos GCP (Pacote de 5 unidades) - Modelo E (120x120cm)","description":"GCPs leves e dobr\u00e1veis s\u00e3o f\u00e1ceis de transportar e transportar. Com tamanho de 120 cm por 120 cm, esses GCPs s\u00e3o perfeitos para mapeamento de UAV. 5Pack GCPs Modelo E (ilh\u00f3s).","robots":{"index":"index","follow":"follow","max-snippet":"max-snippet:-1","max-image-preview":"max-image-preview:large","max-video-preview":"max-video-preview:-1"},"canonical":"https:\/\/www.ghostysky.com\/pt\/produto-2\/gcp-aerial-targets-pack-of-5-units-model-e-120cm\/","og_locale":"pt_PT","og_type":"article","og_title":"GCP Aerial Targets (Pack of 5 units) - Model E (120x120cm)","og_description":"Lightweight, foldable GCPs are easy to transport and carry. With 120cm by 120cm size, these GCPs are perfect for UAV mapping. 5Pack GCPs Model E (eyelets).","og_url":"https:\/\/www.ghostysky.com\/pt\/produto-2\/gcp-aerial-targets-pack-of-5-units-model-e-120cm\/","og_site_name":"Ghostysky","article_publisher":"https:\/\/www.facebook.com\/people\/Ghostysky\/100057676170234\/","article_modified_time":"2024-02-05T17:36:25+00:00","og_image":[{"width":1000,"height":1000,"url":"https:\/\/www.ghostysky.com\/wp-content\/uploads\/2023\/10\/GCP_120cm_E_1.webp","type":"image\/webp"}],"twitter_card":"summary_large_image","twitter_site":"@Gh0stysky","twitter_misc":{"Tempo estimado de leitura":"1 minuto"},"schema":{"@context":"https:\/\/schema.org","@graph":[{"@type":"WebPage","@id":"https:\/\/www.ghostysky.com\/product\/gcp-aerial-targets-pack-of-5-units-model-e-120cm\/","url":"https:\/\/www.ghostysky.com\/product\/gcp-aerial-targets-pack-of-5-units-model-e-120cm\/","name":"Alvos A\u00e9reos GCP (Pacote de 5 unidades) - Modelo E (120x120cm)","isPartOf":{"@id":"https:\/\/www.ghostysky.com\/#website"},"primaryImageOfPage":{"@id":"https:\/\/www.ghostysky.com\/product\/gcp-aerial-targets-pack-of-5-units-model-e-120cm\/#primaryimage"},"image":{"@id":"https:\/\/www.ghostysky.com\/product\/gcp-aerial-targets-pack-of-5-units-model-e-120cm\/#primaryimage"},"thumbnailUrl":"https:\/\/www.ghostysky.com\/wp-content\/uploads\/2023\/10\/GCP_120cm_E_1.webp","datePublished":"2023-10-27T18:26:30+00:00","dateModified":"2024-02-05T17:36:25+00:00","description":"GCPs leves e dobr\u00e1veis s\u00e3o f\u00e1ceis de transportar e transportar. Com tamanho de 120 cm por 120 cm, esses GCPs s\u00e3o perfeitos para mapeamento de UAV. 5Pack GCPs Modelo E (ilh\u00f3s).","breadcrumb":{"@id":"https:\/\/www.ghostysky.com\/product\/gcp-aerial-targets-pack-of-5-units-model-e-120cm\/#breadcrumb"},"inLanguage":"pt-PT","potentialAction":[{"@type":"ReadAction","target":["https:\/\/www.ghostysky.com\/product\/gcp-aerial-targets-pack-of-5-units-model-e-120cm\/"]}]},{"@type":"ImageObject","inLanguage":"pt-PT","@id":"https:\/\/www.ghostysky.com\/product\/gcp-aerial-targets-pack-of-5-units-model-e-120cm\/#primaryimage","url":"https:\/\/www.ghostysky.com\/wp-content\/uploads\/2023\/10\/GCP_120cm_E_1.webp","contentUrl":"https:\/\/www.ghostysky.com\/wp-content\/uploads\/2023\/10\/GCP_120cm_E_1.webp","width":1000,"height":1000},{"@type":"BreadcrumbList","@id":"https:\/\/www.ghostysky.com\/product\/gcp-aerial-targets-pack-of-5-units-model-e-120cm\/#breadcrumb","itemListElement":[{"@type":"ListItem","position":1,"name":"Home","item":"https:\/\/www.ghostysky.com\/"},{"@type":"ListItem","position":2,"name":"Shop","item":"https:\/\/www.ghostysky.com\/shop\/"},{"@type":"ListItem","position":3,"name":"GCP Aerial Targets (Pack of 5 units) &#8211; Model E (120x120cm)"}]},{"@type":"WebSite","@id":"https:\/\/www.ghostysky.com\/#website","url":"https:\/\/www.ghostysky.com\/","name":"Ghostysky","description":"Fornecendo solu\u00e7\u00f5es profissionais em drones e rob\u00f3tica.","publisher":{"@id":"https:\/\/www.ghostysky.com\/#organization"},"potentialAction":[{"@type":"SearchAction","target":{"@type":"EntryPoint","urlTemplate":"https:\/\/www.ghostysky.com\/?s={search_term_string}"},"query-input":{"@type":"PropertyValueSpecification","valueRequired":true,"valueName":"search_term_string"}}],"inLanguage":"pt-PT"},{"@type":"Organization","@id":"https:\/\/www.ghostysky.com\/#organization","name":"Ghostysky","url":"https:\/\/www.ghostysky.com\/","logo":{"@type":"ImageObject","inLanguage":"pt-PT","@id":"https:\/\/www.ghostysky.com\/#\/schema\/logo\/image\/","url":"https:\/\/www.ghostysky.com\/wp-content\/uploads\/2020\/06\/cropped-ghostyskylogo_text_white2.png","contentUrl":"https:\/\/www.ghostysky.com\/wp-content\/uploads\/2020\/06\/cropped-ghostyskylogo_text_white2.png","width":169,"height":56,"caption":"Ghostysky"},"image":{"@id":"https:\/\/www.ghostysky.com\/#\/schema\/logo\/image\/"},"sameAs":["https:\/\/www.facebook.com\/people\/Ghostysky\/100057676170234\/","https:\/\/x.com\/Gh0stysky","https:\/\/www.linkedin.com\/company\/34739653","https:\/\/www.instagram.com\/gh0stysky"]}]}},"_links":{"self":[{"href":"https:\/\/www.ghostysky.com\/pt\/wp-json\/wp\/v2\/product\/13473","targetHints":{"allow":["GET"]}}],"collection":[{"href":"https:\/\/www.ghostysky.com\/pt\/wp-json\/wp\/v2\/product"}],"about":[{"href":"https:\/\/www.ghostysky.com\/pt\/wp-json\/wp\/v2\/types\/product"}],"replies":[{"embeddable":true,"href":"https:\/\/www.ghostysky.com\/pt\/wp-json\/wp\/v2\/comments?post=13473"}],"version-history":[{"count":0,"href":"https:\/\/www.ghostysky.com\/pt\/wp-json\/wp\/v2\/product\/13473\/revisions"}],"wp:featuredmedia":[{"embeddable":true,"href":"https:\/\/www.ghostysky.com\/pt\/wp-json\/wp\/v2\/media\/13478"}],"wp:attachment":[{"href":"https:\/\/www.ghostysky.com\/pt\/wp-json\/wp\/v2\/media?parent=13473"}],"wp:term":[{"taxonomy":"product_brand","embeddable":true,"href":"https:\/\/www.ghostysky.com\/pt\/wp-json\/wp\/v2\/product_brand?post=13473"},{"taxonomy":"product_cat","embeddable":true,"href":"https:\/\/www.ghostysky.com\/pt\/wp-json\/wp\/v2\/product_cat?post=13473"},{"taxonomy":"product_tag","embeddable":true,"href":"https:\/\/www.ghostysky.com\/pt\/wp-json\/wp\/v2\/product_tag?post=13473"}],"curies":[{"name":"wp","href":"https:\/\/api.w.org\/{rel}","templated":true}]}}