{"id":13485,"date":"2023-10-27T19:17:05","date_gmt":"2023-10-27T19:17:05","guid":{"rendered":"https:\/\/www.ghostysky.com\/?post_type=product&#038;p=13485"},"modified":"2026-01-19T10:35:14","modified_gmt":"2026-01-19T10:35:14","slug":"gcp-aerial-targets-pack-10-units-model-p-60cm-numbered-0-9","status":"publish","type":"product","link":"https:\/\/www.ghostysky.com\/pt\/product\/gcp-aerial-targets-pack-10-units-model-p-60cm-numbered-0-9\/","title":{"rendered":"Alvos A\u00e9reos GCP (Pacote 10 unidades) | Modelo P (60x60cm) | Numerado de 0 a 9"},"content":{"rendered":"<div class=\"a-row\">\n<div class=\"a-column a-span6\">\n<h2 class=\"a-size-medium a-spacing-small\">Detalhes t\u00e9cnicos<\/h2>\n<\/div>\n<\/div>\n<div class=\"a-expander-content a-expander-extend-content\" aria-expanded=\"true\">\n<div class=\"a-row a-expander-container a-expander-inline-container\">\n<div class=\"a-expander-content a-expander-section-content a-section-expander-inner\" aria-expanded=\"true\">\n<table id=\"productDetails_techSpec_section_1\" class=\"a-keyvalue prodDetTable\" role=\"presentation\">\n<tbody>\n<tr>\n<th class=\"a-color-secondary a-size-base prodDetSectionEntry\">Dimens\u00f5es do pacote do item C x L x A<\/th>\n<td class=\"a-size-base prodDetAttrValue\">16,77 x 13,89 x 3,54 polegadas<\/td>\n<\/tr>\n<tr>\n<th class=\"a-color-secondary a-size-base prodDetSectionEntry\">Peso do pacote<\/th>\n<td class=\"a-size-base prodDetAttrValue\">\u200e1,56 quilogramas<\/td>\n<\/tr>\n<tr>\n<th class=\"a-color-secondary a-size-base prodDetSectionEntry\">Dimens\u00f5es do item CxLxA<\/th>\n<td class=\"a-size-base prodDetAttrValue\">24x24 polegadas<\/td>\n<\/tr>\n<tr>\n<th class=\"a-color-secondary a-size-base prodDetSectionEntry\">Marca<\/th>\n<td class=\"a-size-base prodDetAttrValue\">GHSTY<\/td>\n<\/tr>\n<tr>\n<th class=\"a-color-secondary a-size-base prodDetSectionEntry\">Nome do modelo<\/th>\n<td class=\"a-size-base prodDetAttrValue\">Modelo P<\/td>\n<\/tr>\n<tr>\n<th class=\"a-color-secondary a-size-base prodDetSectionEntry\">Cor<\/th>\n<td class=\"a-size-base prodDetAttrValue\">\u200ePreto e Branco<\/td>\n<\/tr>\n<tr>\n<th class=\"a-color-secondary a-size-base prodDetSectionEntry\">Material<\/th>\n<td class=\"a-size-base prodDetAttrValue\">\u200ePoli\u00e9ster<\/td>\n<\/tr>\n<tr>\n<th class=\"a-color-secondary a-size-base prodDetSectionEntry\">Pacote<\/th>\n<td class=\"a-size-base prodDetAttrValue\">10 unidades<\/td>\n<\/tr>\n<tr>\n<th class=\"a-color-secondary a-size-base prodDetSectionEntry\">Tamanho (cm)<\/th>\n<td class=\"a-size-base prodDetAttrValue\">60,96cm x 60,96cm<\/td>\n<\/tr>\n<\/tbody>\n<\/table>\n<\/div>\n<\/div>\n<\/div>","protected":false},"excerpt":{"rendered":"<p>Estes GCPs leves e dobr\u00e1veis s\u00e3o extremamente f\u00e1ceis de transportar. Se o vento for uma preocupa\u00e7\u00e3o, basta usar os 4 ilh\u00f3s de canto para fixar o GCP ao solo e garantir que este permane\u00e7a no seu lugar. Para os levantamentos, basta colocar o bast\u00e3o de levantamento no recorte central de 3\u2033 x 3\u2033 do GCP para realizar mapeamento a\u00e9reo preciso com coordenadas pr\u00e9-estabelecidas. Com um tamanho ideal de 60 cm por 60 cm, estes GCPs s\u00e3o perfeitos para os mapeamento com UAVs. Eleve os seus mapeamentos com drones a novos patamares, adquira hoje este novo conjunto de 10 GCPs, numerados de 0 a 9!<\/p>","protected":false},"featured_media":13492,"comment_status":"open","ping_status":"closed","template":"","meta":[],"product_brand":[],"product_cat":[461,559],"product_tag":[575,574,578,580],"class_list":{"0":"post-13485","1":"product","2":"type-product","3":"status-publish","4":"has-post-thumbnail","6":"product_cat-accessories-2","7":"product_cat-landing-pad-gcp-gound-targets","8":"product_tag-60cm","9":"product_tag-gcp","10":"product_tag-model-p","11":"product_tag-numbered","13":"first","14":"onbackorder","15":"taxable","16":"shipping-taxable","17":"purchasable","18":"product-type-simple"},"yoast_head":"<!-- This site is optimized with the Yoast SEO plugin v27.4 - https:\/\/yoast.com\/product\/yoast-seo-wordpress\/ -->\n<title>GCP Aerial Targets (Pack 10 units) | Model P (60x60cm) | Numbered 0-9<\/title>\n<meta name=\"description\" content=\"Lightweight, foldable GCPs are easy to transport and carry. With 60cm by 60cm size, these GCPs are perfect for UAV mapping. 10Pack numbered GCPs Model P (Passthrough).\" \/>\n<meta name=\"robots\" content=\"index, follow, max-snippet:-1, max-image-preview:large, max-video-preview:-1\" \/>\n<link rel=\"canonical\" href=\"https:\/\/www.ghostysky.com\/pt\/produto-2\/gcp-aerial-targets-pack-10-units-model-p-60cm-numbered-0-9\/\" \/>\n<meta property=\"og:locale\" content=\"pt_PT\" \/>\n<meta property=\"og:type\" content=\"article\" \/>\n<meta property=\"og:title\" content=\"GCP Aerial Targets (Pack 10 units) | Model P (60x60cm) | Numbered 0-9\" \/>\n<meta property=\"og:description\" content=\"Lightweight, foldable GCPs are easy to transport and carry. With 60cm by 60cm size, these GCPs are perfect for UAV mapping. 10Pack numbered GCPs Model P (Passthrough).\" \/>\n<meta property=\"og:url\" content=\"https:\/\/www.ghostysky.com\/pt\/produto-2\/gcp-aerial-targets-pack-10-units-model-p-60cm-numbered-0-9\/\" \/>\n<meta property=\"og:site_name\" content=\"Ghostysky\" \/>\n<meta property=\"article:publisher\" content=\"https:\/\/www.facebook.com\/people\/Ghostysky\/100057676170234\/\" \/>\n<meta property=\"article:modified_time\" content=\"2026-01-19T10:35:14+00:00\" \/>\n<meta property=\"og:image\" content=\"https:\/\/www.ghostysky.com\/wp-content\/uploads\/2023\/10\/GCP_IC_60cm_P_1.webp\" \/>\n\t<meta property=\"og:image:width\" content=\"1000\" \/>\n\t<meta property=\"og:image:height\" content=\"1000\" \/>\n\t<meta property=\"og:image:type\" content=\"image\/webp\" \/>\n<meta name=\"twitter:card\" content=\"summary_large_image\" \/>\n<meta name=\"twitter:site\" content=\"@Gh0stysky\" \/>\n<meta name=\"twitter:label1\" content=\"Tempo estimado de leitura\" \/>\n\t<meta name=\"twitter:data1\" content=\"1 minuto\" \/>\n<script type=\"application\/ld+json\" class=\"yoast-schema-graph\">{\"@context\":\"https:\\\/\\\/schema.org\",\"@graph\":[{\"@type\":\"WebPage\",\"@id\":\"https:\\\/\\\/www.ghostysky.com\\\/product\\\/gcp-aerial-targets-pack-10-units-model-p-60cm-numbered-0-9\\\/\",\"url\":\"https:\\\/\\\/www.ghostysky.com\\\/product\\\/gcp-aerial-targets-pack-10-units-model-p-60cm-numbered-0-9\\\/\",\"name\":\"GCP Aerial Targets (Pack 10 units) | Model P (60x60cm) | Numbered 0-9\",\"isPartOf\":{\"@id\":\"https:\\\/\\\/www.ghostysky.com\\\/#website\"},\"primaryImageOfPage\":{\"@id\":\"https:\\\/\\\/www.ghostysky.com\\\/product\\\/gcp-aerial-targets-pack-10-units-model-p-60cm-numbered-0-9\\\/#primaryimage\"},\"image\":{\"@id\":\"https:\\\/\\\/www.ghostysky.com\\\/product\\\/gcp-aerial-targets-pack-10-units-model-p-60cm-numbered-0-9\\\/#primaryimage\"},\"thumbnailUrl\":\"https:\\\/\\\/www.ghostysky.com\\\/wp-content\\\/uploads\\\/2023\\\/10\\\/GCP_IC_60cm_P_1.webp\",\"datePublished\":\"2023-10-27T19:17:05+00:00\",\"dateModified\":\"2026-01-19T10:35:14+00:00\",\"description\":\"Lightweight, foldable GCPs are easy to transport and carry. With 60cm by 60cm size, these GCPs are perfect for UAV mapping. 10Pack numbered GCPs Model P (Passthrough).\",\"breadcrumb\":{\"@id\":\"https:\\\/\\\/www.ghostysky.com\\\/product\\\/gcp-aerial-targets-pack-10-units-model-p-60cm-numbered-0-9\\\/#breadcrumb\"},\"inLanguage\":\"pt-PT\",\"potentialAction\":[{\"@type\":\"ReadAction\",\"target\":[\"https:\\\/\\\/www.ghostysky.com\\\/product\\\/gcp-aerial-targets-pack-10-units-model-p-60cm-numbered-0-9\\\/\"]}]},{\"@type\":\"ImageObject\",\"inLanguage\":\"pt-PT\",\"@id\":\"https:\\\/\\\/www.ghostysky.com\\\/product\\\/gcp-aerial-targets-pack-10-units-model-p-60cm-numbered-0-9\\\/#primaryimage\",\"url\":\"https:\\\/\\\/www.ghostysky.com\\\/wp-content\\\/uploads\\\/2023\\\/10\\\/GCP_IC_60cm_P_1.webp\",\"contentUrl\":\"https:\\\/\\\/www.ghostysky.com\\\/wp-content\\\/uploads\\\/2023\\\/10\\\/GCP_IC_60cm_P_1.webp\",\"width\":1000,\"height\":1000},{\"@type\":\"BreadcrumbList\",\"@id\":\"https:\\\/\\\/www.ghostysky.com\\\/product\\\/gcp-aerial-targets-pack-10-units-model-p-60cm-numbered-0-9\\\/#breadcrumb\",\"itemListElement\":[{\"@type\":\"ListItem\",\"position\":1,\"name\":\"Home\",\"item\":\"https:\\\/\\\/www.ghostysky.com\\\/\"},{\"@type\":\"ListItem\",\"position\":2,\"name\":\"Shop\",\"item\":\"https:\\\/\\\/www.ghostysky.com\\\/shop\\\/\"},{\"@type\":\"ListItem\",\"position\":3,\"name\":\"GCP Aerial Targets (Pack 10 units) | Model P (60x60cm) | Numbered 0-9\"}]},{\"@type\":\"WebSite\",\"@id\":\"https:\\\/\\\/www.ghostysky.com\\\/#website\",\"url\":\"https:\\\/\\\/www.ghostysky.com\\\/\",\"name\":\"Ghostysky\",\"description\":\"Delivering professional drones and services\",\"publisher\":{\"@id\":\"https:\\\/\\\/www.ghostysky.com\\\/#organization\"},\"potentialAction\":[{\"@type\":\"SearchAction\",\"target\":{\"@type\":\"EntryPoint\",\"urlTemplate\":\"https:\\\/\\\/www.ghostysky.com\\\/?s={search_term_string}\"},\"query-input\":{\"@type\":\"PropertyValueSpecification\",\"valueRequired\":true,\"valueName\":\"search_term_string\"}}],\"inLanguage\":\"pt-PT\"},{\"@type\":\"Organization\",\"@id\":\"https:\\\/\\\/www.ghostysky.com\\\/#organization\",\"name\":\"Ghostysky\",\"url\":\"https:\\\/\\\/www.ghostysky.com\\\/\",\"logo\":{\"@type\":\"ImageObject\",\"inLanguage\":\"pt-PT\",\"@id\":\"https:\\\/\\\/www.ghostysky.com\\\/#\\\/schema\\\/logo\\\/image\\\/\",\"url\":\"https:\\\/\\\/www.ghostysky.com\\\/wp-content\\\/uploads\\\/2020\\\/06\\\/cropped-ghostyskylogo_text_white2.png\",\"contentUrl\":\"https:\\\/\\\/www.ghostysky.com\\\/wp-content\\\/uploads\\\/2020\\\/06\\\/cropped-ghostyskylogo_text_white2.png\",\"width\":169,\"height\":56,\"caption\":\"Ghostysky\"},\"image\":{\"@id\":\"https:\\\/\\\/www.ghostysky.com\\\/#\\\/schema\\\/logo\\\/image\\\/\"},\"sameAs\":[\"https:\\\/\\\/www.facebook.com\\\/people\\\/Ghostysky\\\/100057676170234\\\/\",\"https:\\\/\\\/x.com\\\/Gh0stysky\",\"https:\\\/\\\/www.linkedin.com\\\/company\\\/34739653\",\"https:\\\/\\\/www.instagram.com\\\/gh0stysky\"]}]}<\/script>\n<!-- \/ Yoast SEO plugin. -->","yoast_head_json":{"title":"Alvos A\u00e9reos GCP (Pacote 10 unidades) | Modelo P (60x60cm) | Numerado de 0 a 9","description":"GCPs leves e dobr\u00e1veis s\u00e3o f\u00e1ceis de transportar e transportar. Com tamanho de 60 cm por 60 cm, esses GCPs s\u00e3o perfeitos para mapeamento de UAV. Pacote de 10 GCPs numerados Modelo P (Passthrough).","robots":{"index":"index","follow":"follow","max-snippet":"max-snippet:-1","max-image-preview":"max-image-preview:large","max-video-preview":"max-video-preview:-1"},"canonical":"https:\/\/www.ghostysky.com\/pt\/produto-2\/gcp-aerial-targets-pack-10-units-model-p-60cm-numbered-0-9\/","og_locale":"pt_PT","og_type":"article","og_title":"GCP Aerial Targets (Pack 10 units) | Model P (60x60cm) | Numbered 0-9","og_description":"Lightweight, foldable GCPs are easy to transport and carry. With 60cm by 60cm size, these GCPs are perfect for UAV mapping. 10Pack numbered GCPs Model P (Passthrough).","og_url":"https:\/\/www.ghostysky.com\/pt\/produto-2\/gcp-aerial-targets-pack-10-units-model-p-60cm-numbered-0-9\/","og_site_name":"Ghostysky","article_publisher":"https:\/\/www.facebook.com\/people\/Ghostysky\/100057676170234\/","article_modified_time":"2026-01-19T10:35:14+00:00","og_image":[{"width":1000,"height":1000,"url":"https:\/\/www.ghostysky.com\/wp-content\/uploads\/2023\/10\/GCP_IC_60cm_P_1.webp","type":"image\/webp"}],"twitter_card":"summary_large_image","twitter_site":"@Gh0stysky","twitter_misc":{"Tempo estimado de leitura":"1 minuto"},"schema":{"@context":"https:\/\/schema.org","@graph":[{"@type":"WebPage","@id":"https:\/\/www.ghostysky.com\/product\/gcp-aerial-targets-pack-10-units-model-p-60cm-numbered-0-9\/","url":"https:\/\/www.ghostysky.com\/product\/gcp-aerial-targets-pack-10-units-model-p-60cm-numbered-0-9\/","name":"Alvos A\u00e9reos GCP (Pacote 10 unidades) | Modelo P (60x60cm) | Numerado de 0 a 9","isPartOf":{"@id":"https:\/\/www.ghostysky.com\/#website"},"primaryImageOfPage":{"@id":"https:\/\/www.ghostysky.com\/product\/gcp-aerial-targets-pack-10-units-model-p-60cm-numbered-0-9\/#primaryimage"},"image":{"@id":"https:\/\/www.ghostysky.com\/product\/gcp-aerial-targets-pack-10-units-model-p-60cm-numbered-0-9\/#primaryimage"},"thumbnailUrl":"https:\/\/www.ghostysky.com\/wp-content\/uploads\/2023\/10\/GCP_IC_60cm_P_1.webp","datePublished":"2023-10-27T19:17:05+00:00","dateModified":"2026-01-19T10:35:14+00:00","description":"GCPs leves e dobr\u00e1veis s\u00e3o f\u00e1ceis de transportar e transportar. Com tamanho de 60 cm por 60 cm, esses GCPs s\u00e3o perfeitos para mapeamento de UAV. Pacote de 10 GCPs numerados Modelo P (Passthrough).","breadcrumb":{"@id":"https:\/\/www.ghostysky.com\/product\/gcp-aerial-targets-pack-10-units-model-p-60cm-numbered-0-9\/#breadcrumb"},"inLanguage":"pt-PT","potentialAction":[{"@type":"ReadAction","target":["https:\/\/www.ghostysky.com\/product\/gcp-aerial-targets-pack-10-units-model-p-60cm-numbered-0-9\/"]}]},{"@type":"ImageObject","inLanguage":"pt-PT","@id":"https:\/\/www.ghostysky.com\/product\/gcp-aerial-targets-pack-10-units-model-p-60cm-numbered-0-9\/#primaryimage","url":"https:\/\/www.ghostysky.com\/wp-content\/uploads\/2023\/10\/GCP_IC_60cm_P_1.webp","contentUrl":"https:\/\/www.ghostysky.com\/wp-content\/uploads\/2023\/10\/GCP_IC_60cm_P_1.webp","width":1000,"height":1000},{"@type":"BreadcrumbList","@id":"https:\/\/www.ghostysky.com\/product\/gcp-aerial-targets-pack-10-units-model-p-60cm-numbered-0-9\/#breadcrumb","itemListElement":[{"@type":"ListItem","position":1,"name":"Home","item":"https:\/\/www.ghostysky.com\/"},{"@type":"ListItem","position":2,"name":"Shop","item":"https:\/\/www.ghostysky.com\/shop\/"},{"@type":"ListItem","position":3,"name":"GCP Aerial Targets (Pack 10 units) | Model P (60x60cm) | Numbered 0-9"}]},{"@type":"WebSite","@id":"https:\/\/www.ghostysky.com\/#website","url":"https:\/\/www.ghostysky.com\/","name":"Ghostysky","description":"Fornecendo drones e servi\u00e7os profissionais","publisher":{"@id":"https:\/\/www.ghostysky.com\/#organization"},"potentialAction":[{"@type":"SearchAction","target":{"@type":"EntryPoint","urlTemplate":"https:\/\/www.ghostysky.com\/?s={search_term_string}"},"query-input":{"@type":"PropertyValueSpecification","valueRequired":true,"valueName":"search_term_string"}}],"inLanguage":"pt-PT"},{"@type":"Organization","@id":"https:\/\/www.ghostysky.com\/#organization","name":"Ghostysky","url":"https:\/\/www.ghostysky.com\/","logo":{"@type":"ImageObject","inLanguage":"pt-PT","@id":"https:\/\/www.ghostysky.com\/#\/schema\/logo\/image\/","url":"https:\/\/www.ghostysky.com\/wp-content\/uploads\/2020\/06\/cropped-ghostyskylogo_text_white2.png","contentUrl":"https:\/\/www.ghostysky.com\/wp-content\/uploads\/2020\/06\/cropped-ghostyskylogo_text_white2.png","width":169,"height":56,"caption":"Ghostysky"},"image":{"@id":"https:\/\/www.ghostysky.com\/#\/schema\/logo\/image\/"},"sameAs":["https:\/\/www.facebook.com\/people\/Ghostysky\/100057676170234\/","https:\/\/x.com\/Gh0stysky","https:\/\/www.linkedin.com\/company\/34739653","https:\/\/www.instagram.com\/gh0stysky"]}]}},"_links":{"self":[{"href":"https:\/\/www.ghostysky.com\/pt\/wp-json\/wp\/v2\/product\/13485","targetHints":{"allow":["GET"]}}],"collection":[{"href":"https:\/\/www.ghostysky.com\/pt\/wp-json\/wp\/v2\/product"}],"about":[{"href":"https:\/\/www.ghostysky.com\/pt\/wp-json\/wp\/v2\/types\/product"}],"replies":[{"embeddable":true,"href":"https:\/\/www.ghostysky.com\/pt\/wp-json\/wp\/v2\/comments?post=13485"}],"wp:featuredmedia":[{"embeddable":true,"href":"https:\/\/www.ghostysky.com\/pt\/wp-json\/wp\/v2\/media\/13492"}],"wp:attachment":[{"href":"https:\/\/www.ghostysky.com\/pt\/wp-json\/wp\/v2\/media?parent=13485"}],"wp:term":[{"taxonomy":"product_brand","embeddable":true,"href":"https:\/\/www.ghostysky.com\/pt\/wp-json\/wp\/v2\/product_brand?post=13485"},{"taxonomy":"product_cat","embeddable":true,"href":"https:\/\/www.ghostysky.com\/pt\/wp-json\/wp\/v2\/product_cat?post=13485"},{"taxonomy":"product_tag","embeddable":true,"href":"https:\/\/www.ghostysky.com\/pt\/wp-json\/wp\/v2\/product_tag?post=13485"}],"curies":[{"name":"wp","href":"https:\/\/api.w.org\/{rel}","templated":true}]}}