{"id":15064,"date":"2023-12-07T11:04:27","date_gmt":"2023-12-07T11:04:27","guid":{"rendered":"https:\/\/www.ghostysky.com\/?post_type=product&#038;p=15064"},"modified":"2024-01-26T08:46:13","modified_gmt":"2024-01-26T08:46:13","slug":"south-galaxy-g7-1760-channels-no-modem","status":"publish","type":"product","link":"https:\/\/www.ghostysky.com\/pt\/product\/south-galaxy-g7-1760-channels-no-modem\/","title":{"rendered":"South Galaxy G7 (1760 canais, sem modem)"},"content":{"rendered":"<p data-sourcepos=\"1:1-1:231\">O South Galaxy G7 \u00e9 um receptor GNSS RTK robusto e vers\u00e1til com uma IMU (Unidade de Medi\u00e7\u00e3o Inercial) integrada. Ele fornece precis\u00e3o em n\u00edvel centim\u00e9trico no modo RTK e pode ser usado para uma variedade de aplica\u00e7\u00f5es de levantamento topogr\u00e1fico e mapeamento.<\/p>\n<p data-sourcepos=\"3:1-3:17\"><strong>Caracter\u00edsticas principais:<\/strong><\/p>\n<ul data-sourcepos=\"5:1-16:0\">\n<li data-sourcepos=\"5:1-6:0\">\n<p data-sourcepos=\"5:3-5:159\"><strong>Multi-GNSS:<\/strong> Suporta constela\u00e7\u00f5es de sat\u00e9lites GPS, GLONASS, Galileo, BeiDou (B\u00fassola), QZSS e SBAS para maior precis\u00e3o e disponibilidade de posicionamento.<\/p>\n<\/li>\n<li data-sourcepos=\"7:1-8:0\">\n<p data-sourcepos=\"7:3-7:129\"><strong>Modo RTK:<\/strong> Alcan\u00e7a precis\u00e3o centim\u00e9trica utilizando corre\u00e7\u00f5es em tempo real de uma esta\u00e7\u00e3o base ou servi\u00e7o de rede RTK.<\/p>\n<\/li>\n<li data-sourcepos=\"9:1-10:0\">\n<p data-sourcepos=\"9:3-9:147\"><strong>IMU integrada:<\/strong> Compensa erros de orienta\u00e7\u00e3o causados por inclina\u00e7\u00e3o e movimento, garantindo medi\u00e7\u00f5es precisas mesmo em ambientes desafiadores.<\/p>\n<\/li>\n<li data-sourcepos=\"11:1-12:0\">\n<p data-sourcepos=\"11:3-11:171\"><strong>Medi\u00e7\u00f5es de alta precis\u00e3o:<\/strong> Capaz de precis\u00e3o subm\u00e9trica para medi\u00e7\u00f5es horizontais e verticais, atendendo \u00e0s demandas de projetos exigentes de levantamento topogr\u00e1fico e mapeamento.<\/p>\n<\/li>\n<li data-sourcepos=\"13:1-14:0\">\n<p data-sourcepos=\"13:3-13:179\"><strong>Aplica\u00e7\u00f5es vers\u00e1teis:<\/strong> Adequado para diversas tarefas de levantamento topogr\u00e1fico, incluindo mapeamento topogr\u00e1fico, layout de canteiro de obras, levantamentos de engenharia e aplica\u00e7\u00f5es de controle de m\u00e1quinas.<\/p>\n<\/li>\n<li data-sourcepos=\"15:1-16:0\">\n<p data-sourcepos=\"15:3-15:136\"><strong>Design dur\u00e1vel:<\/strong> Envolvido em uma caixa robusta e \u00e0 prova d&#039;\u00e1gua, o South Galaxy G7 foi projetado para suportar condi\u00e7\u00f5es externas adversas.<\/p>\n<\/li>\n<\/ul>\n<p data-sourcepos=\"17:1-17:19\"><strong>Especifica\u00e7\u00f5es:<\/strong><\/p>\n<ul data-sourcepos=\"19:1-38:0\">\n<li data-sourcepos=\"19:1-20:0\">\n<p data-sourcepos=\"19:3-19:118\"><strong>Bandas de frequ\u00eancia:<\/strong> Constela\u00e7\u00f5es de sat\u00e9lites Galileo, BDS (Beidou), GPS, Glonass, SBAS, IRNSS e QZSS.<\/p>\n<\/li>\n<li data-sourcepos=\"21:1-22:0\">\n<p data-sourcepos=\"21:3-21:29\"><strong>Canais via sat\u00e9lite:<\/strong> Entre 1598 e 1760<\/p>\n<\/li>\n<li data-sourcepos=\"23:1-24:0\">\n<p data-sourcepos=\"23:3-23:116\"><strong>Precis\u00e3o de posicionamento:<\/strong> RTK: &lt;1 cm (&lt;0,3 p\u00e9s), Est\u00e1tico: &lt;5 cm (&lt;1,6 p\u00e9s), RTK r\u00e1pido: &lt;3 cm (&lt;1 p\u00e9)<\/p>\n<\/li>\n<li data-sourcepos=\"25:1-26:0\">\n<p data-sourcepos=\"25:3-25:117\"><strong>Precis\u00e3o horizontal:<\/strong> RTK: &lt;3 mm (&lt;0,11 p\u00e9s), Est\u00e1tico: &lt;10 mm (&lt;0,33 p\u00e9s), RTK r\u00e1pido: &lt;15 mm (0,5 p\u00e9s)<\/p>\n<\/li>\n<li data-sourcepos=\"27:1-28:0\">\n<p data-sourcepos=\"27:3-27:113\"><strong>Precis\u00e3o vertical:<\/strong> RTK: &lt;1 mm (&lt;0,03 p\u00e9s), Est\u00e1tico: &lt;2 mm (&lt;0,07 p\u00e9s), RTK r\u00e1pido: &lt;3 mm (0,1 p\u00e9s)<\/p>\n<\/li>\n<li data-sourcepos=\"29:1-30:0\">\n<p data-sourcepos=\"29:3-29:27\"><strong>Resolu\u00e7\u00e3o IMU:<\/strong> 0,01\u00b0<\/p>\n<\/li>\n<li data-sourcepos=\"31:1-32:0\">\n<p data-sourcepos=\"31:3-31:46\"><strong>Sa\u00edda de dados:<\/strong> RTCM 2.3\/3.0, RINEX 2.x\/3.x<\/p>\n<\/li>\n<li data-sourcepos=\"33:1-34:0\">\n<p data-sourcepos=\"33:3-33:61\"><strong>Temperaturas de opera\u00e7\u00e3o:<\/strong> -40\u00b0C a +60\u00b0C (-40\u00b0F a +140\u00b0F)<\/p>\n<\/li>\n<li data-sourcepos=\"35:1-36:0\">\n<p data-sourcepos=\"35:3-35:59\"><strong>Temperatura de armazenamento:<\/strong> -40\u00b0C a +85\u00b0C (-40\u00b0F a +185\u00b0F)<\/p>\n<\/li>\n<li data-sourcepos=\"37:1-38:0\">\n<p data-sourcepos=\"37:3-37:47\"><strong>Faixa de umidade:<\/strong> 5% a 95%, sem condensa\u00e7\u00e3o<\/p>\n<\/li>\n<\/ul>\n<p data-sourcepos=\"39:1-39:275\"><strong>No geral, o South Galaxy G7 \u00e9 um receptor GNSS RTK poderoso e vers\u00e1til, ideal para uma ampla gama de aplica\u00e7\u00f5es de levantamento e mapeamento. Seu tamanho compacto, constru\u00e7\u00e3o robusta e medi\u00e7\u00f5es de alta precis\u00e3o tornam-no uma ferramenta valiosa para profissionais da \u00e1rea.<\/strong><\/p>","protected":false},"excerpt":{"rendered":"<p>O South Galaxy G7 \u00e9 um receptor GNSS RTK vers\u00e1til e robusto com uma IMU (Unidade de Medi\u00e7\u00e3o Inercial) integrada que fornece precis\u00e3o em n\u00edvel centim\u00e9trico para aplica\u00e7\u00f5es de levantamento e mapeamento. Ele suporta m\u00faltiplas constela\u00e7\u00f5es GNSS, incluindo GPS, GLONASS, Galileo, BeiDou, QZSS e SBAS, e pode ser usado em v\u00e1rios modos, incluindo RTK, est\u00e1tico e RTK r\u00e1pido. Seu tamanho compacto, design dur\u00e1vel e recursos abrangentes tornam-no uma ferramenta valiosa para profissionais do setor de topografia e mapeamento.<\/p>\n<ul>\n<li>1760 canais<\/li>\n<li>Sem modem<\/li>\n<\/ul>","protected":false},"featured_media":15062,"comment_status":"open","ping_status":"closed","template":"","meta":[],"product_brand":[],"product_cat":[372,371],"product_tag":[600,596,595],"class_list":{"0":"post-15064","1":"product","2":"type-product","3":"status-publish","4":"has-post-thumbnail","6":"product_cat-receivers-south","7":"product_cat-south","8":"product_tag-1760-channels","9":"product_tag-galaxy-g7","10":"product_tag-south-instruments","12":"first","13":"onbackorder","14":"taxable","15":"shipping-taxable","16":"product-type-simple"},"yoast_head":"<!-- This site is optimized with the Yoast SEO plugin v27.4 - https:\/\/yoast.com\/product\/yoast-seo-wordpress\/ -->\n<title>South Galaxy G7 (1760 channels, no modem) - Ghostysky<\/title>\n<meta name=\"description\" content=\"The South Galaxy G7 is a versatile and rugged GNSS RTK receiver with a built-in IMU (Inertial Measurement Unit) that provides centimeter-level accuracy for surveying and mapping applications. It supports multiple GNSS constellations, including GPS, GLONASS, Galileo, BeiDou, QZSS, and SBAS, and can be used in various modes, including RTK, static, and fast RTK. Its compact size, durable design, and comprehensive features make it a valuable tool for professionals in the surveying and mapping industry.1598 channelsNo Modem\" \/>\n<meta name=\"robots\" content=\"index, follow, max-snippet:-1, max-image-preview:large, max-video-preview:-1\" \/>\n<link rel=\"canonical\" href=\"https:\/\/www.ghostysky.com\/pt\/produto-2\/south-galaxy-g7-1760-channels-no-modem\/\" \/>\n<meta property=\"og:locale\" content=\"pt_PT\" \/>\n<meta property=\"og:type\" content=\"article\" \/>\n<meta property=\"og:title\" content=\"South Galaxy G7 (1760 channels, no modem) - Ghostysky\" \/>\n<meta property=\"og:description\" content=\"The South Galaxy G7 is a versatile and rugged GNSS RTK receiver with a built-in IMU (Inertial Measurement Unit) that provides centimeter-level accuracy for surveying and mapping applications. It supports multiple GNSS constellations, including GPS, GLONASS, Galileo, BeiDou, QZSS, and SBAS, and can be used in various modes, including RTK, static, and fast RTK. Its compact size, durable design, and comprehensive features make it a valuable tool for professionals in the surveying and mapping industry.1598 channelsNo Modem\" \/>\n<meta property=\"og:url\" content=\"https:\/\/www.ghostysky.com\/pt\/produto-2\/south-galaxy-g7-1760-channels-no-modem\/\" \/>\n<meta property=\"og:site_name\" content=\"Ghostysky\" \/>\n<meta property=\"article:publisher\" content=\"https:\/\/www.facebook.com\/people\/Ghostysky\/100057676170234\/\" \/>\n<meta property=\"article:modified_time\" content=\"2024-01-26T08:46:13+00:00\" \/>\n<meta property=\"og:image\" content=\"https:\/\/www.ghostysky.com\/wp-content\/uploads\/2023\/12\/South-Inst-Galaxy-G7_1.jpg\" \/>\n\t<meta property=\"og:image:width\" content=\"800\" \/>\n\t<meta property=\"og:image:height\" content=\"800\" \/>\n\t<meta property=\"og:image:type\" content=\"image\/jpeg\" \/>\n<meta name=\"twitter:card\" content=\"summary_large_image\" \/>\n<meta name=\"twitter:site\" content=\"@Gh0stysky\" \/>\n<meta name=\"twitter:label1\" content=\"Tempo estimado de leitura\" \/>\n\t<meta name=\"twitter:data1\" content=\"2 minutos\" \/>\n<script type=\"application\/ld+json\" class=\"yoast-schema-graph\">{\"@context\":\"https:\\\/\\\/schema.org\",\"@graph\":[{\"@type\":\"WebPage\",\"@id\":\"https:\\\/\\\/www.ghostysky.com\\\/product\\\/south-galaxy-g7-1760-channels-no-modem\\\/\",\"url\":\"https:\\\/\\\/www.ghostysky.com\\\/product\\\/south-galaxy-g7-1760-channels-no-modem\\\/\",\"name\":\"South Galaxy G7 (1760 channels, no modem) - Ghostysky\",\"isPartOf\":{\"@id\":\"https:\\\/\\\/www.ghostysky.com\\\/#website\"},\"primaryImageOfPage\":{\"@id\":\"https:\\\/\\\/www.ghostysky.com\\\/product\\\/south-galaxy-g7-1760-channels-no-modem\\\/#primaryimage\"},\"image\":{\"@id\":\"https:\\\/\\\/www.ghostysky.com\\\/product\\\/south-galaxy-g7-1760-channels-no-modem\\\/#primaryimage\"},\"thumbnailUrl\":\"https:\\\/\\\/www.ghostysky.com\\\/wp-content\\\/uploads\\\/2023\\\/12\\\/South-Inst-Galaxy-G7_1.jpg\",\"datePublished\":\"2023-12-07T11:04:27+00:00\",\"dateModified\":\"2024-01-26T08:46:13+00:00\",\"description\":\"The South Galaxy G7 is a versatile and rugged GNSS RTK receiver with a built-in IMU (Inertial Measurement Unit) that provides centimeter-level accuracy for surveying and mapping applications. It supports multiple GNSS constellations, including GPS, GLONASS, Galileo, BeiDou, QZSS, and SBAS, and can be used in various modes, including RTK, static, and fast RTK. Its compact size, durable design, and comprehensive features make it a valuable tool for professionals in the surveying and mapping industry.1598 channelsNo Modem\",\"breadcrumb\":{\"@id\":\"https:\\\/\\\/www.ghostysky.com\\\/product\\\/south-galaxy-g7-1760-channels-no-modem\\\/#breadcrumb\"},\"inLanguage\":\"pt-PT\",\"potentialAction\":[{\"@type\":\"ReadAction\",\"target\":[\"https:\\\/\\\/www.ghostysky.com\\\/product\\\/south-galaxy-g7-1760-channels-no-modem\\\/\"]}]},{\"@type\":\"ImageObject\",\"inLanguage\":\"pt-PT\",\"@id\":\"https:\\\/\\\/www.ghostysky.com\\\/product\\\/south-galaxy-g7-1760-channels-no-modem\\\/#primaryimage\",\"url\":\"https:\\\/\\\/www.ghostysky.com\\\/wp-content\\\/uploads\\\/2023\\\/12\\\/South-Inst-Galaxy-G7_1.jpg\",\"contentUrl\":\"https:\\\/\\\/www.ghostysky.com\\\/wp-content\\\/uploads\\\/2023\\\/12\\\/South-Inst-Galaxy-G7_1.jpg\",\"width\":800,\"height\":800},{\"@type\":\"BreadcrumbList\",\"@id\":\"https:\\\/\\\/www.ghostysky.com\\\/product\\\/south-galaxy-g7-1760-channels-no-modem\\\/#breadcrumb\",\"itemListElement\":[{\"@type\":\"ListItem\",\"position\":1,\"name\":\"Home\",\"item\":\"https:\\\/\\\/www.ghostysky.com\\\/\"},{\"@type\":\"ListItem\",\"position\":2,\"name\":\"Shop\",\"item\":\"https:\\\/\\\/www.ghostysky.com\\\/shop\\\/\"},{\"@type\":\"ListItem\",\"position\":3,\"name\":\"South Galaxy G7 (1760 channels, no modem)\"}]},{\"@type\":\"WebSite\",\"@id\":\"https:\\\/\\\/www.ghostysky.com\\\/#website\",\"url\":\"https:\\\/\\\/www.ghostysky.com\\\/\",\"name\":\"Ghostysky\",\"description\":\"Delivering professional drones and robotics solutions\",\"publisher\":{\"@id\":\"https:\\\/\\\/www.ghostysky.com\\\/#organization\"},\"potentialAction\":[{\"@type\":\"SearchAction\",\"target\":{\"@type\":\"EntryPoint\",\"urlTemplate\":\"https:\\\/\\\/www.ghostysky.com\\\/?s={search_term_string}\"},\"query-input\":{\"@type\":\"PropertyValueSpecification\",\"valueRequired\":true,\"valueName\":\"search_term_string\"}}],\"inLanguage\":\"pt-PT\"},{\"@type\":\"Organization\",\"@id\":\"https:\\\/\\\/www.ghostysky.com\\\/#organization\",\"name\":\"Ghostysky\",\"url\":\"https:\\\/\\\/www.ghostysky.com\\\/\",\"logo\":{\"@type\":\"ImageObject\",\"inLanguage\":\"pt-PT\",\"@id\":\"https:\\\/\\\/www.ghostysky.com\\\/#\\\/schema\\\/logo\\\/image\\\/\",\"url\":\"https:\\\/\\\/www.ghostysky.com\\\/wp-content\\\/uploads\\\/2020\\\/06\\\/cropped-ghostyskylogo_text_white2.png\",\"contentUrl\":\"https:\\\/\\\/www.ghostysky.com\\\/wp-content\\\/uploads\\\/2020\\\/06\\\/cropped-ghostyskylogo_text_white2.png\",\"width\":169,\"height\":56,\"caption\":\"Ghostysky\"},\"image\":{\"@id\":\"https:\\\/\\\/www.ghostysky.com\\\/#\\\/schema\\\/logo\\\/image\\\/\"},\"sameAs\":[\"https:\\\/\\\/www.facebook.com\\\/people\\\/Ghostysky\\\/100057676170234\\\/\",\"https:\\\/\\\/x.com\\\/Gh0stysky\",\"https:\\\/\\\/www.linkedin.com\\\/company\\\/34739653\",\"https:\\\/\\\/www.instagram.com\\\/gh0stysky\"]}]}<\/script>\n<!-- \/ Yoast SEO plugin. -->","yoast_head_json":{"title":"South Galaxy G7 (1760 canais, sem modem) - Ghostysky","description":"O South Galaxy G7 \u00e9 um receptor GNSS RTK vers\u00e1til e robusto com uma IMU (Unidade de Medi\u00e7\u00e3o Inercial) integrada que fornece precis\u00e3o em n\u00edvel centim\u00e9trico para aplica\u00e7\u00f5es de levantamento e mapeamento. Ele suporta m\u00faltiplas constela\u00e7\u00f5es GNSS, incluindo GPS, GLONASS, Galileo, BeiDou, QZSS e SBAS, e pode ser usado em v\u00e1rios modos, incluindo RTK, est\u00e1tico e RTK r\u00e1pido. Seu tamanho compacto, design dur\u00e1vel e recursos abrangentes tornam-no uma ferramenta valiosa para profissionais da ind\u00fastria de topografia e mapeamento. 1598 canais Sem modem","robots":{"index":"index","follow":"follow","max-snippet":"max-snippet:-1","max-image-preview":"max-image-preview:large","max-video-preview":"max-video-preview:-1"},"canonical":"https:\/\/www.ghostysky.com\/pt\/produto-2\/south-galaxy-g7-1760-channels-no-modem\/","og_locale":"pt_PT","og_type":"article","og_title":"South Galaxy G7 (1760 channels, no modem) - Ghostysky","og_description":"The South Galaxy G7 is a versatile and rugged GNSS RTK receiver with a built-in IMU (Inertial Measurement Unit) that provides centimeter-level accuracy for surveying and mapping applications. It supports multiple GNSS constellations, including GPS, GLONASS, Galileo, BeiDou, QZSS, and SBAS, and can be used in various modes, including RTK, static, and fast RTK. Its compact size, durable design, and comprehensive features make it a valuable tool for professionals in the surveying and mapping industry.1598 channelsNo Modem","og_url":"https:\/\/www.ghostysky.com\/pt\/produto-2\/south-galaxy-g7-1760-channels-no-modem\/","og_site_name":"Ghostysky","article_publisher":"https:\/\/www.facebook.com\/people\/Ghostysky\/100057676170234\/","article_modified_time":"2024-01-26T08:46:13+00:00","og_image":[{"width":800,"height":800,"url":"https:\/\/www.ghostysky.com\/wp-content\/uploads\/2023\/12\/South-Inst-Galaxy-G7_1.jpg","type":"image\/jpeg"}],"twitter_card":"summary_large_image","twitter_site":"@Gh0stysky","twitter_misc":{"Tempo estimado de leitura":"2 minutos"},"schema":{"@context":"https:\/\/schema.org","@graph":[{"@type":"WebPage","@id":"https:\/\/www.ghostysky.com\/product\/south-galaxy-g7-1760-channels-no-modem\/","url":"https:\/\/www.ghostysky.com\/product\/south-galaxy-g7-1760-channels-no-modem\/","name":"South Galaxy G7 (1760 canais, sem modem) - Ghostysky","isPartOf":{"@id":"https:\/\/www.ghostysky.com\/#website"},"primaryImageOfPage":{"@id":"https:\/\/www.ghostysky.com\/product\/south-galaxy-g7-1760-channels-no-modem\/#primaryimage"},"image":{"@id":"https:\/\/www.ghostysky.com\/product\/south-galaxy-g7-1760-channels-no-modem\/#primaryimage"},"thumbnailUrl":"https:\/\/www.ghostysky.com\/wp-content\/uploads\/2023\/12\/South-Inst-Galaxy-G7_1.jpg","datePublished":"2023-12-07T11:04:27+00:00","dateModified":"2024-01-26T08:46:13+00:00","description":"O South Galaxy G7 \u00e9 um receptor GNSS RTK vers\u00e1til e robusto com uma IMU (Unidade de Medi\u00e7\u00e3o Inercial) integrada que fornece precis\u00e3o em n\u00edvel centim\u00e9trico para aplica\u00e7\u00f5es de levantamento e mapeamento. Ele suporta m\u00faltiplas constela\u00e7\u00f5es GNSS, incluindo GPS, GLONASS, Galileo, BeiDou, QZSS e SBAS, e pode ser usado em v\u00e1rios modos, incluindo RTK, est\u00e1tico e RTK r\u00e1pido. Seu tamanho compacto, design dur\u00e1vel e recursos abrangentes tornam-no uma ferramenta valiosa para profissionais da ind\u00fastria de topografia e mapeamento. 1598 canais Sem modem","breadcrumb":{"@id":"https:\/\/www.ghostysky.com\/product\/south-galaxy-g7-1760-channels-no-modem\/#breadcrumb"},"inLanguage":"pt-PT","potentialAction":[{"@type":"ReadAction","target":["https:\/\/www.ghostysky.com\/product\/south-galaxy-g7-1760-channels-no-modem\/"]}]},{"@type":"ImageObject","inLanguage":"pt-PT","@id":"https:\/\/www.ghostysky.com\/product\/south-galaxy-g7-1760-channels-no-modem\/#primaryimage","url":"https:\/\/www.ghostysky.com\/wp-content\/uploads\/2023\/12\/South-Inst-Galaxy-G7_1.jpg","contentUrl":"https:\/\/www.ghostysky.com\/wp-content\/uploads\/2023\/12\/South-Inst-Galaxy-G7_1.jpg","width":800,"height":800},{"@type":"BreadcrumbList","@id":"https:\/\/www.ghostysky.com\/product\/south-galaxy-g7-1760-channels-no-modem\/#breadcrumb","itemListElement":[{"@type":"ListItem","position":1,"name":"Home","item":"https:\/\/www.ghostysky.com\/"},{"@type":"ListItem","position":2,"name":"Shop","item":"https:\/\/www.ghostysky.com\/shop\/"},{"@type":"ListItem","position":3,"name":"South Galaxy G7 (1760 channels, no modem)"}]},{"@type":"WebSite","@id":"https:\/\/www.ghostysky.com\/#website","url":"https:\/\/www.ghostysky.com\/","name":"Ghostysky","description":"Fornecendo solu\u00e7\u00f5es profissionais em drones e rob\u00f3tica.","publisher":{"@id":"https:\/\/www.ghostysky.com\/#organization"},"potentialAction":[{"@type":"SearchAction","target":{"@type":"EntryPoint","urlTemplate":"https:\/\/www.ghostysky.com\/?s={search_term_string}"},"query-input":{"@type":"PropertyValueSpecification","valueRequired":true,"valueName":"search_term_string"}}],"inLanguage":"pt-PT"},{"@type":"Organization","@id":"https:\/\/www.ghostysky.com\/#organization","name":"Ghostysky","url":"https:\/\/www.ghostysky.com\/","logo":{"@type":"ImageObject","inLanguage":"pt-PT","@id":"https:\/\/www.ghostysky.com\/#\/schema\/logo\/image\/","url":"https:\/\/www.ghostysky.com\/wp-content\/uploads\/2020\/06\/cropped-ghostyskylogo_text_white2.png","contentUrl":"https:\/\/www.ghostysky.com\/wp-content\/uploads\/2020\/06\/cropped-ghostyskylogo_text_white2.png","width":169,"height":56,"caption":"Ghostysky"},"image":{"@id":"https:\/\/www.ghostysky.com\/#\/schema\/logo\/image\/"},"sameAs":["https:\/\/www.facebook.com\/people\/Ghostysky\/100057676170234\/","https:\/\/x.com\/Gh0stysky","https:\/\/www.linkedin.com\/company\/34739653","https:\/\/www.instagram.com\/gh0stysky"]}]}},"_links":{"self":[{"href":"https:\/\/www.ghostysky.com\/pt\/wp-json\/wp\/v2\/product\/15064","targetHints":{"allow":["GET"]}}],"collection":[{"href":"https:\/\/www.ghostysky.com\/pt\/wp-json\/wp\/v2\/product"}],"about":[{"href":"https:\/\/www.ghostysky.com\/pt\/wp-json\/wp\/v2\/types\/product"}],"replies":[{"embeddable":true,"href":"https:\/\/www.ghostysky.com\/pt\/wp-json\/wp\/v2\/comments?post=15064"}],"version-history":[{"count":0,"href":"https:\/\/www.ghostysky.com\/pt\/wp-json\/wp\/v2\/product\/15064\/revisions"}],"wp:featuredmedia":[{"embeddable":true,"href":"https:\/\/www.ghostysky.com\/pt\/wp-json\/wp\/v2\/media\/15062"}],"wp:attachment":[{"href":"https:\/\/www.ghostysky.com\/pt\/wp-json\/wp\/v2\/media?parent=15064"}],"wp:term":[{"taxonomy":"product_brand","embeddable":true,"href":"https:\/\/www.ghostysky.com\/pt\/wp-json\/wp\/v2\/product_brand?post=15064"},{"taxonomy":"product_cat","embeddable":true,"href":"https:\/\/www.ghostysky.com\/pt\/wp-json\/wp\/v2\/product_cat?post=15064"},{"taxonomy":"product_tag","embeddable":true,"href":"https:\/\/www.ghostysky.com\/pt\/wp-json\/wp\/v2\/product_tag?post=15064"}],"curies":[{"name":"wp","href":"https:\/\/api.w.org\/{rel}","templated":true}]}}