{"id":15148,"date":"2023-12-13T16:04:49","date_gmt":"2023-12-13T16:04:49","guid":{"rendered":"https:\/\/www.ghostysky.com\/?post_type=product&#038;p=15148"},"modified":"2024-04-18T15:38:48","modified_gmt":"2024-04-18T15:38:48","slug":"bluemark-db121-external-battery-gps","status":"publish","type":"product","link":"https:\/\/www.ghostysky.com\/pt\/product\/bluemark-db121-external-battery-gps\/","title":{"rendered":"Bluemark DB121 (bateria externa)"},"content":{"rendered":"<h3><a href=\"https:\/\/uasdoc.faa.gov\/listDocs\/RID000000088\" target=\"_blank\" rel=\"noopener\"><img decoding=\"async\" class=\"alignnone wp-image-1862 lazy-loaded\" src=\"https:\/\/dronescout.co\/wp-content\/uploads\/2022\/09\/FAA_logo.webp\" sizes=\"(max-width: 111px) 100vw, 111px\" srcset=\"https:\/\/dronescout.co\/wp-content\/uploads\/2022\/09\/FAA_logo.webp 256w, https:\/\/dronescout.co\/wp-content\/uploads\/2022\/09\/FAA_logo-150x150.webp 150w, https:\/\/dronescout.co\/wp-content\/uploads\/2022\/09\/FAA_logo-100x100.webp 100w\" alt=\"\" width=\"111\" height=\"111\" data-lazy-type=\"image\" data-src=\"https:\/\/dronescout.co\/wp-content\/uploads\/2022\/09\/FAA_logo.webp\" data-srcset=\"\" \/><\/a>Db121:\u00a0<a href=\"https:\/\/uasdoc.faa.gov\/listDocs\/RID000000088\" target=\"_blank\" rel=\"noopener\">DOC RID000000088<\/a><\/h3>\n<h3><a href=\"https:\/\/uasdoc.faa.gov\/listDocs\/RID000000089\" target=\"_blank\" rel=\"noopener\"><img decoding=\"async\" class=\"alignnone wp-image-1862 lazy-loaded\" src=\"https:\/\/dronescout.co\/wp-content\/uploads\/2022\/09\/FAA_logo.webp\" sizes=\"(max-width: 111px) 100vw, 111px\" srcset=\"https:\/\/dronescout.co\/wp-content\/uploads\/2022\/09\/FAA_logo.webp 256w, https:\/\/dronescout.co\/wp-content\/uploads\/2022\/09\/FAA_logo-150x150.webp 150w, https:\/\/dronescout.co\/wp-content\/uploads\/2022\/09\/FAA_logo-100x100.webp 100w\" alt=\"\" width=\"111\" height=\"111\" data-lazy-type=\"image\" data-src=\"https:\/\/dronescout.co\/wp-content\/uploads\/2022\/09\/FAA_logo.webp\" data-srcset=\"\" \/><\/a>Db121pcb:\u00a0<a href=\"https:\/\/uasdoc.faa.gov\/listDocs\/RID000000089\" target=\"_blank\" rel=\"noopener\">DOC RID000000089<\/a><\/h3>\n<h3><a href=\"https:\/\/dronescout.co\/wp-content\/uploads\/2023\/09\/EU-DoC_standalone.pdf?v=35357b9c8fe4\"><img decoding=\"async\" class=\"alignnone wp-image-7235 size-full lazy-loaded\" src=\"https:\/\/dronescout.co\/wp-content\/uploads\/2023\/09\/CE_DOC.webp\" alt=\"\" width=\"111\" height=\"113\" data-lazy-type=\"image\" data-src=\"https:\/\/dronescout.co\/wp-content\/uploads\/2023\/09\/CE_DOC.webp\" \/><\/a><a href=\"https:\/\/dronescout.co\/wp-content\/uploads\/2023\/09\/EU-DoC_standalone.pdf?v=35357b9c8fe4\" target=\"_blank\" rel=\"noopener\">Declara\u00e7\u00e3o de conformidade da UE<\/a><\/h3>\n<h2>Especifica\u00e7\u00f5es<\/h2>\n<p><strong>Aprova\u00e7\u00e3o FAA: <\/strong><a href=\"https:\/\/uasdoc.faa.gov\/listDocs\/RID000000058\" target=\"_blank\" rel=\"noopener\">RID000000088<\/a><\/p>\n<p><strong><b>R\u00e1dio de curto alcance: <\/b><\/strong>Bluetooth e WiFi 2,4 GHz, pot\u00eancia de sa\u00edda (ERP): + 20 dBm (100 mW)<\/p>\n<p><strong><b>Posicionamento: <\/b><\/strong>GPS, GLONASS, precis\u00e3o de posicionamento de 2,5 m<\/p>\n<p><strong><b>Antenas: <\/b><\/strong>Antena WLAN\/BLE de 0 dBi (antena PCB omnidirecional interna de alto desempenho)<\/p>\n<p>Antena GLS de 0 dBi<\/p>\n<p><strong><b>Pot\u00eancia: <\/b><\/strong>Conector JST-GH de 1,25 mm de 2 pinos 5 \u2013 14 V<\/p>\n<p><strong><b>Luzes LED: <\/b><\/strong>status, modo de configura\u00e7\u00e3o<\/p>\n<p><strong><b>Gabinete: <\/b><\/strong>pl\u00e1stico (n\u00e1ilon)<\/p>\n<p><strong><b>Mecanismo de fixa\u00e7\u00e3o: <\/b><\/strong>Parafusos 3M dual-lock ou M5 usando as pontas dos parafusos<\/p>\n<p><strong><b>Classifica\u00e7\u00e3o IP: <\/b><\/strong>IP43<\/p>\n<p><strong><b>Temperatura de opera\u00e7\u00e3o: <\/b><\/strong>-5\u00b0C a +40\u00b0C<\/p>\n<p><strong><b>Dimens\u00f5es: <\/b><\/strong>36x38x28mm. Com n\u00f3s de parafuso as dimens\u00f5es s\u00e3o 36 x 55 x 28 mm<\/p>\n<p><strong><b>Peso: <\/b><\/strong>11 gramas<\/p>","protected":false},"excerpt":{"rendered":"<p>O DroneBeacon db121 \u00e9 um chamado\u00a0<em>direto<\/em>\u00a0ou\u00a0<em>transmiss\u00e3o<\/em>\u00a0Transponder de identifica\u00e7\u00e3o remota de longo alcance, equipado com receptor GPS pr\u00f3prio e\u00a0<strong>precisa ser alimentado pelo drone<\/strong>. Um transponder tamb\u00e9m \u00e9 chamado de complemento, rastreador, etiqueta ou placa de matr\u00edcula (sem fio). O db121 possui dois sabores: um transponder com gabinete ou apenas PCB. Est\u00e1 em conformidade com os (futuros) padr\u00f5es da UE e dos EUA. A FAA aprovou o db121\/db121pcb para uso nos EUA. Al\u00e9m disso, o transponder \u00e9 otimizado para\u00a0<em>longo alcance<\/em>\u00a0devido \u00e0 sua pot\u00eancia de transmiss\u00e3o e design da antena. Ele tamb\u00e9m suporta todos os protocolos de transmiss\u00e3o para m\u00e1xima flexibilidade.<\/p>\n<p><a href=\"https:\/\/www.easa.europa.eu\/en\/domains\/civil-drones-rpas\/open-category-civil-drones\">EASA \u2013 Declara\u00e7\u00e3o de conformidade<\/a><\/p>","protected":false},"featured_media":15142,"comment_status":"open","ping_status":"closed","template":"","meta":[],"product_brand":[],"product_cat":[461,604],"product_tag":[606,608,47,605],"class_list":{"0":"post-15148","1":"product","2":"type-product","3":"status-publish","4":"has-post-thumbnail","6":"product_cat-accessories-2","7":"product_cat-remote-id","8":"product_tag-bluemark","9":"product_tag-db121","10":"product_tag-drones","11":"product_tag-remote-id","13":"first","14":"instock","15":"taxable","16":"shipping-taxable","17":"purchasable","18":"product-type-simple"},"yoast_head":"<!-- This site is optimized with the Yoast SEO plugin v27.4 - https:\/\/yoast.com\/product\/yoast-seo-wordpress\/ -->\n<title>Bluemark DB121 (external battery) - Ghostysky<\/title>\n<meta name=\"description\" content=\"The DroneBeacon db121 is a so-called\u00a0direct\u00a0or\u00a0broadcast\u00a0Remote ID long-range transponder, equipped with its own GPS receiver and\u00a0needs to be powered by the drone. A transponder is also called add-on, tracker, tag or (wireless) number plate.\u00a0 The db121 has two flavors: a transponder with enclosure or a PCB only. It is compliant with the (upcoming) standards in the EU and USA. The FAA has approved the db121\/db121pcb for usage in the USA. Furthermore, the transponder is optimized for\u00a0long range\u00a0due to its transmit power and antenna design. It also supports all transmission protocols for maximum flexibility.\" \/>\n<meta name=\"robots\" content=\"index, follow, max-snippet:-1, max-image-preview:large, max-video-preview:-1\" \/>\n<link rel=\"canonical\" href=\"https:\/\/www.ghostysky.com\/pt\/produto-2\/bluemark-db121-external-battery-gps\/\" \/>\n<meta property=\"og:locale\" content=\"pt_PT\" \/>\n<meta property=\"og:type\" content=\"article\" \/>\n<meta property=\"og:title\" content=\"Bluemark DB121 (external battery) - Ghostysky\" \/>\n<meta property=\"og:description\" content=\"The DroneBeacon db121 is a so-called\u00a0direct\u00a0or\u00a0broadcast\u00a0Remote ID long-range transponder, equipped with its own GPS receiver and\u00a0needs to be powered by the drone. A transponder is also called add-on, tracker, tag or (wireless) number plate.\u00a0 The db121 has two flavors: a transponder with enclosure or a PCB only. It is compliant with the (upcoming) standards in the EU and USA. The FAA has approved the db121\/db121pcb for usage in the USA. Furthermore, the transponder is optimized for\u00a0long range\u00a0due to its transmit power and antenna design. It also supports all transmission protocols for maximum flexibility.\" \/>\n<meta property=\"og:url\" content=\"https:\/\/www.ghostysky.com\/pt\/produto-2\/bluemark-db121-external-battery-gps\/\" \/>\n<meta property=\"og:site_name\" content=\"Ghostysky\" \/>\n<meta property=\"article:publisher\" content=\"https:\/\/www.facebook.com\/people\/Ghostysky\/100057676170234\/\" \/>\n<meta property=\"article:modified_time\" content=\"2024-04-18T15:38:48+00:00\" \/>\n<meta property=\"og:image\" content=\"https:\/\/www.ghostysky.com\/wp-content\/uploads\/2023\/12\/ds121_Ext_Bat_1.jpg\" \/>\n\t<meta property=\"og:image:width\" content=\"768\" \/>\n\t<meta property=\"og:image:height\" content=\"576\" \/>\n\t<meta property=\"og:image:type\" content=\"image\/jpeg\" \/>\n<meta name=\"twitter:card\" content=\"summary_large_image\" \/>\n<meta name=\"twitter:site\" content=\"@Gh0stysky\" \/>\n<meta name=\"twitter:label1\" content=\"Tempo estimado de leitura\" \/>\n\t<meta name=\"twitter:data1\" content=\"2 minutos\" \/>\n<script type=\"application\/ld+json\" class=\"yoast-schema-graph\">{\"@context\":\"https:\\\/\\\/schema.org\",\"@graph\":[{\"@type\":\"WebPage\",\"@id\":\"https:\\\/\\\/www.ghostysky.com\\\/product\\\/bluemark-db121-external-battery-gps\\\/\",\"url\":\"https:\\\/\\\/www.ghostysky.com\\\/product\\\/bluemark-db121-external-battery-gps\\\/\",\"name\":\"Bluemark DB121 (external battery) - Ghostysky\",\"isPartOf\":{\"@id\":\"https:\\\/\\\/www.ghostysky.com\\\/#website\"},\"primaryImageOfPage\":{\"@id\":\"https:\\\/\\\/www.ghostysky.com\\\/product\\\/bluemark-db121-external-battery-gps\\\/#primaryimage\"},\"image\":{\"@id\":\"https:\\\/\\\/www.ghostysky.com\\\/product\\\/bluemark-db121-external-battery-gps\\\/#primaryimage\"},\"thumbnailUrl\":\"https:\\\/\\\/www.ghostysky.com\\\/wp-content\\\/uploads\\\/2023\\\/12\\\/ds121_Ext_Bat_1.jpg\",\"datePublished\":\"2023-12-13T16:04:49+00:00\",\"dateModified\":\"2024-04-18T15:38:48+00:00\",\"description\":\"The DroneBeacon db121 is a so-called\u00a0direct\u00a0or\u00a0broadcast\u00a0Remote ID long-range transponder, equipped with its own GPS receiver and\u00a0needs to be powered by the drone. A transponder is also called add-on, tracker, tag or (wireless) number plate.\u00a0 The db121 has two flavors: a transponder with enclosure or a PCB only. It is compliant with the (upcoming) standards in the EU and USA. The FAA has approved the db121\\\/db121pcb for usage in the USA. Furthermore, the transponder is optimized for\u00a0long range\u00a0due to its transmit power and antenna design. It also supports all transmission protocols for maximum flexibility.\",\"breadcrumb\":{\"@id\":\"https:\\\/\\\/www.ghostysky.com\\\/product\\\/bluemark-db121-external-battery-gps\\\/#breadcrumb\"},\"inLanguage\":\"pt-PT\",\"potentialAction\":[{\"@type\":\"ReadAction\",\"target\":[\"https:\\\/\\\/www.ghostysky.com\\\/product\\\/bluemark-db121-external-battery-gps\\\/\"]}]},{\"@type\":\"ImageObject\",\"inLanguage\":\"pt-PT\",\"@id\":\"https:\\\/\\\/www.ghostysky.com\\\/product\\\/bluemark-db121-external-battery-gps\\\/#primaryimage\",\"url\":\"https:\\\/\\\/www.ghostysky.com\\\/wp-content\\\/uploads\\\/2023\\\/12\\\/ds121_Ext_Bat_1.jpg\",\"contentUrl\":\"https:\\\/\\\/www.ghostysky.com\\\/wp-content\\\/uploads\\\/2023\\\/12\\\/ds121_Ext_Bat_1.jpg\",\"width\":768,\"height\":576},{\"@type\":\"BreadcrumbList\",\"@id\":\"https:\\\/\\\/www.ghostysky.com\\\/product\\\/bluemark-db121-external-battery-gps\\\/#breadcrumb\",\"itemListElement\":[{\"@type\":\"ListItem\",\"position\":1,\"name\":\"Home\",\"item\":\"https:\\\/\\\/www.ghostysky.com\\\/\"},{\"@type\":\"ListItem\",\"position\":2,\"name\":\"Shop\",\"item\":\"https:\\\/\\\/www.ghostysky.com\\\/shop\\\/\"},{\"@type\":\"ListItem\",\"position\":3,\"name\":\"Bluemark DB121 (external battery)\"}]},{\"@type\":\"WebSite\",\"@id\":\"https:\\\/\\\/www.ghostysky.com\\\/#website\",\"url\":\"https:\\\/\\\/www.ghostysky.com\\\/\",\"name\":\"Ghostysky\",\"description\":\"Delivering professional drones and services\",\"publisher\":{\"@id\":\"https:\\\/\\\/www.ghostysky.com\\\/#organization\"},\"potentialAction\":[{\"@type\":\"SearchAction\",\"target\":{\"@type\":\"EntryPoint\",\"urlTemplate\":\"https:\\\/\\\/www.ghostysky.com\\\/?s={search_term_string}\"},\"query-input\":{\"@type\":\"PropertyValueSpecification\",\"valueRequired\":true,\"valueName\":\"search_term_string\"}}],\"inLanguage\":\"pt-PT\"},{\"@type\":\"Organization\",\"@id\":\"https:\\\/\\\/www.ghostysky.com\\\/#organization\",\"name\":\"Ghostysky\",\"url\":\"https:\\\/\\\/www.ghostysky.com\\\/\",\"logo\":{\"@type\":\"ImageObject\",\"inLanguage\":\"pt-PT\",\"@id\":\"https:\\\/\\\/www.ghostysky.com\\\/#\\\/schema\\\/logo\\\/image\\\/\",\"url\":\"https:\\\/\\\/www.ghostysky.com\\\/wp-content\\\/uploads\\\/2020\\\/06\\\/cropped-ghostyskylogo_text_white2.png\",\"contentUrl\":\"https:\\\/\\\/www.ghostysky.com\\\/wp-content\\\/uploads\\\/2020\\\/06\\\/cropped-ghostyskylogo_text_white2.png\",\"width\":169,\"height\":56,\"caption\":\"Ghostysky\"},\"image\":{\"@id\":\"https:\\\/\\\/www.ghostysky.com\\\/#\\\/schema\\\/logo\\\/image\\\/\"},\"sameAs\":[\"https:\\\/\\\/www.facebook.com\\\/people\\\/Ghostysky\\\/100057676170234\\\/\",\"https:\\\/\\\/x.com\\\/Gh0stysky\",\"https:\\\/\\\/www.linkedin.com\\\/company\\\/34739653\",\"https:\\\/\\\/www.instagram.com\\\/gh0stysky\"]}]}<\/script>\n<!-- \/ Yoast SEO plugin. -->","yoast_head_json":{"title":"Bluemark DB121 (bateria externa) - Ghostysky","description":"O DroneBeacon db121 \u00e9 um transponder de longo alcance de ID remoto direto ou de transmiss\u00e3o, equipado com seu pr\u00f3prio receptor GPS e precisa ser alimentado pelo drone. Um transponder tamb\u00e9m \u00e9 chamado de complemento, rastreador, etiqueta ou placa de matr\u00edcula (sem fio). O db121 possui dois sabores: um transponder com gabinete ou apenas PCB. Est\u00e1 em conformidade com os (futuros) padr\u00f5es da UE e dos EUA. A FAA aprovou o db121\/db121pcb para uso nos EUA. Al\u00e9m disso, o transponder \u00e9 otimizado para longo alcance devido \u00e0 sua pot\u00eancia de transmiss\u00e3o e ao design da antena. Ele tamb\u00e9m suporta todos os protocolos de transmiss\u00e3o para m\u00e1xima flexibilidade.","robots":{"index":"index","follow":"follow","max-snippet":"max-snippet:-1","max-image-preview":"max-image-preview:large","max-video-preview":"max-video-preview:-1"},"canonical":"https:\/\/www.ghostysky.com\/pt\/produto-2\/bluemark-db121-external-battery-gps\/","og_locale":"pt_PT","og_type":"article","og_title":"Bluemark DB121 (external battery) - Ghostysky","og_description":"The DroneBeacon db121 is a so-called\u00a0direct\u00a0or\u00a0broadcast\u00a0Remote ID long-range transponder, equipped with its own GPS receiver and\u00a0needs to be powered by the drone. A transponder is also called add-on, tracker, tag or (wireless) number plate.\u00a0 The db121 has two flavors: a transponder with enclosure or a PCB only. It is compliant with the (upcoming) standards in the EU and USA. The FAA has approved the db121\/db121pcb for usage in the USA. Furthermore, the transponder is optimized for\u00a0long range\u00a0due to its transmit power and antenna design. It also supports all transmission protocols for maximum flexibility.","og_url":"https:\/\/www.ghostysky.com\/pt\/produto-2\/bluemark-db121-external-battery-gps\/","og_site_name":"Ghostysky","article_publisher":"https:\/\/www.facebook.com\/people\/Ghostysky\/100057676170234\/","article_modified_time":"2024-04-18T15:38:48+00:00","og_image":[{"width":768,"height":576,"url":"https:\/\/www.ghostysky.com\/wp-content\/uploads\/2023\/12\/ds121_Ext_Bat_1.jpg","type":"image\/jpeg"}],"twitter_card":"summary_large_image","twitter_site":"@Gh0stysky","twitter_misc":{"Tempo estimado de leitura":"2 minutos"},"schema":{"@context":"https:\/\/schema.org","@graph":[{"@type":"WebPage","@id":"https:\/\/www.ghostysky.com\/product\/bluemark-db121-external-battery-gps\/","url":"https:\/\/www.ghostysky.com\/product\/bluemark-db121-external-battery-gps\/","name":"Bluemark DB121 (bateria externa) - Ghostysky","isPartOf":{"@id":"https:\/\/www.ghostysky.com\/#website"},"primaryImageOfPage":{"@id":"https:\/\/www.ghostysky.com\/product\/bluemark-db121-external-battery-gps\/#primaryimage"},"image":{"@id":"https:\/\/www.ghostysky.com\/product\/bluemark-db121-external-battery-gps\/#primaryimage"},"thumbnailUrl":"https:\/\/www.ghostysky.com\/wp-content\/uploads\/2023\/12\/ds121_Ext_Bat_1.jpg","datePublished":"2023-12-13T16:04:49+00:00","dateModified":"2024-04-18T15:38:48+00:00","description":"O DroneBeacon db121 \u00e9 um transponder de longo alcance de ID remoto direto ou de transmiss\u00e3o, equipado com seu pr\u00f3prio receptor GPS e precisa ser alimentado pelo drone. Um transponder tamb\u00e9m \u00e9 chamado de complemento, rastreador, etiqueta ou placa de matr\u00edcula (sem fio). O db121 possui dois sabores: um transponder com gabinete ou apenas PCB. Est\u00e1 em conformidade com os (futuros) padr\u00f5es da UE e dos EUA. A FAA aprovou o db121\/db121pcb para uso nos EUA. Al\u00e9m disso, o transponder \u00e9 otimizado para longo alcance devido \u00e0 sua pot\u00eancia de transmiss\u00e3o e ao design da antena. Ele tamb\u00e9m suporta todos os protocolos de transmiss\u00e3o para m\u00e1xima flexibilidade.","breadcrumb":{"@id":"https:\/\/www.ghostysky.com\/product\/bluemark-db121-external-battery-gps\/#breadcrumb"},"inLanguage":"pt-PT","potentialAction":[{"@type":"ReadAction","target":["https:\/\/www.ghostysky.com\/product\/bluemark-db121-external-battery-gps\/"]}]},{"@type":"ImageObject","inLanguage":"pt-PT","@id":"https:\/\/www.ghostysky.com\/product\/bluemark-db121-external-battery-gps\/#primaryimage","url":"https:\/\/www.ghostysky.com\/wp-content\/uploads\/2023\/12\/ds121_Ext_Bat_1.jpg","contentUrl":"https:\/\/www.ghostysky.com\/wp-content\/uploads\/2023\/12\/ds121_Ext_Bat_1.jpg","width":768,"height":576},{"@type":"BreadcrumbList","@id":"https:\/\/www.ghostysky.com\/product\/bluemark-db121-external-battery-gps\/#breadcrumb","itemListElement":[{"@type":"ListItem","position":1,"name":"Home","item":"https:\/\/www.ghostysky.com\/"},{"@type":"ListItem","position":2,"name":"Shop","item":"https:\/\/www.ghostysky.com\/shop\/"},{"@type":"ListItem","position":3,"name":"Bluemark DB121 (external battery)"}]},{"@type":"WebSite","@id":"https:\/\/www.ghostysky.com\/#website","url":"https:\/\/www.ghostysky.com\/","name":"Ghostysky","description":"Fornecendo drones e servi\u00e7os profissionais","publisher":{"@id":"https:\/\/www.ghostysky.com\/#organization"},"potentialAction":[{"@type":"SearchAction","target":{"@type":"EntryPoint","urlTemplate":"https:\/\/www.ghostysky.com\/?s={search_term_string}"},"query-input":{"@type":"PropertyValueSpecification","valueRequired":true,"valueName":"search_term_string"}}],"inLanguage":"pt-PT"},{"@type":"Organization","@id":"https:\/\/www.ghostysky.com\/#organization","name":"Ghostysky","url":"https:\/\/www.ghostysky.com\/","logo":{"@type":"ImageObject","inLanguage":"pt-PT","@id":"https:\/\/www.ghostysky.com\/#\/schema\/logo\/image\/","url":"https:\/\/www.ghostysky.com\/wp-content\/uploads\/2020\/06\/cropped-ghostyskylogo_text_white2.png","contentUrl":"https:\/\/www.ghostysky.com\/wp-content\/uploads\/2020\/06\/cropped-ghostyskylogo_text_white2.png","width":169,"height":56,"caption":"Ghostysky"},"image":{"@id":"https:\/\/www.ghostysky.com\/#\/schema\/logo\/image\/"},"sameAs":["https:\/\/www.facebook.com\/people\/Ghostysky\/100057676170234\/","https:\/\/x.com\/Gh0stysky","https:\/\/www.linkedin.com\/company\/34739653","https:\/\/www.instagram.com\/gh0stysky"]}]}},"_links":{"self":[{"href":"https:\/\/www.ghostysky.com\/pt\/wp-json\/wp\/v2\/product\/15148","targetHints":{"allow":["GET"]}}],"collection":[{"href":"https:\/\/www.ghostysky.com\/pt\/wp-json\/wp\/v2\/product"}],"about":[{"href":"https:\/\/www.ghostysky.com\/pt\/wp-json\/wp\/v2\/types\/product"}],"replies":[{"embeddable":true,"href":"https:\/\/www.ghostysky.com\/pt\/wp-json\/wp\/v2\/comments?post=15148"}],"version-history":[{"count":0,"href":"https:\/\/www.ghostysky.com\/pt\/wp-json\/wp\/v2\/product\/15148\/revisions"}],"wp:featuredmedia":[{"embeddable":true,"href":"https:\/\/www.ghostysky.com\/pt\/wp-json\/wp\/v2\/media\/15142"}],"wp:attachment":[{"href":"https:\/\/www.ghostysky.com\/pt\/wp-json\/wp\/v2\/media?parent=15148"}],"wp:term":[{"taxonomy":"product_brand","embeddable":true,"href":"https:\/\/www.ghostysky.com\/pt\/wp-json\/wp\/v2\/product_brand?post=15148"},{"taxonomy":"product_cat","embeddable":true,"href":"https:\/\/www.ghostysky.com\/pt\/wp-json\/wp\/v2\/product_cat?post=15148"},{"taxonomy":"product_tag","embeddable":true,"href":"https:\/\/www.ghostysky.com\/pt\/wp-json\/wp\/v2\/product_tag?post=15148"}],"curies":[{"name":"wp","href":"https:\/\/api.w.org\/{rel}","templated":true}]}}