{"id":15264,"date":"2023-12-19T10:52:14","date_gmt":"2023-12-19T10:52:14","guid":{"rendered":"https:\/\/www.ghostysky.com\/?post_type=product&#038;p=15264"},"modified":"2026-02-06T10:22:10","modified_gmt":"2026-02-06T10:22:10","slug":"professional-hard-case-for-yuneec-h520-h-plus-h3-h520e","status":"publish","type":"product","link":"https:\/\/www.ghostysky.com\/pt\/product\/professional-hard-case-for-yuneec-h520-h-plus-h3-h520e\/","title":{"rendered":"Estojo r\u00edgido profissional para Yuneec H520, H Plus, H3, H520E"},"content":{"rendered":"<h2>Capa r\u00edgida Yuneec H520, H Plus, H3, H520E para profissionais!<\/h2>\n<ul>\n<li>Mala r\u00edgida preta, robusta, \u00e0 prova de \u00e1gua e poeira, com rodas e al\u00e7a extens\u00edvel feita especialmente para o Yuneec H520 Copter ou outros H Plus, H3, H520E. Este case permite transportar o H520 ou outros H Plus, H3, H520E incluindo o ST16 Remove Control, 3 c\u00e2meras, 8 baterias, 2x baterias ST16, h\u00e9lices, esta\u00e7\u00e3o de carregamento A10, CGO-ET, E50 e E90 (cada uma possui um compartimento), Sun Shade, diversos cabos para A10 e Copter, Cart\u00f5es de Mem\u00f3ria.<\/li>\n<li>O grande compartimento multiuso no segundo n\u00edvel da mala tamb\u00e9m oferece muito espa\u00e7o para transportar acess\u00f3rios grandes\/mais longos na sua mala.<\/li>\n<li>O revestimento de espuma (espuma superior preta que pode ser limpa e espuma inferior cinza) \u00e9 feito de espuma s\u00f3lida de alt\u00edssima qualidade de produ\u00e7\u00e3o alem\u00e3 (jato de \u00e1gua e moagem). A espuma \u00e9 a prote\u00e7\u00e3o perfeita contra choques e vibra\u00e7\u00f5es e garante a m\u00e1xima seguran\u00e7a para o seu Yuneec H520, tamb\u00e9m em viagem ou como bagagem despachada no avi\u00e3o. Esta mala com fechadura pode ser trancada com uma fechadura TSA (opcional, n\u00e3o contendo) e pode ser transportada sem problemas<\/li>\n<li>A mala preta pesa cerca de 9 kg e as dimens\u00f5es s\u00e3o 687 x 528 x 366 mm. O case \u00e9 certificado como subaqu\u00e1tico e protegido contra poeira de acordo com IP67.<\/li>\n<\/ul>","protected":false},"excerpt":{"rendered":"<p>Este estojo r\u00edgido para Yuneec H520, H Plus, H3, H520E atende a todos os requisitos de organiza\u00e7\u00f5es profissionais, como pol\u00edcia, equipes de busca e resgate, bombeiros, servi\u00e7os de inspe\u00e7\u00e3o, cinegrafistas profissionais e muito mais.<\/p>\n<p>Este case permite transportar o\u00a0<strong>H520 ou outros H Plus, H3, H520E<\/strong> incluindo o <strong>ST16 Remover controle<\/strong>, <strong>\u00a03 c\u00e2meras<\/strong>, <strong>8 baterias<\/strong>, <strong>2x baterias ST16<\/strong>, <strong>H\u00e9lices<\/strong>,<strong> Esta\u00e7\u00e3o de carregamento A10<\/strong>, <strong>CGO-ET<\/strong>,<strong> E50 e E90<\/strong> (cada um tem um compartimento), <strong>Guarda-sol<\/strong>, <strong>diversos cabos para A10 e Copter<\/strong>, <strong>Cart\u00f5es de mem\u00f3ria<\/strong>.<\/p>","protected":false},"featured_media":15272,"comment_status":"open","ping_status":"closed","template":"","meta":[],"product_brand":[],"product_cat":[119,118],"product_tag":[122,125,121,539],"class_list":{"0":"post-15264","1":"product","2":"type-product","3":"status-publish","4":"has-post-thumbnail","6":"product_cat-yuneec-accessories","7":"product_cat-yuneec","8":"product_tag-h520e","9":"product_tag-h520e-rtk","10":"product_tag-yuneec","11":"product_tag-yuneec-h520e-rtk","13":"first","14":"onbackorder","15":"taxable","16":"shipping-taxable","17":"product-type-simple"},"yoast_head":"<!-- This site is optimized with the Yoast SEO plugin v27.1.1 - https:\/\/yoast.com\/product\/yoast-seo-wordpress\/ -->\n<title>Professional Hard Case for Yuneec H520, H Plus, H3, H520E - Ghostysky<\/title>\n<meta name=\"description\" content=\"This Hard Case for Yuneec H520, H Plus, H3, H520E serve all requirements for professional organizations such like Police, Search and Rescue Teams, Fire departments, inspection services, professional videographers and many more.This case makes it possible to transport the\u00a0H520 or others H Plus, H3, H520E including the ST16 Remove Control, \u00a03 cameras, 8 batteries, 2x ST16 Batteries, Propellers, A10 Charging Station, CGO-ET, E50 and E90 (each one has one compartment), Sun Shade, diverse cables for A10 and Copter, Memory Cards.\" \/>\n<meta name=\"robots\" content=\"index, follow, max-snippet:-1, max-image-preview:large, max-video-preview:-1\" \/>\n<link rel=\"canonical\" href=\"https:\/\/www.ghostysky.com\/pt\/produto-2\/professional-hard-case-for-yuneec-h520-h-plus-h3-h520e\/\" \/>\n<meta property=\"og:locale\" content=\"pt_PT\" \/>\n<meta property=\"og:type\" content=\"article\" \/>\n<meta property=\"og:title\" content=\"Professional Hard Case for Yuneec H520, H Plus, H3, H520E - Ghostysky\" \/>\n<meta property=\"og:description\" content=\"This Hard Case for Yuneec H520, H Plus, H3, H520E serve all requirements for professional organizations such like Police, Search and Rescue Teams, Fire departments, inspection services, professional videographers and many more.This case makes it possible to transport the\u00a0H520 or others H Plus, H3, H520E including the ST16 Remove Control, \u00a03 cameras, 8 batteries, 2x ST16 Batteries, Propellers, A10 Charging Station, CGO-ET, E50 and E90 (each one has one compartment), Sun Shade, diverse cables for A10 and Copter, Memory Cards.\" \/>\n<meta property=\"og:url\" content=\"https:\/\/www.ghostysky.com\/pt\/produto-2\/professional-hard-case-for-yuneec-h520-h-plus-h3-h520e\/\" \/>\n<meta property=\"og:site_name\" content=\"Ghostysky\" \/>\n<meta property=\"article:publisher\" content=\"https:\/\/www.facebook.com\/people\/Ghostysky\/100057676170234\/\" \/>\n<meta property=\"article:modified_time\" content=\"2026-02-06T10:22:10+00:00\" \/>\n<meta property=\"og:image\" content=\"https:\/\/www.ghostysky.com\/wp-content\/uploads\/2023\/12\/HardCase-Yuneec-H520_1.jpg\" \/>\n\t<meta property=\"og:image:width\" content=\"575\" \/>\n\t<meta property=\"og:image:height\" content=\"600\" \/>\n\t<meta property=\"og:image:type\" content=\"image\/jpeg\" \/>\n<meta name=\"twitter:card\" content=\"summary_large_image\" \/>\n<meta name=\"twitter:site\" content=\"@Gh0stysky\" \/>\n<meta name=\"twitter:label1\" content=\"Tempo estimado de leitura\" \/>\n\t<meta name=\"twitter:data1\" content=\"2 minutos\" \/>\n<script type=\"application\/ld+json\" class=\"yoast-schema-graph\">{\"@context\":\"https:\/\/schema.org\",\"@graph\":[{\"@type\":\"WebPage\",\"@id\":\"https:\/\/www.ghostysky.com\/product\/professional-hard-case-for-yuneec-h520-h-plus-h3-h520e\/\",\"url\":\"https:\/\/www.ghostysky.com\/product\/professional-hard-case-for-yuneec-h520-h-plus-h3-h520e\/\",\"name\":\"Professional Hard Case for Yuneec H520, H Plus, H3, H520E - Ghostysky\",\"isPartOf\":{\"@id\":\"https:\/\/www.ghostysky.com\/#website\"},\"primaryImageOfPage\":{\"@id\":\"https:\/\/www.ghostysky.com\/product\/professional-hard-case-for-yuneec-h520-h-plus-h3-h520e\/#primaryimage\"},\"image\":{\"@id\":\"https:\/\/www.ghostysky.com\/product\/professional-hard-case-for-yuneec-h520-h-plus-h3-h520e\/#primaryimage\"},\"thumbnailUrl\":\"https:\/\/www.ghostysky.com\/wp-content\/uploads\/2023\/12\/HardCase-Yuneec-H520_1.jpg\",\"datePublished\":\"2023-12-19T10:52:14+00:00\",\"dateModified\":\"2026-02-06T10:22:10+00:00\",\"description\":\"This Hard Case for Yuneec H520, H Plus, H3, H520E serve all requirements for professional organizations such like Police, Search and Rescue Teams, Fire departments, inspection services, professional videographers and many more.This case makes it possible to transport the\u00a0H520 or others H Plus, H3, H520E including the ST16 Remove Control, \u00a03 cameras, 8 batteries, 2x ST16 Batteries, Propellers, A10 Charging Station, CGO-ET, E50 and E90 (each one has one compartment), Sun Shade, diverse cables for A10 and Copter, Memory Cards.\",\"breadcrumb\":{\"@id\":\"https:\/\/www.ghostysky.com\/product\/professional-hard-case-for-yuneec-h520-h-plus-h3-h520e\/#breadcrumb\"},\"inLanguage\":\"pt-PT\",\"potentialAction\":[{\"@type\":\"ReadAction\",\"target\":[\"https:\/\/www.ghostysky.com\/product\/professional-hard-case-for-yuneec-h520-h-plus-h3-h520e\/\"]}]},{\"@type\":\"ImageObject\",\"inLanguage\":\"pt-PT\",\"@id\":\"https:\/\/www.ghostysky.com\/product\/professional-hard-case-for-yuneec-h520-h-plus-h3-h520e\/#primaryimage\",\"url\":\"https:\/\/www.ghostysky.com\/wp-content\/uploads\/2023\/12\/HardCase-Yuneec-H520_1.jpg\",\"contentUrl\":\"https:\/\/www.ghostysky.com\/wp-content\/uploads\/2023\/12\/HardCase-Yuneec-H520_1.jpg\",\"width\":575,\"height\":600},{\"@type\":\"BreadcrumbList\",\"@id\":\"https:\/\/www.ghostysky.com\/product\/professional-hard-case-for-yuneec-h520-h-plus-h3-h520e\/#breadcrumb\",\"itemListElement\":[{\"@type\":\"ListItem\",\"position\":1,\"name\":\"Home\",\"item\":\"https:\/\/www.ghostysky.com\/\"},{\"@type\":\"ListItem\",\"position\":2,\"name\":\"Shop\",\"item\":\"https:\/\/www.ghostysky.com\/shop\/\"},{\"@type\":\"ListItem\",\"position\":3,\"name\":\"Professional Hard Case for Yuneec H520, H Plus, H3, H520E\"}]},{\"@type\":\"WebSite\",\"@id\":\"https:\/\/www.ghostysky.com\/#website\",\"url\":\"https:\/\/www.ghostysky.com\/\",\"name\":\"Ghostysky\",\"description\":\"Delivering professional drones and services\",\"publisher\":{\"@id\":\"https:\/\/www.ghostysky.com\/#organization\"},\"potentialAction\":[{\"@type\":\"SearchAction\",\"target\":{\"@type\":\"EntryPoint\",\"urlTemplate\":\"https:\/\/www.ghostysky.com\/?s={search_term_string}\"},\"query-input\":{\"@type\":\"PropertyValueSpecification\",\"valueRequired\":true,\"valueName\":\"search_term_string\"}}],\"inLanguage\":\"pt-PT\"},{\"@type\":\"Organization\",\"@id\":\"https:\/\/www.ghostysky.com\/#organization\",\"name\":\"Ghostysky\",\"url\":\"https:\/\/www.ghostysky.com\/\",\"logo\":{\"@type\":\"ImageObject\",\"inLanguage\":\"pt-PT\",\"@id\":\"https:\/\/www.ghostysky.com\/#\/schema\/logo\/image\/\",\"url\":\"https:\/\/www.ghostysky.com\/wp-content\/uploads\/2020\/06\/cropped-ghostyskylogo_text_white2.png\",\"contentUrl\":\"https:\/\/www.ghostysky.com\/wp-content\/uploads\/2020\/06\/cropped-ghostyskylogo_text_white2.png\",\"width\":169,\"height\":56,\"caption\":\"Ghostysky\"},\"image\":{\"@id\":\"https:\/\/www.ghostysky.com\/#\/schema\/logo\/image\/\"},\"sameAs\":[\"https:\/\/www.facebook.com\/people\/Ghostysky\/100057676170234\/\",\"https:\/\/x.com\/Gh0stysky\",\"https:\/\/www.linkedin.com\/company\/34739653\",\"https:\/\/www.instagram.com\/gh0stysky\"]}]}<\/script>\n<!-- \/ Yoast SEO plugin. -->","yoast_head_json":{"title":"Estojo r\u00edgido profissional para Yuneec H520, H Plus, H3, H520E - Ghostysky","description":"Este estojo r\u00edgido para Yuneec H520, H Plus, H3, H520E atende a todos os requisitos de organiza\u00e7\u00f5es profissionais, como pol\u00edcia, equipes de busca e resgate, bombeiros, servi\u00e7os de inspe\u00e7\u00e3o, cinegrafistas profissionais e muito mais. outros H Plus, H3, H520E incluindo o ST16 Remove Control, 3 c\u00e2meras, 8 baterias, 2x baterias ST16, h\u00e9lices, esta\u00e7\u00e3o de carregamento A10, CGO-ET, E50 e E90 (cada uma tem um compartimento), Sun Shade, cabos diversos para A10 e Copter, cart\u00f5es de mem\u00f3ria.","robots":{"index":"index","follow":"follow","max-snippet":"max-snippet:-1","max-image-preview":"max-image-preview:large","max-video-preview":"max-video-preview:-1"},"canonical":"https:\/\/www.ghostysky.com\/pt\/produto-2\/professional-hard-case-for-yuneec-h520-h-plus-h3-h520e\/","og_locale":"pt_PT","og_type":"article","og_title":"Professional Hard Case for Yuneec H520, H Plus, H3, H520E - Ghostysky","og_description":"This Hard Case for Yuneec H520, H Plus, H3, H520E serve all requirements for professional organizations such like Police, Search and Rescue Teams, Fire departments, inspection services, professional videographers and many more.This case makes it possible to transport the\u00a0H520 or others H Plus, H3, H520E including the ST16 Remove Control, \u00a03 cameras, 8 batteries, 2x ST16 Batteries, Propellers, A10 Charging Station, CGO-ET, E50 and E90 (each one has one compartment), Sun Shade, diverse cables for A10 and Copter, Memory Cards.","og_url":"https:\/\/www.ghostysky.com\/pt\/produto-2\/professional-hard-case-for-yuneec-h520-h-plus-h3-h520e\/","og_site_name":"Ghostysky","article_publisher":"https:\/\/www.facebook.com\/people\/Ghostysky\/100057676170234\/","article_modified_time":"2026-02-06T10:22:10+00:00","og_image":[{"width":575,"height":600,"url":"https:\/\/www.ghostysky.com\/wp-content\/uploads\/2023\/12\/HardCase-Yuneec-H520_1.jpg","type":"image\/jpeg"}],"twitter_card":"summary_large_image","twitter_site":"@Gh0stysky","twitter_misc":{"Tempo estimado de leitura":"2 minutos"},"schema":{"@context":"https:\/\/schema.org","@graph":[{"@type":"WebPage","@id":"https:\/\/www.ghostysky.com\/product\/professional-hard-case-for-yuneec-h520-h-plus-h3-h520e\/","url":"https:\/\/www.ghostysky.com\/product\/professional-hard-case-for-yuneec-h520-h-plus-h3-h520e\/","name":"Estojo r\u00edgido profissional para Yuneec H520, H Plus, H3, H520E - Ghostysky","isPartOf":{"@id":"https:\/\/www.ghostysky.com\/#website"},"primaryImageOfPage":{"@id":"https:\/\/www.ghostysky.com\/product\/professional-hard-case-for-yuneec-h520-h-plus-h3-h520e\/#primaryimage"},"image":{"@id":"https:\/\/www.ghostysky.com\/product\/professional-hard-case-for-yuneec-h520-h-plus-h3-h520e\/#primaryimage"},"thumbnailUrl":"https:\/\/www.ghostysky.com\/wp-content\/uploads\/2023\/12\/HardCase-Yuneec-H520_1.jpg","datePublished":"2023-12-19T10:52:14+00:00","dateModified":"2026-02-06T10:22:10+00:00","description":"Este estojo r\u00edgido para Yuneec H520, H Plus, H3, H520E atende a todos os requisitos de organiza\u00e7\u00f5es profissionais, como pol\u00edcia, equipes de busca e resgate, bombeiros, servi\u00e7os de inspe\u00e7\u00e3o, cinegrafistas profissionais e muito mais. outros H Plus, H3, H520E incluindo o ST16 Remove Control, 3 c\u00e2meras, 8 baterias, 2x baterias ST16, h\u00e9lices, esta\u00e7\u00e3o de carregamento A10, CGO-ET, E50 e E90 (cada uma tem um compartimento), Sun Shade, cabos diversos para A10 e Copter, cart\u00f5es de mem\u00f3ria.","breadcrumb":{"@id":"https:\/\/www.ghostysky.com\/product\/professional-hard-case-for-yuneec-h520-h-plus-h3-h520e\/#breadcrumb"},"inLanguage":"pt-PT","potentialAction":[{"@type":"ReadAction","target":["https:\/\/www.ghostysky.com\/product\/professional-hard-case-for-yuneec-h520-h-plus-h3-h520e\/"]}]},{"@type":"ImageObject","inLanguage":"pt-PT","@id":"https:\/\/www.ghostysky.com\/product\/professional-hard-case-for-yuneec-h520-h-plus-h3-h520e\/#primaryimage","url":"https:\/\/www.ghostysky.com\/wp-content\/uploads\/2023\/12\/HardCase-Yuneec-H520_1.jpg","contentUrl":"https:\/\/www.ghostysky.com\/wp-content\/uploads\/2023\/12\/HardCase-Yuneec-H520_1.jpg","width":575,"height":600},{"@type":"BreadcrumbList","@id":"https:\/\/www.ghostysky.com\/product\/professional-hard-case-for-yuneec-h520-h-plus-h3-h520e\/#breadcrumb","itemListElement":[{"@type":"ListItem","position":1,"name":"Home","item":"https:\/\/www.ghostysky.com\/"},{"@type":"ListItem","position":2,"name":"Shop","item":"https:\/\/www.ghostysky.com\/shop\/"},{"@type":"ListItem","position":3,"name":"Professional Hard Case for Yuneec H520, H Plus, H3, H520E"}]},{"@type":"WebSite","@id":"https:\/\/www.ghostysky.com\/#website","url":"https:\/\/www.ghostysky.com\/","name":"Ghostysky","description":"Fornecendo drones e servi\u00e7os profissionais","publisher":{"@id":"https:\/\/www.ghostysky.com\/#organization"},"potentialAction":[{"@type":"SearchAction","target":{"@type":"EntryPoint","urlTemplate":"https:\/\/www.ghostysky.com\/?s={search_term_string}"},"query-input":{"@type":"PropertyValueSpecification","valueRequired":true,"valueName":"search_term_string"}}],"inLanguage":"pt-PT"},{"@type":"Organization","@id":"https:\/\/www.ghostysky.com\/#organization","name":"Ghostysky","url":"https:\/\/www.ghostysky.com\/","logo":{"@type":"ImageObject","inLanguage":"pt-PT","@id":"https:\/\/www.ghostysky.com\/#\/schema\/logo\/image\/","url":"https:\/\/www.ghostysky.com\/wp-content\/uploads\/2020\/06\/cropped-ghostyskylogo_text_white2.png","contentUrl":"https:\/\/www.ghostysky.com\/wp-content\/uploads\/2020\/06\/cropped-ghostyskylogo_text_white2.png","width":169,"height":56,"caption":"Ghostysky"},"image":{"@id":"https:\/\/www.ghostysky.com\/#\/schema\/logo\/image\/"},"sameAs":["https:\/\/www.facebook.com\/people\/Ghostysky\/100057676170234\/","https:\/\/x.com\/Gh0stysky","https:\/\/www.linkedin.com\/company\/34739653","https:\/\/www.instagram.com\/gh0stysky"]}]}},"_links":{"self":[{"href":"https:\/\/www.ghostysky.com\/pt\/wp-json\/wp\/v2\/product\/15264","targetHints":{"allow":["GET"]}}],"collection":[{"href":"https:\/\/www.ghostysky.com\/pt\/wp-json\/wp\/v2\/product"}],"about":[{"href":"https:\/\/www.ghostysky.com\/pt\/wp-json\/wp\/v2\/types\/product"}],"replies":[{"embeddable":true,"href":"https:\/\/www.ghostysky.com\/pt\/wp-json\/wp\/v2\/comments?post=15264"}],"wp:featuredmedia":[{"embeddable":true,"href":"https:\/\/www.ghostysky.com\/pt\/wp-json\/wp\/v2\/media\/15272"}],"wp:attachment":[{"href":"https:\/\/www.ghostysky.com\/pt\/wp-json\/wp\/v2\/media?parent=15264"}],"wp:term":[{"taxonomy":"product_brand","embeddable":true,"href":"https:\/\/www.ghostysky.com\/pt\/wp-json\/wp\/v2\/product_brand?post=15264"},{"taxonomy":"product_cat","embeddable":true,"href":"https:\/\/www.ghostysky.com\/pt\/wp-json\/wp\/v2\/product_cat?post=15264"},{"taxonomy":"product_tag","embeddable":true,"href":"https:\/\/www.ghostysky.com\/pt\/wp-json\/wp\/v2\/product_tag?post=15264"}],"curies":[{"name":"wp","href":"https:\/\/api.w.org\/{rel}","templated":true}]}}