{"id":15274,"date":"2023-12-19T10:58:22","date_gmt":"2023-12-19T10:58:22","guid":{"rendered":"https:\/\/www.ghostysky.com\/?post_type=product&#038;p=15274"},"modified":"2024-05-26T10:48:06","modified_gmt":"2024-05-26T10:48:06","slug":"yuneec-st16s-battery-1s-8700mah-li-ion","status":"publish","type":"product","link":"https:\/\/www.ghostysky.com\/pt\/product\/yuneec-st16s-battery-1s-8700mah-li-ion\/","title":{"rendered":"Bateria Yuneec ST16S 1S 8700mAh Li-Ion"},"content":{"rendered":"<p><strong>Compatibilidade para Esta\u00e7\u00e3o Terrestre\/Controle Remoto de:<\/strong><br \/>\nH520<br \/>\nH520E<br \/>\nTyphoon H Plus<br \/>\nTuf\u00e3o H3<\/p>\n<p><strong>O que est\u00e1 inclu\u00eddo?<\/strong><br \/>\nBateria da esta\u00e7\u00e3o terrestre ST16S\/E x 1<\/p>","protected":false},"excerpt":{"rendered":"<p><strong>Certifique-se de que seu controlador ST16S esteja sempre pronto para funcionar!<\/strong><\/p>\n<p>Com essas baterias sobressalentes para o ST16S, voc\u00ea estar\u00e1 pronto para longos per\u00edodos de v\u00f4os com seu drone em campo com seu controle remoto.<\/p>\n<p><strong>Especifica\u00e7\u00e3o t\u00e9cnica<\/strong><\/p>\n<ul>\n<li>8700mAh<\/li>\n<li>Bateria de \u00edon de l\u00edtio<\/li>\n<\/ul>","protected":false},"featured_media":15277,"comment_status":"open","ping_status":"closed","template":"","meta":[],"product_brand":[],"product_cat":[119,29,118],"product_tag":[125,124,121,539],"class_list":{"0":"post-15274","1":"product","2":"type-product","3":"status-publish","4":"has-post-thumbnail","6":"product_cat-yuneec-accessories","7":"product_cat-drones","8":"product_cat-yuneec","9":"product_tag-h520e-rtk","10":"product_tag-st16e","11":"product_tag-yuneec","12":"product_tag-yuneec-h520e-rtk","14":"first","15":"onbackorder","16":"taxable","17":"shipping-taxable","18":"purchasable","19":"product-type-simple"},"yoast_head":"<!-- This site is optimized with the Yoast SEO plugin v27.1.1 - https:\/\/yoast.com\/product\/yoast-seo-wordpress\/ -->\n<title>Yuneec ST16S Battery 1S 8700mAh Li-Ion - Ghostysky<\/title>\n<meta name=\"description\" content=\"Make sure your ST16S Controller is always ready!With these spare batteries for the ST16S your controller can always be ready to go when you&#039;re on your next job or trying to get the best shot of the local reservoir.Specification8700mAhLithium Ion Battery\" \/>\n<meta name=\"robots\" content=\"index, follow, max-snippet:-1, max-image-preview:large, max-video-preview:-1\" \/>\n<link rel=\"canonical\" href=\"https:\/\/www.ghostysky.com\/pt\/produto-2\/yuneec-st16s-battery-1s-8700mah-li-ion\/\" \/>\n<meta property=\"og:locale\" content=\"pt_PT\" \/>\n<meta property=\"og:type\" content=\"article\" \/>\n<meta property=\"og:title\" content=\"Yuneec ST16S Battery 1S 8700mAh Li-Ion - Ghostysky\" \/>\n<meta property=\"og:description\" content=\"Make sure your ST16S Controller is always ready!With these spare batteries for the ST16S your controller can always be ready to go when you&#039;re on your next job or trying to get the best shot of the local reservoir.Specification8700mAhLithium Ion Battery\" \/>\n<meta property=\"og:url\" content=\"https:\/\/www.ghostysky.com\/pt\/produto-2\/yuneec-st16s-battery-1s-8700mah-li-ion\/\" \/>\n<meta property=\"og:site_name\" content=\"Ghostysky\" \/>\n<meta property=\"article:publisher\" content=\"https:\/\/www.facebook.com\/people\/Ghostysky\/100057676170234\/\" \/>\n<meta property=\"article:modified_time\" content=\"2024-05-26T10:48:06+00:00\" \/>\n<meta property=\"og:image\" content=\"https:\/\/www.ghostysky.com\/wp-content\/uploads\/2023\/12\/YUNST16S100_1.jpg\" \/>\n\t<meta property=\"og:image:width\" content=\"1500\" \/>\n\t<meta property=\"og:image:height\" content=\"1500\" \/>\n\t<meta property=\"og:image:type\" content=\"image\/jpeg\" \/>\n<meta name=\"twitter:card\" content=\"summary_large_image\" \/>\n<meta name=\"twitter:site\" content=\"@Gh0stysky\" \/>\n<meta name=\"twitter:label1\" content=\"Tempo estimado de leitura\" \/>\n\t<meta name=\"twitter:data1\" content=\"1 minuto\" \/>\n<script type=\"application\/ld+json\" class=\"yoast-schema-graph\">{\"@context\":\"https:\/\/schema.org\",\"@graph\":[{\"@type\":\"WebPage\",\"@id\":\"https:\/\/www.ghostysky.com\/product\/yuneec-st16s-battery-1s-8700mah-li-ion\/\",\"url\":\"https:\/\/www.ghostysky.com\/product\/yuneec-st16s-battery-1s-8700mah-li-ion\/\",\"name\":\"Yuneec ST16S Battery 1S 8700mAh Li-Ion - Ghostysky\",\"isPartOf\":{\"@id\":\"https:\/\/www.ghostysky.com\/#website\"},\"primaryImageOfPage\":{\"@id\":\"https:\/\/www.ghostysky.com\/product\/yuneec-st16s-battery-1s-8700mah-li-ion\/#primaryimage\"},\"image\":{\"@id\":\"https:\/\/www.ghostysky.com\/product\/yuneec-st16s-battery-1s-8700mah-li-ion\/#primaryimage\"},\"thumbnailUrl\":\"https:\/\/www.ghostysky.com\/wp-content\/uploads\/2023\/12\/YUNST16S100_1.jpg\",\"datePublished\":\"2023-12-19T10:58:22+00:00\",\"dateModified\":\"2024-05-26T10:48:06+00:00\",\"description\":\"Make sure your ST16S Controller is always ready!With these spare batteries for the ST16S your controller can always be ready to go when you're on your next job or trying to get the best shot of the local reservoir.Specification8700mAhLithium Ion Battery\",\"breadcrumb\":{\"@id\":\"https:\/\/www.ghostysky.com\/product\/yuneec-st16s-battery-1s-8700mah-li-ion\/#breadcrumb\"},\"inLanguage\":\"pt-PT\",\"potentialAction\":[{\"@type\":\"ReadAction\",\"target\":[\"https:\/\/www.ghostysky.com\/product\/yuneec-st16s-battery-1s-8700mah-li-ion\/\"]}]},{\"@type\":\"ImageObject\",\"inLanguage\":\"pt-PT\",\"@id\":\"https:\/\/www.ghostysky.com\/product\/yuneec-st16s-battery-1s-8700mah-li-ion\/#primaryimage\",\"url\":\"https:\/\/www.ghostysky.com\/wp-content\/uploads\/2023\/12\/YUNST16S100_1.jpg\",\"contentUrl\":\"https:\/\/www.ghostysky.com\/wp-content\/uploads\/2023\/12\/YUNST16S100_1.jpg\",\"width\":1500,\"height\":1500},{\"@type\":\"BreadcrumbList\",\"@id\":\"https:\/\/www.ghostysky.com\/product\/yuneec-st16s-battery-1s-8700mah-li-ion\/#breadcrumb\",\"itemListElement\":[{\"@type\":\"ListItem\",\"position\":1,\"name\":\"Home\",\"item\":\"https:\/\/www.ghostysky.com\/\"},{\"@type\":\"ListItem\",\"position\":2,\"name\":\"Shop\",\"item\":\"https:\/\/www.ghostysky.com\/shop\/\"},{\"@type\":\"ListItem\",\"position\":3,\"name\":\"Yuneec ST16S Battery 1S 8700mAh Li-Ion\"}]},{\"@type\":\"WebSite\",\"@id\":\"https:\/\/www.ghostysky.com\/#website\",\"url\":\"https:\/\/www.ghostysky.com\/\",\"name\":\"Ghostysky\",\"description\":\"Delivering professional drones and services\",\"publisher\":{\"@id\":\"https:\/\/www.ghostysky.com\/#organization\"},\"potentialAction\":[{\"@type\":\"SearchAction\",\"target\":{\"@type\":\"EntryPoint\",\"urlTemplate\":\"https:\/\/www.ghostysky.com\/?s={search_term_string}\"},\"query-input\":{\"@type\":\"PropertyValueSpecification\",\"valueRequired\":true,\"valueName\":\"search_term_string\"}}],\"inLanguage\":\"pt-PT\"},{\"@type\":\"Organization\",\"@id\":\"https:\/\/www.ghostysky.com\/#organization\",\"name\":\"Ghostysky\",\"url\":\"https:\/\/www.ghostysky.com\/\",\"logo\":{\"@type\":\"ImageObject\",\"inLanguage\":\"pt-PT\",\"@id\":\"https:\/\/www.ghostysky.com\/#\/schema\/logo\/image\/\",\"url\":\"https:\/\/www.ghostysky.com\/wp-content\/uploads\/2020\/06\/cropped-ghostyskylogo_text_white2.png\",\"contentUrl\":\"https:\/\/www.ghostysky.com\/wp-content\/uploads\/2020\/06\/cropped-ghostyskylogo_text_white2.png\",\"width\":169,\"height\":56,\"caption\":\"Ghostysky\"},\"image\":{\"@id\":\"https:\/\/www.ghostysky.com\/#\/schema\/logo\/image\/\"},\"sameAs\":[\"https:\/\/www.facebook.com\/people\/Ghostysky\/100057676170234\/\",\"https:\/\/x.com\/Gh0stysky\",\"https:\/\/www.linkedin.com\/company\/34739653\",\"https:\/\/www.instagram.com\/gh0stysky\"]}]}<\/script>\n<!-- \/ Yoast SEO plugin. -->","yoast_head_json":{"title":"Bateria Yuneec ST16S 1S 8700mAh Li-Ion - Ghostysky","description":"Certifique-se de que seu controlador ST16S esteja sempre pronto! Com essas baterias sobressalentes para o ST16S, seu controlador pode estar sempre pronto para uso quando voc\u00ea estiver em seu pr\u00f3ximo trabalho ou tentando obter a melhor foto do reservat\u00f3rio local.Especifica\u00e7\u00e3o8700mAhBateria de \u00edon de l\u00edtio","robots":{"index":"index","follow":"follow","max-snippet":"max-snippet:-1","max-image-preview":"max-image-preview:large","max-video-preview":"max-video-preview:-1"},"canonical":"https:\/\/www.ghostysky.com\/pt\/produto-2\/yuneec-st16s-battery-1s-8700mah-li-ion\/","og_locale":"pt_PT","og_type":"article","og_title":"Yuneec ST16S Battery 1S 8700mAh Li-Ion - Ghostysky","og_description":"Make sure your ST16S Controller is always ready!With these spare batteries for the ST16S your controller can always be ready to go when you're on your next job or trying to get the best shot of the local reservoir.Specification8700mAhLithium Ion Battery","og_url":"https:\/\/www.ghostysky.com\/pt\/produto-2\/yuneec-st16s-battery-1s-8700mah-li-ion\/","og_site_name":"Ghostysky","article_publisher":"https:\/\/www.facebook.com\/people\/Ghostysky\/100057676170234\/","article_modified_time":"2024-05-26T10:48:06+00:00","og_image":[{"width":1500,"height":1500,"url":"https:\/\/www.ghostysky.com\/wp-content\/uploads\/2023\/12\/YUNST16S100_1.jpg","type":"image\/jpeg"}],"twitter_card":"summary_large_image","twitter_site":"@Gh0stysky","twitter_misc":{"Tempo estimado de leitura":"1 minuto"},"schema":{"@context":"https:\/\/schema.org","@graph":[{"@type":"WebPage","@id":"https:\/\/www.ghostysky.com\/product\/yuneec-st16s-battery-1s-8700mah-li-ion\/","url":"https:\/\/www.ghostysky.com\/product\/yuneec-st16s-battery-1s-8700mah-li-ion\/","name":"Bateria Yuneec ST16S 1S 8700mAh Li-Ion - Ghostysky","isPartOf":{"@id":"https:\/\/www.ghostysky.com\/#website"},"primaryImageOfPage":{"@id":"https:\/\/www.ghostysky.com\/product\/yuneec-st16s-battery-1s-8700mah-li-ion\/#primaryimage"},"image":{"@id":"https:\/\/www.ghostysky.com\/product\/yuneec-st16s-battery-1s-8700mah-li-ion\/#primaryimage"},"thumbnailUrl":"https:\/\/www.ghostysky.com\/wp-content\/uploads\/2023\/12\/YUNST16S100_1.jpg","datePublished":"2023-12-19T10:58:22+00:00","dateModified":"2024-05-26T10:48:06+00:00","description":"Certifique-se de que seu controlador ST16S esteja sempre pronto! Com essas baterias sobressalentes para o ST16S, seu controlador pode estar sempre pronto para uso quando voc\u00ea estiver em seu pr\u00f3ximo trabalho ou tentando obter a melhor foto do reservat\u00f3rio local.Especifica\u00e7\u00e3o8700mAhBateria de \u00edon de l\u00edtio","breadcrumb":{"@id":"https:\/\/www.ghostysky.com\/product\/yuneec-st16s-battery-1s-8700mah-li-ion\/#breadcrumb"},"inLanguage":"pt-PT","potentialAction":[{"@type":"ReadAction","target":["https:\/\/www.ghostysky.com\/product\/yuneec-st16s-battery-1s-8700mah-li-ion\/"]}]},{"@type":"ImageObject","inLanguage":"pt-PT","@id":"https:\/\/www.ghostysky.com\/product\/yuneec-st16s-battery-1s-8700mah-li-ion\/#primaryimage","url":"https:\/\/www.ghostysky.com\/wp-content\/uploads\/2023\/12\/YUNST16S100_1.jpg","contentUrl":"https:\/\/www.ghostysky.com\/wp-content\/uploads\/2023\/12\/YUNST16S100_1.jpg","width":1500,"height":1500},{"@type":"BreadcrumbList","@id":"https:\/\/www.ghostysky.com\/product\/yuneec-st16s-battery-1s-8700mah-li-ion\/#breadcrumb","itemListElement":[{"@type":"ListItem","position":1,"name":"Home","item":"https:\/\/www.ghostysky.com\/"},{"@type":"ListItem","position":2,"name":"Shop","item":"https:\/\/www.ghostysky.com\/shop\/"},{"@type":"ListItem","position":3,"name":"Yuneec ST16S Battery 1S 8700mAh Li-Ion"}]},{"@type":"WebSite","@id":"https:\/\/www.ghostysky.com\/#website","url":"https:\/\/www.ghostysky.com\/","name":"Ghostysky","description":"Fornecendo drones e servi\u00e7os profissionais","publisher":{"@id":"https:\/\/www.ghostysky.com\/#organization"},"potentialAction":[{"@type":"SearchAction","target":{"@type":"EntryPoint","urlTemplate":"https:\/\/www.ghostysky.com\/?s={search_term_string}"},"query-input":{"@type":"PropertyValueSpecification","valueRequired":true,"valueName":"search_term_string"}}],"inLanguage":"pt-PT"},{"@type":"Organization","@id":"https:\/\/www.ghostysky.com\/#organization","name":"Ghostysky","url":"https:\/\/www.ghostysky.com\/","logo":{"@type":"ImageObject","inLanguage":"pt-PT","@id":"https:\/\/www.ghostysky.com\/#\/schema\/logo\/image\/","url":"https:\/\/www.ghostysky.com\/wp-content\/uploads\/2020\/06\/cropped-ghostyskylogo_text_white2.png","contentUrl":"https:\/\/www.ghostysky.com\/wp-content\/uploads\/2020\/06\/cropped-ghostyskylogo_text_white2.png","width":169,"height":56,"caption":"Ghostysky"},"image":{"@id":"https:\/\/www.ghostysky.com\/#\/schema\/logo\/image\/"},"sameAs":["https:\/\/www.facebook.com\/people\/Ghostysky\/100057676170234\/","https:\/\/x.com\/Gh0stysky","https:\/\/www.linkedin.com\/company\/34739653","https:\/\/www.instagram.com\/gh0stysky"]}]}},"_links":{"self":[{"href":"https:\/\/www.ghostysky.com\/pt\/wp-json\/wp\/v2\/product\/15274","targetHints":{"allow":["GET"]}}],"collection":[{"href":"https:\/\/www.ghostysky.com\/pt\/wp-json\/wp\/v2\/product"}],"about":[{"href":"https:\/\/www.ghostysky.com\/pt\/wp-json\/wp\/v2\/types\/product"}],"replies":[{"embeddable":true,"href":"https:\/\/www.ghostysky.com\/pt\/wp-json\/wp\/v2\/comments?post=15274"}],"wp:featuredmedia":[{"embeddable":true,"href":"https:\/\/www.ghostysky.com\/pt\/wp-json\/wp\/v2\/media\/15277"}],"wp:attachment":[{"href":"https:\/\/www.ghostysky.com\/pt\/wp-json\/wp\/v2\/media?parent=15274"}],"wp:term":[{"taxonomy":"product_brand","embeddable":true,"href":"https:\/\/www.ghostysky.com\/pt\/wp-json\/wp\/v2\/product_brand?post=15274"},{"taxonomy":"product_cat","embeddable":true,"href":"https:\/\/www.ghostysky.com\/pt\/wp-json\/wp\/v2\/product_cat?post=15274"},{"taxonomy":"product_tag","embeddable":true,"href":"https:\/\/www.ghostysky.com\/pt\/wp-json\/wp\/v2\/product_tag?post=15274"}],"curies":[{"name":"wp","href":"https:\/\/api.w.org\/{rel}","templated":true}]}}