{"id":15278,"date":"2023-12-19T11:12:57","date_gmt":"2023-12-19T11:12:57","guid":{"rendered":"https:\/\/www.ghostysky.com\/?post_type=product&#038;p=15278"},"modified":"2023-12-19T11:16:09","modified_gmt":"2023-12-19T11:16:09","slug":"yuneec-st16s-multi-charger","status":"publish","type":"product","link":"https:\/\/www.ghostysky.com\/pt\/product\/yuneec-st16s-multi-charger\/","title":{"rendered":"Carregador m\u00faltiplo Yuneec ST16S"},"content":{"rendered":"<h3>Especifica\u00e7\u00f5es t\u00e9cnicas<\/h3>\n<dl class=\"productTechData__list\" data-v-30d6b6b5=\"\" data-v-568bc53c=\"\">\n<dt class=\"productTechData__listTerm --body\" data-v-30d6b6b5=\"\" data-v-568bc53c=\"\">\n<p class=\"--weightBold\" data-v-30d6b6b5=\"\" data-v-568bc53c=\"\"><strong>Comprimento - <\/strong><span data-v-5575094c=\"\">154<\/span>\u00a0<span data-v-5575094c=\"\">mil\u00edmetros<\/span><\/p>\n<\/dt>\n<\/dl>\n<dl class=\"productTechData__list\" data-v-30d6b6b5=\"\" data-v-568bc53c=\"\">\n<dt class=\"productTechData__listTerm --body\" data-v-30d6b6b5=\"\" data-v-568bc53c=\"\">\n<p class=\"--weightBold\" data-v-30d6b6b5=\"\" data-v-568bc53c=\"\"><strong>Largura - <\/strong><span data-v-5575094c=\"\">82<\/span>\u00a0<span data-v-5575094c=\"\">mil\u00edmetros<\/span><\/p>\n<\/dt>\n<\/dl>\n<dl class=\"productTechData__list\" data-v-30d6b6b5=\"\" data-v-568bc53c=\"\">\n<dt class=\"productTechData__listTerm --body\" data-v-30d6b6b5=\"\" data-v-568bc53c=\"\">\n<p class=\"--weightBold\" data-v-30d6b6b5=\"\" data-v-568bc53c=\"\"><strong>Altura - <\/strong><span data-v-5575094c=\"\">32<\/span>\u00a0<span data-v-5575094c=\"\">mil\u00edmetros<\/span><\/p>\n<\/dt>\n<\/dl>\n<dl class=\"productTechData__list\" data-v-30d6b6b5=\"\" data-v-568bc53c=\"\">\n<dt class=\"productTechData__listTerm --body\" data-v-30d6b6b5=\"\" data-v-568bc53c=\"\">\n<p class=\"--weightBold\" data-v-30d6b6b5=\"\" data-v-568bc53c=\"\"><strong>Peso - <\/strong><span data-v-5575094c=\"\">161<\/span>\u00a0<span data-v-5575094c=\"\">g<\/span><\/p>\n<\/dt>\n<\/dl>\n<dl class=\"productTechData__list\" data-v-30d6b6b5=\"\" data-v-568bc53c=\"\">\n<dt class=\"productTechData__listTerm --body\" data-v-30d6b6b5=\"\" data-v-568bc53c=\"\">\n<p class=\"--weightBold\" data-v-30d6b6b5=\"\" data-v-568bc53c=\"\"><strong>Contente -<\/strong> <span data-v-5575094c=\"\">1<\/span>\u00a0<span data-v-5575094c=\"\">computador(es)<\/span><\/p>\n<\/dt>\n<\/dl>\n<dl class=\"productTechData__list\" data-v-30d6b6b5=\"\" data-v-568bc53c=\"\">\n<dt class=\"productTechData__listTerm --body\" data-v-30d6b6b5=\"\" data-v-568bc53c=\"\">\n<p class=\"--weightBold\" data-v-30d6b6b5=\"\" data-v-568bc53c=\"\"><strong>Tipo de Produto -\u00a0 <\/strong>Carregador ST16S<\/p>\n<\/dt>\n<\/dl>","protected":false},"excerpt":{"rendered":"<p><strong>Carregador m\u00faltiplo para suas baterias ST16S<\/strong><\/p>\n<p>O carregador m\u00faltiplo YUNEEC ST16S permite que voc\u00ea carregue suas baterias ST16S de maneira f\u00e1cil e conveniente, sem perder tempo de v\u00f4o. At\u00e9 agora, ao carregar as baterias, voc\u00ea tinha que usar a porta de carregamento direto do ST16S \u2013 portanto, o controle remoto n\u00e3o estava operacional durante o processo de carregamento. O carregador m\u00faltiplo ST16S permite que voc\u00ea permane\u00e7a eficiente enquanto as baterias est\u00e3o totalmente carregadas em outro lugar.<\/p>\n<p>O Multi Charger ST16S oferece tr\u00eas conex\u00f5es de carregamento, que s\u00e3o carregadas em s\u00e9rie, uma por uma. Com seu tamanho compacto e peso reduzido de apenas 161 g, o carregador encontra rapidamente um lugar no seu bolso e pode ser levado para qualquer lugar.<\/p>","protected":false},"featured_media":15279,"comment_status":"open","ping_status":"closed","template":"","meta":[],"product_brand":[],"product_cat":[119,29,118],"product_tag":[125,124,121],"class_list":{"0":"post-15278","1":"product","2":"type-product","3":"status-publish","4":"has-post-thumbnail","6":"product_cat-yuneec-accessories","7":"product_cat-drones","8":"product_cat-yuneec","9":"product_tag-h520e-rtk","10":"product_tag-st16e","11":"product_tag-yuneec","13":"first","14":"onbackorder","15":"taxable","16":"shipping-taxable","17":"product-type-simple"},"yoast_head":"<!-- This site is optimized with the Yoast SEO plugin v27.1.1 - https:\/\/yoast.com\/product\/yoast-seo-wordpress\/ -->\n<title>Yuneec ST16S Multi Charger - Ghostysky<\/title>\n<meta name=\"description\" content=\"The YUNEEC ST16S Multi Charger allows you to easily and conveniently charge your ST16S batteries without loosing time to fly. So far, when charging your batteries, you had to use the ST16S&#039; direct charging port - therefore the remote control was not operational during the charging process. The ST16S Multi Charger lets you stay efficient while the batteries are fully charged elsewhere.The ST16S Multi Charger offers three charging connections, which are loaded serially one by one. With its compact size and small weight of only 161 g, the charger quickly finds a place in your pocket and can be taken anywhere.\" \/>\n<meta name=\"robots\" content=\"index, follow, max-snippet:-1, max-image-preview:large, max-video-preview:-1\" \/>\n<link rel=\"canonical\" href=\"https:\/\/www.ghostysky.com\/pt\/produto-2\/yuneec-st16s-multi-charger\/\" \/>\n<meta property=\"og:locale\" content=\"pt_PT\" \/>\n<meta property=\"og:type\" content=\"article\" \/>\n<meta property=\"og:title\" content=\"Yuneec ST16S Multi Charger - Ghostysky\" \/>\n<meta property=\"og:description\" content=\"The YUNEEC ST16S Multi Charger allows you to easily and conveniently charge your ST16S batteries without loosing time to fly. So far, when charging your batteries, you had to use the ST16S&#039; direct charging port - therefore the remote control was not operational during the charging process. The ST16S Multi Charger lets you stay efficient while the batteries are fully charged elsewhere.The ST16S Multi Charger offers three charging connections, which are loaded serially one by one. With its compact size and small weight of only 161 g, the charger quickly finds a place in your pocket and can be taken anywhere.\" \/>\n<meta property=\"og:url\" content=\"https:\/\/www.ghostysky.com\/pt\/produto-2\/yuneec-st16s-multi-charger\/\" \/>\n<meta property=\"og:site_name\" content=\"Ghostysky\" \/>\n<meta property=\"article:publisher\" content=\"https:\/\/www.facebook.com\/people\/Ghostysky\/100057676170234\/\" \/>\n<meta property=\"article:modified_time\" content=\"2023-12-19T11:16:09+00:00\" \/>\n<meta property=\"og:image\" content=\"https:\/\/www.ghostysky.com\/wp-content\/uploads\/2023\/12\/ST16Multicharger_2.jpg\" \/>\n\t<meta property=\"og:image:width\" content=\"1000\" \/>\n\t<meta property=\"og:image:height\" content=\"1000\" \/>\n\t<meta property=\"og:image:type\" content=\"image\/jpeg\" \/>\n<meta name=\"twitter:card\" content=\"summary_large_image\" \/>\n<meta name=\"twitter:site\" content=\"@Gh0stysky\" \/>\n<meta name=\"twitter:label1\" content=\"Tempo estimado de leitura\" \/>\n\t<meta name=\"twitter:data1\" content=\"1 minuto\" \/>\n<script type=\"application\/ld+json\" class=\"yoast-schema-graph\">{\"@context\":\"https:\/\/schema.org\",\"@graph\":[{\"@type\":\"WebPage\",\"@id\":\"https:\/\/www.ghostysky.com\/product\/yuneec-st16s-multi-charger\/\",\"url\":\"https:\/\/www.ghostysky.com\/product\/yuneec-st16s-multi-charger\/\",\"name\":\"Yuneec ST16S Multi Charger - Ghostysky\",\"isPartOf\":{\"@id\":\"https:\/\/www.ghostysky.com\/#website\"},\"primaryImageOfPage\":{\"@id\":\"https:\/\/www.ghostysky.com\/product\/yuneec-st16s-multi-charger\/#primaryimage\"},\"image\":{\"@id\":\"https:\/\/www.ghostysky.com\/product\/yuneec-st16s-multi-charger\/#primaryimage\"},\"thumbnailUrl\":\"https:\/\/www.ghostysky.com\/wp-content\/uploads\/2023\/12\/ST16Multicharger_2.jpg\",\"datePublished\":\"2023-12-19T11:12:57+00:00\",\"dateModified\":\"2023-12-19T11:16:09+00:00\",\"description\":\"The YUNEEC ST16S Multi Charger allows you to easily and conveniently charge your ST16S batteries without loosing time to fly. So far, when charging your batteries, you had to use the ST16S' direct charging port - therefore the remote control was not operational during the charging process. The ST16S Multi Charger lets you stay efficient while the batteries are fully charged elsewhere.The ST16S Multi Charger offers three charging connections, which are loaded serially one by one. With its compact size and small weight of only 161 g, the charger quickly finds a place in your pocket and can be taken anywhere.\",\"breadcrumb\":{\"@id\":\"https:\/\/www.ghostysky.com\/product\/yuneec-st16s-multi-charger\/#breadcrumb\"},\"inLanguage\":\"pt-PT\",\"potentialAction\":[{\"@type\":\"ReadAction\",\"target\":[\"https:\/\/www.ghostysky.com\/product\/yuneec-st16s-multi-charger\/\"]}]},{\"@type\":\"ImageObject\",\"inLanguage\":\"pt-PT\",\"@id\":\"https:\/\/www.ghostysky.com\/product\/yuneec-st16s-multi-charger\/#primaryimage\",\"url\":\"https:\/\/www.ghostysky.com\/wp-content\/uploads\/2023\/12\/ST16Multicharger_2.jpg\",\"contentUrl\":\"https:\/\/www.ghostysky.com\/wp-content\/uploads\/2023\/12\/ST16Multicharger_2.jpg\",\"width\":1000,\"height\":1000},{\"@type\":\"BreadcrumbList\",\"@id\":\"https:\/\/www.ghostysky.com\/product\/yuneec-st16s-multi-charger\/#breadcrumb\",\"itemListElement\":[{\"@type\":\"ListItem\",\"position\":1,\"name\":\"Home\",\"item\":\"https:\/\/www.ghostysky.com\/\"},{\"@type\":\"ListItem\",\"position\":2,\"name\":\"Shop\",\"item\":\"https:\/\/www.ghostysky.com\/shop\/\"},{\"@type\":\"ListItem\",\"position\":3,\"name\":\"Yuneec ST16S Multi Charger\"}]},{\"@type\":\"WebSite\",\"@id\":\"https:\/\/www.ghostysky.com\/#website\",\"url\":\"https:\/\/www.ghostysky.com\/\",\"name\":\"Ghostysky\",\"description\":\"Delivering professional drones and services\",\"publisher\":{\"@id\":\"https:\/\/www.ghostysky.com\/#organization\"},\"potentialAction\":[{\"@type\":\"SearchAction\",\"target\":{\"@type\":\"EntryPoint\",\"urlTemplate\":\"https:\/\/www.ghostysky.com\/?s={search_term_string}\"},\"query-input\":{\"@type\":\"PropertyValueSpecification\",\"valueRequired\":true,\"valueName\":\"search_term_string\"}}],\"inLanguage\":\"pt-PT\"},{\"@type\":\"Organization\",\"@id\":\"https:\/\/www.ghostysky.com\/#organization\",\"name\":\"Ghostysky\",\"url\":\"https:\/\/www.ghostysky.com\/\",\"logo\":{\"@type\":\"ImageObject\",\"inLanguage\":\"pt-PT\",\"@id\":\"https:\/\/www.ghostysky.com\/#\/schema\/logo\/image\/\",\"url\":\"https:\/\/www.ghostysky.com\/wp-content\/uploads\/2020\/06\/cropped-ghostyskylogo_text_white2.png\",\"contentUrl\":\"https:\/\/www.ghostysky.com\/wp-content\/uploads\/2020\/06\/cropped-ghostyskylogo_text_white2.png\",\"width\":169,\"height\":56,\"caption\":\"Ghostysky\"},\"image\":{\"@id\":\"https:\/\/www.ghostysky.com\/#\/schema\/logo\/image\/\"},\"sameAs\":[\"https:\/\/www.facebook.com\/people\/Ghostysky\/100057676170234\/\",\"https:\/\/x.com\/Gh0stysky\",\"https:\/\/www.linkedin.com\/company\/34739653\",\"https:\/\/www.instagram.com\/gh0stysky\"]}]}<\/script>\n<!-- \/ Yoast SEO plugin. -->","yoast_head_json":{"title":"Carregador m\u00faltiplo Yuneec ST16S - Ghostysky","description":"O carregador m\u00faltiplo YUNEEC ST16S permite que voc\u00ea carregue suas baterias ST16S de maneira f\u00e1cil e conveniente, sem perder tempo de v\u00f4o. At\u00e9 agora, ao carregar as baterias, voc\u00ea tinha que usar a porta de carregamento direto do ST16S - portanto, o controle remoto n\u00e3o estava operacional durante o processo de carregamento. O carregador m\u00faltiplo ST16S permite que voc\u00ea permane\u00e7a eficiente enquanto as baterias est\u00e3o totalmente carregadas em outro lugar. O carregador m\u00faltiplo ST16S oferece tr\u00eas conex\u00f5es de carregamento, que s\u00e3o carregadas em s\u00e9rie, uma por uma. Com seu tamanho compacto e peso reduzido de apenas 161 g, o carregador encontra rapidamente um lugar no seu bolso e pode ser levado para qualquer lugar.","robots":{"index":"index","follow":"follow","max-snippet":"max-snippet:-1","max-image-preview":"max-image-preview:large","max-video-preview":"max-video-preview:-1"},"canonical":"https:\/\/www.ghostysky.com\/pt\/produto-2\/yuneec-st16s-multi-charger\/","og_locale":"pt_PT","og_type":"article","og_title":"Yuneec ST16S Multi Charger - Ghostysky","og_description":"The YUNEEC ST16S Multi Charger allows you to easily and conveniently charge your ST16S batteries without loosing time to fly. So far, when charging your batteries, you had to use the ST16S' direct charging port - therefore the remote control was not operational during the charging process. The ST16S Multi Charger lets you stay efficient while the batteries are fully charged elsewhere.The ST16S Multi Charger offers three charging connections, which are loaded serially one by one. With its compact size and small weight of only 161 g, the charger quickly finds a place in your pocket and can be taken anywhere.","og_url":"https:\/\/www.ghostysky.com\/pt\/produto-2\/yuneec-st16s-multi-charger\/","og_site_name":"Ghostysky","article_publisher":"https:\/\/www.facebook.com\/people\/Ghostysky\/100057676170234\/","article_modified_time":"2023-12-19T11:16:09+00:00","og_image":[{"width":1000,"height":1000,"url":"https:\/\/www.ghostysky.com\/wp-content\/uploads\/2023\/12\/ST16Multicharger_2.jpg","type":"image\/jpeg"}],"twitter_card":"summary_large_image","twitter_site":"@Gh0stysky","twitter_misc":{"Tempo estimado de leitura":"1 minuto"},"schema":{"@context":"https:\/\/schema.org","@graph":[{"@type":"WebPage","@id":"https:\/\/www.ghostysky.com\/product\/yuneec-st16s-multi-charger\/","url":"https:\/\/www.ghostysky.com\/product\/yuneec-st16s-multi-charger\/","name":"Carregador m\u00faltiplo Yuneec ST16S - Ghostysky","isPartOf":{"@id":"https:\/\/www.ghostysky.com\/#website"},"primaryImageOfPage":{"@id":"https:\/\/www.ghostysky.com\/product\/yuneec-st16s-multi-charger\/#primaryimage"},"image":{"@id":"https:\/\/www.ghostysky.com\/product\/yuneec-st16s-multi-charger\/#primaryimage"},"thumbnailUrl":"https:\/\/www.ghostysky.com\/wp-content\/uploads\/2023\/12\/ST16Multicharger_2.jpg","datePublished":"2023-12-19T11:12:57+00:00","dateModified":"2023-12-19T11:16:09+00:00","description":"O carregador m\u00faltiplo YUNEEC ST16S permite que voc\u00ea carregue suas baterias ST16S de maneira f\u00e1cil e conveniente, sem perder tempo de v\u00f4o. At\u00e9 agora, ao carregar as baterias, voc\u00ea tinha que usar a porta de carregamento direto do ST16S - portanto, o controle remoto n\u00e3o estava operacional durante o processo de carregamento. O carregador m\u00faltiplo ST16S permite que voc\u00ea permane\u00e7a eficiente enquanto as baterias est\u00e3o totalmente carregadas em outro lugar. O carregador m\u00faltiplo ST16S oferece tr\u00eas conex\u00f5es de carregamento, que s\u00e3o carregadas em s\u00e9rie, uma por uma. Com seu tamanho compacto e peso reduzido de apenas 161 g, o carregador encontra rapidamente um lugar no seu bolso e pode ser levado para qualquer lugar.","breadcrumb":{"@id":"https:\/\/www.ghostysky.com\/product\/yuneec-st16s-multi-charger\/#breadcrumb"},"inLanguage":"pt-PT","potentialAction":[{"@type":"ReadAction","target":["https:\/\/www.ghostysky.com\/product\/yuneec-st16s-multi-charger\/"]}]},{"@type":"ImageObject","inLanguage":"pt-PT","@id":"https:\/\/www.ghostysky.com\/product\/yuneec-st16s-multi-charger\/#primaryimage","url":"https:\/\/www.ghostysky.com\/wp-content\/uploads\/2023\/12\/ST16Multicharger_2.jpg","contentUrl":"https:\/\/www.ghostysky.com\/wp-content\/uploads\/2023\/12\/ST16Multicharger_2.jpg","width":1000,"height":1000},{"@type":"BreadcrumbList","@id":"https:\/\/www.ghostysky.com\/product\/yuneec-st16s-multi-charger\/#breadcrumb","itemListElement":[{"@type":"ListItem","position":1,"name":"Home","item":"https:\/\/www.ghostysky.com\/"},{"@type":"ListItem","position":2,"name":"Shop","item":"https:\/\/www.ghostysky.com\/shop\/"},{"@type":"ListItem","position":3,"name":"Yuneec ST16S Multi Charger"}]},{"@type":"WebSite","@id":"https:\/\/www.ghostysky.com\/#website","url":"https:\/\/www.ghostysky.com\/","name":"Ghostysky","description":"Fornecendo drones e servi\u00e7os profissionais","publisher":{"@id":"https:\/\/www.ghostysky.com\/#organization"},"potentialAction":[{"@type":"SearchAction","target":{"@type":"EntryPoint","urlTemplate":"https:\/\/www.ghostysky.com\/?s={search_term_string}"},"query-input":{"@type":"PropertyValueSpecification","valueRequired":true,"valueName":"search_term_string"}}],"inLanguage":"pt-PT"},{"@type":"Organization","@id":"https:\/\/www.ghostysky.com\/#organization","name":"Ghostysky","url":"https:\/\/www.ghostysky.com\/","logo":{"@type":"ImageObject","inLanguage":"pt-PT","@id":"https:\/\/www.ghostysky.com\/#\/schema\/logo\/image\/","url":"https:\/\/www.ghostysky.com\/wp-content\/uploads\/2020\/06\/cropped-ghostyskylogo_text_white2.png","contentUrl":"https:\/\/www.ghostysky.com\/wp-content\/uploads\/2020\/06\/cropped-ghostyskylogo_text_white2.png","width":169,"height":56,"caption":"Ghostysky"},"image":{"@id":"https:\/\/www.ghostysky.com\/#\/schema\/logo\/image\/"},"sameAs":["https:\/\/www.facebook.com\/people\/Ghostysky\/100057676170234\/","https:\/\/x.com\/Gh0stysky","https:\/\/www.linkedin.com\/company\/34739653","https:\/\/www.instagram.com\/gh0stysky"]}]}},"_links":{"self":[{"href":"https:\/\/www.ghostysky.com\/pt\/wp-json\/wp\/v2\/product\/15278","targetHints":{"allow":["GET"]}}],"collection":[{"href":"https:\/\/www.ghostysky.com\/pt\/wp-json\/wp\/v2\/product"}],"about":[{"href":"https:\/\/www.ghostysky.com\/pt\/wp-json\/wp\/v2\/types\/product"}],"replies":[{"embeddable":true,"href":"https:\/\/www.ghostysky.com\/pt\/wp-json\/wp\/v2\/comments?post=15278"}],"wp:featuredmedia":[{"embeddable":true,"href":"https:\/\/www.ghostysky.com\/pt\/wp-json\/wp\/v2\/media\/15279"}],"wp:attachment":[{"href":"https:\/\/www.ghostysky.com\/pt\/wp-json\/wp\/v2\/media?parent=15278"}],"wp:term":[{"taxonomy":"product_brand","embeddable":true,"href":"https:\/\/www.ghostysky.com\/pt\/wp-json\/wp\/v2\/product_brand?post=15278"},{"taxonomy":"product_cat","embeddable":true,"href":"https:\/\/www.ghostysky.com\/pt\/wp-json\/wp\/v2\/product_cat?post=15278"},{"taxonomy":"product_tag","embeddable":true,"href":"https:\/\/www.ghostysky.com\/pt\/wp-json\/wp\/v2\/product_tag?post=15278"}],"curies":[{"name":"wp","href":"https:\/\/api.w.org\/{rel}","templated":true}]}}