{"id":15316,"date":"2023-12-28T11:29:25","date_gmt":"2023-12-28T11:29:25","guid":{"rendered":"https:\/\/www.ghostysky.com\/?post_type=product&#038;p=15316"},"modified":"2024-05-25T09:23:48","modified_gmt":"2024-05-25T09:23:48","slug":"dji-matrice-30-worry-free-plus-combo","status":"publish","type":"product","link":"https:\/\/www.ghostysky.com\/pt\/product\/dji-matrice-30-worry-free-plus-combo\/","title":{"rendered":"DJI Matrice 30 Worry-Free Plus Combo"},"content":{"rendered":"<p data-sourcepos=\"3:1-3:89\"><strong>DJI Matrice 30: um drone empresarial poderoso para versatilidade e confiabilidade incompar\u00e1veis<\/strong><\/p>\n<p data-sourcepos=\"5:1-5:302\">O DJI Matrice 30 \u00e9 um drone empresarial de alto desempenho projetado para aplica\u00e7\u00f5es exigentes em setores como inspe\u00e7\u00e3o, seguran\u00e7a p\u00fablica e resposta a desastres. Possui uma carga vers\u00e1til, constru\u00e7\u00e3o robusta e recursos avan\u00e7ados de seguran\u00e7a que o tornam uma ferramenta indispens\u00e1vel para o sucesso da miss\u00e3o.<\/p>\n<p data-sourcepos=\"7:1-7:54\"><strong>Carga \u00fatil poderosa para coleta de dados abrangente<\/strong><\/p>\n<p data-sourcepos=\"9:1-9:153\">A carga \u00fatil do Matrice 30 \u00e9 seu principal ponto forte, permitindo capturar dados a\u00e9reos detalhados em uma variedade de ambientes. Sua configura\u00e7\u00e3o de sensor triplo inclui:<\/p>\n<ul data-sourcepos=\"11:1-16:0\">\n<li data-sourcepos=\"11:1-12:0\">\n<p data-sourcepos=\"11:3-11:168\"><strong>C\u00e2mera com zoom de alta resolu\u00e7\u00e3o de 48 MP:<\/strong> Capture imagens e v\u00eddeos de alta qualidade com zoom \u00f3ptico de 20x e zoom digital de 200x, permitindo ver detalhes de longe.<\/p>\n<\/li>\n<li data-sourcepos=\"13:1-14:0\">\n<p data-sourcepos=\"13:3-13:169\"><strong>C\u00e2mera t\u00e9rmica com alcance de detec\u00e7\u00e3o de 14 metros:<\/strong> Identifique assinaturas de calor em condi\u00e7\u00f5es de pouca luz ou atrav\u00e9s de fuma\u00e7a e neblina com a c\u00e2mera t\u00e9rmica com resolu\u00e7\u00e3o de 640\u00d7512.<\/p>\n<\/li>\n<li data-sourcepos=\"15:1-16:0\">\n<p data-sourcepos=\"15:3-15:152\"><strong>Tel\u00eametro a laser com alcance de 1.200 metros:<\/strong> Me\u00e7a dist\u00e2ncias com precis\u00e3o de at\u00e9 1.200 metros, facilitando o mapeamento 3D e a an\u00e1lise precisa de dados.<\/p>\n<\/li>\n<\/ul>\n<p data-sourcepos=\"17:1-17:46\"><strong>Constru\u00e7\u00e3o robusta para opera\u00e7\u00e3o confi\u00e1vel<\/strong><\/p>\n<p data-sourcepos=\"19:1-19:318\">O Matrice 30 foi constru\u00eddo para suportar os rigores de miss\u00f5es exigentes. Possui prote\u00e7\u00e3o IP55 contra poeira e \u00e1gua, garantindo que possa operar em ambientes agressivos sem comprometer o desempenho. Sua faixa de temperatura operacional de -20\u00b0C a 50\u00b0C permite que ele funcione de forma eficaz em uma ampla variedade de climas.<\/p>\n<p data-sourcepos=\"21:1-21:54\"><strong>Recursos avan\u00e7ados de seguran\u00e7a para prote\u00e7\u00e3o inabal\u00e1vel<\/strong><\/p>\n<p data-sourcepos=\"23:1-23:136\">O Matrice 30 est\u00e1 equipado com um conjunto abrangente de recursos de seguran\u00e7a para garantir que sua opera\u00e7\u00e3o seja segura e previs\u00edvel. Esses incluem:<\/p>\n<ul data-sourcepos=\"25:1-30:0\">\n<li data-sourcepos=\"25:1-26:0\">\n<p data-sourcepos=\"25:3-25:134\"><strong>Evita\u00e7\u00e3o avan\u00e7ada de obst\u00e1culos:<\/strong> V\u00e1rios sensores detectam e evitam obst\u00e1culos, evitando colis\u00f5es e garantindo uma trajet\u00f3ria de voo segura.<\/p>\n<\/li>\n<li data-sourcepos=\"27:1-28:0\">\n<p data-sourcepos=\"27:3-27:187\"><strong>Sistemas de detec\u00e7\u00e3o redundantes:<\/strong> V\u00e1rios sensores redundantes protegem fun\u00e7\u00f5es essenciais como comunica\u00e7\u00e3o, navega\u00e7\u00e3o e controle de altitude, minimizando o risco de interrup\u00e7\u00f5es na miss\u00e3o.<\/p>\n<\/li>\n<li data-sourcepos=\"29:1-30:0\">\n<p data-sourcepos=\"29:3-29:213\"><strong>Software DJI Piloto 2:<\/strong> O Matrice 30 \u00e9 compat\u00edvel com o software DJI Pilot 2, fornecendo planejamento de voo avan\u00e7ado, visualiza\u00e7\u00e3o para evitar obst\u00e1culos e an\u00e1lise de dados em tempo real para uma execu\u00e7\u00e3o perfeita da miss\u00e3o.<\/p>\n<\/li>\n<\/ul>\n<p data-sourcepos=\"31:1-31:45\"><strong>Aplicativos vers\u00e1teis para uso generalizado<\/strong><\/p>\n<p data-sourcepos=\"33:1-33:71\">A versatilidade do Matrice 30 se estende \u00e0 sua ampla gama de aplica\u00e7\u00f5es:<\/p>\n<ul data-sourcepos=\"35:1-40:0\">\n<li data-sourcepos=\"35:1-36:0\">\n<p data-sourcepos=\"35:3-35:175\"><strong>Inspe\u00e7\u00e3o de Infraestrutura:<\/strong> Inspecione de forma abrangente linhas de energia, tubula\u00e7\u00f5es e outras infraestruturas cr\u00edticas com a c\u00e2mera zoom, c\u00e2mera t\u00e9rmica e tel\u00eametro a laser.<\/p>\n<\/li>\n<li data-sourcepos=\"37:1-38:0\">\n<p data-sourcepos=\"37:3-37:186\"><strong>Opera\u00e7\u00f5es de Seguran\u00e7a P\u00fablica:<\/strong> Capture imagens detalhadas de cenas de crimes, acidentes de tr\u00e2nsito ou outros incidentes com a c\u00e2mera de alta resolu\u00e7\u00e3o para investiga\u00e7\u00f5es e coleta de evid\u00eancias.<\/p>\n<\/li>\n<li data-sourcepos=\"39:1-40:0\">\n<p data-sourcepos=\"39:3-39:180\"><strong>Resposta a desastres:<\/strong> Avalie os danos, localize sobreviventes e forne\u00e7a assist\u00eancia de emerg\u00eancia ap\u00f3s desastres naturais ou outras emerg\u00eancias com as capacidades do drone.<\/p>\n<\/li>\n<\/ul>\n<p data-sourcepos=\"41:1-41:68\"><strong>Conclus\u00e3o: uma solu\u00e7\u00e3o revolucion\u00e1ria para aplicativos empresariais<\/strong><\/p>\n<p data-sourcepos=\"43:1-43:511\">O DJI Matrice 30 \u00e9 um drone poderoso e vers\u00e1til que redefine as possibilidades de coleta de dados a\u00e9reos em opera\u00e7\u00f5es empresariais. Sua combina\u00e7\u00e3o de sensores de alta resolu\u00e7\u00e3o, constru\u00e7\u00e3o robusta, recursos avan\u00e7ados de seguran\u00e7a e flexibilidade espec\u00edfica da aplica\u00e7\u00e3o o torna um ativo inestim\u00e1vel para organiza\u00e7\u00f5es que buscam maximizar a efici\u00eancia, a produtividade e a seguran\u00e7a em v\u00e1rios setores. Com o Matrice 30, voc\u00ea pode realizar tarefas exigentes com confian\u00e7a, sabendo que possui a ferramenta certa para o trabalho.<\/p>\n<p data-sourcepos=\"43:1-43:511\"><a href=\"https:\/\/www.ghostysky.com\/wp-content\/uploads\/2023\/12\/DJI_M30_In_the_box.png\"><img fetchpriority=\"high\" decoding=\"async\" class=\"alignnone wp-image-15317 size-full lazyload\" src=\"data:image\/gif;base64,R0lGODlhAQABAAAAACH5BAEKAAEALAAAAAABAAEAAAICTAEAOw==\" alt=\"\" width=\"1520\" height=\"737\" data-src=\"https:\/\/www.ghostysky.com\/wp-content\/uploads\/2023\/12\/DJI_M30_In_the_box.png\"><\/a><\/p>\n<p data-sourcepos=\"43:1-43:511\"><strong>Comparar vers\u00f5es<\/strong><\/p>\n<p data-sourcepos=\"43:1-43:511\"><a href=\"https:\/\/www.ghostysky.com\/wp-content\/uploads\/2023\/12\/Matrice30_30T_1.jpg\"><img decoding=\"async\" class=\"alignnone size-full wp-image-15329 lazyload\" src=\"data:image\/gif;base64,R0lGODlhAQABAAAAACH5BAEKAAEALAAAAAABAAEAAAICTAEAOw==\" alt=\"\" width=\"1420\" height=\"1060\" data-src=\"https:\/\/www.ghostysky.com\/wp-content\/uploads\/2023\/12\/Matrice30_30T_1.jpg\"><\/a><\/p>","protected":false},"excerpt":{"rendered":"<p>O DJI Matrice 30 \u00e9 um drone empresarial de alto desempenho equipado com carga \u00fatil vers\u00e1til, constru\u00e7\u00e3o robusta e recursos de seguran\u00e7a avan\u00e7ados. Ele foi projetado para uma ampla gama de aplica\u00e7\u00f5es, incluindo inspe\u00e7\u00e3o, seguran\u00e7a p\u00fablica e resposta a desastres. Sua combina\u00e7\u00e3o de sensores de alta resolu\u00e7\u00e3o, preven\u00e7\u00e3o de obst\u00e1culos e sistemas redundantes garante coleta confi\u00e1vel e segura de dados a\u00e9reos em ambientes desafiadores.<\/p>\n<p><strong>Com um limite de cobertura equivalente ao valor do produto, um n\u00famero ilimitado de reparos gratuitos pode ser oferecido dentro de um ano ap\u00f3s a ativa\u00e7\u00e3o do produto e inclui 1 servi\u00e7o de manuten\u00e7\u00e3o padr\u00e3o.<\/strong><\/p>","protected":false},"featured_media":15324,"comment_status":"open","ping_status":"closed","template":"","meta":[],"product_brand":[],"product_cat":[37,614,29,616],"product_tag":[38,617,618],"class_list":{"0":"post-15316","1":"product","2":"type-product","3":"status-publish","4":"has-post-thumbnail","6":"product_cat-dji","7":"product_cat-dji-matrice-30","8":"product_cat-drones","9":"product_cat-dji-matrice-30-drones","10":"product_tag-drone","11":"product_tag-matrice-30","12":"product_tag-worry-free-plus-combo","14":"first","15":"onbackorder","16":"taxable","17":"shipping-taxable","18":"purchasable","19":"product-type-simple"},"yoast_head":"<!-- This site is optimized with the Yoast SEO plugin v27.1.1 - https:\/\/yoast.com\/product\/yoast-seo-wordpress\/ -->\n<title>DJI Matrice 30 Worry-Free Plus Combo - Ghostysky<\/title>\n<meta name=\"description\" content=\"The DJI Matrice 30 is a high-performance enterprise drone equipped with a versatile payload, robust construction, and advanced safety features. It&#039;s designed for a wide range of applications, including inspection, public safety, and disaster response. Its combination of high-resolution sensors, obstacle avoidance, and redundant systems ensures reliable and safe aerial data collection in challenging environments.\" \/>\n<meta name=\"robots\" content=\"index, follow, max-snippet:-1, max-image-preview:large, max-video-preview:-1\" \/>\n<link rel=\"canonical\" href=\"https:\/\/www.ghostysky.com\/pt\/produto-2\/dji-matrice-30-worry-free-plus-combo\/\" \/>\n<meta property=\"og:locale\" content=\"pt_PT\" \/>\n<meta property=\"og:type\" content=\"article\" \/>\n<meta property=\"og:title\" content=\"DJI Matrice 30 Worry-Free Plus Combo - Ghostysky\" \/>\n<meta property=\"og:description\" content=\"The DJI Matrice 30 is a high-performance enterprise drone equipped with a versatile payload, robust construction, and advanced safety features. It&#039;s designed for a wide range of applications, including inspection, public safety, and disaster response. Its combination of high-resolution sensors, obstacle avoidance, and redundant systems ensures reliable and safe aerial data collection in challenging environments.\" \/>\n<meta property=\"og:url\" content=\"https:\/\/www.ghostysky.com\/pt\/produto-2\/dji-matrice-30-worry-free-plus-combo\/\" \/>\n<meta property=\"og:site_name\" content=\"Ghostysky\" \/>\n<meta property=\"article:publisher\" content=\"https:\/\/www.facebook.com\/people\/Ghostysky\/100057676170234\/\" \/>\n<meta property=\"article:modified_time\" content=\"2024-05-25T09:23:48+00:00\" \/>\n<meta property=\"og:image\" content=\"https:\/\/www.ghostysky.com\/wp-content\/uploads\/2023\/12\/DJI_Matrice_30_1.jpg\" \/>\n\t<meta property=\"og:image:width\" content=\"2560\" \/>\n\t<meta property=\"og:image:height\" content=\"2560\" \/>\n\t<meta property=\"og:image:type\" content=\"image\/jpeg\" \/>\n<meta name=\"twitter:card\" content=\"summary_large_image\" \/>\n<meta name=\"twitter:site\" content=\"@Gh0stysky\" \/>\n<meta name=\"twitter:label1\" content=\"Tempo estimado de leitura\" \/>\n\t<meta name=\"twitter:data1\" content=\"3 minutos\" \/>\n<script type=\"application\/ld+json\" class=\"yoast-schema-graph\">{\"@context\":\"https:\/\/schema.org\",\"@graph\":[{\"@type\":\"WebPage\",\"@id\":\"https:\/\/www.ghostysky.com\/product\/dji-matrice-30-worry-free-plus-combo\/\",\"url\":\"https:\/\/www.ghostysky.com\/product\/dji-matrice-30-worry-free-plus-combo\/\",\"name\":\"DJI Matrice 30 Worry-Free Plus Combo - Ghostysky\",\"isPartOf\":{\"@id\":\"https:\/\/www.ghostysky.com\/#website\"},\"primaryImageOfPage\":{\"@id\":\"https:\/\/www.ghostysky.com\/product\/dji-matrice-30-worry-free-plus-combo\/#primaryimage\"},\"image\":{\"@id\":\"https:\/\/www.ghostysky.com\/product\/dji-matrice-30-worry-free-plus-combo\/#primaryimage\"},\"thumbnailUrl\":\"https:\/\/www.ghostysky.com\/wp-content\/uploads\/2023\/12\/DJI_Matrice_30_1.jpg\",\"datePublished\":\"2023-12-28T11:29:25+00:00\",\"dateModified\":\"2024-05-25T09:23:48+00:00\",\"description\":\"The DJI Matrice 30 is a high-performance enterprise drone equipped with a versatile payload, robust construction, and advanced safety features. It's designed for a wide range of applications, including inspection, public safety, and disaster response. Its combination of high-resolution sensors, obstacle avoidance, and redundant systems ensures reliable and safe aerial data collection in challenging environments.\",\"breadcrumb\":{\"@id\":\"https:\/\/www.ghostysky.com\/product\/dji-matrice-30-worry-free-plus-combo\/#breadcrumb\"},\"inLanguage\":\"pt-PT\",\"potentialAction\":[{\"@type\":\"ReadAction\",\"target\":[\"https:\/\/www.ghostysky.com\/product\/dji-matrice-30-worry-free-plus-combo\/\"]}]},{\"@type\":\"ImageObject\",\"inLanguage\":\"pt-PT\",\"@id\":\"https:\/\/www.ghostysky.com\/product\/dji-matrice-30-worry-free-plus-combo\/#primaryimage\",\"url\":\"https:\/\/www.ghostysky.com\/wp-content\/uploads\/2023\/12\/DJI_Matrice_30_1.jpg\",\"contentUrl\":\"https:\/\/www.ghostysky.com\/wp-content\/uploads\/2023\/12\/DJI_Matrice_30_1.jpg\",\"width\":2560,\"height\":2560},{\"@type\":\"BreadcrumbList\",\"@id\":\"https:\/\/www.ghostysky.com\/product\/dji-matrice-30-worry-free-plus-combo\/#breadcrumb\",\"itemListElement\":[{\"@type\":\"ListItem\",\"position\":1,\"name\":\"Home\",\"item\":\"https:\/\/www.ghostysky.com\/\"},{\"@type\":\"ListItem\",\"position\":2,\"name\":\"Shop\",\"item\":\"https:\/\/www.ghostysky.com\/shop\/\"},{\"@type\":\"ListItem\",\"position\":3,\"name\":\"DJI Matrice 30 Worry-Free Plus Combo\"}]},{\"@type\":\"WebSite\",\"@id\":\"https:\/\/www.ghostysky.com\/#website\",\"url\":\"https:\/\/www.ghostysky.com\/\",\"name\":\"Ghostysky\",\"description\":\"Delivering professional drones and services\",\"publisher\":{\"@id\":\"https:\/\/www.ghostysky.com\/#organization\"},\"potentialAction\":[{\"@type\":\"SearchAction\",\"target\":{\"@type\":\"EntryPoint\",\"urlTemplate\":\"https:\/\/www.ghostysky.com\/?s={search_term_string}\"},\"query-input\":{\"@type\":\"PropertyValueSpecification\",\"valueRequired\":true,\"valueName\":\"search_term_string\"}}],\"inLanguage\":\"pt-PT\"},{\"@type\":\"Organization\",\"@id\":\"https:\/\/www.ghostysky.com\/#organization\",\"name\":\"Ghostysky\",\"url\":\"https:\/\/www.ghostysky.com\/\",\"logo\":{\"@type\":\"ImageObject\",\"inLanguage\":\"pt-PT\",\"@id\":\"https:\/\/www.ghostysky.com\/#\/schema\/logo\/image\/\",\"url\":\"https:\/\/www.ghostysky.com\/wp-content\/uploads\/2020\/06\/cropped-ghostyskylogo_text_white2.png\",\"contentUrl\":\"https:\/\/www.ghostysky.com\/wp-content\/uploads\/2020\/06\/cropped-ghostyskylogo_text_white2.png\",\"width\":169,\"height\":56,\"caption\":\"Ghostysky\"},\"image\":{\"@id\":\"https:\/\/www.ghostysky.com\/#\/schema\/logo\/image\/\"},\"sameAs\":[\"https:\/\/www.facebook.com\/people\/Ghostysky\/100057676170234\/\",\"https:\/\/x.com\/Gh0stysky\",\"https:\/\/www.linkedin.com\/company\/34739653\",\"https:\/\/www.instagram.com\/gh0stysky\"]}]}<\/script>\n<!-- \/ Yoast SEO plugin. -->","yoast_head_json":{"title":"DJI Matrice 30 Combo Worry-Free Plus - Ghostysky","description":"O DJI Matrice 30 \u00e9 um drone empresarial de alto desempenho equipado com carga \u00fatil vers\u00e1til, constru\u00e7\u00e3o robusta e recursos de seguran\u00e7a avan\u00e7ados. Ele foi projetado para uma ampla gama de aplica\u00e7\u00f5es, incluindo inspe\u00e7\u00e3o, seguran\u00e7a p\u00fablica e resposta a desastres. Sua combina\u00e7\u00e3o de sensores de alta resolu\u00e7\u00e3o, preven\u00e7\u00e3o de obst\u00e1culos e sistemas redundantes garante coleta confi\u00e1vel e segura de dados a\u00e9reos em ambientes desafiadores.","robots":{"index":"index","follow":"follow","max-snippet":"max-snippet:-1","max-image-preview":"max-image-preview:large","max-video-preview":"max-video-preview:-1"},"canonical":"https:\/\/www.ghostysky.com\/pt\/produto-2\/dji-matrice-30-worry-free-plus-combo\/","og_locale":"pt_PT","og_type":"article","og_title":"DJI Matrice 30 Worry-Free Plus Combo - Ghostysky","og_description":"The DJI Matrice 30 is a high-performance enterprise drone equipped with a versatile payload, robust construction, and advanced safety features. It's designed for a wide range of applications, including inspection, public safety, and disaster response. Its combination of high-resolution sensors, obstacle avoidance, and redundant systems ensures reliable and safe aerial data collection in challenging environments.","og_url":"https:\/\/www.ghostysky.com\/pt\/produto-2\/dji-matrice-30-worry-free-plus-combo\/","og_site_name":"Ghostysky","article_publisher":"https:\/\/www.facebook.com\/people\/Ghostysky\/100057676170234\/","article_modified_time":"2024-05-25T09:23:48+00:00","og_image":[{"width":2560,"height":2560,"url":"https:\/\/www.ghostysky.com\/wp-content\/uploads\/2023\/12\/DJI_Matrice_30_1.jpg","type":"image\/jpeg"}],"twitter_card":"summary_large_image","twitter_site":"@Gh0stysky","twitter_misc":{"Tempo estimado de leitura":"3 minutos"},"schema":{"@context":"https:\/\/schema.org","@graph":[{"@type":"WebPage","@id":"https:\/\/www.ghostysky.com\/product\/dji-matrice-30-worry-free-plus-combo\/","url":"https:\/\/www.ghostysky.com\/product\/dji-matrice-30-worry-free-plus-combo\/","name":"DJI Matrice 30 Combo Worry-Free Plus - Ghostysky","isPartOf":{"@id":"https:\/\/www.ghostysky.com\/#website"},"primaryImageOfPage":{"@id":"https:\/\/www.ghostysky.com\/product\/dji-matrice-30-worry-free-plus-combo\/#primaryimage"},"image":{"@id":"https:\/\/www.ghostysky.com\/product\/dji-matrice-30-worry-free-plus-combo\/#primaryimage"},"thumbnailUrl":"https:\/\/www.ghostysky.com\/wp-content\/uploads\/2023\/12\/DJI_Matrice_30_1.jpg","datePublished":"2023-12-28T11:29:25+00:00","dateModified":"2024-05-25T09:23:48+00:00","description":"O DJI Matrice 30 \u00e9 um drone empresarial de alto desempenho equipado com carga \u00fatil vers\u00e1til, constru\u00e7\u00e3o robusta e recursos de seguran\u00e7a avan\u00e7ados. Ele foi projetado para uma ampla gama de aplica\u00e7\u00f5es, incluindo inspe\u00e7\u00e3o, seguran\u00e7a p\u00fablica e resposta a desastres. Sua combina\u00e7\u00e3o de sensores de alta resolu\u00e7\u00e3o, preven\u00e7\u00e3o de obst\u00e1culos e sistemas redundantes garante coleta confi\u00e1vel e segura de dados a\u00e9reos em ambientes desafiadores.","breadcrumb":{"@id":"https:\/\/www.ghostysky.com\/product\/dji-matrice-30-worry-free-plus-combo\/#breadcrumb"},"inLanguage":"pt-PT","potentialAction":[{"@type":"ReadAction","target":["https:\/\/www.ghostysky.com\/product\/dji-matrice-30-worry-free-plus-combo\/"]}]},{"@type":"ImageObject","inLanguage":"pt-PT","@id":"https:\/\/www.ghostysky.com\/product\/dji-matrice-30-worry-free-plus-combo\/#primaryimage","url":"https:\/\/www.ghostysky.com\/wp-content\/uploads\/2023\/12\/DJI_Matrice_30_1.jpg","contentUrl":"https:\/\/www.ghostysky.com\/wp-content\/uploads\/2023\/12\/DJI_Matrice_30_1.jpg","width":2560,"height":2560},{"@type":"BreadcrumbList","@id":"https:\/\/www.ghostysky.com\/product\/dji-matrice-30-worry-free-plus-combo\/#breadcrumb","itemListElement":[{"@type":"ListItem","position":1,"name":"Home","item":"https:\/\/www.ghostysky.com\/"},{"@type":"ListItem","position":2,"name":"Shop","item":"https:\/\/www.ghostysky.com\/shop\/"},{"@type":"ListItem","position":3,"name":"DJI Matrice 30 Worry-Free Plus Combo"}]},{"@type":"WebSite","@id":"https:\/\/www.ghostysky.com\/#website","url":"https:\/\/www.ghostysky.com\/","name":"Ghostysky","description":"Fornecendo drones e servi\u00e7os profissionais","publisher":{"@id":"https:\/\/www.ghostysky.com\/#organization"},"potentialAction":[{"@type":"SearchAction","target":{"@type":"EntryPoint","urlTemplate":"https:\/\/www.ghostysky.com\/?s={search_term_string}"},"query-input":{"@type":"PropertyValueSpecification","valueRequired":true,"valueName":"search_term_string"}}],"inLanguage":"pt-PT"},{"@type":"Organization","@id":"https:\/\/www.ghostysky.com\/#organization","name":"Ghostysky","url":"https:\/\/www.ghostysky.com\/","logo":{"@type":"ImageObject","inLanguage":"pt-PT","@id":"https:\/\/www.ghostysky.com\/#\/schema\/logo\/image\/","url":"https:\/\/www.ghostysky.com\/wp-content\/uploads\/2020\/06\/cropped-ghostyskylogo_text_white2.png","contentUrl":"https:\/\/www.ghostysky.com\/wp-content\/uploads\/2020\/06\/cropped-ghostyskylogo_text_white2.png","width":169,"height":56,"caption":"Ghostysky"},"image":{"@id":"https:\/\/www.ghostysky.com\/#\/schema\/logo\/image\/"},"sameAs":["https:\/\/www.facebook.com\/people\/Ghostysky\/100057676170234\/","https:\/\/x.com\/Gh0stysky","https:\/\/www.linkedin.com\/company\/34739653","https:\/\/www.instagram.com\/gh0stysky"]}]}},"_links":{"self":[{"href":"https:\/\/www.ghostysky.com\/pt\/wp-json\/wp\/v2\/product\/15316","targetHints":{"allow":["GET"]}}],"collection":[{"href":"https:\/\/www.ghostysky.com\/pt\/wp-json\/wp\/v2\/product"}],"about":[{"href":"https:\/\/www.ghostysky.com\/pt\/wp-json\/wp\/v2\/types\/product"}],"replies":[{"embeddable":true,"href":"https:\/\/www.ghostysky.com\/pt\/wp-json\/wp\/v2\/comments?post=15316"}],"wp:featuredmedia":[{"embeddable":true,"href":"https:\/\/www.ghostysky.com\/pt\/wp-json\/wp\/v2\/media\/15324"}],"wp:attachment":[{"href":"https:\/\/www.ghostysky.com\/pt\/wp-json\/wp\/v2\/media?parent=15316"}],"wp:term":[{"taxonomy":"product_brand","embeddable":true,"href":"https:\/\/www.ghostysky.com\/pt\/wp-json\/wp\/v2\/product_brand?post=15316"},{"taxonomy":"product_cat","embeddable":true,"href":"https:\/\/www.ghostysky.com\/pt\/wp-json\/wp\/v2\/product_cat?post=15316"},{"taxonomy":"product_tag","embeddable":true,"href":"https:\/\/www.ghostysky.com\/pt\/wp-json\/wp\/v2\/product_tag?post=15316"}],"curies":[{"name":"wp","href":"https:\/\/api.w.org\/{rel}","templated":true}]}}