{"id":15331,"date":"2023-12-28T17:04:15","date_gmt":"2023-12-28T17:04:15","guid":{"rendered":"https:\/\/www.ghostysky.com\/?post_type=product&#038;p=15331"},"modified":"2024-05-25T09:24:28","modified_gmt":"2024-05-25T09:24:28","slug":"dji-matrice-30t-worry-free-basic-combo","status":"publish","type":"product","link":"https:\/\/www.ghostysky.com\/pt\/product\/dji-matrice-30t-worry-free-basic-combo\/","title":{"rendered":"DJI Matrice 30T Worry-Free Basic Combo"},"content":{"rendered":"<p data-sourcepos=\"1:1-1:74\"><strong>DJI Matrice 30T: uma ferramenta abrangente para aplica\u00e7\u00f5es de imagem t\u00e9rmica<\/strong><\/p>\n<p data-sourcepos=\"3:1-3:321\">O DJI Matrice 30T \u00e9 um drone de alto desempenho projetado especificamente para aplica\u00e7\u00f5es exigentes que exigem recursos de imagem t\u00e9rmica. Ele combina uma poderosa c\u00e2mera de imagem t\u00e9rmica, uma c\u00e2mera com zoom de alta resolu\u00e7\u00e3o de 48 MP e um tel\u00eametro a laser para fornecer coleta de dados a\u00e9reos excepcionais em ambientes desafiadores.<\/p>\n<p data-sourcepos=\"5:1-5:37\"><strong>C\u00e2mera de imagem t\u00e9rmica impressionante<\/strong><\/p>\n<p data-sourcepos=\"7:1-7:362\">O cora\u00e7\u00e3o do Matrice 30T est\u00e1 em sua avan\u00e7ada c\u00e2mera de imagem t\u00e9rmica. Com resolu\u00e7\u00e3o de 640\u00d7512 e alcance de detec\u00e7\u00e3o de 14 metros, esta c\u00e2mera \u00e9 excelente na detec\u00e7\u00e3o de assinaturas de calor mesmo em condi\u00e7\u00f5es de pouca luz, fuma\u00e7a ou neblina. Isto o torna uma ferramenta inestim\u00e1vel para opera\u00e7\u00f5es de busca e salvamento, onde pode localizar rapidamente sobreviventes em \u00e1reas de dif\u00edcil acesso.<\/p>\n<p data-sourcepos=\"9:1-9:52\"><strong>C\u00e2mera com zoom de alta resolu\u00e7\u00e3o para detalhes aprimorados<\/strong><\/p>\n<p data-sourcepos=\"11:1-11:383\">Embora a imagem t\u00e9rmica seja crucial para identificar fontes de calor, a c\u00e2mera com zoom de alta resolu\u00e7\u00e3o de 48 MP do Matrice 30T \u00e9 essencial para capturar imagens detalhadas \u00e0 dist\u00e2ncia. Com zoom \u00f3ptico de 20x e zoom digital de 200x, a c\u00e2mera pode fornecer imagens e v\u00eddeos n\u00edtidos de longe, tornando-a ideal para inspecionar infraestrutura, monitorar canteiros de obras e documentar eventos.<\/p>\n<p data-sourcepos=\"13:1-13:55\"><strong>Tel\u00eametro a laser preciso para medi\u00e7\u00f5es precisas<\/strong><\/p>\n<p data-sourcepos=\"15:1-15:260\">O tel\u00eametro a laser do drone amplia suas capacidades, fornecendo medi\u00e7\u00f5es precisas de dist\u00e2ncias de at\u00e9 1.200 metros. Isso permite que o Matrice 30T mapeie o terreno com precis\u00e3o, avalie a condi\u00e7\u00e3o das estruturas e colete dados valiosos para diversas aplica\u00e7\u00f5es.<\/p>\n<p data-sourcepos=\"17:1-17:60\"><strong>Constru\u00e7\u00e3o robusta e confi\u00e1vel para maior durabilidade<\/strong><\/p>\n<p data-sourcepos=\"19:1-19:308\">O Matrice 30T foi constru\u00eddo para suportar os rigores de miss\u00f5es exigentes. Possui prote\u00e7\u00e3o IP55 contra poeira e \u00e1gua, garantindo que possa operar em ambientes agressivos sem comprometer o desempenho. Sua faixa de temperatura operacional de -20\u00b0C a 50\u00b0C permite que ele funcione de forma eficaz em diversos climas.<\/p>\n<p data-sourcepos=\"21:1-21:54\"><strong>Recursos avan\u00e7ados de seguran\u00e7a para prote\u00e7\u00e3o inabal\u00e1vel<\/strong><\/p>\n<p data-sourcepos=\"23:1-23:189\">A seguran\u00e7a \u00e9 fundamental ao operar um drone a\u00e9reo. O Matrice 30T est\u00e1 equipado com um conjunto abrangente de recursos de seguran\u00e7a para garantir que sua opera\u00e7\u00e3o seja segura e previs\u00edvel. Esses incluem:<\/p>\n<ul data-sourcepos=\"25:1-30:0\">\n<li data-sourcepos=\"25:1-26:0\">\n<p data-sourcepos=\"25:3-25:138\"><strong>Evita\u00e7\u00e3o de obst\u00e1culos multissensor:<\/strong> V\u00e1rios sensores detectam e evitam obst\u00e1culos, evitando colis\u00f5es e garantindo uma trajet\u00f3ria de voo segura.<\/p>\n<\/li>\n<li data-sourcepos=\"27:1-28:0\">\n<p data-sourcepos=\"27:3-27:187\"><strong>Sistemas de detec\u00e7\u00e3o redundantes:<\/strong> V\u00e1rios sensores redundantes protegem fun\u00e7\u00f5es essenciais como comunica\u00e7\u00e3o, navega\u00e7\u00e3o e controle de altitude, minimizando o risco de interrup\u00e7\u00f5es na miss\u00e3o.<\/p>\n<\/li>\n<li data-sourcepos=\"29:1-30:0\">\n<p data-sourcepos=\"29:3-29:128\"><strong>Receptor ADS-B:<\/strong> Recebe sinais de aeronaves pr\u00f3ximas, proporcionando seguran\u00e7a extra para opera\u00e7\u00f5es coordenadas em espa\u00e7o a\u00e9reo movimentado.<\/p>\n<\/li>\n<\/ul>\n<p data-sourcepos=\"31:1-31:58\"><strong>Opera\u00e7\u00e3o f\u00e1cil de usar para execu\u00e7\u00e3o perfeita da miss\u00e3o<\/strong><\/p>\n<p data-sourcepos=\"33:1-33:393\">Apesar de seus recursos avan\u00e7ados, o Matrice 30T foi projetado para ser f\u00e1cil de usar. O controle remoto intuitivo DJI RC Plus apresenta uma tela grande de alto contraste e controles simplificados, facilitando a opera\u00e7\u00e3o mesmo em condi\u00e7\u00f5es desafiadoras. O drone tamb\u00e9m vem com um conjunto de ferramentas de software que podem ser usadas para planejar e gerenciar miss\u00f5es, bem como para analisar dados coletados durante os voos.<\/p>\n<p data-sourcepos=\"35:1-35:58\"><strong>Diversas aplica\u00e7\u00f5es que se beneficiam da imagem t\u00e9rmica<\/strong><\/p>\n<p data-sourcepos=\"37:1-37:105\">Os recursos de imagem t\u00e9rmica do Matrice 30T o tornam uma ferramenta vers\u00e1til para uma ampla gama de aplica\u00e7\u00f5es:<\/p>\n<ul data-sourcepos=\"39:1-46:0\">\n<li data-sourcepos=\"39:1-40:0\">\n<p data-sourcepos=\"39:3-39:88\"><strong>Busca e resgate:<\/strong> Localize sobreviventes em zonas de desastre ou ambientes desafiadores.<\/p>\n<\/li>\n<li data-sourcepos=\"41:1-42:0\">\n<p data-sourcepos=\"41:3-41:88\"><strong>Inspe\u00e7\u00e3o da linha de energia:<\/strong> Identifique perigos potenciais e garanta a integridade da rede el\u00e9trica.<\/p>\n<\/li>\n<li data-sourcepos=\"43:1-44:0\">\n<p data-sourcepos=\"43:3-43:82\"><strong>Inspe\u00e7\u00e3o Industrial:<\/strong> Monitore as m\u00e1quinas quanto a superaquecimento ou outras anomalias.<\/p>\n<\/li>\n<li data-sourcepos=\"45:1-46:0\">\n<p data-sourcepos=\"45:3-45:82\"><strong>Monitoramento de Constru\u00e7\u00e3o:<\/strong> Avalie o progresso, detecte defeitos e garanta a seguran\u00e7a.<\/p>\n<\/li>\n<\/ul>\n<p data-sourcepos=\"47:1-47:63\"><strong>Conclus\u00e3o: uma ferramenta vers\u00e1til para excel\u00eancia em imagens t\u00e9rmicas<\/strong><\/p>\n<p data-sourcepos=\"49:1-49:504\">O DJI Matrice 30T \u00e9 um drone poderoso e vers\u00e1til que redefine as possibilidades da imagem t\u00e9rmica para aplica\u00e7\u00f5es exigentes. Sua combina\u00e7\u00e3o de sensores de alta resolu\u00e7\u00e3o, constru\u00e7\u00e3o robusta, recursos avan\u00e7ados de seguran\u00e7a e opera\u00e7\u00e3o f\u00e1cil de usar o torna um ativo inestim\u00e1vel para organiza\u00e7\u00f5es que buscam aumentar a seguran\u00e7a, a efici\u00eancia e a produtividade em v\u00e1rios setores. Com o Matrice 30T, voc\u00ea pode enfrentar tarefas desafiadoras com confian\u00e7a, sabendo que possui a ferramenta certa para o trabalho.<\/p>\n<p data-sourcepos=\"43:1-43:511\"><a href=\"https:\/\/www.ghostysky.com\/wp-content\/uploads\/2023\/12\/DJI_M30_In_the_box.png\"><img fetchpriority=\"high\" decoding=\"async\" class=\"alignnone wp-image-15317 size-full lazyload\" src=\"data:image\/gif;base64,R0lGODlhAQABAAAAACH5BAEKAAEALAAAAAABAAEAAAICTAEAOw==\" alt=\"\" width=\"1520\" height=\"737\" data-src=\"https:\/\/www.ghostysky.com\/wp-content\/uploads\/2023\/12\/DJI_M30_In_the_box.png\"><\/a><\/p>\n<p data-sourcepos=\"43:1-43:511\"><strong>Comparar vers\u00f5es<\/strong><\/p>\n<p data-sourcepos=\"43:1-43:511\"><a href=\"https:\/\/www.ghostysky.com\/wp-content\/uploads\/2023\/12\/Matrice30_30T_1.jpg\"><img decoding=\"async\" class=\"alignnone size-full wp-image-15329 lazyload\" src=\"data:image\/gif;base64,R0lGODlhAQABAAAAACH5BAEKAAEALAAAAAABAAEAAAICTAEAOw==\" alt=\"\" width=\"1420\" height=\"1060\" data-src=\"https:\/\/www.ghostysky.com\/wp-content\/uploads\/2023\/12\/Matrice30_30T_1.jpg\"><\/a><\/p>","protected":false},"excerpt":{"rendered":"<p>O DJI Matrice 30T \u00e9 a variante de imagem t\u00e9rmica da s\u00e9rie DJI Matrice 30. Ele foi projetado para aplica\u00e7\u00f5es exigentes, como busca e salvamento, seguran\u00e7a p\u00fablica e inspe\u00e7\u00e3o de infraestrutura cr\u00edtica. Ele possui uma poderosa c\u00e2mera com zoom, uma c\u00e2mera t\u00e9rmica de alta resolu\u00e7\u00e3o e um tel\u00eametro a laser, proporcionando captura abrangente de dados a\u00e9reos mesmo nos ambientes mais desafiadores.<\/p>\n<p><strong>At\u00e9 duas substitui\u00e7\u00f5es pagas podem ser oferecidas dentro de um ano ap\u00f3s a ativa\u00e7\u00e3o do produto. Al\u00e9m disso, tamb\u00e9m vem com 1 servi\u00e7o de manuten\u00e7\u00e3o padr\u00e3o.<\/strong><\/p>","protected":false},"featured_media":15334,"comment_status":"open","ping_status":"closed","template":"","meta":[],"product_brand":[],"product_cat":[37,614,29,616],"product_tag":[38,620,619],"class_list":{"0":"post-15331","1":"product","2":"type-product","3":"status-publish","4":"has-post-thumbnail","6":"product_cat-dji","7":"product_cat-dji-matrice-30","8":"product_cat-drones","9":"product_cat-dji-matrice-30-drones","10":"product_tag-drone","11":"product_tag-matrice-30t","12":"product_tag-worry-free-basic-combo","14":"first","15":"onbackorder","16":"taxable","17":"shipping-taxable","18":"purchasable","19":"product-type-simple"},"yoast_head":"<!-- This site is optimized with the Yoast SEO plugin v27.4 - https:\/\/yoast.com\/product\/yoast-seo-wordpress\/ -->\n<title>DJI Matrice 30T Worry-Free Basic Combo - Ghostysky<\/title>\n<meta name=\"description\" content=\"The DJI Matrice 30T is the thermal imaging variant of the DJI Matrice 30 series. It is designed for demanding applications such as search and rescue, public safety, and critical infrastructure inspection. It features a powerful zoom camera, a high-resolution thermal camera, and a laser rangefinder, providing comprehensive aerial data capture in even the most challenging environments.\" \/>\n<meta name=\"robots\" content=\"index, follow, max-snippet:-1, max-image-preview:large, max-video-preview:-1\" \/>\n<link rel=\"canonical\" href=\"https:\/\/www.ghostysky.com\/pt\/produto-2\/dji-matrice-30t-worry-free-basic-combo\/\" \/>\n<meta property=\"og:locale\" content=\"pt_PT\" \/>\n<meta property=\"og:type\" content=\"article\" \/>\n<meta property=\"og:title\" content=\"DJI Matrice 30T Worry-Free Basic Combo - Ghostysky\" \/>\n<meta property=\"og:description\" content=\"The DJI Matrice 30T is the thermal imaging variant of the DJI Matrice 30 series. It is designed for demanding applications such as search and rescue, public safety, and critical infrastructure inspection. It features a powerful zoom camera, a high-resolution thermal camera, and a laser rangefinder, providing comprehensive aerial data capture in even the most challenging environments.\" \/>\n<meta property=\"og:url\" content=\"https:\/\/www.ghostysky.com\/pt\/produto-2\/dji-matrice-30t-worry-free-basic-combo\/\" \/>\n<meta property=\"og:site_name\" content=\"Ghostysky\" \/>\n<meta property=\"article:publisher\" content=\"https:\/\/www.facebook.com\/people\/Ghostysky\/100057676170234\/\" \/>\n<meta property=\"article:modified_time\" content=\"2024-05-25T09:24:28+00:00\" \/>\n<meta property=\"og:image\" content=\"https:\/\/www.ghostysky.com\/wp-content\/uploads\/2023\/12\/DJI_Matrice_30T_1.jpg\" \/>\n\t<meta property=\"og:image:width\" content=\"2560\" \/>\n\t<meta property=\"og:image:height\" content=\"2560\" \/>\n\t<meta property=\"og:image:type\" content=\"image\/jpeg\" \/>\n<meta name=\"twitter:card\" content=\"summary_large_image\" \/>\n<meta name=\"twitter:site\" content=\"@Gh0stysky\" \/>\n<meta name=\"twitter:label1\" content=\"Tempo estimado de leitura\" \/>\n\t<meta name=\"twitter:data1\" content=\"3 minutos\" \/>\n<script type=\"application\/ld+json\" class=\"yoast-schema-graph\">{\"@context\":\"https:\\\/\\\/schema.org\",\"@graph\":[{\"@type\":\"WebPage\",\"@id\":\"https:\\\/\\\/www.ghostysky.com\\\/product\\\/dji-matrice-30t-worry-free-basic-combo\\\/\",\"url\":\"https:\\\/\\\/www.ghostysky.com\\\/product\\\/dji-matrice-30t-worry-free-basic-combo\\\/\",\"name\":\"DJI Matrice 30T Worry-Free Basic Combo - Ghostysky\",\"isPartOf\":{\"@id\":\"https:\\\/\\\/www.ghostysky.com\\\/#website\"},\"primaryImageOfPage\":{\"@id\":\"https:\\\/\\\/www.ghostysky.com\\\/product\\\/dji-matrice-30t-worry-free-basic-combo\\\/#primaryimage\"},\"image\":{\"@id\":\"https:\\\/\\\/www.ghostysky.com\\\/product\\\/dji-matrice-30t-worry-free-basic-combo\\\/#primaryimage\"},\"thumbnailUrl\":\"https:\\\/\\\/www.ghostysky.com\\\/wp-content\\\/uploads\\\/2023\\\/12\\\/DJI_Matrice_30T_1.jpg\",\"datePublished\":\"2023-12-28T17:04:15+00:00\",\"dateModified\":\"2024-05-25T09:24:28+00:00\",\"description\":\"The DJI Matrice 30T is the thermal imaging variant of the DJI Matrice 30 series. It is designed for demanding applications such as search and rescue, public safety, and critical infrastructure inspection. It features a powerful zoom camera, a high-resolution thermal camera, and a laser rangefinder, providing comprehensive aerial data capture in even the most challenging environments.\",\"breadcrumb\":{\"@id\":\"https:\\\/\\\/www.ghostysky.com\\\/product\\\/dji-matrice-30t-worry-free-basic-combo\\\/#breadcrumb\"},\"inLanguage\":\"pt-PT\",\"potentialAction\":[{\"@type\":\"ReadAction\",\"target\":[\"https:\\\/\\\/www.ghostysky.com\\\/product\\\/dji-matrice-30t-worry-free-basic-combo\\\/\"]}]},{\"@type\":\"ImageObject\",\"inLanguage\":\"pt-PT\",\"@id\":\"https:\\\/\\\/www.ghostysky.com\\\/product\\\/dji-matrice-30t-worry-free-basic-combo\\\/#primaryimage\",\"url\":\"https:\\\/\\\/www.ghostysky.com\\\/wp-content\\\/uploads\\\/2023\\\/12\\\/DJI_Matrice_30T_1.jpg\",\"contentUrl\":\"https:\\\/\\\/www.ghostysky.com\\\/wp-content\\\/uploads\\\/2023\\\/12\\\/DJI_Matrice_30T_1.jpg\",\"width\":2560,\"height\":2560},{\"@type\":\"BreadcrumbList\",\"@id\":\"https:\\\/\\\/www.ghostysky.com\\\/product\\\/dji-matrice-30t-worry-free-basic-combo\\\/#breadcrumb\",\"itemListElement\":[{\"@type\":\"ListItem\",\"position\":1,\"name\":\"Home\",\"item\":\"https:\\\/\\\/www.ghostysky.com\\\/\"},{\"@type\":\"ListItem\",\"position\":2,\"name\":\"Shop\",\"item\":\"https:\\\/\\\/www.ghostysky.com\\\/shop\\\/\"},{\"@type\":\"ListItem\",\"position\":3,\"name\":\"DJI Matrice 30T Worry-Free Basic Combo\"}]},{\"@type\":\"WebSite\",\"@id\":\"https:\\\/\\\/www.ghostysky.com\\\/#website\",\"url\":\"https:\\\/\\\/www.ghostysky.com\\\/\",\"name\":\"Ghostysky\",\"description\":\"Delivering professional drones and services\",\"publisher\":{\"@id\":\"https:\\\/\\\/www.ghostysky.com\\\/#organization\"},\"potentialAction\":[{\"@type\":\"SearchAction\",\"target\":{\"@type\":\"EntryPoint\",\"urlTemplate\":\"https:\\\/\\\/www.ghostysky.com\\\/?s={search_term_string}\"},\"query-input\":{\"@type\":\"PropertyValueSpecification\",\"valueRequired\":true,\"valueName\":\"search_term_string\"}}],\"inLanguage\":\"pt-PT\"},{\"@type\":\"Organization\",\"@id\":\"https:\\\/\\\/www.ghostysky.com\\\/#organization\",\"name\":\"Ghostysky\",\"url\":\"https:\\\/\\\/www.ghostysky.com\\\/\",\"logo\":{\"@type\":\"ImageObject\",\"inLanguage\":\"pt-PT\",\"@id\":\"https:\\\/\\\/www.ghostysky.com\\\/#\\\/schema\\\/logo\\\/image\\\/\",\"url\":\"https:\\\/\\\/www.ghostysky.com\\\/wp-content\\\/uploads\\\/2020\\\/06\\\/cropped-ghostyskylogo_text_white2.png\",\"contentUrl\":\"https:\\\/\\\/www.ghostysky.com\\\/wp-content\\\/uploads\\\/2020\\\/06\\\/cropped-ghostyskylogo_text_white2.png\",\"width\":169,\"height\":56,\"caption\":\"Ghostysky\"},\"image\":{\"@id\":\"https:\\\/\\\/www.ghostysky.com\\\/#\\\/schema\\\/logo\\\/image\\\/\"},\"sameAs\":[\"https:\\\/\\\/www.facebook.com\\\/people\\\/Ghostysky\\\/100057676170234\\\/\",\"https:\\\/\\\/x.com\\\/Gh0stysky\",\"https:\\\/\\\/www.linkedin.com\\\/company\\\/34739653\",\"https:\\\/\\\/www.instagram.com\\\/gh0stysky\"]}]}<\/script>\n<!-- \/ Yoast SEO plugin. -->","yoast_head_json":{"title":"Combo b\u00e1sico sem preocupa\u00e7\u00f5es DJI Matrice 30T - Ghostysky","description":"O DJI Matrice 30T \u00e9 a variante de imagem t\u00e9rmica da s\u00e9rie DJI Matrice 30. Ele foi projetado para aplica\u00e7\u00f5es exigentes, como busca e salvamento, seguran\u00e7a p\u00fablica e inspe\u00e7\u00e3o de infraestrutura cr\u00edtica. Ele possui uma poderosa c\u00e2mera com zoom, uma c\u00e2mera t\u00e9rmica de alta resolu\u00e7\u00e3o e um tel\u00eametro a laser, proporcionando captura abrangente de dados a\u00e9reos mesmo nos ambientes mais desafiadores.","robots":{"index":"index","follow":"follow","max-snippet":"max-snippet:-1","max-image-preview":"max-image-preview:large","max-video-preview":"max-video-preview:-1"},"canonical":"https:\/\/www.ghostysky.com\/pt\/produto-2\/dji-matrice-30t-worry-free-basic-combo\/","og_locale":"pt_PT","og_type":"article","og_title":"DJI Matrice 30T Worry-Free Basic Combo - Ghostysky","og_description":"The DJI Matrice 30T is the thermal imaging variant of the DJI Matrice 30 series. It is designed for demanding applications such as search and rescue, public safety, and critical infrastructure inspection. It features a powerful zoom camera, a high-resolution thermal camera, and a laser rangefinder, providing comprehensive aerial data capture in even the most challenging environments.","og_url":"https:\/\/www.ghostysky.com\/pt\/produto-2\/dji-matrice-30t-worry-free-basic-combo\/","og_site_name":"Ghostysky","article_publisher":"https:\/\/www.facebook.com\/people\/Ghostysky\/100057676170234\/","article_modified_time":"2024-05-25T09:24:28+00:00","og_image":[{"width":2560,"height":2560,"url":"https:\/\/www.ghostysky.com\/wp-content\/uploads\/2023\/12\/DJI_Matrice_30T_1.jpg","type":"image\/jpeg"}],"twitter_card":"summary_large_image","twitter_site":"@Gh0stysky","twitter_misc":{"Tempo estimado de leitura":"3 minutos"},"schema":{"@context":"https:\/\/schema.org","@graph":[{"@type":"WebPage","@id":"https:\/\/www.ghostysky.com\/product\/dji-matrice-30t-worry-free-basic-combo\/","url":"https:\/\/www.ghostysky.com\/product\/dji-matrice-30t-worry-free-basic-combo\/","name":"Combo b\u00e1sico sem preocupa\u00e7\u00f5es DJI Matrice 30T - Ghostysky","isPartOf":{"@id":"https:\/\/www.ghostysky.com\/#website"},"primaryImageOfPage":{"@id":"https:\/\/www.ghostysky.com\/product\/dji-matrice-30t-worry-free-basic-combo\/#primaryimage"},"image":{"@id":"https:\/\/www.ghostysky.com\/product\/dji-matrice-30t-worry-free-basic-combo\/#primaryimage"},"thumbnailUrl":"https:\/\/www.ghostysky.com\/wp-content\/uploads\/2023\/12\/DJI_Matrice_30T_1.jpg","datePublished":"2023-12-28T17:04:15+00:00","dateModified":"2024-05-25T09:24:28+00:00","description":"O DJI Matrice 30T \u00e9 a variante de imagem t\u00e9rmica da s\u00e9rie DJI Matrice 30. Ele foi projetado para aplica\u00e7\u00f5es exigentes, como busca e salvamento, seguran\u00e7a p\u00fablica e inspe\u00e7\u00e3o de infraestrutura cr\u00edtica. Ele possui uma poderosa c\u00e2mera com zoom, uma c\u00e2mera t\u00e9rmica de alta resolu\u00e7\u00e3o e um tel\u00eametro a laser, proporcionando captura abrangente de dados a\u00e9reos mesmo nos ambientes mais desafiadores.","breadcrumb":{"@id":"https:\/\/www.ghostysky.com\/product\/dji-matrice-30t-worry-free-basic-combo\/#breadcrumb"},"inLanguage":"pt-PT","potentialAction":[{"@type":"ReadAction","target":["https:\/\/www.ghostysky.com\/product\/dji-matrice-30t-worry-free-basic-combo\/"]}]},{"@type":"ImageObject","inLanguage":"pt-PT","@id":"https:\/\/www.ghostysky.com\/product\/dji-matrice-30t-worry-free-basic-combo\/#primaryimage","url":"https:\/\/www.ghostysky.com\/wp-content\/uploads\/2023\/12\/DJI_Matrice_30T_1.jpg","contentUrl":"https:\/\/www.ghostysky.com\/wp-content\/uploads\/2023\/12\/DJI_Matrice_30T_1.jpg","width":2560,"height":2560},{"@type":"BreadcrumbList","@id":"https:\/\/www.ghostysky.com\/product\/dji-matrice-30t-worry-free-basic-combo\/#breadcrumb","itemListElement":[{"@type":"ListItem","position":1,"name":"Home","item":"https:\/\/www.ghostysky.com\/"},{"@type":"ListItem","position":2,"name":"Shop","item":"https:\/\/www.ghostysky.com\/shop\/"},{"@type":"ListItem","position":3,"name":"DJI Matrice 30T Worry-Free Basic Combo"}]},{"@type":"WebSite","@id":"https:\/\/www.ghostysky.com\/#website","url":"https:\/\/www.ghostysky.com\/","name":"Ghostysky","description":"Fornecendo drones e servi\u00e7os profissionais","publisher":{"@id":"https:\/\/www.ghostysky.com\/#organization"},"potentialAction":[{"@type":"SearchAction","target":{"@type":"EntryPoint","urlTemplate":"https:\/\/www.ghostysky.com\/?s={search_term_string}"},"query-input":{"@type":"PropertyValueSpecification","valueRequired":true,"valueName":"search_term_string"}}],"inLanguage":"pt-PT"},{"@type":"Organization","@id":"https:\/\/www.ghostysky.com\/#organization","name":"Ghostysky","url":"https:\/\/www.ghostysky.com\/","logo":{"@type":"ImageObject","inLanguage":"pt-PT","@id":"https:\/\/www.ghostysky.com\/#\/schema\/logo\/image\/","url":"https:\/\/www.ghostysky.com\/wp-content\/uploads\/2020\/06\/cropped-ghostyskylogo_text_white2.png","contentUrl":"https:\/\/www.ghostysky.com\/wp-content\/uploads\/2020\/06\/cropped-ghostyskylogo_text_white2.png","width":169,"height":56,"caption":"Ghostysky"},"image":{"@id":"https:\/\/www.ghostysky.com\/#\/schema\/logo\/image\/"},"sameAs":["https:\/\/www.facebook.com\/people\/Ghostysky\/100057676170234\/","https:\/\/x.com\/Gh0stysky","https:\/\/www.linkedin.com\/company\/34739653","https:\/\/www.instagram.com\/gh0stysky"]}]}},"_links":{"self":[{"href":"https:\/\/www.ghostysky.com\/pt\/wp-json\/wp\/v2\/product\/15331","targetHints":{"allow":["GET"]}}],"collection":[{"href":"https:\/\/www.ghostysky.com\/pt\/wp-json\/wp\/v2\/product"}],"about":[{"href":"https:\/\/www.ghostysky.com\/pt\/wp-json\/wp\/v2\/types\/product"}],"replies":[{"embeddable":true,"href":"https:\/\/www.ghostysky.com\/pt\/wp-json\/wp\/v2\/comments?post=15331"}],"version-history":[{"count":0,"href":"https:\/\/www.ghostysky.com\/pt\/wp-json\/wp\/v2\/product\/15331\/revisions"}],"wp:featuredmedia":[{"embeddable":true,"href":"https:\/\/www.ghostysky.com\/pt\/wp-json\/wp\/v2\/media\/15334"}],"wp:attachment":[{"href":"https:\/\/www.ghostysky.com\/pt\/wp-json\/wp\/v2\/media?parent=15331"}],"wp:term":[{"taxonomy":"product_brand","embeddable":true,"href":"https:\/\/www.ghostysky.com\/pt\/wp-json\/wp\/v2\/product_brand?post=15331"},{"taxonomy":"product_cat","embeddable":true,"href":"https:\/\/www.ghostysky.com\/pt\/wp-json\/wp\/v2\/product_cat?post=15331"},{"taxonomy":"product_tag","embeddable":true,"href":"https:\/\/www.ghostysky.com\/pt\/wp-json\/wp\/v2\/product_tag?post=15331"}],"curies":[{"name":"wp","href":"https:\/\/api.w.org\/{rel}","templated":true}]}}