{"id":15405,"date":"2023-12-28T19:15:52","date_gmt":"2023-12-28T19:15:52","guid":{"rendered":"https:\/\/www.ghostysky.com\/?post_type=product&#038;p=15405"},"modified":"2024-05-25T09:53:04","modified_gmt":"2024-05-25T09:53:04","slug":"matrice-350-series-dual-gimbal-connector","status":"publish","type":"product","link":"https:\/\/www.ghostysky.com\/pt\/product\/matrice-350-series-dual-gimbal-connector\/","title":{"rendered":"Conector duplo de cardan Matrice s\u00e9rie 350"},"content":{"rendered":"<div class=\"temp-specs-tr\">\n<div class=\"temp-specs-td name\"><strong>Vis\u00e3o geral<\/strong><\/div>\n<div class=\"temp-specs-td value\">\n<p>Usado para montar suas cargas na parte inferior do Matrice 300 RTK, o conjunto de cardan duplo possui grau de impermeabilidade IP44 (somente com cargas \u00e0 prova d&#039;\u00e1gua conforme definido na IEC 60529).<\/p>\n<\/div>\n<\/div>\n<div class=\"temp-specs-tr\">\n<div class=\"temp-specs-td name\"><strong>Notas<\/strong><\/div>\n<div class=\"temp-specs-td value\">\n<p>Para a seguran\u00e7a do drone, \u00e9 recomend\u00e1vel deslig\u00e1-lo e remover a bateria de voo inteligente antes da substitui\u00e7\u00e3o.<\/p>\n<\/div>\n<\/div>\n<div class=\"temp-specs-tr\">\n<div class=\"temp-specs-td name\"><strong>Na caixa<\/strong><\/div>\n<div class=\"temp-specs-td value\">\n<ul>\n<li>Conjunto de cardan duplo \u00d7 1<\/li>\n<li>Esfera absorvedora de reserva \u00d7 8<\/li>\n<li>Kit de ferramentas de reparo<\/li>\n<\/ul>\n<\/div>\n<\/div>\n<div class=\"temp-specs-tr\">\n<div class=\"temp-specs-td name\"><strong>Compatibilidade<\/strong><\/div>\n<div class=\"temp-specs-td value\">\n<ul>\n<li>Matrice 350 RTK<\/li>\n<li>Matriz 300 RTK<\/li>\n<\/ul>\n<\/div>\n<\/div>","protected":false},"excerpt":{"rendered":"<p>O conector de gimbal duplo s\u00e9rie Matrice 350 \u00e9 um acess\u00f3rio que permite aos operadores conectar dois gimbals a um \u00fanico drone. Isso permite o uso de uma variedade maior de cargas \u00fateis, como uma c\u00e2mera de alta resolu\u00e7\u00e3o e uma c\u00e2mera t\u00e9rmica.<\/p>","protected":false},"featured_media":15408,"comment_status":"open","ping_status":"closed","template":"","meta":[],"product_brand":[],"product_cat":[622,37,621,29],"product_tag":[624,634],"class_list":{"0":"post-15405","1":"product","2":"type-product","3":"status-publish","4":"has-post-thumbnail","6":"product_cat-matrice-350-accessories","7":"product_cat-dji","8":"product_cat-dji-matrice-350-rtk","9":"product_cat-drones","10":"product_tag-matrice-350-rtk","11":"product_tag-matrice-350-series-dual-gimbal-connector","13":"first","14":"instock","15":"taxable","16":"shipping-taxable","17":"purchasable","18":"product-type-simple"},"yoast_head":"<!-- This site is optimized with the Yoast SEO plugin v27.1.1 - https:\/\/yoast.com\/product\/yoast-seo-wordpress\/ -->\n<title>Matrice 350 Series Dual Gimbal Connector - Ghostysky<\/title>\n<meta name=\"description\" content=\"The Matrice 350 Series Dual Gimbal Connector is an accessory that allows operators to attach two gimbals to a single drone. This allows for the use of a wider variety of payloads, such as a high-resolution camera and a thermal camera.\" \/>\n<meta name=\"robots\" content=\"index, follow, max-snippet:-1, max-image-preview:large, max-video-preview:-1\" \/>\n<link rel=\"canonical\" href=\"https:\/\/www.ghostysky.com\/pt\/produto-2\/matrice-350-series-dual-gimbal-connector\/\" \/>\n<meta property=\"og:locale\" content=\"pt_PT\" \/>\n<meta property=\"og:type\" content=\"article\" \/>\n<meta property=\"og:title\" content=\"Matrice 350 Series Dual Gimbal Connector - Ghostysky\" \/>\n<meta property=\"og:description\" content=\"The Matrice 350 Series Dual Gimbal Connector is an accessory that allows operators to attach two gimbals to a single drone. This allows for the use of a wider variety of payloads, such as a high-resolution camera and a thermal camera.\" \/>\n<meta property=\"og:url\" content=\"https:\/\/www.ghostysky.com\/pt\/produto-2\/matrice-350-series-dual-gimbal-connector\/\" \/>\n<meta property=\"og:site_name\" content=\"Ghostysky\" \/>\n<meta property=\"article:publisher\" content=\"https:\/\/www.facebook.com\/people\/Ghostysky\/100057676170234\/\" \/>\n<meta property=\"article:modified_time\" content=\"2024-05-25T09:53:04+00:00\" \/>\n<meta property=\"og:image\" content=\"https:\/\/www.ghostysky.com\/wp-content\/uploads\/2023\/12\/DualConnectorM350RTK_1.jpg\" \/>\n\t<meta property=\"og:image:width\" content=\"1200\" \/>\n\t<meta property=\"og:image:height\" content=\"800\" \/>\n\t<meta property=\"og:image:type\" content=\"image\/jpeg\" \/>\n<meta name=\"twitter:card\" content=\"summary_large_image\" \/>\n<meta name=\"twitter:site\" content=\"@Gh0stysky\" \/>\n<meta name=\"twitter:label1\" content=\"Tempo estimado de leitura\" \/>\n\t<meta name=\"twitter:data1\" content=\"1 minuto\" \/>\n<script type=\"application\/ld+json\" class=\"yoast-schema-graph\">{\"@context\":\"https:\/\/schema.org\",\"@graph\":[{\"@type\":\"WebPage\",\"@id\":\"https:\/\/www.ghostysky.com\/product\/matrice-350-series-dual-gimbal-connector\/\",\"url\":\"https:\/\/www.ghostysky.com\/product\/matrice-350-series-dual-gimbal-connector\/\",\"name\":\"Matrice 350 Series Dual Gimbal Connector - Ghostysky\",\"isPartOf\":{\"@id\":\"https:\/\/www.ghostysky.com\/#website\"},\"primaryImageOfPage\":{\"@id\":\"https:\/\/www.ghostysky.com\/product\/matrice-350-series-dual-gimbal-connector\/#primaryimage\"},\"image\":{\"@id\":\"https:\/\/www.ghostysky.com\/product\/matrice-350-series-dual-gimbal-connector\/#primaryimage\"},\"thumbnailUrl\":\"https:\/\/www.ghostysky.com\/wp-content\/uploads\/2023\/12\/DualConnectorM350RTK_1.jpg\",\"datePublished\":\"2023-12-28T19:15:52+00:00\",\"dateModified\":\"2024-05-25T09:53:04+00:00\",\"description\":\"The Matrice 350 Series Dual Gimbal Connector is an accessory that allows operators to attach two gimbals to a single drone. This allows for the use of a wider variety of payloads, such as a high-resolution camera and a thermal camera.\",\"breadcrumb\":{\"@id\":\"https:\/\/www.ghostysky.com\/product\/matrice-350-series-dual-gimbal-connector\/#breadcrumb\"},\"inLanguage\":\"pt-PT\",\"potentialAction\":[{\"@type\":\"ReadAction\",\"target\":[\"https:\/\/www.ghostysky.com\/product\/matrice-350-series-dual-gimbal-connector\/\"]}]},{\"@type\":\"ImageObject\",\"inLanguage\":\"pt-PT\",\"@id\":\"https:\/\/www.ghostysky.com\/product\/matrice-350-series-dual-gimbal-connector\/#primaryimage\",\"url\":\"https:\/\/www.ghostysky.com\/wp-content\/uploads\/2023\/12\/DualConnectorM350RTK_1.jpg\",\"contentUrl\":\"https:\/\/www.ghostysky.com\/wp-content\/uploads\/2023\/12\/DualConnectorM350RTK_1.jpg\",\"width\":1200,\"height\":800},{\"@type\":\"BreadcrumbList\",\"@id\":\"https:\/\/www.ghostysky.com\/product\/matrice-350-series-dual-gimbal-connector\/#breadcrumb\",\"itemListElement\":[{\"@type\":\"ListItem\",\"position\":1,\"name\":\"Home\",\"item\":\"https:\/\/www.ghostysky.com\/\"},{\"@type\":\"ListItem\",\"position\":2,\"name\":\"Shop\",\"item\":\"https:\/\/www.ghostysky.com\/shop\/\"},{\"@type\":\"ListItem\",\"position\":3,\"name\":\"Matrice 350 Series Dual Gimbal Connector\"}]},{\"@type\":\"WebSite\",\"@id\":\"https:\/\/www.ghostysky.com\/#website\",\"url\":\"https:\/\/www.ghostysky.com\/\",\"name\":\"Ghostysky\",\"description\":\"Delivering professional drones and services\",\"publisher\":{\"@id\":\"https:\/\/www.ghostysky.com\/#organization\"},\"potentialAction\":[{\"@type\":\"SearchAction\",\"target\":{\"@type\":\"EntryPoint\",\"urlTemplate\":\"https:\/\/www.ghostysky.com\/?s={search_term_string}\"},\"query-input\":{\"@type\":\"PropertyValueSpecification\",\"valueRequired\":true,\"valueName\":\"search_term_string\"}}],\"inLanguage\":\"pt-PT\"},{\"@type\":\"Organization\",\"@id\":\"https:\/\/www.ghostysky.com\/#organization\",\"name\":\"Ghostysky\",\"url\":\"https:\/\/www.ghostysky.com\/\",\"logo\":{\"@type\":\"ImageObject\",\"inLanguage\":\"pt-PT\",\"@id\":\"https:\/\/www.ghostysky.com\/#\/schema\/logo\/image\/\",\"url\":\"https:\/\/www.ghostysky.com\/wp-content\/uploads\/2020\/06\/cropped-ghostyskylogo_text_white2.png\",\"contentUrl\":\"https:\/\/www.ghostysky.com\/wp-content\/uploads\/2020\/06\/cropped-ghostyskylogo_text_white2.png\",\"width\":169,\"height\":56,\"caption\":\"Ghostysky\"},\"image\":{\"@id\":\"https:\/\/www.ghostysky.com\/#\/schema\/logo\/image\/\"},\"sameAs\":[\"https:\/\/www.facebook.com\/people\/Ghostysky\/100057676170234\/\",\"https:\/\/x.com\/Gh0stysky\",\"https:\/\/www.linkedin.com\/company\/34739653\",\"https:\/\/www.instagram.com\/gh0stysky\"]}]}<\/script>\n<!-- \/ Yoast SEO plugin. -->","yoast_head_json":{"title":"Conector de cardan duplo Matrice S\u00e9rie 350 - Ghostysky","description":"O conector de gimbal duplo s\u00e9rie Matrice 350 \u00e9 um acess\u00f3rio que permite aos operadores conectar dois gimbals a um \u00fanico drone. Isso permite o uso de uma variedade maior de cargas \u00fateis, como uma c\u00e2mera de alta resolu\u00e7\u00e3o e uma c\u00e2mera t\u00e9rmica.","robots":{"index":"index","follow":"follow","max-snippet":"max-snippet:-1","max-image-preview":"max-image-preview:large","max-video-preview":"max-video-preview:-1"},"canonical":"https:\/\/www.ghostysky.com\/pt\/produto-2\/matrice-350-series-dual-gimbal-connector\/","og_locale":"pt_PT","og_type":"article","og_title":"Matrice 350 Series Dual Gimbal Connector - Ghostysky","og_description":"The Matrice 350 Series Dual Gimbal Connector is an accessory that allows operators to attach two gimbals to a single drone. This allows for the use of a wider variety of payloads, such as a high-resolution camera and a thermal camera.","og_url":"https:\/\/www.ghostysky.com\/pt\/produto-2\/matrice-350-series-dual-gimbal-connector\/","og_site_name":"Ghostysky","article_publisher":"https:\/\/www.facebook.com\/people\/Ghostysky\/100057676170234\/","article_modified_time":"2024-05-25T09:53:04+00:00","og_image":[{"width":1200,"height":800,"url":"https:\/\/www.ghostysky.com\/wp-content\/uploads\/2023\/12\/DualConnectorM350RTK_1.jpg","type":"image\/jpeg"}],"twitter_card":"summary_large_image","twitter_site":"@Gh0stysky","twitter_misc":{"Tempo estimado de leitura":"1 minuto"},"schema":{"@context":"https:\/\/schema.org","@graph":[{"@type":"WebPage","@id":"https:\/\/www.ghostysky.com\/product\/matrice-350-series-dual-gimbal-connector\/","url":"https:\/\/www.ghostysky.com\/product\/matrice-350-series-dual-gimbal-connector\/","name":"Conector de cardan duplo Matrice S\u00e9rie 350 - Ghostysky","isPartOf":{"@id":"https:\/\/www.ghostysky.com\/#website"},"primaryImageOfPage":{"@id":"https:\/\/www.ghostysky.com\/product\/matrice-350-series-dual-gimbal-connector\/#primaryimage"},"image":{"@id":"https:\/\/www.ghostysky.com\/product\/matrice-350-series-dual-gimbal-connector\/#primaryimage"},"thumbnailUrl":"https:\/\/www.ghostysky.com\/wp-content\/uploads\/2023\/12\/DualConnectorM350RTK_1.jpg","datePublished":"2023-12-28T19:15:52+00:00","dateModified":"2024-05-25T09:53:04+00:00","description":"O conector de gimbal duplo s\u00e9rie Matrice 350 \u00e9 um acess\u00f3rio que permite aos operadores conectar dois gimbals a um \u00fanico drone. Isso permite o uso de uma variedade maior de cargas \u00fateis, como uma c\u00e2mera de alta resolu\u00e7\u00e3o e uma c\u00e2mera t\u00e9rmica.","breadcrumb":{"@id":"https:\/\/www.ghostysky.com\/product\/matrice-350-series-dual-gimbal-connector\/#breadcrumb"},"inLanguage":"pt-PT","potentialAction":[{"@type":"ReadAction","target":["https:\/\/www.ghostysky.com\/product\/matrice-350-series-dual-gimbal-connector\/"]}]},{"@type":"ImageObject","inLanguage":"pt-PT","@id":"https:\/\/www.ghostysky.com\/product\/matrice-350-series-dual-gimbal-connector\/#primaryimage","url":"https:\/\/www.ghostysky.com\/wp-content\/uploads\/2023\/12\/DualConnectorM350RTK_1.jpg","contentUrl":"https:\/\/www.ghostysky.com\/wp-content\/uploads\/2023\/12\/DualConnectorM350RTK_1.jpg","width":1200,"height":800},{"@type":"BreadcrumbList","@id":"https:\/\/www.ghostysky.com\/product\/matrice-350-series-dual-gimbal-connector\/#breadcrumb","itemListElement":[{"@type":"ListItem","position":1,"name":"Home","item":"https:\/\/www.ghostysky.com\/"},{"@type":"ListItem","position":2,"name":"Shop","item":"https:\/\/www.ghostysky.com\/shop\/"},{"@type":"ListItem","position":3,"name":"Matrice 350 Series Dual Gimbal Connector"}]},{"@type":"WebSite","@id":"https:\/\/www.ghostysky.com\/#website","url":"https:\/\/www.ghostysky.com\/","name":"Ghostysky","description":"Fornecendo drones e servi\u00e7os profissionais","publisher":{"@id":"https:\/\/www.ghostysky.com\/#organization"},"potentialAction":[{"@type":"SearchAction","target":{"@type":"EntryPoint","urlTemplate":"https:\/\/www.ghostysky.com\/?s={search_term_string}"},"query-input":{"@type":"PropertyValueSpecification","valueRequired":true,"valueName":"search_term_string"}}],"inLanguage":"pt-PT"},{"@type":"Organization","@id":"https:\/\/www.ghostysky.com\/#organization","name":"Ghostysky","url":"https:\/\/www.ghostysky.com\/","logo":{"@type":"ImageObject","inLanguage":"pt-PT","@id":"https:\/\/www.ghostysky.com\/#\/schema\/logo\/image\/","url":"https:\/\/www.ghostysky.com\/wp-content\/uploads\/2020\/06\/cropped-ghostyskylogo_text_white2.png","contentUrl":"https:\/\/www.ghostysky.com\/wp-content\/uploads\/2020\/06\/cropped-ghostyskylogo_text_white2.png","width":169,"height":56,"caption":"Ghostysky"},"image":{"@id":"https:\/\/www.ghostysky.com\/#\/schema\/logo\/image\/"},"sameAs":["https:\/\/www.facebook.com\/people\/Ghostysky\/100057676170234\/","https:\/\/x.com\/Gh0stysky","https:\/\/www.linkedin.com\/company\/34739653","https:\/\/www.instagram.com\/gh0stysky"]}]}},"_links":{"self":[{"href":"https:\/\/www.ghostysky.com\/pt\/wp-json\/wp\/v2\/product\/15405","targetHints":{"allow":["GET"]}}],"collection":[{"href":"https:\/\/www.ghostysky.com\/pt\/wp-json\/wp\/v2\/product"}],"about":[{"href":"https:\/\/www.ghostysky.com\/pt\/wp-json\/wp\/v2\/types\/product"}],"replies":[{"embeddable":true,"href":"https:\/\/www.ghostysky.com\/pt\/wp-json\/wp\/v2\/comments?post=15405"}],"wp:featuredmedia":[{"embeddable":true,"href":"https:\/\/www.ghostysky.com\/pt\/wp-json\/wp\/v2\/media\/15408"}],"wp:attachment":[{"href":"https:\/\/www.ghostysky.com\/pt\/wp-json\/wp\/v2\/media?parent=15405"}],"wp:term":[{"taxonomy":"product_brand","embeddable":true,"href":"https:\/\/www.ghostysky.com\/pt\/wp-json\/wp\/v2\/product_brand?post=15405"},{"taxonomy":"product_cat","embeddable":true,"href":"https:\/\/www.ghostysky.com\/pt\/wp-json\/wp\/v2\/product_cat?post=15405"},{"taxonomy":"product_tag","embeddable":true,"href":"https:\/\/www.ghostysky.com\/pt\/wp-json\/wp\/v2\/product_tag?post=15405"}],"curies":[{"name":"wp","href":"https:\/\/api.w.org\/{rel}","templated":true}]}}