{"id":15410,"date":"2023-12-28T19:37:33","date_gmt":"2023-12-28T19:37:33","guid":{"rendered":"https:\/\/www.ghostysky.com\/?post_type=product&#038;p=15410"},"modified":"2024-05-25T09:53:22","modified_gmt":"2024-05-25T09:53:22","slug":"matrice-300-series-upward-gimbal-connector","status":"publish","type":"product","link":"https:\/\/www.ghostysky.com\/pt\/product\/matrice-300-series-upward-gimbal-connector\/","title":{"rendered":"Conector de cardan ascendente Matrice s\u00e9rie 300"},"content":{"rendered":"<div class=\"temp-specs-tr\">\n<div class=\"temp-specs-td name\">\n<div class=\"temp-specs-tr\">\n<div class=\"temp-specs-td name\">\n<div class=\"temp-specs-tr\">\n<div class=\"temp-specs-td name\"><strong>Vis\u00e3o geral<\/strong><\/div>\n<div class=\"temp-specs-td value\">\n<p>Usado para montar suas cargas na parte superior do Matrice 300 RTK, o conjunto do cardan superior possui grau de impermeabilidade IP44 (somente com cargas \u00e0 prova d&#039;\u00e1gua conforme definido na IEC 60529).<\/p>\n<\/div>\n<\/div>\n<div class=\"temp-specs-tr\">\n<div class=\"temp-specs-td name\"><strong>Notas<\/strong><\/div>\n<div class=\"temp-specs-td value\">\n<p>Para a seguran\u00e7a do drone, \u00e9 recomend\u00e1vel deslig\u00e1-lo e remover a bateria de voo inteligente antes da substitui\u00e7\u00e3o.<\/p>\n<\/div>\n<\/div>\n<div class=\"temp-specs-tr\">\n<div class=\"temp-specs-td name\"><strong>Na caixa<\/strong><\/div>\n<div class=\"temp-specs-td value\">\n<ul>\n<li>Conjunto do cardan superior \u00d7 1<\/li>\n<li>Esfera absorvedora de backup \u00d7 4<\/li>\n<\/ul>\n<\/div>\n<\/div>\n<div class=\"temp-specs-tr\">\n<div class=\"temp-specs-td name\"><strong>Compatibilidade<\/strong><\/div>\n<div class=\"temp-specs-td value\">\n<ul>\n<li>Matrice 350 RTK<\/li>\n<li>Matriz 300 RTK<\/li>\n<\/ul>\n<\/div>\n<\/div>\n<\/div>\n<\/div>\n<\/div>\n<\/div>","protected":false},"excerpt":{"rendered":"<p>O conector de cardan ascendente da s\u00e9rie Matrice 300 \u00e9 um acess\u00f3rio que permite aos operadores montar uma carga \u00fatil no topo do drone da s\u00e9rie Matrice 300, expandindo a gama de aplica\u00e7\u00f5es e possibilidades de coleta de dados.<\/p>","protected":false},"featured_media":15413,"comment_status":"open","ping_status":"closed","template":"","meta":[],"product_brand":[],"product_cat":[622,37,621,29],"product_tag":[635,624],"class_list":{"0":"post-15410","1":"product","2":"type-product","3":"status-publish","4":"has-post-thumbnail","6":"product_cat-matrice-350-accessories","7":"product_cat-dji","8":"product_cat-dji-matrice-350-rtk","9":"product_cat-drones","10":"product_tag-matrice-300-series-upward-gimbal-connector","11":"product_tag-matrice-350-rtk","13":"first","14":"instock","15":"taxable","16":"shipping-taxable","17":"purchasable","18":"product-type-simple"},"yoast_head":"<!-- This site is optimized with the Yoast SEO plugin v27.1.1 - https:\/\/yoast.com\/product\/yoast-seo-wordpress\/ -->\n<title>Matrice 300 Series Upward Gimbal Connector - Ghostysky<\/title>\n<meta name=\"description\" content=\"The Matrice 300 Series Upward Gimbal Connector is an accessory that allows operators to mount a payload on top of the Matrice 300 Series drone, expanding the range of applications and data collection possibilities.\" \/>\n<meta name=\"robots\" content=\"index, follow, max-snippet:-1, max-image-preview:large, max-video-preview:-1\" \/>\n<link rel=\"canonical\" href=\"https:\/\/www.ghostysky.com\/pt\/produto-2\/matrice-300-series-upward-gimbal-connector\/\" \/>\n<meta property=\"og:locale\" content=\"pt_PT\" \/>\n<meta property=\"og:type\" content=\"article\" \/>\n<meta property=\"og:title\" content=\"Matrice 300 Series Upward Gimbal Connector - Ghostysky\" \/>\n<meta property=\"og:description\" content=\"The Matrice 300 Series Upward Gimbal Connector is an accessory that allows operators to mount a payload on top of the Matrice 300 Series drone, expanding the range of applications and data collection possibilities.\" \/>\n<meta property=\"og:url\" content=\"https:\/\/www.ghostysky.com\/pt\/produto-2\/matrice-300-series-upward-gimbal-connector\/\" \/>\n<meta property=\"og:site_name\" content=\"Ghostysky\" \/>\n<meta property=\"article:publisher\" content=\"https:\/\/www.facebook.com\/people\/Ghostysky\/100057676170234\/\" \/>\n<meta property=\"article:modified_time\" content=\"2024-05-25T09:53:22+00:00\" \/>\n<meta property=\"og:image\" content=\"https:\/\/www.ghostysky.com\/wp-content\/uploads\/2023\/12\/M350UpwardConnector_1-scaled.jpg\" \/>\n\t<meta property=\"og:image:width\" content=\"3840\" \/>\n\t<meta property=\"og:image:height\" content=\"2560\" \/>\n\t<meta property=\"og:image:type\" content=\"image\/jpeg\" \/>\n<meta name=\"twitter:card\" content=\"summary_large_image\" \/>\n<meta name=\"twitter:site\" content=\"@Gh0stysky\" \/>\n<meta name=\"twitter:label1\" content=\"Tempo estimado de leitura\" \/>\n\t<meta name=\"twitter:data1\" content=\"1 minuto\" \/>\n<script type=\"application\/ld+json\" class=\"yoast-schema-graph\">{\"@context\":\"https:\/\/schema.org\",\"@graph\":[{\"@type\":\"WebPage\",\"@id\":\"https:\/\/www.ghostysky.com\/product\/matrice-300-series-upward-gimbal-connector\/\",\"url\":\"https:\/\/www.ghostysky.com\/product\/matrice-300-series-upward-gimbal-connector\/\",\"name\":\"Matrice 300 Series Upward Gimbal Connector - Ghostysky\",\"isPartOf\":{\"@id\":\"https:\/\/www.ghostysky.com\/#website\"},\"primaryImageOfPage\":{\"@id\":\"https:\/\/www.ghostysky.com\/product\/matrice-300-series-upward-gimbal-connector\/#primaryimage\"},\"image\":{\"@id\":\"https:\/\/www.ghostysky.com\/product\/matrice-300-series-upward-gimbal-connector\/#primaryimage\"},\"thumbnailUrl\":\"https:\/\/www.ghostysky.com\/wp-content\/uploads\/2023\/12\/M350UpwardConnector_1-scaled.jpg\",\"datePublished\":\"2023-12-28T19:37:33+00:00\",\"dateModified\":\"2024-05-25T09:53:22+00:00\",\"description\":\"The Matrice 300 Series Upward Gimbal Connector is an accessory that allows operators to mount a payload on top of the Matrice 300 Series drone, expanding the range of applications and data collection possibilities.\",\"breadcrumb\":{\"@id\":\"https:\/\/www.ghostysky.com\/product\/matrice-300-series-upward-gimbal-connector\/#breadcrumb\"},\"inLanguage\":\"pt-PT\",\"potentialAction\":[{\"@type\":\"ReadAction\",\"target\":[\"https:\/\/www.ghostysky.com\/product\/matrice-300-series-upward-gimbal-connector\/\"]}]},{\"@type\":\"ImageObject\",\"inLanguage\":\"pt-PT\",\"@id\":\"https:\/\/www.ghostysky.com\/product\/matrice-300-series-upward-gimbal-connector\/#primaryimage\",\"url\":\"https:\/\/www.ghostysky.com\/wp-content\/uploads\/2023\/12\/M350UpwardConnector_1-scaled.jpg\",\"contentUrl\":\"https:\/\/www.ghostysky.com\/wp-content\/uploads\/2023\/12\/M350UpwardConnector_1-scaled.jpg\",\"width\":3840,\"height\":2560},{\"@type\":\"BreadcrumbList\",\"@id\":\"https:\/\/www.ghostysky.com\/product\/matrice-300-series-upward-gimbal-connector\/#breadcrumb\",\"itemListElement\":[{\"@type\":\"ListItem\",\"position\":1,\"name\":\"Home\",\"item\":\"https:\/\/www.ghostysky.com\/\"},{\"@type\":\"ListItem\",\"position\":2,\"name\":\"Shop\",\"item\":\"https:\/\/www.ghostysky.com\/shop\/\"},{\"@type\":\"ListItem\",\"position\":3,\"name\":\"Matrice 300 Series Upward Gimbal Connector\"}]},{\"@type\":\"WebSite\",\"@id\":\"https:\/\/www.ghostysky.com\/#website\",\"url\":\"https:\/\/www.ghostysky.com\/\",\"name\":\"Ghostysky\",\"description\":\"Delivering professional drones and services\",\"publisher\":{\"@id\":\"https:\/\/www.ghostysky.com\/#organization\"},\"potentialAction\":[{\"@type\":\"SearchAction\",\"target\":{\"@type\":\"EntryPoint\",\"urlTemplate\":\"https:\/\/www.ghostysky.com\/?s={search_term_string}\"},\"query-input\":{\"@type\":\"PropertyValueSpecification\",\"valueRequired\":true,\"valueName\":\"search_term_string\"}}],\"inLanguage\":\"pt-PT\"},{\"@type\":\"Organization\",\"@id\":\"https:\/\/www.ghostysky.com\/#organization\",\"name\":\"Ghostysky\",\"url\":\"https:\/\/www.ghostysky.com\/\",\"logo\":{\"@type\":\"ImageObject\",\"inLanguage\":\"pt-PT\",\"@id\":\"https:\/\/www.ghostysky.com\/#\/schema\/logo\/image\/\",\"url\":\"https:\/\/www.ghostysky.com\/wp-content\/uploads\/2020\/06\/cropped-ghostyskylogo_text_white2.png\",\"contentUrl\":\"https:\/\/www.ghostysky.com\/wp-content\/uploads\/2020\/06\/cropped-ghostyskylogo_text_white2.png\",\"width\":169,\"height\":56,\"caption\":\"Ghostysky\"},\"image\":{\"@id\":\"https:\/\/www.ghostysky.com\/#\/schema\/logo\/image\/\"},\"sameAs\":[\"https:\/\/www.facebook.com\/people\/Ghostysky\/100057676170234\/\",\"https:\/\/x.com\/Gh0stysky\",\"https:\/\/www.linkedin.com\/company\/34739653\",\"https:\/\/www.instagram.com\/gh0stysky\"]}]}<\/script>\n<!-- \/ Yoast SEO plugin. -->","yoast_head_json":{"title":"Conector de cardan ascendente s\u00e9rie Matrice 300 - Ghostysky","description":"O conector de cardan ascendente da s\u00e9rie Matrice 300 \u00e9 um acess\u00f3rio que permite aos operadores montar uma carga \u00fatil no topo do drone da s\u00e9rie Matrice 300, expandindo a gama de aplica\u00e7\u00f5es e possibilidades de coleta de dados.","robots":{"index":"index","follow":"follow","max-snippet":"max-snippet:-1","max-image-preview":"max-image-preview:large","max-video-preview":"max-video-preview:-1"},"canonical":"https:\/\/www.ghostysky.com\/pt\/produto-2\/matrice-300-series-upward-gimbal-connector\/","og_locale":"pt_PT","og_type":"article","og_title":"Matrice 300 Series Upward Gimbal Connector - Ghostysky","og_description":"The Matrice 300 Series Upward Gimbal Connector is an accessory that allows operators to mount a payload on top of the Matrice 300 Series drone, expanding the range of applications and data collection possibilities.","og_url":"https:\/\/www.ghostysky.com\/pt\/produto-2\/matrice-300-series-upward-gimbal-connector\/","og_site_name":"Ghostysky","article_publisher":"https:\/\/www.facebook.com\/people\/Ghostysky\/100057676170234\/","article_modified_time":"2024-05-25T09:53:22+00:00","og_image":[{"width":3840,"height":2560,"url":"https:\/\/www.ghostysky.com\/wp-content\/uploads\/2023\/12\/M350UpwardConnector_1-scaled.jpg","type":"image\/jpeg"}],"twitter_card":"summary_large_image","twitter_site":"@Gh0stysky","twitter_misc":{"Tempo estimado de leitura":"1 minuto"},"schema":{"@context":"https:\/\/schema.org","@graph":[{"@type":"WebPage","@id":"https:\/\/www.ghostysky.com\/product\/matrice-300-series-upward-gimbal-connector\/","url":"https:\/\/www.ghostysky.com\/product\/matrice-300-series-upward-gimbal-connector\/","name":"Conector de cardan ascendente s\u00e9rie Matrice 300 - Ghostysky","isPartOf":{"@id":"https:\/\/www.ghostysky.com\/#website"},"primaryImageOfPage":{"@id":"https:\/\/www.ghostysky.com\/product\/matrice-300-series-upward-gimbal-connector\/#primaryimage"},"image":{"@id":"https:\/\/www.ghostysky.com\/product\/matrice-300-series-upward-gimbal-connector\/#primaryimage"},"thumbnailUrl":"https:\/\/www.ghostysky.com\/wp-content\/uploads\/2023\/12\/M350UpwardConnector_1-scaled.jpg","datePublished":"2023-12-28T19:37:33+00:00","dateModified":"2024-05-25T09:53:22+00:00","description":"O conector de cardan ascendente da s\u00e9rie Matrice 300 \u00e9 um acess\u00f3rio que permite aos operadores montar uma carga \u00fatil no topo do drone da s\u00e9rie Matrice 300, expandindo a gama de aplica\u00e7\u00f5es e possibilidades de coleta de dados.","breadcrumb":{"@id":"https:\/\/www.ghostysky.com\/product\/matrice-300-series-upward-gimbal-connector\/#breadcrumb"},"inLanguage":"pt-PT","potentialAction":[{"@type":"ReadAction","target":["https:\/\/www.ghostysky.com\/product\/matrice-300-series-upward-gimbal-connector\/"]}]},{"@type":"ImageObject","inLanguage":"pt-PT","@id":"https:\/\/www.ghostysky.com\/product\/matrice-300-series-upward-gimbal-connector\/#primaryimage","url":"https:\/\/www.ghostysky.com\/wp-content\/uploads\/2023\/12\/M350UpwardConnector_1-scaled.jpg","contentUrl":"https:\/\/www.ghostysky.com\/wp-content\/uploads\/2023\/12\/M350UpwardConnector_1-scaled.jpg","width":3840,"height":2560},{"@type":"BreadcrumbList","@id":"https:\/\/www.ghostysky.com\/product\/matrice-300-series-upward-gimbal-connector\/#breadcrumb","itemListElement":[{"@type":"ListItem","position":1,"name":"Home","item":"https:\/\/www.ghostysky.com\/"},{"@type":"ListItem","position":2,"name":"Shop","item":"https:\/\/www.ghostysky.com\/shop\/"},{"@type":"ListItem","position":3,"name":"Matrice 300 Series Upward Gimbal Connector"}]},{"@type":"WebSite","@id":"https:\/\/www.ghostysky.com\/#website","url":"https:\/\/www.ghostysky.com\/","name":"Ghostysky","description":"Fornecendo drones e servi\u00e7os profissionais","publisher":{"@id":"https:\/\/www.ghostysky.com\/#organization"},"potentialAction":[{"@type":"SearchAction","target":{"@type":"EntryPoint","urlTemplate":"https:\/\/www.ghostysky.com\/?s={search_term_string}"},"query-input":{"@type":"PropertyValueSpecification","valueRequired":true,"valueName":"search_term_string"}}],"inLanguage":"pt-PT"},{"@type":"Organization","@id":"https:\/\/www.ghostysky.com\/#organization","name":"Ghostysky","url":"https:\/\/www.ghostysky.com\/","logo":{"@type":"ImageObject","inLanguage":"pt-PT","@id":"https:\/\/www.ghostysky.com\/#\/schema\/logo\/image\/","url":"https:\/\/www.ghostysky.com\/wp-content\/uploads\/2020\/06\/cropped-ghostyskylogo_text_white2.png","contentUrl":"https:\/\/www.ghostysky.com\/wp-content\/uploads\/2020\/06\/cropped-ghostyskylogo_text_white2.png","width":169,"height":56,"caption":"Ghostysky"},"image":{"@id":"https:\/\/www.ghostysky.com\/#\/schema\/logo\/image\/"},"sameAs":["https:\/\/www.facebook.com\/people\/Ghostysky\/100057676170234\/","https:\/\/x.com\/Gh0stysky","https:\/\/www.linkedin.com\/company\/34739653","https:\/\/www.instagram.com\/gh0stysky"]}]}},"_links":{"self":[{"href":"https:\/\/www.ghostysky.com\/pt\/wp-json\/wp\/v2\/product\/15410","targetHints":{"allow":["GET"]}}],"collection":[{"href":"https:\/\/www.ghostysky.com\/pt\/wp-json\/wp\/v2\/product"}],"about":[{"href":"https:\/\/www.ghostysky.com\/pt\/wp-json\/wp\/v2\/types\/product"}],"replies":[{"embeddable":true,"href":"https:\/\/www.ghostysky.com\/pt\/wp-json\/wp\/v2\/comments?post=15410"}],"wp:featuredmedia":[{"embeddable":true,"href":"https:\/\/www.ghostysky.com\/pt\/wp-json\/wp\/v2\/media\/15413"}],"wp:attachment":[{"href":"https:\/\/www.ghostysky.com\/pt\/wp-json\/wp\/v2\/media?parent=15410"}],"wp:term":[{"taxonomy":"product_brand","embeddable":true,"href":"https:\/\/www.ghostysky.com\/pt\/wp-json\/wp\/v2\/product_brand?post=15410"},{"taxonomy":"product_cat","embeddable":true,"href":"https:\/\/www.ghostysky.com\/pt\/wp-json\/wp\/v2\/product_cat?post=15410"},{"taxonomy":"product_tag","embeddable":true,"href":"https:\/\/www.ghostysky.com\/pt\/wp-json\/wp\/v2\/product_tag?post=15410"}],"curies":[{"name":"wp","href":"https:\/\/api.w.org\/{rel}","templated":true}]}}