{"id":15429,"date":"2023-12-28T21:56:26","date_gmt":"2023-12-28T21:56:26","guid":{"rendered":"https:\/\/www.ghostysky.com\/?post_type=product&#038;p=15429"},"modified":"2024-05-25T10:18:26","modified_gmt":"2024-05-25T10:18:26","slug":"zenmuse-h20n-worry-free-basic-combo","status":"publish","type":"product","link":"https:\/\/www.ghostysky.com\/pt\/product\/zenmuse-h20n-worry-free-basic-combo\/","title":{"rendered":"DJI Zenmuse H20N Worry-Free Basic Combo"},"content":{"rendered":"<p data-sourcepos=\"3:1-3:17\"><strong>Caracter\u00edsticas principais:<\/strong><\/p>\n<ul data-sourcepos=\"5:1-16:0\">\n<li data-sourcepos=\"5:1-6:0\">\n<p data-sourcepos=\"5:3-5:223\"><strong>C\u00e2mera com zoom de 20 MP de alta resolu\u00e7\u00e3o:<\/strong> A Zenmuse H20N possui uma c\u00e2mera com zoom de 20 MP de alta resolu\u00e7\u00e3o com zoom \u00f3ptico de 20x e zoom digital de 2x, permitindo aos operadores capturar imagens e v\u00eddeos ultra-detalhados \u00e0 dist\u00e2ncia.<\/p>\n<\/li>\n<li data-sourcepos=\"7:1-8:0\">\n<p data-sourcepos=\"7:3-7:195\"><strong>Sensores t\u00e9rmicos duplos:<\/strong> A Zenmuse H20N incorpora dois sensores t\u00e9rmicos com resolu\u00e7\u00e3o t\u00e9rmica de 640 x 512 e taxa de quadros de 30 Hz, fornecendo aos operadores recursos precisos de imagem t\u00e9rmica.<\/p>\n<\/li>\n<li data-sourcepos=\"9:1-10:0\">\n<p data-sourcepos=\"9:3-9:218\"><strong>Visualiza\u00e7\u00e3o sincronizada em tela dividida:<\/strong> A Zenmuse H20N oferece uma visualiza\u00e7\u00e3o sincronizada em tela dividida das imagens visuais e t\u00e9rmicas, permitindo que os operadores comparem e analisem perfeitamente as informa\u00e7\u00f5es de ambos os sensores.<\/p>\n<\/li>\n<li data-sourcepos=\"11:1-12:0\">\n<p data-sourcepos=\"11:3-11:221\"><strong>Zoom autom\u00e1tico para recursos t\u00e9rmicos:<\/strong> A Zenmuse H20N possui uma fun\u00e7\u00e3o de zoom autom\u00e1tico para recursos t\u00e9rmicos, ampliando automaticamente os objetos detectados pelos sensores t\u00e9rmicos, destacando anomalias ou \u00e1reas de interesse.<\/p>\n<\/li>\n<li data-sourcepos=\"13:1-14:0\">\n<p data-sourcepos=\"13:3-13:168\"><strong>Tel\u00eametro a laser:<\/strong> A Zenmuse H20N incorpora um tel\u00eametro a laser com alcance de at\u00e9 1.200 metros, fornecendo aos operadores medi\u00e7\u00f5es de dist\u00e2ncia precisas.<\/p>\n<\/li>\n<li data-sourcepos=\"15:1-16:0\">\n<p data-sourcepos=\"15:3-15:178\"><strong>Integra\u00e7\u00e3o perfeita com drones DJI:<\/strong> O Zenmuse H20N integra-se perfeitamente aos drones DJI, aproveitando os sistemas de controle de voo do drone e os recursos de gerenciamento de carga \u00fatil.<\/p>\n<\/li>\n<\/ul>\n<p data-sourcepos=\"17:1-17:13\"><strong>Benef\u00edcios:<\/strong><\/p>\n<ul data-sourcepos=\"19:1-30:0\">\n<li data-sourcepos=\"19:1-20:0\">\n<p data-sourcepos=\"19:3-19:172\"><strong>Imagens e v\u00eddeos de alta resolu\u00e7\u00e3o:<\/strong> A Zenmuse H20N captura imagens e v\u00eddeos de alta resolu\u00e7\u00e3o, fornecendo aos operadores dados detalhados para uma variedade de aplica\u00e7\u00f5es.<\/p>\n<\/li>\n<li data-sourcepos=\"21:1-22:0\">\n<p data-sourcepos=\"21:3-21:171\"><strong>Coleta de dados abrangente:<\/strong> A combina\u00e7\u00e3o de dados visuais, t\u00e9rmicos e de tel\u00eametro permite que os operadores re\u00fanam informa\u00e7\u00f5es abrangentes sobre o ambiente.<\/p>\n<\/li>\n<li data-sourcepos=\"23:1-24:0\">\n<p data-sourcepos=\"23:3-23:164\"><strong>Consci\u00eancia Situacional Aprimorada:<\/strong> Os recursos de imagens t\u00e9rmicas melhoram a consci\u00eancia situacional, permitindo que os operadores identifiquem poss\u00edveis perigos ou anomalias.<\/p>\n<\/li>\n<li data-sourcepos=\"25:1-26:0\">\n<p data-sourcepos=\"25:3-25:134\"><strong>Detec\u00e7\u00e3o automatizada de recursos:<\/strong> A fun\u00e7\u00e3o de zoom autom\u00e1tico para recursos t\u00e9rmicos simplifica a an\u00e1lise de dados e reduz a carga de trabalho do operador.<\/p>\n<\/li>\n<li data-sourcepos=\"27:1-28:0\">\n<p data-sourcepos=\"27:3-27:169\"><strong>Medi\u00e7\u00f5es de dist\u00e2ncia precisas:<\/strong> O tel\u00eametro a laser fornece aos operadores medi\u00e7\u00f5es precisas de dist\u00e2ncia para evitar obst\u00e1culos e an\u00e1lise de dados mais precisa.<\/p>\n<\/li>\n<li data-sourcepos=\"29:1-30:0\">\n<p data-sourcepos=\"29:3-29:166\"><strong>Integra\u00e7\u00e3o perfeita e facilidade de uso:<\/strong> O Zenmuse H20N foi projetado para facilidade de uso e integra\u00e7\u00e3o perfeita com drones DJI, simplificando a opera\u00e7\u00e3o e o fluxo de trabalho.<\/p>\n<\/li>\n<\/ul>\n<p data-sourcepos=\"31:1-31:401\">No geral, a Zenmuse H20N \u00e9 uma ferramenta excepcional para operadores profissionais de drones que exigem um sistema de c\u00e2meras a\u00e9reas de alto desempenho, vers\u00e1til e rico em dados para suas miss\u00f5es. Ele combina imagens de alta resolu\u00e7\u00e3o, sensores t\u00e9rmicos duplos e um tel\u00eametro a laser, permitindo que os operadores capturem dados detalhados, melhorem a consci\u00eancia situacional e tomem decis\u00f5es informadas em diversas aplica\u00e7\u00f5es.<\/p>\n<p data-sourcepos=\"31:1-31:401\"><a href=\"https:\/\/www.ghostysky.com\/wp-content\/uploads\/2023\/12\/H20N_inthebox.jpg\"><img fetchpriority=\"high\" decoding=\"async\" class=\"alignnone size-full wp-image-15430 lazyload\" src=\"data:image\/gif;base64,R0lGODlhAQABAAAAACH5BAEKAAEALAAAAAABAAEAAAICTAEAOw==\" alt=\"\" width=\"1440\" height=\"382\" data-src=\"https:\/\/www.ghostysky.com\/wp-content\/uploads\/2023\/12\/H20N_inthebox.jpg\"><\/a><\/p>","protected":false},"excerpt":{"rendered":"<p>O DJI Zenmuse H20N \u00e9 um sistema de c\u00e2mera a\u00e9rea vers\u00e1til e poderoso projetado para operadores profissionais de drones que exigem imagens de alta resolu\u00e7\u00e3o e recursos abrangentes de coleta de dados para uma ampla gama de aplica\u00e7\u00f5es. Ele combina uma c\u00e2mera com zoom de 20 MP de alta resolu\u00e7\u00e3o com sensores t\u00e9rmicos duplos, proporcionando flexibilidade e versatilidade excepcionais para uma variedade de miss\u00f5es a\u00e9reas.<\/p>\n<ul>\n<li>Vis\u00e3o noturna \u00e0 luz das estrelas<\/li>\n<li>Zoom \u00d3ptico H\u00edbrido 20\u00d7<\/li>\n<li>C\u00e2mera t\u00e9rmica 640\u00d7512 px<\/li>\n<li>Tel\u00eametro a laser com alcance m\u00e1ximo de 1200 m<\/li>\n<li>Zoom sincronizado em tela dividida<\/li>\n<li>Aprimoramento Inteligente de Cena Noturna<\/li>\n<\/ul>\n<p><strong>At\u00e9 duas substitui\u00e7\u00f5es pagas podem ser oferecidas dentro de um ano ap\u00f3s a ativa\u00e7\u00e3o do produto.<\/strong><\/p>","protected":false},"featured_media":15434,"comment_status":"open","ping_status":"closed","template":"","meta":[],"product_brand":[],"product_cat":[622,37,621,29],"product_tag":[42,624,639],"class_list":{"0":"post-15429","1":"product","2":"type-product","3":"status-publish","4":"has-post-thumbnail","6":"product_cat-matrice-350-accessories","7":"product_cat-dji","8":"product_cat-dji-matrice-350-rtk","9":"product_cat-drones","10":"product_tag-dji","11":"product_tag-matrice-350-rtk","12":"product_tag-zenmuse-h20n-worry-free-basic-combo","14":"first","15":"onbackorder","16":"taxable","17":"shipping-taxable","18":"purchasable","19":"product-type-simple"},"yoast_head":"<!-- This site is optimized with the Yoast SEO plugin v27.1.1 - https:\/\/yoast.com\/product\/yoast-seo-wordpress\/ -->\n<title>DJI Zenmuse H20N Worry-Free Basic Combo - Ghostysky<\/title>\n<meta name=\"description\" content=\"The DJI Zenmuse H20N is a versatile and powerful aerial camera system designed for professional drone operators who require high-resolution imagery and comprehensive data collection capabilities for a wide range of applications. It combines a high-resolution 20MP zoom camera with dual thermal sensors, delivering exceptional flexibility and versatility for a variety of aerial missions.\" \/>\n<meta name=\"robots\" content=\"index, follow, max-snippet:-1, max-image-preview:large, max-video-preview:-1\" \/>\n<link rel=\"canonical\" href=\"https:\/\/www.ghostysky.com\/pt\/produto-2\/zenmuse-h20n-worry-free-basic-combo\/\" \/>\n<meta property=\"og:locale\" content=\"pt_PT\" \/>\n<meta property=\"og:type\" content=\"article\" \/>\n<meta property=\"og:title\" content=\"DJI Zenmuse H20N Worry-Free Basic Combo - Ghostysky\" \/>\n<meta property=\"og:description\" content=\"The DJI Zenmuse H20N is a versatile and powerful aerial camera system designed for professional drone operators who require high-resolution imagery and comprehensive data collection capabilities for a wide range of applications. It combines a high-resolution 20MP zoom camera with dual thermal sensors, delivering exceptional flexibility and versatility for a variety of aerial missions.\" \/>\n<meta property=\"og:url\" content=\"https:\/\/www.ghostysky.com\/pt\/produto-2\/zenmuse-h20n-worry-free-basic-combo\/\" \/>\n<meta property=\"og:site_name\" content=\"Ghostysky\" \/>\n<meta property=\"article:publisher\" content=\"https:\/\/www.facebook.com\/people\/Ghostysky\/100057676170234\/\" \/>\n<meta property=\"article:modified_time\" content=\"2024-05-25T10:18:26+00:00\" \/>\n<meta property=\"og:image\" content=\"https:\/\/www.ghostysky.com\/wp-content\/uploads\/2023\/12\/H20N_1.jpg\" \/>\n\t<meta property=\"og:image:width\" content=\"2560\" \/>\n\t<meta property=\"og:image:height\" content=\"2560\" \/>\n\t<meta property=\"og:image:type\" content=\"image\/jpeg\" \/>\n<meta name=\"twitter:card\" content=\"summary_large_image\" \/>\n<meta name=\"twitter:site\" content=\"@Gh0stysky\" \/>\n<meta name=\"twitter:label1\" content=\"Tempo estimado de leitura\" \/>\n\t<meta name=\"twitter:data1\" content=\"2 minutos\" \/>\n<script type=\"application\/ld+json\" class=\"yoast-schema-graph\">{\"@context\":\"https:\/\/schema.org\",\"@graph\":[{\"@type\":\"WebPage\",\"@id\":\"https:\/\/www.ghostysky.com\/product\/zenmuse-h20n-worry-free-basic-combo\/\",\"url\":\"https:\/\/www.ghostysky.com\/product\/zenmuse-h20n-worry-free-basic-combo\/\",\"name\":\"DJI Zenmuse H20N Worry-Free Basic Combo - Ghostysky\",\"isPartOf\":{\"@id\":\"https:\/\/www.ghostysky.com\/#website\"},\"primaryImageOfPage\":{\"@id\":\"https:\/\/www.ghostysky.com\/product\/zenmuse-h20n-worry-free-basic-combo\/#primaryimage\"},\"image\":{\"@id\":\"https:\/\/www.ghostysky.com\/product\/zenmuse-h20n-worry-free-basic-combo\/#primaryimage\"},\"thumbnailUrl\":\"https:\/\/www.ghostysky.com\/wp-content\/uploads\/2023\/12\/H20N_1.jpg\",\"datePublished\":\"2023-12-28T21:56:26+00:00\",\"dateModified\":\"2024-05-25T10:18:26+00:00\",\"description\":\"The DJI Zenmuse H20N is a versatile and powerful aerial camera system designed for professional drone operators who require high-resolution imagery and comprehensive data collection capabilities for a wide range of applications. It combines a high-resolution 20MP zoom camera with dual thermal sensors, delivering exceptional flexibility and versatility for a variety of aerial missions.\",\"breadcrumb\":{\"@id\":\"https:\/\/www.ghostysky.com\/product\/zenmuse-h20n-worry-free-basic-combo\/#breadcrumb\"},\"inLanguage\":\"pt-PT\",\"potentialAction\":[{\"@type\":\"ReadAction\",\"target\":[\"https:\/\/www.ghostysky.com\/product\/zenmuse-h20n-worry-free-basic-combo\/\"]}]},{\"@type\":\"ImageObject\",\"inLanguage\":\"pt-PT\",\"@id\":\"https:\/\/www.ghostysky.com\/product\/zenmuse-h20n-worry-free-basic-combo\/#primaryimage\",\"url\":\"https:\/\/www.ghostysky.com\/wp-content\/uploads\/2023\/12\/H20N_1.jpg\",\"contentUrl\":\"https:\/\/www.ghostysky.com\/wp-content\/uploads\/2023\/12\/H20N_1.jpg\",\"width\":2560,\"height\":2560},{\"@type\":\"BreadcrumbList\",\"@id\":\"https:\/\/www.ghostysky.com\/product\/zenmuse-h20n-worry-free-basic-combo\/#breadcrumb\",\"itemListElement\":[{\"@type\":\"ListItem\",\"position\":1,\"name\":\"Home\",\"item\":\"https:\/\/www.ghostysky.com\/\"},{\"@type\":\"ListItem\",\"position\":2,\"name\":\"Shop\",\"item\":\"https:\/\/www.ghostysky.com\/shop\/\"},{\"@type\":\"ListItem\",\"position\":3,\"name\":\"DJI Zenmuse H20N Worry-Free Basic Combo\"}]},{\"@type\":\"WebSite\",\"@id\":\"https:\/\/www.ghostysky.com\/#website\",\"url\":\"https:\/\/www.ghostysky.com\/\",\"name\":\"Ghostysky\",\"description\":\"Delivering professional drones and services\",\"publisher\":{\"@id\":\"https:\/\/www.ghostysky.com\/#organization\"},\"potentialAction\":[{\"@type\":\"SearchAction\",\"target\":{\"@type\":\"EntryPoint\",\"urlTemplate\":\"https:\/\/www.ghostysky.com\/?s={search_term_string}\"},\"query-input\":{\"@type\":\"PropertyValueSpecification\",\"valueRequired\":true,\"valueName\":\"search_term_string\"}}],\"inLanguage\":\"pt-PT\"},{\"@type\":\"Organization\",\"@id\":\"https:\/\/www.ghostysky.com\/#organization\",\"name\":\"Ghostysky\",\"url\":\"https:\/\/www.ghostysky.com\/\",\"logo\":{\"@type\":\"ImageObject\",\"inLanguage\":\"pt-PT\",\"@id\":\"https:\/\/www.ghostysky.com\/#\/schema\/logo\/image\/\",\"url\":\"https:\/\/www.ghostysky.com\/wp-content\/uploads\/2020\/06\/cropped-ghostyskylogo_text_white2.png\",\"contentUrl\":\"https:\/\/www.ghostysky.com\/wp-content\/uploads\/2020\/06\/cropped-ghostyskylogo_text_white2.png\",\"width\":169,\"height\":56,\"caption\":\"Ghostysky\"},\"image\":{\"@id\":\"https:\/\/www.ghostysky.com\/#\/schema\/logo\/image\/\"},\"sameAs\":[\"https:\/\/www.facebook.com\/people\/Ghostysky\/100057676170234\/\",\"https:\/\/x.com\/Gh0stysky\",\"https:\/\/www.linkedin.com\/company\/34739653\",\"https:\/\/www.instagram.com\/gh0stysky\"]}]}<\/script>\n<!-- \/ Yoast SEO plugin. -->","yoast_head_json":{"title":"Combo b\u00e1sico sem preocupa\u00e7\u00f5es DJI Zenmuse H20N - Ghostysky","description":"O DJI Zenmuse H20N \u00e9 um sistema de c\u00e2mera a\u00e9rea vers\u00e1til e poderoso projetado para operadores profissionais de drones que exigem imagens de alta resolu\u00e7\u00e3o e recursos abrangentes de coleta de dados para uma ampla gama de aplica\u00e7\u00f5es. Ele combina uma c\u00e2mera com zoom de 20 MP de alta resolu\u00e7\u00e3o com sensores t\u00e9rmicos duplos, proporcionando flexibilidade e versatilidade excepcionais para uma variedade de miss\u00f5es a\u00e9reas.","robots":{"index":"index","follow":"follow","max-snippet":"max-snippet:-1","max-image-preview":"max-image-preview:large","max-video-preview":"max-video-preview:-1"},"canonical":"https:\/\/www.ghostysky.com\/pt\/produto-2\/zenmuse-h20n-worry-free-basic-combo\/","og_locale":"pt_PT","og_type":"article","og_title":"DJI Zenmuse H20N Worry-Free Basic Combo - Ghostysky","og_description":"The DJI Zenmuse H20N is a versatile and powerful aerial camera system designed for professional drone operators who require high-resolution imagery and comprehensive data collection capabilities for a wide range of applications. It combines a high-resolution 20MP zoom camera with dual thermal sensors, delivering exceptional flexibility and versatility for a variety of aerial missions.","og_url":"https:\/\/www.ghostysky.com\/pt\/produto-2\/zenmuse-h20n-worry-free-basic-combo\/","og_site_name":"Ghostysky","article_publisher":"https:\/\/www.facebook.com\/people\/Ghostysky\/100057676170234\/","article_modified_time":"2024-05-25T10:18:26+00:00","og_image":[{"width":2560,"height":2560,"url":"https:\/\/www.ghostysky.com\/wp-content\/uploads\/2023\/12\/H20N_1.jpg","type":"image\/jpeg"}],"twitter_card":"summary_large_image","twitter_site":"@Gh0stysky","twitter_misc":{"Tempo estimado de leitura":"2 minutos"},"schema":{"@context":"https:\/\/schema.org","@graph":[{"@type":"WebPage","@id":"https:\/\/www.ghostysky.com\/product\/zenmuse-h20n-worry-free-basic-combo\/","url":"https:\/\/www.ghostysky.com\/product\/zenmuse-h20n-worry-free-basic-combo\/","name":"Combo b\u00e1sico sem preocupa\u00e7\u00f5es DJI Zenmuse H20N - Ghostysky","isPartOf":{"@id":"https:\/\/www.ghostysky.com\/#website"},"primaryImageOfPage":{"@id":"https:\/\/www.ghostysky.com\/product\/zenmuse-h20n-worry-free-basic-combo\/#primaryimage"},"image":{"@id":"https:\/\/www.ghostysky.com\/product\/zenmuse-h20n-worry-free-basic-combo\/#primaryimage"},"thumbnailUrl":"https:\/\/www.ghostysky.com\/wp-content\/uploads\/2023\/12\/H20N_1.jpg","datePublished":"2023-12-28T21:56:26+00:00","dateModified":"2024-05-25T10:18:26+00:00","description":"O DJI Zenmuse H20N \u00e9 um sistema de c\u00e2mera a\u00e9rea vers\u00e1til e poderoso projetado para operadores profissionais de drones que exigem imagens de alta resolu\u00e7\u00e3o e recursos abrangentes de coleta de dados para uma ampla gama de aplica\u00e7\u00f5es. Ele combina uma c\u00e2mera com zoom de 20 MP de alta resolu\u00e7\u00e3o com sensores t\u00e9rmicos duplos, proporcionando flexibilidade e versatilidade excepcionais para uma variedade de miss\u00f5es a\u00e9reas.","breadcrumb":{"@id":"https:\/\/www.ghostysky.com\/product\/zenmuse-h20n-worry-free-basic-combo\/#breadcrumb"},"inLanguage":"pt-PT","potentialAction":[{"@type":"ReadAction","target":["https:\/\/www.ghostysky.com\/product\/zenmuse-h20n-worry-free-basic-combo\/"]}]},{"@type":"ImageObject","inLanguage":"pt-PT","@id":"https:\/\/www.ghostysky.com\/product\/zenmuse-h20n-worry-free-basic-combo\/#primaryimage","url":"https:\/\/www.ghostysky.com\/wp-content\/uploads\/2023\/12\/H20N_1.jpg","contentUrl":"https:\/\/www.ghostysky.com\/wp-content\/uploads\/2023\/12\/H20N_1.jpg","width":2560,"height":2560},{"@type":"BreadcrumbList","@id":"https:\/\/www.ghostysky.com\/product\/zenmuse-h20n-worry-free-basic-combo\/#breadcrumb","itemListElement":[{"@type":"ListItem","position":1,"name":"Home","item":"https:\/\/www.ghostysky.com\/"},{"@type":"ListItem","position":2,"name":"Shop","item":"https:\/\/www.ghostysky.com\/shop\/"},{"@type":"ListItem","position":3,"name":"DJI Zenmuse H20N Worry-Free Basic Combo"}]},{"@type":"WebSite","@id":"https:\/\/www.ghostysky.com\/#website","url":"https:\/\/www.ghostysky.com\/","name":"Ghostysky","description":"Fornecendo drones e servi\u00e7os profissionais","publisher":{"@id":"https:\/\/www.ghostysky.com\/#organization"},"potentialAction":[{"@type":"SearchAction","target":{"@type":"EntryPoint","urlTemplate":"https:\/\/www.ghostysky.com\/?s={search_term_string}"},"query-input":{"@type":"PropertyValueSpecification","valueRequired":true,"valueName":"search_term_string"}}],"inLanguage":"pt-PT"},{"@type":"Organization","@id":"https:\/\/www.ghostysky.com\/#organization","name":"Ghostysky","url":"https:\/\/www.ghostysky.com\/","logo":{"@type":"ImageObject","inLanguage":"pt-PT","@id":"https:\/\/www.ghostysky.com\/#\/schema\/logo\/image\/","url":"https:\/\/www.ghostysky.com\/wp-content\/uploads\/2020\/06\/cropped-ghostyskylogo_text_white2.png","contentUrl":"https:\/\/www.ghostysky.com\/wp-content\/uploads\/2020\/06\/cropped-ghostyskylogo_text_white2.png","width":169,"height":56,"caption":"Ghostysky"},"image":{"@id":"https:\/\/www.ghostysky.com\/#\/schema\/logo\/image\/"},"sameAs":["https:\/\/www.facebook.com\/people\/Ghostysky\/100057676170234\/","https:\/\/x.com\/Gh0stysky","https:\/\/www.linkedin.com\/company\/34739653","https:\/\/www.instagram.com\/gh0stysky"]}]}},"_links":{"self":[{"href":"https:\/\/www.ghostysky.com\/pt\/wp-json\/wp\/v2\/product\/15429","targetHints":{"allow":["GET"]}}],"collection":[{"href":"https:\/\/www.ghostysky.com\/pt\/wp-json\/wp\/v2\/product"}],"about":[{"href":"https:\/\/www.ghostysky.com\/pt\/wp-json\/wp\/v2\/types\/product"}],"replies":[{"embeddable":true,"href":"https:\/\/www.ghostysky.com\/pt\/wp-json\/wp\/v2\/comments?post=15429"}],"wp:featuredmedia":[{"embeddable":true,"href":"https:\/\/www.ghostysky.com\/pt\/wp-json\/wp\/v2\/media\/15434"}],"wp:attachment":[{"href":"https:\/\/www.ghostysky.com\/pt\/wp-json\/wp\/v2\/media?parent=15429"}],"wp:term":[{"taxonomy":"product_brand","embeddable":true,"href":"https:\/\/www.ghostysky.com\/pt\/wp-json\/wp\/v2\/product_brand?post=15429"},{"taxonomy":"product_cat","embeddable":true,"href":"https:\/\/www.ghostysky.com\/pt\/wp-json\/wp\/v2\/product_cat?post=15429"},{"taxonomy":"product_tag","embeddable":true,"href":"https:\/\/www.ghostysky.com\/pt\/wp-json\/wp\/v2\/product_tag?post=15429"}],"curies":[{"name":"wp","href":"https:\/\/api.w.org\/{rel}","templated":true}]}}