{"id":15444,"date":"2023-12-28T22:17:49","date_gmt":"2023-12-28T22:17:49","guid":{"rendered":"https:\/\/www.ghostysky.com\/?post_type=product&#038;p=15444"},"modified":"2024-05-25T10:19:27","modified_gmt":"2024-05-25T10:19:27","slug":"zenmuse-h20","status":"publish","type":"product","link":"https:\/\/www.ghostysky.com\/pt\/product\/zenmuse-h20\/","title":{"rendered":"DJI Zenmuse H20"},"content":{"rendered":"<p data-sourcepos=\"3:1-3:13\">Caracter\u00edsticas principais:<\/p>\n<ul data-sourcepos=\"5:1-18:0\">\n<li data-sourcepos=\"5:1-6:0\">\n<p data-sourcepos=\"5:3-5:153\"><strong>C\u00e2mera com zoom de 20 MP de alta resolu\u00e7\u00e3o:<\/strong> A c\u00e2mera com zoom de 20MP da Zenmuse H20 captura imagens e v\u00eddeos impressionantes com zoom \u00f3ptico de 20x e zoom digital de 2x.<\/p>\n<\/li>\n<li data-sourcepos=\"7:1-8:0\">\n<p data-sourcepos=\"7:3-7:161\"><strong>C\u00e2mera grande angular de 12 MP:<\/strong> A Zenmuse H20 tamb\u00e9m inclui uma c\u00e2mera grande angular de 12 MP para capturar vistas panor\u00e2micas e capturar dados de um campo de vis\u00e3o mais amplo.<\/p>\n<\/li>\n<li data-sourcepos=\"9:1-10:0\">\n<p data-sourcepos=\"9:3-9:205\"><strong>Dois sensores t\u00e9rmicos 640 x 512:<\/strong> Os dois sensores t\u00e9rmicos do Zenmuse H20 fornecem aos operadores recursos precisos de imagens t\u00e9rmicas, permitindo-lhes identificar diferen\u00e7as de temperatura no ambiente.<\/p>\n<\/li>\n<li data-sourcepos=\"11:1-12:0\">\n<p data-sourcepos=\"11:3-11:194\"><strong>Tel\u00eametro a laser de 1.200 metros:<\/strong> O tel\u00eametro a laser do Zenmuse H20 fornece medi\u00e7\u00f5es precisas de dist\u00e2ncias de at\u00e9 1.200 metros, auxiliando na preven\u00e7\u00e3o de obst\u00e1culos e na an\u00e1lise de dados mais precisa.<\/p>\n<\/li>\n<li data-sourcepos=\"13:1-14:0\">\n<p data-sourcepos=\"13:3-13:217\"><strong>Visualiza\u00e7\u00e3o sincronizada em tela dividida:<\/strong> O Zenmuse H20 oferece uma visualiza\u00e7\u00e3o sincronizada em tela dividida de imagens visuais e t\u00e9rmicas, permitindo que os operadores comparem e analisem perfeitamente as informa\u00e7\u00f5es de ambos os sensores.<\/p>\n<\/li>\n<li data-sourcepos=\"15:1-16:0\">\n<p data-sourcepos=\"15:3-15:220\"><strong>Zoom autom\u00e1tico para recursos t\u00e9rmicos:<\/strong> A Zenmuse H20 possui uma fun\u00e7\u00e3o de zoom autom\u00e1tico para recursos t\u00e9rmicos, ampliando automaticamente os objetos detectados pelos sensores t\u00e9rmicos, destacando anomalias ou \u00e1reas de interesse.<\/p>\n<\/li>\n<li data-sourcepos=\"17:1-18:0\">\n<p data-sourcepos=\"17:3-17:177\"><strong>Integra\u00e7\u00e3o perfeita com drones DJI:<\/strong> O Zenmuse H20 integra-se perfeitamente aos drones DJI, aproveitando os sistemas de controle de voo do drone e os recursos de gerenciamento de carga \u00fatil.<\/p>\n<\/li>\n<\/ul>\n<p data-sourcepos=\"19:1-19:9\">Benef\u00edcios:<\/p>\n<ul data-sourcepos=\"21:1-30:0\">\n<li data-sourcepos=\"21:1-22:0\">\n<p data-sourcepos=\"21:3-21:167\"><strong>Coleta de dados vers\u00e1til:<\/strong> A combina\u00e7\u00e3o de dados visuais, t\u00e9rmicos e de tel\u00eametro permite que os operadores re\u00fanam informa\u00e7\u00f5es abrangentes sobre o ambiente.<\/p>\n<\/li>\n<li data-sourcepos=\"23:1-24:0\">\n<p data-sourcepos=\"23:3-23:178\"><strong>Consci\u00eancia Situacional Aprimorada:<\/strong> Os recursos de imagem t\u00e9rmica do Zenmuse H20 melhoram a consci\u00eancia situacional, permitindo que os operadores identifiquem poss\u00edveis perigos ou anomalias.<\/p>\n<\/li>\n<li data-sourcepos=\"25:1-26:0\">\n<p data-sourcepos=\"25:3-25:125\"><strong>Detec\u00e7\u00e3o automatizada de recursos:<\/strong> O zoom autom\u00e1tico para recursos t\u00e9rmicos simplifica a an\u00e1lise de dados e reduz a carga de trabalho do operador.<\/p>\n<\/li>\n<li data-sourcepos=\"27:1-28:0\">\n<p data-sourcepos=\"27:3-27:169\"><strong>Medi\u00e7\u00f5es de dist\u00e2ncia precisas:<\/strong> O tel\u00eametro a laser fornece aos operadores medi\u00e7\u00f5es precisas de dist\u00e2ncia para evitar obst\u00e1culos e an\u00e1lise de dados mais precisa.<\/p>\n<\/li>\n<li data-sourcepos=\"29:1-30:0\">\n<p data-sourcepos=\"29:3-29:165\"><strong>Integra\u00e7\u00e3o perfeita e facilidade de uso:<\/strong> O Zenmuse H20 foi projetado para facilidade de uso e integra\u00e7\u00e3o perfeita com drones DJI, simplificando a opera\u00e7\u00e3o e o fluxo de trabalho.<\/p>\n<\/li>\n<\/ul>\n<p data-sourcepos=\"31:1-31:413\">No geral, o Zenmuse H20 \u00e9 uma ferramenta excepcional para operadores profissionais de drones que exigem um sistema de c\u00e2meras a\u00e9reas de alto desempenho, vers\u00e1til e rico em dados para suas miss\u00f5es. Ele combina imagens de alta resolu\u00e7\u00e3o, v\u00e1rios sensores e integra\u00e7\u00e3o perfeita com drones DJI, permitindo que os operadores capturem dados detalhados, melhorem a consci\u00eancia situacional e tomem decis\u00f5es informadas em uma variedade de aplica\u00e7\u00f5es.<\/p>\n<p data-sourcepos=\"31:1-31:413\"><a href=\"https:\/\/www.ghostysky.com\/wp-content\/uploads\/2023\/12\/H20_Inthebox.jpg\"><img fetchpriority=\"high\" decoding=\"async\" class=\"alignnone size-full wp-image-15445 lazyload\" src=\"data:image\/gif;base64,R0lGODlhAQABAAAAACH5BAEKAAEALAAAAAABAAEAAAICTAEAOw==\" alt=\"\" width=\"1442\" height=\"392\" data-src=\"https:\/\/www.ghostysky.com\/wp-content\/uploads\/2023\/12\/H20_Inthebox.jpg\"><\/a><\/p>","protected":false},"excerpt":{"rendered":"<p>O DJI Zenmuse H20 \u00e9 um sistema abrangente de c\u00e2mera a\u00e9rea que combina uma c\u00e2mera com zoom de 20 MP de alta resolu\u00e7\u00e3o com quatro sensores adicionais: uma c\u00e2mera grande angular de 12 MP, uma c\u00e2mera com zoom \u00f3ptico de 20x, dois sensores t\u00e9rmicos de 640 x 512 e um laser de 1.200 metros. tel\u00eametro. Este vers\u00e1til sistema de c\u00e2meras foi projetado para uma ampla gama de aplica\u00e7\u00f5es profissionais, incluindo busca e salvamento, inspe\u00e7\u00e3o de infraestrutura, agricultura de precis\u00e3o e monitoramento de vida selvagem.<\/p>\n<ul>\n<li>C\u00e2mera com zoom de 20MP<\/li>\n<li>C\u00e2mera ampla de 12 MP<\/li>\n<li>Tel\u00eametro a laser de 1200 m<\/li>\n<\/ul>","protected":false},"featured_media":15447,"comment_status":"open","ping_status":"closed","template":"","meta":[],"product_brand":[],"product_cat":[622,37,621,29],"product_tag":[42,624,642],"class_list":{"0":"post-15444","1":"product","2":"type-product","3":"status-publish","4":"has-post-thumbnail","6":"product_cat-matrice-350-accessories","7":"product_cat-dji","8":"product_cat-dji-matrice-350-rtk","9":"product_cat-drones","10":"product_tag-dji","11":"product_tag-matrice-350-rtk","12":"product_tag-zenmuse-h20","14":"first","15":"instock","16":"taxable","17":"shipping-taxable","18":"purchasable","19":"product-type-simple"},"yoast_head":"<!-- This site is optimized with the Yoast SEO plugin v27.1.1 - https:\/\/yoast.com\/product\/yoast-seo-wordpress\/ -->\n<title>DJI Zenmuse H20 - Ghostysky<\/title>\n<meta name=\"description\" content=\"The Zenmuse H20 is a comprehensive aerial camera system that combines a high-resolution 20MP zoom camera with four additional sensors: a 12MP wide-angle camera, a 20x optical zoom camera, two 640 x 512 thermal sensors, and a 1,200-meter laser rangefinder. This versatile camera system is designed for a wide range of professional applications, including search and rescue, infrastructure inspection, precision agriculture, and wildlife monitoring.\" \/>\n<meta name=\"robots\" content=\"index, follow, max-snippet:-1, max-image-preview:large, max-video-preview:-1\" \/>\n<link rel=\"canonical\" href=\"https:\/\/www.ghostysky.com\/pt\/produto-2\/zenmuse-h20\/\" \/>\n<meta property=\"og:locale\" content=\"pt_PT\" \/>\n<meta property=\"og:type\" content=\"article\" \/>\n<meta property=\"og:title\" content=\"DJI Zenmuse H20 - Ghostysky\" \/>\n<meta property=\"og:description\" content=\"The Zenmuse H20 is a comprehensive aerial camera system that combines a high-resolution 20MP zoom camera with four additional sensors: a 12MP wide-angle camera, a 20x optical zoom camera, two 640 x 512 thermal sensors, and a 1,200-meter laser rangefinder. This versatile camera system is designed for a wide range of professional applications, including search and rescue, infrastructure inspection, precision agriculture, and wildlife monitoring.\" \/>\n<meta property=\"og:url\" content=\"https:\/\/www.ghostysky.com\/pt\/produto-2\/zenmuse-h20\/\" \/>\n<meta property=\"og:site_name\" content=\"Ghostysky\" \/>\n<meta property=\"article:publisher\" content=\"https:\/\/www.facebook.com\/people\/Ghostysky\/100057676170234\/\" \/>\n<meta property=\"article:modified_time\" content=\"2024-05-25T10:19:27+00:00\" \/>\n<meta property=\"og:image\" content=\"https:\/\/www.ghostysky.com\/wp-content\/uploads\/2023\/12\/h20_1.jpg\" \/>\n\t<meta property=\"og:image:width\" content=\"2560\" \/>\n\t<meta property=\"og:image:height\" content=\"2560\" \/>\n\t<meta property=\"og:image:type\" content=\"image\/jpeg\" \/>\n<meta name=\"twitter:card\" content=\"summary_large_image\" \/>\n<meta name=\"twitter:site\" content=\"@Gh0stysky\" \/>\n<meta name=\"twitter:label1\" content=\"Tempo estimado de leitura\" \/>\n\t<meta name=\"twitter:data1\" content=\"2 minutos\" \/>\n<script type=\"application\/ld+json\" class=\"yoast-schema-graph\">{\"@context\":\"https:\/\/schema.org\",\"@graph\":[{\"@type\":\"WebPage\",\"@id\":\"https:\/\/www.ghostysky.com\/product\/zenmuse-h20\/\",\"url\":\"https:\/\/www.ghostysky.com\/product\/zenmuse-h20\/\",\"name\":\"DJI Zenmuse H20 - Ghostysky\",\"isPartOf\":{\"@id\":\"https:\/\/www.ghostysky.com\/#website\"},\"primaryImageOfPage\":{\"@id\":\"https:\/\/www.ghostysky.com\/product\/zenmuse-h20\/#primaryimage\"},\"image\":{\"@id\":\"https:\/\/www.ghostysky.com\/product\/zenmuse-h20\/#primaryimage\"},\"thumbnailUrl\":\"https:\/\/www.ghostysky.com\/wp-content\/uploads\/2023\/12\/h20_1.jpg\",\"datePublished\":\"2023-12-28T22:17:49+00:00\",\"dateModified\":\"2024-05-25T10:19:27+00:00\",\"description\":\"The Zenmuse H20 is a comprehensive aerial camera system that combines a high-resolution 20MP zoom camera with four additional sensors: a 12MP wide-angle camera, a 20x optical zoom camera, two 640 x 512 thermal sensors, and a 1,200-meter laser rangefinder. This versatile camera system is designed for a wide range of professional applications, including search and rescue, infrastructure inspection, precision agriculture, and wildlife monitoring.\",\"breadcrumb\":{\"@id\":\"https:\/\/www.ghostysky.com\/product\/zenmuse-h20\/#breadcrumb\"},\"inLanguage\":\"pt-PT\",\"potentialAction\":[{\"@type\":\"ReadAction\",\"target\":[\"https:\/\/www.ghostysky.com\/product\/zenmuse-h20\/\"]}]},{\"@type\":\"ImageObject\",\"inLanguage\":\"pt-PT\",\"@id\":\"https:\/\/www.ghostysky.com\/product\/zenmuse-h20\/#primaryimage\",\"url\":\"https:\/\/www.ghostysky.com\/wp-content\/uploads\/2023\/12\/h20_1.jpg\",\"contentUrl\":\"https:\/\/www.ghostysky.com\/wp-content\/uploads\/2023\/12\/h20_1.jpg\",\"width\":2560,\"height\":2560},{\"@type\":\"BreadcrumbList\",\"@id\":\"https:\/\/www.ghostysky.com\/product\/zenmuse-h20\/#breadcrumb\",\"itemListElement\":[{\"@type\":\"ListItem\",\"position\":1,\"name\":\"Home\",\"item\":\"https:\/\/www.ghostysky.com\/\"},{\"@type\":\"ListItem\",\"position\":2,\"name\":\"Shop\",\"item\":\"https:\/\/www.ghostysky.com\/shop\/\"},{\"@type\":\"ListItem\",\"position\":3,\"name\":\"DJI Zenmuse H20\"}]},{\"@type\":\"WebSite\",\"@id\":\"https:\/\/www.ghostysky.com\/#website\",\"url\":\"https:\/\/www.ghostysky.com\/\",\"name\":\"Ghostysky\",\"description\":\"Delivering professional drones and services\",\"publisher\":{\"@id\":\"https:\/\/www.ghostysky.com\/#organization\"},\"potentialAction\":[{\"@type\":\"SearchAction\",\"target\":{\"@type\":\"EntryPoint\",\"urlTemplate\":\"https:\/\/www.ghostysky.com\/?s={search_term_string}\"},\"query-input\":{\"@type\":\"PropertyValueSpecification\",\"valueRequired\":true,\"valueName\":\"search_term_string\"}}],\"inLanguage\":\"pt-PT\"},{\"@type\":\"Organization\",\"@id\":\"https:\/\/www.ghostysky.com\/#organization\",\"name\":\"Ghostysky\",\"url\":\"https:\/\/www.ghostysky.com\/\",\"logo\":{\"@type\":\"ImageObject\",\"inLanguage\":\"pt-PT\",\"@id\":\"https:\/\/www.ghostysky.com\/#\/schema\/logo\/image\/\",\"url\":\"https:\/\/www.ghostysky.com\/wp-content\/uploads\/2020\/06\/cropped-ghostyskylogo_text_white2.png\",\"contentUrl\":\"https:\/\/www.ghostysky.com\/wp-content\/uploads\/2020\/06\/cropped-ghostyskylogo_text_white2.png\",\"width\":169,\"height\":56,\"caption\":\"Ghostysky\"},\"image\":{\"@id\":\"https:\/\/www.ghostysky.com\/#\/schema\/logo\/image\/\"},\"sameAs\":[\"https:\/\/www.facebook.com\/people\/Ghostysky\/100057676170234\/\",\"https:\/\/x.com\/Gh0stysky\",\"https:\/\/www.linkedin.com\/company\/34739653\",\"https:\/\/www.instagram.com\/gh0stysky\"]}]}<\/script>\n<!-- \/ Yoast SEO plugin. -->","yoast_head_json":{"title":"DJI Zenmuse H20 - Ghostysky","description":"A Zenmuse H20 \u00e9 um sistema abrangente de c\u00e2mera a\u00e9rea que combina uma c\u00e2mera com zoom de 20 MP de alta resolu\u00e7\u00e3o com quatro sensores adicionais: uma c\u00e2mera grande angular de 12 MP, uma c\u00e2mera com zoom \u00f3ptico de 20x, dois sensores t\u00e9rmicos de 640 x 512 e um tel\u00eametro a laser de 1.200 metros. . Este vers\u00e1til sistema de c\u00e2meras foi projetado para uma ampla gama de aplica\u00e7\u00f5es profissionais, incluindo busca e salvamento, inspe\u00e7\u00e3o de infraestrutura, agricultura de precis\u00e3o e monitoramento de vida selvagem.","robots":{"index":"index","follow":"follow","max-snippet":"max-snippet:-1","max-image-preview":"max-image-preview:large","max-video-preview":"max-video-preview:-1"},"canonical":"https:\/\/www.ghostysky.com\/pt\/produto-2\/zenmuse-h20\/","og_locale":"pt_PT","og_type":"article","og_title":"DJI Zenmuse H20 - Ghostysky","og_description":"The Zenmuse H20 is a comprehensive aerial camera system that combines a high-resolution 20MP zoom camera with four additional sensors: a 12MP wide-angle camera, a 20x optical zoom camera, two 640 x 512 thermal sensors, and a 1,200-meter laser rangefinder. This versatile camera system is designed for a wide range of professional applications, including search and rescue, infrastructure inspection, precision agriculture, and wildlife monitoring.","og_url":"https:\/\/www.ghostysky.com\/pt\/produto-2\/zenmuse-h20\/","og_site_name":"Ghostysky","article_publisher":"https:\/\/www.facebook.com\/people\/Ghostysky\/100057676170234\/","article_modified_time":"2024-05-25T10:19:27+00:00","og_image":[{"width":2560,"height":2560,"url":"https:\/\/www.ghostysky.com\/wp-content\/uploads\/2023\/12\/h20_1.jpg","type":"image\/jpeg"}],"twitter_card":"summary_large_image","twitter_site":"@Gh0stysky","twitter_misc":{"Tempo estimado de leitura":"2 minutos"},"schema":{"@context":"https:\/\/schema.org","@graph":[{"@type":"WebPage","@id":"https:\/\/www.ghostysky.com\/product\/zenmuse-h20\/","url":"https:\/\/www.ghostysky.com\/product\/zenmuse-h20\/","name":"DJI Zenmuse H20 - Ghostysky","isPartOf":{"@id":"https:\/\/www.ghostysky.com\/#website"},"primaryImageOfPage":{"@id":"https:\/\/www.ghostysky.com\/product\/zenmuse-h20\/#primaryimage"},"image":{"@id":"https:\/\/www.ghostysky.com\/product\/zenmuse-h20\/#primaryimage"},"thumbnailUrl":"https:\/\/www.ghostysky.com\/wp-content\/uploads\/2023\/12\/h20_1.jpg","datePublished":"2023-12-28T22:17:49+00:00","dateModified":"2024-05-25T10:19:27+00:00","description":"A Zenmuse H20 \u00e9 um sistema abrangente de c\u00e2mera a\u00e9rea que combina uma c\u00e2mera com zoom de 20 MP de alta resolu\u00e7\u00e3o com quatro sensores adicionais: uma c\u00e2mera grande angular de 12 MP, uma c\u00e2mera com zoom \u00f3ptico de 20x, dois sensores t\u00e9rmicos de 640 x 512 e um tel\u00eametro a laser de 1.200 metros. . Este vers\u00e1til sistema de c\u00e2meras foi projetado para uma ampla gama de aplica\u00e7\u00f5es profissionais, incluindo busca e salvamento, inspe\u00e7\u00e3o de infraestrutura, agricultura de precis\u00e3o e monitoramento de vida selvagem.","breadcrumb":{"@id":"https:\/\/www.ghostysky.com\/product\/zenmuse-h20\/#breadcrumb"},"inLanguage":"pt-PT","potentialAction":[{"@type":"ReadAction","target":["https:\/\/www.ghostysky.com\/product\/zenmuse-h20\/"]}]},{"@type":"ImageObject","inLanguage":"pt-PT","@id":"https:\/\/www.ghostysky.com\/product\/zenmuse-h20\/#primaryimage","url":"https:\/\/www.ghostysky.com\/wp-content\/uploads\/2023\/12\/h20_1.jpg","contentUrl":"https:\/\/www.ghostysky.com\/wp-content\/uploads\/2023\/12\/h20_1.jpg","width":2560,"height":2560},{"@type":"BreadcrumbList","@id":"https:\/\/www.ghostysky.com\/product\/zenmuse-h20\/#breadcrumb","itemListElement":[{"@type":"ListItem","position":1,"name":"Home","item":"https:\/\/www.ghostysky.com\/"},{"@type":"ListItem","position":2,"name":"Shop","item":"https:\/\/www.ghostysky.com\/shop\/"},{"@type":"ListItem","position":3,"name":"DJI Zenmuse H20"}]},{"@type":"WebSite","@id":"https:\/\/www.ghostysky.com\/#website","url":"https:\/\/www.ghostysky.com\/","name":"Ghostysky","description":"Fornecendo drones e servi\u00e7os profissionais","publisher":{"@id":"https:\/\/www.ghostysky.com\/#organization"},"potentialAction":[{"@type":"SearchAction","target":{"@type":"EntryPoint","urlTemplate":"https:\/\/www.ghostysky.com\/?s={search_term_string}"},"query-input":{"@type":"PropertyValueSpecification","valueRequired":true,"valueName":"search_term_string"}}],"inLanguage":"pt-PT"},{"@type":"Organization","@id":"https:\/\/www.ghostysky.com\/#organization","name":"Ghostysky","url":"https:\/\/www.ghostysky.com\/","logo":{"@type":"ImageObject","inLanguage":"pt-PT","@id":"https:\/\/www.ghostysky.com\/#\/schema\/logo\/image\/","url":"https:\/\/www.ghostysky.com\/wp-content\/uploads\/2020\/06\/cropped-ghostyskylogo_text_white2.png","contentUrl":"https:\/\/www.ghostysky.com\/wp-content\/uploads\/2020\/06\/cropped-ghostyskylogo_text_white2.png","width":169,"height":56,"caption":"Ghostysky"},"image":{"@id":"https:\/\/www.ghostysky.com\/#\/schema\/logo\/image\/"},"sameAs":["https:\/\/www.facebook.com\/people\/Ghostysky\/100057676170234\/","https:\/\/x.com\/Gh0stysky","https:\/\/www.linkedin.com\/company\/34739653","https:\/\/www.instagram.com\/gh0stysky"]}]}},"_links":{"self":[{"href":"https:\/\/www.ghostysky.com\/pt\/wp-json\/wp\/v2\/product\/15444","targetHints":{"allow":["GET"]}}],"collection":[{"href":"https:\/\/www.ghostysky.com\/pt\/wp-json\/wp\/v2\/product"}],"about":[{"href":"https:\/\/www.ghostysky.com\/pt\/wp-json\/wp\/v2\/types\/product"}],"replies":[{"embeddable":true,"href":"https:\/\/www.ghostysky.com\/pt\/wp-json\/wp\/v2\/comments?post=15444"}],"wp:featuredmedia":[{"embeddable":true,"href":"https:\/\/www.ghostysky.com\/pt\/wp-json\/wp\/v2\/media\/15447"}],"wp:attachment":[{"href":"https:\/\/www.ghostysky.com\/pt\/wp-json\/wp\/v2\/media?parent=15444"}],"wp:term":[{"taxonomy":"product_brand","embeddable":true,"href":"https:\/\/www.ghostysky.com\/pt\/wp-json\/wp\/v2\/product_brand?post=15444"},{"taxonomy":"product_cat","embeddable":true,"href":"https:\/\/www.ghostysky.com\/pt\/wp-json\/wp\/v2\/product_cat?post=15444"},{"taxonomy":"product_tag","embeddable":true,"href":"https:\/\/www.ghostysky.com\/pt\/wp-json\/wp\/v2\/product_tag?post=15444"}],"curies":[{"name":"wp","href":"https:\/\/api.w.org\/{rel}","templated":true}]}}