{"id":15467,"date":"2023-12-29T17:43:43","date_gmt":"2023-12-29T17:43:43","guid":{"rendered":"https:\/\/www.ghostysky.com\/?post_type=product&#038;p=15467"},"modified":"2024-03-27T20:10:15","modified_gmt":"2024-03-27T20:10:15","slug":"dronescout-ds240","status":"publish","type":"product","link":"https:\/\/www.ghostysky.com\/pt\/product\/dronescout-ds240\/","title":{"rendered":"DroneScout DS240 Barebone"},"content":{"rendered":"<p>O receptor DroneScout suporta todos os protocolos de transmiss\u00e3o (Bluetooth legado, Bluetooth Long Range, WiFi NaN e WiFi Beacon) e todas as bandas de frequ\u00eancia (2,4, 5,2 e 5,8 GHz). Al\u00e9m disso, o DroneScout usa Power of Ethernet (PoE 802.3af\/at) para conectividade e energia.<\/p>\n<p>O produto \u00e9 destinado a integradores de sistemas que desejam integrar o receptor DroneScout em seus produtos. Em termos t\u00e9cnicos, as informa\u00e7\u00f5es de Remote ID recebidas pelo DroneScout s\u00e3o transmitidas em formato JSON para um corretor MQTT. O c\u00f3digo-fonte de refer\u00eancia \u00e9 fornecido para processar as informa\u00e7\u00f5es recebidas. Internamente, o receptor usa a estrutura Open Drone ID que suporta o padr\u00e3o DIN EN 4709-002 (UE) e ASTM F3411-22a-RID-B (EUA).<\/p>\n<h3>Aplicativos para o receptor de identifica\u00e7\u00e3o remota DroneScout<\/h3>\n<p>As informa\u00e7\u00f5es do farol podem ser usadas pelo p\u00fablico em geral, pelas autoridades policiais e pelos drones para dar uma melhor consci\u00eancia da situa\u00e7\u00e3o do espa\u00e7o a\u00e9reo ao seu redor. As aplica\u00e7\u00f5es dos receptores de ID remoto est\u00e3o na \u00e1rea de seguran\u00e7a e prote\u00e7\u00e3o. Podem ser empresas de intelig\u00eancia de seguran\u00e7a interessadas em drones pr\u00f3ximos. Ou aeroportos que desejam detectar drones pr\u00f3ximos para evitar situa\u00e7\u00f5es inseguras.<\/p>\n<div id=\"sensor\" class=\"vc_row wpb_row vc_row-fluid riven-overview vc_custom_1668598884661 vc_row-has-fill opn-active\" data-op-gutter=\"\" data-opn_enable_overlay=\"\" data-opn_hide_navigation=\"\">\n<div class=\"wpb_column vc_column_container vc_col-sm-12\">\n<div class=\"vc_column-inner\">\n<div class=\"wpb_wrapper\">\n<div class=\"wpb_text_column wpb_content_element\">\n<div class=\"wpb_wrapper\">\n<div class=\"vc_row wpb_row vc_row-fluid\" data-op-gutter=\"\" data-opn_enable_overlay=\"\" data-opn_hide_navigation=\"\">\n<div class=\"wpb_column vc_column_container vc_col-sm-12\">\n<div class=\"vc_column-inner\">\n<div class=\"wpb_wrapper\">\n<div class=\"wpb_text_column wpb_content_element\">\n<div class=\"wpb_wrapper\">\n<h3><strong>Receptor de identifica\u00e7\u00e3o remota Ds240<\/strong><\/h3>\n<\/div>\n<\/div>\n<\/div>\n<\/div>\n<\/div>\n<\/div>\n<div class=\"vc_row wpb_row vc_row-fluid\" data-op-gutter=\"\" data-opn_enable_overlay=\"\" data-opn_hide_navigation=\"\">\n<div class=\"wpb_column vc_column_container vc_col-sm-6\">\n<div class=\"vc_column-inner\">\n<div class=\"wpb_wrapper\">\n<div class=\"wpb_text_column wpb_content_element\">\n<div class=\"wpb_wrapper\">\n<p><strong><b>R\u00e1dio de curto alcance<\/b><\/strong><\/p>\n<ul>\n<li>Bluetooth 2,4 GHz<\/li>\n<li>Wi-Fi 2,4 GHz, 5,2 GHz, 5,8 GHz<\/li>\n<\/ul>\n<p><strong><b>Antenas<\/b><\/strong><\/p>\n<ul>\n<li><strong>15 dBi<\/strong>\u00a0antenas (conector N, 1x Bluetooth, 2x antena WiFi 2,4 GHz, 1x antena WiFi 5,2\/5,8 GHz). As antenas de 2,4 GHz t\u00eam 150 cm de comprimento. Est\u00e3o inclu\u00eddos 4 protetores contra surtos e 4 cabos de antena de 50 cm (conector N). Podem ser substitu\u00eddos por outras antenas.<\/li>\n<\/ul>\n<p>Edi\u00e7\u00e3o Barebone: sem antenas, protetores contra surtos e cabos de antena inclu\u00eddos!<\/p>\n<p><strong>\u00c1rea de detec\u00e7\u00e3o<\/strong><\/p>\n<ul>\n<li>700 km<sup>2<\/sup>\u00a0\/ raio de 15 km. Consulte tamb\u00e9m a se\u00e7\u00e3o 1.9 do manual. A \u00e1rea real de detec\u00e7\u00e3o pode ser maior ou menor, pois depende do local de instala\u00e7\u00e3o, como altura e obstru\u00e7\u00e3o de grandes edif\u00edcios.<\/li>\n<\/ul>\n<p><strong><b>Poder<\/b><\/strong><\/p>\n<ul>\n<li>PoE (Power over Ethernet): 802.3af\/at<\/li>\n<\/ul>\n<p><strong><b>Consumo m\u00e9dio atual<\/b><\/strong><\/p>\n<ul>\n<li>&lt; 5W<\/li>\n<\/ul>\n<p><strong><b>Conectividade<\/b><\/strong><\/p>\n<ul>\n<li>Interface Ethernet 10\/100M\/1000M<\/li>\n<\/ul>\n<p><strong><b>Gabinete<\/b><\/strong><\/p>\n<ul>\n<li>pl\u00e1stico<\/li>\n<\/ul>\n<p><strong><b>Mecanismo de fixa\u00e7\u00e3o<\/b><\/strong><\/p>\n<ul>\n<li>montagem em mastro para instala\u00e7\u00e3o em poste ou parede<\/li>\n<\/ul>\n<p><strong><b>Classifica\u00e7\u00e3o IP<\/b><\/strong><\/p>\n<ul>\n<li>IP67<\/li>\n<\/ul>\n<p><strong><b>Temperatura de opera\u00e7\u00e3o<\/b><\/strong><\/p>\n<ul>\n<li>-20\u00b0C a +40\u00b0C<\/li>\n<\/ul>\n<p><strong><b>Dimens\u00f5es<\/b><\/strong><\/p>\n<ul>\n<li>27,2 x 27,6 x 9,6 (sem antenas).<\/li>\n<\/ul>\n<p><strong><b>Peso<\/b><\/strong><\/p>\n<ul>\n<li>1,4 kg (com montagem em mastro 1,9 kg) Isso exclui antenas. Antenas, cabos RF e protetores contra surtos pesam 5 kg.<\/li>\n<\/ul>\n<\/div>\n<\/div>\n<\/div>\n<\/div>\n<\/div>\n<\/div>\n<\/div>\n<\/div>\n<\/div>\n<\/div>\n<\/div>\n<\/div>","protected":false},"excerpt":{"rendered":"<p>DroneScout \u00e9 um receptor de ID remoto (direto\/transmiss\u00e3o) que recebe sinais de ID remoto. Um receptor tamb\u00e9m \u00e9 chamado de sensor ou radar. A UE e os EUA est\u00e3o a planear novas regras que tornem a identifica\u00e7\u00e3o remota obrigat\u00f3ria para drones com peso superior a 250 gramas. Tecnicamente, o Remote ID \u00e9 denominado Direct Remote ID (DRI) na UE e Broadcast Remote ID nos EUA.<\/p>\n<p><strong>O <em>ds240 barebone<\/em>\u00a0\u00e9 o receptor ds240 sem antenas, protetores contra surtos e cabos de antena. Voc\u00ea precisa instalar e usar suas pr\u00f3prias antenas!<\/strong><\/p>","protected":false},"featured_media":15459,"comment_status":"open","ping_status":"closed","template":"","meta":[],"product_brand":[],"product_cat":[461,604],"product_tag":[820,644,646],"class_list":{"0":"post-15467","1":"product","2":"type-product","3":"status-publish","4":"has-post-thumbnail","6":"product_cat-accessories-2","7":"product_cat-remote-id","8":"product_tag-barebone","9":"product_tag-dronescout","10":"product_tag-ds240","12":"first","13":"onbackorder","14":"taxable","15":"shipping-taxable","16":"purchasable","17":"product-type-simple"},"yoast_head":"<!-- This site is optimized with the Yoast SEO plugin v27.1.1 - https:\/\/yoast.com\/product\/yoast-seo-wordpress\/ -->\n<title>DroneScout DS240 Barebone - Ghostysky<\/title>\n<meta name=\"description\" content=\"DroneScout is a (direct\/broadcast) Remote ID receiver that receives Remote ID signals. A receiver is also called sensor or radar. The EU and USA are planning new rules that make Remote ID mandatory for drones over 250 grams weight. Technically Remote ID is called Direct Remote ID (DRI) in the EU and Broadcast Remote ID in the USA.\" \/>\n<meta name=\"robots\" content=\"index, follow, max-snippet:-1, max-image-preview:large, max-video-preview:-1\" \/>\n<link rel=\"canonical\" href=\"https:\/\/www.ghostysky.com\/pt\/produto-2\/dronescout-ds240\/\" \/>\n<meta property=\"og:locale\" content=\"pt_PT\" \/>\n<meta property=\"og:type\" content=\"article\" \/>\n<meta property=\"og:title\" content=\"DroneScout DS240 Barebone - Ghostysky\" \/>\n<meta property=\"og:description\" content=\"DroneScout is a (direct\/broadcast) Remote ID receiver that receives Remote ID signals. A receiver is also called sensor or radar. The EU and USA are planning new rules that make Remote ID mandatory for drones over 250 grams weight. Technically Remote ID is called Direct Remote ID (DRI) in the EU and Broadcast Remote ID in the USA.\" \/>\n<meta property=\"og:url\" content=\"https:\/\/www.ghostysky.com\/pt\/produto-2\/dronescout-ds240\/\" \/>\n<meta property=\"og:site_name\" content=\"Ghostysky\" \/>\n<meta property=\"article:publisher\" content=\"https:\/\/www.facebook.com\/people\/Ghostysky\/100057676170234\/\" \/>\n<meta property=\"article:modified_time\" content=\"2024-03-27T20:10:15+00:00\" \/>\n<meta property=\"og:image\" content=\"https:\/\/www.ghostysky.com\/wp-content\/uploads\/2023\/12\/DS240_3.jpg\" \/>\n\t<meta property=\"og:image:width\" content=\"768\" \/>\n\t<meta property=\"og:image:height\" content=\"576\" \/>\n\t<meta property=\"og:image:type\" content=\"image\/jpeg\" \/>\n<meta name=\"twitter:card\" content=\"summary_large_image\" \/>\n<meta name=\"twitter:site\" content=\"@Gh0stysky\" \/>\n<meta name=\"twitter:label1\" content=\"Tempo estimado de leitura\" \/>\n\t<meta name=\"twitter:data1\" content=\"2 minutos\" \/>\n<script type=\"application\/ld+json\" class=\"yoast-schema-graph\">{\"@context\":\"https:\/\/schema.org\",\"@graph\":[{\"@type\":\"WebPage\",\"@id\":\"https:\/\/www.ghostysky.com\/product\/dronescout-ds240\/\",\"url\":\"https:\/\/www.ghostysky.com\/product\/dronescout-ds240\/\",\"name\":\"DroneScout DS240 Barebone - Ghostysky\",\"isPartOf\":{\"@id\":\"https:\/\/www.ghostysky.com\/#website\"},\"primaryImageOfPage\":{\"@id\":\"https:\/\/www.ghostysky.com\/product\/dronescout-ds240\/#primaryimage\"},\"image\":{\"@id\":\"https:\/\/www.ghostysky.com\/product\/dronescout-ds240\/#primaryimage\"},\"thumbnailUrl\":\"https:\/\/www.ghostysky.com\/wp-content\/uploads\/2023\/12\/DS240_3.jpg\",\"datePublished\":\"2023-12-29T17:43:43+00:00\",\"dateModified\":\"2024-03-27T20:10:15+00:00\",\"description\":\"DroneScout is a (direct\/broadcast) Remote ID receiver that receives Remote ID signals. A receiver is also called sensor or radar. The EU and USA are planning new rules that make Remote ID mandatory for drones over 250 grams weight. Technically Remote ID is called Direct Remote ID (DRI) in the EU and Broadcast Remote ID in the USA.\",\"breadcrumb\":{\"@id\":\"https:\/\/www.ghostysky.com\/product\/dronescout-ds240\/#breadcrumb\"},\"inLanguage\":\"pt-PT\",\"potentialAction\":[{\"@type\":\"ReadAction\",\"target\":[\"https:\/\/www.ghostysky.com\/product\/dronescout-ds240\/\"]}]},{\"@type\":\"ImageObject\",\"inLanguage\":\"pt-PT\",\"@id\":\"https:\/\/www.ghostysky.com\/product\/dronescout-ds240\/#primaryimage\",\"url\":\"https:\/\/www.ghostysky.com\/wp-content\/uploads\/2023\/12\/DS240_3.jpg\",\"contentUrl\":\"https:\/\/www.ghostysky.com\/wp-content\/uploads\/2023\/12\/DS240_3.jpg\",\"width\":768,\"height\":576},{\"@type\":\"BreadcrumbList\",\"@id\":\"https:\/\/www.ghostysky.com\/product\/dronescout-ds240\/#breadcrumb\",\"itemListElement\":[{\"@type\":\"ListItem\",\"position\":1,\"name\":\"Home\",\"item\":\"https:\/\/www.ghostysky.com\/\"},{\"@type\":\"ListItem\",\"position\":2,\"name\":\"Shop\",\"item\":\"https:\/\/www.ghostysky.com\/shop\/\"},{\"@type\":\"ListItem\",\"position\":3,\"name\":\"DroneScout DS240 Barebone\"}]},{\"@type\":\"WebSite\",\"@id\":\"https:\/\/www.ghostysky.com\/#website\",\"url\":\"https:\/\/www.ghostysky.com\/\",\"name\":\"Ghostysky\",\"description\":\"Delivering professional drones and services\",\"publisher\":{\"@id\":\"https:\/\/www.ghostysky.com\/#organization\"},\"potentialAction\":[{\"@type\":\"SearchAction\",\"target\":{\"@type\":\"EntryPoint\",\"urlTemplate\":\"https:\/\/www.ghostysky.com\/?s={search_term_string}\"},\"query-input\":{\"@type\":\"PropertyValueSpecification\",\"valueRequired\":true,\"valueName\":\"search_term_string\"}}],\"inLanguage\":\"pt-PT\"},{\"@type\":\"Organization\",\"@id\":\"https:\/\/www.ghostysky.com\/#organization\",\"name\":\"Ghostysky\",\"url\":\"https:\/\/www.ghostysky.com\/\",\"logo\":{\"@type\":\"ImageObject\",\"inLanguage\":\"pt-PT\",\"@id\":\"https:\/\/www.ghostysky.com\/#\/schema\/logo\/image\/\",\"url\":\"https:\/\/www.ghostysky.com\/wp-content\/uploads\/2020\/06\/cropped-ghostyskylogo_text_white2.png\",\"contentUrl\":\"https:\/\/www.ghostysky.com\/wp-content\/uploads\/2020\/06\/cropped-ghostyskylogo_text_white2.png\",\"width\":169,\"height\":56,\"caption\":\"Ghostysky\"},\"image\":{\"@id\":\"https:\/\/www.ghostysky.com\/#\/schema\/logo\/image\/\"},\"sameAs\":[\"https:\/\/www.facebook.com\/people\/Ghostysky\/100057676170234\/\",\"https:\/\/x.com\/Gh0stysky\",\"https:\/\/www.linkedin.com\/company\/34739653\",\"https:\/\/www.instagram.com\/gh0stysky\"]}]}<\/script>\n<!-- \/ Yoast SEO plugin. -->","yoast_head_json":{"title":"DroneScout DS240 Barebone - Ghostysky","description":"DroneScout \u00e9 um receptor de ID remoto (direto\/transmiss\u00e3o) que recebe sinais de ID remoto. Um receptor tamb\u00e9m \u00e9 chamado de sensor ou radar. A UE e os EUA est\u00e3o a planear novas regras que tornem a identifica\u00e7\u00e3o remota obrigat\u00f3ria para drones com peso superior a 250 gramas. Tecnicamente, o Remote ID \u00e9 denominado Direct Remote ID (DRI) na UE e Broadcast Remote ID nos EUA.","robots":{"index":"index","follow":"follow","max-snippet":"max-snippet:-1","max-image-preview":"max-image-preview:large","max-video-preview":"max-video-preview:-1"},"canonical":"https:\/\/www.ghostysky.com\/pt\/produto-2\/dronescout-ds240\/","og_locale":"pt_PT","og_type":"article","og_title":"DroneScout DS240 Barebone - Ghostysky","og_description":"DroneScout is a (direct\/broadcast) Remote ID receiver that receives Remote ID signals. A receiver is also called sensor or radar. The EU and USA are planning new rules that make Remote ID mandatory for drones over 250 grams weight. Technically Remote ID is called Direct Remote ID (DRI) in the EU and Broadcast Remote ID in the USA.","og_url":"https:\/\/www.ghostysky.com\/pt\/produto-2\/dronescout-ds240\/","og_site_name":"Ghostysky","article_publisher":"https:\/\/www.facebook.com\/people\/Ghostysky\/100057676170234\/","article_modified_time":"2024-03-27T20:10:15+00:00","og_image":[{"width":768,"height":576,"url":"https:\/\/www.ghostysky.com\/wp-content\/uploads\/2023\/12\/DS240_3.jpg","type":"image\/jpeg"}],"twitter_card":"summary_large_image","twitter_site":"@Gh0stysky","twitter_misc":{"Tempo estimado de leitura":"2 minutos"},"schema":{"@context":"https:\/\/schema.org","@graph":[{"@type":"WebPage","@id":"https:\/\/www.ghostysky.com\/product\/dronescout-ds240\/","url":"https:\/\/www.ghostysky.com\/product\/dronescout-ds240\/","name":"DroneScout DS240 Barebone - Ghostysky","isPartOf":{"@id":"https:\/\/www.ghostysky.com\/#website"},"primaryImageOfPage":{"@id":"https:\/\/www.ghostysky.com\/product\/dronescout-ds240\/#primaryimage"},"image":{"@id":"https:\/\/www.ghostysky.com\/product\/dronescout-ds240\/#primaryimage"},"thumbnailUrl":"https:\/\/www.ghostysky.com\/wp-content\/uploads\/2023\/12\/DS240_3.jpg","datePublished":"2023-12-29T17:43:43+00:00","dateModified":"2024-03-27T20:10:15+00:00","description":"DroneScout \u00e9 um receptor de ID remoto (direto\/transmiss\u00e3o) que recebe sinais de ID remoto. Um receptor tamb\u00e9m \u00e9 chamado de sensor ou radar. A UE e os EUA est\u00e3o a planear novas regras que tornem a identifica\u00e7\u00e3o remota obrigat\u00f3ria para drones com peso superior a 250 gramas. Tecnicamente, o Remote ID \u00e9 denominado Direct Remote ID (DRI) na UE e Broadcast Remote ID nos EUA.","breadcrumb":{"@id":"https:\/\/www.ghostysky.com\/product\/dronescout-ds240\/#breadcrumb"},"inLanguage":"pt-PT","potentialAction":[{"@type":"ReadAction","target":["https:\/\/www.ghostysky.com\/product\/dronescout-ds240\/"]}]},{"@type":"ImageObject","inLanguage":"pt-PT","@id":"https:\/\/www.ghostysky.com\/product\/dronescout-ds240\/#primaryimage","url":"https:\/\/www.ghostysky.com\/wp-content\/uploads\/2023\/12\/DS240_3.jpg","contentUrl":"https:\/\/www.ghostysky.com\/wp-content\/uploads\/2023\/12\/DS240_3.jpg","width":768,"height":576},{"@type":"BreadcrumbList","@id":"https:\/\/www.ghostysky.com\/product\/dronescout-ds240\/#breadcrumb","itemListElement":[{"@type":"ListItem","position":1,"name":"Home","item":"https:\/\/www.ghostysky.com\/"},{"@type":"ListItem","position":2,"name":"Shop","item":"https:\/\/www.ghostysky.com\/shop\/"},{"@type":"ListItem","position":3,"name":"DroneScout DS240 Barebone"}]},{"@type":"WebSite","@id":"https:\/\/www.ghostysky.com\/#website","url":"https:\/\/www.ghostysky.com\/","name":"Ghostysky","description":"Fornecendo drones e servi\u00e7os profissionais","publisher":{"@id":"https:\/\/www.ghostysky.com\/#organization"},"potentialAction":[{"@type":"SearchAction","target":{"@type":"EntryPoint","urlTemplate":"https:\/\/www.ghostysky.com\/?s={search_term_string}"},"query-input":{"@type":"PropertyValueSpecification","valueRequired":true,"valueName":"search_term_string"}}],"inLanguage":"pt-PT"},{"@type":"Organization","@id":"https:\/\/www.ghostysky.com\/#organization","name":"Ghostysky","url":"https:\/\/www.ghostysky.com\/","logo":{"@type":"ImageObject","inLanguage":"pt-PT","@id":"https:\/\/www.ghostysky.com\/#\/schema\/logo\/image\/","url":"https:\/\/www.ghostysky.com\/wp-content\/uploads\/2020\/06\/cropped-ghostyskylogo_text_white2.png","contentUrl":"https:\/\/www.ghostysky.com\/wp-content\/uploads\/2020\/06\/cropped-ghostyskylogo_text_white2.png","width":169,"height":56,"caption":"Ghostysky"},"image":{"@id":"https:\/\/www.ghostysky.com\/#\/schema\/logo\/image\/"},"sameAs":["https:\/\/www.facebook.com\/people\/Ghostysky\/100057676170234\/","https:\/\/x.com\/Gh0stysky","https:\/\/www.linkedin.com\/company\/34739653","https:\/\/www.instagram.com\/gh0stysky"]}]}},"_links":{"self":[{"href":"https:\/\/www.ghostysky.com\/pt\/wp-json\/wp\/v2\/product\/15467","targetHints":{"allow":["GET"]}}],"collection":[{"href":"https:\/\/www.ghostysky.com\/pt\/wp-json\/wp\/v2\/product"}],"about":[{"href":"https:\/\/www.ghostysky.com\/pt\/wp-json\/wp\/v2\/types\/product"}],"replies":[{"embeddable":true,"href":"https:\/\/www.ghostysky.com\/pt\/wp-json\/wp\/v2\/comments?post=15467"}],"wp:featuredmedia":[{"embeddable":true,"href":"https:\/\/www.ghostysky.com\/pt\/wp-json\/wp\/v2\/media\/15459"}],"wp:attachment":[{"href":"https:\/\/www.ghostysky.com\/pt\/wp-json\/wp\/v2\/media?parent=15467"}],"wp:term":[{"taxonomy":"product_brand","embeddable":true,"href":"https:\/\/www.ghostysky.com\/pt\/wp-json\/wp\/v2\/product_brand?post=15467"},{"taxonomy":"product_cat","embeddable":true,"href":"https:\/\/www.ghostysky.com\/pt\/wp-json\/wp\/v2\/product_cat?post=15467"},{"taxonomy":"product_tag","embeddable":true,"href":"https:\/\/www.ghostysky.com\/pt\/wp-json\/wp\/v2\/product_tag?post=15467"}],"curies":[{"name":"wp","href":"https:\/\/api.w.org\/{rel}","templated":true}]}}