{"id":15945,"date":"2024-02-10T09:39:55","date_gmt":"2024-02-10T09:39:55","guid":{"rendered":"https:\/\/www.ghostysky.com\/?post_type=product&#038;p=15945"},"modified":"2024-11-13T09:42:23","modified_gmt":"2024-11-13T09:42:23","slug":"gm-single-user-floating-license","status":"publish","type":"product","link":"https:\/\/www.ghostysky.com\/pt\/product\/gm-single-user-floating-license\/","title":{"rendered":"Utilizador \u00danico GM \u2013 Licen\u00e7a Flutuante"},"content":{"rendered":"<h3 data-sourcepos=\"8:1-8:63\">O Global Mapper Standard \u00e9 uma \u00f3tima op\u00e7\u00e3o para usu\u00e1rios que precisam:<\/h3>\n<ul data-sourcepos=\"10:1-10:1\">\n<li data-sourcepos=\"10:1-10:1\">Visualize e analise dados geoespaciais<\/li>\n<li data-sourcepos=\"11:1-11:25\">Crie mapas e relat\u00f3rios<\/li>\n<li data-sourcepos=\"12:1-12:37\">Edite e manipule dados geoespaciais<\/li>\n<li data-sourcepos=\"13:1-14:0\">Execute tarefas b\u00e1sicas de GIS<\/li>\n<\/ul>\n<h3>Padr\u00e3o Global do Mapeador<\/h3>\n<hr \/>\n<p class=\"feature_heading\"><strong>A licen\u00e7a padr\u00e3o inclui:<\/strong><\/p>\n<div>\n<div class=\"row\">\n<div>\n<div><img decoding=\"async\" src=\"data:image\/gif;base64,R0lGODlhAQABAAAAACH5BAEKAAEALAAAAAABAAEAAAICTAEAOw==\" class=\"lazyload\" data-src=\"https:\/\/www.bluemarblegeo.com\/wp-content\/uploads\/2023\/09\/blue-check.svg\"> Suporte para importa\u00e7\u00e3o e exporta\u00e7\u00e3o de mais de 300 formatos de arquivo<\/div>\n<\/div>\n<\/div>\n<div class=\"row\">\n<div>\n<div><img decoding=\"async\" src=\"data:image\/gif;base64,R0lGODlhAQABAAAAACH5BAEKAAEALAAAAAABAAEAAAICTAEAOw==\" class=\"lazyload\" data-src=\"https:\/\/www.bluemarblegeo.com\/wp-content\/uploads\/2023\/09\/blue-check.svg\"> Acesso a fontes de dados on-line para streaming de imagens, mapas base, terreno e dados vetoriais<\/div>\n<\/div>\n<\/div>\n<div class=\"row\">\n<div>\n<div><img decoding=\"async\" src=\"data:image\/gif;base64,R0lGODlhAQABAAAAACH5BAEKAAEALAAAAAABAAEAAAICTAEAOw==\" class=\"lazyload\" data-src=\"https:\/\/www.bluemarblegeo.com\/wp-content\/uploads\/2023\/09\/blue-check.svg\"> Desenho vetorial, edi\u00e7\u00e3o, an\u00e1lise e opera\u00e7\u00f5es espaciais<\/div>\n<\/div>\n<\/div>\n<div class=\"row\">\n<div>\n<div><img decoding=\"async\" src=\"data:image\/gif;base64,R0lGODlhAQABAAAAACH5BAEKAAEALAAAAAABAAEAAAICTAEAOw==\" class=\"lazyload\" data-src=\"https:\/\/www.bluemarblegeo.com\/wp-content\/uploads\/2023\/09\/blue-check.svg\"> Edi\u00e7\u00e3o de atributos, jun\u00e7\u00e3o, c\u00e1lculo, gr\u00e1ficos e consultas<\/div>\n<\/div>\n<\/div>\n<div class=\"row\">\n<div>\n<div><img decoding=\"async\" src=\"data:image\/gif;base64,R0lGODlhAQABAAAAACH5BAEKAAEALAAAAAABAAEAAAICTAEAOw==\" class=\"lazyload\" data-src=\"https:\/\/www.bluemarblegeo.com\/wp-content\/uploads\/2023\/09\/blue-check.svg\"> Mapeamento tem\u00e1tico e coropl\u00e9tico<\/div>\n<\/div>\n<\/div>\n<div class=\"row\">\n<div>\n<div><img decoding=\"async\" src=\"data:image\/gif;base64,R0lGODlhAQABAAAAACH5BAEKAAEALAAAAAABAAEAAAICTAEAOw==\" class=\"lazyload\" data-src=\"https:\/\/www.bluemarblegeo.com\/wp-content\/uploads\/2023\/09\/blue-check.svg\"> Design do mapa e layout pr\u00e9-impresso<\/div>\n<\/div>\n<\/div>\n<div class=\"row\">\n<div>\n<div><img decoding=\"async\" src=\"data:image\/gif;base64,R0lGODlhAQABAAAAACH5BAEKAAEALAAAAAABAAEAAAICTAEAOw==\" class=\"lazyload\" data-src=\"https:\/\/www.bluemarblegeo.com\/wp-content\/uploads\/2023\/09\/blue-check.svg\"> Exibi\u00e7\u00e3o Lidar, filtragem e edi\u00e7\u00e3o manual<\/div>\n<\/div>\n<\/div>\n<div class=\"row\">\n<div>\n<div><img decoding=\"async\" src=\"data:image\/gif;base64,R0lGODlhAQABAAAAACH5BAEKAAEALAAAAAABAAEAAAICTAEAOw==\" class=\"lazyload\" data-src=\"https:\/\/www.bluemarblegeo.com\/wp-content\/uploads\/2023\/09\/blue-check.svg\"> Cria\u00e7\u00e3o e modifica\u00e7\u00e3o de terreno<\/div>\n<\/div>\n<\/div>\n<div class=\"row\">\n<div>\n<div><img decoding=\"async\" src=\"data:image\/gif;base64,R0lGODlhAQABAAAAACH5BAEKAAEALAAAAAABAAEAAAICTAEAOw==\" class=\"lazyload\" data-src=\"https:\/\/www.bluemarblegeo.com\/wp-content\/uploads\/2023\/09\/blue-check.svg\"> An\u00e1lise de terreno, incluindo gera\u00e7\u00e3o de contorno, linha de vis\u00e3o, bacia de visualiza\u00e7\u00e3o, bacia hidrogr\u00e1fica e simula\u00e7\u00e3o de inunda\u00e7\u00e3o<\/div>\n<\/div>\n<\/div>\n<div class=\"row\">\n<div>\n<div><img decoding=\"async\" src=\"data:image\/gif;base64,R0lGODlhAQABAAAAACH5BAEKAAEALAAAAAABAAEAAAICTAEAOw==\" class=\"lazyload\" data-src=\"https:\/\/www.bluemarblegeo.com\/wp-content\/uploads\/2023\/09\/blue-check.svg\"> C\u00e1lculo de volume, estimativa de volume de pilha, an\u00e1lise de corte e aterro e detec\u00e7\u00e3o de altera\u00e7\u00f5es<\/div>\n<\/div>\n<\/div>\n<div class=\"row\">\n<div>\n<div><img decoding=\"async\" src=\"data:image\/gif;base64,R0lGODlhAQABAAAAACH5BAEKAAEALAAAAAABAAEAAAICTAEAOw==\" class=\"lazyload\" data-src=\"https:\/\/www.bluemarblegeo.com\/wp-content\/uploads\/2023\/09\/blue-check.svg\"> Visualiza\u00e7\u00e3o 3D imersiva, cria\u00e7\u00e3o e edi\u00e7\u00e3o de dados 3D, grava\u00e7\u00e3o fly-through e anima\u00e7\u00e3o de camadas<\/div>\n<\/div>\n<\/div>\n<div class=\"row\">\n<div>\n<div><img decoding=\"async\" src=\"data:image\/gif;base64,R0lGODlhAQABAAAAACH5BAEKAAEALAAAAAABAAEAAAICTAEAOw==\" class=\"lazyload\" data-src=\"https:\/\/www.bluemarblegeo.com\/wp-content\/uploads\/2023\/09\/blue-check.svg\"> Retifica\u00e7\u00e3o de imagem<\/div>\n<\/div>\n<\/div>\n<div class=\"row\">\n<div>\n<div><img decoding=\"async\" src=\"data:image\/gif;base64,R0lGODlhAQABAAAAACH5BAEKAAEALAAAAAABAAEAAAICTAEAOw==\" class=\"lazyload\" data-src=\"https:\/\/www.bluemarblegeo.com\/wp-content\/uploads\/2023\/09\/blue-check.svg\"> Mesclagem de imagens, difus\u00e3o, corte e nitidez de panor\u00e2mica<\/div>\n<\/div>\n<\/div>\n<div class=\"row\">\n<div>\n<div><img decoding=\"async\" src=\"data:image\/gif;base64,R0lGODlhAQABAAAAACH5BAEKAAEALAAAAAABAAEAAAICTAEAOw==\" class=\"lazyload\" data-src=\"https:\/\/www.bluemarblegeo.com\/wp-content\/uploads\/2023\/09\/blue-check.svg\"> Reclassifica\u00e7\u00e3o de imagem e raster<\/div>\n<\/div>\n<\/div>\n<div class=\"row\">\n<div>\n<div><img decoding=\"async\" src=\"data:image\/gif;base64,R0lGODlhAQABAAAAACH5BAEKAAEALAAAAAABAAEAAAICTAEAOw==\" class=\"lazyload\" data-src=\"https:\/\/www.bluemarblegeo.com\/wp-content\/uploads\/2023\/09\/blue-check.svg\"> C\u00e1lculo raster incluindo NDVI, NDWI, NBR e f\u00f3rmulas personalizadas<\/div>\n<\/div>\n<\/div>\n<div class=\"row\">\n<div>\n<div><img decoding=\"async\" src=\"data:image\/gif;base64,R0lGODlhAQABAAAAACH5BAEKAAEALAAAAAABAAEAAAICTAEAOw==\" class=\"lazyload\" data-src=\"https:\/\/www.bluemarblegeo.com\/wp-content\/uploads\/2023\/09\/blue-check.svg\"> Geocodifica\u00e7\u00e3o de endere\u00e7o<\/div>\n<\/div>\n<\/div>\n<div class=\"row\">\n<div>\n<div><img decoding=\"async\" src=\"data:image\/gif;base64,R0lGODlhAQABAAAAACH5BAEKAAEALAAAAAABAAEAAAICTAEAOw==\" class=\"lazyload\" data-src=\"https:\/\/www.bluemarblegeo.com\/wp-content\/uploads\/2023\/09\/blue-check.svg\"> Convers\u00e3o de arquivos em lote e automa\u00e7\u00e3o de fluxo de trabalho com scripts do Global Mapper<\/div>\n<\/div>\n<\/div>\n<div class=\"row\">\n<div>\n<div><img decoding=\"async\" src=\"data:image\/gif;base64,R0lGODlhAQABAAAAACH5BAEKAAEALAAAAAABAAEAAAICTAEAOw==\" class=\"lazyload\" data-src=\"https:\/\/www.bluemarblegeo.com\/wp-content\/uploads\/2023\/09\/blue-check.svg\"> Integra\u00e7\u00e3o com o aplicativo Global Mapper Mobile<\/div>\n<\/div>\n<\/div>\n<div class=\"row\">\n<div>\n<div><img decoding=\"async\" src=\"data:image\/gif;base64,R0lGODlhAQABAAAAACH5BAEKAAEALAAAAAABAAEAAAICTAEAOw==\" class=\"lazyload\" data-src=\"https:\/\/www.bluemarblegeo.com\/wp-content\/uploads\/2023\/09\/blue-check.svg\"> Suporte GPS para rastreamento e coleta de dados<\/div>\n<\/div>\n<\/div>\n<div class=\"row\">\n<div>\n<div><img decoding=\"async\" src=\"data:image\/gif;base64,R0lGODlhAQABAAAAACH5BAEKAAEALAAAAAABAAEAAAICTAEAOw==\" class=\"lazyload\" data-src=\"https:\/\/www.bluemarblegeo.com\/wp-content\/uploads\/2023\/09\/blue-check.svg\"> Mistura de imagens, difus\u00e3o, correspond\u00eancia de histograma, corte e nitidez de panor\u00e2mica<\/div>\n<\/div>\n<\/div>\n<\/div>","protected":false},"excerpt":{"rendered":"<div class=\"avatar-gutter ng-tns-c3609015057-52 ng-star-inserted\">\n<div class=\"gutter ng-star-inserted\"><strong>Padr\u00e3o Global do Mapeador<\/strong> \u00e9 um software de Sistema de Informa\u00e7\u00e3o Geogr\u00e1fica (GIS) f\u00e1cil de usar, projetado para usu\u00e1rios iniciantes e experientes. Ele oferece uma ampla gama de recursos para trabalhar com dados geoespaciais, incluindo:<\/div>\n<\/div>\n<div class=\"response-container-content ng-tns-c3609015057-52\">\n<div class=\"response-content ng-trigger ng-trigger-responsePopulation ng-tns-c3609015057-52 ng-animate-disabled\">\n<div class=\"markdown markdown-main-panel ui-v2-enabled\" dir=\"ltr\">\n<ul>\n<li class=\"animating\" data-sourcepos=\"3:1-3:57\"><span class=\"animating\">Importando e exportando mais de 300 formatos de arquivo diferentes<\/span><\/li>\n<li class=\"animating\" data-sourcepos=\"4:1-4:85\"><span class=\"animating\">Acesso a fontes de dados on-line para\u00a0<\/span><span class=\"citation-0 animating\">imagens, mapas base, terreno e dados vetoriais<\/span><\/li>\n<li class=\"animating\" data-sourcepos=\"5:1-5:59\"><span class=\"citation-0 animating\">Desenho vetorial, edi\u00e7\u00e3o, an\u00e1lise e opera\u00e7\u00f5es espaciais<\/span><\/li>\n<li class=\"animating\" data-sourcepos=\"6:1-7:0\"><span class=\"citation-0 citation-end-0 animating\">Edi\u00e7\u00e3o de atributos, jun\u00e7\u00e3o, c\u00e1lculo, gr\u00e1ficos e consultas<\/span><\/li>\n<\/ul>\n<p>\u2013&gt;&gt;<strong>A licen\u00e7a flutuante de usu\u00e1rio \u00fanico \u00e9 habilitada para \u00e1rea de trabalho remota (RDP), o que \u00e9 conveniente para usu\u00e1rios que trabalham em v\u00e1rios locais.<\/strong> &lt;&lt;\u2013<\/p>\n<\/div>\n<\/div>\n<\/div>","protected":false},"featured_media":15944,"comment_status":"open","ping_status":"closed","template":"","meta":[],"product_brand":[],"product_cat":[670,31],"product_tag":[525,671],"class_list":{"0":"post-15945","1":"product","2":"type-product","3":"status-publish","4":"has-post-thumbnail","6":"product_cat-blue-marble","7":"product_cat-software","8":"product_tag-floating-license","9":"product_tag-global-mapper-standard","11":"first","12":"instock","13":"taxable","14":"shipping-taxable","15":"purchasable","16":"product-type-simple"},"yoast_head":"<!-- This site is optimized with the Yoast SEO plugin v27.1.1 - https:\/\/yoast.com\/product\/yoast-seo-wordpress\/ -->\n<title>GM Single User - Floating License - Ghostysky<\/title>\n<meta name=\"description\" content=\"Global Mapper Standard is a user-friendly Geographic Information System (GIS) software designed for both beginners and experienced users. It offers a wide range of features for working with geospatial data.\" \/>\n<meta name=\"robots\" content=\"index, follow, max-snippet:-1, max-image-preview:large, max-video-preview:-1\" \/>\n<link rel=\"canonical\" href=\"https:\/\/www.ghostysky.com\/pt\/produto-2\/gm-single-user-floating-license\/\" \/>\n<meta property=\"og:locale\" content=\"pt_PT\" \/>\n<meta property=\"og:type\" content=\"article\" \/>\n<meta property=\"og:title\" content=\"GM Single User - Floating License - Ghostysky\" \/>\n<meta property=\"og:description\" content=\"Global Mapper Standard is a user-friendly Geographic Information System (GIS) software designed for both beginners and experienced users. It offers a wide range of features for working with geospatial data.\" \/>\n<meta property=\"og:url\" content=\"https:\/\/www.ghostysky.com\/pt\/produto-2\/gm-single-user-floating-license\/\" \/>\n<meta property=\"og:site_name\" content=\"Ghostysky\" \/>\n<meta property=\"article:publisher\" content=\"https:\/\/www.facebook.com\/people\/Ghostysky\/100057676170234\/\" \/>\n<meta property=\"article:modified_time\" content=\"2024-11-13T09:42:23+00:00\" \/>\n<meta property=\"og:image\" content=\"https:\/\/www.ghostysky.com\/wp-content\/uploads\/2024\/02\/GlobalMapper.png\" \/>\n\t<meta property=\"og:image:width\" content=\"1200\" \/>\n\t<meta property=\"og:image:height\" content=\"1040\" \/>\n\t<meta property=\"og:image:type\" content=\"image\/png\" \/>\n<meta name=\"twitter:card\" content=\"summary_large_image\" \/>\n<meta name=\"twitter:site\" content=\"@Gh0stysky\" \/>\n<meta name=\"twitter:label1\" content=\"Tempo estimado de leitura\" \/>\n\t<meta name=\"twitter:data1\" content=\"5 minutos\" \/>\n<script type=\"application\/ld+json\" class=\"yoast-schema-graph\">{\"@context\":\"https:\/\/schema.org\",\"@graph\":[{\"@type\":\"WebPage\",\"@id\":\"https:\/\/www.ghostysky.com\/product\/gm-single-user-floating-license\/\",\"url\":\"https:\/\/www.ghostysky.com\/product\/gm-single-user-floating-license\/\",\"name\":\"GM Single User - Floating License - Ghostysky\",\"isPartOf\":{\"@id\":\"https:\/\/www.ghostysky.com\/#website\"},\"primaryImageOfPage\":{\"@id\":\"https:\/\/www.ghostysky.com\/product\/gm-single-user-floating-license\/#primaryimage\"},\"image\":{\"@id\":\"https:\/\/www.ghostysky.com\/product\/gm-single-user-floating-license\/#primaryimage\"},\"thumbnailUrl\":\"https:\/\/www.ghostysky.com\/wp-content\/uploads\/2024\/02\/GlobalMapper.png\",\"datePublished\":\"2024-02-10T09:39:55+00:00\",\"dateModified\":\"2024-11-13T09:42:23+00:00\",\"description\":\"Global Mapper Standard is a user-friendly Geographic Information System (GIS) software designed for both beginners and experienced users. It offers a wide range of features for working with geospatial data.\",\"breadcrumb\":{\"@id\":\"https:\/\/www.ghostysky.com\/product\/gm-single-user-floating-license\/#breadcrumb\"},\"inLanguage\":\"pt-PT\",\"potentialAction\":[{\"@type\":\"ReadAction\",\"target\":[\"https:\/\/www.ghostysky.com\/product\/gm-single-user-floating-license\/\"]}]},{\"@type\":\"ImageObject\",\"inLanguage\":\"pt-PT\",\"@id\":\"https:\/\/www.ghostysky.com\/product\/gm-single-user-floating-license\/#primaryimage\",\"url\":\"https:\/\/www.ghostysky.com\/wp-content\/uploads\/2024\/02\/GlobalMapper.png\",\"contentUrl\":\"https:\/\/www.ghostysky.com\/wp-content\/uploads\/2024\/02\/GlobalMapper.png\",\"width\":1200,\"height\":1040},{\"@type\":\"BreadcrumbList\",\"@id\":\"https:\/\/www.ghostysky.com\/product\/gm-single-user-floating-license\/#breadcrumb\",\"itemListElement\":[{\"@type\":\"ListItem\",\"position\":1,\"name\":\"Home\",\"item\":\"https:\/\/www.ghostysky.com\/\"},{\"@type\":\"ListItem\",\"position\":2,\"name\":\"Shop\",\"item\":\"https:\/\/www.ghostysky.com\/shop\/\"},{\"@type\":\"ListItem\",\"position\":3,\"name\":\"GM Single User &#8211; Floating License\"}]},{\"@type\":\"WebSite\",\"@id\":\"https:\/\/www.ghostysky.com\/#website\",\"url\":\"https:\/\/www.ghostysky.com\/\",\"name\":\"Ghostysky\",\"description\":\"Delivering professional drones and services\",\"publisher\":{\"@id\":\"https:\/\/www.ghostysky.com\/#organization\"},\"potentialAction\":[{\"@type\":\"SearchAction\",\"target\":{\"@type\":\"EntryPoint\",\"urlTemplate\":\"https:\/\/www.ghostysky.com\/?s={search_term_string}\"},\"query-input\":{\"@type\":\"PropertyValueSpecification\",\"valueRequired\":true,\"valueName\":\"search_term_string\"}}],\"inLanguage\":\"pt-PT\"},{\"@type\":\"Organization\",\"@id\":\"https:\/\/www.ghostysky.com\/#organization\",\"name\":\"Ghostysky\",\"url\":\"https:\/\/www.ghostysky.com\/\",\"logo\":{\"@type\":\"ImageObject\",\"inLanguage\":\"pt-PT\",\"@id\":\"https:\/\/www.ghostysky.com\/#\/schema\/logo\/image\/\",\"url\":\"https:\/\/www.ghostysky.com\/wp-content\/uploads\/2020\/06\/cropped-ghostyskylogo_text_white2.png\",\"contentUrl\":\"https:\/\/www.ghostysky.com\/wp-content\/uploads\/2020\/06\/cropped-ghostyskylogo_text_white2.png\",\"width\":169,\"height\":56,\"caption\":\"Ghostysky\"},\"image\":{\"@id\":\"https:\/\/www.ghostysky.com\/#\/schema\/logo\/image\/\"},\"sameAs\":[\"https:\/\/www.facebook.com\/people\/Ghostysky\/100057676170234\/\",\"https:\/\/x.com\/Gh0stysky\",\"https:\/\/www.linkedin.com\/company\/34739653\",\"https:\/\/www.instagram.com\/gh0stysky\"]}]}<\/script>\n<!-- \/ Yoast SEO plugin. -->","yoast_head_json":{"title":"Usu\u00e1rio \u00danico GM - Licen\u00e7a Flutuante - Ghostysky","description":"Global Mapper Standard \u00e9 um software de Sistema de Informa\u00e7\u00e3o Geogr\u00e1fica (GIS) f\u00e1cil de usar, projetado para usu\u00e1rios iniciantes e experientes. Ele oferece uma ampla gama de recursos para trabalhar com dados geoespaciais.","robots":{"index":"index","follow":"follow","max-snippet":"max-snippet:-1","max-image-preview":"max-image-preview:large","max-video-preview":"max-video-preview:-1"},"canonical":"https:\/\/www.ghostysky.com\/pt\/produto-2\/gm-single-user-floating-license\/","og_locale":"pt_PT","og_type":"article","og_title":"GM Single User - Floating License - Ghostysky","og_description":"Global Mapper Standard is a user-friendly Geographic Information System (GIS) software designed for both beginners and experienced users. It offers a wide range of features for working with geospatial data.","og_url":"https:\/\/www.ghostysky.com\/pt\/produto-2\/gm-single-user-floating-license\/","og_site_name":"Ghostysky","article_publisher":"https:\/\/www.facebook.com\/people\/Ghostysky\/100057676170234\/","article_modified_time":"2024-11-13T09:42:23+00:00","og_image":[{"width":1200,"height":1040,"url":"https:\/\/www.ghostysky.com\/wp-content\/uploads\/2024\/02\/GlobalMapper.png","type":"image\/png"}],"twitter_card":"summary_large_image","twitter_site":"@Gh0stysky","twitter_misc":{"Tempo estimado de leitura":"5 minutos"},"schema":{"@context":"https:\/\/schema.org","@graph":[{"@type":"WebPage","@id":"https:\/\/www.ghostysky.com\/product\/gm-single-user-floating-license\/","url":"https:\/\/www.ghostysky.com\/product\/gm-single-user-floating-license\/","name":"Usu\u00e1rio \u00danico GM - Licen\u00e7a Flutuante - Ghostysky","isPartOf":{"@id":"https:\/\/www.ghostysky.com\/#website"},"primaryImageOfPage":{"@id":"https:\/\/www.ghostysky.com\/product\/gm-single-user-floating-license\/#primaryimage"},"image":{"@id":"https:\/\/www.ghostysky.com\/product\/gm-single-user-floating-license\/#primaryimage"},"thumbnailUrl":"https:\/\/www.ghostysky.com\/wp-content\/uploads\/2024\/02\/GlobalMapper.png","datePublished":"2024-02-10T09:39:55+00:00","dateModified":"2024-11-13T09:42:23+00:00","description":"Global Mapper Standard \u00e9 um software de Sistema de Informa\u00e7\u00e3o Geogr\u00e1fica (GIS) f\u00e1cil de usar, projetado para usu\u00e1rios iniciantes e experientes. Ele oferece uma ampla gama de recursos para trabalhar com dados geoespaciais.","breadcrumb":{"@id":"https:\/\/www.ghostysky.com\/product\/gm-single-user-floating-license\/#breadcrumb"},"inLanguage":"pt-PT","potentialAction":[{"@type":"ReadAction","target":["https:\/\/www.ghostysky.com\/product\/gm-single-user-floating-license\/"]}]},{"@type":"ImageObject","inLanguage":"pt-PT","@id":"https:\/\/www.ghostysky.com\/product\/gm-single-user-floating-license\/#primaryimage","url":"https:\/\/www.ghostysky.com\/wp-content\/uploads\/2024\/02\/GlobalMapper.png","contentUrl":"https:\/\/www.ghostysky.com\/wp-content\/uploads\/2024\/02\/GlobalMapper.png","width":1200,"height":1040},{"@type":"BreadcrumbList","@id":"https:\/\/www.ghostysky.com\/product\/gm-single-user-floating-license\/#breadcrumb","itemListElement":[{"@type":"ListItem","position":1,"name":"Home","item":"https:\/\/www.ghostysky.com\/"},{"@type":"ListItem","position":2,"name":"Shop","item":"https:\/\/www.ghostysky.com\/shop\/"},{"@type":"ListItem","position":3,"name":"GM Single User &#8211; Floating License"}]},{"@type":"WebSite","@id":"https:\/\/www.ghostysky.com\/#website","url":"https:\/\/www.ghostysky.com\/","name":"Ghostysky","description":"Fornecendo drones e servi\u00e7os profissionais","publisher":{"@id":"https:\/\/www.ghostysky.com\/#organization"},"potentialAction":[{"@type":"SearchAction","target":{"@type":"EntryPoint","urlTemplate":"https:\/\/www.ghostysky.com\/?s={search_term_string}"},"query-input":{"@type":"PropertyValueSpecification","valueRequired":true,"valueName":"search_term_string"}}],"inLanguage":"pt-PT"},{"@type":"Organization","@id":"https:\/\/www.ghostysky.com\/#organization","name":"Ghostysky","url":"https:\/\/www.ghostysky.com\/","logo":{"@type":"ImageObject","inLanguage":"pt-PT","@id":"https:\/\/www.ghostysky.com\/#\/schema\/logo\/image\/","url":"https:\/\/www.ghostysky.com\/wp-content\/uploads\/2020\/06\/cropped-ghostyskylogo_text_white2.png","contentUrl":"https:\/\/www.ghostysky.com\/wp-content\/uploads\/2020\/06\/cropped-ghostyskylogo_text_white2.png","width":169,"height":56,"caption":"Ghostysky"},"image":{"@id":"https:\/\/www.ghostysky.com\/#\/schema\/logo\/image\/"},"sameAs":["https:\/\/www.facebook.com\/people\/Ghostysky\/100057676170234\/","https:\/\/x.com\/Gh0stysky","https:\/\/www.linkedin.com\/company\/34739653","https:\/\/www.instagram.com\/gh0stysky"]}]}},"_links":{"self":[{"href":"https:\/\/www.ghostysky.com\/pt\/wp-json\/wp\/v2\/product\/15945","targetHints":{"allow":["GET"]}}],"collection":[{"href":"https:\/\/www.ghostysky.com\/pt\/wp-json\/wp\/v2\/product"}],"about":[{"href":"https:\/\/www.ghostysky.com\/pt\/wp-json\/wp\/v2\/types\/product"}],"replies":[{"embeddable":true,"href":"https:\/\/www.ghostysky.com\/pt\/wp-json\/wp\/v2\/comments?post=15945"}],"wp:featuredmedia":[{"embeddable":true,"href":"https:\/\/www.ghostysky.com\/pt\/wp-json\/wp\/v2\/media\/15944"}],"wp:attachment":[{"href":"https:\/\/www.ghostysky.com\/pt\/wp-json\/wp\/v2\/media?parent=15945"}],"wp:term":[{"taxonomy":"product_brand","embeddable":true,"href":"https:\/\/www.ghostysky.com\/pt\/wp-json\/wp\/v2\/product_brand?post=15945"},{"taxonomy":"product_cat","embeddable":true,"href":"https:\/\/www.ghostysky.com\/pt\/wp-json\/wp\/v2\/product_cat?post=15945"},{"taxonomy":"product_tag","embeddable":true,"href":"https:\/\/www.ghostysky.com\/pt\/wp-json\/wp\/v2\/product_tag?post=15945"}],"curies":[{"name":"wp","href":"https:\/\/api.w.org\/{rel}","templated":true}]}}