{"id":15968,"date":"2024-02-10T11:03:54","date_gmt":"2024-02-10T11:03:54","guid":{"rendered":"https:\/\/www.ghostysky.com\/?post_type=product&#038;p=15968"},"modified":"2024-11-13T05:54:15","modified_gmt":"2024-11-13T05:54:15","slug":"gm-pro-upgrade-usb-dongle-license","status":"publish","type":"product","link":"https:\/\/www.ghostysky.com\/pt\/product\/gm-pro-upgrade-usb-dongle-license\/","title":{"rendered":"Licen\u00e7a de Dongle USB GM (Upgrade-to-Pro)"},"content":{"rendered":"<p data-sourcepos=\"9:1-9:98\"><strong>Mapeador Global Pro<\/strong> \u00e9 uma ferramenta poderosa que pode ser usada para uma ampla gama de aplica\u00e7\u00f5es, incluindo:<\/p>\n<ul data-sourcepos=\"11:1-11:68\">\n<li data-sourcepos=\"11:1-11:68\"><strong>Levantamento e mapeamento:<\/strong>\u00a0O Global Mapper Pro pode ser usado para criar mapas e levantamentos precisos a partir de uma variedade de fontes de dados, incluindo imagens, LiDAR e GPS.<\/li>\n<li data-sourcepos=\"12:1-12:111\"><strong>modelagem 3d:<\/strong>\u00a0O Global Mapper Pro pode ser usado para criar modelos 3D de terreno, edif\u00edcios e outros recursos.<\/li>\n<li data-sourcepos=\"13:1-13:142\"><strong>Planejamento e an\u00e1lise do local:<\/strong>\u00a0O Global Mapper Pro pode ser usado para analisar terreno, identificar perigos potenciais e planejar projetos de desenvolvimento.<\/li>\n<li data-sourcepos=\"14:1-15:0\"><strong>Monitoramento ambiental:<\/strong>\u00a0O Global Mapper Pro pode ser usado para monitorar mudan\u00e7as no ambiente ao longo do tempo.<\/li>\n<\/ul>\n<p data-sourcepos=\"16:1-17:37\">Se voc\u00ea \u00e9 um profissional geoespacial que precisa de ferramentas avan\u00e7adas para trabalhar com imagens, terrenos e dados LiDAR, o Global Mapper Pro \u00e9 uma \u00f3tima op\u00e7\u00e3o.<\/p>\n<div>\n<div class=\"row\">\n<h3>Mapeador Global Pro<\/h3>\n<hr \/>\n<p><strong>Todos os excelentes recursos do standard plus\u2026<\/strong><\/p>\n<div>\n<div class=\"row\">\n<div>\n<div><img decoding=\"async\" src=\"data:image\/gif;base64,R0lGODlhAQABAAAAACH5BAEKAAEALAAAAAABAAEAAAICTAEAOw==\" class=\"lazyload\" data-src=\"https:\/\/www.bluemarblegeo.com\/wp-content\/uploads\/2023\/09\/green-plus.svg\"> Pintura de terreno<\/div>\n<\/div>\n<\/div>\n<div class=\"row\">\n<div>\n<div><img decoding=\"async\" src=\"data:image\/gif;base64,R0lGODlhAQABAAAAACH5BAEKAAEALAAAAAABAAEAAAICTAEAOw==\" class=\"lazyload\" data-src=\"https:\/\/www.bluemarblegeo.com\/wp-content\/uploads\/2023\/09\/green-plus.svg\"> C\u00e1lculo da linha obrigat\u00f3ria<\/div>\n<\/div>\n<\/div>\n<div class=\"row\">\n<div>\n<div><img decoding=\"async\" src=\"data:image\/gif;base64,R0lGODlhAQABAAAAACH5BAEKAAEALAAAAAABAAEAAAICTAEAOw==\" class=\"lazyload\" data-src=\"https:\/\/www.bluemarblegeo.com\/wp-content\/uploads\/2023\/09\/green-plus.svg\"> Consulta, edi\u00e7\u00e3o, segmenta\u00e7\u00e3o e filtragem avan\u00e7adas de nuvens de pontos lidar e 3D<\/div>\n<\/div>\n<\/div>\n<div class=\"row\">\n<div>\n<div><img decoding=\"async\" src=\"data:image\/gif;base64,R0lGODlhAQABAAAAACH5BAEKAAEALAAAAAABAAEAAAICTAEAOw==\" class=\"lazyload\" data-src=\"https:\/\/www.bluemarblegeo.com\/wp-content\/uploads\/2023\/09\/green-plus.svg\"> Classifica\u00e7\u00e3o autom\u00e1tica de dados de nuvens de pontos, incluindo solo, vegeta\u00e7\u00e3o, edif\u00edcios, linhas de energia e postes<\/div>\n<\/div>\n<\/div>\n<div class=\"row\">\n<div>\n<div><img decoding=\"async\" src=\"data:image\/gif;base64,R0lGODlhAQABAAAAACH5BAEKAAEALAAAAAABAAEAAAICTAEAOw==\" class=\"lazyload\" data-src=\"https:\/\/www.bluemarblegeo.com\/wp-content\/uploads\/2023\/09\/green-plus.svg\"> Extra\u00e7\u00e3o de recursos vetoriais de dados classificados de nuvem de pontos<\/div>\n<\/div>\n<\/div>\n<div class=\"row\">\n<div>\n<div><img decoding=\"async\" src=\"data:image\/gif;base64,R0lGODlhAQABAAAAACH5BAEKAAEALAAAAAABAAEAAAICTAEAOw==\" class=\"lazyload\" data-src=\"https:\/\/www.bluemarblegeo.com\/wp-content\/uploads\/2023\/09\/green-plus.svg\"> Identifica\u00e7\u00e3o e remo\u00e7\u00e3o de ru\u00eddo Lidar<\/div>\n<\/div>\n<\/div>\n<div class=\"row\">\n<div>\n<div><img decoding=\"async\" src=\"data:image\/gif;base64,R0lGODlhAQABAAAAACH5BAEKAAEALAAAAAABAAEAAAICTAEAOw==\" class=\"lazyload\" data-src=\"https:\/\/www.bluemarblegeo.com\/wp-content\/uploads\/2023\/09\/green-plus.svg\"> Variografia e Krigagem<\/div>\n<\/div>\n<\/div>\n<div class=\"row\">\n<div>\n<div><img decoding=\"async\" src=\"data:image\/gif;base64,R0lGODlhAQABAAAAACH5BAEKAAEALAAAAAABAAEAAAICTAEAOw==\" class=\"lazyload\" data-src=\"https:\/\/www.bluemarblegeo.com\/wp-content\/uploads\/2023\/09\/green-plus.svg\"> Afinamento de nuvens de pontos e retifica\u00e7\u00e3o vertical e horizontal de dados de nuvens de pontos<\/div>\n<\/div>\n<\/div>\n<div class=\"row\">\n<div>\n<div><img decoding=\"async\" src=\"data:image\/gif;base64,R0lGODlhAQABAAAAACH5BAEKAAEALAAAAAABAAEAAAICTAEAOw==\" class=\"lazyload\" data-src=\"https:\/\/www.bluemarblegeo.com\/wp-content\/uploads\/2023\/09\/green-plus.svg\"> Alinhamento autom\u00e1tico de nuvens de pontos sobrepostas<\/div>\n<\/div>\n<\/div>\n<div class=\"row\">\n<div>\n<div><img decoding=\"async\" src=\"data:image\/gif;base64,R0lGODlhAQABAAAAACH5BAEKAAEALAAAAAABAAEAAAICTAEAOw==\" class=\"lazyload\" data-src=\"https:\/\/www.bluemarblegeo.com\/wp-content\/uploads\/2023\/09\/green-plus.svg\"> An\u00e1lise visual de dados de nuvem de pontos, inclusive por densidade local, altura acima do solo, intensidade e classifica\u00e7\u00e3o<\/div>\n<\/div>\n<\/div>\n<div class=\"row\">\n<div>\n<div><img decoding=\"async\" src=\"data:image\/gif;base64,R0lGODlhAQABAAAAACH5BAEKAAEALAAAAAABAAEAAAICTAEAOw==\" class=\"lazyload\" data-src=\"https:\/\/www.bluemarblegeo.com\/wp-content\/uploads\/2023\/09\/green-plus.svg\"> Perfil de nuvem de pontos<\/div>\n<\/div>\n<\/div>\n<div class=\"row\">\n<div>\n<div><img decoding=\"async\" src=\"data:image\/gif;base64,R0lGODlhAQABAAAAACH5BAEKAAEALAAAAAABAAEAAAICTAEAOw==\" class=\"lazyload\" data-src=\"https:\/\/www.bluemarblegeo.com\/wp-content\/uploads\/2023\/09\/green-plus.svg\"> Pixels to Points\u00ae \u2013 Processamento de imagens de drones\/UAV para criar nuvens de pontos 3D, ortoimagem e modelo 3D<\/div>\n<\/div>\n<\/div>\n<div class=\"row\">\n<div>\n<div><img decoding=\"async\" src=\"data:image\/gif;base64,R0lGODlhAQABAAAAACH5BAEKAAEALAAAAAABAAEAAAICTAEAOw==\" class=\"lazyload\" data-src=\"https:\/\/www.bluemarblegeo.com\/wp-content\/uploads\/2023\/09\/green-plus.svg\"> Vetoriza\u00e7\u00e3o automatizada avan\u00e7ada de imagens e terreno<\/div>\n<\/div>\n<\/div>\n<div class=\"row\">\n<div>\n<div><img decoding=\"async\" src=\"data:image\/gif;base64,R0lGODlhAQABAAAAACH5BAEKAAEALAAAAAABAAEAAAICTAEAOw==\" class=\"lazyload\" data-src=\"https:\/\/www.bluemarblegeo.com\/wp-content\/uploads\/2023\/09\/green-plus.svg\"> Suporte para dispositivos RTK e exibi\u00e7\u00e3o de constela\u00e7\u00e3o de sat\u00e9lites<\/div>\n<\/div>\n<\/div>\n<div class=\"row\">\n<div>\n<div><img decoding=\"async\" src=\"data:image\/gif;base64,R0lGODlhAQABAAAAACH5BAEKAAEALAAAAAABAAEAAAICTAEAOw==\" class=\"lazyload\" data-src=\"https:\/\/www.bluemarblegeo.com\/wp-content\/uploads\/2023\/09\/green-plus.svg\"> Editor integrado para scripts do Global Mapper<\/div>\n<\/div>\n<\/div>\n<div class=\"row\">\n<div>\n<div><img decoding=\"async\" src=\"data:image\/gif;base64,R0lGODlhAQABAAAAACH5BAEKAAEALAAAAAABAAEAAAICTAEAOw==\" class=\"lazyload\" data-src=\"https:\/\/www.bluemarblegeo.com\/wp-content\/uploads\/2023\/09\/green-plus.svg\"> Suporte para scripts Python<\/div>\n<\/div>\n<\/div>\n<div class=\"row\">\n<div>\n<div><img decoding=\"async\" src=\"data:image\/gif;base64,R0lGODlhAQABAAAAACH5BAEKAAEALAAAAAABAAEAAAICTAEAOw==\" class=\"lazyload\" data-src=\"https:\/\/www.bluemarblegeo.com\/wp-content\/uploads\/2023\/09\/green-plus.svg\"> Ferramenta Script Builder para registrar a\u00e7\u00f5es no Global Mapper Script<\/div>\n<\/div>\n<\/div>\n<div class=\"row\">\n<div>\n<div><img decoding=\"async\" src=\"data:image\/gif;base64,R0lGODlhAQABAAAAACH5BAEKAAEALAAAAAABAAEAAAICTAEAOw==\" class=\"lazyload\" data-src=\"https:\/\/www.bluemarblegeo.com\/wp-content\/uploads\/2023\/09\/green-plus.svg\"> Mesclagem simplificada de dados m\u00f3veis<\/div>\n<\/div>\n<\/div>\n<\/div>\n<\/div>\n<\/div>","protected":false},"excerpt":{"rendered":"<div class=\"avatar-gutter ng-tns-c3609015057-52 ng-star-inserted\">\n<div class=\"gutter ng-star-inserted\">\n<div class=\"avatar-gutter ng-tns-c3609015057-52 ng-star-inserted\">\n<div class=\"gutter ng-star-inserted\">\n<div class=\"avatar-gutter ng-tns-c3609015057-52 ng-star-inserted\">\n<div class=\"gutter ng-star-inserted\">\n<div class=\"avatar-gutter ng-tns-c3609015057-52 ng-star-inserted\">\n<div class=\"gutter ng-star-inserted\">\n<p data-sourcepos=\"1:1-1:110\"><strong>Mapeador Global Pro<\/strong> \u00e9 um programa de software geoespacial avan\u00e7ado projetado para profissionais que precisam mais do que os recursos b\u00e1sicos do Global Mapper. Inclui uma ampla gama de ferramentas para trabalhar com imagens, terreno e dados LiDAR. Alguns dos principais recursos do Global Mapper Pro incluem:<\/p>\n<ul data-sourcepos=\"3:1-3:91\">\n<li data-sourcepos=\"3:1-3:91\"><strong>Pixels em pontos:<\/strong>\u00a0Esta ferramenta permite criar nuvens de pontos 3D, ortoimagens e malhas 3D a partir de imagens coletadas por drones ou UAV.<\/li>\n<li data-sourcepos=\"4:1-4:93\"><strong>Pintura de Terreno:<\/strong>\u00a0Esta ferramenta permite alterar manualmente modelos digitais de terreno (DTMs).<\/li>\n<li data-sourcepos=\"5:1-5:44\"><strong>Gerar linhas obrigat\u00f3rias a partir da grade do terreno:<\/strong>\u00a0Esta ferramenta cria fei\u00e7\u00f5es de linha vetorial em mudan\u00e7as distintas de eleva\u00e7\u00e3o\/inclina\u00e7\u00e3o.<\/li>\n<li data-sourcepos=\"6:1-6:105\"><strong>Vetorizar Raster:<\/strong>\u00a0Esta ferramenta extrai e suaviza \u00e1reas vetoriais de imagens raster e camadas de terreno.<\/li>\n<li data-sourcepos=\"7:1-8:0\"><strong>Processamento LiDAR avan\u00e7ado:<\/strong>\u00a0O Global Mapper Pro inclui diversas ferramentas para trabalhar com dados LiDAR, como classifica\u00e7\u00e3o de nuvens de pontos, filtragem,<\/li>\n<\/ul>\n<\/div>\n<\/div>\n<div class=\"response-container-content ng-tns-c3609015057-52\">\n<div class=\"response-content ng-trigger ng-trigger-responsePopulation ng-tns-c3609015057-52 ng-animate-disabled\">\n<div class=\"markdown markdown-main-panel ui-v2-enabled\" dir=\"ltr\">\n<p>\u2013&gt;&gt;<strong> Esta licen\u00e7a pode ser movida entre m\u00e1quinas ilimitadas atrav\u00e9s de um dongle USB.<\/strong>\u00a0&lt;&lt;\u2013<\/p>\n<p><span style=\"text-decoration: underline;\"><strong>(Atualizar licen\u00e7a da vers\u00e3o Standard para Pro)<\/strong><\/span><\/p>\n<\/div>\n<\/div>\n<\/div>\n<\/div>\n<\/div>\n<\/div>\n<\/div>\n<\/div>\n<\/div>","protected":false},"featured_media":15943,"comment_status":"open","ping_status":"closed","template":"","meta":[],"product_brand":[],"product_cat":[670,31],"product_tag":[675,676,681],"class_list":{"0":"post-15968","1":"product","2":"type-product","3":"status-publish","4":"has-post-thumbnail","6":"product_cat-blue-marble","7":"product_cat-software","8":"product_tag-global-mapper-pro","9":"product_tag-upgrade-license","10":"product_tag-usb-dongle-license","12":"first","13":"instock","14":"taxable","15":"shipping-taxable","16":"product-type-simple"},"yoast_head":"<!-- This site is optimized with the Yoast SEO plugin v27.1.1 - https:\/\/yoast.com\/product\/yoast-seo-wordpress\/ -->\n<title>GM (Upgrade-to-Pro) USB Dongle License - Ghostysky<\/title>\n<meta name=\"description\" content=\"Global Mapper Pro is an advanced geospatial software program designed for professionals who need more than the basic features of Global Mapper. It includes a wide range of tools for working with imagery, terrain, and LiDAR data.\" \/>\n<meta name=\"robots\" content=\"index, follow, max-snippet:-1, max-image-preview:large, max-video-preview:-1\" \/>\n<link rel=\"canonical\" href=\"https:\/\/www.ghostysky.com\/pt\/produto-2\/gm-pro-upgrade-usb-dongle-license\/\" \/>\n<meta property=\"og:locale\" content=\"pt_PT\" \/>\n<meta property=\"og:type\" content=\"article\" \/>\n<meta property=\"og:title\" content=\"GM (Upgrade-to-Pro) USB Dongle License - Ghostysky\" \/>\n<meta property=\"og:description\" content=\"Global Mapper Pro is an advanced geospatial software program designed for professionals who need more than the basic features of Global Mapper. It includes a wide range of tools for working with imagery, terrain, and LiDAR data.\" \/>\n<meta property=\"og:url\" content=\"https:\/\/www.ghostysky.com\/pt\/produto-2\/gm-pro-upgrade-usb-dongle-license\/\" \/>\n<meta property=\"og:site_name\" content=\"Ghostysky\" \/>\n<meta property=\"article:publisher\" content=\"https:\/\/www.facebook.com\/people\/Ghostysky\/100057676170234\/\" \/>\n<meta property=\"article:modified_time\" content=\"2024-11-13T05:54:15+00:00\" \/>\n<meta property=\"og:image\" content=\"https:\/\/www.ghostysky.com\/wp-content\/uploads\/2024\/02\/GlobalMapperPro.png\" \/>\n\t<meta property=\"og:image:width\" content=\"1500\" \/>\n\t<meta property=\"og:image:height\" content=\"1299\" \/>\n\t<meta property=\"og:image:type\" content=\"image\/png\" \/>\n<meta name=\"twitter:card\" content=\"summary_large_image\" \/>\n<meta name=\"twitter:site\" content=\"@Gh0stysky\" \/>\n<meta name=\"twitter:label1\" content=\"Tempo estimado de leitura\" \/>\n\t<meta name=\"twitter:data1\" content=\"5 minutos\" \/>\n<script type=\"application\/ld+json\" class=\"yoast-schema-graph\">{\"@context\":\"https:\/\/schema.org\",\"@graph\":[{\"@type\":\"WebPage\",\"@id\":\"https:\/\/www.ghostysky.com\/product\/gm-pro-upgrade-usb-dongle-license\/\",\"url\":\"https:\/\/www.ghostysky.com\/product\/gm-pro-upgrade-usb-dongle-license\/\",\"name\":\"GM (Upgrade-to-Pro) USB Dongle License - Ghostysky\",\"isPartOf\":{\"@id\":\"https:\/\/www.ghostysky.com\/#website\"},\"primaryImageOfPage\":{\"@id\":\"https:\/\/www.ghostysky.com\/product\/gm-pro-upgrade-usb-dongle-license\/#primaryimage\"},\"image\":{\"@id\":\"https:\/\/www.ghostysky.com\/product\/gm-pro-upgrade-usb-dongle-license\/#primaryimage\"},\"thumbnailUrl\":\"https:\/\/www.ghostysky.com\/wp-content\/uploads\/2024\/02\/GlobalMapperPro.png\",\"datePublished\":\"2024-02-10T11:03:54+00:00\",\"dateModified\":\"2024-11-13T05:54:15+00:00\",\"description\":\"Global Mapper Pro is an advanced geospatial software program designed for professionals who need more than the basic features of Global Mapper. It includes a wide range of tools for working with imagery, terrain, and LiDAR data.\",\"breadcrumb\":{\"@id\":\"https:\/\/www.ghostysky.com\/product\/gm-pro-upgrade-usb-dongle-license\/#breadcrumb\"},\"inLanguage\":\"pt-PT\",\"potentialAction\":[{\"@type\":\"ReadAction\",\"target\":[\"https:\/\/www.ghostysky.com\/product\/gm-pro-upgrade-usb-dongle-license\/\"]}]},{\"@type\":\"ImageObject\",\"inLanguage\":\"pt-PT\",\"@id\":\"https:\/\/www.ghostysky.com\/product\/gm-pro-upgrade-usb-dongle-license\/#primaryimage\",\"url\":\"https:\/\/www.ghostysky.com\/wp-content\/uploads\/2024\/02\/GlobalMapperPro.png\",\"contentUrl\":\"https:\/\/www.ghostysky.com\/wp-content\/uploads\/2024\/02\/GlobalMapperPro.png\",\"width\":1500,\"height\":1299},{\"@type\":\"BreadcrumbList\",\"@id\":\"https:\/\/www.ghostysky.com\/product\/gm-pro-upgrade-usb-dongle-license\/#breadcrumb\",\"itemListElement\":[{\"@type\":\"ListItem\",\"position\":1,\"name\":\"Home\",\"item\":\"https:\/\/www.ghostysky.com\/\"},{\"@type\":\"ListItem\",\"position\":2,\"name\":\"Shop\",\"item\":\"https:\/\/www.ghostysky.com\/shop\/\"},{\"@type\":\"ListItem\",\"position\":3,\"name\":\"GM (Upgrade-to-Pro) USB Dongle License\"}]},{\"@type\":\"WebSite\",\"@id\":\"https:\/\/www.ghostysky.com\/#website\",\"url\":\"https:\/\/www.ghostysky.com\/\",\"name\":\"Ghostysky\",\"description\":\"Delivering professional drones and services\",\"publisher\":{\"@id\":\"https:\/\/www.ghostysky.com\/#organization\"},\"potentialAction\":[{\"@type\":\"SearchAction\",\"target\":{\"@type\":\"EntryPoint\",\"urlTemplate\":\"https:\/\/www.ghostysky.com\/?s={search_term_string}\"},\"query-input\":{\"@type\":\"PropertyValueSpecification\",\"valueRequired\":true,\"valueName\":\"search_term_string\"}}],\"inLanguage\":\"pt-PT\"},{\"@type\":\"Organization\",\"@id\":\"https:\/\/www.ghostysky.com\/#organization\",\"name\":\"Ghostysky\",\"url\":\"https:\/\/www.ghostysky.com\/\",\"logo\":{\"@type\":\"ImageObject\",\"inLanguage\":\"pt-PT\",\"@id\":\"https:\/\/www.ghostysky.com\/#\/schema\/logo\/image\/\",\"url\":\"https:\/\/www.ghostysky.com\/wp-content\/uploads\/2020\/06\/cropped-ghostyskylogo_text_white2.png\",\"contentUrl\":\"https:\/\/www.ghostysky.com\/wp-content\/uploads\/2020\/06\/cropped-ghostyskylogo_text_white2.png\",\"width\":169,\"height\":56,\"caption\":\"Ghostysky\"},\"image\":{\"@id\":\"https:\/\/www.ghostysky.com\/#\/schema\/logo\/image\/\"},\"sameAs\":[\"https:\/\/www.facebook.com\/people\/Ghostysky\/100057676170234\/\",\"https:\/\/x.com\/Gh0stysky\",\"https:\/\/www.linkedin.com\/company\/34739653\",\"https:\/\/www.instagram.com\/gh0stysky\"]}]}<\/script>\n<!-- \/ Yoast SEO plugin. -->","yoast_head_json":{"title":"Licen\u00e7a de Dongle USB GM (Upgrade-to-Pro) - Ghostysky","description":"Global Mapper Pro \u00e9 um programa de software geoespacial avan\u00e7ado desenvolvido para profissionais que precisam mais do que os recursos b\u00e1sicos do Global Mapper. Inclui uma ampla gama de ferramentas para trabalhar com imagens, terreno e dados LiDAR.","robots":{"index":"index","follow":"follow","max-snippet":"max-snippet:-1","max-image-preview":"max-image-preview:large","max-video-preview":"max-video-preview:-1"},"canonical":"https:\/\/www.ghostysky.com\/pt\/produto-2\/gm-pro-upgrade-usb-dongle-license\/","og_locale":"pt_PT","og_type":"article","og_title":"GM (Upgrade-to-Pro) USB Dongle License - Ghostysky","og_description":"Global Mapper Pro is an advanced geospatial software program designed for professionals who need more than the basic features of Global Mapper. It includes a wide range of tools for working with imagery, terrain, and LiDAR data.","og_url":"https:\/\/www.ghostysky.com\/pt\/produto-2\/gm-pro-upgrade-usb-dongle-license\/","og_site_name":"Ghostysky","article_publisher":"https:\/\/www.facebook.com\/people\/Ghostysky\/100057676170234\/","article_modified_time":"2024-11-13T05:54:15+00:00","og_image":[{"width":1500,"height":1299,"url":"https:\/\/www.ghostysky.com\/wp-content\/uploads\/2024\/02\/GlobalMapperPro.png","type":"image\/png"}],"twitter_card":"summary_large_image","twitter_site":"@Gh0stysky","twitter_misc":{"Tempo estimado de leitura":"5 minutos"},"schema":{"@context":"https:\/\/schema.org","@graph":[{"@type":"WebPage","@id":"https:\/\/www.ghostysky.com\/product\/gm-pro-upgrade-usb-dongle-license\/","url":"https:\/\/www.ghostysky.com\/product\/gm-pro-upgrade-usb-dongle-license\/","name":"Licen\u00e7a de Dongle USB GM (Upgrade-to-Pro) - Ghostysky","isPartOf":{"@id":"https:\/\/www.ghostysky.com\/#website"},"primaryImageOfPage":{"@id":"https:\/\/www.ghostysky.com\/product\/gm-pro-upgrade-usb-dongle-license\/#primaryimage"},"image":{"@id":"https:\/\/www.ghostysky.com\/product\/gm-pro-upgrade-usb-dongle-license\/#primaryimage"},"thumbnailUrl":"https:\/\/www.ghostysky.com\/wp-content\/uploads\/2024\/02\/GlobalMapperPro.png","datePublished":"2024-02-10T11:03:54+00:00","dateModified":"2024-11-13T05:54:15+00:00","description":"Global Mapper Pro \u00e9 um programa de software geoespacial avan\u00e7ado desenvolvido para profissionais que precisam mais do que os recursos b\u00e1sicos do Global Mapper. Inclui uma ampla gama de ferramentas para trabalhar com imagens, terreno e dados LiDAR.","breadcrumb":{"@id":"https:\/\/www.ghostysky.com\/product\/gm-pro-upgrade-usb-dongle-license\/#breadcrumb"},"inLanguage":"pt-PT","potentialAction":[{"@type":"ReadAction","target":["https:\/\/www.ghostysky.com\/product\/gm-pro-upgrade-usb-dongle-license\/"]}]},{"@type":"ImageObject","inLanguage":"pt-PT","@id":"https:\/\/www.ghostysky.com\/product\/gm-pro-upgrade-usb-dongle-license\/#primaryimage","url":"https:\/\/www.ghostysky.com\/wp-content\/uploads\/2024\/02\/GlobalMapperPro.png","contentUrl":"https:\/\/www.ghostysky.com\/wp-content\/uploads\/2024\/02\/GlobalMapperPro.png","width":1500,"height":1299},{"@type":"BreadcrumbList","@id":"https:\/\/www.ghostysky.com\/product\/gm-pro-upgrade-usb-dongle-license\/#breadcrumb","itemListElement":[{"@type":"ListItem","position":1,"name":"Home","item":"https:\/\/www.ghostysky.com\/"},{"@type":"ListItem","position":2,"name":"Shop","item":"https:\/\/www.ghostysky.com\/shop\/"},{"@type":"ListItem","position":3,"name":"GM (Upgrade-to-Pro) USB Dongle License"}]},{"@type":"WebSite","@id":"https:\/\/www.ghostysky.com\/#website","url":"https:\/\/www.ghostysky.com\/","name":"Ghostysky","description":"Fornecendo drones e servi\u00e7os profissionais","publisher":{"@id":"https:\/\/www.ghostysky.com\/#organization"},"potentialAction":[{"@type":"SearchAction","target":{"@type":"EntryPoint","urlTemplate":"https:\/\/www.ghostysky.com\/?s={search_term_string}"},"query-input":{"@type":"PropertyValueSpecification","valueRequired":true,"valueName":"search_term_string"}}],"inLanguage":"pt-PT"},{"@type":"Organization","@id":"https:\/\/www.ghostysky.com\/#organization","name":"Ghostysky","url":"https:\/\/www.ghostysky.com\/","logo":{"@type":"ImageObject","inLanguage":"pt-PT","@id":"https:\/\/www.ghostysky.com\/#\/schema\/logo\/image\/","url":"https:\/\/www.ghostysky.com\/wp-content\/uploads\/2020\/06\/cropped-ghostyskylogo_text_white2.png","contentUrl":"https:\/\/www.ghostysky.com\/wp-content\/uploads\/2020\/06\/cropped-ghostyskylogo_text_white2.png","width":169,"height":56,"caption":"Ghostysky"},"image":{"@id":"https:\/\/www.ghostysky.com\/#\/schema\/logo\/image\/"},"sameAs":["https:\/\/www.facebook.com\/people\/Ghostysky\/100057676170234\/","https:\/\/x.com\/Gh0stysky","https:\/\/www.linkedin.com\/company\/34739653","https:\/\/www.instagram.com\/gh0stysky"]}]}},"_links":{"self":[{"href":"https:\/\/www.ghostysky.com\/pt\/wp-json\/wp\/v2\/product\/15968","targetHints":{"allow":["GET"]}}],"collection":[{"href":"https:\/\/www.ghostysky.com\/pt\/wp-json\/wp\/v2\/product"}],"about":[{"href":"https:\/\/www.ghostysky.com\/pt\/wp-json\/wp\/v2\/types\/product"}],"replies":[{"embeddable":true,"href":"https:\/\/www.ghostysky.com\/pt\/wp-json\/wp\/v2\/comments?post=15968"}],"wp:featuredmedia":[{"embeddable":true,"href":"https:\/\/www.ghostysky.com\/pt\/wp-json\/wp\/v2\/media\/15943"}],"wp:attachment":[{"href":"https:\/\/www.ghostysky.com\/pt\/wp-json\/wp\/v2\/media?parent=15968"}],"wp:term":[{"taxonomy":"product_brand","embeddable":true,"href":"https:\/\/www.ghostysky.com\/pt\/wp-json\/wp\/v2\/product_brand?post=15968"},{"taxonomy":"product_cat","embeddable":true,"href":"https:\/\/www.ghostysky.com\/pt\/wp-json\/wp\/v2\/product_cat?post=15968"},{"taxonomy":"product_tag","embeddable":true,"href":"https:\/\/www.ghostysky.com\/pt\/wp-json\/wp\/v2\/product_tag?post=15968"}],"curies":[{"name":"wp","href":"https:\/\/api.w.org\/{rel}","templated":true}]}}