{"id":15973,"date":"2024-02-10T11:22:45","date_gmt":"2024-02-10T11:22:45","guid":{"rendered":"https:\/\/www.ghostysky.com\/?post_type=product&#038;p=15973"},"modified":"2024-03-17T09:43:39","modified_gmt":"2024-03-17T09:43:39","slug":"geographic-calculator-usb-dongle-license","status":"publish","type":"product","link":"https:\/\/www.ghostysky.com\/pt\/product\/geographic-calculator-usb-dongle-license\/","title":{"rendered":"Geographic Calculator \u2013 Licen\u00e7a Dongle USB"},"content":{"rendered":"<p data-sourcepos=\"7:1-7:109\"><strong>Geographic Calculator<\/strong> pode converter entre uma ampla variedade de sistemas de coordenadas, incluindo latitude\/longitude, UTM e coordenadas de plano de estado. Tamb\u00e9m pode transformar coordenadas entre diferentes datums, como WGS84 e NAD83. Al\u00e9m disso, a Calculadora Geogr\u00e1fica pode traduzir entre uma variedade de formatos de arquivo geoespaciais, como shapefiles, KML e GPX.<\/p>\n<p data-sourcepos=\"9:1-9:91\">A Calculadora Geogr\u00e1fica \u00e9 uma ferramenta vers\u00e1til que pode ser usada para diversas tarefas, como:<\/p>\n<ul data-sourcepos=\"11:1-15:0\">\n<li data-sourcepos=\"11:1-11:17\"><strong>Planejando uma viagem<\/strong><\/li>\n<li data-sourcepos=\"12:1-12:20\"><strong>Mapeando uma propriedade<\/strong><\/li>\n<li data-sourcepos=\"13:1-13:27\"><strong>Analisando dados geoespaciais<\/strong><\/li>\n<li data-sourcepos=\"14:1-15:0\"><strong>Criando mapas<\/strong><\/li>\n<\/ul>\n<p data-sourcepos=\"16:1-16:125\">A Calculadora Geogr\u00e1fica est\u00e1 dispon\u00edvel para Windows, macOS e Linux. \u00c9 um software pago, mas existe uma vers\u00e3o de teste gratuita dispon\u00edvel.<\/p>\n<p data-sourcepos=\"18:1-18:33\">No geral, a Calculadora Geogr\u00e1fica \u00e9 uma ferramenta poderosa e f\u00e1cil de usar que pode ser usada para uma variedade de tarefas geoespaciais.<\/p>","protected":false},"excerpt":{"rendered":"<p><span class=\"citation-0 citation-end-0 animating\"><strong>Geographic Calculator<\/strong> \u00e9 um software geod\u00e9sico poderoso para convers\u00e3o precisa de coordenadas, transforma\u00e7\u00e3o de dados e tradu\u00e7\u00e3o de arquivos.<\/span><span class=\"animating\"> Ele foi projetado para profissionais de GIS,<\/span><span class=\"animating\"> top\u00f3grafos,<\/span><span class=\"animating\"> engenheiros,<\/span><span class=\"animating\"> e qualquer pessoa que trabalhe com dados geoespaciais.<\/span><\/p>\n<p>\u2013&gt;&gt; <strong>Esta licen\u00e7a pode ser movida entre m\u00e1quinas ilimitadas atrav\u00e9s de um dongle USB.<\/strong>\u00a0&lt;&lt;\u2013<\/p>\n<p>&nbsp;<\/p>","protected":false},"featured_media":15970,"comment_status":"open","ping_status":"closed","template":"","meta":[],"product_brand":[],"product_cat":[670,31],"product_tag":[680,679,681],"class_list":{"0":"post-15973","1":"product","2":"type-product","3":"status-publish","4":"has-post-thumbnail","6":"product_cat-blue-marble","7":"product_cat-software","8":"product_tag-blue-marble","9":"product_tag-geographic-calculator","10":"product_tag-usb-dongle-license","12":"first","13":"instock","14":"taxable","15":"shipping-taxable","16":"product-type-simple"},"yoast_head":"<!-- This site is optimized with the Yoast SEO plugin v27.1.1 - https:\/\/yoast.com\/product\/yoast-seo-wordpress\/ -->\n<title>Geographic Calculator - USB Dongle License - Ghostysky<\/title>\n<meta name=\"description\" content=\"Geographic Calculator is a powerful geodetic software for accurate coordinate conversion, datum transformation, and file translation. It is designed for GIS professionals, surveyors, engineers, and anyone who works with geospatial data.\" \/>\n<meta name=\"robots\" content=\"index, follow, max-snippet:-1, max-image-preview:large, max-video-preview:-1\" \/>\n<link rel=\"canonical\" href=\"https:\/\/www.ghostysky.com\/pt\/produto-2\/geographic-calculator-usb-dongle-license\/\" \/>\n<meta property=\"og:locale\" content=\"pt_PT\" \/>\n<meta property=\"og:type\" content=\"article\" \/>\n<meta property=\"og:title\" content=\"Geographic Calculator - USB Dongle License - Ghostysky\" \/>\n<meta property=\"og:description\" content=\"Geographic Calculator is a powerful geodetic software for accurate coordinate conversion, datum transformation, and file translation. It is designed for GIS professionals, surveyors, engineers, and anyone who works with geospatial data.\" \/>\n<meta property=\"og:url\" content=\"https:\/\/www.ghostysky.com\/pt\/produto-2\/geographic-calculator-usb-dongle-license\/\" \/>\n<meta property=\"og:site_name\" content=\"Ghostysky\" \/>\n<meta property=\"article:publisher\" content=\"https:\/\/www.facebook.com\/people\/Ghostysky\/100057676170234\/\" \/>\n<meta property=\"article:modified_time\" content=\"2024-03-17T09:43:39+00:00\" \/>\n<meta property=\"og:image\" content=\"https:\/\/www.ghostysky.com\/wp-content\/uploads\/2024\/02\/GeographicCalculator.png\" \/>\n\t<meta property=\"og:image:width\" content=\"1500\" \/>\n\t<meta property=\"og:image:height\" content=\"1299\" \/>\n\t<meta property=\"og:image:type\" content=\"image\/png\" \/>\n<meta name=\"twitter:card\" content=\"summary_large_image\" \/>\n<meta name=\"twitter:site\" content=\"@Gh0stysky\" \/>\n<meta name=\"twitter:label1\" content=\"Tempo estimado de leitura\" \/>\n\t<meta name=\"twitter:data1\" content=\"1 minuto\" \/>\n<script type=\"application\/ld+json\" class=\"yoast-schema-graph\">{\"@context\":\"https:\/\/schema.org\",\"@graph\":[{\"@type\":\"WebPage\",\"@id\":\"https:\/\/www.ghostysky.com\/product\/geographic-calculator-usb-dongle-license\/\",\"url\":\"https:\/\/www.ghostysky.com\/product\/geographic-calculator-usb-dongle-license\/\",\"name\":\"Geographic Calculator - USB Dongle License - Ghostysky\",\"isPartOf\":{\"@id\":\"https:\/\/www.ghostysky.com\/#website\"},\"primaryImageOfPage\":{\"@id\":\"https:\/\/www.ghostysky.com\/product\/geographic-calculator-usb-dongle-license\/#primaryimage\"},\"image\":{\"@id\":\"https:\/\/www.ghostysky.com\/product\/geographic-calculator-usb-dongle-license\/#primaryimage\"},\"thumbnailUrl\":\"https:\/\/www.ghostysky.com\/wp-content\/uploads\/2024\/02\/GeographicCalculator.png\",\"datePublished\":\"2024-02-10T11:22:45+00:00\",\"dateModified\":\"2024-03-17T09:43:39+00:00\",\"description\":\"Geographic Calculator is a powerful geodetic software for accurate coordinate conversion, datum transformation, and file translation. It is designed for GIS professionals, surveyors, engineers, and anyone who works with geospatial data.\",\"breadcrumb\":{\"@id\":\"https:\/\/www.ghostysky.com\/product\/geographic-calculator-usb-dongle-license\/#breadcrumb\"},\"inLanguage\":\"pt-PT\",\"potentialAction\":[{\"@type\":\"ReadAction\",\"target\":[\"https:\/\/www.ghostysky.com\/product\/geographic-calculator-usb-dongle-license\/\"]}]},{\"@type\":\"ImageObject\",\"inLanguage\":\"pt-PT\",\"@id\":\"https:\/\/www.ghostysky.com\/product\/geographic-calculator-usb-dongle-license\/#primaryimage\",\"url\":\"https:\/\/www.ghostysky.com\/wp-content\/uploads\/2024\/02\/GeographicCalculator.png\",\"contentUrl\":\"https:\/\/www.ghostysky.com\/wp-content\/uploads\/2024\/02\/GeographicCalculator.png\",\"width\":1500,\"height\":1299},{\"@type\":\"BreadcrumbList\",\"@id\":\"https:\/\/www.ghostysky.com\/product\/geographic-calculator-usb-dongle-license\/#breadcrumb\",\"itemListElement\":[{\"@type\":\"ListItem\",\"position\":1,\"name\":\"Home\",\"item\":\"https:\/\/www.ghostysky.com\/\"},{\"@type\":\"ListItem\",\"position\":2,\"name\":\"Shop\",\"item\":\"https:\/\/www.ghostysky.com\/shop\/\"},{\"@type\":\"ListItem\",\"position\":3,\"name\":\"Geographic Calculator &#8211; USB Dongle License\"}]},{\"@type\":\"WebSite\",\"@id\":\"https:\/\/www.ghostysky.com\/#website\",\"url\":\"https:\/\/www.ghostysky.com\/\",\"name\":\"Ghostysky\",\"description\":\"Delivering professional drones and services\",\"publisher\":{\"@id\":\"https:\/\/www.ghostysky.com\/#organization\"},\"potentialAction\":[{\"@type\":\"SearchAction\",\"target\":{\"@type\":\"EntryPoint\",\"urlTemplate\":\"https:\/\/www.ghostysky.com\/?s={search_term_string}\"},\"query-input\":{\"@type\":\"PropertyValueSpecification\",\"valueRequired\":true,\"valueName\":\"search_term_string\"}}],\"inLanguage\":\"pt-PT\"},{\"@type\":\"Organization\",\"@id\":\"https:\/\/www.ghostysky.com\/#organization\",\"name\":\"Ghostysky\",\"url\":\"https:\/\/www.ghostysky.com\/\",\"logo\":{\"@type\":\"ImageObject\",\"inLanguage\":\"pt-PT\",\"@id\":\"https:\/\/www.ghostysky.com\/#\/schema\/logo\/image\/\",\"url\":\"https:\/\/www.ghostysky.com\/wp-content\/uploads\/2020\/06\/cropped-ghostyskylogo_text_white2.png\",\"contentUrl\":\"https:\/\/www.ghostysky.com\/wp-content\/uploads\/2020\/06\/cropped-ghostyskylogo_text_white2.png\",\"width\":169,\"height\":56,\"caption\":\"Ghostysky\"},\"image\":{\"@id\":\"https:\/\/www.ghostysky.com\/#\/schema\/logo\/image\/\"},\"sameAs\":[\"https:\/\/www.facebook.com\/people\/Ghostysky\/100057676170234\/\",\"https:\/\/x.com\/Gh0stysky\",\"https:\/\/www.linkedin.com\/company\/34739653\",\"https:\/\/www.instagram.com\/gh0stysky\"]}]}<\/script>\n<!-- \/ Yoast SEO plugin. -->","yoast_head_json":{"title":"Calculadora Geogr\u00e1fica - Licen\u00e7a Dongle USB - Ghostysky","description":"Calculadora Geogr\u00e1fica \u00e9 um software geod\u00e9sico poderoso para convers\u00e3o precisa de coordenadas, transforma\u00e7\u00e3o de dados e tradu\u00e7\u00e3o de arquivos. Ele foi projetado para profissionais de GIS, top\u00f3grafos, engenheiros e qualquer pessoa que trabalhe com dados geoespaciais.","robots":{"index":"index","follow":"follow","max-snippet":"max-snippet:-1","max-image-preview":"max-image-preview:large","max-video-preview":"max-video-preview:-1"},"canonical":"https:\/\/www.ghostysky.com\/pt\/produto-2\/geographic-calculator-usb-dongle-license\/","og_locale":"pt_PT","og_type":"article","og_title":"Geographic Calculator - USB Dongle License - Ghostysky","og_description":"Geographic Calculator is a powerful geodetic software for accurate coordinate conversion, datum transformation, and file translation. It is designed for GIS professionals, surveyors, engineers, and anyone who works with geospatial data.","og_url":"https:\/\/www.ghostysky.com\/pt\/produto-2\/geographic-calculator-usb-dongle-license\/","og_site_name":"Ghostysky","article_publisher":"https:\/\/www.facebook.com\/people\/Ghostysky\/100057676170234\/","article_modified_time":"2024-03-17T09:43:39+00:00","og_image":[{"width":1500,"height":1299,"url":"https:\/\/www.ghostysky.com\/wp-content\/uploads\/2024\/02\/GeographicCalculator.png","type":"image\/png"}],"twitter_card":"summary_large_image","twitter_site":"@Gh0stysky","twitter_misc":{"Tempo estimado de leitura":"1 minuto"},"schema":{"@context":"https:\/\/schema.org","@graph":[{"@type":"WebPage","@id":"https:\/\/www.ghostysky.com\/product\/geographic-calculator-usb-dongle-license\/","url":"https:\/\/www.ghostysky.com\/product\/geographic-calculator-usb-dongle-license\/","name":"Calculadora Geogr\u00e1fica - Licen\u00e7a Dongle USB - Ghostysky","isPartOf":{"@id":"https:\/\/www.ghostysky.com\/#website"},"primaryImageOfPage":{"@id":"https:\/\/www.ghostysky.com\/product\/geographic-calculator-usb-dongle-license\/#primaryimage"},"image":{"@id":"https:\/\/www.ghostysky.com\/product\/geographic-calculator-usb-dongle-license\/#primaryimage"},"thumbnailUrl":"https:\/\/www.ghostysky.com\/wp-content\/uploads\/2024\/02\/GeographicCalculator.png","datePublished":"2024-02-10T11:22:45+00:00","dateModified":"2024-03-17T09:43:39+00:00","description":"Calculadora Geogr\u00e1fica \u00e9 um software geod\u00e9sico poderoso para convers\u00e3o precisa de coordenadas, transforma\u00e7\u00e3o de dados e tradu\u00e7\u00e3o de arquivos. Ele foi projetado para profissionais de GIS, top\u00f3grafos, engenheiros e qualquer pessoa que trabalhe com dados geoespaciais.","breadcrumb":{"@id":"https:\/\/www.ghostysky.com\/product\/geographic-calculator-usb-dongle-license\/#breadcrumb"},"inLanguage":"pt-PT","potentialAction":[{"@type":"ReadAction","target":["https:\/\/www.ghostysky.com\/product\/geographic-calculator-usb-dongle-license\/"]}]},{"@type":"ImageObject","inLanguage":"pt-PT","@id":"https:\/\/www.ghostysky.com\/product\/geographic-calculator-usb-dongle-license\/#primaryimage","url":"https:\/\/www.ghostysky.com\/wp-content\/uploads\/2024\/02\/GeographicCalculator.png","contentUrl":"https:\/\/www.ghostysky.com\/wp-content\/uploads\/2024\/02\/GeographicCalculator.png","width":1500,"height":1299},{"@type":"BreadcrumbList","@id":"https:\/\/www.ghostysky.com\/product\/geographic-calculator-usb-dongle-license\/#breadcrumb","itemListElement":[{"@type":"ListItem","position":1,"name":"Home","item":"https:\/\/www.ghostysky.com\/"},{"@type":"ListItem","position":2,"name":"Shop","item":"https:\/\/www.ghostysky.com\/shop\/"},{"@type":"ListItem","position":3,"name":"Geographic Calculator &#8211; USB Dongle License"}]},{"@type":"WebSite","@id":"https:\/\/www.ghostysky.com\/#website","url":"https:\/\/www.ghostysky.com\/","name":"Ghostysky","description":"Fornecendo drones e servi\u00e7os profissionais","publisher":{"@id":"https:\/\/www.ghostysky.com\/#organization"},"potentialAction":[{"@type":"SearchAction","target":{"@type":"EntryPoint","urlTemplate":"https:\/\/www.ghostysky.com\/?s={search_term_string}"},"query-input":{"@type":"PropertyValueSpecification","valueRequired":true,"valueName":"search_term_string"}}],"inLanguage":"pt-PT"},{"@type":"Organization","@id":"https:\/\/www.ghostysky.com\/#organization","name":"Ghostysky","url":"https:\/\/www.ghostysky.com\/","logo":{"@type":"ImageObject","inLanguage":"pt-PT","@id":"https:\/\/www.ghostysky.com\/#\/schema\/logo\/image\/","url":"https:\/\/www.ghostysky.com\/wp-content\/uploads\/2020\/06\/cropped-ghostyskylogo_text_white2.png","contentUrl":"https:\/\/www.ghostysky.com\/wp-content\/uploads\/2020\/06\/cropped-ghostyskylogo_text_white2.png","width":169,"height":56,"caption":"Ghostysky"},"image":{"@id":"https:\/\/www.ghostysky.com\/#\/schema\/logo\/image\/"},"sameAs":["https:\/\/www.facebook.com\/people\/Ghostysky\/100057676170234\/","https:\/\/x.com\/Gh0stysky","https:\/\/www.linkedin.com\/company\/34739653","https:\/\/www.instagram.com\/gh0stysky"]}]}},"_links":{"self":[{"href":"https:\/\/www.ghostysky.com\/pt\/wp-json\/wp\/v2\/product\/15973","targetHints":{"allow":["GET"]}}],"collection":[{"href":"https:\/\/www.ghostysky.com\/pt\/wp-json\/wp\/v2\/product"}],"about":[{"href":"https:\/\/www.ghostysky.com\/pt\/wp-json\/wp\/v2\/types\/product"}],"replies":[{"embeddable":true,"href":"https:\/\/www.ghostysky.com\/pt\/wp-json\/wp\/v2\/comments?post=15973"}],"wp:featuredmedia":[{"embeddable":true,"href":"https:\/\/www.ghostysky.com\/pt\/wp-json\/wp\/v2\/media\/15970"}],"wp:attachment":[{"href":"https:\/\/www.ghostysky.com\/pt\/wp-json\/wp\/v2\/media?parent=15973"}],"wp:term":[{"taxonomy":"product_brand","embeddable":true,"href":"https:\/\/www.ghostysky.com\/pt\/wp-json\/wp\/v2\/product_brand?post=15973"},{"taxonomy":"product_cat","embeddable":true,"href":"https:\/\/www.ghostysky.com\/pt\/wp-json\/wp\/v2\/product_cat?post=15973"},{"taxonomy":"product_tag","embeddable":true,"href":"https:\/\/www.ghostysky.com\/pt\/wp-json\/wp\/v2\/product_tag?post=15973"}],"curies":[{"name":"wp","href":"https:\/\/api.w.org\/{rel}","templated":true}]}}