{"id":15983,"date":"2024-02-10T11:46:45","date_gmt":"2024-02-10T11:46:45","guid":{"rendered":"https:\/\/www.ghostysky.com\/?post_type=product&#038;p=15983"},"modified":"2024-11-09T18:51:33","modified_gmt":"2024-11-09T18:51:33","slug":"global-mapper-pro-sdk-copy","status":"publish","type":"product","link":"https:\/\/www.ghostysky.com\/pt\/product\/global-mapper-pro-sdk-copy\/","title":{"rendered":"Global Mapper Pro SDK"},"content":{"rendered":"<h3 data-sourcepos=\"1:1-1:67\">Global Mapper Pro SDK: um kit de ferramentas para desenvolvedores para dados geoespaciais<\/h3>\n<p data-sourcepos=\"3:1-3:265\">O Global Mapper Pro SDK \u00e9 um kit de desenvolvimento de software que fornece aos desenvolvedores acesso \u00e0s principais funcionalidades do Global Mapper Pro, um poderoso software de processamento de dados geoespaciais. Ele permite integrar os seguintes recursos em seus pr\u00f3prios aplicativos:<\/p>\n<ul data-sourcepos=\"5:1-9:0\">\n<li data-sourcepos=\"5:1-5:159\"><strong>Carregamento e gerenciamento de dados:<\/strong>\u00a0Carregue, gerencie e manipule diversos formatos de dados geoespaciais, incluindo dados GIS, LiDAR, imagens de sat\u00e9lite e muito mais.<\/li>\n<li data-sourcepos=\"6:1-6:143\"><strong>Processamento de nuvem de pontos:<\/strong>\u00a0Utilize o avan\u00e7ado\u00a0<strong>Pixels em Pontos\u00ae<\/strong>\u00a0ferramenta para converter imagens de drones ou UAV em nuvens de pontos 3D de alta densidade.<\/li>\n<li data-sourcepos=\"7:1-7:184\"><strong>C\u00e1lculos e an\u00e1lises geoespaciais:<\/strong>\u00a0Execute c\u00e1lculos e an\u00e1lises complexos em seus dados geoespaciais, como medi\u00e7\u00f5es de dist\u00e2ncia, c\u00e1lculos de \u00e1rea e an\u00e1lise de terreno.<\/li>\n<li data-sourcepos=\"8:1-9:0\"><strong>Convers\u00e3o e exporta\u00e7\u00e3o:<\/strong>\u00a0Converta seus dados entre v\u00e1rios formatos e exporte-os para uso posterior em outros aplicativos.<\/li>\n<\/ul>\n<p data-sourcepos=\"10:1-10:17\"><strong>Caracter\u00edsticas principais:<\/strong><\/p>\n<ul data-sourcepos=\"12:1-16:0\">\n<li data-sourcepos=\"12:1-12:80\">Dispon\u00edvel para plataforma Windows com suporte para diversas linguagens de programa\u00e7\u00e3o.<\/li>\n<li data-sourcepos=\"13:1-13:41\">Oferece vers\u00f5es de 32 e 64 bits.<\/li>\n<li data-sourcepos=\"14:1-14:70\">Inclui documenta\u00e7\u00e3o abrangente e exemplos para voc\u00ea come\u00e7ar.<\/li>\n<li data-sourcepos=\"15:1-16:0\">Fornece acesso \u00e0 funcionalidade LiDAR avan\u00e7ada (requer licen\u00e7a separada).<\/li>\n<\/ul>\n<p data-sourcepos=\"17:1-17:18\"><strong>para quem \u00e9 isso?<\/strong><\/p>\n<p data-sourcepos=\"19:1-19:137\">Este SDK \u00e9 ideal para desenvolvedores que precisam integrar recursos de processamento de dados geoespaciais em seus aplicativos para tarefas como:<\/p>\n<ul data-sourcepos=\"21:1-25:0\">\n<li data-sourcepos=\"21:1-21:27\">Cria\u00e7\u00e3o de ferramentas GIS personalizadas<\/li>\n<li data-sourcepos=\"22:1-22:33\">Processando dados de drones e LiDAR<\/li>\n<li data-sourcepos=\"23:1-23:38\">Desenvolvimento de ferramentas de an\u00e1lise geoespacial<\/li>\n<li data-sourcepos=\"24:1-25:0\">Integra\u00e7\u00e3o de dados geoespaciais em outras aplica\u00e7\u00f5es<\/li>\n<\/ul>\n<p data-sourcepos=\"26:1-26:16\"><strong>Limita\u00e7\u00f5es:<\/strong><\/p>\n<ul data-sourcepos=\"28:1-30:0\">\n<li data-sourcepos=\"28:1-28:123\">Os componentes visuais do Global Mapper Pro, como a visualiza\u00e7\u00e3o do Path Profile e as barras de ferramentas LiDAR, n\u00e3o est\u00e3o dispon\u00edveis no SDK.<\/li>\n<li data-sourcepos=\"29:1-30:0\">Requer uma licen\u00e7a separada para funcionalidades LiDAR avan\u00e7adas.<\/li>\n<\/ul>\n<p data-sourcepos=\"31:1-31:136\">Espero que esta breve descri\u00e7\u00e3o lhe d\u00ea uma boa vis\u00e3o geral do Global Mapper Pro SDK. Se voc\u00ea tiver mais d\u00favidas, por favor me avise!<\/p>","protected":false},"excerpt":{"rendered":"<p>O kit de ferramentas para desenvolvedores de software Global Mapper Pro, que inclui funcionalidade lidar e outras ferramentas avan\u00e7adas, permite que um desenvolvedor trabalhe com o SDK para desenvolver aplicativos personalizados.<\/p>","protected":false},"featured_media":15984,"comment_status":"open","ping_status":"closed","template":"","meta":[],"product_brand":[],"product_cat":[670,31],"product_tag":[684,683],"class_list":{"0":"post-15983","1":"product","2":"type-product","3":"status-publish","4":"has-post-thumbnail","6":"product_cat-blue-marble","7":"product_cat-software","8":"product_tag-global-mapper-pro-sdk","9":"product_tag-software-development-kits","11":"first","12":"instock","13":"taxable","14":"shipping-taxable","15":"product-type-simple"},"yoast_head":"<!-- This site is optimized with the Yoast SEO plugin v27.1.1 - https:\/\/yoast.com\/product\/yoast-seo-wordpress\/ -->\n<title>Global Mapper Pro SDK - Ghostysky<\/title>\n<meta name=\"description\" content=\"The Global Mapper Pro Software Developer Toolkit, which includes lidar functionality and other advanced tools, entitles one developer to work with the SDK to develop custom applications.\" \/>\n<meta name=\"robots\" content=\"index, follow, max-snippet:-1, max-image-preview:large, max-video-preview:-1\" \/>\n<link rel=\"canonical\" href=\"https:\/\/www.ghostysky.com\/pt\/produto-2\/global-mapper-pro-sdk-copy\/\" \/>\n<meta property=\"og:locale\" content=\"pt_PT\" \/>\n<meta property=\"og:type\" content=\"article\" \/>\n<meta property=\"og:title\" content=\"Global Mapper Pro SDK - Ghostysky\" \/>\n<meta property=\"og:description\" content=\"The Global Mapper Pro Software Developer Toolkit, which includes lidar functionality and other advanced tools, entitles one developer to work with the SDK to develop custom applications.\" \/>\n<meta property=\"og:url\" content=\"https:\/\/www.ghostysky.com\/pt\/produto-2\/global-mapper-pro-sdk-copy\/\" \/>\n<meta property=\"og:site_name\" content=\"Ghostysky\" \/>\n<meta property=\"article:publisher\" content=\"https:\/\/www.facebook.com\/people\/Ghostysky\/100057676170234\/\" \/>\n<meta property=\"article:modified_time\" content=\"2024-11-09T18:51:33+00:00\" \/>\n<meta property=\"og:image\" content=\"https:\/\/www.ghostysky.com\/wp-content\/uploads\/2024\/02\/GlobalMapperSDKPro.png\" \/>\n\t<meta property=\"og:image:width\" content=\"1500\" \/>\n\t<meta property=\"og:image:height\" content=\"1299\" \/>\n\t<meta property=\"og:image:type\" content=\"image\/png\" \/>\n<meta name=\"twitter:card\" content=\"summary_large_image\" \/>\n<meta name=\"twitter:site\" content=\"@Gh0stysky\" \/>\n<meta name=\"twitter:label1\" content=\"Tempo estimado de leitura\" \/>\n\t<meta name=\"twitter:data1\" content=\"2 minutos\" \/>\n<script type=\"application\/ld+json\" class=\"yoast-schema-graph\">{\"@context\":\"https:\/\/schema.org\",\"@graph\":[{\"@type\":\"WebPage\",\"@id\":\"https:\/\/www.ghostysky.com\/product\/global-mapper-pro-sdk-copy\/\",\"url\":\"https:\/\/www.ghostysky.com\/product\/global-mapper-pro-sdk-copy\/\",\"name\":\"Global Mapper Pro SDK - Ghostysky\",\"isPartOf\":{\"@id\":\"https:\/\/www.ghostysky.com\/#website\"},\"primaryImageOfPage\":{\"@id\":\"https:\/\/www.ghostysky.com\/product\/global-mapper-pro-sdk-copy\/#primaryimage\"},\"image\":{\"@id\":\"https:\/\/www.ghostysky.com\/product\/global-mapper-pro-sdk-copy\/#primaryimage\"},\"thumbnailUrl\":\"https:\/\/www.ghostysky.com\/wp-content\/uploads\/2024\/02\/GlobalMapperSDKPro.png\",\"datePublished\":\"2024-02-10T11:46:45+00:00\",\"dateModified\":\"2024-11-09T18:51:33+00:00\",\"description\":\"The Global Mapper Pro Software Developer Toolkit, which includes lidar functionality and other advanced tools, entitles one developer to work with the SDK to develop custom applications.\",\"breadcrumb\":{\"@id\":\"https:\/\/www.ghostysky.com\/product\/global-mapper-pro-sdk-copy\/#breadcrumb\"},\"inLanguage\":\"pt-PT\",\"potentialAction\":[{\"@type\":\"ReadAction\",\"target\":[\"https:\/\/www.ghostysky.com\/product\/global-mapper-pro-sdk-copy\/\"]}]},{\"@type\":\"ImageObject\",\"inLanguage\":\"pt-PT\",\"@id\":\"https:\/\/www.ghostysky.com\/product\/global-mapper-pro-sdk-copy\/#primaryimage\",\"url\":\"https:\/\/www.ghostysky.com\/wp-content\/uploads\/2024\/02\/GlobalMapperSDKPro.png\",\"contentUrl\":\"https:\/\/www.ghostysky.com\/wp-content\/uploads\/2024\/02\/GlobalMapperSDKPro.png\",\"width\":1500,\"height\":1299},{\"@type\":\"BreadcrumbList\",\"@id\":\"https:\/\/www.ghostysky.com\/product\/global-mapper-pro-sdk-copy\/#breadcrumb\",\"itemListElement\":[{\"@type\":\"ListItem\",\"position\":1,\"name\":\"Home\",\"item\":\"https:\/\/www.ghostysky.com\/\"},{\"@type\":\"ListItem\",\"position\":2,\"name\":\"Shop\",\"item\":\"https:\/\/www.ghostysky.com\/shop\/\"},{\"@type\":\"ListItem\",\"position\":3,\"name\":\"Global Mapper Pro SDK\"}]},{\"@type\":\"WebSite\",\"@id\":\"https:\/\/www.ghostysky.com\/#website\",\"url\":\"https:\/\/www.ghostysky.com\/\",\"name\":\"Ghostysky\",\"description\":\"Delivering professional drones and services\",\"publisher\":{\"@id\":\"https:\/\/www.ghostysky.com\/#organization\"},\"potentialAction\":[{\"@type\":\"SearchAction\",\"target\":{\"@type\":\"EntryPoint\",\"urlTemplate\":\"https:\/\/www.ghostysky.com\/?s={search_term_string}\"},\"query-input\":{\"@type\":\"PropertyValueSpecification\",\"valueRequired\":true,\"valueName\":\"search_term_string\"}}],\"inLanguage\":\"pt-PT\"},{\"@type\":\"Organization\",\"@id\":\"https:\/\/www.ghostysky.com\/#organization\",\"name\":\"Ghostysky\",\"url\":\"https:\/\/www.ghostysky.com\/\",\"logo\":{\"@type\":\"ImageObject\",\"inLanguage\":\"pt-PT\",\"@id\":\"https:\/\/www.ghostysky.com\/#\/schema\/logo\/image\/\",\"url\":\"https:\/\/www.ghostysky.com\/wp-content\/uploads\/2020\/06\/cropped-ghostyskylogo_text_white2.png\",\"contentUrl\":\"https:\/\/www.ghostysky.com\/wp-content\/uploads\/2020\/06\/cropped-ghostyskylogo_text_white2.png\",\"width\":169,\"height\":56,\"caption\":\"Ghostysky\"},\"image\":{\"@id\":\"https:\/\/www.ghostysky.com\/#\/schema\/logo\/image\/\"},\"sameAs\":[\"https:\/\/www.facebook.com\/people\/Ghostysky\/100057676170234\/\",\"https:\/\/x.com\/Gh0stysky\",\"https:\/\/www.linkedin.com\/company\/34739653\",\"https:\/\/www.instagram.com\/gh0stysky\"]}]}<\/script>\n<!-- \/ Yoast SEO plugin. -->","yoast_head_json":{"title":"SDK do Global Mapper Pro - Ghostysky","description":"O kit de ferramentas para desenvolvedores de software Global Mapper Pro, que inclui funcionalidade lidar e outras ferramentas avan\u00e7adas, permite que um desenvolvedor trabalhe com o SDK para desenvolver aplicativos personalizados.","robots":{"index":"index","follow":"follow","max-snippet":"max-snippet:-1","max-image-preview":"max-image-preview:large","max-video-preview":"max-video-preview:-1"},"canonical":"https:\/\/www.ghostysky.com\/pt\/produto-2\/global-mapper-pro-sdk-copy\/","og_locale":"pt_PT","og_type":"article","og_title":"Global Mapper Pro SDK - Ghostysky","og_description":"The Global Mapper Pro Software Developer Toolkit, which includes lidar functionality and other advanced tools, entitles one developer to work with the SDK to develop custom applications.","og_url":"https:\/\/www.ghostysky.com\/pt\/produto-2\/global-mapper-pro-sdk-copy\/","og_site_name":"Ghostysky","article_publisher":"https:\/\/www.facebook.com\/people\/Ghostysky\/100057676170234\/","article_modified_time":"2024-11-09T18:51:33+00:00","og_image":[{"width":1500,"height":1299,"url":"https:\/\/www.ghostysky.com\/wp-content\/uploads\/2024\/02\/GlobalMapperSDKPro.png","type":"image\/png"}],"twitter_card":"summary_large_image","twitter_site":"@Gh0stysky","twitter_misc":{"Tempo estimado de leitura":"2 minutos"},"schema":{"@context":"https:\/\/schema.org","@graph":[{"@type":"WebPage","@id":"https:\/\/www.ghostysky.com\/product\/global-mapper-pro-sdk-copy\/","url":"https:\/\/www.ghostysky.com\/product\/global-mapper-pro-sdk-copy\/","name":"SDK do Global Mapper Pro - Ghostysky","isPartOf":{"@id":"https:\/\/www.ghostysky.com\/#website"},"primaryImageOfPage":{"@id":"https:\/\/www.ghostysky.com\/product\/global-mapper-pro-sdk-copy\/#primaryimage"},"image":{"@id":"https:\/\/www.ghostysky.com\/product\/global-mapper-pro-sdk-copy\/#primaryimage"},"thumbnailUrl":"https:\/\/www.ghostysky.com\/wp-content\/uploads\/2024\/02\/GlobalMapperSDKPro.png","datePublished":"2024-02-10T11:46:45+00:00","dateModified":"2024-11-09T18:51:33+00:00","description":"O kit de ferramentas para desenvolvedores de software Global Mapper Pro, que inclui funcionalidade lidar e outras ferramentas avan\u00e7adas, permite que um desenvolvedor trabalhe com o SDK para desenvolver aplicativos personalizados.","breadcrumb":{"@id":"https:\/\/www.ghostysky.com\/product\/global-mapper-pro-sdk-copy\/#breadcrumb"},"inLanguage":"pt-PT","potentialAction":[{"@type":"ReadAction","target":["https:\/\/www.ghostysky.com\/product\/global-mapper-pro-sdk-copy\/"]}]},{"@type":"ImageObject","inLanguage":"pt-PT","@id":"https:\/\/www.ghostysky.com\/product\/global-mapper-pro-sdk-copy\/#primaryimage","url":"https:\/\/www.ghostysky.com\/wp-content\/uploads\/2024\/02\/GlobalMapperSDKPro.png","contentUrl":"https:\/\/www.ghostysky.com\/wp-content\/uploads\/2024\/02\/GlobalMapperSDKPro.png","width":1500,"height":1299},{"@type":"BreadcrumbList","@id":"https:\/\/www.ghostysky.com\/product\/global-mapper-pro-sdk-copy\/#breadcrumb","itemListElement":[{"@type":"ListItem","position":1,"name":"Home","item":"https:\/\/www.ghostysky.com\/"},{"@type":"ListItem","position":2,"name":"Shop","item":"https:\/\/www.ghostysky.com\/shop\/"},{"@type":"ListItem","position":3,"name":"Global Mapper Pro SDK"}]},{"@type":"WebSite","@id":"https:\/\/www.ghostysky.com\/#website","url":"https:\/\/www.ghostysky.com\/","name":"Ghostysky","description":"Fornecendo drones e servi\u00e7os profissionais","publisher":{"@id":"https:\/\/www.ghostysky.com\/#organization"},"potentialAction":[{"@type":"SearchAction","target":{"@type":"EntryPoint","urlTemplate":"https:\/\/www.ghostysky.com\/?s={search_term_string}"},"query-input":{"@type":"PropertyValueSpecification","valueRequired":true,"valueName":"search_term_string"}}],"inLanguage":"pt-PT"},{"@type":"Organization","@id":"https:\/\/www.ghostysky.com\/#organization","name":"Ghostysky","url":"https:\/\/www.ghostysky.com\/","logo":{"@type":"ImageObject","inLanguage":"pt-PT","@id":"https:\/\/www.ghostysky.com\/#\/schema\/logo\/image\/","url":"https:\/\/www.ghostysky.com\/wp-content\/uploads\/2020\/06\/cropped-ghostyskylogo_text_white2.png","contentUrl":"https:\/\/www.ghostysky.com\/wp-content\/uploads\/2020\/06\/cropped-ghostyskylogo_text_white2.png","width":169,"height":56,"caption":"Ghostysky"},"image":{"@id":"https:\/\/www.ghostysky.com\/#\/schema\/logo\/image\/"},"sameAs":["https:\/\/www.facebook.com\/people\/Ghostysky\/100057676170234\/","https:\/\/x.com\/Gh0stysky","https:\/\/www.linkedin.com\/company\/34739653","https:\/\/www.instagram.com\/gh0stysky"]}]}},"_links":{"self":[{"href":"https:\/\/www.ghostysky.com\/pt\/wp-json\/wp\/v2\/product\/15983","targetHints":{"allow":["GET"]}}],"collection":[{"href":"https:\/\/www.ghostysky.com\/pt\/wp-json\/wp\/v2\/product"}],"about":[{"href":"https:\/\/www.ghostysky.com\/pt\/wp-json\/wp\/v2\/types\/product"}],"replies":[{"embeddable":true,"href":"https:\/\/www.ghostysky.com\/pt\/wp-json\/wp\/v2\/comments?post=15983"}],"wp:featuredmedia":[{"embeddable":true,"href":"https:\/\/www.ghostysky.com\/pt\/wp-json\/wp\/v2\/media\/15984"}],"wp:attachment":[{"href":"https:\/\/www.ghostysky.com\/pt\/wp-json\/wp\/v2\/media?parent=15983"}],"wp:term":[{"taxonomy":"product_brand","embeddable":true,"href":"https:\/\/www.ghostysky.com\/pt\/wp-json\/wp\/v2\/product_brand?post=15983"},{"taxonomy":"product_cat","embeddable":true,"href":"https:\/\/www.ghostysky.com\/pt\/wp-json\/wp\/v2\/product_cat?post=15983"},{"taxonomy":"product_tag","embeddable":true,"href":"https:\/\/www.ghostysky.com\/pt\/wp-json\/wp\/v2\/product_tag?post=15983"}],"curies":[{"name":"wp","href":"https:\/\/api.w.org\/{rel}","templated":true}]}}