{"id":16554,"date":"2024-02-21T08:32:40","date_gmt":"2024-02-21T08:32:40","guid":{"rendered":"https:\/\/www.ghostysky.com\/?post_type=product&#038;p=16554"},"modified":"2025-10-14T11:11:32","modified_gmt":"2025-10-14T11:11:32","slug":"hugerock-t71","status":"publish","type":"product","link":"https:\/\/www.ghostysky.com\/pt\/product\/hugerock-t71\/","title":{"rendered":"Hugerock T71"},"content":{"rendered":"<p data-sourcepos=\"4:1-4:35\">O T71 \u00e9 \u00e0 prova d&#039;\u00e1gua e \u00e0 prova de poeira e pode suportar quedas de at\u00e9 1,8 metros. Ele tamb\u00e9m possui v\u00e1rios recursos que o tornam adequado para uso industrial, como um leitor de c\u00f3digo de barras integrado, um leitor RFID opcional e um bot\u00e3o SOS program\u00e1vel.<\/p>\n<p data-sourcepos=\"6:1-6:271\">O Hugerock T71 \u00e9 uma boa op\u00e7\u00e3o para quem precisa de um tablet robusto para uso industrial. \u00c9 resistente, dur\u00e1vel e possui v\u00e1rios recursos que o tornam adequado para ambientes agressivos. No entanto, tamb\u00e9m \u00e9 mais caro do que alguns outros tablets robustos do mercado.<\/p>\n<h3 id=\"key-attributes\" class=\"att-title\" data-spm-anchor-id=\"a2700.details.0.i106.d1d280631q6SnX\">Especifica\u00e7\u00f5es t\u00e9cnicas<\/h3>\n<div class=\"attribute-info\">\n<div class=\"attribute-list\">\n<div class=\"attribute-item\">\n<ul>\n<li class=\"left\">Tamanho da tela\n<ul>\n<li class=\"left\">7\u2033<\/li>\n<\/ul>\n<\/li>\n<\/ul>\n<div class=\"right\">\n<ul>\n<li>Capacidade de mem\u00f3ria\n<ul>\n<li>8G<\/li>\n<\/ul>\n<\/li>\n<\/ul>\n<\/div>\n<\/div>\n<div class=\"attribute-item\">\n<div class=\"right\">\n<ul>\n<li>Resolu\u00e7\u00e3o de v\u00eddeo\n<ul>\n<li>1080*1920<\/li>\n<\/ul>\n<\/li>\n<\/ul>\n<\/div>\n<\/div>\n<div class=\"attribute-item\">\n<div class=\"right\">\n<ul>\n<li>Sistema operacional\n<ul>\n<li>Android 10\/09\/11\/13 (atualiza\u00e7\u00f5es cont\u00ednuas)<\/li>\n<\/ul>\n<\/li>\n<\/ul>\n<\/div>\n<\/div>\n<div class=\"attribute-item\">\n<ul>\n<li class=\"left\">Tipo\n<ul>\n<li class=\"left\">Tablet PC<\/li>\n<\/ul>\n<\/li>\n<\/ul>\n<div class=\"right\"><\/div>\n<\/div>\n<\/div>\n<div class=\"attribute-list\">\n<div class=\"attribute-item\">\n<ul>\n<li class=\"right\">interface de carregamento\n<ul>\n<li class=\"right\">Tipo-C*1<\/li>\n<\/ul>\n<\/li>\n<\/ul>\n<\/div>\n<div class=\"attribute-item\"><\/div>\n<div class=\"attribute-item\">\n<ul>\n<li class=\"left\">Interface da unidade\n<ul>\n<li class=\"left\">USB tipo C<\/li>\n<\/ul>\n<\/li>\n<\/ul>\n<div class=\"right\">\n<ul>\n<li>Fabrica\u00e7\u00e3o de processadores\n<ul>\n<li>MTK<\/li>\n<\/ul>\n<\/li>\n<\/ul>\n<\/div>\n<\/div>\n<div class=\"attribute-item\">\n<div class=\"right\">\n<ul>\n<li>Rede\n<ul>\n<li>Wi-Fi, GSM, 4G, 3G<\/li>\n<\/ul>\n<\/li>\n<\/ul>\n<\/div>\n<\/div>\n<div class=\"attribute-item\"><\/div>\n<div class=\"attribute-item\">\n<ul>\n<li class=\"left\">Recurso\n<ul>\n<li class=\"left\">\u00c0 prova d&#039;\u00e1gua, \u00e0 prova de choque, resist\u00eancia a quedas, antipoeira, macio, duro, SDK dispon\u00edvel<\/li>\n<\/ul>\n<\/li>\n<\/ul>\n<\/div>\n<div class=\"attribute-item\">\n<ul>\n<li class=\"left\">Tipo de processador\n<ul>\n<li class=\"left\">Octa N\u00facleo<\/li>\n<\/ul>\n<\/li>\n<\/ul>\n<div class=\"right\">\n<ul>\n<li>Frequ\u00eancia principal do processador\n<ul>\n<li>2,0 GHz<\/li>\n<\/ul>\n<\/li>\n<\/ul>\n<\/div>\n<\/div>\n<div class=\"attribute-item\">\n<ul>\n<li class=\"left\">Tipo de tela sens\u00edvel ao toque\n<ul>\n<li class=\"left\">Tela Capacitiva<\/li>\n<\/ul>\n<\/li>\n<\/ul>\n<div class=\"right\">\n<ul>\n<li>Peso\n<ul>\n<li>700g<\/li>\n<\/ul>\n<\/li>\n<\/ul>\n<\/div>\n<\/div>\n<div class=\"attribute-item\">\n<div class=\"right\" data-spm-anchor-id=\"a2700.details.0.i91.d1d280631q6SnX\">\n<ul>\n<li>Marca\n<ul>\n<li>HUGEROCK<\/li>\n<\/ul>\n<\/li>\n<\/ul>\n<\/div>\n<\/div>\n<div class=\"attribute-item\">\n<div class=\"right\">\n<ul>\n<li>N\u00famero do modelo\n<ul>\n<li>T71<\/li>\n<\/ul>\n<\/li>\n<\/ul>\n<\/div>\n<\/div>\n<div class=\"attribute-item\">\n<div class=\"right\"><\/div>\n<\/div>\n<div class=\"attribute-item\">\n<div class=\"right\">\n<ul>\n<li>CPU\n<ul>\n<li>ARM Cortex A73 Octa-core (2,0 GHz)<\/li>\n<\/ul>\n<\/li>\n<\/ul>\n<\/div>\n<\/div>\n<div class=\"attribute-item\">\n<div class=\"right\">\n<ul>\n<li>GPU\n<ul>\n<li>Armar Mali \u2013 G72 MP3<\/li>\n<\/ul>\n<\/li>\n<\/ul>\n<\/div>\n<\/div>\n<div class=\"attribute-item\">\n<div class=\"right\">\n<ul>\n<li>BATER\n<ul>\n<li>8G<\/li>\n<\/ul>\n<\/li>\n<\/ul>\n<\/div>\n<\/div>\n<div class=\"attribute-item\">\n<div class=\"right\">\n<ul>\n<li>Mem\u00f3ria interna\n<ul>\n<li>128G<\/li>\n<\/ul>\n<\/li>\n<\/ul>\n<\/div>\n<\/div>\n<div class=\"attribute-item\">\n<div class=\"right\">\n<ul>\n<li>Bateria\n<ul>\n<li>10000mAh<\/li>\n<\/ul>\n<\/li>\n<\/ul>\n<\/div>\n<\/div>\n<div class=\"attribute-item\">\n<div class=\"right\">\n<ul>\n<li>Mostrar\n<ul>\n<li>7 polegadas IPS\/AFFS 1080*1920 FHD industrial 2200nit luz solar leg\u00edvel<\/li>\n<\/ul>\n<\/li>\n<\/ul>\n<\/div>\n<\/div>\n<div class=\"attribute-item\">\n<div class=\"right\">\n<ul>\n<li>\u00c0 prova de agita\u00e7\u00e3o\n<ul>\n<li>1-19 Hz\/1,0 mm; 19-200Hz\/1,0g<\/li>\n<\/ul>\n<\/li>\n<\/ul>\n<\/div>\n<\/div>\n<div class=\"attribute-item\">\n<div class=\"right\">\n<ul>\n<li>\u00c0 prova de quedas\/IK\n<ul>\n<li>MIL-STD-810G\/Method516.6\/Procedimento IV e painel de toque IK05<\/li>\n<\/ul>\n<\/li>\n<\/ul>\n<\/div>\n<\/div>\n<div class=\"attribute-item\">\n<div class=\"right\">\n<ul>\n<li>\u00c0 prova d&#039;\u00e1gua\n<ul>\n<li>Classe 7 (IEC 60529)<\/li>\n<\/ul>\n<\/li>\n<\/ul>\n<\/div>\n<\/div>\n<div class=\"attribute-item\">\n<div class=\"right\">\n<ul>\n<li>\u00c0 prova de poeira\n<ul>\n<li>Classe 6 (IEC 60529)<\/li>\n<\/ul>\n<\/li>\n<\/ul>\n<\/div>\n<\/div>\n<div class=\"attribute-item\">\n<div class=\"right\" data-spm-anchor-id=\"a2700.details.0.i107.d1d280631q6SnX\">\n<p>&nbsp;<\/p>\n<\/div>\n<\/div>\n<\/div>\n<h4 data-spm-anchor-id=\"a2700.details.0.i108.d1d280631q6SnX\"><\/h4>\n<\/div>","protected":false},"excerpt":{"rendered":"<p>O Hugerock T71 \u00e9 um tablet robusto projetado para uso industrial. Possui tela de 7 polegadas com resolu\u00e7\u00e3o de 1080\u00d71920 e \u00e9 alimentado por um processador octa-core. Ele roda Android 10 ou 11 e vem com 8 GB de RAM e 128 GB de armazenamento.<\/p>","protected":false},"featured_media":16558,"comment_status":"open","ping_status":"closed","template":"","meta":[],"product_brand":[],"product_cat":[461,367,89,30,506],"product_tag":[694,695],"class_list":{"0":"post-16554","1":"product","2":"type-product","3":"status-publish","4":"has-post-thumbnail","6":"product_cat-accessories-2","7":"product_cat-accessories-emlid","8":"product_cat-emlid","9":"product_cat-mobile-station","10":"product_cat-smartphones-tablets","11":"product_tag-hugerock","12":"product_tag-rugged-tablet","14":"first","15":"onbackorder","16":"taxable","17":"shipping-taxable","18":"product-type-simple"},"yoast_head":"<!-- This site is optimized with the Yoast SEO plugin v27.1.1 - https:\/\/yoast.com\/product\/yoast-seo-wordpress\/ -->\n<title>Hugerock T71 - Ghostysky<\/title>\n<meta name=\"description\" content=\"The Hugerock T71 is a rugged tablet designed for industrial use. It has a 7-inch display with a resolution of 1080x1920, and is powered by an octa-core processor. It runs Android 10 or 11 and comes with 8GB of RAM and 128GB of storage.\" \/>\n<meta name=\"robots\" content=\"index, follow, max-snippet:-1, max-image-preview:large, max-video-preview:-1\" \/>\n<link rel=\"canonical\" href=\"https:\/\/www.ghostysky.com\/pt\/produto-2\/hugerock-t71\/\" \/>\n<meta property=\"og:locale\" content=\"pt_PT\" \/>\n<meta property=\"og:type\" content=\"article\" \/>\n<meta property=\"og:title\" content=\"Hugerock T71 - Ghostysky\" \/>\n<meta property=\"og:description\" content=\"The Hugerock T71 is a rugged tablet designed for industrial use. It has a 7-inch display with a resolution of 1080x1920, and is powered by an octa-core processor. It runs Android 10 or 11 and comes with 8GB of RAM and 128GB of storage.\" \/>\n<meta property=\"og:url\" content=\"https:\/\/www.ghostysky.com\/pt\/produto-2\/hugerock-t71\/\" \/>\n<meta property=\"og:site_name\" content=\"Ghostysky\" \/>\n<meta property=\"article:publisher\" content=\"https:\/\/www.facebook.com\/people\/Ghostysky\/100057676170234\/\" \/>\n<meta property=\"article:modified_time\" content=\"2025-10-14T11:11:32+00:00\" \/>\n<meta property=\"og:image\" content=\"https:\/\/www.ghostysky.com\/wp-content\/uploads\/2024\/02\/Hugerock-T71.jpg\" \/>\n\t<meta property=\"og:image:width\" content=\"800\" \/>\n\t<meta property=\"og:image:height\" content=\"800\" \/>\n\t<meta property=\"og:image:type\" content=\"image\/jpeg\" \/>\n<meta name=\"twitter:card\" content=\"summary_large_image\" \/>\n<meta name=\"twitter:site\" content=\"@Gh0stysky\" \/>\n<meta name=\"twitter:label1\" content=\"Tempo estimado de leitura\" \/>\n\t<meta name=\"twitter:data1\" content=\"2 minutos\" \/>\n<script type=\"application\/ld+json\" class=\"yoast-schema-graph\">{\"@context\":\"https:\/\/schema.org\",\"@graph\":[{\"@type\":\"WebPage\",\"@id\":\"https:\/\/www.ghostysky.com\/product\/hugerock-t71\/\",\"url\":\"https:\/\/www.ghostysky.com\/product\/hugerock-t71\/\",\"name\":\"Hugerock T71 - Ghostysky\",\"isPartOf\":{\"@id\":\"https:\/\/www.ghostysky.com\/#website\"},\"primaryImageOfPage\":{\"@id\":\"https:\/\/www.ghostysky.com\/product\/hugerock-t71\/#primaryimage\"},\"image\":{\"@id\":\"https:\/\/www.ghostysky.com\/product\/hugerock-t71\/#primaryimage\"},\"thumbnailUrl\":\"https:\/\/www.ghostysky.com\/wp-content\/uploads\/2024\/02\/Hugerock-T71.jpg\",\"datePublished\":\"2024-02-21T08:32:40+00:00\",\"dateModified\":\"2025-10-14T11:11:32+00:00\",\"description\":\"The Hugerock T71 is a rugged tablet designed for industrial use. It has a 7-inch display with a resolution of 1080x1920, and is powered by an octa-core processor. It runs Android 10 or 11 and comes with 8GB of RAM and 128GB of storage.\",\"breadcrumb\":{\"@id\":\"https:\/\/www.ghostysky.com\/product\/hugerock-t71\/#breadcrumb\"},\"inLanguage\":\"pt-PT\",\"potentialAction\":[{\"@type\":\"ReadAction\",\"target\":[\"https:\/\/www.ghostysky.com\/product\/hugerock-t71\/\"]}]},{\"@type\":\"ImageObject\",\"inLanguage\":\"pt-PT\",\"@id\":\"https:\/\/www.ghostysky.com\/product\/hugerock-t71\/#primaryimage\",\"url\":\"https:\/\/www.ghostysky.com\/wp-content\/uploads\/2024\/02\/Hugerock-T71.jpg\",\"contentUrl\":\"https:\/\/www.ghostysky.com\/wp-content\/uploads\/2024\/02\/Hugerock-T71.jpg\",\"width\":800,\"height\":800},{\"@type\":\"BreadcrumbList\",\"@id\":\"https:\/\/www.ghostysky.com\/product\/hugerock-t71\/#breadcrumb\",\"itemListElement\":[{\"@type\":\"ListItem\",\"position\":1,\"name\":\"Home\",\"item\":\"https:\/\/www.ghostysky.com\/\"},{\"@type\":\"ListItem\",\"position\":2,\"name\":\"Shop\",\"item\":\"https:\/\/www.ghostysky.com\/shop\/\"},{\"@type\":\"ListItem\",\"position\":3,\"name\":\"Hugerock T71\"}]},{\"@type\":\"WebSite\",\"@id\":\"https:\/\/www.ghostysky.com\/#website\",\"url\":\"https:\/\/www.ghostysky.com\/\",\"name\":\"Ghostysky\",\"description\":\"Delivering professional drones and services\",\"publisher\":{\"@id\":\"https:\/\/www.ghostysky.com\/#organization\"},\"potentialAction\":[{\"@type\":\"SearchAction\",\"target\":{\"@type\":\"EntryPoint\",\"urlTemplate\":\"https:\/\/www.ghostysky.com\/?s={search_term_string}\"},\"query-input\":{\"@type\":\"PropertyValueSpecification\",\"valueRequired\":true,\"valueName\":\"search_term_string\"}}],\"inLanguage\":\"pt-PT\"},{\"@type\":\"Organization\",\"@id\":\"https:\/\/www.ghostysky.com\/#organization\",\"name\":\"Ghostysky\",\"url\":\"https:\/\/www.ghostysky.com\/\",\"logo\":{\"@type\":\"ImageObject\",\"inLanguage\":\"pt-PT\",\"@id\":\"https:\/\/www.ghostysky.com\/#\/schema\/logo\/image\/\",\"url\":\"https:\/\/www.ghostysky.com\/wp-content\/uploads\/2020\/06\/cropped-ghostyskylogo_text_white2.png\",\"contentUrl\":\"https:\/\/www.ghostysky.com\/wp-content\/uploads\/2020\/06\/cropped-ghostyskylogo_text_white2.png\",\"width\":169,\"height\":56,\"caption\":\"Ghostysky\"},\"image\":{\"@id\":\"https:\/\/www.ghostysky.com\/#\/schema\/logo\/image\/\"},\"sameAs\":[\"https:\/\/www.facebook.com\/people\/Ghostysky\/100057676170234\/\",\"https:\/\/x.com\/Gh0stysky\",\"https:\/\/www.linkedin.com\/company\/34739653\",\"https:\/\/www.instagram.com\/gh0stysky\"]}]}<\/script>\n<!-- \/ Yoast SEO plugin. -->","yoast_head_json":{"title":"Hugerock T71 - Ghostysky","description":"O Hugerock T71 \u00e9 um tablet robusto projetado para uso industrial. Possui tela de 7 polegadas com resolu\u00e7\u00e3o de 1080x1920 e \u00e9 alimentado por um processador octa-core. Ele roda Android 10 ou 11 e vem com 8 GB de RAM e 128 GB de armazenamento.","robots":{"index":"index","follow":"follow","max-snippet":"max-snippet:-1","max-image-preview":"max-image-preview:large","max-video-preview":"max-video-preview:-1"},"canonical":"https:\/\/www.ghostysky.com\/pt\/produto-2\/hugerock-t71\/","og_locale":"pt_PT","og_type":"article","og_title":"Hugerock T71 - Ghostysky","og_description":"The Hugerock T71 is a rugged tablet designed for industrial use. It has a 7-inch display with a resolution of 1080x1920, and is powered by an octa-core processor. It runs Android 10 or 11 and comes with 8GB of RAM and 128GB of storage.","og_url":"https:\/\/www.ghostysky.com\/pt\/produto-2\/hugerock-t71\/","og_site_name":"Ghostysky","article_publisher":"https:\/\/www.facebook.com\/people\/Ghostysky\/100057676170234\/","article_modified_time":"2025-10-14T11:11:32+00:00","og_image":[{"width":800,"height":800,"url":"https:\/\/www.ghostysky.com\/wp-content\/uploads\/2024\/02\/Hugerock-T71.jpg","type":"image\/jpeg"}],"twitter_card":"summary_large_image","twitter_site":"@Gh0stysky","twitter_misc":{"Tempo estimado de leitura":"2 minutos"},"schema":{"@context":"https:\/\/schema.org","@graph":[{"@type":"WebPage","@id":"https:\/\/www.ghostysky.com\/product\/hugerock-t71\/","url":"https:\/\/www.ghostysky.com\/product\/hugerock-t71\/","name":"Hugerock T71 - Ghostysky","isPartOf":{"@id":"https:\/\/www.ghostysky.com\/#website"},"primaryImageOfPage":{"@id":"https:\/\/www.ghostysky.com\/product\/hugerock-t71\/#primaryimage"},"image":{"@id":"https:\/\/www.ghostysky.com\/product\/hugerock-t71\/#primaryimage"},"thumbnailUrl":"https:\/\/www.ghostysky.com\/wp-content\/uploads\/2024\/02\/Hugerock-T71.jpg","datePublished":"2024-02-21T08:32:40+00:00","dateModified":"2025-10-14T11:11:32+00:00","description":"O Hugerock T71 \u00e9 um tablet robusto projetado para uso industrial. Possui tela de 7 polegadas com resolu\u00e7\u00e3o de 1080x1920 e \u00e9 alimentado por um processador octa-core. Ele roda Android 10 ou 11 e vem com 8 GB de RAM e 128 GB de armazenamento.","breadcrumb":{"@id":"https:\/\/www.ghostysky.com\/product\/hugerock-t71\/#breadcrumb"},"inLanguage":"pt-PT","potentialAction":[{"@type":"ReadAction","target":["https:\/\/www.ghostysky.com\/product\/hugerock-t71\/"]}]},{"@type":"ImageObject","inLanguage":"pt-PT","@id":"https:\/\/www.ghostysky.com\/product\/hugerock-t71\/#primaryimage","url":"https:\/\/www.ghostysky.com\/wp-content\/uploads\/2024\/02\/Hugerock-T71.jpg","contentUrl":"https:\/\/www.ghostysky.com\/wp-content\/uploads\/2024\/02\/Hugerock-T71.jpg","width":800,"height":800},{"@type":"BreadcrumbList","@id":"https:\/\/www.ghostysky.com\/product\/hugerock-t71\/#breadcrumb","itemListElement":[{"@type":"ListItem","position":1,"name":"Home","item":"https:\/\/www.ghostysky.com\/"},{"@type":"ListItem","position":2,"name":"Shop","item":"https:\/\/www.ghostysky.com\/shop\/"},{"@type":"ListItem","position":3,"name":"Hugerock T71"}]},{"@type":"WebSite","@id":"https:\/\/www.ghostysky.com\/#website","url":"https:\/\/www.ghostysky.com\/","name":"Ghostysky","description":"Fornecendo drones e servi\u00e7os profissionais","publisher":{"@id":"https:\/\/www.ghostysky.com\/#organization"},"potentialAction":[{"@type":"SearchAction","target":{"@type":"EntryPoint","urlTemplate":"https:\/\/www.ghostysky.com\/?s={search_term_string}"},"query-input":{"@type":"PropertyValueSpecification","valueRequired":true,"valueName":"search_term_string"}}],"inLanguage":"pt-PT"},{"@type":"Organization","@id":"https:\/\/www.ghostysky.com\/#organization","name":"Ghostysky","url":"https:\/\/www.ghostysky.com\/","logo":{"@type":"ImageObject","inLanguage":"pt-PT","@id":"https:\/\/www.ghostysky.com\/#\/schema\/logo\/image\/","url":"https:\/\/www.ghostysky.com\/wp-content\/uploads\/2020\/06\/cropped-ghostyskylogo_text_white2.png","contentUrl":"https:\/\/www.ghostysky.com\/wp-content\/uploads\/2020\/06\/cropped-ghostyskylogo_text_white2.png","width":169,"height":56,"caption":"Ghostysky"},"image":{"@id":"https:\/\/www.ghostysky.com\/#\/schema\/logo\/image\/"},"sameAs":["https:\/\/www.facebook.com\/people\/Ghostysky\/100057676170234\/","https:\/\/x.com\/Gh0stysky","https:\/\/www.linkedin.com\/company\/34739653","https:\/\/www.instagram.com\/gh0stysky"]}]}},"_links":{"self":[{"href":"https:\/\/www.ghostysky.com\/pt\/wp-json\/wp\/v2\/product\/16554","targetHints":{"allow":["GET"]}}],"collection":[{"href":"https:\/\/www.ghostysky.com\/pt\/wp-json\/wp\/v2\/product"}],"about":[{"href":"https:\/\/www.ghostysky.com\/pt\/wp-json\/wp\/v2\/types\/product"}],"replies":[{"embeddable":true,"href":"https:\/\/www.ghostysky.com\/pt\/wp-json\/wp\/v2\/comments?post=16554"}],"wp:featuredmedia":[{"embeddable":true,"href":"https:\/\/www.ghostysky.com\/pt\/wp-json\/wp\/v2\/media\/16558"}],"wp:attachment":[{"href":"https:\/\/www.ghostysky.com\/pt\/wp-json\/wp\/v2\/media?parent=16554"}],"wp:term":[{"taxonomy":"product_brand","embeddable":true,"href":"https:\/\/www.ghostysky.com\/pt\/wp-json\/wp\/v2\/product_brand?post=16554"},{"taxonomy":"product_cat","embeddable":true,"href":"https:\/\/www.ghostysky.com\/pt\/wp-json\/wp\/v2\/product_cat?post=16554"},{"taxonomy":"product_tag","embeddable":true,"href":"https:\/\/www.ghostysky.com\/pt\/wp-json\/wp\/v2\/product_tag?post=16554"}],"curies":[{"name":"wp","href":"https:\/\/api.w.org\/{rel}","templated":true}]}}