{"id":16577,"date":"2024-02-21T09:48:10","date_gmt":"2024-02-21T09:48:10","guid":{"rendered":"https:\/\/www.ghostysky.com\/?post_type=product&#038;p=16577"},"modified":"2025-10-14T11:26:03","modified_gmt":"2025-10-14T11:26:03","slug":"splashdrone-4-fishing-edition","status":"publish","type":"product","link":"https:\/\/www.ghostysky.com\/pt\/product\/splashdrone-4-fishing-edition\/","title":{"rendered":"Edi\u00e7\u00e3o de pesca SplashDrone 4"},"content":{"rendered":"<p data-sourcepos=\"4:1-4:73\">Aqui est\u00e3o alguns dos outros recursos do SplashDrone 4 Fishing Edition:<\/p>\n<ul data-sourcepos=\"6:1-12:0\">\n<li data-sourcepos=\"6:1-6:68\">GPS\/GLONASS de n\u00edvel industrial para posicionamento e rastreamento precisos<\/li>\n<li data-sourcepos=\"7:1-7:43\">Bar\u00f4metro e girosc\u00f3pio para v\u00f4o est\u00e1vel<\/li>\n<li data-sourcepos=\"8:1-8:50\">Uma variedade de sensores para ajud\u00e1-lo a evitar obst\u00e1culos<\/li>\n<li data-sourcepos=\"9:1-9:60\">C\u00e2mera 4K com gimbal de 1 eixo para imagens a\u00e9reas impressionantes<\/li>\n<li data-sourcepos=\"10:1-10:52\">At\u00e9 25 minutos de voo com uma \u00fanica carga<\/li>\n<li data-sourcepos=\"11:1-12:0\">1 ano de garantia<\/li>\n<\/ul>\n<p data-sourcepos=\"13:1-13:188\">O SplashDrone 4 Fishing Edition \u00e9 uma \u00f3tima maneira de melhorar seu jogo de pesca. Com seus recursos avan\u00e7ados e design f\u00e1cil de usar, ele pode ajud\u00e1-lo a encontrar mais peixes e captur\u00e1-los com mais facilidade.<\/p>","protected":false},"excerpt":{"rendered":"<p>O SplashDrone 4 Fishing Edition \u00e9 um drone multifuncional \u00e0 prova d&#039;\u00e1gua projetado para pescadores de todos os n\u00edveis de habilidade. Ele vem com um lan\u00e7amento de isca PL1-S que tem capacidade de eleva\u00e7\u00e3o de isca de 4 libras\/2 kg, para que voc\u00ea possa lan\u00e7ar sua linha facilmente em locais de dif\u00edcil acesso. O drone tamb\u00e9m \u00e9 \u00e0 prova de \u00e1gua salgada IP67, ent\u00e3o voc\u00ea n\u00e3o precisa se preocupar em danific\u00e1-lo se respingar ou submergir. E com sua resist\u00eancia ao vento n\u00edvel 7, voc\u00ea pode pilot\u00e1-lo mesmo nas condi\u00e7\u00f5es mais dif\u00edceis.<\/p>\n<ul>\n<li><span style=\"text-decoration: underline;\">Possibilidade de adicionar c\u00e2meras no drone<\/span><\/li>\n<\/ul>","protected":false},"featured_media":16578,"comment_status":"open","ping_status":"closed","template":"","meta":[],"product_brand":[],"product_cat":[29,303,278],"product_tag":[698,335],"class_list":{"0":"post-16577","1":"product","2":"type-product","3":"status-publish","4":"has-post-thumbnail","6":"product_cat-drones","7":"product_cat-drones-sweellpro","8":"product_cat-swellpro","9":"product_tag-fishing-edition","10":"product_tag-splashdrone-4","12":"first","13":"instock","14":"taxable","15":"shipping-taxable","16":"product-type-simple"},"yoast_head":"<!-- This site is optimized with the Yoast SEO plugin v27.1.1 - https:\/\/yoast.com\/product\/yoast-seo-wordpress\/ -->\n<title>SplashDrone 4 Fishing Edition -<\/title>\n<meta name=\"description\" content=\"The SplashDrone 4 Fishing Edition is a multi-functional waterproof drone designed for anglers of all skill levels. It comes with a PL1-S bait release that has a 4lbs\/2kg bait lift capacity, so you can easily cast your line to hard-to-reach spots. The drone is also IP67 saltwater-proof, so you don&#039;t have to worry about damaging it if it gets splashed or submerged. And with its level 7 wind resistance, you can fly it in even the toughest conditions.\" \/>\n<meta name=\"robots\" content=\"index, follow, max-snippet:-1, max-image-preview:large, max-video-preview:-1\" \/>\n<link rel=\"canonical\" href=\"https:\/\/www.ghostysky.com\/pt\/produto-2\/splashdrone-4-fishing-edition\/\" \/>\n<meta property=\"og:locale\" content=\"pt_PT\" \/>\n<meta property=\"og:type\" content=\"article\" \/>\n<meta property=\"og:title\" content=\"SplashDrone 4 Fishing Edition -\" \/>\n<meta property=\"og:description\" content=\"The SplashDrone 4 Fishing Edition is a multi-functional waterproof drone designed for anglers of all skill levels. It comes with a PL1-S bait release that has a 4lbs\/2kg bait lift capacity, so you can easily cast your line to hard-to-reach spots. The drone is also IP67 saltwater-proof, so you don&#039;t have to worry about damaging it if it gets splashed or submerged. And with its level 7 wind resistance, you can fly it in even the toughest conditions.\" \/>\n<meta property=\"og:url\" content=\"https:\/\/www.ghostysky.com\/pt\/produto-2\/splashdrone-4-fishing-edition\/\" \/>\n<meta property=\"og:site_name\" content=\"Ghostysky\" \/>\n<meta property=\"article:publisher\" content=\"https:\/\/www.facebook.com\/people\/Ghostysky\/100057676170234\/\" \/>\n<meta property=\"article:modified_time\" content=\"2025-10-14T11:26:03+00:00\" \/>\n<meta property=\"og:image\" content=\"https:\/\/www.ghostysky.com\/wp-content\/uploads\/2024\/02\/GH-splashdrone-4-fishing-bundle_2.jpg\" \/>\n\t<meta property=\"og:image:width\" content=\"800\" \/>\n\t<meta property=\"og:image:height\" content=\"800\" \/>\n\t<meta property=\"og:image:type\" content=\"image\/jpeg\" \/>\n<meta name=\"twitter:card\" content=\"summary_large_image\" \/>\n<meta name=\"twitter:site\" content=\"@Gh0stysky\" \/>\n<meta name=\"twitter:label1\" content=\"Tempo estimado de leitura\" \/>\n\t<meta name=\"twitter:data1\" content=\"1 minuto\" \/>\n<script type=\"application\/ld+json\" class=\"yoast-schema-graph\">{\"@context\":\"https:\/\/schema.org\",\"@graph\":[{\"@type\":\"WebPage\",\"@id\":\"https:\/\/www.ghostysky.com\/product\/splashdrone-4-fishing-edition\/\",\"url\":\"https:\/\/www.ghostysky.com\/product\/splashdrone-4-fishing-edition\/\",\"name\":\"SplashDrone 4 Fishing Edition -\",\"isPartOf\":{\"@id\":\"https:\/\/www.ghostysky.com\/#website\"},\"primaryImageOfPage\":{\"@id\":\"https:\/\/www.ghostysky.com\/product\/splashdrone-4-fishing-edition\/#primaryimage\"},\"image\":{\"@id\":\"https:\/\/www.ghostysky.com\/product\/splashdrone-4-fishing-edition\/#primaryimage\"},\"thumbnailUrl\":\"https:\/\/www.ghostysky.com\/wp-content\/uploads\/2024\/02\/GH-splashdrone-4-fishing-bundle_2.jpg\",\"datePublished\":\"2024-02-21T09:48:10+00:00\",\"dateModified\":\"2025-10-14T11:26:03+00:00\",\"description\":\"The SplashDrone 4 Fishing Edition is a multi-functional waterproof drone designed for anglers of all skill levels. It comes with a PL1-S bait release that has a 4lbs\/2kg bait lift capacity, so you can easily cast your line to hard-to-reach spots. The drone is also IP67 saltwater-proof, so you don't have to worry about damaging it if it gets splashed or submerged. And with its level 7 wind resistance, you can fly it in even the toughest conditions.\",\"breadcrumb\":{\"@id\":\"https:\/\/www.ghostysky.com\/product\/splashdrone-4-fishing-edition\/#breadcrumb\"},\"inLanguage\":\"pt-PT\",\"potentialAction\":[{\"@type\":\"ReadAction\",\"target\":[\"https:\/\/www.ghostysky.com\/product\/splashdrone-4-fishing-edition\/\"]}]},{\"@type\":\"ImageObject\",\"inLanguage\":\"pt-PT\",\"@id\":\"https:\/\/www.ghostysky.com\/product\/splashdrone-4-fishing-edition\/#primaryimage\",\"url\":\"https:\/\/www.ghostysky.com\/wp-content\/uploads\/2024\/02\/GH-splashdrone-4-fishing-bundle_2.jpg\",\"contentUrl\":\"https:\/\/www.ghostysky.com\/wp-content\/uploads\/2024\/02\/GH-splashdrone-4-fishing-bundle_2.jpg\",\"width\":800,\"height\":800},{\"@type\":\"BreadcrumbList\",\"@id\":\"https:\/\/www.ghostysky.com\/product\/splashdrone-4-fishing-edition\/#breadcrumb\",\"itemListElement\":[{\"@type\":\"ListItem\",\"position\":1,\"name\":\"Home\",\"item\":\"https:\/\/www.ghostysky.com\/\"},{\"@type\":\"ListItem\",\"position\":2,\"name\":\"Shop\",\"item\":\"https:\/\/www.ghostysky.com\/shop\/\"},{\"@type\":\"ListItem\",\"position\":3,\"name\":\"SplashDrone 4 Fishing Edition\"}]},{\"@type\":\"WebSite\",\"@id\":\"https:\/\/www.ghostysky.com\/#website\",\"url\":\"https:\/\/www.ghostysky.com\/\",\"name\":\"Ghostysky\",\"description\":\"Delivering professional drones and services\",\"publisher\":{\"@id\":\"https:\/\/www.ghostysky.com\/#organization\"},\"potentialAction\":[{\"@type\":\"SearchAction\",\"target\":{\"@type\":\"EntryPoint\",\"urlTemplate\":\"https:\/\/www.ghostysky.com\/?s={search_term_string}\"},\"query-input\":{\"@type\":\"PropertyValueSpecification\",\"valueRequired\":true,\"valueName\":\"search_term_string\"}}],\"inLanguage\":\"pt-PT\"},{\"@type\":\"Organization\",\"@id\":\"https:\/\/www.ghostysky.com\/#organization\",\"name\":\"Ghostysky\",\"url\":\"https:\/\/www.ghostysky.com\/\",\"logo\":{\"@type\":\"ImageObject\",\"inLanguage\":\"pt-PT\",\"@id\":\"https:\/\/www.ghostysky.com\/#\/schema\/logo\/image\/\",\"url\":\"https:\/\/www.ghostysky.com\/wp-content\/uploads\/2020\/06\/cropped-ghostyskylogo_text_white2.png\",\"contentUrl\":\"https:\/\/www.ghostysky.com\/wp-content\/uploads\/2020\/06\/cropped-ghostyskylogo_text_white2.png\",\"width\":169,\"height\":56,\"caption\":\"Ghostysky\"},\"image\":{\"@id\":\"https:\/\/www.ghostysky.com\/#\/schema\/logo\/image\/\"},\"sameAs\":[\"https:\/\/www.facebook.com\/people\/Ghostysky\/100057676170234\/\",\"https:\/\/x.com\/Gh0stysky\",\"https:\/\/www.linkedin.com\/company\/34739653\",\"https:\/\/www.instagram.com\/gh0stysky\"]}]}<\/script>\n<!-- \/ Yoast SEO plugin. -->","yoast_head_json":{"title":"Edi\u00e7\u00e3o de pesca SplashDrone 4 -","description":"O SplashDrone 4 Fishing Edition \u00e9 um drone multifuncional \u00e0 prova d&#039;\u00e1gua projetado para pescadores de todos os n\u00edveis de habilidade. Ele vem com um lan\u00e7amento de isca PL1-S que tem capacidade de eleva\u00e7\u00e3o de isca de 4 libras\/2 kg, para que voc\u00ea possa lan\u00e7ar sua linha facilmente em locais de dif\u00edcil acesso. O drone tamb\u00e9m \u00e9 \u00e0 prova de \u00e1gua salgada IP67, ent\u00e3o voc\u00ea n\u00e3o precisa se preocupar em danific\u00e1-lo se respingar ou submergir. E com sua resist\u00eancia ao vento n\u00edvel 7, voc\u00ea pode pilot\u00e1-lo mesmo nas condi\u00e7\u00f5es mais dif\u00edceis.","robots":{"index":"index","follow":"follow","max-snippet":"max-snippet:-1","max-image-preview":"max-image-preview:large","max-video-preview":"max-video-preview:-1"},"canonical":"https:\/\/www.ghostysky.com\/pt\/produto-2\/splashdrone-4-fishing-edition\/","og_locale":"pt_PT","og_type":"article","og_title":"SplashDrone 4 Fishing Edition -","og_description":"The SplashDrone 4 Fishing Edition is a multi-functional waterproof drone designed for anglers of all skill levels. It comes with a PL1-S bait release that has a 4lbs\/2kg bait lift capacity, so you can easily cast your line to hard-to-reach spots. The drone is also IP67 saltwater-proof, so you don't have to worry about damaging it if it gets splashed or submerged. And with its level 7 wind resistance, you can fly it in even the toughest conditions.","og_url":"https:\/\/www.ghostysky.com\/pt\/produto-2\/splashdrone-4-fishing-edition\/","og_site_name":"Ghostysky","article_publisher":"https:\/\/www.facebook.com\/people\/Ghostysky\/100057676170234\/","article_modified_time":"2025-10-14T11:26:03+00:00","og_image":[{"width":800,"height":800,"url":"https:\/\/www.ghostysky.com\/wp-content\/uploads\/2024\/02\/GH-splashdrone-4-fishing-bundle_2.jpg","type":"image\/jpeg"}],"twitter_card":"summary_large_image","twitter_site":"@Gh0stysky","twitter_misc":{"Tempo estimado de leitura":"1 minuto"},"schema":{"@context":"https:\/\/schema.org","@graph":[{"@type":"WebPage","@id":"https:\/\/www.ghostysky.com\/product\/splashdrone-4-fishing-edition\/","url":"https:\/\/www.ghostysky.com\/product\/splashdrone-4-fishing-edition\/","name":"Edi\u00e7\u00e3o de pesca SplashDrone 4 -","isPartOf":{"@id":"https:\/\/www.ghostysky.com\/#website"},"primaryImageOfPage":{"@id":"https:\/\/www.ghostysky.com\/product\/splashdrone-4-fishing-edition\/#primaryimage"},"image":{"@id":"https:\/\/www.ghostysky.com\/product\/splashdrone-4-fishing-edition\/#primaryimage"},"thumbnailUrl":"https:\/\/www.ghostysky.com\/wp-content\/uploads\/2024\/02\/GH-splashdrone-4-fishing-bundle_2.jpg","datePublished":"2024-02-21T09:48:10+00:00","dateModified":"2025-10-14T11:26:03+00:00","description":"O SplashDrone 4 Fishing Edition \u00e9 um drone multifuncional \u00e0 prova d&#039;\u00e1gua projetado para pescadores de todos os n\u00edveis de habilidade. Ele vem com um lan\u00e7amento de isca PL1-S que tem capacidade de eleva\u00e7\u00e3o de isca de 4 libras\/2 kg, para que voc\u00ea possa lan\u00e7ar sua linha facilmente em locais de dif\u00edcil acesso. O drone tamb\u00e9m \u00e9 \u00e0 prova de \u00e1gua salgada IP67, ent\u00e3o voc\u00ea n\u00e3o precisa se preocupar em danific\u00e1-lo se respingar ou submergir. E com sua resist\u00eancia ao vento n\u00edvel 7, voc\u00ea pode pilot\u00e1-lo mesmo nas condi\u00e7\u00f5es mais dif\u00edceis.","breadcrumb":{"@id":"https:\/\/www.ghostysky.com\/product\/splashdrone-4-fishing-edition\/#breadcrumb"},"inLanguage":"pt-PT","potentialAction":[{"@type":"ReadAction","target":["https:\/\/www.ghostysky.com\/product\/splashdrone-4-fishing-edition\/"]}]},{"@type":"ImageObject","inLanguage":"pt-PT","@id":"https:\/\/www.ghostysky.com\/product\/splashdrone-4-fishing-edition\/#primaryimage","url":"https:\/\/www.ghostysky.com\/wp-content\/uploads\/2024\/02\/GH-splashdrone-4-fishing-bundle_2.jpg","contentUrl":"https:\/\/www.ghostysky.com\/wp-content\/uploads\/2024\/02\/GH-splashdrone-4-fishing-bundle_2.jpg","width":800,"height":800},{"@type":"BreadcrumbList","@id":"https:\/\/www.ghostysky.com\/product\/splashdrone-4-fishing-edition\/#breadcrumb","itemListElement":[{"@type":"ListItem","position":1,"name":"Home","item":"https:\/\/www.ghostysky.com\/"},{"@type":"ListItem","position":2,"name":"Shop","item":"https:\/\/www.ghostysky.com\/shop\/"},{"@type":"ListItem","position":3,"name":"SplashDrone 4 Fishing Edition"}]},{"@type":"WebSite","@id":"https:\/\/www.ghostysky.com\/#website","url":"https:\/\/www.ghostysky.com\/","name":"Ghostysky","description":"Fornecendo drones e servi\u00e7os profissionais","publisher":{"@id":"https:\/\/www.ghostysky.com\/#organization"},"potentialAction":[{"@type":"SearchAction","target":{"@type":"EntryPoint","urlTemplate":"https:\/\/www.ghostysky.com\/?s={search_term_string}"},"query-input":{"@type":"PropertyValueSpecification","valueRequired":true,"valueName":"search_term_string"}}],"inLanguage":"pt-PT"},{"@type":"Organization","@id":"https:\/\/www.ghostysky.com\/#organization","name":"Ghostysky","url":"https:\/\/www.ghostysky.com\/","logo":{"@type":"ImageObject","inLanguage":"pt-PT","@id":"https:\/\/www.ghostysky.com\/#\/schema\/logo\/image\/","url":"https:\/\/www.ghostysky.com\/wp-content\/uploads\/2020\/06\/cropped-ghostyskylogo_text_white2.png","contentUrl":"https:\/\/www.ghostysky.com\/wp-content\/uploads\/2020\/06\/cropped-ghostyskylogo_text_white2.png","width":169,"height":56,"caption":"Ghostysky"},"image":{"@id":"https:\/\/www.ghostysky.com\/#\/schema\/logo\/image\/"},"sameAs":["https:\/\/www.facebook.com\/people\/Ghostysky\/100057676170234\/","https:\/\/x.com\/Gh0stysky","https:\/\/www.linkedin.com\/company\/34739653","https:\/\/www.instagram.com\/gh0stysky"]}]}},"_links":{"self":[{"href":"https:\/\/www.ghostysky.com\/pt\/wp-json\/wp\/v2\/product\/16577","targetHints":{"allow":["GET"]}}],"collection":[{"href":"https:\/\/www.ghostysky.com\/pt\/wp-json\/wp\/v2\/product"}],"about":[{"href":"https:\/\/www.ghostysky.com\/pt\/wp-json\/wp\/v2\/types\/product"}],"replies":[{"embeddable":true,"href":"https:\/\/www.ghostysky.com\/pt\/wp-json\/wp\/v2\/comments?post=16577"}],"wp:featuredmedia":[{"embeddable":true,"href":"https:\/\/www.ghostysky.com\/pt\/wp-json\/wp\/v2\/media\/16578"}],"wp:attachment":[{"href":"https:\/\/www.ghostysky.com\/pt\/wp-json\/wp\/v2\/media?parent=16577"}],"wp:term":[{"taxonomy":"product_brand","embeddable":true,"href":"https:\/\/www.ghostysky.com\/pt\/wp-json\/wp\/v2\/product_brand?post=16577"},{"taxonomy":"product_cat","embeddable":true,"href":"https:\/\/www.ghostysky.com\/pt\/wp-json\/wp\/v2\/product_cat?post=16577"},{"taxonomy":"product_tag","embeddable":true,"href":"https:\/\/www.ghostysky.com\/pt\/wp-json\/wp\/v2\/product_tag?post=16577"}],"curies":[{"name":"wp","href":"https:\/\/api.w.org\/{rel}","templated":true}]}}