{"id":16660,"date":"2024-02-24T10:27:38","date_gmt":"2024-02-24T10:27:38","guid":{"rendered":"https:\/\/www.ghostysky.com\/?post_type=product&#038;p=16660"},"modified":"2025-10-14T11:52:23","modified_gmt":"2025-10-14T11:52:23","slug":"ms600-advanced-v2-6-bands-multispectral-camera","status":"publish","type":"product","link":"https:\/\/www.ghostysky.com\/pt\/product\/ms600-advanced-v2-6-bands-multispectral-camera\/","title":{"rendered":"C\u00e2mera multiespectral MS600 Advanced V2 (6 bandas)"},"content":{"rendered":"<p data-sourcepos=\"5:1-5:17\"><strong>Caracter\u00edsticas principais:<\/strong><\/p>\n<ul data-sourcepos=\"7:1-14:0\">\n<li data-sourcepos=\"7:1-7:70\"><strong>Seis bandas espectrais:<\/strong>\u00a0450nm, 555nm, 660nm, 720nm, 750nm e 840nm<\/li>\n<li data-sourcepos=\"8:1-8:39\"><strong>Resolu\u00e7\u00e3o de 1,2 megapixels por banda<\/strong><\/li>\n<li data-sourcepos=\"9:1-9:84\"><strong>Sensor de obturador global<\/strong>\u00a0para capturar imagens n\u00edtidas mesmo em cen\u00e1rios de movimento r\u00e1pido<\/li>\n<li data-sourcepos=\"10:1-10:96\"><strong>Sensor de luz descendente (DLS)<\/strong>\u00a0para corre\u00e7\u00e3o precisa de dados sob diversas condi\u00e7\u00f5es de luz<\/li>\n<li data-sourcepos=\"11:1-11:47\"><strong>M\u00f3dulo GPS integrado<\/strong>\u00a0para georreferencia\u00e7\u00e3o de imagens<\/li>\n<li data-sourcepos=\"12:1-12:82\"><strong>Interface DJI SkyPort<\/strong>\u00a0para integra\u00e7\u00e3o perfeita com drones DJI M300 e M350<\/li>\n<li data-sourcepos=\"13:1-14:0\"><strong>Design compacto e leve<\/strong>\u00a0para f\u00e1cil integra\u00e7\u00e3o com diversas plataformas<\/li>\n<\/ul>\n<p data-sourcepos=\"15:1-15:17\"><strong>Formul\u00e1rios:<\/strong><\/p>\n<ul data-sourcepos=\"17:1-21:0\">\n<li data-sourcepos=\"17:1-17:130\"><strong>Agricultura de precis\u00e3o:<\/strong>\u00a0Monitoramento da sa\u00fade das culturas, detec\u00e7\u00e3o de pragas e doen\u00e7as, estimativa de rendimento, gest\u00e3o de fertilizantes e \u00e1gua<\/li>\n<li data-sourcepos=\"18:1-18:102\"><strong>Monitoramento florestal:<\/strong>\u00a0Avalia\u00e7\u00e3o da sa\u00fade das \u00e1rvores, detec\u00e7\u00e3o de desmatamento, gest\u00e3o de recursos florestais<\/li>\n<li data-sourcepos=\"19:1-19:110\"><strong>Monitoramento ambiental:<\/strong>\u00a0Monitoramento da qualidade da \u00e1gua, rastreamento do n\u00edvel de polui\u00e7\u00e3o, an\u00e1lise de mudan\u00e7as na cobertura do solo<\/li>\n<li data-sourcepos=\"20:1-21:0\"><strong>Mapeamento geol\u00f3gico:<\/strong>\u00a0Explora\u00e7\u00e3o mineral, an\u00e1lise de solo, identifica\u00e7\u00e3o de recursos<\/li>\n<\/ul>\n<p data-sourcepos=\"22:1-22:13\"><strong>Benef\u00edcios:<\/strong><\/p>\n<ul data-sourcepos=\"24:1-28:0\">\n<li data-sourcepos=\"24:1-24:111\"><strong>Coleta de dados aprimorada:<\/strong>\u00a0Capture informa\u00e7\u00f5es al\u00e9m do espectro vis\u00edvel para uma an\u00e1lise mais abrangente<\/li>\n<li data-sourcepos=\"25:1-25:110\"><strong>Melhor tomada de decis\u00e3o:<\/strong>\u00a0Obtenha insights valiosos de dados para otimizar pr\u00e1ticas e gerenciamento de recursos<\/li>\n<li data-sourcepos=\"26:1-26:75\"><strong>Maior efici\u00eancia:<\/strong>\u00a0Automatize fluxos de trabalho de coleta e an\u00e1lise de dados<\/li>\n<li data-sourcepos=\"27:1-28:0\"><strong>Custos reduzidos:<\/strong>\u00a0Economize tempo e dinheiro usando interven\u00e7\u00f5es direcionadas baseadas em dados precisos<\/li>\n<\/ul>\n<p data-sourcepos=\"29:1-29:160\"><strong>No geral, a Yusense MS600 Advanced V2 \u00e9 uma c\u00e2mera multiespectral vers\u00e1til e poderosa que pode ser uma ferramenta valiosa para profissionais de diversos setores.<\/strong><\/p>\n<div class=\"woocommerce-tabs wc-tabs-wrapper\">\n<div id=\"tab-description\" class=\"woocommerce-Tabs-panel woocommerce-Tabs-panel--description panel entry-content wc-tab\" role=\"tabpanel\" aria-labelledby=\"tab-title-description\">\n<p><strong>Aplica\u00e7\u00f5es<\/strong><\/p>\n<p><b>Avalia\u00e7\u00e3o do crescimento da vegeta\u00e7\u00e3o<\/b><\/p>\n<p>Usando NDVI, LAI e outros fatores de vegeta\u00e7\u00e3o, descrevemos quantitativamente a consist\u00eancia do estado do dossel vegetal em diferentes escalas espaciais, auxiliamos os espectros caracter\u00edsticos da vegeta\u00e7\u00e3o em diferentes estados de sa\u00fade, avaliamos quantitativamente a longevidade da vegeta\u00e7\u00e3o e fornecemos suporte de dados para irriga\u00e7\u00e3o, aplica\u00e7\u00e3o de fertilizantes , prote\u00e7\u00e3o de plantas e avalia\u00e7\u00e3o de rendimento.<\/p>\n<p><a href=\"https:\/\/www.ghostysky.com\/pt\/storage\/2024\/02\/GH_MS600-V2_1.jpg\/\"><img fetchpriority=\"high\" decoding=\"async\" class=\"wp-image-16659 size-full aligncenter lazyload\" src=\"data:image\/gif;base64,R0lGODlhAQABAAAAACH5BAEKAAEALAAAAAABAAEAAAICTAEAOw==\" alt=\"\" width=\"600\" height=\"347\" data-src=\"https:\/\/www.ghostysky.com\/storage\/2024\/02\/GH_MS600-V2_1.jpg\"><\/a><\/p>\n<p><b>Monitoramento de corpos d\u2019\u00e1gua com odor negro<\/b><\/p>\n<p>Com refer\u00eancia ao padr\u00e3o de avalia\u00e7\u00e3o de corpos d&#039;\u00e1gua superficiais com mau cheiro, usamos espectros caracter\u00edsticos para construir \u00edndices de classifica\u00e7\u00e3o, realizar invers\u00e3o graduada e estat\u00edsticas de informa\u00e7\u00f5es espaciais de corpos de \u00e1gua com mau cheiro preto, auxiliar na an\u00e1lise do impacto de esgotos dom\u00e9sticos e \u00e1guas residuais industriais na \u00e1gua circundante \u00f3rg\u00e3os, e auxiliar na investiga\u00e7\u00e3o de fontes de polui\u00e7\u00e3o e avalia\u00e7\u00e3o do ambiente aqu\u00e1tico.<\/p>\n<p><a href=\"https:\/\/www.ghostysky.com\/pt\/storage\/2024\/02\/GH_MS600-V2_2.jpg\/\"><img decoding=\"async\" class=\"wp-image-16658 size-full aligncenter lazyload\" src=\"data:image\/gif;base64,R0lGODlhAQABAAAAACH5BAEKAAEALAAAAAABAAEAAAICTAEAOw==\" alt=\"\" width=\"600\" height=\"347\" data-src=\"https:\/\/www.ghostysky.com\/storage\/2024\/02\/GH_MS600-V2_2.jpg\"><\/a><\/p>\n<p><b>Avalia\u00e7\u00e3o de Cobertura<\/b><\/p>\n<p>Com base no espectro de impress\u00e3o digital da vegeta\u00e7\u00e3o para construir o \u00edndice de vegeta\u00e7\u00e3o, completar a distribui\u00e7\u00e3o espacial e as estat\u00edsticas de \u00e1rea da vegeta\u00e7\u00e3o alvo na \u00e1rea designada e fornecer dados quantitativos sobre a cobertura vegetal para pesquisa cient\u00edfica e produ\u00e7\u00e3o na agricultura, silvicultura e pastagens, ecologia e outros Campos.<\/p>\n<p><a href=\"https:\/\/www.ghostysky.com\/pt\/storage\/2024\/02\/GH_MS600-V2_3.jpg\/\"><img decoding=\"async\" class=\"wp-image-16657 size-full aligncenter lazyload\" src=\"data:image\/gif;base64,R0lGODlhAQABAAAAACH5BAEKAAEALAAAAAABAAEAAAICTAEAOw==\" alt=\"\" width=\"600\" height=\"347\" data-src=\"https:\/\/www.ghostysky.com\/storage\/2024\/02\/GH_MS600-V2_3.jpg\"><\/a><\/p>\n<p><b>Monitoramento de \u00e1rvores em p\u00e9 descoloridas de pinheiro<\/b><\/p>\n<p>Utiliza\u00e7\u00e3o abrangente de informa\u00e7\u00f5es espectrais e de textura para realizar a supress\u00e3o eficiente de fundos ambientais, como solo, grama morta e identifica\u00e7\u00e3o de alta precis\u00e3o de \u00e1rvores em p\u00e9 descoloridas, extraindo com precis\u00e3o informa\u00e7\u00f5es sobre a localiza\u00e7\u00e3o, distribui\u00e7\u00e3o espacial e \u00e1rea de copa das \u00e1rvores em p\u00e9 descoloridas e fornecendo dados apoio ao manejo de \u00e1rvores infectadas.<\/p>\n<p><a href=\"https:\/\/www.ghostysky.com\/pt\/storage\/2024\/02\/GH_MS600-V2_4.jpg\/\"><img loading=\"lazy\" decoding=\"async\" class=\"size-full wp-image-16656 aligncenter lazyload\" src=\"data:image\/gif;base64,R0lGODlhAQABAAAAACH5BAEKAAEALAAAAAABAAEAAAICTAEAOw==\" alt=\"\" width=\"600\" height=\"347\" data-src=\"https:\/\/www.ghostysky.com\/storage\/2024\/02\/GH_MS600-V2_4.jpg\"><\/a><\/p>\n<\/div>\n<\/div>","protected":false},"excerpt":{"rendered":"<p>A Yusense MS600 Advanced V2 \u00e9 uma c\u00e2mera multiespectral de alta resolu\u00e7\u00e3o projetada para capturar dados em seis bandas espectrais espec\u00edficas. Essas bandas v\u00e3o al\u00e9m do espectro RGB t\u00edpico, fornecendo informa\u00e7\u00f5es valiosas para diversas aplica\u00e7\u00f5es na agricultura, silvicultura, monitoramento ambiental e muito mais.<\/p>","protected":false},"featured_media":16655,"comment_status":"open","ping_status":"closed","template":"","meta":[],"product_brand":[],"product_cat":[705,706],"product_tag":[711,712,66,707],"class_list":{"0":"post-16660","1":"product","2":"type-product","3":"status-publish","4":"has-post-thumbnail","6":"product_cat-sensors","7":"product_cat-yusense","8":"product_tag-6-bands","9":"product_tag-ms-600-advanced-v2","10":"product_tag-multispectral-camera","11":"product_tag-yusense","13":"first","14":"onbackorder","15":"taxable","16":"shipping-taxable","17":"product-type-simple"},"yoast_head":"<!-- This site is optimized with the Yoast SEO plugin v27.4 - https:\/\/yoast.com\/product\/yoast-seo-wordpress\/ -->\n<title>MS600 Advanced V2 (6-bands) Multispectral Camera - Ghostysky<\/title>\n<meta name=\"description\" content=\"The Yusense MS600 Advanced V2 is a high-resolution multispectral camera designed for capturing data in six specific spectral bands. These bands go beyond the typical RGB spectrum, providing valuable information for various applications in agriculture, forestry, environmental monitoring, and more.\" \/>\n<meta name=\"robots\" content=\"index, follow, max-snippet:-1, max-image-preview:large, max-video-preview:-1\" \/>\n<link rel=\"canonical\" href=\"https:\/\/www.ghostysky.com\/pt\/produto-2\/ms600-advanced-v2-6-bands-multispectral-camera\/\" \/>\n<meta property=\"og:locale\" content=\"pt_PT\" \/>\n<meta property=\"og:type\" content=\"article\" \/>\n<meta property=\"og:title\" content=\"MS600 Advanced V2 (6-bands) Multispectral Camera - Ghostysky\" \/>\n<meta property=\"og:description\" content=\"The Yusense MS600 Advanced V2 is a high-resolution multispectral camera designed for capturing data in six specific spectral bands. These bands go beyond the typical RGB spectrum, providing valuable information for various applications in agriculture, forestry, environmental monitoring, and more.\" \/>\n<meta property=\"og:url\" content=\"https:\/\/www.ghostysky.com\/pt\/produto-2\/ms600-advanced-v2-6-bands-multispectral-camera\/\" \/>\n<meta property=\"og:site_name\" content=\"Ghostysky\" \/>\n<meta property=\"article:publisher\" content=\"https:\/\/www.facebook.com\/people\/Ghostysky\/100057676170234\/\" \/>\n<meta property=\"article:modified_time\" content=\"2025-10-14T11:52:23+00:00\" \/>\n<meta property=\"og:image\" content=\"https:\/\/www.ghostysky.com\/wp-content\/uploads\/2024\/02\/GH_MS600V2_1.jpg\" \/>\n\t<meta property=\"og:image:width\" content=\"450\" \/>\n\t<meta property=\"og:image:height\" content=\"450\" \/>\n\t<meta property=\"og:image:type\" content=\"image\/jpeg\" \/>\n<meta name=\"twitter:card\" content=\"summary_large_image\" \/>\n<meta name=\"twitter:site\" content=\"@Gh0stysky\" \/>\n<meta name=\"twitter:label1\" content=\"Tempo estimado de leitura\" \/>\n\t<meta name=\"twitter:data1\" content=\"3 minutos\" \/>\n<script type=\"application\/ld+json\" class=\"yoast-schema-graph\">{\"@context\":\"https:\\\/\\\/schema.org\",\"@graph\":[{\"@type\":\"WebPage\",\"@id\":\"https:\\\/\\\/www.ghostysky.com\\\/product\\\/ms600-advanced-v2-6-bands-multispectral-camera\\\/\",\"url\":\"https:\\\/\\\/www.ghostysky.com\\\/product\\\/ms600-advanced-v2-6-bands-multispectral-camera\\\/\",\"name\":\"MS600 Advanced V2 (6-bands) Multispectral Camera - Ghostysky\",\"isPartOf\":{\"@id\":\"https:\\\/\\\/www.ghostysky.com\\\/#website\"},\"primaryImageOfPage\":{\"@id\":\"https:\\\/\\\/www.ghostysky.com\\\/product\\\/ms600-advanced-v2-6-bands-multispectral-camera\\\/#primaryimage\"},\"image\":{\"@id\":\"https:\\\/\\\/www.ghostysky.com\\\/product\\\/ms600-advanced-v2-6-bands-multispectral-camera\\\/#primaryimage\"},\"thumbnailUrl\":\"https:\\\/\\\/www.ghostysky.com\\\/wp-content\\\/uploads\\\/2024\\\/02\\\/GH_MS600V2_1.jpg\",\"datePublished\":\"2024-02-24T10:27:38+00:00\",\"dateModified\":\"2025-10-14T11:52:23+00:00\",\"description\":\"The Yusense MS600 Advanced V2 is a high-resolution multispectral camera designed for capturing data in six specific spectral bands. These bands go beyond the typical RGB spectrum, providing valuable information for various applications in agriculture, forestry, environmental monitoring, and more.\",\"breadcrumb\":{\"@id\":\"https:\\\/\\\/www.ghostysky.com\\\/product\\\/ms600-advanced-v2-6-bands-multispectral-camera\\\/#breadcrumb\"},\"inLanguage\":\"pt-PT\",\"potentialAction\":[{\"@type\":\"ReadAction\",\"target\":[\"https:\\\/\\\/www.ghostysky.com\\\/product\\\/ms600-advanced-v2-6-bands-multispectral-camera\\\/\"]}]},{\"@type\":\"ImageObject\",\"inLanguage\":\"pt-PT\",\"@id\":\"https:\\\/\\\/www.ghostysky.com\\\/product\\\/ms600-advanced-v2-6-bands-multispectral-camera\\\/#primaryimage\",\"url\":\"https:\\\/\\\/www.ghostysky.com\\\/wp-content\\\/uploads\\\/2024\\\/02\\\/GH_MS600V2_1.jpg\",\"contentUrl\":\"https:\\\/\\\/www.ghostysky.com\\\/wp-content\\\/uploads\\\/2024\\\/02\\\/GH_MS600V2_1.jpg\",\"width\":450,\"height\":450},{\"@type\":\"BreadcrumbList\",\"@id\":\"https:\\\/\\\/www.ghostysky.com\\\/product\\\/ms600-advanced-v2-6-bands-multispectral-camera\\\/#breadcrumb\",\"itemListElement\":[{\"@type\":\"ListItem\",\"position\":1,\"name\":\"Home\",\"item\":\"https:\\\/\\\/www.ghostysky.com\\\/\"},{\"@type\":\"ListItem\",\"position\":2,\"name\":\"Shop\",\"item\":\"https:\\\/\\\/www.ghostysky.com\\\/shop\\\/\"},{\"@type\":\"ListItem\",\"position\":3,\"name\":\"MS600 Advanced V2 (6-bands) Multispectral Camera\"}]},{\"@type\":\"WebSite\",\"@id\":\"https:\\\/\\\/www.ghostysky.com\\\/#website\",\"url\":\"https:\\\/\\\/www.ghostysky.com\\\/\",\"name\":\"Ghostysky\",\"description\":\"Delivering professional drones and robotics solutions\",\"publisher\":{\"@id\":\"https:\\\/\\\/www.ghostysky.com\\\/#organization\"},\"potentialAction\":[{\"@type\":\"SearchAction\",\"target\":{\"@type\":\"EntryPoint\",\"urlTemplate\":\"https:\\\/\\\/www.ghostysky.com\\\/?s={search_term_string}\"},\"query-input\":{\"@type\":\"PropertyValueSpecification\",\"valueRequired\":true,\"valueName\":\"search_term_string\"}}],\"inLanguage\":\"pt-PT\"},{\"@type\":\"Organization\",\"@id\":\"https:\\\/\\\/www.ghostysky.com\\\/#organization\",\"name\":\"Ghostysky\",\"url\":\"https:\\\/\\\/www.ghostysky.com\\\/\",\"logo\":{\"@type\":\"ImageObject\",\"inLanguage\":\"pt-PT\",\"@id\":\"https:\\\/\\\/www.ghostysky.com\\\/#\\\/schema\\\/logo\\\/image\\\/\",\"url\":\"https:\\\/\\\/www.ghostysky.com\\\/wp-content\\\/uploads\\\/2020\\\/06\\\/cropped-ghostyskylogo_text_white2.png\",\"contentUrl\":\"https:\\\/\\\/www.ghostysky.com\\\/wp-content\\\/uploads\\\/2020\\\/06\\\/cropped-ghostyskylogo_text_white2.png\",\"width\":169,\"height\":56,\"caption\":\"Ghostysky\"},\"image\":{\"@id\":\"https:\\\/\\\/www.ghostysky.com\\\/#\\\/schema\\\/logo\\\/image\\\/\"},\"sameAs\":[\"https:\\\/\\\/www.facebook.com\\\/people\\\/Ghostysky\\\/100057676170234\\\/\",\"https:\\\/\\\/x.com\\\/Gh0stysky\",\"https:\\\/\\\/www.linkedin.com\\\/company\\\/34739653\",\"https:\\\/\\\/www.instagram.com\\\/gh0stysky\"]}]}<\/script>\n<!-- \/ Yoast SEO plugin. -->","yoast_head_json":{"title":"C\u00e2mera multiespectral MS600 Advanced V2 (6 bandas) - Ghostysky","description":"A Yusense MS600 Advanced V2 \u00e9 uma c\u00e2mera multiespectral de alta resolu\u00e7\u00e3o projetada para capturar dados em seis bandas espectrais espec\u00edficas. Essas bandas v\u00e3o al\u00e9m do espectro RGB t\u00edpico, fornecendo informa\u00e7\u00f5es valiosas para diversas aplica\u00e7\u00f5es na agricultura, silvicultura, monitoramento ambiental e muito mais.","robots":{"index":"index","follow":"follow","max-snippet":"max-snippet:-1","max-image-preview":"max-image-preview:large","max-video-preview":"max-video-preview:-1"},"canonical":"https:\/\/www.ghostysky.com\/pt\/produto-2\/ms600-advanced-v2-6-bands-multispectral-camera\/","og_locale":"pt_PT","og_type":"article","og_title":"MS600 Advanced V2 (6-bands) Multispectral Camera - Ghostysky","og_description":"The Yusense MS600 Advanced V2 is a high-resolution multispectral camera designed for capturing data in six specific spectral bands. These bands go beyond the typical RGB spectrum, providing valuable information for various applications in agriculture, forestry, environmental monitoring, and more.","og_url":"https:\/\/www.ghostysky.com\/pt\/produto-2\/ms600-advanced-v2-6-bands-multispectral-camera\/","og_site_name":"Ghostysky","article_publisher":"https:\/\/www.facebook.com\/people\/Ghostysky\/100057676170234\/","article_modified_time":"2025-10-14T11:52:23+00:00","og_image":[{"width":450,"height":450,"url":"https:\/\/www.ghostysky.com\/wp-content\/uploads\/2024\/02\/GH_MS600V2_1.jpg","type":"image\/jpeg"}],"twitter_card":"summary_large_image","twitter_site":"@Gh0stysky","twitter_misc":{"Tempo estimado de leitura":"3 minutos"},"schema":{"@context":"https:\/\/schema.org","@graph":[{"@type":"WebPage","@id":"https:\/\/www.ghostysky.com\/product\/ms600-advanced-v2-6-bands-multispectral-camera\/","url":"https:\/\/www.ghostysky.com\/product\/ms600-advanced-v2-6-bands-multispectral-camera\/","name":"C\u00e2mera multiespectral MS600 Advanced V2 (6 bandas) - Ghostysky","isPartOf":{"@id":"https:\/\/www.ghostysky.com\/#website"},"primaryImageOfPage":{"@id":"https:\/\/www.ghostysky.com\/product\/ms600-advanced-v2-6-bands-multispectral-camera\/#primaryimage"},"image":{"@id":"https:\/\/www.ghostysky.com\/product\/ms600-advanced-v2-6-bands-multispectral-camera\/#primaryimage"},"thumbnailUrl":"https:\/\/www.ghostysky.com\/wp-content\/uploads\/2024\/02\/GH_MS600V2_1.jpg","datePublished":"2024-02-24T10:27:38+00:00","dateModified":"2025-10-14T11:52:23+00:00","description":"A Yusense MS600 Advanced V2 \u00e9 uma c\u00e2mera multiespectral de alta resolu\u00e7\u00e3o projetada para capturar dados em seis bandas espectrais espec\u00edficas. Essas bandas v\u00e3o al\u00e9m do espectro RGB t\u00edpico, fornecendo informa\u00e7\u00f5es valiosas para diversas aplica\u00e7\u00f5es na agricultura, silvicultura, monitoramento ambiental e muito mais.","breadcrumb":{"@id":"https:\/\/www.ghostysky.com\/product\/ms600-advanced-v2-6-bands-multispectral-camera\/#breadcrumb"},"inLanguage":"pt-PT","potentialAction":[{"@type":"ReadAction","target":["https:\/\/www.ghostysky.com\/product\/ms600-advanced-v2-6-bands-multispectral-camera\/"]}]},{"@type":"ImageObject","inLanguage":"pt-PT","@id":"https:\/\/www.ghostysky.com\/product\/ms600-advanced-v2-6-bands-multispectral-camera\/#primaryimage","url":"https:\/\/www.ghostysky.com\/wp-content\/uploads\/2024\/02\/GH_MS600V2_1.jpg","contentUrl":"https:\/\/www.ghostysky.com\/wp-content\/uploads\/2024\/02\/GH_MS600V2_1.jpg","width":450,"height":450},{"@type":"BreadcrumbList","@id":"https:\/\/www.ghostysky.com\/product\/ms600-advanced-v2-6-bands-multispectral-camera\/#breadcrumb","itemListElement":[{"@type":"ListItem","position":1,"name":"Home","item":"https:\/\/www.ghostysky.com\/"},{"@type":"ListItem","position":2,"name":"Shop","item":"https:\/\/www.ghostysky.com\/shop\/"},{"@type":"ListItem","position":3,"name":"MS600 Advanced V2 (6-bands) Multispectral Camera"}]},{"@type":"WebSite","@id":"https:\/\/www.ghostysky.com\/#website","url":"https:\/\/www.ghostysky.com\/","name":"Ghostysky","description":"Fornecendo solu\u00e7\u00f5es profissionais em drones e rob\u00f3tica.","publisher":{"@id":"https:\/\/www.ghostysky.com\/#organization"},"potentialAction":[{"@type":"SearchAction","target":{"@type":"EntryPoint","urlTemplate":"https:\/\/www.ghostysky.com\/?s={search_term_string}"},"query-input":{"@type":"PropertyValueSpecification","valueRequired":true,"valueName":"search_term_string"}}],"inLanguage":"pt-PT"},{"@type":"Organization","@id":"https:\/\/www.ghostysky.com\/#organization","name":"Ghostysky","url":"https:\/\/www.ghostysky.com\/","logo":{"@type":"ImageObject","inLanguage":"pt-PT","@id":"https:\/\/www.ghostysky.com\/#\/schema\/logo\/image\/","url":"https:\/\/www.ghostysky.com\/wp-content\/uploads\/2020\/06\/cropped-ghostyskylogo_text_white2.png","contentUrl":"https:\/\/www.ghostysky.com\/wp-content\/uploads\/2020\/06\/cropped-ghostyskylogo_text_white2.png","width":169,"height":56,"caption":"Ghostysky"},"image":{"@id":"https:\/\/www.ghostysky.com\/#\/schema\/logo\/image\/"},"sameAs":["https:\/\/www.facebook.com\/people\/Ghostysky\/100057676170234\/","https:\/\/x.com\/Gh0stysky","https:\/\/www.linkedin.com\/company\/34739653","https:\/\/www.instagram.com\/gh0stysky"]}]}},"_links":{"self":[{"href":"https:\/\/www.ghostysky.com\/pt\/wp-json\/wp\/v2\/product\/16660","targetHints":{"allow":["GET"]}}],"collection":[{"href":"https:\/\/www.ghostysky.com\/pt\/wp-json\/wp\/v2\/product"}],"about":[{"href":"https:\/\/www.ghostysky.com\/pt\/wp-json\/wp\/v2\/types\/product"}],"replies":[{"embeddable":true,"href":"https:\/\/www.ghostysky.com\/pt\/wp-json\/wp\/v2\/comments?post=16660"}],"version-history":[{"count":0,"href":"https:\/\/www.ghostysky.com\/pt\/wp-json\/wp\/v2\/product\/16660\/revisions"}],"wp:featuredmedia":[{"embeddable":true,"href":"https:\/\/www.ghostysky.com\/pt\/wp-json\/wp\/v2\/media\/16655"}],"wp:attachment":[{"href":"https:\/\/www.ghostysky.com\/pt\/wp-json\/wp\/v2\/media?parent=16660"}],"wp:term":[{"taxonomy":"product_brand","embeddable":true,"href":"https:\/\/www.ghostysky.com\/pt\/wp-json\/wp\/v2\/product_brand?post=16660"},{"taxonomy":"product_cat","embeddable":true,"href":"https:\/\/www.ghostysky.com\/pt\/wp-json\/wp\/v2\/product_cat?post=16660"},{"taxonomy":"product_tag","embeddable":true,"href":"https:\/\/www.ghostysky.com\/pt\/wp-json\/wp\/v2\/product_tag?post=16660"}],"curies":[{"name":"wp","href":"https:\/\/api.w.org\/{rel}","templated":true}]}}