{"id":16676,"date":"2024-02-24T11:14:30","date_gmt":"2024-02-24T11:14:30","guid":{"rendered":"https:\/\/www.ghostysky.com\/?post_type=product&#038;p=16676"},"modified":"2025-10-14T11:42:21","modified_gmt":"2025-10-14T11:42:21","slug":"ms600-dual-6-bands-multispectral-camera","status":"publish","type":"product","link":"https:\/\/www.ghostysky.com\/pt\/product\/ms600-dual-6-bands-multispectral-camera\/","title":{"rendered":"C\u00e2mera multiespectral MS600 Dual (6 bandas)"},"content":{"rendered":"<p><strong>caracter\u00edsticas do produto<\/strong><\/p>\n<ul>\n<li>Porta de rede\/porta serial TTL<\/li>\n<li>C\u00e1lculos de refletividade integrados em tempo real<\/li>\n<li>Sensor de luz downlink padr\u00e3o (DLS)<\/li>\n<li>Exposi\u00e7\u00e3o s\u00edncrona de cen\u00e1rios de aplicativos em cascata<\/li>\n<li>O design da banda d\u00e1 continuidade \u00e0 composi\u00e7\u00e3o das bandas de sat\u00e9lite convencionais.<\/li>\n<li>Interface Skyport integrada para cen\u00e1rios de aplica\u00e7\u00e3o em cascata<\/li>\n<li>Plataforma de transporte: UAV pequeno multi-rotor, UAV pequeno de asa fixa<\/li>\n<\/ul>\n<p><strong>Especifica\u00e7\u00f5es t\u00e9cnicas\u00a0<\/strong><\/p>\n<ul>\n<li><strong>M\u00e9todo de combina\u00e7\u00e3o<\/strong>: 6 canais multiespectrais<\/li>\n<li><strong>Tamanho alvo<\/strong>: 1\/3\u201d<\/li>\n<li><strong>Pixels efetivos<\/strong>: 1,2Mpx<\/li>\n<li><strong>Tipo de obturador<\/strong>: Situa\u00e7\u00e3o geral (Global)<\/li>\n<li><strong>N\u00famero\u00a0<\/strong>de\u00a0<strong>Bits de quantiza\u00e7\u00e3o<\/strong>: 12 bits<\/li>\n<li><strong>FOV\u00a0<\/strong>(campo de vis\u00e3o): 49,5\u00b0\u00d738,1\u00b0<\/li>\n<li><strong>Resolu\u00e7\u00e3o Terrestre<\/strong>: 8,65cm@h120m<\/li>\n<li><strong>Largura de cobertura<\/strong>: 110m\u00d783m@h120m<\/li>\n<li><strong>Canal Espectral<\/strong>: 10nm@35nm, 490nm@25nm, 610nm@30nm, 650nm@27nm, 780nm@13nm, 940nm@30nm<\/li>\n<li><strong>Janela \u00f3ptica<\/strong>: Janela de vidro \u00f3ptico de safira<\/li>\n<li><strong>Tamanho do host\u00a0<\/strong>(CxLxA): \u226480mm\u00d775mm\u00d755mm<\/li>\n<li><strong>Peso do hospedeiro<\/strong>: \u2264280g<\/li>\n<li><strong>Interface de instala\u00e7\u00e3o<\/strong>: 4\u00d7M3, aplica\u00e7\u00e3o Cascata Skyport<\/li>\n<li><strong>Distribu\u00eddo por<\/strong>: 12V (entre em contato com nossa equipe para alimenta\u00e7\u00e3o com outras tens\u00f5es)<\/li>\n<li><strong>Consumo de energia<\/strong>: \u226410W@12V<\/li>\n<li><strong>Formato de imagem<\/strong>: TIFF original de 16 bits e JPEG de refletividade de 8 bits (incluindo GPS, informa\u00e7\u00f5es de luz ambiente)<\/li>\n<li><strong>Formato de v\u00eddeo<\/strong>: N \/ D<\/li>\n<li><strong>M\u00eddia de armazenamento<\/strong>: Padr\u00e3o de 64 GB, suporte m\u00e1ximo de capacidade de 128 GB (velocidade de transmiss\u00e3o U3 e classifica\u00e7\u00e3o superior) cart\u00e3o micro SD<\/li>\n<li><strong>Software de processamento<\/strong>: Mapa Yusense\/Mapa Yusense Plus<\/li>\n<li><strong>Configura\u00e7\u00f5es de par\u00e2metros<\/strong>: Wi-Fi (acesso \u00e0 interface WEB)\/UART<\/li>\n<li><strong>Gatilho de tiro<\/strong>: Gatilho externo, gatilho de temporiza\u00e7\u00e3o, gatilho de taxa de sobreposi\u00e7\u00e3o, gatilho em cascata<\/li>\n<li><strong>Frequ\u00eancia de disparo<\/strong>: 1Hz (relacionado \u00e0 velocidade real de leitura e grava\u00e7\u00e3o do meio de armazenamento)<\/li>\n<li><strong>Temperatura de trabalho<\/strong>: -10\u2103 a +50\u2103 (velocidade relativa do vento \u22651m\/s)<\/li>\n<li><strong>Temperatura do ambiente de armazenamento<\/strong>: -30\u2103 a +70\u2103<\/li>\n<li><strong>Umidade Ambiental<\/strong>: RH (%) \u226485% (sem condensa\u00e7\u00e3o)<\/li>\n<li><strong>Produto Certificado<\/strong>: CE, FCC, RoHS<\/li>\n<\/ul>\n<p><strong>Aplica\u00e7\u00f5es<\/strong><\/p>\n<p><a href=\"https:\/\/www.ghostysky.com\/wp-content\/uploads\/2024\/02\/GH_MS600DualDescription_1.jpg\"><img fetchpriority=\"high\" decoding=\"async\" class=\"wp-image-16679 size-full alignleft lazyload\" src=\"data:image\/gif;base64,R0lGODlhAQABAAAAACH5BAEKAAEALAAAAAABAAEAAAICTAEAOw==\" alt=\"\" width=\"600\" height=\"347\" data-src=\"https:\/\/www.ghostysky.com\/wp-content\/uploads\/2024\/02\/GH_MS600DualDescription_1.jpg\"><\/a><b>Verifica\u00e7\u00e3o de dados de sensoriamento remoto por sat\u00e9lite<\/b><\/p>\n<p>MS600 Dual e MS600 V2 s\u00e3o conectados em cascata e montados para formar um equipamento de aquisi\u00e7\u00e3o de dados de 12 bandas, que \u00e9 consistente com o design de banda espectral dos atuais sat\u00e9lites Sentinel-2, Landsat8 e Landsat-Next, e garante ao m\u00e1ximo que o pesquisadores e acad\u00eamicos nas \u00e1reas de agricultura, silvicultura e pastagens, ecologia e meio ambiente ter\u00e3o as informa\u00e7\u00f5es unificadas dos dados de sat\u00e9lite e de acoplamento \u00f3ptico a\u00e9reo, o que \u00e9 conveniente para a realiza\u00e7\u00e3o de estudos especiais, como valida\u00e7\u00e3o de dados e compara\u00e7\u00e3o de informa\u00e7\u00f5es. Valida\u00e7\u00e3o de dados, compara\u00e7\u00e3o de informa\u00e7\u00f5es e outras pesquisas especializadas.<\/p>\n<p><a href=\"https:\/\/www.ghostysky.com\/wp-content\/uploads\/2024\/02\/GH_MS600DualDescription_2.jpg\"><img decoding=\"async\" class=\"size-full wp-image-16678 alignright lazyload\" src=\"data:image\/gif;base64,R0lGODlhAQABAAAAACH5BAEKAAEALAAAAAABAAEAAAICTAEAOw==\" alt=\"\" width=\"600\" height=\"347\" data-src=\"https:\/\/www.ghostysky.com\/wp-content\/uploads\/2024\/02\/GH_MS600DualDescription_2.jpg\"><\/a><\/p>\n<p><b>Invers\u00e3o dos par\u00e2metros fisiol\u00f3gicos da vegeta\u00e7\u00e3o<\/b><\/p>\n<p>A MS600 Dual complementa a c\u00e2mera multiespectral MS600 V2 na banda do infravermelho pr\u00f3ximo e, quando usada em cascata com a MS600 V2, pode extrair mais informa\u00e7\u00f5es do dossel da vegeta\u00e7\u00e3o e construir mais fatores espectrais, melhorando assim a precis\u00e3o da invers\u00e3o dos par\u00e2metros fisiol\u00f3gicos do dossel para culturas, florestas e gram\u00edneas, e outros cen\u00e1rios pan-vegetativos.<\/p>\n<p>&nbsp;<\/p>\n<p>&nbsp;<\/p>\n<p><a href=\"https:\/\/www.ghostysky.com\/wp-content\/uploads\/2024\/02\/GH_MS600DualDescription_3.jpg\"><img decoding=\"async\" class=\"size-full wp-image-16677 alignleft lazyload\" src=\"data:image\/gif;base64,R0lGODlhAQABAAAAACH5BAEKAAEALAAAAAABAAEAAAICTAEAOw==\" alt=\"\" width=\"600\" height=\"347\" data-src=\"https:\/\/www.ghostysky.com\/wp-content\/uploads\/2024\/02\/GH_MS600DualDescription_3.jpg\"><\/a><\/p>\n<p><b>Invers\u00e3o quantitativa dos par\u00e2metros de qualidade da \u00e1gua<\/b><\/p>\n<p>O MS600 Dual expande o n\u00famero de faixas de luz azul esverdeada para fornecer informa\u00e7\u00f5es de dados mais refinadas para detec\u00e7\u00e3o de corpos d&#039;\u00e1gua, especialmente para nitrog\u00eanio total, f\u00f3sforo total, nitrog\u00eanio amoniacal, DQO e outros par\u00e2metros, o que fornece mais dados de informa\u00e7\u00f5es para ajudar a melhorar a precis\u00e3o de invers\u00e3o de par\u00e2metros qu\u00edmicos de qualidade da \u00e1gua.<\/p>\n<p>&nbsp;<\/p>\n<p>&nbsp;<\/p>\n<p>&nbsp;<\/p>","protected":false},"excerpt":{"rendered":"<p>Yusense MS600 Dual \u00e9 uma carga \u00fatil de drone multiespectral compat\u00edvel com v\u00e1rias plataformas UAV multirotor e de vento fixo. Esta carga \u00fatil leve \u00e9 feita de liga de alum\u00ednio e est\u00e1 equipada com seis canais multiespectrais de 1,2 MP, janelas de vidro \u00f3ptico de safira e um sensor de luz Downlink (DLS). As bandas espectrais do Yusense MS600 Dual s\u00e3o semelhantes \u00e0s usadas pelos sat\u00e9lites Sentinel-2 e Landsat-Next.<\/p>","protected":false},"featured_media":16682,"comment_status":"open","ping_status":"closed","template":"","meta":[],"product_brand":[],"product_cat":[705,706],"product_tag":[711,714,66,707],"class_list":{"0":"post-16676","1":"product","2":"type-product","3":"status-publish","4":"has-post-thumbnail","6":"product_cat-sensors","7":"product_cat-yusense","8":"product_tag-6-bands","9":"product_tag-ms600-dual","10":"product_tag-multispectral-camera","11":"product_tag-yusense","13":"first","14":"onbackorder","15":"taxable","16":"shipping-taxable","17":"product-type-simple"},"yoast_head":"<!-- This site is optimized with the Yoast SEO plugin v27.4 - https:\/\/yoast.com\/product\/yoast-seo-wordpress\/ -->\n<title>MS600 Dual (6-bands) Multispectral Camera - Ghostysky<\/title>\n<meta name=\"description\" content=\"Yusense MS600 Dual is a multispectral drone payload that is compatible with various multi-rotor and fixed-wind UAV platforms. This lightweight payload is made of aluminum alloy and is equipped with six multispectral channels of 1.2 MP, sapphire optical glass windows, and a Downlink Light Sensor (DLS). Yusense MS600 Dual&#039;s spectral bands are similar to those used by the Sentinel-2 and Landsat-Next satellites.\" \/>\n<meta name=\"robots\" content=\"index, follow, max-snippet:-1, max-image-preview:large, max-video-preview:-1\" \/>\n<link rel=\"canonical\" href=\"https:\/\/www.ghostysky.com\/pt\/produto-2\/ms600-dual-6-bands-multispectral-camera\/\" \/>\n<meta property=\"og:locale\" content=\"pt_PT\" \/>\n<meta property=\"og:type\" content=\"article\" \/>\n<meta property=\"og:title\" content=\"MS600 Dual (6-bands) Multispectral Camera - Ghostysky\" \/>\n<meta property=\"og:description\" content=\"Yusense MS600 Dual is a multispectral drone payload that is compatible with various multi-rotor and fixed-wind UAV platforms. This lightweight payload is made of aluminum alloy and is equipped with six multispectral channels of 1.2 MP, sapphire optical glass windows, and a Downlink Light Sensor (DLS). Yusense MS600 Dual&#039;s spectral bands are similar to those used by the Sentinel-2 and Landsat-Next satellites.\" \/>\n<meta property=\"og:url\" content=\"https:\/\/www.ghostysky.com\/pt\/produto-2\/ms600-dual-6-bands-multispectral-camera\/\" \/>\n<meta property=\"og:site_name\" content=\"Ghostysky\" \/>\n<meta property=\"article:publisher\" content=\"https:\/\/www.facebook.com\/people\/Ghostysky\/100057676170234\/\" \/>\n<meta property=\"article:modified_time\" content=\"2025-10-14T11:42:21+00:00\" \/>\n<meta property=\"og:image\" content=\"https:\/\/www.ghostysky.com\/wp-content\/uploads\/2024\/02\/GH_MS600PDual_1.jpg\" \/>\n\t<meta property=\"og:image:width\" content=\"450\" \/>\n\t<meta property=\"og:image:height\" content=\"450\" \/>\n\t<meta property=\"og:image:type\" content=\"image\/jpeg\" \/>\n<meta name=\"twitter:card\" content=\"summary_large_image\" \/>\n<meta name=\"twitter:site\" content=\"@Gh0stysky\" \/>\n<meta name=\"twitter:label1\" content=\"Tempo estimado de leitura\" \/>\n\t<meta name=\"twitter:data1\" content=\"3 minutos\" \/>\n<script type=\"application\/ld+json\" class=\"yoast-schema-graph\">{\"@context\":\"https:\\\/\\\/schema.org\",\"@graph\":[{\"@type\":\"WebPage\",\"@id\":\"https:\\\/\\\/www.ghostysky.com\\\/product\\\/ms600-dual-6-bands-multispectral-camera\\\/\",\"url\":\"https:\\\/\\\/www.ghostysky.com\\\/product\\\/ms600-dual-6-bands-multispectral-camera\\\/\",\"name\":\"MS600 Dual (6-bands) Multispectral Camera - Ghostysky\",\"isPartOf\":{\"@id\":\"https:\\\/\\\/www.ghostysky.com\\\/#website\"},\"primaryImageOfPage\":{\"@id\":\"https:\\\/\\\/www.ghostysky.com\\\/product\\\/ms600-dual-6-bands-multispectral-camera\\\/#primaryimage\"},\"image\":{\"@id\":\"https:\\\/\\\/www.ghostysky.com\\\/product\\\/ms600-dual-6-bands-multispectral-camera\\\/#primaryimage\"},\"thumbnailUrl\":\"https:\\\/\\\/www.ghostysky.com\\\/wp-content\\\/uploads\\\/2024\\\/02\\\/GH_MS600PDual_1.jpg\",\"datePublished\":\"2024-02-24T11:14:30+00:00\",\"dateModified\":\"2025-10-14T11:42:21+00:00\",\"description\":\"Yusense MS600 Dual is a multispectral drone payload that is compatible with various multi-rotor and fixed-wind UAV platforms. This lightweight payload is made of aluminum alloy and is equipped with six multispectral channels of 1.2 MP, sapphire optical glass windows, and a Downlink Light Sensor (DLS). Yusense MS600 Dual's spectral bands are similar to those used by the Sentinel-2 and Landsat-Next satellites.\",\"breadcrumb\":{\"@id\":\"https:\\\/\\\/www.ghostysky.com\\\/product\\\/ms600-dual-6-bands-multispectral-camera\\\/#breadcrumb\"},\"inLanguage\":\"pt-PT\",\"potentialAction\":[{\"@type\":\"ReadAction\",\"target\":[\"https:\\\/\\\/www.ghostysky.com\\\/product\\\/ms600-dual-6-bands-multispectral-camera\\\/\"]}]},{\"@type\":\"ImageObject\",\"inLanguage\":\"pt-PT\",\"@id\":\"https:\\\/\\\/www.ghostysky.com\\\/product\\\/ms600-dual-6-bands-multispectral-camera\\\/#primaryimage\",\"url\":\"https:\\\/\\\/www.ghostysky.com\\\/wp-content\\\/uploads\\\/2024\\\/02\\\/GH_MS600PDual_1.jpg\",\"contentUrl\":\"https:\\\/\\\/www.ghostysky.com\\\/wp-content\\\/uploads\\\/2024\\\/02\\\/GH_MS600PDual_1.jpg\",\"width\":450,\"height\":450},{\"@type\":\"BreadcrumbList\",\"@id\":\"https:\\\/\\\/www.ghostysky.com\\\/product\\\/ms600-dual-6-bands-multispectral-camera\\\/#breadcrumb\",\"itemListElement\":[{\"@type\":\"ListItem\",\"position\":1,\"name\":\"Home\",\"item\":\"https:\\\/\\\/www.ghostysky.com\\\/\"},{\"@type\":\"ListItem\",\"position\":2,\"name\":\"Shop\",\"item\":\"https:\\\/\\\/www.ghostysky.com\\\/shop\\\/\"},{\"@type\":\"ListItem\",\"position\":3,\"name\":\"MS600 Dual (6-bands) Multispectral Camera\"}]},{\"@type\":\"WebSite\",\"@id\":\"https:\\\/\\\/www.ghostysky.com\\\/#website\",\"url\":\"https:\\\/\\\/www.ghostysky.com\\\/\",\"name\":\"Ghostysky\",\"description\":\"Delivering professional drones and robotics solutions\",\"publisher\":{\"@id\":\"https:\\\/\\\/www.ghostysky.com\\\/#organization\"},\"potentialAction\":[{\"@type\":\"SearchAction\",\"target\":{\"@type\":\"EntryPoint\",\"urlTemplate\":\"https:\\\/\\\/www.ghostysky.com\\\/?s={search_term_string}\"},\"query-input\":{\"@type\":\"PropertyValueSpecification\",\"valueRequired\":true,\"valueName\":\"search_term_string\"}}],\"inLanguage\":\"pt-PT\"},{\"@type\":\"Organization\",\"@id\":\"https:\\\/\\\/www.ghostysky.com\\\/#organization\",\"name\":\"Ghostysky\",\"url\":\"https:\\\/\\\/www.ghostysky.com\\\/\",\"logo\":{\"@type\":\"ImageObject\",\"inLanguage\":\"pt-PT\",\"@id\":\"https:\\\/\\\/www.ghostysky.com\\\/#\\\/schema\\\/logo\\\/image\\\/\",\"url\":\"https:\\\/\\\/www.ghostysky.com\\\/wp-content\\\/uploads\\\/2020\\\/06\\\/cropped-ghostyskylogo_text_white2.png\",\"contentUrl\":\"https:\\\/\\\/www.ghostysky.com\\\/wp-content\\\/uploads\\\/2020\\\/06\\\/cropped-ghostyskylogo_text_white2.png\",\"width\":169,\"height\":56,\"caption\":\"Ghostysky\"},\"image\":{\"@id\":\"https:\\\/\\\/www.ghostysky.com\\\/#\\\/schema\\\/logo\\\/image\\\/\"},\"sameAs\":[\"https:\\\/\\\/www.facebook.com\\\/people\\\/Ghostysky\\\/100057676170234\\\/\",\"https:\\\/\\\/x.com\\\/Gh0stysky\",\"https:\\\/\\\/www.linkedin.com\\\/company\\\/34739653\",\"https:\\\/\\\/www.instagram.com\\\/gh0stysky\"]}]}<\/script>\n<!-- \/ Yoast SEO plugin. -->","yoast_head_json":{"title":"C\u00e2mera multiespectral MS600 dupla (6 bandas) - Ghostysky","description":"Yusense MS600 Dual \u00e9 uma carga \u00fatil de drone multiespectral compat\u00edvel com v\u00e1rias plataformas UAV multirotor e de vento fixo. Esta carga \u00fatil leve \u00e9 feita de liga de alum\u00ednio e est\u00e1 equipada com seis canais multiespectrais de 1,2 MP, janelas de vidro \u00f3ptico de safira e um sensor de luz Downlink (DLS). As bandas espectrais do Yusense MS600 Dual s\u00e3o semelhantes \u00e0s usadas pelos sat\u00e9lites Sentinel-2 e Landsat-Next.","robots":{"index":"index","follow":"follow","max-snippet":"max-snippet:-1","max-image-preview":"max-image-preview:large","max-video-preview":"max-video-preview:-1"},"canonical":"https:\/\/www.ghostysky.com\/pt\/produto-2\/ms600-dual-6-bands-multispectral-camera\/","og_locale":"pt_PT","og_type":"article","og_title":"MS600 Dual (6-bands) Multispectral Camera - Ghostysky","og_description":"Yusense MS600 Dual is a multispectral drone payload that is compatible with various multi-rotor and fixed-wind UAV platforms. This lightweight payload is made of aluminum alloy and is equipped with six multispectral channels of 1.2 MP, sapphire optical glass windows, and a Downlink Light Sensor (DLS). Yusense MS600 Dual's spectral bands are similar to those used by the Sentinel-2 and Landsat-Next satellites.","og_url":"https:\/\/www.ghostysky.com\/pt\/produto-2\/ms600-dual-6-bands-multispectral-camera\/","og_site_name":"Ghostysky","article_publisher":"https:\/\/www.facebook.com\/people\/Ghostysky\/100057676170234\/","article_modified_time":"2025-10-14T11:42:21+00:00","og_image":[{"width":450,"height":450,"url":"https:\/\/www.ghostysky.com\/wp-content\/uploads\/2024\/02\/GH_MS600PDual_1.jpg","type":"image\/jpeg"}],"twitter_card":"summary_large_image","twitter_site":"@Gh0stysky","twitter_misc":{"Tempo estimado de leitura":"3 minutos"},"schema":{"@context":"https:\/\/schema.org","@graph":[{"@type":"WebPage","@id":"https:\/\/www.ghostysky.com\/product\/ms600-dual-6-bands-multispectral-camera\/","url":"https:\/\/www.ghostysky.com\/product\/ms600-dual-6-bands-multispectral-camera\/","name":"C\u00e2mera multiespectral MS600 dupla (6 bandas) - Ghostysky","isPartOf":{"@id":"https:\/\/www.ghostysky.com\/#website"},"primaryImageOfPage":{"@id":"https:\/\/www.ghostysky.com\/product\/ms600-dual-6-bands-multispectral-camera\/#primaryimage"},"image":{"@id":"https:\/\/www.ghostysky.com\/product\/ms600-dual-6-bands-multispectral-camera\/#primaryimage"},"thumbnailUrl":"https:\/\/www.ghostysky.com\/wp-content\/uploads\/2024\/02\/GH_MS600PDual_1.jpg","datePublished":"2024-02-24T11:14:30+00:00","dateModified":"2025-10-14T11:42:21+00:00","description":"Yusense MS600 Dual \u00e9 uma carga \u00fatil de drone multiespectral compat\u00edvel com v\u00e1rias plataformas UAV multirotor e de vento fixo. Esta carga \u00fatil leve \u00e9 feita de liga de alum\u00ednio e est\u00e1 equipada com seis canais multiespectrais de 1,2 MP, janelas de vidro \u00f3ptico de safira e um sensor de luz Downlink (DLS). As bandas espectrais do Yusense MS600 Dual s\u00e3o semelhantes \u00e0s usadas pelos sat\u00e9lites Sentinel-2 e Landsat-Next.","breadcrumb":{"@id":"https:\/\/www.ghostysky.com\/product\/ms600-dual-6-bands-multispectral-camera\/#breadcrumb"},"inLanguage":"pt-PT","potentialAction":[{"@type":"ReadAction","target":["https:\/\/www.ghostysky.com\/product\/ms600-dual-6-bands-multispectral-camera\/"]}]},{"@type":"ImageObject","inLanguage":"pt-PT","@id":"https:\/\/www.ghostysky.com\/product\/ms600-dual-6-bands-multispectral-camera\/#primaryimage","url":"https:\/\/www.ghostysky.com\/wp-content\/uploads\/2024\/02\/GH_MS600PDual_1.jpg","contentUrl":"https:\/\/www.ghostysky.com\/wp-content\/uploads\/2024\/02\/GH_MS600PDual_1.jpg","width":450,"height":450},{"@type":"BreadcrumbList","@id":"https:\/\/www.ghostysky.com\/product\/ms600-dual-6-bands-multispectral-camera\/#breadcrumb","itemListElement":[{"@type":"ListItem","position":1,"name":"Home","item":"https:\/\/www.ghostysky.com\/"},{"@type":"ListItem","position":2,"name":"Shop","item":"https:\/\/www.ghostysky.com\/shop\/"},{"@type":"ListItem","position":3,"name":"MS600 Dual (6-bands) Multispectral Camera"}]},{"@type":"WebSite","@id":"https:\/\/www.ghostysky.com\/#website","url":"https:\/\/www.ghostysky.com\/","name":"Ghostysky","description":"Fornecendo solu\u00e7\u00f5es profissionais em drones e rob\u00f3tica.","publisher":{"@id":"https:\/\/www.ghostysky.com\/#organization"},"potentialAction":[{"@type":"SearchAction","target":{"@type":"EntryPoint","urlTemplate":"https:\/\/www.ghostysky.com\/?s={search_term_string}"},"query-input":{"@type":"PropertyValueSpecification","valueRequired":true,"valueName":"search_term_string"}}],"inLanguage":"pt-PT"},{"@type":"Organization","@id":"https:\/\/www.ghostysky.com\/#organization","name":"Ghostysky","url":"https:\/\/www.ghostysky.com\/","logo":{"@type":"ImageObject","inLanguage":"pt-PT","@id":"https:\/\/www.ghostysky.com\/#\/schema\/logo\/image\/","url":"https:\/\/www.ghostysky.com\/wp-content\/uploads\/2020\/06\/cropped-ghostyskylogo_text_white2.png","contentUrl":"https:\/\/www.ghostysky.com\/wp-content\/uploads\/2020\/06\/cropped-ghostyskylogo_text_white2.png","width":169,"height":56,"caption":"Ghostysky"},"image":{"@id":"https:\/\/www.ghostysky.com\/#\/schema\/logo\/image\/"},"sameAs":["https:\/\/www.facebook.com\/people\/Ghostysky\/100057676170234\/","https:\/\/x.com\/Gh0stysky","https:\/\/www.linkedin.com\/company\/34739653","https:\/\/www.instagram.com\/gh0stysky"]}]}},"_links":{"self":[{"href":"https:\/\/www.ghostysky.com\/pt\/wp-json\/wp\/v2\/product\/16676","targetHints":{"allow":["GET"]}}],"collection":[{"href":"https:\/\/www.ghostysky.com\/pt\/wp-json\/wp\/v2\/product"}],"about":[{"href":"https:\/\/www.ghostysky.com\/pt\/wp-json\/wp\/v2\/types\/product"}],"replies":[{"embeddable":true,"href":"https:\/\/www.ghostysky.com\/pt\/wp-json\/wp\/v2\/comments?post=16676"}],"version-history":[{"count":0,"href":"https:\/\/www.ghostysky.com\/pt\/wp-json\/wp\/v2\/product\/16676\/revisions"}],"wp:featuredmedia":[{"embeddable":true,"href":"https:\/\/www.ghostysky.com\/pt\/wp-json\/wp\/v2\/media\/16682"}],"wp:attachment":[{"href":"https:\/\/www.ghostysky.com\/pt\/wp-json\/wp\/v2\/media?parent=16676"}],"wp:term":[{"taxonomy":"product_brand","embeddable":true,"href":"https:\/\/www.ghostysky.com\/pt\/wp-json\/wp\/v2\/product_brand?post=16676"},{"taxonomy":"product_cat","embeddable":true,"href":"https:\/\/www.ghostysky.com\/pt\/wp-json\/wp\/v2\/product_cat?post=16676"},{"taxonomy":"product_tag","embeddable":true,"href":"https:\/\/www.ghostysky.com\/pt\/wp-json\/wp\/v2\/product_tag?post=16676"}],"curies":[{"name":"wp","href":"https:\/\/api.w.org\/{rel}","templated":true}]}}