{"id":16684,"date":"2024-02-24T11:36:38","date_gmt":"2024-02-24T11:36:38","guid":{"rendered":"https:\/\/www.ghostysky.com\/?post_type=product&#038;p=16684"},"modified":"2025-10-14T11:38:23","modified_gmt":"2025-10-14T11:38:23","slug":"aq600-5-bands-multispectral-camera","status":"publish","type":"product","link":"https:\/\/www.ghostysky.com\/pt\/product\/aq600-5-bands-multispectral-camera\/","title":{"rendered":"C\u00e2mera multiespectral AQ600 (5 bandas)"},"content":{"rendered":"<p><strong>caracter\u00edsticas do produto<\/strong><\/p>\n<ul>\n<li>Porta de rede Gigabit\/porta serial TTL<\/li>\n<li>Imagens simult\u00e2neas de todos os canais nos 1s mais r\u00e1pidos<\/li>\n<li>Invers\u00e3o espectral em tempo real integrada, sa\u00edda de v\u00eddeo<\/li>\n<li>Sensor de luz downlink padr\u00e3o (DLS)<\/li>\n<li>Compat\u00edvel com v\u00e1rios tipos de plataformas UAV de rotor e asa fixa | Plataforma de transporte: UAV multi-rotor pequeno ou UAV de asa fixa<\/li>\n<\/ul>\n<p><strong>Especifica\u00e7\u00f5es t\u00e9cnicas<\/strong><\/p>\n<ul>\n<li><strong>M\u00e9todo de combina\u00e7\u00e3o<\/strong>: 5 canais multiespectrais + 1 canal RGB<\/li>\n<li><strong>Tamanho alvo<\/strong>: Multiespectral 1\/1,8\u201d | RGB 1\/2,3\u201d<\/li>\n<li><strong>Pixels efetivos<\/strong>: Multiespectral 3,2Mpx | RGB 12,3Mpx<\/li>\n<li><strong>Tipo de obturador<\/strong>: Multiespectral \u2013 global | RGB \u2013 persiana<\/li>\n<li><strong>N\u00famero\u00a0<\/strong>de\u00a0<strong>Bits de quantiza\u00e7\u00e3o<\/strong>: Multiespectral 12 bits | RGB 8 bits<\/li>\n<li><strong>Campo de vis\u00e3o\u00a0<\/strong>(<strong>FOV<\/strong>): Multiespectral 48,8\u00b0\u00d737,5\u00b0 | RGB 47,4\u00b0\u00d736,4\u00b0<\/li>\n<li><strong>Resolu\u00e7\u00e3o Terrestre<\/strong>: Multiespectral 5,28cm@h120m | RGB 2,60cm@h120m<\/li>\n<li><strong>Largura de cobertura<\/strong>: Multiespectral 109m\u00d782m@h120m | RGB 106m\u00d779m@h120m<\/li>\n<li><strong>Canal Espectral<\/strong>: 450nm@30nm, 555nm@27nm, 660nm@22nm, 720nm@10nm, 840nm@30nm, RGB<\/li>\n<li><strong>Janela \u00f3ptica<\/strong>: Janela de vidro \u00f3ptico de safira<\/li>\n<li><strong>Tamanho do host<\/strong>\u00a0(CxLxA): \u226480mm\u00d780mm\u00d778mm<\/li>\n<li><strong>Peso do hospedeiro<\/strong>: \u2264415g<\/li>\n<li><strong>Interface de instala\u00e7\u00e3o<\/strong>: 8\u00d7M3<\/li>\n<li><strong>Distribu\u00eddo por<\/strong>: 12V (consulte-nos para alimenta\u00e7\u00e3o com outras tens\u00f5es)<\/li>\n<li><strong>Consumo de energia<\/strong>: \u226416W@12V<\/li>\n<li><strong>Formato de imagem<\/strong>: Multiespectral \u2013 TIFF original de 16 bits e JPEG de reflet\u00e2ncia de 8 bits | RGB \u2013 JPEG de 8 bits (incluindo GPS, informa\u00e7\u00f5es de luz ambiente)<\/li>\n<li><strong>Formato de v\u00eddeo<\/strong>: MP4<\/li>\n<li><strong>M\u00eddia de armazenamento<\/strong>: Configura\u00e7\u00e3o padr\u00e3o de 128 GB, suporta dispositivo de armazenamento USB3.1 de at\u00e9 2 TB<\/li>\n<li><strong>Software de processamento<\/strong>: Mapa Yusense\/Mapa Yusense Plus<\/li>\n<li><strong>Configura\u00e7\u00f5es de par\u00e2metros<\/strong>: Wi-Fi (acesso \u00e0 interface WEB) \/ Ethernet \/ UART<\/li>\n<li><strong>Gatilho de tiro<\/strong>: Gatilho externo, gatilho de temporiza\u00e7\u00e3o, gatilho de taxa de sobreposi\u00e7\u00e3o, gatilho em cascata<\/li>\n<li><strong>Frequ\u00eancia de disparo<\/strong>: Modo Foto \u2013 1Hz (relacionado \u00e0 velocidade real de leitura e grava\u00e7\u00e3o do meio de armazenamento) | Modo de v\u00eddeo \u2013 20 Hz<\/li>\n<li><strong>Temperatura de trabalho<\/strong>: -10\u2103 a +50\u2103 (velocidade relativa do vento \u22651m\/s)<\/li>\n<li><strong>Temperatura do ambiente de armazenamento<\/strong>: -30\u2103 a +70\u2103<\/li>\n<li><strong>Umidade Ambiental<\/strong>: RH (%) \u2264 85% (sem condensa\u00e7\u00e3o)<\/li>\n<li><strong>Produto Certificado<\/strong>: CE, FCC, RoHS<\/li>\n<\/ul>\n<p data-sourcepos=\"3:1-3:250\"><strong>Aplica\u00e7\u00f5es<\/strong><\/p>\n<ul data-sourcepos=\"5:1-9:0\">\n<li data-sourcepos=\"5:1-5:100\"><strong>Agricultura de precis\u00e3o:<\/strong>\u00a0Avalie a sa\u00fade das culturas, detecte pragas e doen\u00e7as e otimize o uso de recursos.<\/li>\n<li data-sourcepos=\"6:1-6:94\"><strong>Monitoramento florestal:<\/strong>\u00a0Monitore a sa\u00fade das \u00e1rvores, detecte o desmatamento e gerencie os recursos florestais.<\/li>\n<li data-sourcepos=\"7:1-7:98\"><strong>Monitoramento ambiental:<\/strong>\u00a0Rastreie a qualidade da \u00e1gua, monitore a polui\u00e7\u00e3o, avalie as mudan\u00e7as na cobertura do solo.<\/li>\n<li data-sourcepos=\"8:1-9:0\"><strong>Reconhecimento de alvo:<\/strong>\u00a0Identifique objetos e materiais com base em suas assinaturas espectrais exclusivas.<\/li>\n<\/ul>\n<p><strong>No geral, a Yusense AQ600 \u00e9 uma solu\u00e7\u00e3o de c\u00e2mera multiespectral poderosa e vers\u00e1til para profissionais que buscam aproveitar a captura avan\u00e7ada de dados espectrais para diversas aplica\u00e7\u00f5es em agricultura, silvicultura, monitoramento ambiental e muito mais.<\/strong><\/p>\n<p>&nbsp;<\/p>\n<p><strong>Aplica\u00e7\u00f5es<\/strong><\/p>\n<p><b>Avalia\u00e7\u00e3o do crescimento da vegeta\u00e7\u00e3o<\/b><\/p>\n<p>Usando NDVI, LAI e outros fatores de vegeta\u00e7\u00e3o, descrevemos quantitativamente a consist\u00eancia do estado do dossel vegetal em diferentes escalas espaciais, auxiliamos os espectros caracter\u00edsticos da vegeta\u00e7\u00e3o em diferentes estados de sa\u00fade, avaliamos quantitativamente a longevidade da vegeta\u00e7\u00e3o e fornecemos suporte de dados para irriga\u00e7\u00e3o, aplica\u00e7\u00e3o de fertilizantes , prote\u00e7\u00e3o de plantas e avalia\u00e7\u00e3o de rendimento.<\/p>\n<p><a href=\"https:\/\/www.ghostysky.com\/wp-content\/uploads\/2024\/02\/GH_MS600-V2_1.jpg\"><img fetchpriority=\"high\" decoding=\"async\" class=\"wp-image-16659 size-full aligncenter lazyload\" src=\"data:image\/gif;base64,R0lGODlhAQABAAAAACH5BAEKAAEALAAAAAABAAEAAAICTAEAOw==\" alt=\"\" width=\"600\" height=\"347\" data-src=\"https:\/\/www.ghostysky.com\/wp-content\/uploads\/2024\/02\/GH_MS600-V2_1.jpg\"><\/a><\/p>\n<p><b>Monitoramento de corpos d\u2019\u00e1gua com odor negro<\/b><\/p>\n<p>Com refer\u00eancia ao padr\u00e3o de avalia\u00e7\u00e3o de corpos d&#039;\u00e1gua superficiais com mau cheiro, usamos espectros caracter\u00edsticos para construir \u00edndices de classifica\u00e7\u00e3o, realizar invers\u00e3o graduada e estat\u00edsticas de informa\u00e7\u00f5es espaciais de corpos de \u00e1gua com mau cheiro preto, auxiliar na an\u00e1lise do impacto de esgotos dom\u00e9sticos e \u00e1guas residuais industriais na \u00e1gua circundante \u00f3rg\u00e3os, e auxiliar na investiga\u00e7\u00e3o de fontes de polui\u00e7\u00e3o e avalia\u00e7\u00e3o do ambiente aqu\u00e1tico.<\/p>\n<p><a href=\"https:\/\/www.ghostysky.com\/wp-content\/uploads\/2024\/02\/GH_MS600-V2_2.jpg\"><img decoding=\"async\" class=\"wp-image-16658 size-full aligncenter lazyload\" src=\"data:image\/gif;base64,R0lGODlhAQABAAAAACH5BAEKAAEALAAAAAABAAEAAAICTAEAOw==\" alt=\"\" width=\"600\" height=\"347\" data-src=\"https:\/\/www.ghostysky.com\/wp-content\/uploads\/2024\/02\/GH_MS600-V2_2.jpg\"><\/a><\/p>\n<p><b>Avalia\u00e7\u00e3o de Cobertura<\/b><\/p>\n<p>Com base no espectro de impress\u00e3o digital da vegeta\u00e7\u00e3o para construir o \u00edndice de vegeta\u00e7\u00e3o, completar a distribui\u00e7\u00e3o espacial e as estat\u00edsticas de \u00e1rea da vegeta\u00e7\u00e3o alvo na \u00e1rea designada e fornecer dados quantitativos sobre a cobertura vegetal para pesquisa cient\u00edfica e produ\u00e7\u00e3o na agricultura, silvicultura e pastagens, ecologia e outros Campos.<\/p>\n<p><a href=\"https:\/\/www.ghostysky.com\/wp-content\/uploads\/2024\/02\/GH_MS600-V2_3.jpg\"><img decoding=\"async\" class=\"wp-image-16657 size-full aligncenter lazyload\" src=\"data:image\/gif;base64,R0lGODlhAQABAAAAACH5BAEKAAEALAAAAAABAAEAAAICTAEAOw==\" alt=\"\" width=\"600\" height=\"347\" data-src=\"https:\/\/www.ghostysky.com\/wp-content\/uploads\/2024\/02\/GH_MS600-V2_3.jpg\"><\/a><\/p>\n<p><b>Monitoramento de \u00e1rvores em p\u00e9 descoloridas de pinheiro<\/b><\/p>\n<p>Utiliza\u00e7\u00e3o abrangente de informa\u00e7\u00f5es espectrais e de textura para realizar a supress\u00e3o eficiente de fundos ambientais, como solo, grama morta e identifica\u00e7\u00e3o de alta precis\u00e3o de \u00e1rvores em p\u00e9 descoloridas, extraindo com precis\u00e3o informa\u00e7\u00f5es sobre a localiza\u00e7\u00e3o, distribui\u00e7\u00e3o espacial e \u00e1rea de copa das \u00e1rvores em p\u00e9 descoloridas e fornecendo dados apoio ao manejo de \u00e1rvores infectadas.<\/p>\n<p><a href=\"https:\/\/www.ghostysky.com\/wp-content\/uploads\/2024\/02\/GH_MS600-V2_4.jpg\"><img loading=\"lazy\" decoding=\"async\" class=\"size-full wp-image-16656 aligncenter lazyload\" src=\"data:image\/gif;base64,R0lGODlhAQABAAAAACH5BAEKAAEALAAAAAABAAEAAAICTAEAOw==\" alt=\"\" width=\"600\" height=\"347\" data-src=\"https:\/\/www.ghostysky.com\/wp-content\/uploads\/2024\/02\/GH_MS600-V2_4.jpg\"><\/a><\/p>","protected":false},"excerpt":{"rendered":"<p>A Yusense AQ600 \u00e9 uma c\u00e2mera multiespectral profissional projetada para <strong>ve\u00edculos a\u00e9reos n\u00e3o tripulados (UAVs)<\/strong>. Ele captura dados em <strong>cinco bandas espectrais distintas<\/strong> al\u00e9m do espectro RGB padr\u00e3o, fornecendo informa\u00e7\u00f5es valiosas para diversas aplica\u00e7\u00f5es.<\/p>","protected":false},"featured_media":16688,"comment_status":"open","ping_status":"closed","template":"","meta":[],"product_brand":[],"product_cat":[705,706],"product_tag":[716,715,66,707],"class_list":{"0":"post-16684","1":"product","2":"type-product","3":"status-publish","4":"has-post-thumbnail","6":"product_cat-sensors","7":"product_cat-yusense","8":"product_tag-5-bands","9":"product_tag-aq600","10":"product_tag-multispectral-camera","11":"product_tag-yusense","13":"first","14":"onbackorder","15":"taxable","16":"shipping-taxable","17":"product-type-simple"},"yoast_head":"<!-- This site is optimized with the Yoast SEO plugin v27.4 - https:\/\/yoast.com\/product\/yoast-seo-wordpress\/ -->\n<title>AQ600 (5-bands) Multispectral Camera - Ghostysky<\/title>\n<meta name=\"description\" content=\"The Yusense AQ600 is a professional multispectral camera designed for unmanned aerial vehicles (UAVs). It captures data in five distinct spectral bands beyond the standard RGB spectrum, providing valuable insights for various applications\" \/>\n<meta name=\"robots\" content=\"index, follow, max-snippet:-1, max-image-preview:large, max-video-preview:-1\" \/>\n<link rel=\"canonical\" href=\"https:\/\/www.ghostysky.com\/pt\/produto-2\/aq600-5-bands-multispectral-camera\/\" \/>\n<meta property=\"og:locale\" content=\"pt_PT\" \/>\n<meta property=\"og:type\" content=\"article\" \/>\n<meta property=\"og:title\" content=\"AQ600 (5-bands) Multispectral Camera - Ghostysky\" \/>\n<meta property=\"og:description\" content=\"The Yusense AQ600 is a professional multispectral camera designed for unmanned aerial vehicles (UAVs). It captures data in five distinct spectral bands beyond the standard RGB spectrum, providing valuable insights for various applications\" \/>\n<meta property=\"og:url\" content=\"https:\/\/www.ghostysky.com\/pt\/produto-2\/aq600-5-bands-multispectral-camera\/\" \/>\n<meta property=\"og:site_name\" content=\"Ghostysky\" \/>\n<meta property=\"article:publisher\" content=\"https:\/\/www.facebook.com\/people\/Ghostysky\/100057676170234\/\" \/>\n<meta property=\"article:modified_time\" content=\"2025-10-14T11:38:23+00:00\" \/>\n<meta property=\"og:image\" content=\"https:\/\/www.ghostysky.com\/wp-content\/uploads\/2024\/02\/GH_AQ600_1.jpg\" \/>\n\t<meta property=\"og:image:width\" content=\"450\" \/>\n\t<meta property=\"og:image:height\" content=\"450\" \/>\n\t<meta property=\"og:image:type\" content=\"image\/jpeg\" \/>\n<meta name=\"twitter:card\" content=\"summary_large_image\" \/>\n<meta name=\"twitter:site\" content=\"@Gh0stysky\" \/>\n<meta name=\"twitter:label1\" content=\"Tempo estimado de leitura\" \/>\n\t<meta name=\"twitter:data1\" content=\"4 minutos\" \/>\n<script type=\"application\/ld+json\" class=\"yoast-schema-graph\">{\"@context\":\"https:\\\/\\\/schema.org\",\"@graph\":[{\"@type\":\"WebPage\",\"@id\":\"https:\\\/\\\/www.ghostysky.com\\\/product\\\/aq600-5-bands-multispectral-camera\\\/\",\"url\":\"https:\\\/\\\/www.ghostysky.com\\\/product\\\/aq600-5-bands-multispectral-camera\\\/\",\"name\":\"AQ600 (5-bands) Multispectral Camera - Ghostysky\",\"isPartOf\":{\"@id\":\"https:\\\/\\\/www.ghostysky.com\\\/#website\"},\"primaryImageOfPage\":{\"@id\":\"https:\\\/\\\/www.ghostysky.com\\\/product\\\/aq600-5-bands-multispectral-camera\\\/#primaryimage\"},\"image\":{\"@id\":\"https:\\\/\\\/www.ghostysky.com\\\/product\\\/aq600-5-bands-multispectral-camera\\\/#primaryimage\"},\"thumbnailUrl\":\"https:\\\/\\\/www.ghostysky.com\\\/wp-content\\\/uploads\\\/2024\\\/02\\\/GH_AQ600_1.jpg\",\"datePublished\":\"2024-02-24T11:36:38+00:00\",\"dateModified\":\"2025-10-14T11:38:23+00:00\",\"description\":\"The Yusense AQ600 is a professional multispectral camera designed for unmanned aerial vehicles (UAVs). It captures data in five distinct spectral bands beyond the standard RGB spectrum, providing valuable insights for various applications\",\"breadcrumb\":{\"@id\":\"https:\\\/\\\/www.ghostysky.com\\\/product\\\/aq600-5-bands-multispectral-camera\\\/#breadcrumb\"},\"inLanguage\":\"pt-PT\",\"potentialAction\":[{\"@type\":\"ReadAction\",\"target\":[\"https:\\\/\\\/www.ghostysky.com\\\/product\\\/aq600-5-bands-multispectral-camera\\\/\"]}]},{\"@type\":\"ImageObject\",\"inLanguage\":\"pt-PT\",\"@id\":\"https:\\\/\\\/www.ghostysky.com\\\/product\\\/aq600-5-bands-multispectral-camera\\\/#primaryimage\",\"url\":\"https:\\\/\\\/www.ghostysky.com\\\/wp-content\\\/uploads\\\/2024\\\/02\\\/GH_AQ600_1.jpg\",\"contentUrl\":\"https:\\\/\\\/www.ghostysky.com\\\/wp-content\\\/uploads\\\/2024\\\/02\\\/GH_AQ600_1.jpg\",\"width\":450,\"height\":450},{\"@type\":\"BreadcrumbList\",\"@id\":\"https:\\\/\\\/www.ghostysky.com\\\/product\\\/aq600-5-bands-multispectral-camera\\\/#breadcrumb\",\"itemListElement\":[{\"@type\":\"ListItem\",\"position\":1,\"name\":\"Home\",\"item\":\"https:\\\/\\\/www.ghostysky.com\\\/\"},{\"@type\":\"ListItem\",\"position\":2,\"name\":\"Shop\",\"item\":\"https:\\\/\\\/www.ghostysky.com\\\/shop\\\/\"},{\"@type\":\"ListItem\",\"position\":3,\"name\":\"AQ600 (5-bands) Multispectral Camera\"}]},{\"@type\":\"WebSite\",\"@id\":\"https:\\\/\\\/www.ghostysky.com\\\/#website\",\"url\":\"https:\\\/\\\/www.ghostysky.com\\\/\",\"name\":\"Ghostysky\",\"description\":\"Delivering professional drones and robotics solutions\",\"publisher\":{\"@id\":\"https:\\\/\\\/www.ghostysky.com\\\/#organization\"},\"potentialAction\":[{\"@type\":\"SearchAction\",\"target\":{\"@type\":\"EntryPoint\",\"urlTemplate\":\"https:\\\/\\\/www.ghostysky.com\\\/?s={search_term_string}\"},\"query-input\":{\"@type\":\"PropertyValueSpecification\",\"valueRequired\":true,\"valueName\":\"search_term_string\"}}],\"inLanguage\":\"pt-PT\"},{\"@type\":\"Organization\",\"@id\":\"https:\\\/\\\/www.ghostysky.com\\\/#organization\",\"name\":\"Ghostysky\",\"url\":\"https:\\\/\\\/www.ghostysky.com\\\/\",\"logo\":{\"@type\":\"ImageObject\",\"inLanguage\":\"pt-PT\",\"@id\":\"https:\\\/\\\/www.ghostysky.com\\\/#\\\/schema\\\/logo\\\/image\\\/\",\"url\":\"https:\\\/\\\/www.ghostysky.com\\\/wp-content\\\/uploads\\\/2020\\\/06\\\/cropped-ghostyskylogo_text_white2.png\",\"contentUrl\":\"https:\\\/\\\/www.ghostysky.com\\\/wp-content\\\/uploads\\\/2020\\\/06\\\/cropped-ghostyskylogo_text_white2.png\",\"width\":169,\"height\":56,\"caption\":\"Ghostysky\"},\"image\":{\"@id\":\"https:\\\/\\\/www.ghostysky.com\\\/#\\\/schema\\\/logo\\\/image\\\/\"},\"sameAs\":[\"https:\\\/\\\/www.facebook.com\\\/people\\\/Ghostysky\\\/100057676170234\\\/\",\"https:\\\/\\\/x.com\\\/Gh0stysky\",\"https:\\\/\\\/www.linkedin.com\\\/company\\\/34739653\",\"https:\\\/\\\/www.instagram.com\\\/gh0stysky\"]}]}<\/script>\n<!-- \/ Yoast SEO plugin. -->","yoast_head_json":{"title":"C\u00e2mera multiespectral AQ600 (5 bandas) - Ghostysky","description":"A Yusense AQ600 \u00e9 uma c\u00e2mera multiespectral profissional projetada para ve\u00edculos a\u00e9reos n\u00e3o tripulados (UAVs). Ele captura dados em cinco bandas espectrais distintas al\u00e9m do espectro RGB padr\u00e3o, fornecendo informa\u00e7\u00f5es valiosas para diversas aplica\u00e7\u00f5es","robots":{"index":"index","follow":"follow","max-snippet":"max-snippet:-1","max-image-preview":"max-image-preview:large","max-video-preview":"max-video-preview:-1"},"canonical":"https:\/\/www.ghostysky.com\/pt\/produto-2\/aq600-5-bands-multispectral-camera\/","og_locale":"pt_PT","og_type":"article","og_title":"AQ600 (5-bands) Multispectral Camera - Ghostysky","og_description":"The Yusense AQ600 is a professional multispectral camera designed for unmanned aerial vehicles (UAVs). It captures data in five distinct spectral bands beyond the standard RGB spectrum, providing valuable insights for various applications","og_url":"https:\/\/www.ghostysky.com\/pt\/produto-2\/aq600-5-bands-multispectral-camera\/","og_site_name":"Ghostysky","article_publisher":"https:\/\/www.facebook.com\/people\/Ghostysky\/100057676170234\/","article_modified_time":"2025-10-14T11:38:23+00:00","og_image":[{"width":450,"height":450,"url":"https:\/\/www.ghostysky.com\/wp-content\/uploads\/2024\/02\/GH_AQ600_1.jpg","type":"image\/jpeg"}],"twitter_card":"summary_large_image","twitter_site":"@Gh0stysky","twitter_misc":{"Tempo estimado de leitura":"4 minutos"},"schema":{"@context":"https:\/\/schema.org","@graph":[{"@type":"WebPage","@id":"https:\/\/www.ghostysky.com\/product\/aq600-5-bands-multispectral-camera\/","url":"https:\/\/www.ghostysky.com\/product\/aq600-5-bands-multispectral-camera\/","name":"C\u00e2mera multiespectral AQ600 (5 bandas) - Ghostysky","isPartOf":{"@id":"https:\/\/www.ghostysky.com\/#website"},"primaryImageOfPage":{"@id":"https:\/\/www.ghostysky.com\/product\/aq600-5-bands-multispectral-camera\/#primaryimage"},"image":{"@id":"https:\/\/www.ghostysky.com\/product\/aq600-5-bands-multispectral-camera\/#primaryimage"},"thumbnailUrl":"https:\/\/www.ghostysky.com\/wp-content\/uploads\/2024\/02\/GH_AQ600_1.jpg","datePublished":"2024-02-24T11:36:38+00:00","dateModified":"2025-10-14T11:38:23+00:00","description":"A Yusense AQ600 \u00e9 uma c\u00e2mera multiespectral profissional projetada para ve\u00edculos a\u00e9reos n\u00e3o tripulados (UAVs). Ele captura dados em cinco bandas espectrais distintas al\u00e9m do espectro RGB padr\u00e3o, fornecendo informa\u00e7\u00f5es valiosas para diversas aplica\u00e7\u00f5es","breadcrumb":{"@id":"https:\/\/www.ghostysky.com\/product\/aq600-5-bands-multispectral-camera\/#breadcrumb"},"inLanguage":"pt-PT","potentialAction":[{"@type":"ReadAction","target":["https:\/\/www.ghostysky.com\/product\/aq600-5-bands-multispectral-camera\/"]}]},{"@type":"ImageObject","inLanguage":"pt-PT","@id":"https:\/\/www.ghostysky.com\/product\/aq600-5-bands-multispectral-camera\/#primaryimage","url":"https:\/\/www.ghostysky.com\/wp-content\/uploads\/2024\/02\/GH_AQ600_1.jpg","contentUrl":"https:\/\/www.ghostysky.com\/wp-content\/uploads\/2024\/02\/GH_AQ600_1.jpg","width":450,"height":450},{"@type":"BreadcrumbList","@id":"https:\/\/www.ghostysky.com\/product\/aq600-5-bands-multispectral-camera\/#breadcrumb","itemListElement":[{"@type":"ListItem","position":1,"name":"Home","item":"https:\/\/www.ghostysky.com\/"},{"@type":"ListItem","position":2,"name":"Shop","item":"https:\/\/www.ghostysky.com\/shop\/"},{"@type":"ListItem","position":3,"name":"AQ600 (5-bands) Multispectral Camera"}]},{"@type":"WebSite","@id":"https:\/\/www.ghostysky.com\/#website","url":"https:\/\/www.ghostysky.com\/","name":"Ghostysky","description":"Fornecendo solu\u00e7\u00f5es profissionais em drones e rob\u00f3tica.","publisher":{"@id":"https:\/\/www.ghostysky.com\/#organization"},"potentialAction":[{"@type":"SearchAction","target":{"@type":"EntryPoint","urlTemplate":"https:\/\/www.ghostysky.com\/?s={search_term_string}"},"query-input":{"@type":"PropertyValueSpecification","valueRequired":true,"valueName":"search_term_string"}}],"inLanguage":"pt-PT"},{"@type":"Organization","@id":"https:\/\/www.ghostysky.com\/#organization","name":"Ghostysky","url":"https:\/\/www.ghostysky.com\/","logo":{"@type":"ImageObject","inLanguage":"pt-PT","@id":"https:\/\/www.ghostysky.com\/#\/schema\/logo\/image\/","url":"https:\/\/www.ghostysky.com\/wp-content\/uploads\/2020\/06\/cropped-ghostyskylogo_text_white2.png","contentUrl":"https:\/\/www.ghostysky.com\/wp-content\/uploads\/2020\/06\/cropped-ghostyskylogo_text_white2.png","width":169,"height":56,"caption":"Ghostysky"},"image":{"@id":"https:\/\/www.ghostysky.com\/#\/schema\/logo\/image\/"},"sameAs":["https:\/\/www.facebook.com\/people\/Ghostysky\/100057676170234\/","https:\/\/x.com\/Gh0stysky","https:\/\/www.linkedin.com\/company\/34739653","https:\/\/www.instagram.com\/gh0stysky"]}]}},"_links":{"self":[{"href":"https:\/\/www.ghostysky.com\/pt\/wp-json\/wp\/v2\/product\/16684","targetHints":{"allow":["GET"]}}],"collection":[{"href":"https:\/\/www.ghostysky.com\/pt\/wp-json\/wp\/v2\/product"}],"about":[{"href":"https:\/\/www.ghostysky.com\/pt\/wp-json\/wp\/v2\/types\/product"}],"replies":[{"embeddable":true,"href":"https:\/\/www.ghostysky.com\/pt\/wp-json\/wp\/v2\/comments?post=16684"}],"version-history":[{"count":0,"href":"https:\/\/www.ghostysky.com\/pt\/wp-json\/wp\/v2\/product\/16684\/revisions"}],"wp:featuredmedia":[{"embeddable":true,"href":"https:\/\/www.ghostysky.com\/pt\/wp-json\/wp\/v2\/media\/16688"}],"wp:attachment":[{"href":"https:\/\/www.ghostysky.com\/pt\/wp-json\/wp\/v2\/media?parent=16684"}],"wp:term":[{"taxonomy":"product_brand","embeddable":true,"href":"https:\/\/www.ghostysky.com\/pt\/wp-json\/wp\/v2\/product_brand?post=16684"},{"taxonomy":"product_cat","embeddable":true,"href":"https:\/\/www.ghostysky.com\/pt\/wp-json\/wp\/v2\/product_cat?post=16684"},{"taxonomy":"product_tag","embeddable":true,"href":"https:\/\/www.ghostysky.com\/pt\/wp-json\/wp\/v2\/product_tag?post=16684"}],"curies":[{"name":"wp","href":"https:\/\/api.w.org\/{rel}","templated":true}]}}