{"id":16689,"date":"2024-02-24T11:53:38","date_gmt":"2024-02-24T11:53:38","guid":{"rendered":"https:\/\/www.ghostysky.com\/?post_type=product&#038;p=16689"},"modified":"2025-10-14T11:37:56","modified_gmt":"2025-10-14T11:37:56","slug":"aq600-pro-5-bands-multispectral-camera","status":"publish","type":"product","link":"https:\/\/www.ghostysky.com\/pt\/product\/aq600-pro-5-bands-multispectral-camera\/","title":{"rendered":"C\u00e2mera multiespectral AQ600 Pro (5 bandas)"},"content":{"rendered":"<p><strong>Caracter\u00edsticas do produto<\/strong><\/p>\n<ul>\n<li>5 multiespectrais e 1 RGB<\/li>\n<li>3,2 milh\u00f5es e 12,3 milh\u00f5es de pixels<\/li>\n<li>Obturador de rolamento global de 12 bits e 8 bits<\/li>\n<li>Controle DJI X-Port<\/li>\n<li>Imagens sincronizadas de todos os canais em apenas 1s<\/li>\n<li>Invers\u00e3o espectral em tempo real integrada, sa\u00edda de v\u00eddeo<\/li>\n<li>Sensor de luz de downlink padr\u00e3o (DLS)<\/li>\n<li>Fonte de alimenta\u00e7\u00e3o DJI X-Port, unidade flash USB de estado s\u00f3lido de 128G<\/li>\n<li>Tempo, taxa de sobreposi\u00e7\u00e3o, v\u00e1rios modos de disparo<\/li>\n<li>Personaliza\u00e7\u00e3o do drone DJI M300\/M350 RTK, plug and play<\/li>\n<\/ul>\n<p><b>Especifica\u00e7\u00f5es t\u00e9cnicas<\/b><\/p>\n<div class=\"rich-text-table\">\n<table>\n<tbody>\n<tr>\n<td>O nome do \u00edndice<\/td>\n<td>AQ600 Pro<\/td>\n<\/tr>\n<tr>\n<td>Configura\u00e7\u00e3o de banda<\/td>\n<td>Cinco bandas multiespectrais e um sensor RGB<\/td>\n<\/tr>\n<tr>\n<td>Tamanho da superf\u00edcie alvo<\/td>\n<td>EM: 1\/1,8\u2033; RGB: 1\/2,3\u2033<\/td>\n<\/tr>\n<tr>\n<td>Pixels efetivos<\/td>\n<td>EM: 3,2Mpx; RGB: 12,3Mpx<\/td>\n<\/tr>\n<tr>\n<td>Tipo de obturador<\/td>\n<td>Obturador\/obturador global<\/td>\n<\/tr>\n<tr>\n<td>N\u00fameros quantitativos<\/td>\n<td>EM: 12 bits; RGB: 8 bits<\/td>\n<\/tr>\n<tr>\n<td>\u00c2ngulo de vis\u00e3o<\/td>\n<td>EM: 48,8\u00b0\u00d737,5\u00b0; RGB: 47,4\u00b0\u00d736,4\u00b0<\/td>\n<\/tr>\n<tr>\n<td>GSD<\/td>\n<td>EM: 5,28cm@h120m; RGB: 2,60cm@h120m<\/td>\n<\/tr>\n<tr>\n<td>Tamanho da imagem<\/td>\n<td>MS 109m\u00d782m@h120m; RGB: 106m\u00d779m@h120m<\/td>\n<\/tr>\n<tr>\n<td>Banda espectral<\/td>\n<td>450nm@35nm, 555nm@27nm,660nm@22nm, 720nm@10nm,840nm@30nm, RGB<\/td>\n<\/tr>\n<tr>\n<td>Janela \u00f3ptica<\/td>\n<td>Janela \u00f3ptica de safira<\/td>\n<\/tr>\n<tr>\n<td>Tamanho<\/td>\n<td>129 mm \u00d7 156 mm \u00d7 162 mm<\/td>\n<\/tr>\n<tr>\n<td>Peso<\/td>\n<td>826g (c\u00e2mera e DLS Pro e disco flash USB)<\/td>\n<\/tr>\n<tr>\n<td>Interface de instala\u00e7\u00e3o<\/td>\n<td>Porta X<\/td>\n<\/tr>\n<tr>\n<td>Modo de fonte de alimenta\u00e7\u00e3o<\/td>\n<td>Porta X<\/td>\n<\/tr>\n<tr>\n<td>Consumo de energia<\/td>\n<td>10W\/15W<\/td>\n<\/tr>\n<tr>\n<td>Formato de imagem<\/td>\n<td>MS: imagem TIFF original de 16 bits e JPG de reflet\u00e2ncia de 8 bits; RGB: JPG de 8 bits<\/td>\n<\/tr>\n<tr>\n<td>Formato de v\u00eddeo<\/td>\n<td>MP4<\/td>\n<\/tr>\n<tr>\n<td>Meio de armazenamento<\/td>\n<td>Padr\u00e3o com 128 GB, um m\u00e1ximo de 2 TB \u00e9 suportado<\/td>\n<\/tr>\n<tr>\n<td>Configura\u00e7\u00e3o de par\u00e2metro<\/td>\n<td>Yusense Fly \/ Piloto DJI<\/td>\n<\/tr>\n<tr>\n<td>Modo de imagem<\/td>\n<td>Gatilho de aeronave, gatilho de sobreposi\u00e7\u00e3o<\/td>\n<\/tr>\n<tr>\n<td>Frequ\u00eancia de tirar fotos<\/td>\n<td>Modo de imagem: 1 Hz, modo de v\u00eddeo: 20 Hz<\/td>\n<\/tr>\n<tr>\n<td>Temperatura ambiente operacional<\/td>\n<td>-10\u00baC~+50\u00baC(Velocidade relativa do vento\u22651m\/s)<\/td>\n<\/tr>\n<tr>\n<td>Temperatura do ambiente de armazenamento<\/td>\n<td>-30\u00baC~+70\u00baC<\/td>\n<\/tr>\n<tr>\n<td>Umidade ambiental<\/td>\n<td>RH(%)\u226485%(Sem condensa\u00e7\u00e3o)<\/td>\n<\/tr>\n<tr>\n<td>Certifica\u00e7\u00e3o de produto<\/td>\n<td>Marca\u00e7\u00e3o,FCC,RoHS<\/td>\n<\/tr>\n<\/tbody>\n<\/table>\n<p>&nbsp;<\/p>\n<div><strong>Aplica\u00e7\u00e3o<\/strong><\/div>\n<div><\/div>\n<div style=\"text-align: left;\"><b>Monitoramento de condi\u00e7\u00e3o<\/b><\/div>\n<div>Usando fatores de vegeta\u00e7\u00e3o como NDVI e LAI, quantificando a consist\u00eancia do status da copa da vegeta\u00e7\u00e3o em diferentes escalas espaciais e usando espectros caracter\u00edsticos da vegeta\u00e7\u00e3o em diferentes estados de sa\u00fade para avaliar quantitativamente o crescimento da vegeta\u00e7\u00e3o, o que pode fornecer suporte de dados para irriga\u00e7\u00e3o, fertiliza\u00e7\u00e3o, prote\u00e7\u00e3o de plantas , avalia\u00e7\u00e3o de rendimento e outros trabalhos.<b><br \/>\n<\/b><\/div>\n<div><a href=\"https:\/\/www.ghostysky.com\/wp-content\/uploads\/2024\/02\/GH_MS600-V2_1.jpg\"><img fetchpriority=\"high\" decoding=\"async\" class=\"aligncenter wp-image-16659 size-full lazyload\" src=\"data:image\/gif;base64,R0lGODlhAQABAAAAACH5BAEKAAEALAAAAAABAAEAAAICTAEAOw==\" alt=\"\" width=\"600\" height=\"347\" data-src=\"https:\/\/www.ghostysky.com\/wp-content\/uploads\/2024\/02\/GH_MS600-V2_1.jpg\"><\/a><\/div>\n<div><\/div>\n<div><b>Monitoramento de pinho descolorido<\/b><\/div>\n<div>Usando informa\u00e7\u00f5es de espectro e textura para obter uma supress\u00e3o eficiente do fundo ambiental do solo, grama seca e outros objetos e identifica\u00e7\u00e3o de alta precis\u00e3o de pinheiros que mudam de cor. Ao extrair com precis\u00e3o a localiza\u00e7\u00e3o, a distribui\u00e7\u00e3o espacial e a \u00e1rea da copa dos pinheiros que mudam de cor, podemos fornecer suporte de dados para o manejo de \u00e1rvores doentes.<\/div>\n<div><b>\u00a0<\/b><\/div>\n<div>\n<div><a href=\"https:\/\/www.ghostysky.com\/wp-content\/uploads\/2024\/02\/GH_MS600-V2_4.jpg\"><img decoding=\"async\" class=\"size-full wp-image-16656 aligncenter lazyload\" src=\"data:image\/gif;base64,R0lGODlhAQABAAAAACH5BAEKAAEALAAAAAABAAEAAAICTAEAOw==\" alt=\"\" width=\"600\" height=\"347\" data-src=\"https:\/\/www.ghostysky.com\/wp-content\/uploads\/2024\/02\/GH_MS600-V2_4.jpg\"><\/a><\/div>\n<div><b>Monitoramento de \u00e1gua preta e malcheirosa<\/b><\/div>\n<div>Referindo-se ao padr\u00e3o de avalia\u00e7\u00e3o da \u00e1gua preta e fedorenta superficial, usando o espectro caracter\u00edstico da \u00e1gua preta e fedorenta para construir o \u00edndice de classifica\u00e7\u00e3o para obter invers\u00e3o de classifica\u00e7\u00e3o de \u00e1gua preta e fedorenta e estat\u00edsticas de informa\u00e7\u00e3o espacial. Esta tecnologia pode auxiliar na an\u00e1lise da influ\u00eancia do esgoto dom\u00e9stico e das \u00e1guas residuais industriais nas \u00e1guas circundantes e, finalmente, ajudar na investiga\u00e7\u00e3o de fontes de polui\u00e7\u00e3o e na avalia\u00e7\u00e3o do ambiente aqu\u00e1tico.<\/div>\n<\/div>\n<div><a href=\"https:\/\/www.ghostysky.com\/wp-content\/uploads\/2024\/02\/Yusense-AQ600-Pro-Multispectral-Camera-for-Dji-M300-M350-Rtk.jpg\"><img decoding=\"async\" class=\"size-full wp-image-16690 aligncenter lazyload\" src=\"data:image\/gif;base64,R0lGODlhAQABAAAAACH5BAEKAAEALAAAAAABAAEAAAICTAEAOw==\" alt=\"\" width=\"600\" height=\"347\" data-src=\"https:\/\/www.ghostysky.com\/wp-content\/uploads\/2024\/02\/Yusense-AQ600-Pro-Multispectral-Camera-for-Dji-M300-M350-Rtk.jpg\"><\/a><\/div>\n<\/div>","protected":false},"excerpt":{"rendered":"<p>O Yusense AQ600 Pro \u00e9 um <strong>c\u00e2mera multiespectral profissional<\/strong> desenhado para <strong>ve\u00edculos a\u00e9reos n\u00e3o tripulados (UAVs)<\/strong>, especificamente compat\u00edvel com drones DJI M300 e M350 RTK. Yusense AQ600 Pro \u00e9 um <strong>c\u00e2mera multiespectral profissional<\/strong> desenhado para <strong>aplica\u00e7\u00f5es baseadas em drones<\/strong> em v\u00e1rios setores, aderindo aos padr\u00f5es do setor de qualidade e desempenho.<\/p>","protected":false},"featured_media":16694,"comment_status":"open","ping_status":"closed","template":"","meta":[],"product_brand":[],"product_cat":[705,706],"product_tag":[716,717,66,707],"class_list":{"0":"post-16689","1":"product","2":"type-product","3":"status-publish","4":"has-post-thumbnail","6":"product_cat-sensors","7":"product_cat-yusense","8":"product_tag-5-bands","9":"product_tag-aq600-pro","10":"product_tag-multispectral-camera","11":"product_tag-yusense","13":"first","14":"onbackorder","15":"taxable","16":"shipping-taxable","17":"product-type-simple"},"yoast_head":"<!-- This site is optimized with the Yoast SEO plugin v27.1.1 - https:\/\/yoast.com\/product\/yoast-seo-wordpress\/ -->\n<title>AQ600 Pro (5-bands) Multispectral Camera - Ghostysky<\/title>\n<meta name=\"description\" content=\"The Yusense AQ600 Pro is a professional multispectral camera designed for unmanned aerial vehicles (UAVs), specifically compatible with DJI M300 and M350 RTK drones. Yusense AQ600 Pro is a professional multispectral camera designed for drone-based applications across various industries, adhering to industry standards for quality and performance.\" \/>\n<meta name=\"robots\" content=\"index, follow, max-snippet:-1, max-image-preview:large, max-video-preview:-1\" \/>\n<link rel=\"canonical\" href=\"https:\/\/www.ghostysky.com\/pt\/produto-2\/aq600-pro-5-bands-multispectral-camera\/\" \/>\n<meta property=\"og:locale\" content=\"pt_PT\" \/>\n<meta property=\"og:type\" content=\"article\" \/>\n<meta property=\"og:title\" content=\"AQ600 Pro (5-bands) Multispectral Camera - Ghostysky\" \/>\n<meta property=\"og:description\" content=\"The Yusense AQ600 Pro is a professional multispectral camera designed for unmanned aerial vehicles (UAVs), specifically compatible with DJI M300 and M350 RTK drones. Yusense AQ600 Pro is a professional multispectral camera designed for drone-based applications across various industries, adhering to industry standards for quality and performance.\" \/>\n<meta property=\"og:url\" content=\"https:\/\/www.ghostysky.com\/pt\/produto-2\/aq600-pro-5-bands-multispectral-camera\/\" \/>\n<meta property=\"og:site_name\" content=\"Ghostysky\" \/>\n<meta property=\"article:publisher\" content=\"https:\/\/www.facebook.com\/people\/Ghostysky\/100057676170234\/\" \/>\n<meta property=\"article:modified_time\" content=\"2025-10-14T11:37:56+00:00\" \/>\n<meta property=\"og:image\" content=\"https:\/\/www.ghostysky.com\/wp-content\/uploads\/2024\/02\/GH_AQ600Pro_1.jpg\" \/>\n\t<meta property=\"og:image:width\" content=\"450\" \/>\n\t<meta property=\"og:image:height\" content=\"450\" \/>\n\t<meta property=\"og:image:type\" content=\"image\/jpeg\" \/>\n<meta name=\"twitter:card\" content=\"summary_large_image\" \/>\n<meta name=\"twitter:site\" content=\"@Gh0stysky\" \/>\n<meta name=\"twitter:label1\" content=\"Tempo estimado de leitura\" \/>\n\t<meta name=\"twitter:data1\" content=\"3 minutos\" \/>\n<script type=\"application\/ld+json\" class=\"yoast-schema-graph\">{\"@context\":\"https:\/\/schema.org\",\"@graph\":[{\"@type\":\"WebPage\",\"@id\":\"https:\/\/www.ghostysky.com\/product\/aq600-pro-5-bands-multispectral-camera\/\",\"url\":\"https:\/\/www.ghostysky.com\/product\/aq600-pro-5-bands-multispectral-camera\/\",\"name\":\"AQ600 Pro (5-bands) Multispectral Camera - Ghostysky\",\"isPartOf\":{\"@id\":\"https:\/\/www.ghostysky.com\/#website\"},\"primaryImageOfPage\":{\"@id\":\"https:\/\/www.ghostysky.com\/product\/aq600-pro-5-bands-multispectral-camera\/#primaryimage\"},\"image\":{\"@id\":\"https:\/\/www.ghostysky.com\/product\/aq600-pro-5-bands-multispectral-camera\/#primaryimage\"},\"thumbnailUrl\":\"https:\/\/www.ghostysky.com\/wp-content\/uploads\/2024\/02\/GH_AQ600Pro_1.jpg\",\"datePublished\":\"2024-02-24T11:53:38+00:00\",\"dateModified\":\"2025-10-14T11:37:56+00:00\",\"description\":\"The Yusense AQ600 Pro is a professional multispectral camera designed for unmanned aerial vehicles (UAVs), specifically compatible with DJI M300 and M350 RTK drones. Yusense AQ600 Pro is a professional multispectral camera designed for drone-based applications across various industries, adhering to industry standards for quality and performance.\",\"breadcrumb\":{\"@id\":\"https:\/\/www.ghostysky.com\/product\/aq600-pro-5-bands-multispectral-camera\/#breadcrumb\"},\"inLanguage\":\"pt-PT\",\"potentialAction\":[{\"@type\":\"ReadAction\",\"target\":[\"https:\/\/www.ghostysky.com\/product\/aq600-pro-5-bands-multispectral-camera\/\"]}]},{\"@type\":\"ImageObject\",\"inLanguage\":\"pt-PT\",\"@id\":\"https:\/\/www.ghostysky.com\/product\/aq600-pro-5-bands-multispectral-camera\/#primaryimage\",\"url\":\"https:\/\/www.ghostysky.com\/wp-content\/uploads\/2024\/02\/GH_AQ600Pro_1.jpg\",\"contentUrl\":\"https:\/\/www.ghostysky.com\/wp-content\/uploads\/2024\/02\/GH_AQ600Pro_1.jpg\",\"width\":450,\"height\":450},{\"@type\":\"BreadcrumbList\",\"@id\":\"https:\/\/www.ghostysky.com\/product\/aq600-pro-5-bands-multispectral-camera\/#breadcrumb\",\"itemListElement\":[{\"@type\":\"ListItem\",\"position\":1,\"name\":\"Home\",\"item\":\"https:\/\/www.ghostysky.com\/\"},{\"@type\":\"ListItem\",\"position\":2,\"name\":\"Shop\",\"item\":\"https:\/\/www.ghostysky.com\/shop\/\"},{\"@type\":\"ListItem\",\"position\":3,\"name\":\"AQ600 Pro (5-bands) Multispectral Camera\"}]},{\"@type\":\"WebSite\",\"@id\":\"https:\/\/www.ghostysky.com\/#website\",\"url\":\"https:\/\/www.ghostysky.com\/\",\"name\":\"Ghostysky\",\"description\":\"Delivering professional drones and services\",\"publisher\":{\"@id\":\"https:\/\/www.ghostysky.com\/#organization\"},\"potentialAction\":[{\"@type\":\"SearchAction\",\"target\":{\"@type\":\"EntryPoint\",\"urlTemplate\":\"https:\/\/www.ghostysky.com\/?s={search_term_string}\"},\"query-input\":{\"@type\":\"PropertyValueSpecification\",\"valueRequired\":true,\"valueName\":\"search_term_string\"}}],\"inLanguage\":\"pt-PT\"},{\"@type\":\"Organization\",\"@id\":\"https:\/\/www.ghostysky.com\/#organization\",\"name\":\"Ghostysky\",\"url\":\"https:\/\/www.ghostysky.com\/\",\"logo\":{\"@type\":\"ImageObject\",\"inLanguage\":\"pt-PT\",\"@id\":\"https:\/\/www.ghostysky.com\/#\/schema\/logo\/image\/\",\"url\":\"https:\/\/www.ghostysky.com\/wp-content\/uploads\/2020\/06\/cropped-ghostyskylogo_text_white2.png\",\"contentUrl\":\"https:\/\/www.ghostysky.com\/wp-content\/uploads\/2020\/06\/cropped-ghostyskylogo_text_white2.png\",\"width\":169,\"height\":56,\"caption\":\"Ghostysky\"},\"image\":{\"@id\":\"https:\/\/www.ghostysky.com\/#\/schema\/logo\/image\/\"},\"sameAs\":[\"https:\/\/www.facebook.com\/people\/Ghostysky\/100057676170234\/\",\"https:\/\/x.com\/Gh0stysky\",\"https:\/\/www.linkedin.com\/company\/34739653\",\"https:\/\/www.instagram.com\/gh0stysky\"]}]}<\/script>\n<!-- \/ Yoast SEO plugin. -->","yoast_head_json":{"title":"C\u00e2mera multiespectral AQ600 Pro (5 bandas) - Ghostysky","description":"A Yusense AQ600 Pro \u00e9 uma c\u00e2mera multiespectral profissional projetada para ve\u00edculos a\u00e9reos n\u00e3o tripulados (UAVs), especificamente compat\u00edvel com drones DJI M300 e M350 RTK. Yusense AQ600 Pro \u00e9 uma c\u00e2mera multiespectral profissional projetada para aplica\u00e7\u00f5es baseadas em drones em v\u00e1rios setores, aderindo aos padr\u00f5es da ind\u00fastria em termos de qualidade e desempenho.","robots":{"index":"index","follow":"follow","max-snippet":"max-snippet:-1","max-image-preview":"max-image-preview:large","max-video-preview":"max-video-preview:-1"},"canonical":"https:\/\/www.ghostysky.com\/pt\/produto-2\/aq600-pro-5-bands-multispectral-camera\/","og_locale":"pt_PT","og_type":"article","og_title":"AQ600 Pro (5-bands) Multispectral Camera - Ghostysky","og_description":"The Yusense AQ600 Pro is a professional multispectral camera designed for unmanned aerial vehicles (UAVs), specifically compatible with DJI M300 and M350 RTK drones. Yusense AQ600 Pro is a professional multispectral camera designed for drone-based applications across various industries, adhering to industry standards for quality and performance.","og_url":"https:\/\/www.ghostysky.com\/pt\/produto-2\/aq600-pro-5-bands-multispectral-camera\/","og_site_name":"Ghostysky","article_publisher":"https:\/\/www.facebook.com\/people\/Ghostysky\/100057676170234\/","article_modified_time":"2025-10-14T11:37:56+00:00","og_image":[{"width":450,"height":450,"url":"https:\/\/www.ghostysky.com\/wp-content\/uploads\/2024\/02\/GH_AQ600Pro_1.jpg","type":"image\/jpeg"}],"twitter_card":"summary_large_image","twitter_site":"@Gh0stysky","twitter_misc":{"Tempo estimado de leitura":"3 minutos"},"schema":{"@context":"https:\/\/schema.org","@graph":[{"@type":"WebPage","@id":"https:\/\/www.ghostysky.com\/product\/aq600-pro-5-bands-multispectral-camera\/","url":"https:\/\/www.ghostysky.com\/product\/aq600-pro-5-bands-multispectral-camera\/","name":"C\u00e2mera multiespectral AQ600 Pro (5 bandas) - Ghostysky","isPartOf":{"@id":"https:\/\/www.ghostysky.com\/#website"},"primaryImageOfPage":{"@id":"https:\/\/www.ghostysky.com\/product\/aq600-pro-5-bands-multispectral-camera\/#primaryimage"},"image":{"@id":"https:\/\/www.ghostysky.com\/product\/aq600-pro-5-bands-multispectral-camera\/#primaryimage"},"thumbnailUrl":"https:\/\/www.ghostysky.com\/wp-content\/uploads\/2024\/02\/GH_AQ600Pro_1.jpg","datePublished":"2024-02-24T11:53:38+00:00","dateModified":"2025-10-14T11:37:56+00:00","description":"A Yusense AQ600 Pro \u00e9 uma c\u00e2mera multiespectral profissional projetada para ve\u00edculos a\u00e9reos n\u00e3o tripulados (UAVs), especificamente compat\u00edvel com drones DJI M300 e M350 RTK. Yusense AQ600 Pro \u00e9 uma c\u00e2mera multiespectral profissional projetada para aplica\u00e7\u00f5es baseadas em drones em v\u00e1rios setores, aderindo aos padr\u00f5es da ind\u00fastria em termos de qualidade e desempenho.","breadcrumb":{"@id":"https:\/\/www.ghostysky.com\/product\/aq600-pro-5-bands-multispectral-camera\/#breadcrumb"},"inLanguage":"pt-PT","potentialAction":[{"@type":"ReadAction","target":["https:\/\/www.ghostysky.com\/product\/aq600-pro-5-bands-multispectral-camera\/"]}]},{"@type":"ImageObject","inLanguage":"pt-PT","@id":"https:\/\/www.ghostysky.com\/product\/aq600-pro-5-bands-multispectral-camera\/#primaryimage","url":"https:\/\/www.ghostysky.com\/wp-content\/uploads\/2024\/02\/GH_AQ600Pro_1.jpg","contentUrl":"https:\/\/www.ghostysky.com\/wp-content\/uploads\/2024\/02\/GH_AQ600Pro_1.jpg","width":450,"height":450},{"@type":"BreadcrumbList","@id":"https:\/\/www.ghostysky.com\/product\/aq600-pro-5-bands-multispectral-camera\/#breadcrumb","itemListElement":[{"@type":"ListItem","position":1,"name":"Home","item":"https:\/\/www.ghostysky.com\/"},{"@type":"ListItem","position":2,"name":"Shop","item":"https:\/\/www.ghostysky.com\/shop\/"},{"@type":"ListItem","position":3,"name":"AQ600 Pro (5-bands) Multispectral Camera"}]},{"@type":"WebSite","@id":"https:\/\/www.ghostysky.com\/#website","url":"https:\/\/www.ghostysky.com\/","name":"Ghostysky","description":"Fornecendo drones e servi\u00e7os profissionais","publisher":{"@id":"https:\/\/www.ghostysky.com\/#organization"},"potentialAction":[{"@type":"SearchAction","target":{"@type":"EntryPoint","urlTemplate":"https:\/\/www.ghostysky.com\/?s={search_term_string}"},"query-input":{"@type":"PropertyValueSpecification","valueRequired":true,"valueName":"search_term_string"}}],"inLanguage":"pt-PT"},{"@type":"Organization","@id":"https:\/\/www.ghostysky.com\/#organization","name":"Ghostysky","url":"https:\/\/www.ghostysky.com\/","logo":{"@type":"ImageObject","inLanguage":"pt-PT","@id":"https:\/\/www.ghostysky.com\/#\/schema\/logo\/image\/","url":"https:\/\/www.ghostysky.com\/wp-content\/uploads\/2020\/06\/cropped-ghostyskylogo_text_white2.png","contentUrl":"https:\/\/www.ghostysky.com\/wp-content\/uploads\/2020\/06\/cropped-ghostyskylogo_text_white2.png","width":169,"height":56,"caption":"Ghostysky"},"image":{"@id":"https:\/\/www.ghostysky.com\/#\/schema\/logo\/image\/"},"sameAs":["https:\/\/www.facebook.com\/people\/Ghostysky\/100057676170234\/","https:\/\/x.com\/Gh0stysky","https:\/\/www.linkedin.com\/company\/34739653","https:\/\/www.instagram.com\/gh0stysky"]}]}},"_links":{"self":[{"href":"https:\/\/www.ghostysky.com\/pt\/wp-json\/wp\/v2\/product\/16689","targetHints":{"allow":["GET"]}}],"collection":[{"href":"https:\/\/www.ghostysky.com\/pt\/wp-json\/wp\/v2\/product"}],"about":[{"href":"https:\/\/www.ghostysky.com\/pt\/wp-json\/wp\/v2\/types\/product"}],"replies":[{"embeddable":true,"href":"https:\/\/www.ghostysky.com\/pt\/wp-json\/wp\/v2\/comments?post=16689"}],"wp:featuredmedia":[{"embeddable":true,"href":"https:\/\/www.ghostysky.com\/pt\/wp-json\/wp\/v2\/media\/16694"}],"wp:attachment":[{"href":"https:\/\/www.ghostysky.com\/pt\/wp-json\/wp\/v2\/media?parent=16689"}],"wp:term":[{"taxonomy":"product_brand","embeddable":true,"href":"https:\/\/www.ghostysky.com\/pt\/wp-json\/wp\/v2\/product_brand?post=16689"},{"taxonomy":"product_cat","embeddable":true,"href":"https:\/\/www.ghostysky.com\/pt\/wp-json\/wp\/v2\/product_cat?post=16689"},{"taxonomy":"product_tag","embeddable":true,"href":"https:\/\/www.ghostysky.com\/pt\/wp-json\/wp\/v2\/product_tag?post=16689"}],"curies":[{"name":"wp","href":"https:\/\/api.w.org\/{rel}","templated":true}]}}