{"id":17176,"date":"2024-03-11T13:56:30","date_gmt":"2024-03-11T13:56:30","guid":{"rendered":"https:\/\/www.ghostysky.com\/?post_type=product&#038;p=17176"},"modified":"2024-10-22T01:57:55","modified_gmt":"2024-10-22T01:57:55","slug":"agrowing-a7cr-61mp-quad","status":"publish","type":"product","link":"https:\/\/www.ghostysky.com\/pt\/product\/agrowing-a7cr-61mp-quad\/","title":{"rendered":"Agrowing A7CR 61MP Quad"},"content":{"rendered":"<p>Um de seus recursos de destaque \u00e9 a configura\u00e7\u00e3o de c\u00e2mera qu\u00e1drupla, que permite capturar imagens multiespectrais simultaneamente. Esta capacidade permite a an\u00e1lise de v\u00e1rios comprimentos de onda de luz al\u00e9m do que o olho humano pode perceber, fornecendo informa\u00e7\u00f5es valiosas sobre a sa\u00fade das plantas, as condi\u00e7\u00f5es do solo e os n\u00edveis de estresse das culturas.<\/p>\n<p>O A7CR foi projetado para oferecer efici\u00eancia e facilidade de uso em campo. Possui sistemas avan\u00e7ados de controle de voo que garantem um voo est\u00e1vel e preciso mesmo em condi\u00e7\u00f5es ambientais desafiadoras. Al\u00e9m disso, seu design modular permite f\u00e1cil manuten\u00e7\u00e3o e atualiza\u00e7\u00f5es, garantindo confiabilidade e longevidade.<\/p>\n<p>Com suas capacidades de imagem de alta resolu\u00e7\u00e3o e recursos avan\u00e7ados, o Agrowing A7CR 61MP Quad \u00e9 uma ferramenta poderosa para a agricultura moderna, permitindo que os agricultores otimizem as pr\u00e1ticas de manejo de culturas e maximizem os rendimentos, minimizando os insumos e o impacto ambiental.<\/p>\n<h3>Especifica\u00e7\u00f5es t\u00e9cnicas<\/h3>\n<ul>\n<li><strong>Tipo<\/strong>: Montagem \u00fanica de lente qu\u00e1drupla<\/li>\n<li><strong>Campo de vis\u00e3o<\/strong>: Diagonal 46,0 Horizontal 40,7 Vertical 27,6<\/li>\n<li><strong>Distor\u00e7\u00e3o de TV<\/strong>: &lt;1%<\/li>\n<li><strong>Bandas crom\u00e1ticas multiespectrais<\/strong>: 30 nm de largura, 405;430;450;550, 560;570;650;685, 710;850 * personalizado para melhor desempenho<\/li>\n<li><strong>Ilumina\u00e7\u00e3o Relativa<\/strong>: 68%<\/li>\n<li><strong>Dist\u00e2ncia focal efetiva<\/strong>: 25mm<\/li>\n<li><strong>Parada F<\/strong>: 6.0<\/li>\n<li><strong>Tipo e alcance de foco<\/strong>: Manual 0,5m \u2013 infinito<\/li>\n<li><strong>Dimens\u00e3o da lente<\/strong>: (\u00d8xCxL) 64,5\u00d731,5 mm<\/li>\n<li><strong>Peso total do sensor incluindo bateria<\/strong>: 705gr (A7CR)<\/li>\n<\/ul>\n<p>&nbsp;<\/p>\n<p><a href=\"https:\/\/www.ghostysky.com\/wp-content\/uploads\/2024\/03\/GH_Agrowing-A7CR-61MP-Quad_desc.jpg\"><img fetchpriority=\"high\" decoding=\"async\" class=\"size-full wp-image-17178 alignleft lazyload\" src=\"data:image\/gif;base64,R0lGODlhAQABAAAAACH5BAEKAAEALAAAAAABAAEAAAICTAEAOw==\" alt=\"\" width=\"643\" height=\"325\" data-src=\"https:\/\/www.ghostysky.com\/wp-content\/uploads\/2024\/03\/GH_Agrowing-A7CR-61MP-Quad_desc.jpg\"><\/a><\/p>\n<p>O sensor baseado em Alpha 7Rxxx da Agrowing possui duas vers\u00f5es de resolu\u00e7\u00e3o. O sensor baseado em A7Riv tem 12 megapixels por banda, enquanto o sensor baseado em A7Rii\/iii tem 8 megapixels por banda.<\/p>","protected":false},"excerpt":{"rendered":"<p>O Agrowing A7CR 61MP Quad \u00e9 um drone agr\u00edcola de \u00faltima gera\u00e7\u00e3o equipado com tecnologia de imagem avan\u00e7ada projetada para aprimorar as pr\u00e1ticas agr\u00edcolas de precis\u00e3o. Com um impressionante sensor de c\u00e2mera de 61 megapixels (MP), este drone oferece imagens a\u00e9reas incrivelmente detalhadas, permitindo que agricultores e agr\u00f4nomos monitorem de perto as colheitas, detectem problemas e tomem decis\u00f5es informadas.<\/p>\n<ul>\n<li>12 megapixels por banda (A7CR)<\/li>\n<li>NDVI\/borda vermelha<\/li>\n<li>10 bandas estreitas ou 9 bandas + RGB amplo<\/li>\n<li>para montagem E de quadro completo<\/li>\n<li>Baseado em Sony A7CR modificado<\/li>\n<\/ul>","protected":false},"featured_media":17177,"comment_status":"open","ping_status":"closed","template":"","meta":[],"product_brand":[],"product_cat":[719,705],"product_tag":[723,720],"class_list":{"0":"post-17176","1":"product","2":"type-product","3":"status-publish","4":"has-post-thumbnail","6":"product_cat-agrowing","7":"product_cat-sensors","8":"product_tag-a7cr-61mp-quad","9":"product_tag-agrowing","11":"first","12":"onbackorder","13":"taxable","14":"shipping-taxable","15":"product-type-simple"},"yoast_head":"<!-- This site is optimized with the Yoast SEO plugin v27.1.1 - https:\/\/yoast.com\/product\/yoast-seo-wordpress\/ -->\n<title>Agrowing A7CR 61MP Quad - Ghostysky<\/title>\n<meta name=\"description\" content=\"The Agrowing A7CR 61MP Quad is a cutting-edge agricultural drone equipped with advanced imaging technology designed to enhance precision agriculture practices. With a staggering 61 megapixel (MP) camera sensor, this drone offers incredibly detailed aerial imagery, allowing farmers and agronomists to closely monitor crops, detect issues, and make informed decisions.\" \/>\n<meta name=\"robots\" content=\"index, follow, max-snippet:-1, max-image-preview:large, max-video-preview:-1\" \/>\n<link rel=\"canonical\" href=\"https:\/\/www.ghostysky.com\/pt\/produto-2\/agrowing-a7cr-61mp-quad\/\" \/>\n<meta property=\"og:locale\" content=\"pt_PT\" \/>\n<meta property=\"og:type\" content=\"article\" \/>\n<meta property=\"og:title\" content=\"Agrowing A7CR 61MP Quad - Ghostysky\" \/>\n<meta property=\"og:description\" content=\"The Agrowing A7CR 61MP Quad is a cutting-edge agricultural drone equipped with advanced imaging technology designed to enhance precision agriculture practices. With a staggering 61 megapixel (MP) camera sensor, this drone offers incredibly detailed aerial imagery, allowing farmers and agronomists to closely monitor crops, detect issues, and make informed decisions.\" \/>\n<meta property=\"og:url\" content=\"https:\/\/www.ghostysky.com\/pt\/produto-2\/agrowing-a7cr-61mp-quad\/\" \/>\n<meta property=\"og:site_name\" content=\"Ghostysky\" \/>\n<meta property=\"article:publisher\" content=\"https:\/\/www.facebook.com\/people\/Ghostysky\/100057676170234\/\" \/>\n<meta property=\"article:modified_time\" content=\"2024-10-22T01:57:55+00:00\" \/>\n<meta property=\"og:image\" content=\"https:\/\/www.ghostysky.com\/wp-content\/uploads\/2024\/03\/GH_Agrowing-A7CR-61MP-Quad_1.jpg\" \/>\n\t<meta property=\"og:image:width\" content=\"1164\" \/>\n\t<meta property=\"og:image:height\" content=\"693\" \/>\n\t<meta property=\"og:image:type\" content=\"image\/jpeg\" \/>\n<meta name=\"twitter:card\" content=\"summary_large_image\" \/>\n<meta name=\"twitter:site\" content=\"@Gh0stysky\" \/>\n<meta name=\"twitter:label1\" content=\"Tempo estimado de leitura\" \/>\n\t<meta name=\"twitter:data1\" content=\"2 minutos\" \/>\n<script type=\"application\/ld+json\" class=\"yoast-schema-graph\">{\"@context\":\"https:\/\/schema.org\",\"@graph\":[{\"@type\":\"WebPage\",\"@id\":\"https:\/\/www.ghostysky.com\/product\/agrowing-a7cr-61mp-quad\/\",\"url\":\"https:\/\/www.ghostysky.com\/product\/agrowing-a7cr-61mp-quad\/\",\"name\":\"Agrowing A7CR 61MP Quad - Ghostysky\",\"isPartOf\":{\"@id\":\"https:\/\/www.ghostysky.com\/#website\"},\"primaryImageOfPage\":{\"@id\":\"https:\/\/www.ghostysky.com\/product\/agrowing-a7cr-61mp-quad\/#primaryimage\"},\"image\":{\"@id\":\"https:\/\/www.ghostysky.com\/product\/agrowing-a7cr-61mp-quad\/#primaryimage\"},\"thumbnailUrl\":\"https:\/\/www.ghostysky.com\/wp-content\/uploads\/2024\/03\/GH_Agrowing-A7CR-61MP-Quad_1.jpg\",\"datePublished\":\"2024-03-11T13:56:30+00:00\",\"dateModified\":\"2024-10-22T01:57:55+00:00\",\"description\":\"The Agrowing A7CR 61MP Quad is a cutting-edge agricultural drone equipped with advanced imaging technology designed to enhance precision agriculture practices. With a staggering 61 megapixel (MP) camera sensor, this drone offers incredibly detailed aerial imagery, allowing farmers and agronomists to closely monitor crops, detect issues, and make informed decisions.\",\"breadcrumb\":{\"@id\":\"https:\/\/www.ghostysky.com\/product\/agrowing-a7cr-61mp-quad\/#breadcrumb\"},\"inLanguage\":\"pt-PT\",\"potentialAction\":[{\"@type\":\"ReadAction\",\"target\":[\"https:\/\/www.ghostysky.com\/product\/agrowing-a7cr-61mp-quad\/\"]}]},{\"@type\":\"ImageObject\",\"inLanguage\":\"pt-PT\",\"@id\":\"https:\/\/www.ghostysky.com\/product\/agrowing-a7cr-61mp-quad\/#primaryimage\",\"url\":\"https:\/\/www.ghostysky.com\/wp-content\/uploads\/2024\/03\/GH_Agrowing-A7CR-61MP-Quad_1.jpg\",\"contentUrl\":\"https:\/\/www.ghostysky.com\/wp-content\/uploads\/2024\/03\/GH_Agrowing-A7CR-61MP-Quad_1.jpg\",\"width\":1164,\"height\":693},{\"@type\":\"BreadcrumbList\",\"@id\":\"https:\/\/www.ghostysky.com\/product\/agrowing-a7cr-61mp-quad\/#breadcrumb\",\"itemListElement\":[{\"@type\":\"ListItem\",\"position\":1,\"name\":\"Home\",\"item\":\"https:\/\/www.ghostysky.com\/\"},{\"@type\":\"ListItem\",\"position\":2,\"name\":\"Shop\",\"item\":\"https:\/\/www.ghostysky.com\/shop\/\"},{\"@type\":\"ListItem\",\"position\":3,\"name\":\"Agrowing A7CR 61MP Quad\"}]},{\"@type\":\"WebSite\",\"@id\":\"https:\/\/www.ghostysky.com\/#website\",\"url\":\"https:\/\/www.ghostysky.com\/\",\"name\":\"Ghostysky\",\"description\":\"Delivering professional drones and services\",\"publisher\":{\"@id\":\"https:\/\/www.ghostysky.com\/#organization\"},\"potentialAction\":[{\"@type\":\"SearchAction\",\"target\":{\"@type\":\"EntryPoint\",\"urlTemplate\":\"https:\/\/www.ghostysky.com\/?s={search_term_string}\"},\"query-input\":{\"@type\":\"PropertyValueSpecification\",\"valueRequired\":true,\"valueName\":\"search_term_string\"}}],\"inLanguage\":\"pt-PT\"},{\"@type\":\"Organization\",\"@id\":\"https:\/\/www.ghostysky.com\/#organization\",\"name\":\"Ghostysky\",\"url\":\"https:\/\/www.ghostysky.com\/\",\"logo\":{\"@type\":\"ImageObject\",\"inLanguage\":\"pt-PT\",\"@id\":\"https:\/\/www.ghostysky.com\/#\/schema\/logo\/image\/\",\"url\":\"https:\/\/www.ghostysky.com\/wp-content\/uploads\/2020\/06\/cropped-ghostyskylogo_text_white2.png\",\"contentUrl\":\"https:\/\/www.ghostysky.com\/wp-content\/uploads\/2020\/06\/cropped-ghostyskylogo_text_white2.png\",\"width\":169,\"height\":56,\"caption\":\"Ghostysky\"},\"image\":{\"@id\":\"https:\/\/www.ghostysky.com\/#\/schema\/logo\/image\/\"},\"sameAs\":[\"https:\/\/www.facebook.com\/people\/Ghostysky\/100057676170234\/\",\"https:\/\/x.com\/Gh0stysky\",\"https:\/\/www.linkedin.com\/company\/34739653\",\"https:\/\/www.instagram.com\/gh0stysky\"]}]}<\/script>\n<!-- \/ Yoast SEO plugin. -->","yoast_head_json":{"title":"Agrowing A7CR 61MP Quad - Ghostysky","description":"O Agrowing A7CR 61MP Quad \u00e9 um drone agr\u00edcola de \u00faltima gera\u00e7\u00e3o equipado com tecnologia de imagem avan\u00e7ada projetada para aprimorar as pr\u00e1ticas agr\u00edcolas de precis\u00e3o. Com um impressionante sensor de c\u00e2mera de 61 megapixels (MP), este drone oferece imagens a\u00e9reas incrivelmente detalhadas, permitindo que agricultores e agr\u00f4nomos monitorem de perto as colheitas, detectem problemas e tomem decis\u00f5es informadas.","robots":{"index":"index","follow":"follow","max-snippet":"max-snippet:-1","max-image-preview":"max-image-preview:large","max-video-preview":"max-video-preview:-1"},"canonical":"https:\/\/www.ghostysky.com\/pt\/produto-2\/agrowing-a7cr-61mp-quad\/","og_locale":"pt_PT","og_type":"article","og_title":"Agrowing A7CR 61MP Quad - Ghostysky","og_description":"The Agrowing A7CR 61MP Quad is a cutting-edge agricultural drone equipped with advanced imaging technology designed to enhance precision agriculture practices. With a staggering 61 megapixel (MP) camera sensor, this drone offers incredibly detailed aerial imagery, allowing farmers and agronomists to closely monitor crops, detect issues, and make informed decisions.","og_url":"https:\/\/www.ghostysky.com\/pt\/produto-2\/agrowing-a7cr-61mp-quad\/","og_site_name":"Ghostysky","article_publisher":"https:\/\/www.facebook.com\/people\/Ghostysky\/100057676170234\/","article_modified_time":"2024-10-22T01:57:55+00:00","og_image":[{"width":1164,"height":693,"url":"https:\/\/www.ghostysky.com\/wp-content\/uploads\/2024\/03\/GH_Agrowing-A7CR-61MP-Quad_1.jpg","type":"image\/jpeg"}],"twitter_card":"summary_large_image","twitter_site":"@Gh0stysky","twitter_misc":{"Tempo estimado de leitura":"2 minutos"},"schema":{"@context":"https:\/\/schema.org","@graph":[{"@type":"WebPage","@id":"https:\/\/www.ghostysky.com\/product\/agrowing-a7cr-61mp-quad\/","url":"https:\/\/www.ghostysky.com\/product\/agrowing-a7cr-61mp-quad\/","name":"Agrowing A7CR 61MP Quad - Ghostysky","isPartOf":{"@id":"https:\/\/www.ghostysky.com\/#website"},"primaryImageOfPage":{"@id":"https:\/\/www.ghostysky.com\/product\/agrowing-a7cr-61mp-quad\/#primaryimage"},"image":{"@id":"https:\/\/www.ghostysky.com\/product\/agrowing-a7cr-61mp-quad\/#primaryimage"},"thumbnailUrl":"https:\/\/www.ghostysky.com\/wp-content\/uploads\/2024\/03\/GH_Agrowing-A7CR-61MP-Quad_1.jpg","datePublished":"2024-03-11T13:56:30+00:00","dateModified":"2024-10-22T01:57:55+00:00","description":"O Agrowing A7CR 61MP Quad \u00e9 um drone agr\u00edcola de \u00faltima gera\u00e7\u00e3o equipado com tecnologia de imagem avan\u00e7ada projetada para aprimorar as pr\u00e1ticas agr\u00edcolas de precis\u00e3o. Com um impressionante sensor de c\u00e2mera de 61 megapixels (MP), este drone oferece imagens a\u00e9reas incrivelmente detalhadas, permitindo que agricultores e agr\u00f4nomos monitorem de perto as colheitas, detectem problemas e tomem decis\u00f5es informadas.","breadcrumb":{"@id":"https:\/\/www.ghostysky.com\/product\/agrowing-a7cr-61mp-quad\/#breadcrumb"},"inLanguage":"pt-PT","potentialAction":[{"@type":"ReadAction","target":["https:\/\/www.ghostysky.com\/product\/agrowing-a7cr-61mp-quad\/"]}]},{"@type":"ImageObject","inLanguage":"pt-PT","@id":"https:\/\/www.ghostysky.com\/product\/agrowing-a7cr-61mp-quad\/#primaryimage","url":"https:\/\/www.ghostysky.com\/wp-content\/uploads\/2024\/03\/GH_Agrowing-A7CR-61MP-Quad_1.jpg","contentUrl":"https:\/\/www.ghostysky.com\/wp-content\/uploads\/2024\/03\/GH_Agrowing-A7CR-61MP-Quad_1.jpg","width":1164,"height":693},{"@type":"BreadcrumbList","@id":"https:\/\/www.ghostysky.com\/product\/agrowing-a7cr-61mp-quad\/#breadcrumb","itemListElement":[{"@type":"ListItem","position":1,"name":"Home","item":"https:\/\/www.ghostysky.com\/"},{"@type":"ListItem","position":2,"name":"Shop","item":"https:\/\/www.ghostysky.com\/shop\/"},{"@type":"ListItem","position":3,"name":"Agrowing A7CR 61MP Quad"}]},{"@type":"WebSite","@id":"https:\/\/www.ghostysky.com\/#website","url":"https:\/\/www.ghostysky.com\/","name":"Ghostysky","description":"Fornecendo drones e servi\u00e7os profissionais","publisher":{"@id":"https:\/\/www.ghostysky.com\/#organization"},"potentialAction":[{"@type":"SearchAction","target":{"@type":"EntryPoint","urlTemplate":"https:\/\/www.ghostysky.com\/?s={search_term_string}"},"query-input":{"@type":"PropertyValueSpecification","valueRequired":true,"valueName":"search_term_string"}}],"inLanguage":"pt-PT"},{"@type":"Organization","@id":"https:\/\/www.ghostysky.com\/#organization","name":"Ghostysky","url":"https:\/\/www.ghostysky.com\/","logo":{"@type":"ImageObject","inLanguage":"pt-PT","@id":"https:\/\/www.ghostysky.com\/#\/schema\/logo\/image\/","url":"https:\/\/www.ghostysky.com\/wp-content\/uploads\/2020\/06\/cropped-ghostyskylogo_text_white2.png","contentUrl":"https:\/\/www.ghostysky.com\/wp-content\/uploads\/2020\/06\/cropped-ghostyskylogo_text_white2.png","width":169,"height":56,"caption":"Ghostysky"},"image":{"@id":"https:\/\/www.ghostysky.com\/#\/schema\/logo\/image\/"},"sameAs":["https:\/\/www.facebook.com\/people\/Ghostysky\/100057676170234\/","https:\/\/x.com\/Gh0stysky","https:\/\/www.linkedin.com\/company\/34739653","https:\/\/www.instagram.com\/gh0stysky"]}]}},"_links":{"self":[{"href":"https:\/\/www.ghostysky.com\/pt\/wp-json\/wp\/v2\/product\/17176","targetHints":{"allow":["GET"]}}],"collection":[{"href":"https:\/\/www.ghostysky.com\/pt\/wp-json\/wp\/v2\/product"}],"about":[{"href":"https:\/\/www.ghostysky.com\/pt\/wp-json\/wp\/v2\/types\/product"}],"replies":[{"embeddable":true,"href":"https:\/\/www.ghostysky.com\/pt\/wp-json\/wp\/v2\/comments?post=17176"}],"wp:featuredmedia":[{"embeddable":true,"href":"https:\/\/www.ghostysky.com\/pt\/wp-json\/wp\/v2\/media\/17177"}],"wp:attachment":[{"href":"https:\/\/www.ghostysky.com\/pt\/wp-json\/wp\/v2\/media?parent=17176"}],"wp:term":[{"taxonomy":"product_brand","embeddable":true,"href":"https:\/\/www.ghostysky.com\/pt\/wp-json\/wp\/v2\/product_brand?post=17176"},{"taxonomy":"product_cat","embeddable":true,"href":"https:\/\/www.ghostysky.com\/pt\/wp-json\/wp\/v2\/product_cat?post=17176"},{"taxonomy":"product_tag","embeddable":true,"href":"https:\/\/www.ghostysky.com\/pt\/wp-json\/wp\/v2\/product_tag?post=17176"}],"curies":[{"name":"wp","href":"https:\/\/api.w.org\/{rel}","templated":true}]}}