{"id":17180,"date":"2024-03-11T15:22:16","date_gmt":"2024-03-11T15:22:16","guid":{"rendered":"https:\/\/www.ghostysky.com\/?post_type=product&#038;p=17180"},"modified":"2024-11-16T01:04:10","modified_gmt":"2024-11-16T01:04:10","slug":"agrowing-33mp-quad","status":"publish","type":"product","link":"https:\/\/www.ghostysky.com\/pt\/product\/agrowing-33mp-quad\/","title":{"rendered":"Agrowing 33MP Quad"},"content":{"rendered":"<p>Equipado com quatro c\u00e2meras sincronizadas, o Agrowing 33MP Quad utiliza tecnologia de imagem avan\u00e7ada para fornecer cobertura abrangente e coleta de dados precisa. Sua configura\u00e7\u00e3o de c\u00e2mera qu\u00e1drupla permite a captura simult\u00e2nea de imagens RGB (vermelho, verde, azul) juntamente com bandas espectrais adicionais, como infravermelho pr\u00f3ximo (NIR), borda vermelha e multiespectral, permitindo aos usu\u00e1rios coletar informa\u00e7\u00f5es valiosas sobre a sa\u00fade das culturas, vegeta\u00e7\u00e3o an\u00e1lise e condi\u00e7\u00f5es ambientais.<\/p>\n<p>O sistema \u00e9 montado em uma plataforma a\u00e9rea est\u00e1vel, garantindo aquisi\u00e7\u00e3o de imagens est\u00e1vel e precisa, mesmo em condi\u00e7\u00f5es de voo desafiadoras. Oferece op\u00e7\u00f5es flex\u00edveis de integra\u00e7\u00e3o com v\u00e1rios ve\u00edculos a\u00e9reos n\u00e3o tripulados (UAVs) ou drones, proporcionando versatilidade e escalabilidade para atender \u00e0s necessidades espec\u00edficas de diferentes aplica\u00e7\u00f5es e ind\u00fastrias.<\/p>\n<p>Com seus recursos de imagem de alta resolu\u00e7\u00e3o e recursos avan\u00e7ados de an\u00e1lise espectral, o Agrowing 33MP Quad capacita os profissionais a tomar decis\u00f5es informadas, otimizar o gerenciamento de recursos e aumentar a produtividade em uma ampla gama de setores. Seja monitorando a sa\u00fade das culturas, avaliando mudan\u00e7as ambientais ou realizando tarefas de mapeamento de precis\u00e3o, esta solu\u00e7\u00e3o inovadora de imagens a\u00e9reas oferece desempenho confi\u00e1vel e insights acion\u00e1veis para melhorar a tomada de decis\u00f5es e a efici\u00eancia.<\/p>","protected":false},"excerpt":{"rendered":"<p>O Agrowing 33MP Quad \u00e9 um sistema de imagens a\u00e9reas de \u00faltima gera\u00e7\u00e3o projetado para aplica\u00e7\u00f5es profissionais como agricultura, monitoramento ambiental, levantamento topogr\u00e1fico e mapeamento. Com sua configura\u00e7\u00e3o avan\u00e7ada de c\u00e2mera qu\u00e1drupla, este dispositivo oferece recursos de imagem de alta resolu\u00e7\u00e3o, capturando imagens impressionantes de 33 megapixels com clareza e detalhes excepcionais.<\/p>\n<ul>\n<li>Mapeamento de 33 MP<\/li>\n<li>7 Megapixels por banda 10 bandas estreitas ou 9 + RG larga<\/li>\n<li>FWHM 30 nm por banda<\/li>\n<li>para Full Frame E-Mount para corpo de c\u00e2mera Sony A7CII modificado<\/li>\n<\/ul>","protected":false},"featured_media":17177,"comment_status":"open","ping_status":"closed","template":"","meta":[],"product_brand":[],"product_cat":[719,705],"product_tag":[724,720],"class_list":{"0":"post-17180","1":"product","2":"type-product","3":"status-publish","4":"has-post-thumbnail","6":"product_cat-agrowing","7":"product_cat-sensors","8":"product_tag-33mp-quad","9":"product_tag-agrowing","11":"first","12":"onbackorder","13":"taxable","14":"shipping-taxable","15":"product-type-simple"},"yoast_head":"<!-- This site is optimized with the Yoast SEO plugin v27.1.1 - https:\/\/yoast.com\/product\/yoast-seo-wordpress\/ -->\n<title>Agrowing 33MP Quad - Ghostysky<\/title>\n<meta name=\"description\" content=\"The Agrowing 33MP Quad is a cutting-edge aerial imaging system designed for professional applications such as agriculture, environmental monitoring, surveying, and mapping. With its advanced quad-camera setup, this device offers high-resolution imaging capabilities, capturing stunning 33-megapixel images with exceptional clarity and detail.\" \/>\n<meta name=\"robots\" content=\"index, follow, max-snippet:-1, max-image-preview:large, max-video-preview:-1\" \/>\n<link rel=\"canonical\" href=\"https:\/\/www.ghostysky.com\/pt\/produto-2\/agrowing-33mp-quad\/\" \/>\n<meta property=\"og:locale\" content=\"pt_PT\" \/>\n<meta property=\"og:type\" content=\"article\" \/>\n<meta property=\"og:title\" content=\"Agrowing 33MP Quad - Ghostysky\" \/>\n<meta property=\"og:description\" content=\"The Agrowing 33MP Quad is a cutting-edge aerial imaging system designed for professional applications such as agriculture, environmental monitoring, surveying, and mapping. With its advanced quad-camera setup, this device offers high-resolution imaging capabilities, capturing stunning 33-megapixel images with exceptional clarity and detail.\" \/>\n<meta property=\"og:url\" content=\"https:\/\/www.ghostysky.com\/pt\/produto-2\/agrowing-33mp-quad\/\" \/>\n<meta property=\"og:site_name\" content=\"Ghostysky\" \/>\n<meta property=\"article:publisher\" content=\"https:\/\/www.facebook.com\/people\/Ghostysky\/100057676170234\/\" \/>\n<meta property=\"article:modified_time\" content=\"2024-11-16T01:04:10+00:00\" \/>\n<meta property=\"og:image\" content=\"https:\/\/www.ghostysky.com\/wp-content\/uploads\/2024\/03\/GH_Agrowing-A7CR-61MP-Quad_1.jpg\" \/>\n\t<meta property=\"og:image:width\" content=\"1164\" \/>\n\t<meta property=\"og:image:height\" content=\"693\" \/>\n\t<meta property=\"og:image:type\" content=\"image\/jpeg\" \/>\n<meta name=\"twitter:card\" content=\"summary_large_image\" \/>\n<meta name=\"twitter:site\" content=\"@Gh0stysky\" \/>\n<meta name=\"twitter:label1\" content=\"Tempo estimado de leitura\" \/>\n\t<meta name=\"twitter:data1\" content=\"1 minuto\" \/>\n<script type=\"application\/ld+json\" class=\"yoast-schema-graph\">{\"@context\":\"https:\/\/schema.org\",\"@graph\":[{\"@type\":\"WebPage\",\"@id\":\"https:\/\/www.ghostysky.com\/product\/agrowing-33mp-quad\/\",\"url\":\"https:\/\/www.ghostysky.com\/product\/agrowing-33mp-quad\/\",\"name\":\"Agrowing 33MP Quad - Ghostysky\",\"isPartOf\":{\"@id\":\"https:\/\/www.ghostysky.com\/#website\"},\"primaryImageOfPage\":{\"@id\":\"https:\/\/www.ghostysky.com\/product\/agrowing-33mp-quad\/#primaryimage\"},\"image\":{\"@id\":\"https:\/\/www.ghostysky.com\/product\/agrowing-33mp-quad\/#primaryimage\"},\"thumbnailUrl\":\"https:\/\/www.ghostysky.com\/wp-content\/uploads\/2024\/03\/GH_Agrowing-A7CR-61MP-Quad_1.jpg\",\"datePublished\":\"2024-03-11T15:22:16+00:00\",\"dateModified\":\"2024-11-16T01:04:10+00:00\",\"description\":\"The Agrowing 33MP Quad is a cutting-edge aerial imaging system designed for professional applications such as agriculture, environmental monitoring, surveying, and mapping. With its advanced quad-camera setup, this device offers high-resolution imaging capabilities, capturing stunning 33-megapixel images with exceptional clarity and detail.\",\"breadcrumb\":{\"@id\":\"https:\/\/www.ghostysky.com\/product\/agrowing-33mp-quad\/#breadcrumb\"},\"inLanguage\":\"pt-PT\",\"potentialAction\":[{\"@type\":\"ReadAction\",\"target\":[\"https:\/\/www.ghostysky.com\/product\/agrowing-33mp-quad\/\"]}]},{\"@type\":\"ImageObject\",\"inLanguage\":\"pt-PT\",\"@id\":\"https:\/\/www.ghostysky.com\/product\/agrowing-33mp-quad\/#primaryimage\",\"url\":\"https:\/\/www.ghostysky.com\/wp-content\/uploads\/2024\/03\/GH_Agrowing-A7CR-61MP-Quad_1.jpg\",\"contentUrl\":\"https:\/\/www.ghostysky.com\/wp-content\/uploads\/2024\/03\/GH_Agrowing-A7CR-61MP-Quad_1.jpg\",\"width\":1164,\"height\":693},{\"@type\":\"BreadcrumbList\",\"@id\":\"https:\/\/www.ghostysky.com\/product\/agrowing-33mp-quad\/#breadcrumb\",\"itemListElement\":[{\"@type\":\"ListItem\",\"position\":1,\"name\":\"Home\",\"item\":\"https:\/\/www.ghostysky.com\/\"},{\"@type\":\"ListItem\",\"position\":2,\"name\":\"Shop\",\"item\":\"https:\/\/www.ghostysky.com\/shop\/\"},{\"@type\":\"ListItem\",\"position\":3,\"name\":\"Agrowing 33MP Quad\"}]},{\"@type\":\"WebSite\",\"@id\":\"https:\/\/www.ghostysky.com\/#website\",\"url\":\"https:\/\/www.ghostysky.com\/\",\"name\":\"Ghostysky\",\"description\":\"Delivering professional drones and services\",\"publisher\":{\"@id\":\"https:\/\/www.ghostysky.com\/#organization\"},\"potentialAction\":[{\"@type\":\"SearchAction\",\"target\":{\"@type\":\"EntryPoint\",\"urlTemplate\":\"https:\/\/www.ghostysky.com\/?s={search_term_string}\"},\"query-input\":{\"@type\":\"PropertyValueSpecification\",\"valueRequired\":true,\"valueName\":\"search_term_string\"}}],\"inLanguage\":\"pt-PT\"},{\"@type\":\"Organization\",\"@id\":\"https:\/\/www.ghostysky.com\/#organization\",\"name\":\"Ghostysky\",\"url\":\"https:\/\/www.ghostysky.com\/\",\"logo\":{\"@type\":\"ImageObject\",\"inLanguage\":\"pt-PT\",\"@id\":\"https:\/\/www.ghostysky.com\/#\/schema\/logo\/image\/\",\"url\":\"https:\/\/www.ghostysky.com\/wp-content\/uploads\/2020\/06\/cropped-ghostyskylogo_text_white2.png\",\"contentUrl\":\"https:\/\/www.ghostysky.com\/wp-content\/uploads\/2020\/06\/cropped-ghostyskylogo_text_white2.png\",\"width\":169,\"height\":56,\"caption\":\"Ghostysky\"},\"image\":{\"@id\":\"https:\/\/www.ghostysky.com\/#\/schema\/logo\/image\/\"},\"sameAs\":[\"https:\/\/www.facebook.com\/people\/Ghostysky\/100057676170234\/\",\"https:\/\/x.com\/Gh0stysky\",\"https:\/\/www.linkedin.com\/company\/34739653\",\"https:\/\/www.instagram.com\/gh0stysky\"]}]}<\/script>\n<!-- \/ Yoast SEO plugin. -->","yoast_head_json":{"title":"Quad crescente de 33 MP \u2013 Ghostysky","description":"O Agrowing 33MP Quad \u00e9 um sistema de imagens a\u00e9reas de \u00faltima gera\u00e7\u00e3o projetado para aplica\u00e7\u00f5es profissionais como agricultura, monitoramento ambiental, levantamento topogr\u00e1fico e mapeamento. Com sua configura\u00e7\u00e3o avan\u00e7ada de c\u00e2mera qu\u00e1drupla, este dispositivo oferece recursos de imagem de alta resolu\u00e7\u00e3o, capturando imagens impressionantes de 33 megapixels com clareza e detalhes excepcionais.","robots":{"index":"index","follow":"follow","max-snippet":"max-snippet:-1","max-image-preview":"max-image-preview:large","max-video-preview":"max-video-preview:-1"},"canonical":"https:\/\/www.ghostysky.com\/pt\/produto-2\/agrowing-33mp-quad\/","og_locale":"pt_PT","og_type":"article","og_title":"Agrowing 33MP Quad - Ghostysky","og_description":"The Agrowing 33MP Quad is a cutting-edge aerial imaging system designed for professional applications such as agriculture, environmental monitoring, surveying, and mapping. With its advanced quad-camera setup, this device offers high-resolution imaging capabilities, capturing stunning 33-megapixel images with exceptional clarity and detail.","og_url":"https:\/\/www.ghostysky.com\/pt\/produto-2\/agrowing-33mp-quad\/","og_site_name":"Ghostysky","article_publisher":"https:\/\/www.facebook.com\/people\/Ghostysky\/100057676170234\/","article_modified_time":"2024-11-16T01:04:10+00:00","og_image":[{"width":1164,"height":693,"url":"https:\/\/www.ghostysky.com\/wp-content\/uploads\/2024\/03\/GH_Agrowing-A7CR-61MP-Quad_1.jpg","type":"image\/jpeg"}],"twitter_card":"summary_large_image","twitter_site":"@Gh0stysky","twitter_misc":{"Tempo estimado de leitura":"1 minuto"},"schema":{"@context":"https:\/\/schema.org","@graph":[{"@type":"WebPage","@id":"https:\/\/www.ghostysky.com\/product\/agrowing-33mp-quad\/","url":"https:\/\/www.ghostysky.com\/product\/agrowing-33mp-quad\/","name":"Quad crescente de 33 MP \u2013 Ghostysky","isPartOf":{"@id":"https:\/\/www.ghostysky.com\/#website"},"primaryImageOfPage":{"@id":"https:\/\/www.ghostysky.com\/product\/agrowing-33mp-quad\/#primaryimage"},"image":{"@id":"https:\/\/www.ghostysky.com\/product\/agrowing-33mp-quad\/#primaryimage"},"thumbnailUrl":"https:\/\/www.ghostysky.com\/wp-content\/uploads\/2024\/03\/GH_Agrowing-A7CR-61MP-Quad_1.jpg","datePublished":"2024-03-11T15:22:16+00:00","dateModified":"2024-11-16T01:04:10+00:00","description":"O Agrowing 33MP Quad \u00e9 um sistema de imagens a\u00e9reas de \u00faltima gera\u00e7\u00e3o projetado para aplica\u00e7\u00f5es profissionais como agricultura, monitoramento ambiental, levantamento topogr\u00e1fico e mapeamento. Com sua configura\u00e7\u00e3o avan\u00e7ada de c\u00e2mera qu\u00e1drupla, este dispositivo oferece recursos de imagem de alta resolu\u00e7\u00e3o, capturando imagens impressionantes de 33 megapixels com clareza e detalhes excepcionais.","breadcrumb":{"@id":"https:\/\/www.ghostysky.com\/product\/agrowing-33mp-quad\/#breadcrumb"},"inLanguage":"pt-PT","potentialAction":[{"@type":"ReadAction","target":["https:\/\/www.ghostysky.com\/product\/agrowing-33mp-quad\/"]}]},{"@type":"ImageObject","inLanguage":"pt-PT","@id":"https:\/\/www.ghostysky.com\/product\/agrowing-33mp-quad\/#primaryimage","url":"https:\/\/www.ghostysky.com\/wp-content\/uploads\/2024\/03\/GH_Agrowing-A7CR-61MP-Quad_1.jpg","contentUrl":"https:\/\/www.ghostysky.com\/wp-content\/uploads\/2024\/03\/GH_Agrowing-A7CR-61MP-Quad_1.jpg","width":1164,"height":693},{"@type":"BreadcrumbList","@id":"https:\/\/www.ghostysky.com\/product\/agrowing-33mp-quad\/#breadcrumb","itemListElement":[{"@type":"ListItem","position":1,"name":"Home","item":"https:\/\/www.ghostysky.com\/"},{"@type":"ListItem","position":2,"name":"Shop","item":"https:\/\/www.ghostysky.com\/shop\/"},{"@type":"ListItem","position":3,"name":"Agrowing 33MP Quad"}]},{"@type":"WebSite","@id":"https:\/\/www.ghostysky.com\/#website","url":"https:\/\/www.ghostysky.com\/","name":"Ghostysky","description":"Fornecendo drones e servi\u00e7os profissionais","publisher":{"@id":"https:\/\/www.ghostysky.com\/#organization"},"potentialAction":[{"@type":"SearchAction","target":{"@type":"EntryPoint","urlTemplate":"https:\/\/www.ghostysky.com\/?s={search_term_string}"},"query-input":{"@type":"PropertyValueSpecification","valueRequired":true,"valueName":"search_term_string"}}],"inLanguage":"pt-PT"},{"@type":"Organization","@id":"https:\/\/www.ghostysky.com\/#organization","name":"Ghostysky","url":"https:\/\/www.ghostysky.com\/","logo":{"@type":"ImageObject","inLanguage":"pt-PT","@id":"https:\/\/www.ghostysky.com\/#\/schema\/logo\/image\/","url":"https:\/\/www.ghostysky.com\/wp-content\/uploads\/2020\/06\/cropped-ghostyskylogo_text_white2.png","contentUrl":"https:\/\/www.ghostysky.com\/wp-content\/uploads\/2020\/06\/cropped-ghostyskylogo_text_white2.png","width":169,"height":56,"caption":"Ghostysky"},"image":{"@id":"https:\/\/www.ghostysky.com\/#\/schema\/logo\/image\/"},"sameAs":["https:\/\/www.facebook.com\/people\/Ghostysky\/100057676170234\/","https:\/\/x.com\/Gh0stysky","https:\/\/www.linkedin.com\/company\/34739653","https:\/\/www.instagram.com\/gh0stysky"]}]}},"_links":{"self":[{"href":"https:\/\/www.ghostysky.com\/pt\/wp-json\/wp\/v2\/product\/17180","targetHints":{"allow":["GET"]}}],"collection":[{"href":"https:\/\/www.ghostysky.com\/pt\/wp-json\/wp\/v2\/product"}],"about":[{"href":"https:\/\/www.ghostysky.com\/pt\/wp-json\/wp\/v2\/types\/product"}],"replies":[{"embeddable":true,"href":"https:\/\/www.ghostysky.com\/pt\/wp-json\/wp\/v2\/comments?post=17180"}],"wp:featuredmedia":[{"embeddable":true,"href":"https:\/\/www.ghostysky.com\/pt\/wp-json\/wp\/v2\/media\/17177"}],"wp:attachment":[{"href":"https:\/\/www.ghostysky.com\/pt\/wp-json\/wp\/v2\/media?parent=17180"}],"wp:term":[{"taxonomy":"product_brand","embeddable":true,"href":"https:\/\/www.ghostysky.com\/pt\/wp-json\/wp\/v2\/product_brand?post=17180"},{"taxonomy":"product_cat","embeddable":true,"href":"https:\/\/www.ghostysky.com\/pt\/wp-json\/wp\/v2\/product_cat?post=17180"},{"taxonomy":"product_tag","embeddable":true,"href":"https:\/\/www.ghostysky.com\/pt\/wp-json\/wp\/v2\/product_tag?post=17180"}],"curies":[{"name":"wp","href":"https:\/\/api.w.org\/{rel}","templated":true}]}}