{"id":17195,"date":"2024-03-11T16:57:17","date_gmt":"2024-03-11T16:57:17","guid":{"rendered":"https:\/\/www.ghostysky.com\/?post_type=product&#038;p=17195"},"modified":"2024-10-28T04:15:51","modified_gmt":"2024-10-28T04:15:51","slug":"topodrone-61-sextupleir","status":"publish","type":"product","link":"https:\/\/www.ghostysky.com\/pt\/product\/topodrone-61-sextupleir\/","title":{"rendered":"TOPODRONE 61 S\u00eaxtuplo+IR"},"content":{"rendered":"<div class=\"flex-1 overflow-hidden\">\n<div class=\"react-scroll-to-bottom--css-muogh-79elbk h-full\">\n<div class=\"react-scroll-to-bottom--css-muogh-1n7m0yu\">\n<div class=\"flex flex-col text-sm pb-9\">\n<div class=\"w-full text-token-text-primary\" data-testid=\"conversation-turn-3\">\n<div class=\"px-4 py-2 justify-center text-base md:gap-6 m-auto\">\n<div class=\"flex flex-1 text-base mx-auto gap-3 md:px-5 lg:px-1 xl:px-5 md:max-w-3xl lg:max-w-[40rem] xl:max-w-[48rem] group final-completion\">\n<div class=\"relative flex w-full flex-col agent-turn\">\n<div class=\"flex-col gap-1 md:gap-3\">\n<div class=\"flex flex-grow flex-col max-w-full\">\n<div class=\"min-h-[20px] text-message flex flex-col items-start gap-3 whitespace-pre-wrap break-words [.text-message+&amp;]:mt-5 overflow-x-auto\" data-message-author-role=\"assistant\" data-message-id=\"4e09864f-8b03-4d0b-84c8-6a8a941d6363\">\n<div class=\"markdown prose w-full break-words dark:prose-invert dark\">\n<p>Equipped with state-of-the-art imaging technology, TOPODRONE 61 Sextuple+IR offers unparalleled accuracy and efficiency in capturing aerial imagery for applications such as land surveying, mapping, agriculture, environmental monitoring, and infrastructure inspection. The sextuple camera configuration ensures wide coverage and high-resolution imagery, while the IR capabilities enable thermal imaging for detecting anomalies and assessing thermal profiles of objects and landscapes.<\/p>\n<p>This drone system is engineered for versatility and reliability, featuring advanced flight control systems and durable construction to withstand challenging operating environments. With its ability to capture multi-spectral and thermal data simultaneously, TOPODRONE 61 Sextuple+IR empowers professionals across various industries to gain valuable insights and make informed decisions based on comprehensive aerial intelligence.<\/p>\n<h3>Technical Specification<\/h3>\n<\/div>\n<\/div>\n<\/div>\n<\/div>\n<\/div>\n<\/div>\n<\/div>\n<\/div>\n<\/div>\n<\/div>\n<\/div>\n<\/div>\n<div class=\"w-full pt-2 md:pt-0 dark:border-white\/20 md:border-transparent md:dark:border-transparent md:w-[calc(100%-.5rem)]\">\n<form class=\"stretch mx-2 flex flex-row gap-3 last:mb-2 md:mx-4 md:last:mb-6 lg:mx-auto lg:max-w-2xl xl:max-w-3xl\">\n<div class=\"relative flex h-full flex-1 flex-col\">\n<div class=\"flex w-full items-center\">\n<ul>\n<li><strong>Type<\/strong>: DJI Matrice 300<\/li>\n<li><strong>Dual purpose<\/strong>: Dual Purpose (RGB\/Multispectral) sensor; Multispectral based on Panchromatic with Agrowing lens; RGB with Clip-In IR-Cut filter<\/li>\n<li><strong>Spectral bands<\/strong>: 5 with Dual lens; 10 with Quad lens; 14 with a Sextuple lens; Plug and Play PSDK<\/li>\n<\/ul>\n<p>&nbsp;<\/p>\n<\/div>\n<\/div>\n<p><a href=\"https:\/\/www.ghostysky.com\/wp-content\/uploads\/2024\/03\/GH_TOPO-Quad-plus-IR-768x536_Desc1.jpg\"><img fetchpriority=\"high\" decoding=\"async\" class=\"alignnone size-full wp-image-17198 lazyload\" src=\"data:image\/gif;base64,R0lGODlhAQABAAAAACH5BAEKAAEALAAAAAABAAEAAAICTAEAOw==\" alt=\"\" width=\"537\" height=\"313\" data-src=\"https:\/\/www.ghostysky.com\/wp-content\/uploads\/2024\/03\/GH_TOPO-Quad-plus-IR-768x536_Desc1.jpg\"><\/a><\/p>\n<p><a href=\"https:\/\/www.ghostysky.com\/wp-content\/uploads\/2024\/03\/GH_TOPO-Quad-plus-IR-768x536_Desc2.jpg\"><img decoding=\"async\" class=\"alignnone size-full wp-image-17197 lazyload\" src=\"data:image\/gif;base64,R0lGODlhAQABAAAAACH5BAEKAAEALAAAAAABAAEAAAICTAEAOw==\" alt=\"\" width=\"561\" height=\"317\" data-src=\"https:\/\/www.ghostysky.com\/wp-content\/uploads\/2024\/03\/GH_TOPO-Quad-plus-IR-768x536_Desc2.jpg\"><\/a><\/p>\n<div class=\"relative flex h-full flex-1 flex-col\">\n<div class=\"flex w-full items-center\">\n<p>&nbsp;<\/p>\n<\/div>\n<\/div>\n<\/form>\n<\/div>\n","protected":false},"excerpt":{"rendered":"<p>TOPODRONE 61 Sextuple+IR \u00e9 um sistema de drone de \u00faltima gera\u00e7\u00e3o projetado para imagens a\u00e9reas avan\u00e7adas e tarefas de levantamento. Esta sofisticada plataforma de drones integra seis c\u00e2meras de alta resolu\u00e7\u00e3o juntamente com recursos de imagem infravermelha (IR), proporcionando cobertura abrangente e coleta de dados detalhada em diversas condi\u00e7\u00f5es ambientais.<\/p>\n<ul>\n<li>Mapeamento de 61 MP<\/li>\n<li>12 megapixels por banda 14 bandas estreitas ou 9 + RGB amplo<\/li>\n<li>FWHM 30nm por banda<\/li>\n<li>Sony E-Mount A7Riv + HVGA\/VGA IR reembalado modoificado<\/li>\n<\/ul>","protected":false},"featured_media":17196,"comment_status":"open","ping_status":"closed","template":"","meta":[],"product_brand":[],"product_cat":[719,705],"product_tag":[727,726],"class_list":{"0":"post-17195","1":"product","2":"type-product","3":"status-publish","4":"has-post-thumbnail","6":"product_cat-agrowing","7":"product_cat-sensors","8":"product_tag-61-sextupleir","9":"product_tag-topodrone","11":"first","12":"onbackorder","13":"taxable","14":"shipping-taxable","15":"product-type-simple"},"yoast_head":"<!-- This site is optimized with the Yoast SEO plugin v27.4 - https:\/\/yoast.com\/product\/yoast-seo-wordpress\/ -->\n<title>TOPODRONE 61 Sextuple+IR - Ghostysky<\/title>\n<meta name=\"description\" content=\"TOPODRONE 61 Sextuple+IR is a cutting-edge drone system designed for advanced aerial imaging and surveying tasks. This sophisticated drone platform integrates six high-resolution cameras along with infrared (IR) imaging capabilities, providing comprehensive coverage and detailed data collection in various environmental conditions.\" \/>\n<meta name=\"robots\" content=\"index, follow, max-snippet:-1, max-image-preview:large, max-video-preview:-1\" \/>\n<link rel=\"canonical\" href=\"https:\/\/www.ghostysky.com\/pt\/produto-2\/topodrone-61-sextupleir\/\" \/>\n<meta property=\"og:locale\" content=\"pt_PT\" \/>\n<meta property=\"og:type\" content=\"article\" \/>\n<meta property=\"og:title\" content=\"TOPODRONE 61 Sextuple+IR - Ghostysky\" \/>\n<meta property=\"og:description\" content=\"TOPODRONE 61 Sextuple+IR is a cutting-edge drone system designed for advanced aerial imaging and surveying tasks. This sophisticated drone platform integrates six high-resolution cameras along with infrared (IR) imaging capabilities, providing comprehensive coverage and detailed data collection in various environmental conditions.\" \/>\n<meta property=\"og:url\" content=\"https:\/\/www.ghostysky.com\/pt\/produto-2\/topodrone-61-sextupleir\/\" \/>\n<meta property=\"og:site_name\" content=\"Ghostysky\" \/>\n<meta property=\"article:publisher\" content=\"https:\/\/www.facebook.com\/people\/Ghostysky\/100057676170234\/\" \/>\n<meta property=\"article:modified_time\" content=\"2024-10-28T04:15:51+00:00\" \/>\n<meta property=\"og:image\" content=\"https:\/\/www.ghostysky.com\/wp-content\/uploads\/2024\/03\/GH_TOPO-Quad-plus-IR-768x536-1.jpg\" \/>\n\t<meta property=\"og:image:width\" content=\"768\" \/>\n\t<meta property=\"og:image:height\" content=\"536\" \/>\n\t<meta property=\"og:image:type\" content=\"image\/jpeg\" \/>\n<meta name=\"twitter:card\" content=\"summary_large_image\" \/>\n<meta name=\"twitter:site\" content=\"@Gh0stysky\" \/>\n<meta name=\"twitter:label1\" content=\"Tempo estimado de leitura\" \/>\n\t<meta name=\"twitter:data1\" content=\"2 minutos\" \/>\n<script type=\"application\/ld+json\" class=\"yoast-schema-graph\">{\"@context\":\"https:\\\/\\\/schema.org\",\"@graph\":[{\"@type\":\"WebPage\",\"@id\":\"https:\\\/\\\/www.ghostysky.com\\\/product\\\/topodrone-61-sextupleir\\\/\",\"url\":\"https:\\\/\\\/www.ghostysky.com\\\/product\\\/topodrone-61-sextupleir\\\/\",\"name\":\"TOPODRONE 61 Sextuple+IR - Ghostysky\",\"isPartOf\":{\"@id\":\"https:\\\/\\\/www.ghostysky.com\\\/#website\"},\"primaryImageOfPage\":{\"@id\":\"https:\\\/\\\/www.ghostysky.com\\\/product\\\/topodrone-61-sextupleir\\\/#primaryimage\"},\"image\":{\"@id\":\"https:\\\/\\\/www.ghostysky.com\\\/product\\\/topodrone-61-sextupleir\\\/#primaryimage\"},\"thumbnailUrl\":\"https:\\\/\\\/www.ghostysky.com\\\/wp-content\\\/uploads\\\/2024\\\/03\\\/GH_TOPO-Quad-plus-IR-768x536-1.jpg\",\"datePublished\":\"2024-03-11T16:57:17+00:00\",\"dateModified\":\"2024-10-28T04:15:51+00:00\",\"description\":\"TOPODRONE 61 Sextuple+IR is a cutting-edge drone system designed for advanced aerial imaging and surveying tasks. This sophisticated drone platform integrates six high-resolution cameras along with infrared (IR) imaging capabilities, providing comprehensive coverage and detailed data collection in various environmental conditions.\",\"breadcrumb\":{\"@id\":\"https:\\\/\\\/www.ghostysky.com\\\/product\\\/topodrone-61-sextupleir\\\/#breadcrumb\"},\"inLanguage\":\"pt-PT\",\"potentialAction\":[{\"@type\":\"ReadAction\",\"target\":[\"https:\\\/\\\/www.ghostysky.com\\\/product\\\/topodrone-61-sextupleir\\\/\"]}]},{\"@type\":\"ImageObject\",\"inLanguage\":\"pt-PT\",\"@id\":\"https:\\\/\\\/www.ghostysky.com\\\/product\\\/topodrone-61-sextupleir\\\/#primaryimage\",\"url\":\"https:\\\/\\\/www.ghostysky.com\\\/wp-content\\\/uploads\\\/2024\\\/03\\\/GH_TOPO-Quad-plus-IR-768x536-1.jpg\",\"contentUrl\":\"https:\\\/\\\/www.ghostysky.com\\\/wp-content\\\/uploads\\\/2024\\\/03\\\/GH_TOPO-Quad-plus-IR-768x536-1.jpg\",\"width\":768,\"height\":536},{\"@type\":\"BreadcrumbList\",\"@id\":\"https:\\\/\\\/www.ghostysky.com\\\/product\\\/topodrone-61-sextupleir\\\/#breadcrumb\",\"itemListElement\":[{\"@type\":\"ListItem\",\"position\":1,\"name\":\"Home\",\"item\":\"https:\\\/\\\/www.ghostysky.com\\\/\"},{\"@type\":\"ListItem\",\"position\":2,\"name\":\"Shop\",\"item\":\"https:\\\/\\\/www.ghostysky.com\\\/shop\\\/\"},{\"@type\":\"ListItem\",\"position\":3,\"name\":\"TOPODRONE 61 Sextuple+IR\"}]},{\"@type\":\"WebSite\",\"@id\":\"https:\\\/\\\/www.ghostysky.com\\\/#website\",\"url\":\"https:\\\/\\\/www.ghostysky.com\\\/\",\"name\":\"Ghostysky\",\"description\":\"Delivering professional drones and robotics solutions\",\"publisher\":{\"@id\":\"https:\\\/\\\/www.ghostysky.com\\\/#organization\"},\"potentialAction\":[{\"@type\":\"SearchAction\",\"target\":{\"@type\":\"EntryPoint\",\"urlTemplate\":\"https:\\\/\\\/www.ghostysky.com\\\/?s={search_term_string}\"},\"query-input\":{\"@type\":\"PropertyValueSpecification\",\"valueRequired\":true,\"valueName\":\"search_term_string\"}}],\"inLanguage\":\"pt-PT\"},{\"@type\":\"Organization\",\"@id\":\"https:\\\/\\\/www.ghostysky.com\\\/#organization\",\"name\":\"Ghostysky\",\"url\":\"https:\\\/\\\/www.ghostysky.com\\\/\",\"logo\":{\"@type\":\"ImageObject\",\"inLanguage\":\"pt-PT\",\"@id\":\"https:\\\/\\\/www.ghostysky.com\\\/#\\\/schema\\\/logo\\\/image\\\/\",\"url\":\"https:\\\/\\\/www.ghostysky.com\\\/wp-content\\\/uploads\\\/2020\\\/06\\\/cropped-ghostyskylogo_text_white2.png\",\"contentUrl\":\"https:\\\/\\\/www.ghostysky.com\\\/wp-content\\\/uploads\\\/2020\\\/06\\\/cropped-ghostyskylogo_text_white2.png\",\"width\":169,\"height\":56,\"caption\":\"Ghostysky\"},\"image\":{\"@id\":\"https:\\\/\\\/www.ghostysky.com\\\/#\\\/schema\\\/logo\\\/image\\\/\"},\"sameAs\":[\"https:\\\/\\\/www.facebook.com\\\/people\\\/Ghostysky\\\/100057676170234\\\/\",\"https:\\\/\\\/x.com\\\/Gh0stysky\",\"https:\\\/\\\/www.linkedin.com\\\/company\\\/34739653\",\"https:\\\/\\\/www.instagram.com\\\/gh0stysky\"]}]}<\/script>\n<!-- \/ Yoast SEO plugin. -->","yoast_head_json":{"title":"TOPODRONE 61 S\u00eaxtuplo+IR - Ghostysky","description":"TOPODRONE 61 Sextuple+IR \u00e9 um sistema de drone de \u00faltima gera\u00e7\u00e3o projetado para imagens a\u00e9reas avan\u00e7adas e tarefas de levantamento. Esta sofisticada plataforma de drones integra seis c\u00e2meras de alta resolu\u00e7\u00e3o juntamente com recursos de imagem infravermelha (IR), proporcionando cobertura abrangente e coleta de dados detalhada em diversas condi\u00e7\u00f5es ambientais.","robots":{"index":"index","follow":"follow","max-snippet":"max-snippet:-1","max-image-preview":"max-image-preview:large","max-video-preview":"max-video-preview:-1"},"canonical":"https:\/\/www.ghostysky.com\/pt\/produto-2\/topodrone-61-sextupleir\/","og_locale":"pt_PT","og_type":"article","og_title":"TOPODRONE 61 Sextuple+IR - Ghostysky","og_description":"TOPODRONE 61 Sextuple+IR is a cutting-edge drone system designed for advanced aerial imaging and surveying tasks. This sophisticated drone platform integrates six high-resolution cameras along with infrared (IR) imaging capabilities, providing comprehensive coverage and detailed data collection in various environmental conditions.","og_url":"https:\/\/www.ghostysky.com\/pt\/produto-2\/topodrone-61-sextupleir\/","og_site_name":"Ghostysky","article_publisher":"https:\/\/www.facebook.com\/people\/Ghostysky\/100057676170234\/","article_modified_time":"2024-10-28T04:15:51+00:00","og_image":[{"width":768,"height":536,"url":"https:\/\/www.ghostysky.com\/wp-content\/uploads\/2024\/03\/GH_TOPO-Quad-plus-IR-768x536-1.jpg","type":"image\/jpeg"}],"twitter_card":"summary_large_image","twitter_site":"@Gh0stysky","twitter_misc":{"Tempo estimado de leitura":"2 minutos"},"schema":{"@context":"https:\/\/schema.org","@graph":[{"@type":"WebPage","@id":"https:\/\/www.ghostysky.com\/product\/topodrone-61-sextupleir\/","url":"https:\/\/www.ghostysky.com\/product\/topodrone-61-sextupleir\/","name":"TOPODRONE 61 S\u00eaxtuplo+IR - Ghostysky","isPartOf":{"@id":"https:\/\/www.ghostysky.com\/#website"},"primaryImageOfPage":{"@id":"https:\/\/www.ghostysky.com\/product\/topodrone-61-sextupleir\/#primaryimage"},"image":{"@id":"https:\/\/www.ghostysky.com\/product\/topodrone-61-sextupleir\/#primaryimage"},"thumbnailUrl":"https:\/\/www.ghostysky.com\/wp-content\/uploads\/2024\/03\/GH_TOPO-Quad-plus-IR-768x536-1.jpg","datePublished":"2024-03-11T16:57:17+00:00","dateModified":"2024-10-28T04:15:51+00:00","description":"TOPODRONE 61 Sextuple+IR \u00e9 um sistema de drone de \u00faltima gera\u00e7\u00e3o projetado para imagens a\u00e9reas avan\u00e7adas e tarefas de levantamento. Esta sofisticada plataforma de drones integra seis c\u00e2meras de alta resolu\u00e7\u00e3o juntamente com recursos de imagem infravermelha (IR), proporcionando cobertura abrangente e coleta de dados detalhada em diversas condi\u00e7\u00f5es ambientais.","breadcrumb":{"@id":"https:\/\/www.ghostysky.com\/product\/topodrone-61-sextupleir\/#breadcrumb"},"inLanguage":"pt-PT","potentialAction":[{"@type":"ReadAction","target":["https:\/\/www.ghostysky.com\/product\/topodrone-61-sextupleir\/"]}]},{"@type":"ImageObject","inLanguage":"pt-PT","@id":"https:\/\/www.ghostysky.com\/product\/topodrone-61-sextupleir\/#primaryimage","url":"https:\/\/www.ghostysky.com\/wp-content\/uploads\/2024\/03\/GH_TOPO-Quad-plus-IR-768x536-1.jpg","contentUrl":"https:\/\/www.ghostysky.com\/wp-content\/uploads\/2024\/03\/GH_TOPO-Quad-plus-IR-768x536-1.jpg","width":768,"height":536},{"@type":"BreadcrumbList","@id":"https:\/\/www.ghostysky.com\/product\/topodrone-61-sextupleir\/#breadcrumb","itemListElement":[{"@type":"ListItem","position":1,"name":"Home","item":"https:\/\/www.ghostysky.com\/"},{"@type":"ListItem","position":2,"name":"Shop","item":"https:\/\/www.ghostysky.com\/shop\/"},{"@type":"ListItem","position":3,"name":"TOPODRONE 61 Sextuple+IR"}]},{"@type":"WebSite","@id":"https:\/\/www.ghostysky.com\/#website","url":"https:\/\/www.ghostysky.com\/","name":"Ghostysky","description":"Fornecendo solu\u00e7\u00f5es profissionais em drones e rob\u00f3tica.","publisher":{"@id":"https:\/\/www.ghostysky.com\/#organization"},"potentialAction":[{"@type":"SearchAction","target":{"@type":"EntryPoint","urlTemplate":"https:\/\/www.ghostysky.com\/?s={search_term_string}"},"query-input":{"@type":"PropertyValueSpecification","valueRequired":true,"valueName":"search_term_string"}}],"inLanguage":"pt-PT"},{"@type":"Organization","@id":"https:\/\/www.ghostysky.com\/#organization","name":"Ghostysky","url":"https:\/\/www.ghostysky.com\/","logo":{"@type":"ImageObject","inLanguage":"pt-PT","@id":"https:\/\/www.ghostysky.com\/#\/schema\/logo\/image\/","url":"https:\/\/www.ghostysky.com\/wp-content\/uploads\/2020\/06\/cropped-ghostyskylogo_text_white2.png","contentUrl":"https:\/\/www.ghostysky.com\/wp-content\/uploads\/2020\/06\/cropped-ghostyskylogo_text_white2.png","width":169,"height":56,"caption":"Ghostysky"},"image":{"@id":"https:\/\/www.ghostysky.com\/#\/schema\/logo\/image\/"},"sameAs":["https:\/\/www.facebook.com\/people\/Ghostysky\/100057676170234\/","https:\/\/x.com\/Gh0stysky","https:\/\/www.linkedin.com\/company\/34739653","https:\/\/www.instagram.com\/gh0stysky"]}]}},"_links":{"self":[{"href":"https:\/\/www.ghostysky.com\/pt\/wp-json\/wp\/v2\/product\/17195","targetHints":{"allow":["GET"]}}],"collection":[{"href":"https:\/\/www.ghostysky.com\/pt\/wp-json\/wp\/v2\/product"}],"about":[{"href":"https:\/\/www.ghostysky.com\/pt\/wp-json\/wp\/v2\/types\/product"}],"replies":[{"embeddable":true,"href":"https:\/\/www.ghostysky.com\/pt\/wp-json\/wp\/v2\/comments?post=17195"}],"version-history":[{"count":0,"href":"https:\/\/www.ghostysky.com\/pt\/wp-json\/wp\/v2\/product\/17195\/revisions"}],"wp:featuredmedia":[{"embeddable":true,"href":"https:\/\/www.ghostysky.com\/pt\/wp-json\/wp\/v2\/media\/17196"}],"wp:attachment":[{"href":"https:\/\/www.ghostysky.com\/pt\/wp-json\/wp\/v2\/media?parent=17195"}],"wp:term":[{"taxonomy":"product_brand","embeddable":true,"href":"https:\/\/www.ghostysky.com\/pt\/wp-json\/wp\/v2\/product_brand?post=17195"},{"taxonomy":"product_cat","embeddable":true,"href":"https:\/\/www.ghostysky.com\/pt\/wp-json\/wp\/v2\/product_cat?post=17195"},{"taxonomy":"product_tag","embeddable":true,"href":"https:\/\/www.ghostysky.com\/pt\/wp-json\/wp\/v2\/product_tag?post=17195"}],"curies":[{"name":"wp","href":"https:\/\/api.w.org\/{rel}","templated":true}]}}