{"id":17216,"date":"2024-03-14T18:02:27","date_gmt":"2024-03-14T18:02:27","guid":{"rendered":"https:\/\/www.ghostysky.com\/?post_type=product&#038;p=17216"},"modified":"2025-11-26T15:35:51","modified_gmt":"2025-11-26T15:35:51","slug":"yuneec-h850-propellers-1x","status":"publish","type":"product","link":"https:\/\/www.ghostysky.com\/pt\/product\/yuneec-h850-propellers-1x\/","title":{"rendered":"H\u00e9lices Yuneec H850 (1x)"},"content":{"rendered":"<p>Apresentando um design aerodin\u00e2mico avan\u00e7ado, essas h\u00e9lices s\u00e3o otimizadas para m\u00e1xima efici\u00eancia, proporcionando maior empuxo e minimizando o consumo de energia. Esteja voc\u00ea capturando imagens a\u00e9reas de tirar o f\u00f4lego ou embarcando em manobras a\u00e9reas emocionantes, as h\u00e9lices Yuneec H850 oferecem confiabilidade e capacidade de resposta incompar\u00e1veis.<\/p>\n<p>Projetadas para f\u00e1cil instala\u00e7\u00e3o e compatibilidade com o hexac\u00f3ptero Yuneec H850, essas h\u00e9lices apresentam um ajuste perfeito e uma configura\u00e7\u00e3o descomplicada, permitindo que voc\u00ea gaste menos tempo se preparando e mais tempo voando. Projetados para suportar os rigores de voos de alta velocidade e condi\u00e7\u00f5es clim\u00e1ticas adversas, eles s\u00e3o constru\u00eddos para durar, garantindo desempenho duradouro e tranquilidade.<\/p>\n<p>Quer voc\u00ea seja um fot\u00f3grafo a\u00e9reo profissional, cinegrafista ou um entusiasta em busca da melhor experi\u00eancia de voo, as h\u00e9lices Yuneec H850 elevam suas aventuras com drones a novos patamares, proporcionando precis\u00e3o, estabilidade e desempenho incompar\u00e1veis em cada voo. Experimente a diferen\u00e7a com as h\u00e9lices Yuneec H850 e libere todo o potencial de seus empreendimentos a\u00e9reos.<\/p>","protected":false},"excerpt":{"rendered":"<p>Eleve suas aventuras a\u00e9reas com as h\u00e9lices Yuneec H850, meticulosamente projetadas para oferecer desempenho e durabilidade ideais para seu hexac\u00f3ptero Yuneec H850. Fabricadas com materiais de n\u00edvel aeroespacial e engenharia de precis\u00e3o, essas h\u00e9lices garantem voos suaves e est\u00e1veis em cada decolagem.<\/p>","protected":false},"featured_media":17217,"comment_status":"open","ping_status":"closed","template":"","meta":[],"product_brand":[1309],"product_cat":[119,29,118],"product_tag":[389,168,121,540],"class_list":{"0":"post-17216","1":"product","2":"type-product","3":"status-publish","4":"has-post-thumbnail","6":"product_brand-yuneec","7":"product_cat-yuneec-accessories","8":"product_cat-drones","9":"product_cat-yuneec","10":"product_tag-h850","11":"product_tag-propellers","12":"product_tag-yuneec","13":"product_tag-yuneec-h850-rtk","15":"first","16":"onbackorder","17":"taxable","18":"shipping-taxable","19":"purchasable","20":"product-type-simple"},"yoast_head":"<!-- This site is optimized with the Yoast SEO plugin v27.1.1 - https:\/\/yoast.com\/product\/yoast-seo-wordpress\/ -->\n<title>Yuneec H850 Propellers (1x) - Ghostysky<\/title>\n<meta name=\"description\" content=\"Elevate your aerial adventures with the Yuneec H850 Propellers, meticulously designed to deliver optimal performance and durability for your Yuneec H850 hexacopter. Crafted with aerospace-grade materials and precision engineering, these propellers ensure smooth, stable flights with every takeoff.\" \/>\n<meta name=\"robots\" content=\"index, follow, max-snippet:-1, max-image-preview:large, max-video-preview:-1\" \/>\n<link rel=\"canonical\" href=\"https:\/\/www.ghostysky.com\/pt\/produto-2\/yuneec-h850-propellers-1x\/\" \/>\n<meta property=\"og:locale\" content=\"pt_PT\" \/>\n<meta property=\"og:type\" content=\"article\" \/>\n<meta property=\"og:title\" content=\"Yuneec H850 Propellers (1x) - Ghostysky\" \/>\n<meta property=\"og:description\" content=\"Elevate your aerial adventures with the Yuneec H850 Propellers, meticulously designed to deliver optimal performance and durability for your Yuneec H850 hexacopter. Crafted with aerospace-grade materials and precision engineering, these propellers ensure smooth, stable flights with every takeoff.\" \/>\n<meta property=\"og:url\" content=\"https:\/\/www.ghostysky.com\/pt\/produto-2\/yuneec-h850-propellers-1x\/\" \/>\n<meta property=\"og:site_name\" content=\"Ghostysky\" \/>\n<meta property=\"article:publisher\" content=\"https:\/\/www.facebook.com\/people\/Ghostysky\/100057676170234\/\" \/>\n<meta property=\"article:modified_time\" content=\"2025-11-26T15:35:51+00:00\" \/>\n<meta property=\"og:image\" content=\"https:\/\/www.ghostysky.com\/wp-content\/uploads\/2024\/03\/GH_H850_propellers.jpg\" \/>\n\t<meta property=\"og:image:width\" content=\"750\" \/>\n\t<meta property=\"og:image:height\" content=\"525\" \/>\n\t<meta property=\"og:image:type\" content=\"image\/jpeg\" \/>\n<meta name=\"twitter:card\" content=\"summary_large_image\" \/>\n<meta name=\"twitter:site\" content=\"@Gh0stysky\" \/>\n<meta name=\"twitter:label1\" content=\"Tempo estimado de leitura\" \/>\n\t<meta name=\"twitter:data1\" content=\"1 minuto\" \/>\n<script type=\"application\/ld+json\" class=\"yoast-schema-graph\">{\"@context\":\"https:\/\/schema.org\",\"@graph\":[{\"@type\":\"WebPage\",\"@id\":\"https:\/\/www.ghostysky.com\/product\/yuneec-h850-propellers-1x\/\",\"url\":\"https:\/\/www.ghostysky.com\/product\/yuneec-h850-propellers-1x\/\",\"name\":\"Yuneec H850 Propellers (1x) - Ghostysky\",\"isPartOf\":{\"@id\":\"https:\/\/www.ghostysky.com\/#website\"},\"primaryImageOfPage\":{\"@id\":\"https:\/\/www.ghostysky.com\/product\/yuneec-h850-propellers-1x\/#primaryimage\"},\"image\":{\"@id\":\"https:\/\/www.ghostysky.com\/product\/yuneec-h850-propellers-1x\/#primaryimage\"},\"thumbnailUrl\":\"https:\/\/www.ghostysky.com\/wp-content\/uploads\/2024\/03\/GH_H850_propellers.jpg\",\"datePublished\":\"2024-03-14T18:02:27+00:00\",\"dateModified\":\"2025-11-26T15:35:51+00:00\",\"description\":\"Elevate your aerial adventures with the Yuneec H850 Propellers, meticulously designed to deliver optimal performance and durability for your Yuneec H850 hexacopter. Crafted with aerospace-grade materials and precision engineering, these propellers ensure smooth, stable flights with every takeoff.\",\"breadcrumb\":{\"@id\":\"https:\/\/www.ghostysky.com\/product\/yuneec-h850-propellers-1x\/#breadcrumb\"},\"inLanguage\":\"pt-PT\",\"potentialAction\":[{\"@type\":\"ReadAction\",\"target\":[\"https:\/\/www.ghostysky.com\/product\/yuneec-h850-propellers-1x\/\"]}]},{\"@type\":\"ImageObject\",\"inLanguage\":\"pt-PT\",\"@id\":\"https:\/\/www.ghostysky.com\/product\/yuneec-h850-propellers-1x\/#primaryimage\",\"url\":\"https:\/\/www.ghostysky.com\/wp-content\/uploads\/2024\/03\/GH_H850_propellers.jpg\",\"contentUrl\":\"https:\/\/www.ghostysky.com\/wp-content\/uploads\/2024\/03\/GH_H850_propellers.jpg\",\"width\":750,\"height\":525},{\"@type\":\"BreadcrumbList\",\"@id\":\"https:\/\/www.ghostysky.com\/product\/yuneec-h850-propellers-1x\/#breadcrumb\",\"itemListElement\":[{\"@type\":\"ListItem\",\"position\":1,\"name\":\"Home\",\"item\":\"https:\/\/www.ghostysky.com\/\"},{\"@type\":\"ListItem\",\"position\":2,\"name\":\"Shop\",\"item\":\"https:\/\/www.ghostysky.com\/shop\/\"},{\"@type\":\"ListItem\",\"position\":3,\"name\":\"Yuneec H850 Propellers (1x)\"}]},{\"@type\":\"WebSite\",\"@id\":\"https:\/\/www.ghostysky.com\/#website\",\"url\":\"https:\/\/www.ghostysky.com\/\",\"name\":\"Ghostysky\",\"description\":\"Delivering professional drones and services\",\"publisher\":{\"@id\":\"https:\/\/www.ghostysky.com\/#organization\"},\"potentialAction\":[{\"@type\":\"SearchAction\",\"target\":{\"@type\":\"EntryPoint\",\"urlTemplate\":\"https:\/\/www.ghostysky.com\/?s={search_term_string}\"},\"query-input\":{\"@type\":\"PropertyValueSpecification\",\"valueRequired\":true,\"valueName\":\"search_term_string\"}}],\"inLanguage\":\"pt-PT\"},{\"@type\":\"Organization\",\"@id\":\"https:\/\/www.ghostysky.com\/#organization\",\"name\":\"Ghostysky\",\"url\":\"https:\/\/www.ghostysky.com\/\",\"logo\":{\"@type\":\"ImageObject\",\"inLanguage\":\"pt-PT\",\"@id\":\"https:\/\/www.ghostysky.com\/#\/schema\/logo\/image\/\",\"url\":\"https:\/\/www.ghostysky.com\/wp-content\/uploads\/2020\/06\/cropped-ghostyskylogo_text_white2.png\",\"contentUrl\":\"https:\/\/www.ghostysky.com\/wp-content\/uploads\/2020\/06\/cropped-ghostyskylogo_text_white2.png\",\"width\":169,\"height\":56,\"caption\":\"Ghostysky\"},\"image\":{\"@id\":\"https:\/\/www.ghostysky.com\/#\/schema\/logo\/image\/\"},\"sameAs\":[\"https:\/\/www.facebook.com\/people\/Ghostysky\/100057676170234\/\",\"https:\/\/x.com\/Gh0stysky\",\"https:\/\/www.linkedin.com\/company\/34739653\",\"https:\/\/www.instagram.com\/gh0stysky\"]}]}<\/script>\n<!-- \/ Yoast SEO plugin. -->","yoast_head_json":{"title":"H\u00e9lices Yuneec H850 (1x) - Ghostysky","description":"Eleve suas aventuras a\u00e9reas com as h\u00e9lices Yuneec H850, meticulosamente projetadas para oferecer desempenho e durabilidade ideais para seu hexac\u00f3ptero Yuneec H850. Fabricadas com materiais de n\u00edvel aeroespacial e engenharia de precis\u00e3o, essas h\u00e9lices garantem voos suaves e est\u00e1veis em cada decolagem.","robots":{"index":"index","follow":"follow","max-snippet":"max-snippet:-1","max-image-preview":"max-image-preview:large","max-video-preview":"max-video-preview:-1"},"canonical":"https:\/\/www.ghostysky.com\/pt\/produto-2\/yuneec-h850-propellers-1x\/","og_locale":"pt_PT","og_type":"article","og_title":"Yuneec H850 Propellers (1x) - Ghostysky","og_description":"Elevate your aerial adventures with the Yuneec H850 Propellers, meticulously designed to deliver optimal performance and durability for your Yuneec H850 hexacopter. Crafted with aerospace-grade materials and precision engineering, these propellers ensure smooth, stable flights with every takeoff.","og_url":"https:\/\/www.ghostysky.com\/pt\/produto-2\/yuneec-h850-propellers-1x\/","og_site_name":"Ghostysky","article_publisher":"https:\/\/www.facebook.com\/people\/Ghostysky\/100057676170234\/","article_modified_time":"2025-11-26T15:35:51+00:00","og_image":[{"width":750,"height":525,"url":"https:\/\/www.ghostysky.com\/wp-content\/uploads\/2024\/03\/GH_H850_propellers.jpg","type":"image\/jpeg"}],"twitter_card":"summary_large_image","twitter_site":"@Gh0stysky","twitter_misc":{"Tempo estimado de leitura":"1 minuto"},"schema":{"@context":"https:\/\/schema.org","@graph":[{"@type":"WebPage","@id":"https:\/\/www.ghostysky.com\/product\/yuneec-h850-propellers-1x\/","url":"https:\/\/www.ghostysky.com\/product\/yuneec-h850-propellers-1x\/","name":"H\u00e9lices Yuneec H850 (1x) - Ghostysky","isPartOf":{"@id":"https:\/\/www.ghostysky.com\/#website"},"primaryImageOfPage":{"@id":"https:\/\/www.ghostysky.com\/product\/yuneec-h850-propellers-1x\/#primaryimage"},"image":{"@id":"https:\/\/www.ghostysky.com\/product\/yuneec-h850-propellers-1x\/#primaryimage"},"thumbnailUrl":"https:\/\/www.ghostysky.com\/wp-content\/uploads\/2024\/03\/GH_H850_propellers.jpg","datePublished":"2024-03-14T18:02:27+00:00","dateModified":"2025-11-26T15:35:51+00:00","description":"Eleve suas aventuras a\u00e9reas com as h\u00e9lices Yuneec H850, meticulosamente projetadas para oferecer desempenho e durabilidade ideais para seu hexac\u00f3ptero Yuneec H850. Fabricadas com materiais de n\u00edvel aeroespacial e engenharia de precis\u00e3o, essas h\u00e9lices garantem voos suaves e est\u00e1veis em cada decolagem.","breadcrumb":{"@id":"https:\/\/www.ghostysky.com\/product\/yuneec-h850-propellers-1x\/#breadcrumb"},"inLanguage":"pt-PT","potentialAction":[{"@type":"ReadAction","target":["https:\/\/www.ghostysky.com\/product\/yuneec-h850-propellers-1x\/"]}]},{"@type":"ImageObject","inLanguage":"pt-PT","@id":"https:\/\/www.ghostysky.com\/product\/yuneec-h850-propellers-1x\/#primaryimage","url":"https:\/\/www.ghostysky.com\/wp-content\/uploads\/2024\/03\/GH_H850_propellers.jpg","contentUrl":"https:\/\/www.ghostysky.com\/wp-content\/uploads\/2024\/03\/GH_H850_propellers.jpg","width":750,"height":525},{"@type":"BreadcrumbList","@id":"https:\/\/www.ghostysky.com\/product\/yuneec-h850-propellers-1x\/#breadcrumb","itemListElement":[{"@type":"ListItem","position":1,"name":"Home","item":"https:\/\/www.ghostysky.com\/"},{"@type":"ListItem","position":2,"name":"Shop","item":"https:\/\/www.ghostysky.com\/shop\/"},{"@type":"ListItem","position":3,"name":"Yuneec H850 Propellers (1x)"}]},{"@type":"WebSite","@id":"https:\/\/www.ghostysky.com\/#website","url":"https:\/\/www.ghostysky.com\/","name":"Ghostysky","description":"Fornecendo drones e servi\u00e7os profissionais","publisher":{"@id":"https:\/\/www.ghostysky.com\/#organization"},"potentialAction":[{"@type":"SearchAction","target":{"@type":"EntryPoint","urlTemplate":"https:\/\/www.ghostysky.com\/?s={search_term_string}"},"query-input":{"@type":"PropertyValueSpecification","valueRequired":true,"valueName":"search_term_string"}}],"inLanguage":"pt-PT"},{"@type":"Organization","@id":"https:\/\/www.ghostysky.com\/#organization","name":"Ghostysky","url":"https:\/\/www.ghostysky.com\/","logo":{"@type":"ImageObject","inLanguage":"pt-PT","@id":"https:\/\/www.ghostysky.com\/#\/schema\/logo\/image\/","url":"https:\/\/www.ghostysky.com\/wp-content\/uploads\/2020\/06\/cropped-ghostyskylogo_text_white2.png","contentUrl":"https:\/\/www.ghostysky.com\/wp-content\/uploads\/2020\/06\/cropped-ghostyskylogo_text_white2.png","width":169,"height":56,"caption":"Ghostysky"},"image":{"@id":"https:\/\/www.ghostysky.com\/#\/schema\/logo\/image\/"},"sameAs":["https:\/\/www.facebook.com\/people\/Ghostysky\/100057676170234\/","https:\/\/x.com\/Gh0stysky","https:\/\/www.linkedin.com\/company\/34739653","https:\/\/www.instagram.com\/gh0stysky"]}]}},"_links":{"self":[{"href":"https:\/\/www.ghostysky.com\/pt\/wp-json\/wp\/v2\/product\/17216","targetHints":{"allow":["GET"]}}],"collection":[{"href":"https:\/\/www.ghostysky.com\/pt\/wp-json\/wp\/v2\/product"}],"about":[{"href":"https:\/\/www.ghostysky.com\/pt\/wp-json\/wp\/v2\/types\/product"}],"replies":[{"embeddable":true,"href":"https:\/\/www.ghostysky.com\/pt\/wp-json\/wp\/v2\/comments?post=17216"}],"wp:featuredmedia":[{"embeddable":true,"href":"https:\/\/www.ghostysky.com\/pt\/wp-json\/wp\/v2\/media\/17217"}],"wp:attachment":[{"href":"https:\/\/www.ghostysky.com\/pt\/wp-json\/wp\/v2\/media?parent=17216"}],"wp:term":[{"taxonomy":"product_brand","embeddable":true,"href":"https:\/\/www.ghostysky.com\/pt\/wp-json\/wp\/v2\/product_brand?post=17216"},{"taxonomy":"product_cat","embeddable":true,"href":"https:\/\/www.ghostysky.com\/pt\/wp-json\/wp\/v2\/product_cat?post=17216"},{"taxonomy":"product_tag","embeddable":true,"href":"https:\/\/www.ghostysky.com\/pt\/wp-json\/wp\/v2\/product_tag?post=17216"}],"curies":[{"name":"wp","href":"https:\/\/api.w.org\/{rel}","templated":true}]}}