{"id":17247,"date":"2024-03-15T18:55:43","date_gmt":"2024-03-15T18:55:43","guid":{"rendered":"https:\/\/www.ghostysky.com\/?post_type=product&#038;p=17247"},"modified":"2025-10-14T11:12:23","modified_gmt":"2025-10-14T11:12:23","slug":"safeair-mavic-3","status":"publish","type":"product","link":"https:\/\/www.ghostysky.com\/pt\/product\/safeair-mavic-3\/","title":{"rendered":"SafeAir Mavic 3"},"content":{"rendered":"<p data-sourcepos=\"3:1-3:59\">Aqui est\u00e3o alguns recursos principais do ParaZero SafeAir Mavic 3:<\/p>\n<ul data-sourcepos=\"5:1-9:0\">\n<li data-sourcepos=\"5:1-5:141\"><strong>Sistema de disparo autom\u00e1tico (ATS):<\/strong>\u00a0Este sistema detecta automaticamente falhas cr\u00edticas e inicia a sequ\u00eancia de lan\u00e7amento do p\u00e1ra-quedas.<\/li>\n<li data-sourcepos=\"6:1-6:154\"><strong>Sistema independente de termina\u00e7\u00e3o de voo (FTS):<\/strong>\u00a0Em caso de falha cr\u00edtica, o FTS para os rotores do drone para evitar ferimentos e maiores danos.<\/li>\n<li data-sourcepos=\"7:1-7:159\"><strong>Implanta\u00e7\u00e3o em baixa altitude:<\/strong>\u00a0O paraquedas pode ser acionado mesmo em baixas altitudes, minimizando o risco de danos em caso de mau funcionamento pr\u00f3ximo ao solo.<\/li>\n<li data-sourcepos=\"8:1-9:0\"><strong>Instala\u00e7\u00e3o f\u00e1cil:<\/strong>\u00a0O SafeAir Mavic 3 foi projetado para f\u00e1cil instala\u00e7\u00e3o plug-and-play, normalmente em 3 a 5 minutos.<\/li>\n<\/ul>\n<p data-sourcepos=\"10:1-10:33\">H\u00e1 duas vers\u00f5es dispon\u00edveis:<\/p>\n<ul data-sourcepos=\"12:1-14:0\">\n<li data-sourcepos=\"12:1-12:119\"><strong>SafeAir Mavic 3 padr\u00e3o:<\/strong>\u00a0Esta vers\u00e3o conta exclusivamente com o sistema de acionamento autom\u00e1tico para lan\u00e7amento de paraquedas.<\/li>\n<li data-sourcepos=\"13:1-14:0\"><strong>SafeAir Mavic 3 com implanta\u00e7\u00e3o manual RC:<\/strong>\u00a0Esta vers\u00e3o permite o lan\u00e7amento manual do p\u00e1ra-quedas usando o controle remoto, fornecendo uma camada adicional de controle em situa\u00e7\u00f5es cr\u00edticas. Esta vers\u00e3o tamb\u00e9m est\u00e1 em conformidade com regulamentos espec\u00edficos (MOC 2511) para opera\u00e7\u00f5es avan\u00e7adas de drones.<\/li>\n<\/ul>\n<p data-sourcepos=\"15:1-15:211\">No geral, o ParaZero SafeAir Mavic 3 \u00e9 uma ferramenta de seguran\u00e7a valiosa para propriet\u00e1rios de DJI Mavic 3, especialmente aqueles que voam em \u00e1reas povoadas ou realizam opera\u00e7\u00f5es comerciais onde o cumprimento dos regulamentos \u00e9 importante.<\/p>\n<h2 class=\"vc_custom_heading\">Recursos e funcionalidades<\/h2>\n<div class=\"wpb_text_column wpb_content_element\">\n<div class=\"wpb_wrapper\">\n<p>O SafeAir da ParaZero \u00e9 a \u00fanica solu\u00e7\u00e3o comprovada de seguran\u00e7a de drones que \u00e9 confi\u00e1vel e eficaz em qualquer situa\u00e7\u00e3o de emerg\u00eancia de drone.<\/p>\n<\/div>\n<\/div>\n<div class=\"wpb_text_column wpb_content_element bullet-style\">\n<div class=\"wpb_wrapper\">\n<ul>\n<li>Compat\u00edvel com DJI Mavic s\u00e9rie 3, excluindo acess\u00f3rios modulares.<\/li>\n<li>Projetado para proteger sua carga \u00fatil.<\/li>\n<li>F\u00e1cil instala\u00e7\u00e3o e integra\u00e7\u00e3o plug and play em 10 minutos.<\/li>\n<li>Acionamento autom\u00e1tico de medidas de seguran\u00e7a em caso de emerg\u00eancia ou queda livre.<\/li>\n<li>Acesse os registros de dados da caixa preta por meio do aplicativo de desktop.<\/li>\n<li>Inclui todos os componentes de montagem e instala\u00e7\u00e3o necess\u00e1rios.<\/li>\n<li>Sistema de n\u00edvel industrial com o n\u00edvel de confiabilidade encontrado em sistemas de avia\u00e7\u00e3o comercial.<\/li>\n<li>Este produto n\u00e3o inclui documenta\u00e7\u00e3o de conformidade para isen\u00e7\u00f5es e aprova\u00e7\u00f5es.<\/li>\n<\/ul>\n<h2 class=\"vc_custom_heading\">Informa\u00e7\u00e3o t\u00e9cnica<\/h2>\n<div class=\"wpb_text_column wpb_content_element\">\n<div class=\"wpb_wrapper\">\n<p>O SafeAir da ParaZero \u00e9 a \u00fanica solu\u00e7\u00e3o comprovada de seguran\u00e7a de drones que \u00e9 confi\u00e1vel e eficaz em qualquer situa\u00e7\u00e3o de emerg\u00eancia de drone.<\/p>\n<\/div>\n<\/div>\n<div class=\"wpb_text_column wpb_content_element\">\n<div class=\"wpb_wrapper\">\n<ul>\n<li><strong>Peso total<\/strong>: 185 gramas\/0,40 libras<\/li>\n<li><strong>altitude m\u00ednima segura<\/strong>: 19,11 metros\/62,7 p\u00e9s<\/li>\n<li><strong>Taxa m\u00e9dia de descida<\/strong>: 3,93 metros por segundo\/ 12,9 p\u00e9s por segundo<\/li>\n<li><strong>Energia m\u00e9dia de impacto:<\/strong>\u00a08,2 Joules\/6,1 p\u00e9s lb<\/li>\n<li>Compat\u00edvel com a s\u00e9rie DJI Mavic 3 (excluindo acess\u00f3rios modulares montados para cima, como RTK).<\/li>\n<\/ul>\n<\/div>\n<\/div>\n<\/div>\n<\/div>","protected":false},"excerpt":{"rendered":"<p>ParaZero SafeAir Mavic 3 \u00e9 um sistema de p\u00e1ra-quedas projetado especificamente para a s\u00e9rie de drones DJI Mavic 3. \u00c9 uma solu\u00e7\u00e3o de seguran\u00e7a que visa proteger o seu drone e a \u00e1rea envolvente em caso de emerg\u00eancias ou avarias durante o voo.<\/p>","protected":false},"featured_media":17237,"comment_status":"open","ping_status":"closed","template":"","meta":[],"product_brand":[],"product_cat":[461,729],"product_tag":[735,730,731],"class_list":{"0":"post-17247","1":"product","2":"type-product","3":"status-publish","4":"has-post-thumbnail","6":"product_cat-accessories-2","7":"product_cat-parazero-parachutes","8":"product_tag-mavic-3","9":"product_tag-parazero","10":"product_tag-safeair","12":"first","13":"onbackorder","14":"taxable","15":"shipping-taxable","16":"product-type-simple"},"yoast_head":"<!-- This site is optimized with the Yoast SEO plugin v27.4 - https:\/\/yoast.com\/product\/yoast-seo-wordpress\/ -->\n<title>SafeAir Mavic 3 - Ghostysky<\/title>\n<meta name=\"description\" content=\"ParaZero SafeAir Mavic 3 is a parachute system designed specifically for the DJI Mavic 3 drone series. It&#039;s a safety solution that aims to protect your drone and the surrounding area in case of emergencies or malfunctions during flight.\" \/>\n<meta name=\"robots\" content=\"index, follow, max-snippet:-1, max-image-preview:large, max-video-preview:-1\" \/>\n<link rel=\"canonical\" href=\"https:\/\/www.ghostysky.com\/pt\/produto-2\/safeair-mavic-3\/\" \/>\n<meta property=\"og:locale\" content=\"pt_PT\" \/>\n<meta property=\"og:type\" content=\"article\" \/>\n<meta property=\"og:title\" content=\"SafeAir Mavic 3 - Ghostysky\" \/>\n<meta property=\"og:description\" content=\"ParaZero SafeAir Mavic 3 is a parachute system designed specifically for the DJI Mavic 3 drone series. It&#039;s a safety solution that aims to protect your drone and the surrounding area in case of emergencies or malfunctions during flight.\" \/>\n<meta property=\"og:url\" content=\"https:\/\/www.ghostysky.com\/pt\/produto-2\/safeair-mavic-3\/\" \/>\n<meta property=\"og:site_name\" content=\"Ghostysky\" \/>\n<meta property=\"article:publisher\" content=\"https:\/\/www.facebook.com\/people\/Ghostysky\/100057676170234\/\" \/>\n<meta property=\"article:modified_time\" content=\"2025-10-14T11:12:23+00:00\" \/>\n<meta property=\"og:image\" content=\"https:\/\/www.ghostysky.com\/wp-content\/uploads\/2024\/03\/GH_PArazero_Mavic3.jpg\" \/>\n\t<meta property=\"og:image:width\" content=\"350\" \/>\n\t<meta property=\"og:image:height\" content=\"350\" \/>\n\t<meta property=\"og:image:type\" content=\"image\/jpeg\" \/>\n<meta name=\"twitter:card\" content=\"summary_large_image\" \/>\n<meta name=\"twitter:site\" content=\"@Gh0stysky\" \/>\n<meta name=\"twitter:label1\" content=\"Tempo estimado de leitura\" \/>\n\t<meta name=\"twitter:data1\" content=\"2 minutos\" \/>\n<script type=\"application\/ld+json\" class=\"yoast-schema-graph\">{\"@context\":\"https:\\\/\\\/schema.org\",\"@graph\":[{\"@type\":\"WebPage\",\"@id\":\"https:\\\/\\\/www.ghostysky.com\\\/product\\\/safeair-mavic-3\\\/\",\"url\":\"https:\\\/\\\/www.ghostysky.com\\\/product\\\/safeair-mavic-3\\\/\",\"name\":\"SafeAir Mavic 3 - Ghostysky\",\"isPartOf\":{\"@id\":\"https:\\\/\\\/www.ghostysky.com\\\/#website\"},\"primaryImageOfPage\":{\"@id\":\"https:\\\/\\\/www.ghostysky.com\\\/product\\\/safeair-mavic-3\\\/#primaryimage\"},\"image\":{\"@id\":\"https:\\\/\\\/www.ghostysky.com\\\/product\\\/safeair-mavic-3\\\/#primaryimage\"},\"thumbnailUrl\":\"https:\\\/\\\/www.ghostysky.com\\\/wp-content\\\/uploads\\\/2024\\\/03\\\/GH_PArazero_Mavic3.jpg\",\"datePublished\":\"2024-03-15T18:55:43+00:00\",\"dateModified\":\"2025-10-14T11:12:23+00:00\",\"description\":\"ParaZero SafeAir Mavic 3 is a parachute system designed specifically for the DJI Mavic 3 drone series. It's a safety solution that aims to protect your drone and the surrounding area in case of emergencies or malfunctions during flight.\",\"breadcrumb\":{\"@id\":\"https:\\\/\\\/www.ghostysky.com\\\/product\\\/safeair-mavic-3\\\/#breadcrumb\"},\"inLanguage\":\"pt-PT\",\"potentialAction\":[{\"@type\":\"ReadAction\",\"target\":[\"https:\\\/\\\/www.ghostysky.com\\\/product\\\/safeair-mavic-3\\\/\"]}]},{\"@type\":\"ImageObject\",\"inLanguage\":\"pt-PT\",\"@id\":\"https:\\\/\\\/www.ghostysky.com\\\/product\\\/safeair-mavic-3\\\/#primaryimage\",\"url\":\"https:\\\/\\\/www.ghostysky.com\\\/wp-content\\\/uploads\\\/2024\\\/03\\\/GH_PArazero_Mavic3.jpg\",\"contentUrl\":\"https:\\\/\\\/www.ghostysky.com\\\/wp-content\\\/uploads\\\/2024\\\/03\\\/GH_PArazero_Mavic3.jpg\",\"width\":350,\"height\":350},{\"@type\":\"BreadcrumbList\",\"@id\":\"https:\\\/\\\/www.ghostysky.com\\\/product\\\/safeair-mavic-3\\\/#breadcrumb\",\"itemListElement\":[{\"@type\":\"ListItem\",\"position\":1,\"name\":\"Home\",\"item\":\"https:\\\/\\\/www.ghostysky.com\\\/\"},{\"@type\":\"ListItem\",\"position\":2,\"name\":\"Shop\",\"item\":\"https:\\\/\\\/www.ghostysky.com\\\/shop\\\/\"},{\"@type\":\"ListItem\",\"position\":3,\"name\":\"SafeAir Mavic 3\"}]},{\"@type\":\"WebSite\",\"@id\":\"https:\\\/\\\/www.ghostysky.com\\\/#website\",\"url\":\"https:\\\/\\\/www.ghostysky.com\\\/\",\"name\":\"Ghostysky\",\"description\":\"Delivering professional drones and services\",\"publisher\":{\"@id\":\"https:\\\/\\\/www.ghostysky.com\\\/#organization\"},\"potentialAction\":[{\"@type\":\"SearchAction\",\"target\":{\"@type\":\"EntryPoint\",\"urlTemplate\":\"https:\\\/\\\/www.ghostysky.com\\\/?s={search_term_string}\"},\"query-input\":{\"@type\":\"PropertyValueSpecification\",\"valueRequired\":true,\"valueName\":\"search_term_string\"}}],\"inLanguage\":\"pt-PT\"},{\"@type\":\"Organization\",\"@id\":\"https:\\\/\\\/www.ghostysky.com\\\/#organization\",\"name\":\"Ghostysky\",\"url\":\"https:\\\/\\\/www.ghostysky.com\\\/\",\"logo\":{\"@type\":\"ImageObject\",\"inLanguage\":\"pt-PT\",\"@id\":\"https:\\\/\\\/www.ghostysky.com\\\/#\\\/schema\\\/logo\\\/image\\\/\",\"url\":\"https:\\\/\\\/www.ghostysky.com\\\/wp-content\\\/uploads\\\/2020\\\/06\\\/cropped-ghostyskylogo_text_white2.png\",\"contentUrl\":\"https:\\\/\\\/www.ghostysky.com\\\/wp-content\\\/uploads\\\/2020\\\/06\\\/cropped-ghostyskylogo_text_white2.png\",\"width\":169,\"height\":56,\"caption\":\"Ghostysky\"},\"image\":{\"@id\":\"https:\\\/\\\/www.ghostysky.com\\\/#\\\/schema\\\/logo\\\/image\\\/\"},\"sameAs\":[\"https:\\\/\\\/www.facebook.com\\\/people\\\/Ghostysky\\\/100057676170234\\\/\",\"https:\\\/\\\/x.com\\\/Gh0stysky\",\"https:\\\/\\\/www.linkedin.com\\\/company\\\/34739653\",\"https:\\\/\\\/www.instagram.com\\\/gh0stysky\"]}]}<\/script>\n<!-- \/ Yoast SEO plugin. -->","yoast_head_json":{"title":"SafeAir Mavic 3 - Ghostysky","description":"ParaZero SafeAir Mavic 3 \u00e9 um sistema de p\u00e1ra-quedas projetado especificamente para a s\u00e9rie de drones DJI Mavic 3. \u00c9 uma solu\u00e7\u00e3o de seguran\u00e7a que visa proteger o seu drone e a \u00e1rea envolvente em caso de emerg\u00eancias ou avarias durante o voo.","robots":{"index":"index","follow":"follow","max-snippet":"max-snippet:-1","max-image-preview":"max-image-preview:large","max-video-preview":"max-video-preview:-1"},"canonical":"https:\/\/www.ghostysky.com\/pt\/produto-2\/safeair-mavic-3\/","og_locale":"pt_PT","og_type":"article","og_title":"SafeAir Mavic 3 - Ghostysky","og_description":"ParaZero SafeAir Mavic 3 is a parachute system designed specifically for the DJI Mavic 3 drone series. It's a safety solution that aims to protect your drone and the surrounding area in case of emergencies or malfunctions during flight.","og_url":"https:\/\/www.ghostysky.com\/pt\/produto-2\/safeair-mavic-3\/","og_site_name":"Ghostysky","article_publisher":"https:\/\/www.facebook.com\/people\/Ghostysky\/100057676170234\/","article_modified_time":"2025-10-14T11:12:23+00:00","og_image":[{"width":350,"height":350,"url":"https:\/\/www.ghostysky.com\/wp-content\/uploads\/2024\/03\/GH_PArazero_Mavic3.jpg","type":"image\/jpeg"}],"twitter_card":"summary_large_image","twitter_site":"@Gh0stysky","twitter_misc":{"Tempo estimado de leitura":"2 minutos"},"schema":{"@context":"https:\/\/schema.org","@graph":[{"@type":"WebPage","@id":"https:\/\/www.ghostysky.com\/product\/safeair-mavic-3\/","url":"https:\/\/www.ghostysky.com\/product\/safeair-mavic-3\/","name":"SafeAir Mavic 3 - Ghostysky","isPartOf":{"@id":"https:\/\/www.ghostysky.com\/#website"},"primaryImageOfPage":{"@id":"https:\/\/www.ghostysky.com\/product\/safeair-mavic-3\/#primaryimage"},"image":{"@id":"https:\/\/www.ghostysky.com\/product\/safeair-mavic-3\/#primaryimage"},"thumbnailUrl":"https:\/\/www.ghostysky.com\/wp-content\/uploads\/2024\/03\/GH_PArazero_Mavic3.jpg","datePublished":"2024-03-15T18:55:43+00:00","dateModified":"2025-10-14T11:12:23+00:00","description":"ParaZero SafeAir Mavic 3 \u00e9 um sistema de p\u00e1ra-quedas projetado especificamente para a s\u00e9rie de drones DJI Mavic 3. \u00c9 uma solu\u00e7\u00e3o de seguran\u00e7a que visa proteger o seu drone e a \u00e1rea envolvente em caso de emerg\u00eancias ou avarias durante o voo.","breadcrumb":{"@id":"https:\/\/www.ghostysky.com\/product\/safeair-mavic-3\/#breadcrumb"},"inLanguage":"pt-PT","potentialAction":[{"@type":"ReadAction","target":["https:\/\/www.ghostysky.com\/product\/safeair-mavic-3\/"]}]},{"@type":"ImageObject","inLanguage":"pt-PT","@id":"https:\/\/www.ghostysky.com\/product\/safeair-mavic-3\/#primaryimage","url":"https:\/\/www.ghostysky.com\/wp-content\/uploads\/2024\/03\/GH_PArazero_Mavic3.jpg","contentUrl":"https:\/\/www.ghostysky.com\/wp-content\/uploads\/2024\/03\/GH_PArazero_Mavic3.jpg","width":350,"height":350},{"@type":"BreadcrumbList","@id":"https:\/\/www.ghostysky.com\/product\/safeair-mavic-3\/#breadcrumb","itemListElement":[{"@type":"ListItem","position":1,"name":"Home","item":"https:\/\/www.ghostysky.com\/"},{"@type":"ListItem","position":2,"name":"Shop","item":"https:\/\/www.ghostysky.com\/shop\/"},{"@type":"ListItem","position":3,"name":"SafeAir Mavic 3"}]},{"@type":"WebSite","@id":"https:\/\/www.ghostysky.com\/#website","url":"https:\/\/www.ghostysky.com\/","name":"Ghostysky","description":"Fornecendo drones e servi\u00e7os profissionais","publisher":{"@id":"https:\/\/www.ghostysky.com\/#organization"},"potentialAction":[{"@type":"SearchAction","target":{"@type":"EntryPoint","urlTemplate":"https:\/\/www.ghostysky.com\/?s={search_term_string}"},"query-input":{"@type":"PropertyValueSpecification","valueRequired":true,"valueName":"search_term_string"}}],"inLanguage":"pt-PT"},{"@type":"Organization","@id":"https:\/\/www.ghostysky.com\/#organization","name":"Ghostysky","url":"https:\/\/www.ghostysky.com\/","logo":{"@type":"ImageObject","inLanguage":"pt-PT","@id":"https:\/\/www.ghostysky.com\/#\/schema\/logo\/image\/","url":"https:\/\/www.ghostysky.com\/wp-content\/uploads\/2020\/06\/cropped-ghostyskylogo_text_white2.png","contentUrl":"https:\/\/www.ghostysky.com\/wp-content\/uploads\/2020\/06\/cropped-ghostyskylogo_text_white2.png","width":169,"height":56,"caption":"Ghostysky"},"image":{"@id":"https:\/\/www.ghostysky.com\/#\/schema\/logo\/image\/"},"sameAs":["https:\/\/www.facebook.com\/people\/Ghostysky\/100057676170234\/","https:\/\/x.com\/Gh0stysky","https:\/\/www.linkedin.com\/company\/34739653","https:\/\/www.instagram.com\/gh0stysky"]}]}},"_links":{"self":[{"href":"https:\/\/www.ghostysky.com\/pt\/wp-json\/wp\/v2\/product\/17247","targetHints":{"allow":["GET"]}}],"collection":[{"href":"https:\/\/www.ghostysky.com\/pt\/wp-json\/wp\/v2\/product"}],"about":[{"href":"https:\/\/www.ghostysky.com\/pt\/wp-json\/wp\/v2\/types\/product"}],"replies":[{"embeddable":true,"href":"https:\/\/www.ghostysky.com\/pt\/wp-json\/wp\/v2\/comments?post=17247"}],"version-history":[{"count":0,"href":"https:\/\/www.ghostysky.com\/pt\/wp-json\/wp\/v2\/product\/17247\/revisions"}],"wp:featuredmedia":[{"embeddable":true,"href":"https:\/\/www.ghostysky.com\/pt\/wp-json\/wp\/v2\/media\/17237"}],"wp:attachment":[{"href":"https:\/\/www.ghostysky.com\/pt\/wp-json\/wp\/v2\/media?parent=17247"}],"wp:term":[{"taxonomy":"product_brand","embeddable":true,"href":"https:\/\/www.ghostysky.com\/pt\/wp-json\/wp\/v2\/product_brand?post=17247"},{"taxonomy":"product_cat","embeddable":true,"href":"https:\/\/www.ghostysky.com\/pt\/wp-json\/wp\/v2\/product_cat?post=17247"},{"taxonomy":"product_tag","embeddable":true,"href":"https:\/\/www.ghostysky.com\/pt\/wp-json\/wp\/v2\/product_tag?post=17247"}],"curies":[{"name":"wp","href":"https:\/\/api.w.org\/{rel}","templated":true}]}}