{"id":17348,"date":"2024-03-16T08:22:45","date_gmt":"2024-03-16T08:22:45","guid":{"rendered":"https:\/\/www.ghostysky.com\/?post_type=product&#038;p=17348"},"modified":"2024-05-26T08:53:56","modified_gmt":"2024-05-26T08:53:56","slug":"dji-flycart-30-winch-system-kit","status":"publish","type":"product","link":"https:\/\/www.ghostysky.com\/pt\/product\/dji-flycart-30-winch-system-kit\/","title":{"rendered":"Kit de sistema de guincho DJI FlyCart 30"},"content":{"rendered":"<p data-sourcepos=\"3:1-3:15\"><strong>Componentes:<\/strong><\/p>\n<ul data-sourcepos=\"5:1-9:0\">\n<li data-sourcepos=\"5:1-5:84\">Guincho: Este \u00e9 o n\u00facleo do sistema, respons\u00e1vel pela eleva\u00e7\u00e3o e descida da carga.<\/li>\n<li data-sourcepos=\"6:1-6:72\">Contrapeso: Isso ajuda a equilibrar o drone durante as opera\u00e7\u00f5es de eleva\u00e7\u00e3o.<\/li>\n<li data-sourcepos=\"7:1-7:118\">Trem de pouso de transporte: Este trem de pouso foi projetado para estabilidade durante a decolagem e pouso com uma carga acoplada.<\/li>\n<li data-sourcepos=\"8:1-9:0\">Cabo de extens\u00e3o: Estende o alcance do sistema do guincho.<\/li>\n<\/ul>\n<p data-sourcepos=\"10:1-10:13\"><strong>Benef\u00edcios:<\/strong><\/p>\n<ul data-sourcepos=\"12:1-15:0\">\n<li data-sourcepos=\"12:1-12:135\"><strong>Precis\u00e3o e flexibilidade:<\/strong>\u00a0O guincho permite a eleva\u00e7\u00e3o e descida controlada da carga, tornando-o adequado para tarefas delicadas.<\/li>\n<li data-sourcepos=\"13:1-13:211\"><strong>Maior efici\u00eancia:<\/strong>\u00a0O FlyCart 30 com sistema de guincho pode ser usado para aplica\u00e7\u00f5es de entrega e transporte em diversos setores, como constru\u00e7\u00e3o, agricultura, busca e salvamento e cinema.<\/li>\n<li data-sourcepos=\"14:1-15:0\"><strong>Capacidade de eleva\u00e7\u00e3o robusta:<\/strong>\u00a0Pode suportar cargas que variam de 5kg a 40kg dependendo da configura\u00e7\u00e3o da bateria (simples ou dupla).<\/li>\n<\/ul>\n<p data-sourcepos=\"16:1-16:25\"><strong>Outras especifica\u00e7\u00f5es:<\/strong><\/p>\n<ul data-sourcepos=\"18:1-23:0\">\n<li data-sourcepos=\"18:1-18:25\">Comprimento do cabo: 20 metros<\/li>\n<li data-sourcepos=\"19:1-19:49\">Velocidade m\u00e1xima de retra\u00e7\u00e3o: 0,8 metros por segundo<\/li>\n<li data-sourcepos=\"20:1-20:60\">Fun\u00e7\u00e3o de pesagem: O guincho pode pesar a carga anexada.<\/li>\n<li data-sourcepos=\"21:1-23:0\">Recurso de socorro de emerg\u00eancia: Para situa\u00e7\u00f5es em que o guincho precisa ser desengatado rapidamente.<\/li>\n<\/ul>\n<p data-sourcepos=\"24:1-24:163\">No geral, o kit de sistema de guincho DJI FlyCart 30 expande as capacidades do drone DJI FlyCart 30, transformando-o em uma poderosa solu\u00e7\u00e3o de transporte a\u00e9reo de carga.<\/p>","protected":false},"excerpt":{"rendered":"<p>O kit de sistema de guincho DJI FlyCart 30 \u00e9 um complemento para o drone DJI FlyCart 30 que permite levantar e transportar carga usando um sistema de guincho.<\/p>","protected":false},"featured_media":17350,"comment_status":"open","ping_status":"closed","template":"","meta":[],"product_brand":[],"product_cat":[743,37,29],"product_tag":[42,744,745],"class_list":{"0":"post-17348","1":"product","2":"type-product","3":"status-publish","4":"has-post-thumbnail","6":"product_cat-accessories-flycart","7":"product_cat-dji","8":"product_cat-drones","9":"product_tag-dji","10":"product_tag-flycart-30","11":"product_tag-winch-system-kit","13":"first","14":"onbackorder","15":"taxable","16":"shipping-taxable","17":"purchasable","18":"product-type-simple"},"yoast_head":"<!-- This site is optimized with the Yoast SEO plugin v27.1.1 - https:\/\/yoast.com\/product\/yoast-seo-wordpress\/ -->\n<title>DJI FlyCart 30 Winch System Kit - Ghostysky<\/title>\n<meta name=\"description\" content=\"The DJI FlyCart 30 Winch System Kit is an add-on for the DJI FlyCart 30 drone that enables it to lift and transport cargo using a winch system.\" \/>\n<meta name=\"robots\" content=\"index, follow, max-snippet:-1, max-image-preview:large, max-video-preview:-1\" \/>\n<link rel=\"canonical\" href=\"https:\/\/www.ghostysky.com\/pt\/produto-2\/dji-flycart-30-winch-system-kit\/\" \/>\n<meta property=\"og:locale\" content=\"pt_PT\" \/>\n<meta property=\"og:type\" content=\"article\" \/>\n<meta property=\"og:title\" content=\"DJI FlyCart 30 Winch System Kit - Ghostysky\" \/>\n<meta property=\"og:description\" content=\"The DJI FlyCart 30 Winch System Kit is an add-on for the DJI FlyCart 30 drone that enables it to lift and transport cargo using a winch system.\" \/>\n<meta property=\"og:url\" content=\"https:\/\/www.ghostysky.com\/pt\/produto-2\/dji-flycart-30-winch-system-kit\/\" \/>\n<meta property=\"og:site_name\" content=\"Ghostysky\" \/>\n<meta property=\"article:publisher\" content=\"https:\/\/www.facebook.com\/people\/Ghostysky\/100057676170234\/\" \/>\n<meta property=\"article:modified_time\" content=\"2024-05-26T08:53:56+00:00\" \/>\n<meta property=\"og:image\" content=\"https:\/\/www.ghostysky.com\/wp-content\/uploads\/2024\/03\/GH_DJI-FlyCart-30-Winch-System-Kit.jpg\" \/>\n\t<meta property=\"og:image:width\" content=\"1000\" \/>\n\t<meta property=\"og:image:height\" content=\"1000\" \/>\n\t<meta property=\"og:image:type\" content=\"image\/jpeg\" \/>\n<meta name=\"twitter:card\" content=\"summary_large_image\" \/>\n<meta name=\"twitter:site\" content=\"@Gh0stysky\" \/>\n<meta name=\"twitter:label1\" content=\"Tempo estimado de leitura\" \/>\n\t<meta name=\"twitter:data1\" content=\"1 minuto\" \/>\n<script type=\"application\/ld+json\" class=\"yoast-schema-graph\">{\"@context\":\"https:\/\/schema.org\",\"@graph\":[{\"@type\":\"WebPage\",\"@id\":\"https:\/\/www.ghostysky.com\/product\/dji-flycart-30-winch-system-kit\/\",\"url\":\"https:\/\/www.ghostysky.com\/product\/dji-flycart-30-winch-system-kit\/\",\"name\":\"DJI FlyCart 30 Winch System Kit - Ghostysky\",\"isPartOf\":{\"@id\":\"https:\/\/www.ghostysky.com\/#website\"},\"primaryImageOfPage\":{\"@id\":\"https:\/\/www.ghostysky.com\/product\/dji-flycart-30-winch-system-kit\/#primaryimage\"},\"image\":{\"@id\":\"https:\/\/www.ghostysky.com\/product\/dji-flycart-30-winch-system-kit\/#primaryimage\"},\"thumbnailUrl\":\"https:\/\/www.ghostysky.com\/wp-content\/uploads\/2024\/03\/GH_DJI-FlyCart-30-Winch-System-Kit.jpg\",\"datePublished\":\"2024-03-16T08:22:45+00:00\",\"dateModified\":\"2024-05-26T08:53:56+00:00\",\"description\":\"The DJI FlyCart 30 Winch System Kit is an add-on for the DJI FlyCart 30 drone that enables it to lift and transport cargo using a winch system.\",\"breadcrumb\":{\"@id\":\"https:\/\/www.ghostysky.com\/product\/dji-flycart-30-winch-system-kit\/#breadcrumb\"},\"inLanguage\":\"pt-PT\",\"potentialAction\":[{\"@type\":\"ReadAction\",\"target\":[\"https:\/\/www.ghostysky.com\/product\/dji-flycart-30-winch-system-kit\/\"]}]},{\"@type\":\"ImageObject\",\"inLanguage\":\"pt-PT\",\"@id\":\"https:\/\/www.ghostysky.com\/product\/dji-flycart-30-winch-system-kit\/#primaryimage\",\"url\":\"https:\/\/www.ghostysky.com\/wp-content\/uploads\/2024\/03\/GH_DJI-FlyCart-30-Winch-System-Kit.jpg\",\"contentUrl\":\"https:\/\/www.ghostysky.com\/wp-content\/uploads\/2024\/03\/GH_DJI-FlyCart-30-Winch-System-Kit.jpg\",\"width\":1000,\"height\":1000},{\"@type\":\"BreadcrumbList\",\"@id\":\"https:\/\/www.ghostysky.com\/product\/dji-flycart-30-winch-system-kit\/#breadcrumb\",\"itemListElement\":[{\"@type\":\"ListItem\",\"position\":1,\"name\":\"Home\",\"item\":\"https:\/\/www.ghostysky.com\/\"},{\"@type\":\"ListItem\",\"position\":2,\"name\":\"Shop\",\"item\":\"https:\/\/www.ghostysky.com\/shop\/\"},{\"@type\":\"ListItem\",\"position\":3,\"name\":\"DJI FlyCart 30 Winch System Kit\"}]},{\"@type\":\"WebSite\",\"@id\":\"https:\/\/www.ghostysky.com\/#website\",\"url\":\"https:\/\/www.ghostysky.com\/\",\"name\":\"Ghostysky\",\"description\":\"Delivering professional drones and services\",\"publisher\":{\"@id\":\"https:\/\/www.ghostysky.com\/#organization\"},\"potentialAction\":[{\"@type\":\"SearchAction\",\"target\":{\"@type\":\"EntryPoint\",\"urlTemplate\":\"https:\/\/www.ghostysky.com\/?s={search_term_string}\"},\"query-input\":{\"@type\":\"PropertyValueSpecification\",\"valueRequired\":true,\"valueName\":\"search_term_string\"}}],\"inLanguage\":\"pt-PT\"},{\"@type\":\"Organization\",\"@id\":\"https:\/\/www.ghostysky.com\/#organization\",\"name\":\"Ghostysky\",\"url\":\"https:\/\/www.ghostysky.com\/\",\"logo\":{\"@type\":\"ImageObject\",\"inLanguage\":\"pt-PT\",\"@id\":\"https:\/\/www.ghostysky.com\/#\/schema\/logo\/image\/\",\"url\":\"https:\/\/www.ghostysky.com\/wp-content\/uploads\/2020\/06\/cropped-ghostyskylogo_text_white2.png\",\"contentUrl\":\"https:\/\/www.ghostysky.com\/wp-content\/uploads\/2020\/06\/cropped-ghostyskylogo_text_white2.png\",\"width\":169,\"height\":56,\"caption\":\"Ghostysky\"},\"image\":{\"@id\":\"https:\/\/www.ghostysky.com\/#\/schema\/logo\/image\/\"},\"sameAs\":[\"https:\/\/www.facebook.com\/people\/Ghostysky\/100057676170234\/\",\"https:\/\/x.com\/Gh0stysky\",\"https:\/\/www.linkedin.com\/company\/34739653\",\"https:\/\/www.instagram.com\/gh0stysky\"]}]}<\/script>\n<!-- \/ Yoast SEO plugin. -->","yoast_head_json":{"title":"Kit de sistema de guincho DJI FlyCart 30 - Ghostysky","description":"O kit de sistema de guincho DJI FlyCart 30 \u00e9 um complemento para o drone DJI FlyCart 30 que permite levantar e transportar carga usando um sistema de guincho.","robots":{"index":"index","follow":"follow","max-snippet":"max-snippet:-1","max-image-preview":"max-image-preview:large","max-video-preview":"max-video-preview:-1"},"canonical":"https:\/\/www.ghostysky.com\/pt\/produto-2\/dji-flycart-30-winch-system-kit\/","og_locale":"pt_PT","og_type":"article","og_title":"DJI FlyCart 30 Winch System Kit - Ghostysky","og_description":"The DJI FlyCart 30 Winch System Kit is an add-on for the DJI FlyCart 30 drone that enables it to lift and transport cargo using a winch system.","og_url":"https:\/\/www.ghostysky.com\/pt\/produto-2\/dji-flycart-30-winch-system-kit\/","og_site_name":"Ghostysky","article_publisher":"https:\/\/www.facebook.com\/people\/Ghostysky\/100057676170234\/","article_modified_time":"2024-05-26T08:53:56+00:00","og_image":[{"width":1000,"height":1000,"url":"https:\/\/www.ghostysky.com\/wp-content\/uploads\/2024\/03\/GH_DJI-FlyCart-30-Winch-System-Kit.jpg","type":"image\/jpeg"}],"twitter_card":"summary_large_image","twitter_site":"@Gh0stysky","twitter_misc":{"Tempo estimado de leitura":"1 minuto"},"schema":{"@context":"https:\/\/schema.org","@graph":[{"@type":"WebPage","@id":"https:\/\/www.ghostysky.com\/product\/dji-flycart-30-winch-system-kit\/","url":"https:\/\/www.ghostysky.com\/product\/dji-flycart-30-winch-system-kit\/","name":"Kit de sistema de guincho DJI FlyCart 30 - Ghostysky","isPartOf":{"@id":"https:\/\/www.ghostysky.com\/#website"},"primaryImageOfPage":{"@id":"https:\/\/www.ghostysky.com\/product\/dji-flycart-30-winch-system-kit\/#primaryimage"},"image":{"@id":"https:\/\/www.ghostysky.com\/product\/dji-flycart-30-winch-system-kit\/#primaryimage"},"thumbnailUrl":"https:\/\/www.ghostysky.com\/wp-content\/uploads\/2024\/03\/GH_DJI-FlyCart-30-Winch-System-Kit.jpg","datePublished":"2024-03-16T08:22:45+00:00","dateModified":"2024-05-26T08:53:56+00:00","description":"O kit de sistema de guincho DJI FlyCart 30 \u00e9 um complemento para o drone DJI FlyCart 30 que permite levantar e transportar carga usando um sistema de guincho.","breadcrumb":{"@id":"https:\/\/www.ghostysky.com\/product\/dji-flycart-30-winch-system-kit\/#breadcrumb"},"inLanguage":"pt-PT","potentialAction":[{"@type":"ReadAction","target":["https:\/\/www.ghostysky.com\/product\/dji-flycart-30-winch-system-kit\/"]}]},{"@type":"ImageObject","inLanguage":"pt-PT","@id":"https:\/\/www.ghostysky.com\/product\/dji-flycart-30-winch-system-kit\/#primaryimage","url":"https:\/\/www.ghostysky.com\/wp-content\/uploads\/2024\/03\/GH_DJI-FlyCart-30-Winch-System-Kit.jpg","contentUrl":"https:\/\/www.ghostysky.com\/wp-content\/uploads\/2024\/03\/GH_DJI-FlyCart-30-Winch-System-Kit.jpg","width":1000,"height":1000},{"@type":"BreadcrumbList","@id":"https:\/\/www.ghostysky.com\/product\/dji-flycart-30-winch-system-kit\/#breadcrumb","itemListElement":[{"@type":"ListItem","position":1,"name":"Home","item":"https:\/\/www.ghostysky.com\/"},{"@type":"ListItem","position":2,"name":"Shop","item":"https:\/\/www.ghostysky.com\/shop\/"},{"@type":"ListItem","position":3,"name":"DJI FlyCart 30 Winch System Kit"}]},{"@type":"WebSite","@id":"https:\/\/www.ghostysky.com\/#website","url":"https:\/\/www.ghostysky.com\/","name":"Ghostysky","description":"Fornecendo drones e servi\u00e7os profissionais","publisher":{"@id":"https:\/\/www.ghostysky.com\/#organization"},"potentialAction":[{"@type":"SearchAction","target":{"@type":"EntryPoint","urlTemplate":"https:\/\/www.ghostysky.com\/?s={search_term_string}"},"query-input":{"@type":"PropertyValueSpecification","valueRequired":true,"valueName":"search_term_string"}}],"inLanguage":"pt-PT"},{"@type":"Organization","@id":"https:\/\/www.ghostysky.com\/#organization","name":"Ghostysky","url":"https:\/\/www.ghostysky.com\/","logo":{"@type":"ImageObject","inLanguage":"pt-PT","@id":"https:\/\/www.ghostysky.com\/#\/schema\/logo\/image\/","url":"https:\/\/www.ghostysky.com\/wp-content\/uploads\/2020\/06\/cropped-ghostyskylogo_text_white2.png","contentUrl":"https:\/\/www.ghostysky.com\/wp-content\/uploads\/2020\/06\/cropped-ghostyskylogo_text_white2.png","width":169,"height":56,"caption":"Ghostysky"},"image":{"@id":"https:\/\/www.ghostysky.com\/#\/schema\/logo\/image\/"},"sameAs":["https:\/\/www.facebook.com\/people\/Ghostysky\/100057676170234\/","https:\/\/x.com\/Gh0stysky","https:\/\/www.linkedin.com\/company\/34739653","https:\/\/www.instagram.com\/gh0stysky"]}]}},"_links":{"self":[{"href":"https:\/\/www.ghostysky.com\/pt\/wp-json\/wp\/v2\/product\/17348","targetHints":{"allow":["GET"]}}],"collection":[{"href":"https:\/\/www.ghostysky.com\/pt\/wp-json\/wp\/v2\/product"}],"about":[{"href":"https:\/\/www.ghostysky.com\/pt\/wp-json\/wp\/v2\/types\/product"}],"replies":[{"embeddable":true,"href":"https:\/\/www.ghostysky.com\/pt\/wp-json\/wp\/v2\/comments?post=17348"}],"wp:featuredmedia":[{"embeddable":true,"href":"https:\/\/www.ghostysky.com\/pt\/wp-json\/wp\/v2\/media\/17350"}],"wp:attachment":[{"href":"https:\/\/www.ghostysky.com\/pt\/wp-json\/wp\/v2\/media?parent=17348"}],"wp:term":[{"taxonomy":"product_brand","embeddable":true,"href":"https:\/\/www.ghostysky.com\/pt\/wp-json\/wp\/v2\/product_brand?post=17348"},{"taxonomy":"product_cat","embeddable":true,"href":"https:\/\/www.ghostysky.com\/pt\/wp-json\/wp\/v2\/product_cat?post=17348"},{"taxonomy":"product_tag","embeddable":true,"href":"https:\/\/www.ghostysky.com\/pt\/wp-json\/wp\/v2\/product_tag?post=17348"}],"curies":[{"name":"wp","href":"https:\/\/api.w.org\/{rel}","templated":true}]}}