{"id":17354,"date":"2024-03-16T08:39:16","date_gmt":"2024-03-16T08:39:16","guid":{"rendered":"https:\/\/www.ghostysky.com\/?post_type=product&#038;p=17354"},"modified":"2024-05-26T08:54:30","modified_gmt":"2024-05-26T08:54:30","slug":"dji-rc-plus-flycart-30","status":"publish","type":"product","link":"https:\/\/www.ghostysky.com\/pt\/product\/dji-rc-plus-flycart-30\/","title":{"rendered":"DJI RC Plus (FlyCart 30)"},"content":{"rendered":"<p><strong>Recursos<\/strong><\/p>\n<ul data-sourcepos=\"3:1-8:0\">\n<li data-sourcepos=\"3:1-3:166\"><strong>Tela de alto brilho:<\/strong>\u00a0O RC Plus possui uma tela de alto brilho de 7 polegadas e 1200 nits, facilitando a visualiza\u00e7\u00e3o de dados e par\u00e2metros de voo, mesmo sob luz solar intensa.<\/li>\n<li data-sourcepos=\"4:1-4:180\"><strong>V\u00e1rios bot\u00f5es e mostradores:<\/strong>\u00a0O controlador possui uma variedade de bot\u00f5es e dials que fornecem controle preciso sobre o FlyCart 30, permitindo uma opera\u00e7\u00e3o suave e est\u00e1vel.<\/li>\n<li data-sourcepos=\"5:1-5:193\"><strong>Transmiss\u00e3o de longo alcance:<\/strong>\u00a0O RC Plus est\u00e1 equipado com um sistema de transmiss\u00e3o de longo alcance que garante uma conex\u00e3o confi\u00e1vel entre o controlador e o drone, mesmo em dist\u00e2ncias extensas.<\/li>\n<li data-sourcepos=\"6:1-6:229\"><strong>Sistema de bateria dupla:<\/strong>\u00a0Para maior seguran\u00e7a de v\u00f4o, o RC Plus incorpora um sistema de bateria dupla. Se uma bateria falhar durante o voo, a outra bateria assumir\u00e1 o controle, permitindo que o drone retorne \u00e0 sua zona de pouso com seguran\u00e7a.<\/li>\n<li data-sourcepos=\"7:1-8:0\"><strong>Tempo de opera\u00e7\u00e3o estendido:<\/strong>\u00a0A bateria externa WB37 padr\u00e3o que acompanha o RC Plus oferece um tempo de opera\u00e7\u00e3o de at\u00e9 seis horas. Al\u00e9m disso, o controlador suporta troca a quente de baterias, minimizando o tempo de inatividade entre os voos.<\/li>\n<\/ul>\n<p data-sourcepos=\"9:1-9:266\">No geral, o DJI RC Plus \u00e9 um controle remoto de alto desempenho que fornece controle confi\u00e1vel e eficiente sobre o drone DJI FlyCart 30. Suas caracter\u00edsticas s\u00e3o especificamente adaptadas para atender \u00e0s demandas das aplica\u00e7\u00f5es industriais, garantindo uma opera\u00e7\u00e3o segura e eficaz.<\/p>","protected":false},"excerpt":{"rendered":"<p>O DJI RC Plus \u00e9 um controle remoto projetado especificamente para uso com o DJI FlyCart 30, um drone de longo alcance e levantamento pesado destinado a aplica\u00e7\u00f5es industriais<\/p>","protected":false},"featured_media":17356,"comment_status":"open","ping_status":"closed","template":"","meta":[],"product_brand":[],"product_cat":[743,37,29,741],"product_tag":[747,42,751,744,748],"class_list":{"0":"post-17354","1":"product","2":"type-product","3":"status-publish","4":"has-post-thumbnail","6":"product_cat-accessories-flycart","7":"product_cat-dji","8":"product_cat-drones","9":"product_cat-flycart","10":"product_tag-accessories","11":"product_tag-dji","12":"product_tag-dji-rc-plus-flycart-30","13":"product_tag-flycart-30","14":"product_tag-rc-plus","16":"first","17":"onbackorder","18":"taxable","19":"shipping-taxable","20":"purchasable","21":"product-type-simple"},"yoast_head":"<!-- This site is optimized with the Yoast SEO plugin v27.4 - https:\/\/yoast.com\/product\/yoast-seo-wordpress\/ -->\n<title>DJI RC Plus (FlyCart 30) - Ghostysky<\/title>\n<meta name=\"description\" content=\"The DJI RC Plus is a remote controller specifically designed for use with the DJI FlyCart 30, a long-range, heavy-lift drone intended for industrial applications\" \/>\n<meta name=\"robots\" content=\"index, follow, max-snippet:-1, max-image-preview:large, max-video-preview:-1\" \/>\n<link rel=\"canonical\" href=\"https:\/\/www.ghostysky.com\/pt\/produto-2\/dji-rc-plus-flycart-30\/\" \/>\n<meta property=\"og:locale\" content=\"pt_PT\" \/>\n<meta property=\"og:type\" content=\"article\" \/>\n<meta property=\"og:title\" content=\"DJI RC Plus (FlyCart 30) - Ghostysky\" \/>\n<meta property=\"og:description\" content=\"The DJI RC Plus is a remote controller specifically designed for use with the DJI FlyCart 30, a long-range, heavy-lift drone intended for industrial applications\" \/>\n<meta property=\"og:url\" content=\"https:\/\/www.ghostysky.com\/pt\/produto-2\/dji-rc-plus-flycart-30\/\" \/>\n<meta property=\"og:site_name\" content=\"Ghostysky\" \/>\n<meta property=\"article:publisher\" content=\"https:\/\/www.facebook.com\/people\/Ghostysky\/100057676170234\/\" \/>\n<meta property=\"article:modified_time\" content=\"2024-05-26T08:54:30+00:00\" \/>\n<meta property=\"og:image\" content=\"https:\/\/www.ghostysky.com\/wp-content\/uploads\/2024\/03\/GH_Flycart_30_RC_3.jpg\" \/>\n\t<meta property=\"og:image:width\" content=\"800\" \/>\n\t<meta property=\"og:image:height\" content=\"800\" \/>\n\t<meta property=\"og:image:type\" content=\"image\/jpeg\" \/>\n<meta name=\"twitter:card\" content=\"summary_large_image\" \/>\n<meta name=\"twitter:site\" content=\"@Gh0stysky\" \/>\n<meta name=\"twitter:label1\" content=\"Tempo estimado de leitura\" \/>\n\t<meta name=\"twitter:data1\" content=\"1 minuto\" \/>\n<script type=\"application\/ld+json\" class=\"yoast-schema-graph\">{\"@context\":\"https:\\\/\\\/schema.org\",\"@graph\":[{\"@type\":\"WebPage\",\"@id\":\"https:\\\/\\\/www.ghostysky.com\\\/product\\\/dji-rc-plus-flycart-30\\\/\",\"url\":\"https:\\\/\\\/www.ghostysky.com\\\/product\\\/dji-rc-plus-flycart-30\\\/\",\"name\":\"DJI RC Plus (FlyCart 30) - Ghostysky\",\"isPartOf\":{\"@id\":\"https:\\\/\\\/www.ghostysky.com\\\/#website\"},\"primaryImageOfPage\":{\"@id\":\"https:\\\/\\\/www.ghostysky.com\\\/product\\\/dji-rc-plus-flycart-30\\\/#primaryimage\"},\"image\":{\"@id\":\"https:\\\/\\\/www.ghostysky.com\\\/product\\\/dji-rc-plus-flycart-30\\\/#primaryimage\"},\"thumbnailUrl\":\"https:\\\/\\\/www.ghostysky.com\\\/wp-content\\\/uploads\\\/2024\\\/03\\\/GH_Flycart_30_RC_3.jpg\",\"datePublished\":\"2024-03-16T08:39:16+00:00\",\"dateModified\":\"2024-05-26T08:54:30+00:00\",\"description\":\"The DJI RC Plus is a remote controller specifically designed for use with the DJI FlyCart 30, a long-range, heavy-lift drone intended for industrial applications\",\"breadcrumb\":{\"@id\":\"https:\\\/\\\/www.ghostysky.com\\\/product\\\/dji-rc-plus-flycart-30\\\/#breadcrumb\"},\"inLanguage\":\"pt-PT\",\"potentialAction\":[{\"@type\":\"ReadAction\",\"target\":[\"https:\\\/\\\/www.ghostysky.com\\\/product\\\/dji-rc-plus-flycart-30\\\/\"]}]},{\"@type\":\"ImageObject\",\"inLanguage\":\"pt-PT\",\"@id\":\"https:\\\/\\\/www.ghostysky.com\\\/product\\\/dji-rc-plus-flycart-30\\\/#primaryimage\",\"url\":\"https:\\\/\\\/www.ghostysky.com\\\/wp-content\\\/uploads\\\/2024\\\/03\\\/GH_Flycart_30_RC_3.jpg\",\"contentUrl\":\"https:\\\/\\\/www.ghostysky.com\\\/wp-content\\\/uploads\\\/2024\\\/03\\\/GH_Flycart_30_RC_3.jpg\",\"width\":800,\"height\":800},{\"@type\":\"BreadcrumbList\",\"@id\":\"https:\\\/\\\/www.ghostysky.com\\\/product\\\/dji-rc-plus-flycart-30\\\/#breadcrumb\",\"itemListElement\":[{\"@type\":\"ListItem\",\"position\":1,\"name\":\"Home\",\"item\":\"https:\\\/\\\/www.ghostysky.com\\\/\"},{\"@type\":\"ListItem\",\"position\":2,\"name\":\"Shop\",\"item\":\"https:\\\/\\\/www.ghostysky.com\\\/shop\\\/\"},{\"@type\":\"ListItem\",\"position\":3,\"name\":\"DJI RC Plus (FlyCart 30)\"}]},{\"@type\":\"WebSite\",\"@id\":\"https:\\\/\\\/www.ghostysky.com\\\/#website\",\"url\":\"https:\\\/\\\/www.ghostysky.com\\\/\",\"name\":\"Ghostysky\",\"description\":\"Delivering professional drones and robotics solutions\",\"publisher\":{\"@id\":\"https:\\\/\\\/www.ghostysky.com\\\/#organization\"},\"potentialAction\":[{\"@type\":\"SearchAction\",\"target\":{\"@type\":\"EntryPoint\",\"urlTemplate\":\"https:\\\/\\\/www.ghostysky.com\\\/?s={search_term_string}\"},\"query-input\":{\"@type\":\"PropertyValueSpecification\",\"valueRequired\":true,\"valueName\":\"search_term_string\"}}],\"inLanguage\":\"pt-PT\"},{\"@type\":\"Organization\",\"@id\":\"https:\\\/\\\/www.ghostysky.com\\\/#organization\",\"name\":\"Ghostysky\",\"url\":\"https:\\\/\\\/www.ghostysky.com\\\/\",\"logo\":{\"@type\":\"ImageObject\",\"inLanguage\":\"pt-PT\",\"@id\":\"https:\\\/\\\/www.ghostysky.com\\\/#\\\/schema\\\/logo\\\/image\\\/\",\"url\":\"https:\\\/\\\/www.ghostysky.com\\\/wp-content\\\/uploads\\\/2020\\\/06\\\/cropped-ghostyskylogo_text_white2.png\",\"contentUrl\":\"https:\\\/\\\/www.ghostysky.com\\\/wp-content\\\/uploads\\\/2020\\\/06\\\/cropped-ghostyskylogo_text_white2.png\",\"width\":169,\"height\":56,\"caption\":\"Ghostysky\"},\"image\":{\"@id\":\"https:\\\/\\\/www.ghostysky.com\\\/#\\\/schema\\\/logo\\\/image\\\/\"},\"sameAs\":[\"https:\\\/\\\/www.facebook.com\\\/people\\\/Ghostysky\\\/100057676170234\\\/\",\"https:\\\/\\\/x.com\\\/Gh0stysky\",\"https:\\\/\\\/www.linkedin.com\\\/company\\\/34739653\",\"https:\\\/\\\/www.instagram.com\\\/gh0stysky\"]}]}<\/script>\n<!-- \/ Yoast SEO plugin. -->","yoast_head_json":{"title":"DJI RC Plus (FlyCart 30) - Ghostysky","description":"O DJI RC Plus \u00e9 um controle remoto projetado especificamente para uso com o DJI FlyCart 30, um drone de longo alcance e levantamento pesado destinado a aplica\u00e7\u00f5es industriais","robots":{"index":"index","follow":"follow","max-snippet":"max-snippet:-1","max-image-preview":"max-image-preview:large","max-video-preview":"max-video-preview:-1"},"canonical":"https:\/\/www.ghostysky.com\/pt\/produto-2\/dji-rc-plus-flycart-30\/","og_locale":"pt_PT","og_type":"article","og_title":"DJI RC Plus (FlyCart 30) - Ghostysky","og_description":"The DJI RC Plus is a remote controller specifically designed for use with the DJI FlyCart 30, a long-range, heavy-lift drone intended for industrial applications","og_url":"https:\/\/www.ghostysky.com\/pt\/produto-2\/dji-rc-plus-flycart-30\/","og_site_name":"Ghostysky","article_publisher":"https:\/\/www.facebook.com\/people\/Ghostysky\/100057676170234\/","article_modified_time":"2024-05-26T08:54:30+00:00","og_image":[{"width":800,"height":800,"url":"https:\/\/www.ghostysky.com\/wp-content\/uploads\/2024\/03\/GH_Flycart_30_RC_3.jpg","type":"image\/jpeg"}],"twitter_card":"summary_large_image","twitter_site":"@Gh0stysky","twitter_misc":{"Tempo estimado de leitura":"1 minuto"},"schema":{"@context":"https:\/\/schema.org","@graph":[{"@type":"WebPage","@id":"https:\/\/www.ghostysky.com\/product\/dji-rc-plus-flycart-30\/","url":"https:\/\/www.ghostysky.com\/product\/dji-rc-plus-flycart-30\/","name":"DJI RC Plus (FlyCart 30) - Ghostysky","isPartOf":{"@id":"https:\/\/www.ghostysky.com\/#website"},"primaryImageOfPage":{"@id":"https:\/\/www.ghostysky.com\/product\/dji-rc-plus-flycart-30\/#primaryimage"},"image":{"@id":"https:\/\/www.ghostysky.com\/product\/dji-rc-plus-flycart-30\/#primaryimage"},"thumbnailUrl":"https:\/\/www.ghostysky.com\/wp-content\/uploads\/2024\/03\/GH_Flycart_30_RC_3.jpg","datePublished":"2024-03-16T08:39:16+00:00","dateModified":"2024-05-26T08:54:30+00:00","description":"O DJI RC Plus \u00e9 um controle remoto projetado especificamente para uso com o DJI FlyCart 30, um drone de longo alcance e levantamento pesado destinado a aplica\u00e7\u00f5es industriais","breadcrumb":{"@id":"https:\/\/www.ghostysky.com\/product\/dji-rc-plus-flycart-30\/#breadcrumb"},"inLanguage":"pt-PT","potentialAction":[{"@type":"ReadAction","target":["https:\/\/www.ghostysky.com\/product\/dji-rc-plus-flycart-30\/"]}]},{"@type":"ImageObject","inLanguage":"pt-PT","@id":"https:\/\/www.ghostysky.com\/product\/dji-rc-plus-flycart-30\/#primaryimage","url":"https:\/\/www.ghostysky.com\/wp-content\/uploads\/2024\/03\/GH_Flycart_30_RC_3.jpg","contentUrl":"https:\/\/www.ghostysky.com\/wp-content\/uploads\/2024\/03\/GH_Flycart_30_RC_3.jpg","width":800,"height":800},{"@type":"BreadcrumbList","@id":"https:\/\/www.ghostysky.com\/product\/dji-rc-plus-flycart-30\/#breadcrumb","itemListElement":[{"@type":"ListItem","position":1,"name":"Home","item":"https:\/\/www.ghostysky.com\/"},{"@type":"ListItem","position":2,"name":"Shop","item":"https:\/\/www.ghostysky.com\/shop\/"},{"@type":"ListItem","position":3,"name":"DJI RC Plus (FlyCart 30)"}]},{"@type":"WebSite","@id":"https:\/\/www.ghostysky.com\/#website","url":"https:\/\/www.ghostysky.com\/","name":"Ghostysky","description":"Fornecendo solu\u00e7\u00f5es profissionais em drones e rob\u00f3tica.","publisher":{"@id":"https:\/\/www.ghostysky.com\/#organization"},"potentialAction":[{"@type":"SearchAction","target":{"@type":"EntryPoint","urlTemplate":"https:\/\/www.ghostysky.com\/?s={search_term_string}"},"query-input":{"@type":"PropertyValueSpecification","valueRequired":true,"valueName":"search_term_string"}}],"inLanguage":"pt-PT"},{"@type":"Organization","@id":"https:\/\/www.ghostysky.com\/#organization","name":"Ghostysky","url":"https:\/\/www.ghostysky.com\/","logo":{"@type":"ImageObject","inLanguage":"pt-PT","@id":"https:\/\/www.ghostysky.com\/#\/schema\/logo\/image\/","url":"https:\/\/www.ghostysky.com\/wp-content\/uploads\/2020\/06\/cropped-ghostyskylogo_text_white2.png","contentUrl":"https:\/\/www.ghostysky.com\/wp-content\/uploads\/2020\/06\/cropped-ghostyskylogo_text_white2.png","width":169,"height":56,"caption":"Ghostysky"},"image":{"@id":"https:\/\/www.ghostysky.com\/#\/schema\/logo\/image\/"},"sameAs":["https:\/\/www.facebook.com\/people\/Ghostysky\/100057676170234\/","https:\/\/x.com\/Gh0stysky","https:\/\/www.linkedin.com\/company\/34739653","https:\/\/www.instagram.com\/gh0stysky"]}]}},"_links":{"self":[{"href":"https:\/\/www.ghostysky.com\/pt\/wp-json\/wp\/v2\/product\/17354","targetHints":{"allow":["GET"]}}],"collection":[{"href":"https:\/\/www.ghostysky.com\/pt\/wp-json\/wp\/v2\/product"}],"about":[{"href":"https:\/\/www.ghostysky.com\/pt\/wp-json\/wp\/v2\/types\/product"}],"replies":[{"embeddable":true,"href":"https:\/\/www.ghostysky.com\/pt\/wp-json\/wp\/v2\/comments?post=17354"}],"version-history":[{"count":0,"href":"https:\/\/www.ghostysky.com\/pt\/wp-json\/wp\/v2\/product\/17354\/revisions"}],"wp:featuredmedia":[{"embeddable":true,"href":"https:\/\/www.ghostysky.com\/pt\/wp-json\/wp\/v2\/media\/17356"}],"wp:attachment":[{"href":"https:\/\/www.ghostysky.com\/pt\/wp-json\/wp\/v2\/media?parent=17354"}],"wp:term":[{"taxonomy":"product_brand","embeddable":true,"href":"https:\/\/www.ghostysky.com\/pt\/wp-json\/wp\/v2\/product_brand?post=17354"},{"taxonomy":"product_cat","embeddable":true,"href":"https:\/\/www.ghostysky.com\/pt\/wp-json\/wp\/v2\/product_cat?post=17354"},{"taxonomy":"product_tag","embeddable":true,"href":"https:\/\/www.ghostysky.com\/pt\/wp-json\/wp\/v2\/product_tag?post=17354"}],"curies":[{"name":"wp","href":"https:\/\/api.w.org\/{rel}","templated":true}]}}