{"id":17366,"date":"2024-03-16T08:56:44","date_gmt":"2024-03-16T08:56:44","guid":{"rendered":"https:\/\/www.ghostysky.com\/?post_type=product&#038;p=17366"},"modified":"2024-08-08T13:08:50","modified_gmt":"2024-08-08T13:08:50","slug":"dji-c8000-intelligent-battery-station","status":"publish","type":"product","link":"https:\/\/www.ghostysky.com\/pt\/product\/dji-c8000-intelligent-battery-station\/","title":{"rendered":"Esta\u00e7\u00e3o de bateria inteligente DJI C8000"},"content":{"rendered":"<p><strong>Recursos<\/strong><\/p>\n<ul data-sourcepos=\"3:1-8:0\">\n<li data-sourcepos=\"3:1-3:115\"><strong>Carregamento de bateria dupla e \u00fanica:<\/strong>\u00a0Ele pode carregar duas baterias simultaneamente ou carregar rapidamente uma \u00fanica bateria.<\/li>\n<li data-sourcepos=\"4:1-4:149\"><strong>Alta pot\u00eancia e adaptabilidade:<\/strong>\u00a0Com uma pot\u00eancia m\u00e1xima de carregamento de 7200 W, ele pode lidar com geradores padr\u00e3o gra\u00e7as ao seu recurso de tens\u00e3o adaptativa.<\/li>\n<li data-sourcepos=\"5:1-5:169\"><strong>Monitoramento Inteligente:<\/strong>\u00a0Ele monitora o status da bateria e ajusta a corrente de carga automaticamente. Ele pode at\u00e9 continuar carregando mesmo se os orif\u00edcios de ventila\u00e7\u00e3o estiverem bloqueados.<\/li>\n<li data-sourcepos=\"6:1-6:113\"><strong>Caracter\u00edsticas de seguran\u00e7a:<\/strong>\u00a0Inclui prote\u00e7\u00e3o contra sobrecorrente, sobrecarga, subtens\u00e3o e superaquecimento.<\/li>\n<li data-sourcepos=\"7:1-8:0\"><strong>Exibi\u00e7\u00e3o de status e conectividade:<\/strong>\u00a0Os LEDs indicam o status do carregamento e uma luz de advert\u00eancia alerta sobre erros. Ele tamb\u00e9m possui uma conex\u00e3o USB-C para conex\u00e3o a um controle remoto, que d\u00e1 acesso a um aplicativo para informa\u00e7\u00f5es detalhadas da bateria e diagn\u00f3stico de erros.<\/li>\n<\/ul>\n<p data-sourcepos=\"9:1-9:169\">No geral, a esta\u00e7\u00e3o de bateria inteligente DJI C8000 \u00e9 uma solu\u00e7\u00e3o de carregamento poderosa e inteligente projetada para manter seu DJI FlyCart 30 operacional por longos per\u00edodos.<\/p>\n<p data-sourcepos=\"1:1-1:114\"><strong>Especifica\u00e7\u00f5es t\u00e9cnicas<\/strong><\/p>\n<ul data-sourcepos=\"3:1-8:0\">\n<li data-sourcepos=\"3:1-3:92\"><strong>Capacidade de carregamento duplo:<\/strong>\u00a0Carrega duas baterias simultaneamente, otimizando a efici\u00eancia.<\/li>\n<li data-sourcepos=\"4:1-4:87\"><strong>Carregamento r\u00e1pido:<\/strong>\u00a0Oferece carregamento de alta velocidade com uma pot\u00eancia m\u00e1xima de 7200W.<\/li>\n<li data-sourcepos=\"5:1-5:108\"><strong>Tens\u00e3o de carregamento adaptativa:<\/strong>\u00a0Funciona com geradores padr\u00e3o ajustando automaticamente a tens\u00e3o de carga.<\/li>\n<li data-sourcepos=\"6:1-6:156\"><strong>Monitoramento Inteligente:<\/strong>\u00a0Fornece monitoramento inteligente do processo de carregamento e ajusta automaticamente os par\u00e2metros de carregamento para desempenho ideal.<\/li>\n<li data-sourcepos=\"7:1-8:0\"><strong>Caracter\u00edsticas de seguran\u00e7a:<\/strong>\u00a0Inclui recursos de seguran\u00e7a para evitar a opera\u00e7\u00e3o sob aberturas de ventila\u00e7\u00e3o bloqueadas e garantir um carregamento seguro em geral.<\/li>\n<\/ul>","protected":false},"excerpt":{"rendered":"<p>A esta\u00e7\u00e3o de bateria inteligente DJI C8000 \u00e9 um carregador projetado especificamente para o DJI FlyCart 30, um drone de entrega.<\/p>","protected":false},"featured_media":17367,"comment_status":"open","ping_status":"closed","template":"","meta":[],"product_brand":[],"product_cat":[743,37,29,741],"product_tag":[747,749,42,744],"class_list":{"0":"post-17366","1":"product","2":"type-product","3":"status-publish","4":"has-post-thumbnail","6":"product_cat-accessories-flycart","7":"product_cat-dji","8":"product_cat-drones","9":"product_cat-flycart","10":"product_tag-accessories","11":"product_tag-c8000-intelligent-battery-station","12":"product_tag-dji","13":"product_tag-flycart-30","15":"first","16":"onbackorder","17":"taxable","18":"shipping-taxable","19":"purchasable","20":"product-type-simple"},"yoast_head":"<!-- This site is optimized with the Yoast SEO plugin v27.1.1 - https:\/\/yoast.com\/product\/yoast-seo-wordpress\/ -->\n<title>DJI C8000 Intelligent Battery Station - Ghostysky<\/title>\n<meta name=\"description\" content=\"The DJI C8000 Intelligent Battery Station is a charger designed specifically for the DJI FlyCart 30, a delivery drone.\" \/>\n<meta name=\"robots\" content=\"index, follow, max-snippet:-1, max-image-preview:large, max-video-preview:-1\" \/>\n<link rel=\"canonical\" href=\"https:\/\/www.ghostysky.com\/pt\/produto-2\/dji-c8000-intelligent-battery-station\/\" \/>\n<meta property=\"og:locale\" content=\"pt_PT\" \/>\n<meta property=\"og:type\" content=\"article\" \/>\n<meta property=\"og:title\" content=\"DJI C8000 Intelligent Battery Station - Ghostysky\" \/>\n<meta property=\"og:description\" content=\"The DJI C8000 Intelligent Battery Station is a charger designed specifically for the DJI FlyCart 30, a delivery drone.\" \/>\n<meta property=\"og:url\" content=\"https:\/\/www.ghostysky.com\/pt\/produto-2\/dji-c8000-intelligent-battery-station\/\" \/>\n<meta property=\"og:site_name\" content=\"Ghostysky\" \/>\n<meta property=\"article:publisher\" content=\"https:\/\/www.facebook.com\/people\/Ghostysky\/100057676170234\/\" \/>\n<meta property=\"article:modified_time\" content=\"2024-08-08T13:08:50+00:00\" \/>\n<meta property=\"og:image\" content=\"https:\/\/www.ghostysky.com\/wp-content\/uploads\/2024\/03\/GH_DJI_FC_C8000.jpg\" \/>\n\t<meta property=\"og:image:width\" content=\"800\" \/>\n\t<meta property=\"og:image:height\" content=\"800\" \/>\n\t<meta property=\"og:image:type\" content=\"image\/jpeg\" \/>\n<meta name=\"twitter:card\" content=\"summary_large_image\" \/>\n<meta name=\"twitter:site\" content=\"@Gh0stysky\" \/>\n<meta name=\"twitter:label1\" content=\"Tempo estimado de leitura\" \/>\n\t<meta name=\"twitter:data1\" content=\"1 minuto\" \/>\n<script type=\"application\/ld+json\" class=\"yoast-schema-graph\">{\"@context\":\"https:\/\/schema.org\",\"@graph\":[{\"@type\":\"WebPage\",\"@id\":\"https:\/\/www.ghostysky.com\/product\/dji-c8000-intelligent-battery-station\/\",\"url\":\"https:\/\/www.ghostysky.com\/product\/dji-c8000-intelligent-battery-station\/\",\"name\":\"DJI C8000 Intelligent Battery Station - Ghostysky\",\"isPartOf\":{\"@id\":\"https:\/\/www.ghostysky.com\/#website\"},\"primaryImageOfPage\":{\"@id\":\"https:\/\/www.ghostysky.com\/product\/dji-c8000-intelligent-battery-station\/#primaryimage\"},\"image\":{\"@id\":\"https:\/\/www.ghostysky.com\/product\/dji-c8000-intelligent-battery-station\/#primaryimage\"},\"thumbnailUrl\":\"https:\/\/www.ghostysky.com\/wp-content\/uploads\/2024\/03\/GH_DJI_FC_C8000.jpg\",\"datePublished\":\"2024-03-16T08:56:44+00:00\",\"dateModified\":\"2024-08-08T13:08:50+00:00\",\"description\":\"The DJI C8000 Intelligent Battery Station is a charger designed specifically for the DJI FlyCart 30, a delivery drone.\",\"breadcrumb\":{\"@id\":\"https:\/\/www.ghostysky.com\/product\/dji-c8000-intelligent-battery-station\/#breadcrumb\"},\"inLanguage\":\"pt-PT\",\"potentialAction\":[{\"@type\":\"ReadAction\",\"target\":[\"https:\/\/www.ghostysky.com\/product\/dji-c8000-intelligent-battery-station\/\"]}]},{\"@type\":\"ImageObject\",\"inLanguage\":\"pt-PT\",\"@id\":\"https:\/\/www.ghostysky.com\/product\/dji-c8000-intelligent-battery-station\/#primaryimage\",\"url\":\"https:\/\/www.ghostysky.com\/wp-content\/uploads\/2024\/03\/GH_DJI_FC_C8000.jpg\",\"contentUrl\":\"https:\/\/www.ghostysky.com\/wp-content\/uploads\/2024\/03\/GH_DJI_FC_C8000.jpg\",\"width\":800,\"height\":800},{\"@type\":\"BreadcrumbList\",\"@id\":\"https:\/\/www.ghostysky.com\/product\/dji-c8000-intelligent-battery-station\/#breadcrumb\",\"itemListElement\":[{\"@type\":\"ListItem\",\"position\":1,\"name\":\"Home\",\"item\":\"https:\/\/www.ghostysky.com\/\"},{\"@type\":\"ListItem\",\"position\":2,\"name\":\"Shop\",\"item\":\"https:\/\/www.ghostysky.com\/shop\/\"},{\"@type\":\"ListItem\",\"position\":3,\"name\":\"DJI C8000 Intelligent Battery Station\"}]},{\"@type\":\"WebSite\",\"@id\":\"https:\/\/www.ghostysky.com\/#website\",\"url\":\"https:\/\/www.ghostysky.com\/\",\"name\":\"Ghostysky\",\"description\":\"Delivering professional drones and services\",\"publisher\":{\"@id\":\"https:\/\/www.ghostysky.com\/#organization\"},\"potentialAction\":[{\"@type\":\"SearchAction\",\"target\":{\"@type\":\"EntryPoint\",\"urlTemplate\":\"https:\/\/www.ghostysky.com\/?s={search_term_string}\"},\"query-input\":{\"@type\":\"PropertyValueSpecification\",\"valueRequired\":true,\"valueName\":\"search_term_string\"}}],\"inLanguage\":\"pt-PT\"},{\"@type\":\"Organization\",\"@id\":\"https:\/\/www.ghostysky.com\/#organization\",\"name\":\"Ghostysky\",\"url\":\"https:\/\/www.ghostysky.com\/\",\"logo\":{\"@type\":\"ImageObject\",\"inLanguage\":\"pt-PT\",\"@id\":\"https:\/\/www.ghostysky.com\/#\/schema\/logo\/image\/\",\"url\":\"https:\/\/www.ghostysky.com\/wp-content\/uploads\/2020\/06\/cropped-ghostyskylogo_text_white2.png\",\"contentUrl\":\"https:\/\/www.ghostysky.com\/wp-content\/uploads\/2020\/06\/cropped-ghostyskylogo_text_white2.png\",\"width\":169,\"height\":56,\"caption\":\"Ghostysky\"},\"image\":{\"@id\":\"https:\/\/www.ghostysky.com\/#\/schema\/logo\/image\/\"},\"sameAs\":[\"https:\/\/www.facebook.com\/people\/Ghostysky\/100057676170234\/\",\"https:\/\/x.com\/Gh0stysky\",\"https:\/\/www.linkedin.com\/company\/34739653\",\"https:\/\/www.instagram.com\/gh0stysky\"]}]}<\/script>\n<!-- \/ Yoast SEO plugin. -->","yoast_head_json":{"title":"Esta\u00e7\u00e3o de bateria inteligente DJI C8000 - Ghostysky","description":"A esta\u00e7\u00e3o de bateria inteligente DJI C8000 \u00e9 um carregador projetado especificamente para o DJI FlyCart 30, um drone de entrega.","robots":{"index":"index","follow":"follow","max-snippet":"max-snippet:-1","max-image-preview":"max-image-preview:large","max-video-preview":"max-video-preview:-1"},"canonical":"https:\/\/www.ghostysky.com\/pt\/produto-2\/dji-c8000-intelligent-battery-station\/","og_locale":"pt_PT","og_type":"article","og_title":"DJI C8000 Intelligent Battery Station - Ghostysky","og_description":"The DJI C8000 Intelligent Battery Station is a charger designed specifically for the DJI FlyCart 30, a delivery drone.","og_url":"https:\/\/www.ghostysky.com\/pt\/produto-2\/dji-c8000-intelligent-battery-station\/","og_site_name":"Ghostysky","article_publisher":"https:\/\/www.facebook.com\/people\/Ghostysky\/100057676170234\/","article_modified_time":"2024-08-08T13:08:50+00:00","og_image":[{"width":800,"height":800,"url":"https:\/\/www.ghostysky.com\/wp-content\/uploads\/2024\/03\/GH_DJI_FC_C8000.jpg","type":"image\/jpeg"}],"twitter_card":"summary_large_image","twitter_site":"@Gh0stysky","twitter_misc":{"Tempo estimado de leitura":"1 minuto"},"schema":{"@context":"https:\/\/schema.org","@graph":[{"@type":"WebPage","@id":"https:\/\/www.ghostysky.com\/product\/dji-c8000-intelligent-battery-station\/","url":"https:\/\/www.ghostysky.com\/product\/dji-c8000-intelligent-battery-station\/","name":"Esta\u00e7\u00e3o de bateria inteligente DJI C8000 - Ghostysky","isPartOf":{"@id":"https:\/\/www.ghostysky.com\/#website"},"primaryImageOfPage":{"@id":"https:\/\/www.ghostysky.com\/product\/dji-c8000-intelligent-battery-station\/#primaryimage"},"image":{"@id":"https:\/\/www.ghostysky.com\/product\/dji-c8000-intelligent-battery-station\/#primaryimage"},"thumbnailUrl":"https:\/\/www.ghostysky.com\/wp-content\/uploads\/2024\/03\/GH_DJI_FC_C8000.jpg","datePublished":"2024-03-16T08:56:44+00:00","dateModified":"2024-08-08T13:08:50+00:00","description":"A esta\u00e7\u00e3o de bateria inteligente DJI C8000 \u00e9 um carregador projetado especificamente para o DJI FlyCart 30, um drone de entrega.","breadcrumb":{"@id":"https:\/\/www.ghostysky.com\/product\/dji-c8000-intelligent-battery-station\/#breadcrumb"},"inLanguage":"pt-PT","potentialAction":[{"@type":"ReadAction","target":["https:\/\/www.ghostysky.com\/product\/dji-c8000-intelligent-battery-station\/"]}]},{"@type":"ImageObject","inLanguage":"pt-PT","@id":"https:\/\/www.ghostysky.com\/product\/dji-c8000-intelligent-battery-station\/#primaryimage","url":"https:\/\/www.ghostysky.com\/wp-content\/uploads\/2024\/03\/GH_DJI_FC_C8000.jpg","contentUrl":"https:\/\/www.ghostysky.com\/wp-content\/uploads\/2024\/03\/GH_DJI_FC_C8000.jpg","width":800,"height":800},{"@type":"BreadcrumbList","@id":"https:\/\/www.ghostysky.com\/product\/dji-c8000-intelligent-battery-station\/#breadcrumb","itemListElement":[{"@type":"ListItem","position":1,"name":"Home","item":"https:\/\/www.ghostysky.com\/"},{"@type":"ListItem","position":2,"name":"Shop","item":"https:\/\/www.ghostysky.com\/shop\/"},{"@type":"ListItem","position":3,"name":"DJI C8000 Intelligent Battery Station"}]},{"@type":"WebSite","@id":"https:\/\/www.ghostysky.com\/#website","url":"https:\/\/www.ghostysky.com\/","name":"Ghostysky","description":"Fornecendo drones e servi\u00e7os profissionais","publisher":{"@id":"https:\/\/www.ghostysky.com\/#organization"},"potentialAction":[{"@type":"SearchAction","target":{"@type":"EntryPoint","urlTemplate":"https:\/\/www.ghostysky.com\/?s={search_term_string}"},"query-input":{"@type":"PropertyValueSpecification","valueRequired":true,"valueName":"search_term_string"}}],"inLanguage":"pt-PT"},{"@type":"Organization","@id":"https:\/\/www.ghostysky.com\/#organization","name":"Ghostysky","url":"https:\/\/www.ghostysky.com\/","logo":{"@type":"ImageObject","inLanguage":"pt-PT","@id":"https:\/\/www.ghostysky.com\/#\/schema\/logo\/image\/","url":"https:\/\/www.ghostysky.com\/wp-content\/uploads\/2020\/06\/cropped-ghostyskylogo_text_white2.png","contentUrl":"https:\/\/www.ghostysky.com\/wp-content\/uploads\/2020\/06\/cropped-ghostyskylogo_text_white2.png","width":169,"height":56,"caption":"Ghostysky"},"image":{"@id":"https:\/\/www.ghostysky.com\/#\/schema\/logo\/image\/"},"sameAs":["https:\/\/www.facebook.com\/people\/Ghostysky\/100057676170234\/","https:\/\/x.com\/Gh0stysky","https:\/\/www.linkedin.com\/company\/34739653","https:\/\/www.instagram.com\/gh0stysky"]}]}},"_links":{"self":[{"href":"https:\/\/www.ghostysky.com\/pt\/wp-json\/wp\/v2\/product\/17366","targetHints":{"allow":["GET"]}}],"collection":[{"href":"https:\/\/www.ghostysky.com\/pt\/wp-json\/wp\/v2\/product"}],"about":[{"href":"https:\/\/www.ghostysky.com\/pt\/wp-json\/wp\/v2\/types\/product"}],"replies":[{"embeddable":true,"href":"https:\/\/www.ghostysky.com\/pt\/wp-json\/wp\/v2\/comments?post=17366"}],"wp:featuredmedia":[{"embeddable":true,"href":"https:\/\/www.ghostysky.com\/pt\/wp-json\/wp\/v2\/media\/17367"}],"wp:attachment":[{"href":"https:\/\/www.ghostysky.com\/pt\/wp-json\/wp\/v2\/media?parent=17366"}],"wp:term":[{"taxonomy":"product_brand","embeddable":true,"href":"https:\/\/www.ghostysky.com\/pt\/wp-json\/wp\/v2\/product_brand?post=17366"},{"taxonomy":"product_cat","embeddable":true,"href":"https:\/\/www.ghostysky.com\/pt\/wp-json\/wp\/v2\/product_cat?post=17366"},{"taxonomy":"product_tag","embeddable":true,"href":"https:\/\/www.ghostysky.com\/pt\/wp-json\/wp\/v2\/product_tag?post=17366"}],"curies":[{"name":"wp","href":"https:\/\/api.w.org\/{rel}","templated":true}]}}