{"id":17369,"date":"2024-03-16T09:01:14","date_gmt":"2024-03-16T09:01:14","guid":{"rendered":"https:\/\/www.ghostysky.com\/?post_type=product&#038;p=17369"},"modified":"2024-03-16T09:03:57","modified_gmt":"2024-03-16T09:03:57","slug":"dji-cellular-4g-dongle","status":"publish","type":"product","link":"https:\/\/www.ghostysky.com\/pt\/product\/dji-cellular-4g-dongle\/","title":{"rendered":"Celular DJI (dongle 4G)"},"content":{"rendered":"<p><strong>Recursos<\/strong><\/p>\n<ul data-sourcepos=\"3:1-8:0\">\n<li data-sourcepos=\"3:1-4:0\">\n<p data-sourcepos=\"3:3-3:335\"><strong>Transmiss\u00e3o de v\u00eddeo aprimorada:<\/strong> Se o sistema de transmiss\u00e3o de v\u00eddeo DJI O3 do drone sofrer interfer\u00eancia, a conex\u00e3o 4G poder\u00e1 fornecer um sinal de backup, ajudando a manter uma transmiss\u00e3o de v\u00eddeo suave e confi\u00e1vel. Isto \u00e9 especialmente importante para aplica\u00e7\u00f5es onde o v\u00eddeo em tempo real \u00e9 fundamental, como busca e salvamento ou transmiss\u00e3o ao vivo.<\/p>\n<\/li>\n<li data-sourcepos=\"5:1-6:0\">\n<p data-sourcepos=\"5:3-5:263\"><strong>Maior seguran\u00e7a de voo:<\/strong> Por ter uma conex\u00e3o de backup, o DJI Cellular Dongle pode ajudar a melhorar a seguran\u00e7a do voo. Se o sinal O3 for perdido, o drone ainda poder\u00e1 se comunicar com o piloto e retransmitir dados importantes de telemetria, como localiza\u00e7\u00e3o e altitude.<\/p>\n<\/li>\n<li data-sourcepos=\"7:1-8:0\">\n<p data-sourcepos=\"7:3-7:294\"><strong>Suporte de rede RTK:<\/strong> O dongle 4G tamb\u00e9m pode ser usado para suportar posicionamento RTK (Real-Time Kinematic), que \u00e9 um tipo de GPS que fornece dados de posicionamento altamente precisos em n\u00edvel centim\u00e9trico. Isso pode ser \u00fatil para aplica\u00e7\u00f5es que exigem navega\u00e7\u00e3o precisa, como levantamento topogr\u00e1fico ou mapeamento.<\/p>\n<\/li>\n<\/ul>\n<p data-sourcepos=\"9:1-9:197\">No geral, o DJI Cellular (4G Dongle) \u00e9 um acess\u00f3rio valioso para o drone FlyCart 30 que pode melhorar a estabilidade da transmiss\u00e3o de v\u00eddeo, aumentar a seguran\u00e7a do voo e fornecer suporte para posicionamento RTK.<\/p>","protected":false},"excerpt":{"rendered":"<p>O DJI Cellular (4G Dongle) \u00e9 um acess\u00f3rio para o drone DJI FlyCart 30 que fornece uma conex\u00e3o celular 4G est\u00e1vel.<\/p>","protected":false},"featured_media":17371,"comment_status":"open","ping_status":"closed","template":"","meta":[],"product_brand":[],"product_cat":[743,29,741],"product_tag":[747,750,42,744],"class_list":{"0":"post-17369","1":"product","2":"type-product","3":"status-publish","4":"has-post-thumbnail","6":"product_cat-accessories-flycart","7":"product_cat-drones","8":"product_cat-flycart","9":"product_tag-accessories","10":"product_tag-cellular-4g-dongle","11":"product_tag-dji","12":"product_tag-flycart-30","14":"first","15":"onbackorder","16":"taxable","17":"shipping-taxable","18":"purchasable","19":"product-type-simple"},"yoast_head":"<!-- This site is optimized with the Yoast SEO plugin v27.4 - https:\/\/yoast.com\/product\/yoast-seo-wordpress\/ -->\n<title>DJI Cellular (4G Dongle) - Ghostysky<\/title>\n<meta name=\"description\" content=\"The DJI Cellular (4G Dongle) is an accessory for the DJI FlyCart 30 drone that provides it with a stable 4G cellular connection.\" \/>\n<meta name=\"robots\" content=\"index, follow, max-snippet:-1, max-image-preview:large, max-video-preview:-1\" \/>\n<link rel=\"canonical\" href=\"https:\/\/www.ghostysky.com\/pt\/produto-2\/dji-cellular-4g-dongle\/\" \/>\n<meta property=\"og:locale\" content=\"pt_PT\" \/>\n<meta property=\"og:type\" content=\"article\" \/>\n<meta property=\"og:title\" content=\"DJI Cellular (4G Dongle) - Ghostysky\" \/>\n<meta property=\"og:description\" content=\"The DJI Cellular (4G Dongle) is an accessory for the DJI FlyCart 30 drone that provides it with a stable 4G cellular connection.\" \/>\n<meta property=\"og:url\" content=\"https:\/\/www.ghostysky.com\/pt\/produto-2\/dji-cellular-4g-dongle\/\" \/>\n<meta property=\"og:site_name\" content=\"Ghostysky\" \/>\n<meta property=\"article:publisher\" content=\"https:\/\/www.facebook.com\/people\/Ghostysky\/100057676170234\/\" \/>\n<meta property=\"article:modified_time\" content=\"2024-03-16T09:03:57+00:00\" \/>\n<meta property=\"og:image\" content=\"https:\/\/www.ghostysky.com\/wp-content\/uploads\/2024\/03\/GH_DJI_FC_4GDONGLE.jpg\" \/>\n\t<meta property=\"og:image:width\" content=\"800\" \/>\n\t<meta property=\"og:image:height\" content=\"800\" \/>\n\t<meta property=\"og:image:type\" content=\"image\/jpeg\" \/>\n<meta name=\"twitter:card\" content=\"summary_large_image\" \/>\n<meta name=\"twitter:site\" content=\"@Gh0stysky\" \/>\n<meta name=\"twitter:label1\" content=\"Tempo estimado de leitura\" \/>\n\t<meta name=\"twitter:data1\" content=\"1 minuto\" \/>\n<script type=\"application\/ld+json\" class=\"yoast-schema-graph\">{\"@context\":\"https:\\\/\\\/schema.org\",\"@graph\":[{\"@type\":\"WebPage\",\"@id\":\"https:\\\/\\\/www.ghostysky.com\\\/product\\\/dji-cellular-4g-dongle\\\/\",\"url\":\"https:\\\/\\\/www.ghostysky.com\\\/product\\\/dji-cellular-4g-dongle\\\/\",\"name\":\"DJI Cellular (4G Dongle) - Ghostysky\",\"isPartOf\":{\"@id\":\"https:\\\/\\\/www.ghostysky.com\\\/#website\"},\"primaryImageOfPage\":{\"@id\":\"https:\\\/\\\/www.ghostysky.com\\\/product\\\/dji-cellular-4g-dongle\\\/#primaryimage\"},\"image\":{\"@id\":\"https:\\\/\\\/www.ghostysky.com\\\/product\\\/dji-cellular-4g-dongle\\\/#primaryimage\"},\"thumbnailUrl\":\"https:\\\/\\\/www.ghostysky.com\\\/wp-content\\\/uploads\\\/2024\\\/03\\\/GH_DJI_FC_4GDONGLE.jpg\",\"datePublished\":\"2024-03-16T09:01:14+00:00\",\"dateModified\":\"2024-03-16T09:03:57+00:00\",\"description\":\"The DJI Cellular (4G Dongle) is an accessory for the DJI FlyCart 30 drone that provides it with a stable 4G cellular connection.\",\"breadcrumb\":{\"@id\":\"https:\\\/\\\/www.ghostysky.com\\\/product\\\/dji-cellular-4g-dongle\\\/#breadcrumb\"},\"inLanguage\":\"pt-PT\",\"potentialAction\":[{\"@type\":\"ReadAction\",\"target\":[\"https:\\\/\\\/www.ghostysky.com\\\/product\\\/dji-cellular-4g-dongle\\\/\"]}]},{\"@type\":\"ImageObject\",\"inLanguage\":\"pt-PT\",\"@id\":\"https:\\\/\\\/www.ghostysky.com\\\/product\\\/dji-cellular-4g-dongle\\\/#primaryimage\",\"url\":\"https:\\\/\\\/www.ghostysky.com\\\/wp-content\\\/uploads\\\/2024\\\/03\\\/GH_DJI_FC_4GDONGLE.jpg\",\"contentUrl\":\"https:\\\/\\\/www.ghostysky.com\\\/wp-content\\\/uploads\\\/2024\\\/03\\\/GH_DJI_FC_4GDONGLE.jpg\",\"width\":800,\"height\":800},{\"@type\":\"BreadcrumbList\",\"@id\":\"https:\\\/\\\/www.ghostysky.com\\\/product\\\/dji-cellular-4g-dongle\\\/#breadcrumb\",\"itemListElement\":[{\"@type\":\"ListItem\",\"position\":1,\"name\":\"Home\",\"item\":\"https:\\\/\\\/www.ghostysky.com\\\/\"},{\"@type\":\"ListItem\",\"position\":2,\"name\":\"Shop\",\"item\":\"https:\\\/\\\/www.ghostysky.com\\\/shop\\\/\"},{\"@type\":\"ListItem\",\"position\":3,\"name\":\"DJI Cellular (4G Dongle)\"}]},{\"@type\":\"WebSite\",\"@id\":\"https:\\\/\\\/www.ghostysky.com\\\/#website\",\"url\":\"https:\\\/\\\/www.ghostysky.com\\\/\",\"name\":\"Ghostysky\",\"description\":\"Delivering professional drones and services\",\"publisher\":{\"@id\":\"https:\\\/\\\/www.ghostysky.com\\\/#organization\"},\"potentialAction\":[{\"@type\":\"SearchAction\",\"target\":{\"@type\":\"EntryPoint\",\"urlTemplate\":\"https:\\\/\\\/www.ghostysky.com\\\/?s={search_term_string}\"},\"query-input\":{\"@type\":\"PropertyValueSpecification\",\"valueRequired\":true,\"valueName\":\"search_term_string\"}}],\"inLanguage\":\"pt-PT\"},{\"@type\":\"Organization\",\"@id\":\"https:\\\/\\\/www.ghostysky.com\\\/#organization\",\"name\":\"Ghostysky\",\"url\":\"https:\\\/\\\/www.ghostysky.com\\\/\",\"logo\":{\"@type\":\"ImageObject\",\"inLanguage\":\"pt-PT\",\"@id\":\"https:\\\/\\\/www.ghostysky.com\\\/#\\\/schema\\\/logo\\\/image\\\/\",\"url\":\"https:\\\/\\\/www.ghostysky.com\\\/wp-content\\\/uploads\\\/2020\\\/06\\\/cropped-ghostyskylogo_text_white2.png\",\"contentUrl\":\"https:\\\/\\\/www.ghostysky.com\\\/wp-content\\\/uploads\\\/2020\\\/06\\\/cropped-ghostyskylogo_text_white2.png\",\"width\":169,\"height\":56,\"caption\":\"Ghostysky\"},\"image\":{\"@id\":\"https:\\\/\\\/www.ghostysky.com\\\/#\\\/schema\\\/logo\\\/image\\\/\"},\"sameAs\":[\"https:\\\/\\\/www.facebook.com\\\/people\\\/Ghostysky\\\/100057676170234\\\/\",\"https:\\\/\\\/x.com\\\/Gh0stysky\",\"https:\\\/\\\/www.linkedin.com\\\/company\\\/34739653\",\"https:\\\/\\\/www.instagram.com\\\/gh0stysky\"]}]}<\/script>\n<!-- \/ Yoast SEO plugin. -->","yoast_head_json":{"title":"DJI Celular (4G Dongle) - Ghostysky","description":"O DJI Cellular (4G Dongle) \u00e9 um acess\u00f3rio para o drone DJI FlyCart 30 que fornece uma conex\u00e3o celular 4G est\u00e1vel.","robots":{"index":"index","follow":"follow","max-snippet":"max-snippet:-1","max-image-preview":"max-image-preview:large","max-video-preview":"max-video-preview:-1"},"canonical":"https:\/\/www.ghostysky.com\/pt\/produto-2\/dji-cellular-4g-dongle\/","og_locale":"pt_PT","og_type":"article","og_title":"DJI Cellular (4G Dongle) - Ghostysky","og_description":"The DJI Cellular (4G Dongle) is an accessory for the DJI FlyCart 30 drone that provides it with a stable 4G cellular connection.","og_url":"https:\/\/www.ghostysky.com\/pt\/produto-2\/dji-cellular-4g-dongle\/","og_site_name":"Ghostysky","article_publisher":"https:\/\/www.facebook.com\/people\/Ghostysky\/100057676170234\/","article_modified_time":"2024-03-16T09:03:57+00:00","og_image":[{"width":800,"height":800,"url":"https:\/\/www.ghostysky.com\/wp-content\/uploads\/2024\/03\/GH_DJI_FC_4GDONGLE.jpg","type":"image\/jpeg"}],"twitter_card":"summary_large_image","twitter_site":"@Gh0stysky","twitter_misc":{"Tempo estimado de leitura":"1 minuto"},"schema":{"@context":"https:\/\/schema.org","@graph":[{"@type":"WebPage","@id":"https:\/\/www.ghostysky.com\/product\/dji-cellular-4g-dongle\/","url":"https:\/\/www.ghostysky.com\/product\/dji-cellular-4g-dongle\/","name":"DJI Celular (4G Dongle) - Ghostysky","isPartOf":{"@id":"https:\/\/www.ghostysky.com\/#website"},"primaryImageOfPage":{"@id":"https:\/\/www.ghostysky.com\/product\/dji-cellular-4g-dongle\/#primaryimage"},"image":{"@id":"https:\/\/www.ghostysky.com\/product\/dji-cellular-4g-dongle\/#primaryimage"},"thumbnailUrl":"https:\/\/www.ghostysky.com\/wp-content\/uploads\/2024\/03\/GH_DJI_FC_4GDONGLE.jpg","datePublished":"2024-03-16T09:01:14+00:00","dateModified":"2024-03-16T09:03:57+00:00","description":"O DJI Cellular (4G Dongle) \u00e9 um acess\u00f3rio para o drone DJI FlyCart 30 que fornece uma conex\u00e3o celular 4G est\u00e1vel.","breadcrumb":{"@id":"https:\/\/www.ghostysky.com\/product\/dji-cellular-4g-dongle\/#breadcrumb"},"inLanguage":"pt-PT","potentialAction":[{"@type":"ReadAction","target":["https:\/\/www.ghostysky.com\/product\/dji-cellular-4g-dongle\/"]}]},{"@type":"ImageObject","inLanguage":"pt-PT","@id":"https:\/\/www.ghostysky.com\/product\/dji-cellular-4g-dongle\/#primaryimage","url":"https:\/\/www.ghostysky.com\/wp-content\/uploads\/2024\/03\/GH_DJI_FC_4GDONGLE.jpg","contentUrl":"https:\/\/www.ghostysky.com\/wp-content\/uploads\/2024\/03\/GH_DJI_FC_4GDONGLE.jpg","width":800,"height":800},{"@type":"BreadcrumbList","@id":"https:\/\/www.ghostysky.com\/product\/dji-cellular-4g-dongle\/#breadcrumb","itemListElement":[{"@type":"ListItem","position":1,"name":"Home","item":"https:\/\/www.ghostysky.com\/"},{"@type":"ListItem","position":2,"name":"Shop","item":"https:\/\/www.ghostysky.com\/shop\/"},{"@type":"ListItem","position":3,"name":"DJI Cellular (4G Dongle)"}]},{"@type":"WebSite","@id":"https:\/\/www.ghostysky.com\/#website","url":"https:\/\/www.ghostysky.com\/","name":"Ghostysky","description":"Fornecendo drones e servi\u00e7os profissionais","publisher":{"@id":"https:\/\/www.ghostysky.com\/#organization"},"potentialAction":[{"@type":"SearchAction","target":{"@type":"EntryPoint","urlTemplate":"https:\/\/www.ghostysky.com\/?s={search_term_string}"},"query-input":{"@type":"PropertyValueSpecification","valueRequired":true,"valueName":"search_term_string"}}],"inLanguage":"pt-PT"},{"@type":"Organization","@id":"https:\/\/www.ghostysky.com\/#organization","name":"Ghostysky","url":"https:\/\/www.ghostysky.com\/","logo":{"@type":"ImageObject","inLanguage":"pt-PT","@id":"https:\/\/www.ghostysky.com\/#\/schema\/logo\/image\/","url":"https:\/\/www.ghostysky.com\/wp-content\/uploads\/2020\/06\/cropped-ghostyskylogo_text_white2.png","contentUrl":"https:\/\/www.ghostysky.com\/wp-content\/uploads\/2020\/06\/cropped-ghostyskylogo_text_white2.png","width":169,"height":56,"caption":"Ghostysky"},"image":{"@id":"https:\/\/www.ghostysky.com\/#\/schema\/logo\/image\/"},"sameAs":["https:\/\/www.facebook.com\/people\/Ghostysky\/100057676170234\/","https:\/\/x.com\/Gh0stysky","https:\/\/www.linkedin.com\/company\/34739653","https:\/\/www.instagram.com\/gh0stysky"]}]}},"_links":{"self":[{"href":"https:\/\/www.ghostysky.com\/pt\/wp-json\/wp\/v2\/product\/17369","targetHints":{"allow":["GET"]}}],"collection":[{"href":"https:\/\/www.ghostysky.com\/pt\/wp-json\/wp\/v2\/product"}],"about":[{"href":"https:\/\/www.ghostysky.com\/pt\/wp-json\/wp\/v2\/types\/product"}],"replies":[{"embeddable":true,"href":"https:\/\/www.ghostysky.com\/pt\/wp-json\/wp\/v2\/comments?post=17369"}],"version-history":[{"count":0,"href":"https:\/\/www.ghostysky.com\/pt\/wp-json\/wp\/v2\/product\/17369\/revisions"}],"wp:featuredmedia":[{"embeddable":true,"href":"https:\/\/www.ghostysky.com\/pt\/wp-json\/wp\/v2\/media\/17371"}],"wp:attachment":[{"href":"https:\/\/www.ghostysky.com\/pt\/wp-json\/wp\/v2\/media?parent=17369"}],"wp:term":[{"taxonomy":"product_brand","embeddable":true,"href":"https:\/\/www.ghostysky.com\/pt\/wp-json\/wp\/v2\/product_brand?post=17369"},{"taxonomy":"product_cat","embeddable":true,"href":"https:\/\/www.ghostysky.com\/pt\/wp-json\/wp\/v2\/product_cat?post=17369"},{"taxonomy":"product_tag","embeddable":true,"href":"https:\/\/www.ghostysky.com\/pt\/wp-json\/wp\/v2\/product_tag?post=17369"}],"curies":[{"name":"wp","href":"https:\/\/api.w.org\/{rel}","templated":true}]}}