{"id":17410,"date":"2024-03-16T09:46:04","date_gmt":"2024-03-16T09:46:04","guid":{"rendered":"https:\/\/www.ghostysky.com\/?post_type=product&#038;p=17410"},"modified":"2026-01-15T06:59:32","modified_gmt":"2026-01-15T06:59:32","slug":"dji-mini-3-dji-rc-n1","status":"publish","type":"product","link":"https:\/\/www.ghostysky.com\/pt\/product\/dji-mini-3-dji-rc-n1\/","title":{"rendered":"DJI Mini 3 (DJI RC-N1)"},"content":{"rendered":"<p data-sourcepos=\"1:1-1:158\"><strong>Recursos<\/strong><\/p>\n<ul data-sourcepos=\"3:1-10:0\">\n<li data-sourcepos=\"3:1-3:189\"><strong>Ultraleve:<\/strong>\u00a0Pesando abaixo do limite crucial de 249 gramas, o DJI Mini 3 evita a necessidade de registro na maioria das autoridades de avia\u00e7\u00e3o, facilitando o voo em muitos locais.<\/li>\n<li data-sourcepos=\"4:1-4:150\"><strong>Vida \u00fatil prolongada da bateria:<\/strong>\u00a0Desfrute de tempos de voo prolongados de at\u00e9 34 minutos com uma \u00fanica bateria, proporcionando mais tempo para capturar fotos perfeitas.<\/li>\n<li data-sourcepos=\"5:1-5:150\"><strong>V\u00eddeo impressionante em 4K HDR:<\/strong>\u00a0Grave v\u00eddeos incr\u00edveis em 4K HDR com cores e detalhes v\u00edvidos, perfeitos para capturar paisagens deslumbrantes e fotos de a\u00e7\u00e3o.<\/li>\n<li data-sourcepos=\"6:1-6:155\"><strong>Tiro vertical verdadeiro:<\/strong>\u00a0Mude para um modo de disparo vertical para capturar facilmente imagens otimizadas para plataformas de m\u00eddia social como TikTok e Instagram.<\/li>\n<li data-sourcepos=\"7:1-7:262\"><strong>Recursos inteligentes:<\/strong>\u00a0O DJI Mini 3 vem com uma variedade de recursos inteligentes como FocusTrack (que inclui ActiveTrack, Spotlight e Point of Interest) e MasterShots, facilitando a captura de v\u00eddeos com apar\u00eancia profissional sem muito esfor\u00e7o.<\/li>\n<li data-sourcepos=\"8:1-8:163\"><strong>Resist\u00eancia ao vento:<\/strong>\u00a0O DJI Mini 3 pode suportar velocidades de vento de at\u00e9 38 quil\u00f4metros por hora (N\u00edvel 5), para que voc\u00ea possa voar com confian\u00e7a mesmo em dias com pouco vento.<\/li>\n<li data-sourcepos=\"9:1-10:0\"><strong>Adequado para iniciantes:<\/strong>\u00a0O DJI Mini 3 foi projetado para ser f\u00e1cil de pilotar e usar, mesmo para iniciantes. Com seus controles intuitivos e modos de voo, voc\u00ea estar\u00e1 de p\u00e9 e voando rapidamente.<\/li>\n<\/ul>\n<p data-sourcepos=\"11:1-11:259\">No geral, o DJI Mini 3 (DJI RC-N1) \u00e9 um drone vers\u00e1til e f\u00e1cil de usar, perfeito para capturar fotos a\u00e9reas e v\u00eddeos impressionantes. \u00c9 particularmente adequado para iniciantes devido ao seu design leve, bateria de longa dura\u00e7\u00e3o e recursos inteligentes.<\/p>","protected":false},"excerpt":{"rendered":"<p>O DJI Mini 3 (DJI RC-N1) \u00e9 um drone leve, com menos de 249 gramas, perfeito para iniciantes e pilotos experientes.<\/p>","protected":false},"featured_media":17416,"comment_status":"open","ping_status":"closed","template":"","meta":[],"product_brand":[],"product_cat":[752,37,29,792,790],"product_tag":[42,757],"class_list":{"0":"post-17410","1":"product","2":"type-product","3":"status-publish","4":"has-post-thumbnail","6":"product_cat-aerial-photography","7":"product_cat-dji","8":"product_cat-drones","9":"product_cat-drones-mini-3","10":"product_cat-mini-3","11":"product_tag-dji","12":"product_tag-mini-3-dji-rc-n1","14":"first","15":"outofstock","16":"taxable","17":"shipping-taxable","18":"purchasable","19":"product-type-simple"},"yoast_head":"<!-- This site is optimized with the Yoast SEO plugin v27.1.1 - https:\/\/yoast.com\/product\/yoast-seo-wordpress\/ -->\n<title>DJI Mini 3 (DJI RC-N1) - Ghostysky<\/title>\n<meta name=\"description\" content=\"The DJI Mini 3 (DJI RC-N1) is a lightweight, sub-249 gram drone that is perfect for beginners and experienced flyers alike.\" \/>\n<meta name=\"robots\" content=\"index, follow, max-snippet:-1, max-image-preview:large, max-video-preview:-1\" \/>\n<link rel=\"canonical\" href=\"https:\/\/www.ghostysky.com\/pt\/produto-2\/dji-mini-3-dji-rc-n1\/\" \/>\n<meta property=\"og:locale\" content=\"pt_PT\" \/>\n<meta property=\"og:type\" content=\"article\" \/>\n<meta property=\"og:title\" content=\"DJI Mini 3 (DJI RC-N1) - Ghostysky\" \/>\n<meta property=\"og:description\" content=\"The DJI Mini 3 (DJI RC-N1) is a lightweight, sub-249 gram drone that is perfect for beginners and experienced flyers alike.\" \/>\n<meta property=\"og:url\" content=\"https:\/\/www.ghostysky.com\/pt\/produto-2\/dji-mini-3-dji-rc-n1\/\" \/>\n<meta property=\"og:site_name\" content=\"Ghostysky\" \/>\n<meta property=\"article:publisher\" content=\"https:\/\/www.facebook.com\/people\/Ghostysky\/100057676170234\/\" \/>\n<meta property=\"article:modified_time\" content=\"2026-01-15T06:59:32+00:00\" \/>\n<meta property=\"og:image\" content=\"https:\/\/www.ghostysky.com\/wp-content\/uploads\/2024\/03\/GH-Mini3_1.jpg\" \/>\n\t<meta property=\"og:image:width\" content=\"1280\" \/>\n\t<meta property=\"og:image:height\" content=\"1280\" \/>\n\t<meta property=\"og:image:type\" content=\"image\/jpeg\" \/>\n<meta name=\"twitter:card\" content=\"summary_large_image\" \/>\n<meta name=\"twitter:site\" content=\"@Gh0stysky\" \/>\n<meta name=\"twitter:label1\" content=\"Tempo estimado de leitura\" \/>\n\t<meta name=\"twitter:data1\" content=\"2 minutos\" \/>\n<script type=\"application\/ld+json\" class=\"yoast-schema-graph\">{\"@context\":\"https:\/\/schema.org\",\"@graph\":[{\"@type\":\"WebPage\",\"@id\":\"https:\/\/www.ghostysky.com\/product\/dji-mini-3-dji-rc-n1\/\",\"url\":\"https:\/\/www.ghostysky.com\/product\/dji-mini-3-dji-rc-n1\/\",\"name\":\"DJI Mini 3 (DJI RC-N1) - Ghostysky\",\"isPartOf\":{\"@id\":\"https:\/\/www.ghostysky.com\/#website\"},\"primaryImageOfPage\":{\"@id\":\"https:\/\/www.ghostysky.com\/product\/dji-mini-3-dji-rc-n1\/#primaryimage\"},\"image\":{\"@id\":\"https:\/\/www.ghostysky.com\/product\/dji-mini-3-dji-rc-n1\/#primaryimage\"},\"thumbnailUrl\":\"https:\/\/www.ghostysky.com\/wp-content\/uploads\/2024\/03\/GH-Mini3_1.jpg\",\"datePublished\":\"2024-03-16T09:46:04+00:00\",\"dateModified\":\"2026-01-15T06:59:32+00:00\",\"description\":\"The DJI Mini 3 (DJI RC-N1) is a lightweight, sub-249 gram drone that is perfect for beginners and experienced flyers alike.\",\"breadcrumb\":{\"@id\":\"https:\/\/www.ghostysky.com\/product\/dji-mini-3-dji-rc-n1\/#breadcrumb\"},\"inLanguage\":\"pt-PT\",\"potentialAction\":[{\"@type\":\"ReadAction\",\"target\":[\"https:\/\/www.ghostysky.com\/product\/dji-mini-3-dji-rc-n1\/\"]}]},{\"@type\":\"ImageObject\",\"inLanguage\":\"pt-PT\",\"@id\":\"https:\/\/www.ghostysky.com\/product\/dji-mini-3-dji-rc-n1\/#primaryimage\",\"url\":\"https:\/\/www.ghostysky.com\/wp-content\/uploads\/2024\/03\/GH-Mini3_1.jpg\",\"contentUrl\":\"https:\/\/www.ghostysky.com\/wp-content\/uploads\/2024\/03\/GH-Mini3_1.jpg\",\"width\":1280,\"height\":1280},{\"@type\":\"BreadcrumbList\",\"@id\":\"https:\/\/www.ghostysky.com\/product\/dji-mini-3-dji-rc-n1\/#breadcrumb\",\"itemListElement\":[{\"@type\":\"ListItem\",\"position\":1,\"name\":\"Home\",\"item\":\"https:\/\/www.ghostysky.com\/\"},{\"@type\":\"ListItem\",\"position\":2,\"name\":\"Shop\",\"item\":\"https:\/\/www.ghostysky.com\/shop\/\"},{\"@type\":\"ListItem\",\"position\":3,\"name\":\"DJI Mini 3 (DJI RC-N1)\"}]},{\"@type\":\"WebSite\",\"@id\":\"https:\/\/www.ghostysky.com\/#website\",\"url\":\"https:\/\/www.ghostysky.com\/\",\"name\":\"Ghostysky\",\"description\":\"Delivering professional drones and services\",\"publisher\":{\"@id\":\"https:\/\/www.ghostysky.com\/#organization\"},\"potentialAction\":[{\"@type\":\"SearchAction\",\"target\":{\"@type\":\"EntryPoint\",\"urlTemplate\":\"https:\/\/www.ghostysky.com\/?s={search_term_string}\"},\"query-input\":{\"@type\":\"PropertyValueSpecification\",\"valueRequired\":true,\"valueName\":\"search_term_string\"}}],\"inLanguage\":\"pt-PT\"},{\"@type\":\"Organization\",\"@id\":\"https:\/\/www.ghostysky.com\/#organization\",\"name\":\"Ghostysky\",\"url\":\"https:\/\/www.ghostysky.com\/\",\"logo\":{\"@type\":\"ImageObject\",\"inLanguage\":\"pt-PT\",\"@id\":\"https:\/\/www.ghostysky.com\/#\/schema\/logo\/image\/\",\"url\":\"https:\/\/www.ghostysky.com\/wp-content\/uploads\/2020\/06\/cropped-ghostyskylogo_text_white2.png\",\"contentUrl\":\"https:\/\/www.ghostysky.com\/wp-content\/uploads\/2020\/06\/cropped-ghostyskylogo_text_white2.png\",\"width\":169,\"height\":56,\"caption\":\"Ghostysky\"},\"image\":{\"@id\":\"https:\/\/www.ghostysky.com\/#\/schema\/logo\/image\/\"},\"sameAs\":[\"https:\/\/www.facebook.com\/people\/Ghostysky\/100057676170234\/\",\"https:\/\/x.com\/Gh0stysky\",\"https:\/\/www.linkedin.com\/company\/34739653\",\"https:\/\/www.instagram.com\/gh0stysky\"]}]}<\/script>\n<!-- \/ Yoast SEO plugin. -->","yoast_head_json":{"title":"DJI Mini 3 (DJI RC-N1) - Ghostysky","description":"O DJI Mini 3 (DJI RC-N1) \u00e9 um drone leve, com menos de 249 gramas, perfeito para iniciantes e pilotos experientes.","robots":{"index":"index","follow":"follow","max-snippet":"max-snippet:-1","max-image-preview":"max-image-preview:large","max-video-preview":"max-video-preview:-1"},"canonical":"https:\/\/www.ghostysky.com\/pt\/produto-2\/dji-mini-3-dji-rc-n1\/","og_locale":"pt_PT","og_type":"article","og_title":"DJI Mini 3 (DJI RC-N1) - Ghostysky","og_description":"The DJI Mini 3 (DJI RC-N1) is a lightweight, sub-249 gram drone that is perfect for beginners and experienced flyers alike.","og_url":"https:\/\/www.ghostysky.com\/pt\/produto-2\/dji-mini-3-dji-rc-n1\/","og_site_name":"Ghostysky","article_publisher":"https:\/\/www.facebook.com\/people\/Ghostysky\/100057676170234\/","article_modified_time":"2026-01-15T06:59:32+00:00","og_image":[{"width":1280,"height":1280,"url":"https:\/\/www.ghostysky.com\/wp-content\/uploads\/2024\/03\/GH-Mini3_1.jpg","type":"image\/jpeg"}],"twitter_card":"summary_large_image","twitter_site":"@Gh0stysky","twitter_misc":{"Tempo estimado de leitura":"2 minutos"},"schema":{"@context":"https:\/\/schema.org","@graph":[{"@type":"WebPage","@id":"https:\/\/www.ghostysky.com\/product\/dji-mini-3-dji-rc-n1\/","url":"https:\/\/www.ghostysky.com\/product\/dji-mini-3-dji-rc-n1\/","name":"DJI Mini 3 (DJI RC-N1) - Ghostysky","isPartOf":{"@id":"https:\/\/www.ghostysky.com\/#website"},"primaryImageOfPage":{"@id":"https:\/\/www.ghostysky.com\/product\/dji-mini-3-dji-rc-n1\/#primaryimage"},"image":{"@id":"https:\/\/www.ghostysky.com\/product\/dji-mini-3-dji-rc-n1\/#primaryimage"},"thumbnailUrl":"https:\/\/www.ghostysky.com\/wp-content\/uploads\/2024\/03\/GH-Mini3_1.jpg","datePublished":"2024-03-16T09:46:04+00:00","dateModified":"2026-01-15T06:59:32+00:00","description":"O DJI Mini 3 (DJI RC-N1) \u00e9 um drone leve, com menos de 249 gramas, perfeito para iniciantes e pilotos experientes.","breadcrumb":{"@id":"https:\/\/www.ghostysky.com\/product\/dji-mini-3-dji-rc-n1\/#breadcrumb"},"inLanguage":"pt-PT","potentialAction":[{"@type":"ReadAction","target":["https:\/\/www.ghostysky.com\/product\/dji-mini-3-dji-rc-n1\/"]}]},{"@type":"ImageObject","inLanguage":"pt-PT","@id":"https:\/\/www.ghostysky.com\/product\/dji-mini-3-dji-rc-n1\/#primaryimage","url":"https:\/\/www.ghostysky.com\/wp-content\/uploads\/2024\/03\/GH-Mini3_1.jpg","contentUrl":"https:\/\/www.ghostysky.com\/wp-content\/uploads\/2024\/03\/GH-Mini3_1.jpg","width":1280,"height":1280},{"@type":"BreadcrumbList","@id":"https:\/\/www.ghostysky.com\/product\/dji-mini-3-dji-rc-n1\/#breadcrumb","itemListElement":[{"@type":"ListItem","position":1,"name":"Home","item":"https:\/\/www.ghostysky.com\/"},{"@type":"ListItem","position":2,"name":"Shop","item":"https:\/\/www.ghostysky.com\/shop\/"},{"@type":"ListItem","position":3,"name":"DJI Mini 3 (DJI RC-N1)"}]},{"@type":"WebSite","@id":"https:\/\/www.ghostysky.com\/#website","url":"https:\/\/www.ghostysky.com\/","name":"Ghostysky","description":"Fornecendo drones e servi\u00e7os profissionais","publisher":{"@id":"https:\/\/www.ghostysky.com\/#organization"},"potentialAction":[{"@type":"SearchAction","target":{"@type":"EntryPoint","urlTemplate":"https:\/\/www.ghostysky.com\/?s={search_term_string}"},"query-input":{"@type":"PropertyValueSpecification","valueRequired":true,"valueName":"search_term_string"}}],"inLanguage":"pt-PT"},{"@type":"Organization","@id":"https:\/\/www.ghostysky.com\/#organization","name":"Ghostysky","url":"https:\/\/www.ghostysky.com\/","logo":{"@type":"ImageObject","inLanguage":"pt-PT","@id":"https:\/\/www.ghostysky.com\/#\/schema\/logo\/image\/","url":"https:\/\/www.ghostysky.com\/wp-content\/uploads\/2020\/06\/cropped-ghostyskylogo_text_white2.png","contentUrl":"https:\/\/www.ghostysky.com\/wp-content\/uploads\/2020\/06\/cropped-ghostyskylogo_text_white2.png","width":169,"height":56,"caption":"Ghostysky"},"image":{"@id":"https:\/\/www.ghostysky.com\/#\/schema\/logo\/image\/"},"sameAs":["https:\/\/www.facebook.com\/people\/Ghostysky\/100057676170234\/","https:\/\/x.com\/Gh0stysky","https:\/\/www.linkedin.com\/company\/34739653","https:\/\/www.instagram.com\/gh0stysky"]}]}},"_links":{"self":[{"href":"https:\/\/www.ghostysky.com\/pt\/wp-json\/wp\/v2\/product\/17410","targetHints":{"allow":["GET"]}}],"collection":[{"href":"https:\/\/www.ghostysky.com\/pt\/wp-json\/wp\/v2\/product"}],"about":[{"href":"https:\/\/www.ghostysky.com\/pt\/wp-json\/wp\/v2\/types\/product"}],"replies":[{"embeddable":true,"href":"https:\/\/www.ghostysky.com\/pt\/wp-json\/wp\/v2\/comments?post=17410"}],"wp:featuredmedia":[{"embeddable":true,"href":"https:\/\/www.ghostysky.com\/pt\/wp-json\/wp\/v2\/media\/17416"}],"wp:attachment":[{"href":"https:\/\/www.ghostysky.com\/pt\/wp-json\/wp\/v2\/media?parent=17410"}],"wp:term":[{"taxonomy":"product_brand","embeddable":true,"href":"https:\/\/www.ghostysky.com\/pt\/wp-json\/wp\/v2\/product_brand?post=17410"},{"taxonomy":"product_cat","embeddable":true,"href":"https:\/\/www.ghostysky.com\/pt\/wp-json\/wp\/v2\/product_cat?post=17410"},{"taxonomy":"product_tag","embeddable":true,"href":"https:\/\/www.ghostysky.com\/pt\/wp-json\/wp\/v2\/product_tag?post=17410"}],"curies":[{"name":"wp","href":"https:\/\/api.w.org\/{rel}","templated":true}]}}