{"id":17499,"date":"2024-03-16T11:18:54","date_gmt":"2024-03-16T11:18:54","guid":{"rendered":"https:\/\/www.ghostysky.com\/?post_type=product&#038;p=17499"},"modified":"2025-10-14T11:21:51","modified_gmt":"2025-10-14T11:21:51","slug":"evo-nano-standard-package","status":"publish","type":"product","link":"https:\/\/www.ghostysky.com\/pt\/product\/evo-nano-standard-package\/","title":{"rendered":"Pacote standard EVO Nano"},"content":{"rendered":"<p data-sourcepos=\"1:1-1:176\"><strong>Recursos<\/strong><\/p>\n<ul data-sourcepos=\"3:1-9:0\">\n<li data-sourcepos=\"3:1-3:101\"><strong>C\u00e2mera:<\/strong>\u00a0Ele possui uma c\u00e2mera de 48 MP com sensor CMOS de 1\/2 polegada que pode gravar v\u00eddeo 4K HDR a 30 qps.<\/li>\n<li data-sourcepos=\"4:1-4:110\"><strong>Estabiliza\u00e7\u00e3o de imagem:<\/strong>\u00a0Um gimbal mec\u00e2nico de tr\u00eas eixos mant\u00e9m seus v\u00eddeos suaves, mesmo em condi\u00e7\u00f5es de vento.<\/li>\n<li data-sourcepos=\"5:1-5:93\"><strong>Hora do voo:<\/strong>\u00a0Voc\u00ea pode pilotar o EVO Nano por at\u00e9 28 minutos com uma \u00fanica carga de bateria.<\/li>\n<li data-sourcepos=\"6:1-6:80\"><strong>Dist\u00e2ncia de transmiss\u00e3o:<\/strong>\u00a0Tem um alcance de transmiss\u00e3o de at\u00e9 10 quil\u00f4metros.<\/li>\n<li data-sourcepos=\"7:1-7:129\"><strong>Evitar obst\u00e1culos:<\/strong>\u00a0O drone possui um sistema de preven\u00e7\u00e3o de obst\u00e1culos para frente, para tr\u00e1s e para baixo para ajud\u00e1-lo a evitar colis\u00f5es.<\/li>\n<li data-sourcepos=\"8:1-9:0\"><strong>Outras caracter\u00edsticas:<\/strong>\u00a0Ele tamb\u00e9m possui recursos como SkyPortrait (que pode tirar selfies automaticamente), Dynamic Track 2.1 (que pode rastrear pessoas, animais ou ve\u00edculos) e MovieMaster (um aplicativo de edi\u00e7\u00e3o de v\u00eddeo integrado).<\/li>\n<\/ul>\n<p data-sourcepos=\"10:1-10:203\">O pacote padr\u00e3o provavelmente inclui o pr\u00f3prio drone, uma bateria, um controle remoto e uma maleta de transporte. No entanto, \u00e9 sempre uma boa ideia verificar com o revendedor para confirmar exatamente o que est\u00e1 inclu\u00eddo.<\/p>","protected":false},"excerpt":{"rendered":"<p>O pacote padr\u00e3o Autel Robotics EVO Nano em laranja \u00e9 um drone compacto e leve que pesa apenas 249 gramas, quase o mesmo que uma laranja.<\/p>","protected":false},"featured_media":17504,"comment_status":"open","ping_status":"closed","template":"","meta":[],"product_brand":[],"product_cat":[761,220,29],"product_tag":[495,767,768],"class_list":{"0":"post-17499","1":"product","2":"type-product","3":"status-publish","4":"has-post-thumbnail","6":"product_cat-aerial-photography-autel","7":"product_cat-autel","8":"product_cat-drones","9":"product_tag-autel-robotics","10":"product_tag-evo-nano","11":"product_tag-standard-package-orange","13":"first","14":"onbackorder","15":"taxable","16":"shipping-taxable","17":"product-type-simple"},"yoast_head":"<!-- This site is optimized with the Yoast SEO plugin v27.1.1 - https:\/\/yoast.com\/product\/yoast-seo-wordpress\/ -->\n<title>EVO Nano Standard Package - Ghostysky<\/title>\n<meta name=\"description\" content=\"The Autel Robotics EVO Nano Standard Package in Orange is a compact and lightweight drone that weighs only 249 grams, about as much as an orange.\" \/>\n<meta name=\"robots\" content=\"index, follow, max-snippet:-1, max-image-preview:large, max-video-preview:-1\" \/>\n<link rel=\"canonical\" href=\"https:\/\/www.ghostysky.com\/pt\/produto-2\/evo-nano-standard-package\/\" \/>\n<meta property=\"og:locale\" content=\"pt_PT\" \/>\n<meta property=\"og:type\" content=\"article\" \/>\n<meta property=\"og:title\" content=\"EVO Nano Standard Package - Ghostysky\" \/>\n<meta property=\"og:description\" content=\"The Autel Robotics EVO Nano Standard Package in Orange is a compact and lightweight drone that weighs only 249 grams, about as much as an orange.\" \/>\n<meta property=\"og:url\" content=\"https:\/\/www.ghostysky.com\/pt\/produto-2\/evo-nano-standard-package\/\" \/>\n<meta property=\"og:site_name\" content=\"Ghostysky\" \/>\n<meta property=\"article:publisher\" content=\"https:\/\/www.facebook.com\/people\/Ghostysky\/100057676170234\/\" \/>\n<meta property=\"article:modified_time\" content=\"2025-10-14T11:21:51+00:00\" \/>\n<meta property=\"og:image\" content=\"https:\/\/www.ghostysky.com\/wp-content\/uploads\/2024\/03\/GH_EVO-Nano-Standard-Package-Orange_1.jpg\" \/>\n\t<meta property=\"og:image:width\" content=\"450\" \/>\n\t<meta property=\"og:image:height\" content=\"330\" \/>\n\t<meta property=\"og:image:type\" content=\"image\/jpeg\" \/>\n<meta name=\"twitter:card\" content=\"summary_large_image\" \/>\n<meta name=\"twitter:site\" content=\"@Gh0stysky\" \/>\n<meta name=\"twitter:label1\" content=\"Tempo estimado de leitura\" \/>\n\t<meta name=\"twitter:data1\" content=\"1 minuto\" \/>\n<script type=\"application\/ld+json\" class=\"yoast-schema-graph\">{\"@context\":\"https:\/\/schema.org\",\"@graph\":[{\"@type\":\"WebPage\",\"@id\":\"https:\/\/www.ghostysky.com\/product\/evo-nano-standard-package\/\",\"url\":\"https:\/\/www.ghostysky.com\/product\/evo-nano-standard-package\/\",\"name\":\"EVO Nano Standard Package - Ghostysky\",\"isPartOf\":{\"@id\":\"https:\/\/www.ghostysky.com\/#website\"},\"primaryImageOfPage\":{\"@id\":\"https:\/\/www.ghostysky.com\/product\/evo-nano-standard-package\/#primaryimage\"},\"image\":{\"@id\":\"https:\/\/www.ghostysky.com\/product\/evo-nano-standard-package\/#primaryimage\"},\"thumbnailUrl\":\"https:\/\/www.ghostysky.com\/wp-content\/uploads\/2024\/03\/GH_EVO-Nano-Standard-Package-Orange_1.jpg\",\"datePublished\":\"2024-03-16T11:18:54+00:00\",\"dateModified\":\"2025-10-14T11:21:51+00:00\",\"description\":\"The Autel Robotics EVO Nano Standard Package in Orange is a compact and lightweight drone that weighs only 249 grams, about as much as an orange.\",\"breadcrumb\":{\"@id\":\"https:\/\/www.ghostysky.com\/product\/evo-nano-standard-package\/#breadcrumb\"},\"inLanguage\":\"pt-PT\",\"potentialAction\":[{\"@type\":\"ReadAction\",\"target\":[\"https:\/\/www.ghostysky.com\/product\/evo-nano-standard-package\/\"]}]},{\"@type\":\"ImageObject\",\"inLanguage\":\"pt-PT\",\"@id\":\"https:\/\/www.ghostysky.com\/product\/evo-nano-standard-package\/#primaryimage\",\"url\":\"https:\/\/www.ghostysky.com\/wp-content\/uploads\/2024\/03\/GH_EVO-Nano-Standard-Package-Orange_1.jpg\",\"contentUrl\":\"https:\/\/www.ghostysky.com\/wp-content\/uploads\/2024\/03\/GH_EVO-Nano-Standard-Package-Orange_1.jpg\",\"width\":450,\"height\":330},{\"@type\":\"BreadcrumbList\",\"@id\":\"https:\/\/www.ghostysky.com\/product\/evo-nano-standard-package\/#breadcrumb\",\"itemListElement\":[{\"@type\":\"ListItem\",\"position\":1,\"name\":\"Home\",\"item\":\"https:\/\/www.ghostysky.com\/\"},{\"@type\":\"ListItem\",\"position\":2,\"name\":\"Shop\",\"item\":\"https:\/\/www.ghostysky.com\/shop\/\"},{\"@type\":\"ListItem\",\"position\":3,\"name\":\"EVO Nano Standard Package\"}]},{\"@type\":\"WebSite\",\"@id\":\"https:\/\/www.ghostysky.com\/#website\",\"url\":\"https:\/\/www.ghostysky.com\/\",\"name\":\"Ghostysky\",\"description\":\"Delivering professional drones and services\",\"publisher\":{\"@id\":\"https:\/\/www.ghostysky.com\/#organization\"},\"potentialAction\":[{\"@type\":\"SearchAction\",\"target\":{\"@type\":\"EntryPoint\",\"urlTemplate\":\"https:\/\/www.ghostysky.com\/?s={search_term_string}\"},\"query-input\":{\"@type\":\"PropertyValueSpecification\",\"valueRequired\":true,\"valueName\":\"search_term_string\"}}],\"inLanguage\":\"pt-PT\"},{\"@type\":\"Organization\",\"@id\":\"https:\/\/www.ghostysky.com\/#organization\",\"name\":\"Ghostysky\",\"url\":\"https:\/\/www.ghostysky.com\/\",\"logo\":{\"@type\":\"ImageObject\",\"inLanguage\":\"pt-PT\",\"@id\":\"https:\/\/www.ghostysky.com\/#\/schema\/logo\/image\/\",\"url\":\"https:\/\/www.ghostysky.com\/wp-content\/uploads\/2020\/06\/cropped-ghostyskylogo_text_white2.png\",\"contentUrl\":\"https:\/\/www.ghostysky.com\/wp-content\/uploads\/2020\/06\/cropped-ghostyskylogo_text_white2.png\",\"width\":169,\"height\":56,\"caption\":\"Ghostysky\"},\"image\":{\"@id\":\"https:\/\/www.ghostysky.com\/#\/schema\/logo\/image\/\"},\"sameAs\":[\"https:\/\/www.facebook.com\/people\/Ghostysky\/100057676170234\/\",\"https:\/\/x.com\/Gh0stysky\",\"https:\/\/www.linkedin.com\/company\/34739653\",\"https:\/\/www.instagram.com\/gh0stysky\"]}]}<\/script>\n<!-- \/ Yoast SEO plugin. -->","yoast_head_json":{"title":"Pacote Padr\u00e3o EVO Nano - Ghostysky","description":"O pacote padr\u00e3o Autel Robotics EVO Nano em laranja \u00e9 um drone compacto e leve que pesa apenas 249 gramas, quase o mesmo que uma laranja.","robots":{"index":"index","follow":"follow","max-snippet":"max-snippet:-1","max-image-preview":"max-image-preview:large","max-video-preview":"max-video-preview:-1"},"canonical":"https:\/\/www.ghostysky.com\/pt\/produto-2\/evo-nano-standard-package\/","og_locale":"pt_PT","og_type":"article","og_title":"EVO Nano Standard Package - Ghostysky","og_description":"The Autel Robotics EVO Nano Standard Package in Orange is a compact and lightweight drone that weighs only 249 grams, about as much as an orange.","og_url":"https:\/\/www.ghostysky.com\/pt\/produto-2\/evo-nano-standard-package\/","og_site_name":"Ghostysky","article_publisher":"https:\/\/www.facebook.com\/people\/Ghostysky\/100057676170234\/","article_modified_time":"2025-10-14T11:21:51+00:00","og_image":[{"width":450,"height":330,"url":"https:\/\/www.ghostysky.com\/wp-content\/uploads\/2024\/03\/GH_EVO-Nano-Standard-Package-Orange_1.jpg","type":"image\/jpeg"}],"twitter_card":"summary_large_image","twitter_site":"@Gh0stysky","twitter_misc":{"Tempo estimado de leitura":"1 minuto"},"schema":{"@context":"https:\/\/schema.org","@graph":[{"@type":"WebPage","@id":"https:\/\/www.ghostysky.com\/product\/evo-nano-standard-package\/","url":"https:\/\/www.ghostysky.com\/product\/evo-nano-standard-package\/","name":"Pacote Padr\u00e3o EVO Nano - Ghostysky","isPartOf":{"@id":"https:\/\/www.ghostysky.com\/#website"},"primaryImageOfPage":{"@id":"https:\/\/www.ghostysky.com\/product\/evo-nano-standard-package\/#primaryimage"},"image":{"@id":"https:\/\/www.ghostysky.com\/product\/evo-nano-standard-package\/#primaryimage"},"thumbnailUrl":"https:\/\/www.ghostysky.com\/wp-content\/uploads\/2024\/03\/GH_EVO-Nano-Standard-Package-Orange_1.jpg","datePublished":"2024-03-16T11:18:54+00:00","dateModified":"2025-10-14T11:21:51+00:00","description":"O pacote padr\u00e3o Autel Robotics EVO Nano em laranja \u00e9 um drone compacto e leve que pesa apenas 249 gramas, quase o mesmo que uma laranja.","breadcrumb":{"@id":"https:\/\/www.ghostysky.com\/product\/evo-nano-standard-package\/#breadcrumb"},"inLanguage":"pt-PT","potentialAction":[{"@type":"ReadAction","target":["https:\/\/www.ghostysky.com\/product\/evo-nano-standard-package\/"]}]},{"@type":"ImageObject","inLanguage":"pt-PT","@id":"https:\/\/www.ghostysky.com\/product\/evo-nano-standard-package\/#primaryimage","url":"https:\/\/www.ghostysky.com\/wp-content\/uploads\/2024\/03\/GH_EVO-Nano-Standard-Package-Orange_1.jpg","contentUrl":"https:\/\/www.ghostysky.com\/wp-content\/uploads\/2024\/03\/GH_EVO-Nano-Standard-Package-Orange_1.jpg","width":450,"height":330},{"@type":"BreadcrumbList","@id":"https:\/\/www.ghostysky.com\/product\/evo-nano-standard-package\/#breadcrumb","itemListElement":[{"@type":"ListItem","position":1,"name":"Home","item":"https:\/\/www.ghostysky.com\/"},{"@type":"ListItem","position":2,"name":"Shop","item":"https:\/\/www.ghostysky.com\/shop\/"},{"@type":"ListItem","position":3,"name":"EVO Nano Standard Package"}]},{"@type":"WebSite","@id":"https:\/\/www.ghostysky.com\/#website","url":"https:\/\/www.ghostysky.com\/","name":"Ghostysky","description":"Fornecendo drones e servi\u00e7os profissionais","publisher":{"@id":"https:\/\/www.ghostysky.com\/#organization"},"potentialAction":[{"@type":"SearchAction","target":{"@type":"EntryPoint","urlTemplate":"https:\/\/www.ghostysky.com\/?s={search_term_string}"},"query-input":{"@type":"PropertyValueSpecification","valueRequired":true,"valueName":"search_term_string"}}],"inLanguage":"pt-PT"},{"@type":"Organization","@id":"https:\/\/www.ghostysky.com\/#organization","name":"Ghostysky","url":"https:\/\/www.ghostysky.com\/","logo":{"@type":"ImageObject","inLanguage":"pt-PT","@id":"https:\/\/www.ghostysky.com\/#\/schema\/logo\/image\/","url":"https:\/\/www.ghostysky.com\/wp-content\/uploads\/2020\/06\/cropped-ghostyskylogo_text_white2.png","contentUrl":"https:\/\/www.ghostysky.com\/wp-content\/uploads\/2020\/06\/cropped-ghostyskylogo_text_white2.png","width":169,"height":56,"caption":"Ghostysky"},"image":{"@id":"https:\/\/www.ghostysky.com\/#\/schema\/logo\/image\/"},"sameAs":["https:\/\/www.facebook.com\/people\/Ghostysky\/100057676170234\/","https:\/\/x.com\/Gh0stysky","https:\/\/www.linkedin.com\/company\/34739653","https:\/\/www.instagram.com\/gh0stysky"]}]}},"_links":{"self":[{"href":"https:\/\/www.ghostysky.com\/pt\/wp-json\/wp\/v2\/product\/17499","targetHints":{"allow":["GET"]}}],"collection":[{"href":"https:\/\/www.ghostysky.com\/pt\/wp-json\/wp\/v2\/product"}],"about":[{"href":"https:\/\/www.ghostysky.com\/pt\/wp-json\/wp\/v2\/types\/product"}],"replies":[{"embeddable":true,"href":"https:\/\/www.ghostysky.com\/pt\/wp-json\/wp\/v2\/comments?post=17499"}],"wp:featuredmedia":[{"embeddable":true,"href":"https:\/\/www.ghostysky.com\/pt\/wp-json\/wp\/v2\/media\/17504"}],"wp:attachment":[{"href":"https:\/\/www.ghostysky.com\/pt\/wp-json\/wp\/v2\/media?parent=17499"}],"wp:term":[{"taxonomy":"product_brand","embeddable":true,"href":"https:\/\/www.ghostysky.com\/pt\/wp-json\/wp\/v2\/product_brand?post=17499"},{"taxonomy":"product_cat","embeddable":true,"href":"https:\/\/www.ghostysky.com\/pt\/wp-json\/wp\/v2\/product_cat?post=17499"},{"taxonomy":"product_tag","embeddable":true,"href":"https:\/\/www.ghostysky.com\/pt\/wp-json\/wp\/v2\/product_tag?post=17499"}],"curies":[{"name":"wp","href":"https:\/\/api.w.org\/{rel}","templated":true}]}}