{"id":17517,"date":"2024-03-16T11:41:29","date_gmt":"2024-03-16T11:41:29","guid":{"rendered":"https:\/\/www.ghostysky.com\/?post_type=product&#038;p=17517"},"modified":"2024-03-16T11:41:54","modified_gmt":"2024-03-16T11:41:54","slug":"dragonfish","status":"publish","type":"product","link":"https:\/\/www.ghostysky.com\/pt\/product\/dragonfish\/","title":{"rendered":"Autel Robotics DragonFish"},"content":{"rendered":"<p data-sourcepos=\"1:1-1:149\"><strong>Recursos<\/strong><\/p>\n<ul data-sourcepos=\"3:1-9:0\">\n<li data-sourcepos=\"3:1-3:118\"><strong>Longo tempo de voo:<\/strong>\u00a0At\u00e9 180 minutos com carga \u00fatil, o que \u00e9 uma vantagem significativa sobre muitos drones concorrentes.<\/li>\n<li data-sourcepos=\"4:1-4:68\"><strong>Montagem r\u00e1pida:<\/strong>\u00a0Pode ser montado para voo em apenas 3 minutos.<\/li>\n<li data-sourcepos=\"5:1-5:136\"><strong>Op\u00e7\u00f5es de carga \u00fatil modular:<\/strong>\u00a0Permite a personaliza\u00e7\u00e3o para diferentes tarefas, como busca e salvamento, combate a inc\u00eandios ou inspe\u00e7\u00f5es.<\/li>\n<li data-sourcepos=\"6:1-6:136\"><strong>Rastreamento de IA:<\/strong>\u00a0Pode rastrear assuntos automaticamente, o que pode ser \u00fatil para tarefas como seguir um carro em movimento ou monitorar a vida selvagem.<\/li>\n<li data-sourcepos=\"7:1-7:153\"><strong>F\u00e1cil de usar:<\/strong>\u00a0Autel enfatiza o design f\u00e1cil de usar do Dragonfish, o que significa que ele pode exigir menos treinamento para operar do que alguns outros drones.<\/li>\n<li data-sourcepos=\"8:1-9:0\"><strong>Durabilidade:<\/strong>\u00a0O Dragonfish \u00e9 \u00e0 prova d&#039;\u00e1gua e projetado para opera\u00e7\u00e3o confi\u00e1vel em condi\u00e7\u00f5es desafiadoras.<\/li>\n<\/ul>\n<p data-sourcepos=\"10:1-10:33\">Aqui est\u00e3o alguns detalhes adicionais:<\/p>\n<ul data-sourcepos=\"12:1-15:0\">\n<li data-sourcepos=\"12:1-12:161\">O Dragonfish tem um design de rotor inclinado, que lhe permite decolar e pousar verticalmente como um helic\u00f3ptero, mas tamb\u00e9m voar com efici\u00eancia como uma aeronave de asa fixa.<\/li>\n<li data-sourcepos=\"13:1-13:116\">Tem uma velocidade m\u00e1xima de 108 quil\u00f4metros por hora (67 mph) e um alcance de transmiss\u00e3o de 18,6 milhas (30 quil\u00f4metros).<\/li>\n<li data-sourcepos=\"14:1-15:0\">O Dragonfish \u00e9 relativamente silencioso em compara\u00e7\u00e3o com alguns outros drones.<\/li>\n<\/ul>\n<p data-sourcepos=\"16:1-16:153\">No geral, o Autel Robotics Dragonfish parece ser um drone vers\u00e1til e poderoso que pode ser uma boa op\u00e7\u00e3o para uma variedade de aplica\u00e7\u00f5es comerciais.<\/p>","protected":false},"excerpt":{"rendered":"<p>O Autel Robotics Dragonfish \u00e9 um drone de decolagem e pouso vertical (VTOL) projetado para aplica\u00e7\u00f5es comerciais.<\/p>","protected":false},"featured_media":17522,"comment_status":"open","ping_status":"closed","template":"","meta":[],"product_brand":[],"product_cat":[220,29,294],"product_tag":[495,770,41],"class_list":{"0":"post-17517","1":"product","2":"type-product","3":"status-publish","4":"has-post-thumbnail","6":"product_cat-autel","7":"product_cat-drones","8":"product_cat-drone-autel","9":"product_tag-autel-robotics","10":"product_tag-dragonfish","11":"product_tag-vtol","13":"first","14":"onbackorder","15":"taxable","16":"shipping-taxable","17":"product-type-simple"},"yoast_head":"<!-- This site is optimized with the Yoast SEO plugin v27.1.1 - https:\/\/yoast.com\/product\/yoast-seo-wordpress\/ -->\n<title>Autel Robotics DragonFish - Ghostysky<\/title>\n<meta name=\"description\" content=\"The Autel Robotics Dragonfish is a vertical takeoff and landing (VTOL) drone designed for commercial applications.\" \/>\n<meta name=\"robots\" content=\"index, follow, max-snippet:-1, max-image-preview:large, max-video-preview:-1\" \/>\n<link rel=\"canonical\" href=\"https:\/\/www.ghostysky.com\/pt\/produto-2\/dragonfish\/\" \/>\n<meta property=\"og:locale\" content=\"pt_PT\" \/>\n<meta property=\"og:type\" content=\"article\" \/>\n<meta property=\"og:title\" content=\"Autel Robotics DragonFish - Ghostysky\" \/>\n<meta property=\"og:description\" content=\"The Autel Robotics Dragonfish is a vertical takeoff and landing (VTOL) drone designed for commercial applications.\" \/>\n<meta property=\"og:url\" content=\"https:\/\/www.ghostysky.com\/pt\/produto-2\/dragonfish\/\" \/>\n<meta property=\"og:site_name\" content=\"Ghostysky\" \/>\n<meta property=\"article:publisher\" content=\"https:\/\/www.facebook.com\/people\/Ghostysky\/100057676170234\/\" \/>\n<meta property=\"article:modified_time\" content=\"2024-03-16T11:41:54+00:00\" \/>\n<meta property=\"og:image\" content=\"https:\/\/www.ghostysky.com\/wp-content\/uploads\/2024\/03\/GH_AutelRobotics_Dragonfish_1.jpg\" \/>\n\t<meta property=\"og:image:width\" content=\"500\" \/>\n\t<meta property=\"og:image:height\" content=\"353\" \/>\n\t<meta property=\"og:image:type\" content=\"image\/jpeg\" \/>\n<meta name=\"twitter:card\" content=\"summary_large_image\" \/>\n<meta name=\"twitter:site\" content=\"@Gh0stysky\" \/>\n<meta name=\"twitter:label1\" content=\"Tempo estimado de leitura\" \/>\n\t<meta name=\"twitter:data1\" content=\"1 minuto\" \/>\n<script type=\"application\/ld+json\" class=\"yoast-schema-graph\">{\"@context\":\"https:\/\/schema.org\",\"@graph\":[{\"@type\":\"WebPage\",\"@id\":\"https:\/\/www.ghostysky.com\/product\/dragonfish\/\",\"url\":\"https:\/\/www.ghostysky.com\/product\/dragonfish\/\",\"name\":\"Autel Robotics DragonFish - Ghostysky\",\"isPartOf\":{\"@id\":\"https:\/\/www.ghostysky.com\/#website\"},\"primaryImageOfPage\":{\"@id\":\"https:\/\/www.ghostysky.com\/product\/dragonfish\/#primaryimage\"},\"image\":{\"@id\":\"https:\/\/www.ghostysky.com\/product\/dragonfish\/#primaryimage\"},\"thumbnailUrl\":\"https:\/\/www.ghostysky.com\/wp-content\/uploads\/2024\/03\/GH_AutelRobotics_Dragonfish_1.jpg\",\"datePublished\":\"2024-03-16T11:41:29+00:00\",\"dateModified\":\"2024-03-16T11:41:54+00:00\",\"description\":\"The Autel Robotics Dragonfish is a vertical takeoff and landing (VTOL) drone designed for commercial applications.\",\"breadcrumb\":{\"@id\":\"https:\/\/www.ghostysky.com\/product\/dragonfish\/#breadcrumb\"},\"inLanguage\":\"pt-PT\",\"potentialAction\":[{\"@type\":\"ReadAction\",\"target\":[\"https:\/\/www.ghostysky.com\/product\/dragonfish\/\"]}]},{\"@type\":\"ImageObject\",\"inLanguage\":\"pt-PT\",\"@id\":\"https:\/\/www.ghostysky.com\/product\/dragonfish\/#primaryimage\",\"url\":\"https:\/\/www.ghostysky.com\/wp-content\/uploads\/2024\/03\/GH_AutelRobotics_Dragonfish_1.jpg\",\"contentUrl\":\"https:\/\/www.ghostysky.com\/wp-content\/uploads\/2024\/03\/GH_AutelRobotics_Dragonfish_1.jpg\",\"width\":500,\"height\":353},{\"@type\":\"BreadcrumbList\",\"@id\":\"https:\/\/www.ghostysky.com\/product\/dragonfish\/#breadcrumb\",\"itemListElement\":[{\"@type\":\"ListItem\",\"position\":1,\"name\":\"Home\",\"item\":\"https:\/\/www.ghostysky.com\/\"},{\"@type\":\"ListItem\",\"position\":2,\"name\":\"Shop\",\"item\":\"https:\/\/www.ghostysky.com\/shop\/\"},{\"@type\":\"ListItem\",\"position\":3,\"name\":\"Autel Robotics DragonFish\"}]},{\"@type\":\"WebSite\",\"@id\":\"https:\/\/www.ghostysky.com\/#website\",\"url\":\"https:\/\/www.ghostysky.com\/\",\"name\":\"Ghostysky\",\"description\":\"Delivering professional drones and services\",\"publisher\":{\"@id\":\"https:\/\/www.ghostysky.com\/#organization\"},\"potentialAction\":[{\"@type\":\"SearchAction\",\"target\":{\"@type\":\"EntryPoint\",\"urlTemplate\":\"https:\/\/www.ghostysky.com\/?s={search_term_string}\"},\"query-input\":{\"@type\":\"PropertyValueSpecification\",\"valueRequired\":true,\"valueName\":\"search_term_string\"}}],\"inLanguage\":\"pt-PT\"},{\"@type\":\"Organization\",\"@id\":\"https:\/\/www.ghostysky.com\/#organization\",\"name\":\"Ghostysky\",\"url\":\"https:\/\/www.ghostysky.com\/\",\"logo\":{\"@type\":\"ImageObject\",\"inLanguage\":\"pt-PT\",\"@id\":\"https:\/\/www.ghostysky.com\/#\/schema\/logo\/image\/\",\"url\":\"https:\/\/www.ghostysky.com\/wp-content\/uploads\/2020\/06\/cropped-ghostyskylogo_text_white2.png\",\"contentUrl\":\"https:\/\/www.ghostysky.com\/wp-content\/uploads\/2020\/06\/cropped-ghostyskylogo_text_white2.png\",\"width\":169,\"height\":56,\"caption\":\"Ghostysky\"},\"image\":{\"@id\":\"https:\/\/www.ghostysky.com\/#\/schema\/logo\/image\/\"},\"sameAs\":[\"https:\/\/www.facebook.com\/people\/Ghostysky\/100057676170234\/\",\"https:\/\/x.com\/Gh0stysky\",\"https:\/\/www.linkedin.com\/company\/34739653\",\"https:\/\/www.instagram.com\/gh0stysky\"]}]}<\/script>\n<!-- \/ Yoast SEO plugin. -->","yoast_head_json":{"title":"Autel Rob\u00f3tica DragonFish - Ghostysky","description":"O Autel Robotics Dragonfish \u00e9 um drone de decolagem e pouso vertical (VTOL) projetado para aplica\u00e7\u00f5es comerciais.","robots":{"index":"index","follow":"follow","max-snippet":"max-snippet:-1","max-image-preview":"max-image-preview:large","max-video-preview":"max-video-preview:-1"},"canonical":"https:\/\/www.ghostysky.com\/pt\/produto-2\/dragonfish\/","og_locale":"pt_PT","og_type":"article","og_title":"Autel Robotics DragonFish - Ghostysky","og_description":"The Autel Robotics Dragonfish is a vertical takeoff and landing (VTOL) drone designed for commercial applications.","og_url":"https:\/\/www.ghostysky.com\/pt\/produto-2\/dragonfish\/","og_site_name":"Ghostysky","article_publisher":"https:\/\/www.facebook.com\/people\/Ghostysky\/100057676170234\/","article_modified_time":"2024-03-16T11:41:54+00:00","og_image":[{"width":500,"height":353,"url":"https:\/\/www.ghostysky.com\/wp-content\/uploads\/2024\/03\/GH_AutelRobotics_Dragonfish_1.jpg","type":"image\/jpeg"}],"twitter_card":"summary_large_image","twitter_site":"@Gh0stysky","twitter_misc":{"Tempo estimado de leitura":"1 minuto"},"schema":{"@context":"https:\/\/schema.org","@graph":[{"@type":"WebPage","@id":"https:\/\/www.ghostysky.com\/product\/dragonfish\/","url":"https:\/\/www.ghostysky.com\/product\/dragonfish\/","name":"Autel Rob\u00f3tica DragonFish - Ghostysky","isPartOf":{"@id":"https:\/\/www.ghostysky.com\/#website"},"primaryImageOfPage":{"@id":"https:\/\/www.ghostysky.com\/product\/dragonfish\/#primaryimage"},"image":{"@id":"https:\/\/www.ghostysky.com\/product\/dragonfish\/#primaryimage"},"thumbnailUrl":"https:\/\/www.ghostysky.com\/wp-content\/uploads\/2024\/03\/GH_AutelRobotics_Dragonfish_1.jpg","datePublished":"2024-03-16T11:41:29+00:00","dateModified":"2024-03-16T11:41:54+00:00","description":"O Autel Robotics Dragonfish \u00e9 um drone de decolagem e pouso vertical (VTOL) projetado para aplica\u00e7\u00f5es comerciais.","breadcrumb":{"@id":"https:\/\/www.ghostysky.com\/product\/dragonfish\/#breadcrumb"},"inLanguage":"pt-PT","potentialAction":[{"@type":"ReadAction","target":["https:\/\/www.ghostysky.com\/product\/dragonfish\/"]}]},{"@type":"ImageObject","inLanguage":"pt-PT","@id":"https:\/\/www.ghostysky.com\/product\/dragonfish\/#primaryimage","url":"https:\/\/www.ghostysky.com\/wp-content\/uploads\/2024\/03\/GH_AutelRobotics_Dragonfish_1.jpg","contentUrl":"https:\/\/www.ghostysky.com\/wp-content\/uploads\/2024\/03\/GH_AutelRobotics_Dragonfish_1.jpg","width":500,"height":353},{"@type":"BreadcrumbList","@id":"https:\/\/www.ghostysky.com\/product\/dragonfish\/#breadcrumb","itemListElement":[{"@type":"ListItem","position":1,"name":"Home","item":"https:\/\/www.ghostysky.com\/"},{"@type":"ListItem","position":2,"name":"Shop","item":"https:\/\/www.ghostysky.com\/shop\/"},{"@type":"ListItem","position":3,"name":"Autel Robotics DragonFish"}]},{"@type":"WebSite","@id":"https:\/\/www.ghostysky.com\/#website","url":"https:\/\/www.ghostysky.com\/","name":"Ghostysky","description":"Fornecendo drones e servi\u00e7os profissionais","publisher":{"@id":"https:\/\/www.ghostysky.com\/#organization"},"potentialAction":[{"@type":"SearchAction","target":{"@type":"EntryPoint","urlTemplate":"https:\/\/www.ghostysky.com\/?s={search_term_string}"},"query-input":{"@type":"PropertyValueSpecification","valueRequired":true,"valueName":"search_term_string"}}],"inLanguage":"pt-PT"},{"@type":"Organization","@id":"https:\/\/www.ghostysky.com\/#organization","name":"Ghostysky","url":"https:\/\/www.ghostysky.com\/","logo":{"@type":"ImageObject","inLanguage":"pt-PT","@id":"https:\/\/www.ghostysky.com\/#\/schema\/logo\/image\/","url":"https:\/\/www.ghostysky.com\/wp-content\/uploads\/2020\/06\/cropped-ghostyskylogo_text_white2.png","contentUrl":"https:\/\/www.ghostysky.com\/wp-content\/uploads\/2020\/06\/cropped-ghostyskylogo_text_white2.png","width":169,"height":56,"caption":"Ghostysky"},"image":{"@id":"https:\/\/www.ghostysky.com\/#\/schema\/logo\/image\/"},"sameAs":["https:\/\/www.facebook.com\/people\/Ghostysky\/100057676170234\/","https:\/\/x.com\/Gh0stysky","https:\/\/www.linkedin.com\/company\/34739653","https:\/\/www.instagram.com\/gh0stysky"]}]}},"_links":{"self":[{"href":"https:\/\/www.ghostysky.com\/pt\/wp-json\/wp\/v2\/product\/17517","targetHints":{"allow":["GET"]}}],"collection":[{"href":"https:\/\/www.ghostysky.com\/pt\/wp-json\/wp\/v2\/product"}],"about":[{"href":"https:\/\/www.ghostysky.com\/pt\/wp-json\/wp\/v2\/types\/product"}],"replies":[{"embeddable":true,"href":"https:\/\/www.ghostysky.com\/pt\/wp-json\/wp\/v2\/comments?post=17517"}],"wp:featuredmedia":[{"embeddable":true,"href":"https:\/\/www.ghostysky.com\/pt\/wp-json\/wp\/v2\/media\/17522"}],"wp:attachment":[{"href":"https:\/\/www.ghostysky.com\/pt\/wp-json\/wp\/v2\/media?parent=17517"}],"wp:term":[{"taxonomy":"product_brand","embeddable":true,"href":"https:\/\/www.ghostysky.com\/pt\/wp-json\/wp\/v2\/product_brand?post=17517"},{"taxonomy":"product_cat","embeddable":true,"href":"https:\/\/www.ghostysky.com\/pt\/wp-json\/wp\/v2\/product_cat?post=17517"},{"taxonomy":"product_tag","embeddable":true,"href":"https:\/\/www.ghostysky.com\/pt\/wp-json\/wp\/v2\/product_tag?post=17517"}],"curies":[{"name":"wp","href":"https:\/\/api.w.org\/{rel}","templated":true}]}}