{"id":17537,"date":"2024-03-16T12:19:42","date_gmt":"2024-03-16T12:19:42","guid":{"rendered":"https:\/\/www.ghostysky.com\/?post_type=product&#038;p=17537"},"modified":"2024-11-07T08:29:26","modified_gmt":"2024-11-07T08:29:26","slug":"evo-nest","status":"publish","type":"product","link":"https:\/\/www.ghostysky.com\/pt\/product\/evo-nest\/","title":{"rendered":"EVO NEST"},"content":{"rendered":"<p data-sourcepos=\"3:1-3:58\">Aqui est\u00e3o alguns recursos principais do Autel Robotics EVO NEST:<\/p>\n<ul data-sourcepos=\"5:1-10:0\">\n<li data-sourcepos=\"5:1-5:123\"><strong>Opera\u00e7\u00e3o autom\u00e1tica:<\/strong>\u00a0Permite que drones pousem, recarreguem e decolem para m\u00faltiplas miss\u00f5es sem interven\u00e7\u00e3o humana.<\/li>\n<li data-sourcepos=\"6:1-6:161\"><strong>Capaz para todos os climas:<\/strong>\u00a0Constru\u00eddo para suportar condi\u00e7\u00f5es externas adversas com um exterior resistente \u00e0 poeira e \u00e0 \u00e1gua (classifica\u00e7\u00e3o IP54) e um ar condicionado integrado.<\/li>\n<li data-sourcepos=\"7:1-7:73\"><strong>Carregamento r\u00e1pido:<\/strong>\u00a0Carrega totalmente a bateria de um drone em cerca de 45 minutos.<\/li>\n<li data-sourcepos=\"8:1-8:91\"><strong>Seguro e confi\u00e1vel:<\/strong>\u00a0Inclui prote\u00e7\u00e3o contra sobrecorrente para opera\u00e7\u00e3o est\u00e1vel e confi\u00e1vel.<\/li>\n<li data-sourcepos=\"9:1-10:0\"><strong>Monitoramento remoto:<\/strong>\u00a0Fornece uma exibi\u00e7\u00e3o de status para cada componente do sistema, permitindo o diagn\u00f3stico remoto de problemas.<\/li>\n<\/ul>\n<p data-sourcepos=\"11:1-11:170\">No geral, o Autel Robotics EVO NEST \u00e9 uma ferramenta \u00fatil para aplica\u00e7\u00f5es onde s\u00e3o necess\u00e1rias miss\u00f5es aut\u00f4nomas de drones, como patrulhas de seguran\u00e7a, inspe\u00e7\u00f5es e levantamentos.<\/p>\n<div class=\"rectue-top flexsb\"><strong>Especifica\u00e7\u00f5es t\u00e9cnicas<\/strong><\/div>\n<div class=\"rectue-min\">\n<table>\n<tbody>\n<tr class=\"firstRow\">\n<td>Tamanho<\/td>\n<td>36,77*25,24*30,51 polegadas (escotilha fechada)<br \/>\n36,77*25,24*21,57 polegadas (escotilha aberta)<\/td>\n<\/tr>\n<tr>\n<td colspan=\"1\" rowspan=\"1\">Peso<\/td>\n<td colspan=\"1\" rowspan=\"1\">132 libras<\/td>\n<\/tr>\n<tr>\n<td>N\u00edvel de prote\u00e7\u00e3o<\/td>\n<td>IP55<\/td>\n<\/tr>\n<tr>\n<td>Temperatura de opera\u00e7\u00e3o<\/td>\n<td>-22\u00b0F~131\u00b0F<\/td>\n<\/tr>\n<tr>\n<td>Umidade operacional<\/td>\n<td>95\u00b13%(68\u00b0F~86\u00b0F)<\/td>\n<\/tr>\n<tr>\n<td>Altitude operacional m\u00e1xima<\/td>\n<td>6.000 metros<\/td>\n<\/tr>\n<tr>\n<td>Resist\u00eancia \u00e0 escotilha<\/td>\n<td>\u226550.000 vezes<\/td>\n<\/tr>\n<tr>\n<td>Poder maximo<\/td>\n<td>1,2 kW<\/td>\n<\/tr>\n<tr>\n<td>Energia em espera<\/td>\n<td>10W<\/td>\n<\/tr>\n<tr>\n<td>Tens\u00e3o operacional<\/td>\n<td>CA 110V \/ 220V<\/td>\n<\/tr>\n<tr>\n<td>Corrente m\u00e1xima de carga<\/td>\n<td>16A<\/td>\n<\/tr>\n<tr>\n<td>Dura\u00e7\u00e3o da carga do drone<\/td>\n<td>10% ~ 90% 25min<\/td>\n<\/tr>\n<tr>\n<td>Modelo<\/td>\n<td>S\u00e9rie EVO Max<\/td>\n<\/tr>\n<\/tbody>\n<\/table>\n<\/div>","protected":false},"excerpt":{"rendered":"<p>Autel Robotics EVO NEST \u00e9 uma esta\u00e7\u00e3o de carregamento autom\u00e1tica de drones projetada para drones industriais. Ele permite que esses drones pousem, recarreguem e decolem novamente para miss\u00f5es consecutivas, tudo sem a necessidade de qualquer interven\u00e7\u00e3o humana.<\/p>","protected":false},"featured_media":17542,"comment_status":"open","ping_status":"closed","template":"","meta":[],"product_brand":[],"product_cat":[220,29,771],"product_tag":[495,772],"class_list":{"0":"post-17537","1":"product","2":"type-product","3":"status-publish","4":"has-post-thumbnail","6":"product_cat-autel","7":"product_cat-drones","8":"product_cat-nest","9":"product_tag-autel-robotics","10":"product_tag-evo-nest","12":"first","13":"onbackorder","14":"taxable","15":"shipping-taxable","16":"product-type-simple"},"yoast_head":"<!-- This site is optimized with the Yoast SEO plugin v27.1.1 - https:\/\/yoast.com\/product\/yoast-seo-wordpress\/ -->\n<title>Evo Nest - Ghostysky<\/title>\n<meta name=\"description\" content=\"Autel Robotics EVO NEST is an automatic drone charging station designed for industrial drones. It allows these drones to land, recharge, and take off again for consecutive missions, all without needing any human intervention.\" \/>\n<meta name=\"robots\" content=\"index, follow, max-snippet:-1, max-image-preview:large, max-video-preview:-1\" \/>\n<link rel=\"canonical\" href=\"https:\/\/www.ghostysky.com\/pt\/produto-2\/evo-nest\/\" \/>\n<meta property=\"og:locale\" content=\"pt_PT\" \/>\n<meta property=\"og:type\" content=\"article\" \/>\n<meta property=\"og:title\" content=\"Evo Nest - Ghostysky\" \/>\n<meta property=\"og:description\" content=\"Autel Robotics EVO NEST is an automatic drone charging station designed for industrial drones. It allows these drones to land, recharge, and take off again for consecutive missions, all without needing any human intervention.\" \/>\n<meta property=\"og:url\" content=\"https:\/\/www.ghostysky.com\/pt\/produto-2\/evo-nest\/\" \/>\n<meta property=\"og:site_name\" content=\"Ghostysky\" \/>\n<meta property=\"article:publisher\" content=\"https:\/\/www.facebook.com\/people\/Ghostysky\/100057676170234\/\" \/>\n<meta property=\"article:modified_time\" content=\"2024-11-07T08:29:26+00:00\" \/>\n<meta property=\"og:image\" content=\"https:\/\/www.ghostysky.com\/wp-content\/uploads\/2024\/03\/GH_AutelEvoNest_1.jpg\" \/>\n\t<meta property=\"og:image:width\" content=\"500\" \/>\n\t<meta property=\"og:image:height\" content=\"500\" \/>\n\t<meta property=\"og:image:type\" content=\"image\/jpeg\" \/>\n<meta name=\"twitter:card\" content=\"summary_large_image\" \/>\n<meta name=\"twitter:site\" content=\"@Gh0stysky\" \/>\n<meta name=\"twitter:label1\" content=\"Tempo estimado de leitura\" \/>\n\t<meta name=\"twitter:data1\" content=\"1 minuto\" \/>\n<script type=\"application\/ld+json\" class=\"yoast-schema-graph\">{\"@context\":\"https:\/\/schema.org\",\"@graph\":[{\"@type\":\"WebPage\",\"@id\":\"https:\/\/www.ghostysky.com\/product\/evo-nest\/\",\"url\":\"https:\/\/www.ghostysky.com\/product\/evo-nest\/\",\"name\":\"Evo Nest - Ghostysky\",\"isPartOf\":{\"@id\":\"https:\/\/www.ghostysky.com\/#website\"},\"primaryImageOfPage\":{\"@id\":\"https:\/\/www.ghostysky.com\/product\/evo-nest\/#primaryimage\"},\"image\":{\"@id\":\"https:\/\/www.ghostysky.com\/product\/evo-nest\/#primaryimage\"},\"thumbnailUrl\":\"https:\/\/www.ghostysky.com\/wp-content\/uploads\/2024\/03\/GH_AutelEvoNest_1.jpg\",\"datePublished\":\"2024-03-16T12:19:42+00:00\",\"dateModified\":\"2024-11-07T08:29:26+00:00\",\"description\":\"Autel Robotics EVO NEST is an automatic drone charging station designed for industrial drones. It allows these drones to land, recharge, and take off again for consecutive missions, all without needing any human intervention.\",\"breadcrumb\":{\"@id\":\"https:\/\/www.ghostysky.com\/product\/evo-nest\/#breadcrumb\"},\"inLanguage\":\"pt-PT\",\"potentialAction\":[{\"@type\":\"ReadAction\",\"target\":[\"https:\/\/www.ghostysky.com\/product\/evo-nest\/\"]}]},{\"@type\":\"ImageObject\",\"inLanguage\":\"pt-PT\",\"@id\":\"https:\/\/www.ghostysky.com\/product\/evo-nest\/#primaryimage\",\"url\":\"https:\/\/www.ghostysky.com\/wp-content\/uploads\/2024\/03\/GH_AutelEvoNest_1.jpg\",\"contentUrl\":\"https:\/\/www.ghostysky.com\/wp-content\/uploads\/2024\/03\/GH_AutelEvoNest_1.jpg\",\"width\":500,\"height\":500},{\"@type\":\"BreadcrumbList\",\"@id\":\"https:\/\/www.ghostysky.com\/product\/evo-nest\/#breadcrumb\",\"itemListElement\":[{\"@type\":\"ListItem\",\"position\":1,\"name\":\"Home\",\"item\":\"https:\/\/www.ghostysky.com\/\"},{\"@type\":\"ListItem\",\"position\":2,\"name\":\"Shop\",\"item\":\"https:\/\/www.ghostysky.com\/shop\/\"},{\"@type\":\"ListItem\",\"position\":3,\"name\":\"Evo Nest\"}]},{\"@type\":\"WebSite\",\"@id\":\"https:\/\/www.ghostysky.com\/#website\",\"url\":\"https:\/\/www.ghostysky.com\/\",\"name\":\"Ghostysky\",\"description\":\"Delivering professional drones and services\",\"publisher\":{\"@id\":\"https:\/\/www.ghostysky.com\/#organization\"},\"potentialAction\":[{\"@type\":\"SearchAction\",\"target\":{\"@type\":\"EntryPoint\",\"urlTemplate\":\"https:\/\/www.ghostysky.com\/?s={search_term_string}\"},\"query-input\":{\"@type\":\"PropertyValueSpecification\",\"valueRequired\":true,\"valueName\":\"search_term_string\"}}],\"inLanguage\":\"pt-PT\"},{\"@type\":\"Organization\",\"@id\":\"https:\/\/www.ghostysky.com\/#organization\",\"name\":\"Ghostysky\",\"url\":\"https:\/\/www.ghostysky.com\/\",\"logo\":{\"@type\":\"ImageObject\",\"inLanguage\":\"pt-PT\",\"@id\":\"https:\/\/www.ghostysky.com\/#\/schema\/logo\/image\/\",\"url\":\"https:\/\/www.ghostysky.com\/wp-content\/uploads\/2020\/06\/cropped-ghostyskylogo_text_white2.png\",\"contentUrl\":\"https:\/\/www.ghostysky.com\/wp-content\/uploads\/2020\/06\/cropped-ghostyskylogo_text_white2.png\",\"width\":169,\"height\":56,\"caption\":\"Ghostysky\"},\"image\":{\"@id\":\"https:\/\/www.ghostysky.com\/#\/schema\/logo\/image\/\"},\"sameAs\":[\"https:\/\/www.facebook.com\/people\/Ghostysky\/100057676170234\/\",\"https:\/\/x.com\/Gh0stysky\",\"https:\/\/www.linkedin.com\/company\/34739653\",\"https:\/\/www.instagram.com\/gh0stysky\"]}]}<\/script>\n<!-- \/ Yoast SEO plugin. -->","yoast_head_json":{"title":"Evo Nest - Ghostysky","description":"Autel Robotics EVO NEST \u00e9 uma esta\u00e7\u00e3o de carregamento autom\u00e1tica de drones projetada para drones industriais. Ele permite que esses drones pousem, recarreguem e decolem novamente para miss\u00f5es consecutivas, tudo sem a necessidade de qualquer interven\u00e7\u00e3o humana.","robots":{"index":"index","follow":"follow","max-snippet":"max-snippet:-1","max-image-preview":"max-image-preview:large","max-video-preview":"max-video-preview:-1"},"canonical":"https:\/\/www.ghostysky.com\/pt\/produto-2\/evo-nest\/","og_locale":"pt_PT","og_type":"article","og_title":"Evo Nest - Ghostysky","og_description":"Autel Robotics EVO NEST is an automatic drone charging station designed for industrial drones. It allows these drones to land, recharge, and take off again for consecutive missions, all without needing any human intervention.","og_url":"https:\/\/www.ghostysky.com\/pt\/produto-2\/evo-nest\/","og_site_name":"Ghostysky","article_publisher":"https:\/\/www.facebook.com\/people\/Ghostysky\/100057676170234\/","article_modified_time":"2024-11-07T08:29:26+00:00","og_image":[{"width":500,"height":500,"url":"https:\/\/www.ghostysky.com\/wp-content\/uploads\/2024\/03\/GH_AutelEvoNest_1.jpg","type":"image\/jpeg"}],"twitter_card":"summary_large_image","twitter_site":"@Gh0stysky","twitter_misc":{"Tempo estimado de leitura":"1 minuto"},"schema":{"@context":"https:\/\/schema.org","@graph":[{"@type":"WebPage","@id":"https:\/\/www.ghostysky.com\/product\/evo-nest\/","url":"https:\/\/www.ghostysky.com\/product\/evo-nest\/","name":"Evo Nest - Ghostysky","isPartOf":{"@id":"https:\/\/www.ghostysky.com\/#website"},"primaryImageOfPage":{"@id":"https:\/\/www.ghostysky.com\/product\/evo-nest\/#primaryimage"},"image":{"@id":"https:\/\/www.ghostysky.com\/product\/evo-nest\/#primaryimage"},"thumbnailUrl":"https:\/\/www.ghostysky.com\/wp-content\/uploads\/2024\/03\/GH_AutelEvoNest_1.jpg","datePublished":"2024-03-16T12:19:42+00:00","dateModified":"2024-11-07T08:29:26+00:00","description":"Autel Robotics EVO NEST \u00e9 uma esta\u00e7\u00e3o de carregamento autom\u00e1tica de drones projetada para drones industriais. Ele permite que esses drones pousem, recarreguem e decolem novamente para miss\u00f5es consecutivas, tudo sem a necessidade de qualquer interven\u00e7\u00e3o humana.","breadcrumb":{"@id":"https:\/\/www.ghostysky.com\/product\/evo-nest\/#breadcrumb"},"inLanguage":"pt-PT","potentialAction":[{"@type":"ReadAction","target":["https:\/\/www.ghostysky.com\/product\/evo-nest\/"]}]},{"@type":"ImageObject","inLanguage":"pt-PT","@id":"https:\/\/www.ghostysky.com\/product\/evo-nest\/#primaryimage","url":"https:\/\/www.ghostysky.com\/wp-content\/uploads\/2024\/03\/GH_AutelEvoNest_1.jpg","contentUrl":"https:\/\/www.ghostysky.com\/wp-content\/uploads\/2024\/03\/GH_AutelEvoNest_1.jpg","width":500,"height":500},{"@type":"BreadcrumbList","@id":"https:\/\/www.ghostysky.com\/product\/evo-nest\/#breadcrumb","itemListElement":[{"@type":"ListItem","position":1,"name":"Home","item":"https:\/\/www.ghostysky.com\/"},{"@type":"ListItem","position":2,"name":"Shop","item":"https:\/\/www.ghostysky.com\/shop\/"},{"@type":"ListItem","position":3,"name":"Evo Nest"}]},{"@type":"WebSite","@id":"https:\/\/www.ghostysky.com\/#website","url":"https:\/\/www.ghostysky.com\/","name":"Ghostysky","description":"Fornecendo drones e servi\u00e7os profissionais","publisher":{"@id":"https:\/\/www.ghostysky.com\/#organization"},"potentialAction":[{"@type":"SearchAction","target":{"@type":"EntryPoint","urlTemplate":"https:\/\/www.ghostysky.com\/?s={search_term_string}"},"query-input":{"@type":"PropertyValueSpecification","valueRequired":true,"valueName":"search_term_string"}}],"inLanguage":"pt-PT"},{"@type":"Organization","@id":"https:\/\/www.ghostysky.com\/#organization","name":"Ghostysky","url":"https:\/\/www.ghostysky.com\/","logo":{"@type":"ImageObject","inLanguage":"pt-PT","@id":"https:\/\/www.ghostysky.com\/#\/schema\/logo\/image\/","url":"https:\/\/www.ghostysky.com\/wp-content\/uploads\/2020\/06\/cropped-ghostyskylogo_text_white2.png","contentUrl":"https:\/\/www.ghostysky.com\/wp-content\/uploads\/2020\/06\/cropped-ghostyskylogo_text_white2.png","width":169,"height":56,"caption":"Ghostysky"},"image":{"@id":"https:\/\/www.ghostysky.com\/#\/schema\/logo\/image\/"},"sameAs":["https:\/\/www.facebook.com\/people\/Ghostysky\/100057676170234\/","https:\/\/x.com\/Gh0stysky","https:\/\/www.linkedin.com\/company\/34739653","https:\/\/www.instagram.com\/gh0stysky"]}]}},"_links":{"self":[{"href":"https:\/\/www.ghostysky.com\/pt\/wp-json\/wp\/v2\/product\/17537","targetHints":{"allow":["GET"]}}],"collection":[{"href":"https:\/\/www.ghostysky.com\/pt\/wp-json\/wp\/v2\/product"}],"about":[{"href":"https:\/\/www.ghostysky.com\/pt\/wp-json\/wp\/v2\/types\/product"}],"replies":[{"embeddable":true,"href":"https:\/\/www.ghostysky.com\/pt\/wp-json\/wp\/v2\/comments?post=17537"}],"wp:featuredmedia":[{"embeddable":true,"href":"https:\/\/www.ghostysky.com\/pt\/wp-json\/wp\/v2\/media\/17542"}],"wp:attachment":[{"href":"https:\/\/www.ghostysky.com\/pt\/wp-json\/wp\/v2\/media?parent=17537"}],"wp:term":[{"taxonomy":"product_brand","embeddable":true,"href":"https:\/\/www.ghostysky.com\/pt\/wp-json\/wp\/v2\/product_brand?post=17537"},{"taxonomy":"product_cat","embeddable":true,"href":"https:\/\/www.ghostysky.com\/pt\/wp-json\/wp\/v2\/product_cat?post=17537"},{"taxonomy":"product_tag","embeddable":true,"href":"https:\/\/www.ghostysky.com\/pt\/wp-json\/wp\/v2\/product_tag?post=17537"}],"curies":[{"name":"wp","href":"https:\/\/api.w.org\/{rel}","templated":true}]}}