{"id":17592,"date":"2024-03-17T07:26:54","date_gmt":"2024-03-17T07:26:54","guid":{"rendered":"https:\/\/www.ghostysky.com\/?post_type=product&#038;p=17592"},"modified":"2026-01-15T06:50:59","modified_gmt":"2026-01-15T06:50:59","slug":"dji-air-3-fly-more-combo-dji-rc-n2","status":"publish","type":"product","link":"https:\/\/www.ghostysky.com\/pt\/product\/dji-air-3-fly-more-combo-dji-rc-n2\/","title":{"rendered":"DJI Air 3 Fly Mais Combo (DJI RC-N2)"},"content":{"rendered":"<p data-sourcepos=\"1:1-1:179\"><strong>Recursos<\/strong><\/p>\n<ul data-sourcepos=\"3:1-10:0\">\n<li data-sourcepos=\"3:1-4:0\">\n<p data-sourcepos=\"3:3-3:150\"><strong>C\u00e2meras duplas:<\/strong> Possui sensor CMOS de 1\/1,3 polegada com lente grande angular e telefoto, capaz de capturar fotos de 48MP e v\u00eddeos HDR de 4K\/60fps.<\/p>\n<\/li>\n<li data-sourcepos=\"5:1-6:0\">\n<p data-sourcepos=\"5:3-5:124\"><strong>Tempo do voo:<\/strong> Ele pode voar por at\u00e9 46 minutos com uma \u00fanica bateria, proporcionando tempo suficiente para capturar fotos a\u00e9reas.<\/p>\n<\/li>\n<li data-sourcepos=\"7:1-8:0\">\n<p data-sourcepos=\"7:3-7:113\"><strong>Evitar Obst\u00e1culos:<\/strong> Possui detec\u00e7\u00e3o de obst\u00e1culos omnidirecional que ajuda a evitar colis\u00f5es durante o v\u00f4o.<\/p>\n<\/li>\n<li data-sourcepos=\"9:1-10:0\">\n<p data-sourcepos=\"9:3-9:168\"><strong>Faixa de transmiss\u00e3o:<\/strong> O sistema de transmiss\u00e3o de v\u00eddeo DJI O4 oferece um alcance de at\u00e9 20 km, garantindo uma conex\u00e3o confi\u00e1vel entre o drone e o controle remoto.<\/p>\n<\/li>\n<\/ul>\n<p data-sourcepos=\"11:1-11:28\"><strong>Voe mais vantagem combinada<\/strong><\/p>\n<p data-sourcepos=\"13:1-13:157\">O Fly More Combo adiciona especificamente mais baterias e acess\u00f3rios ao pacote b\u00e1sico do DJI Air 3, estendendo seu tempo de v\u00f4o e oferecendo mais conveni\u00eancia.<\/p>\n<p data-sourcepos=\"15:1-15:88\">Embora o conte\u00fado exato da combina\u00e7\u00e3o possa variar entre os varejistas, normalmente inclui:<\/p>\n<ul data-sourcepos=\"17:1-20:0\">\n<li data-sourcepos=\"17:1-17:43\">Baterias extras para maior tempo de voo<\/li>\n<li data-sourcepos=\"18:1-18:18\">H\u00e9lices extras<\/li>\n<li data-sourcepos=\"19:1-20:0\">Uma bolsa de transporte<\/li>\n<\/ul>\n<p data-sourcepos=\"21:1-21:21\"><strong>Controle remoto<\/strong><\/p>\n<p data-sourcepos=\"23:1-23:328\">O DJI RC-N2 \u00e9 o controle remoto padr\u00e3o inclu\u00eddo neste pacote. Requer um smartphone ou tablet para ser usado como display, que voc\u00ea precisar\u00e1 conectar ao controlador. H\u00e1 um DJI Air 3 Fly More Combo dispon\u00edvel com o controlador DJI RC 2, que possui uma tela integrada e n\u00e3o requer um dispositivo separado.<\/p>","protected":false},"excerpt":{"rendered":"<p>O DJI Air 3 Fly More Combo (DJI RC-N2) \u00e9 um pacote de drone que inclui o drone DJI Air 3 e o controle remoto DJI RC-N2.<\/p>","protected":false},"featured_media":17387,"comment_status":"open","ping_status":"closed","template":"","meta":[],"product_brand":[],"product_cat":[752,775,37,29,776],"product_tag":[754,753,42,773,774],"class_list":{"0":"post-17592","1":"product","2":"type-product","3":"status-publish","4":"has-post-thumbnail","6":"product_cat-aerial-photography","7":"product_cat-air-3","8":"product_cat-dji","9":"product_cat-drones","10":"product_cat-drones-air3","11":"product_tag-aerial-photography","12":"product_tag-air-3","13":"product_tag-dji","14":"product_tag-dji-rc-n2","15":"product_tag-fly-more-combo","17":"first","18":"instock","19":"taxable","20":"shipping-taxable","21":"purchasable","22":"product-type-simple"},"yoast_head":"<!-- This site is optimized with the Yoast SEO plugin v27.1.1 - https:\/\/yoast.com\/product\/yoast-seo-wordpress\/ -->\n<title>DJI Air 3 Fly More Combo (DJI RC-N2) - Ghostysky<\/title>\n<meta name=\"description\" content=\"The DJI Air 3 Fly More Combo (DJI RC-N2) is a drone bundle that includes the DJI Air 3 drone and the DJI RC-N2 remote controller.\" \/>\n<meta name=\"robots\" content=\"index, follow, max-snippet:-1, max-image-preview:large, max-video-preview:-1\" \/>\n<link rel=\"canonical\" href=\"https:\/\/www.ghostysky.com\/pt\/produto-2\/dji-air-3-fly-more-combo-dji-rc-n2\/\" \/>\n<meta property=\"og:locale\" content=\"pt_PT\" \/>\n<meta property=\"og:type\" content=\"article\" \/>\n<meta property=\"og:title\" content=\"DJI Air 3 Fly More Combo (DJI RC-N2) - Ghostysky\" \/>\n<meta property=\"og:description\" content=\"The DJI Air 3 Fly More Combo (DJI RC-N2) is a drone bundle that includes the DJI Air 3 drone and the DJI RC-N2 remote controller.\" \/>\n<meta property=\"og:url\" content=\"https:\/\/www.ghostysky.com\/pt\/produto-2\/dji-air-3-fly-more-combo-dji-rc-n2\/\" \/>\n<meta property=\"og:site_name\" content=\"Ghostysky\" \/>\n<meta property=\"article:publisher\" content=\"https:\/\/www.facebook.com\/people\/Ghostysky\/100057676170234\/\" \/>\n<meta property=\"article:modified_time\" content=\"2026-01-15T06:50:59+00:00\" \/>\n<meta property=\"og:image\" content=\"https:\/\/www.ghostysky.com\/wp-content\/uploads\/2024\/03\/GH_DJI_Air3_1.jpg\" \/>\n\t<meta property=\"og:image:width\" content=\"500\" \/>\n\t<meta property=\"og:image:height\" content=\"500\" \/>\n\t<meta property=\"og:image:type\" content=\"image\/jpeg\" \/>\n<meta name=\"twitter:card\" content=\"summary_large_image\" \/>\n<meta name=\"twitter:site\" content=\"@Gh0stysky\" \/>\n<meta name=\"twitter:label1\" content=\"Tempo estimado de leitura\" \/>\n\t<meta name=\"twitter:data1\" content=\"2 minutos\" \/>\n<script type=\"application\/ld+json\" class=\"yoast-schema-graph\">{\"@context\":\"https:\/\/schema.org\",\"@graph\":[{\"@type\":\"WebPage\",\"@id\":\"https:\/\/www.ghostysky.com\/product\/dji-air-3-fly-more-combo-dji-rc-n2\/\",\"url\":\"https:\/\/www.ghostysky.com\/product\/dji-air-3-fly-more-combo-dji-rc-n2\/\",\"name\":\"DJI Air 3 Fly More Combo (DJI RC-N2) - Ghostysky\",\"isPartOf\":{\"@id\":\"https:\/\/www.ghostysky.com\/#website\"},\"primaryImageOfPage\":{\"@id\":\"https:\/\/www.ghostysky.com\/product\/dji-air-3-fly-more-combo-dji-rc-n2\/#primaryimage\"},\"image\":{\"@id\":\"https:\/\/www.ghostysky.com\/product\/dji-air-3-fly-more-combo-dji-rc-n2\/#primaryimage\"},\"thumbnailUrl\":\"https:\/\/www.ghostysky.com\/wp-content\/uploads\/2024\/03\/GH_DJI_Air3_1.jpg\",\"datePublished\":\"2024-03-17T07:26:54+00:00\",\"dateModified\":\"2026-01-15T06:50:59+00:00\",\"description\":\"The DJI Air 3 Fly More Combo (DJI RC-N2) is a drone bundle that includes the DJI Air 3 drone and the DJI RC-N2 remote controller.\",\"breadcrumb\":{\"@id\":\"https:\/\/www.ghostysky.com\/product\/dji-air-3-fly-more-combo-dji-rc-n2\/#breadcrumb\"},\"inLanguage\":\"pt-PT\",\"potentialAction\":[{\"@type\":\"ReadAction\",\"target\":[\"https:\/\/www.ghostysky.com\/product\/dji-air-3-fly-more-combo-dji-rc-n2\/\"]}]},{\"@type\":\"ImageObject\",\"inLanguage\":\"pt-PT\",\"@id\":\"https:\/\/www.ghostysky.com\/product\/dji-air-3-fly-more-combo-dji-rc-n2\/#primaryimage\",\"url\":\"https:\/\/www.ghostysky.com\/wp-content\/uploads\/2024\/03\/GH_DJI_Air3_1.jpg\",\"contentUrl\":\"https:\/\/www.ghostysky.com\/wp-content\/uploads\/2024\/03\/GH_DJI_Air3_1.jpg\",\"width\":500,\"height\":500},{\"@type\":\"BreadcrumbList\",\"@id\":\"https:\/\/www.ghostysky.com\/product\/dji-air-3-fly-more-combo-dji-rc-n2\/#breadcrumb\",\"itemListElement\":[{\"@type\":\"ListItem\",\"position\":1,\"name\":\"Home\",\"item\":\"https:\/\/www.ghostysky.com\/\"},{\"@type\":\"ListItem\",\"position\":2,\"name\":\"Shop\",\"item\":\"https:\/\/www.ghostysky.com\/shop\/\"},{\"@type\":\"ListItem\",\"position\":3,\"name\":\"DJI Air 3 Fly More Combo (DJI RC-N2)\"}]},{\"@type\":\"WebSite\",\"@id\":\"https:\/\/www.ghostysky.com\/#website\",\"url\":\"https:\/\/www.ghostysky.com\/\",\"name\":\"Ghostysky\",\"description\":\"Delivering professional drones and services\",\"publisher\":{\"@id\":\"https:\/\/www.ghostysky.com\/#organization\"},\"potentialAction\":[{\"@type\":\"SearchAction\",\"target\":{\"@type\":\"EntryPoint\",\"urlTemplate\":\"https:\/\/www.ghostysky.com\/?s={search_term_string}\"},\"query-input\":{\"@type\":\"PropertyValueSpecification\",\"valueRequired\":true,\"valueName\":\"search_term_string\"}}],\"inLanguage\":\"pt-PT\"},{\"@type\":\"Organization\",\"@id\":\"https:\/\/www.ghostysky.com\/#organization\",\"name\":\"Ghostysky\",\"url\":\"https:\/\/www.ghostysky.com\/\",\"logo\":{\"@type\":\"ImageObject\",\"inLanguage\":\"pt-PT\",\"@id\":\"https:\/\/www.ghostysky.com\/#\/schema\/logo\/image\/\",\"url\":\"https:\/\/www.ghostysky.com\/wp-content\/uploads\/2020\/06\/cropped-ghostyskylogo_text_white2.png\",\"contentUrl\":\"https:\/\/www.ghostysky.com\/wp-content\/uploads\/2020\/06\/cropped-ghostyskylogo_text_white2.png\",\"width\":169,\"height\":56,\"caption\":\"Ghostysky\"},\"image\":{\"@id\":\"https:\/\/www.ghostysky.com\/#\/schema\/logo\/image\/\"},\"sameAs\":[\"https:\/\/www.facebook.com\/people\/Ghostysky\/100057676170234\/\",\"https:\/\/x.com\/Gh0stysky\",\"https:\/\/www.linkedin.com\/company\/34739653\",\"https:\/\/www.instagram.com\/gh0stysky\"]}]}<\/script>\n<!-- \/ Yoast SEO plugin. -->","yoast_head_json":{"title":"DJI Air 3 Fly More Combo (DJI RC-N2) - Ghostysky","description":"O DJI Air 3 Fly More Combo (DJI RC-N2) \u00e9 um pacote de drone que inclui o drone DJI Air 3 e o controle remoto DJI RC-N2.","robots":{"index":"index","follow":"follow","max-snippet":"max-snippet:-1","max-image-preview":"max-image-preview:large","max-video-preview":"max-video-preview:-1"},"canonical":"https:\/\/www.ghostysky.com\/pt\/produto-2\/dji-air-3-fly-more-combo-dji-rc-n2\/","og_locale":"pt_PT","og_type":"article","og_title":"DJI Air 3 Fly More Combo (DJI RC-N2) - Ghostysky","og_description":"The DJI Air 3 Fly More Combo (DJI RC-N2) is a drone bundle that includes the DJI Air 3 drone and the DJI RC-N2 remote controller.","og_url":"https:\/\/www.ghostysky.com\/pt\/produto-2\/dji-air-3-fly-more-combo-dji-rc-n2\/","og_site_name":"Ghostysky","article_publisher":"https:\/\/www.facebook.com\/people\/Ghostysky\/100057676170234\/","article_modified_time":"2026-01-15T06:50:59+00:00","og_image":[{"width":500,"height":500,"url":"https:\/\/www.ghostysky.com\/wp-content\/uploads\/2024\/03\/GH_DJI_Air3_1.jpg","type":"image\/jpeg"}],"twitter_card":"summary_large_image","twitter_site":"@Gh0stysky","twitter_misc":{"Tempo estimado de leitura":"2 minutos"},"schema":{"@context":"https:\/\/schema.org","@graph":[{"@type":"WebPage","@id":"https:\/\/www.ghostysky.com\/product\/dji-air-3-fly-more-combo-dji-rc-n2\/","url":"https:\/\/www.ghostysky.com\/product\/dji-air-3-fly-more-combo-dji-rc-n2\/","name":"DJI Air 3 Fly More Combo (DJI RC-N2) - Ghostysky","isPartOf":{"@id":"https:\/\/www.ghostysky.com\/#website"},"primaryImageOfPage":{"@id":"https:\/\/www.ghostysky.com\/product\/dji-air-3-fly-more-combo-dji-rc-n2\/#primaryimage"},"image":{"@id":"https:\/\/www.ghostysky.com\/product\/dji-air-3-fly-more-combo-dji-rc-n2\/#primaryimage"},"thumbnailUrl":"https:\/\/www.ghostysky.com\/wp-content\/uploads\/2024\/03\/GH_DJI_Air3_1.jpg","datePublished":"2024-03-17T07:26:54+00:00","dateModified":"2026-01-15T06:50:59+00:00","description":"O DJI Air 3 Fly More Combo (DJI RC-N2) \u00e9 um pacote de drone que inclui o drone DJI Air 3 e o controle remoto DJI RC-N2.","breadcrumb":{"@id":"https:\/\/www.ghostysky.com\/product\/dji-air-3-fly-more-combo-dji-rc-n2\/#breadcrumb"},"inLanguage":"pt-PT","potentialAction":[{"@type":"ReadAction","target":["https:\/\/www.ghostysky.com\/product\/dji-air-3-fly-more-combo-dji-rc-n2\/"]}]},{"@type":"ImageObject","inLanguage":"pt-PT","@id":"https:\/\/www.ghostysky.com\/product\/dji-air-3-fly-more-combo-dji-rc-n2\/#primaryimage","url":"https:\/\/www.ghostysky.com\/wp-content\/uploads\/2024\/03\/GH_DJI_Air3_1.jpg","contentUrl":"https:\/\/www.ghostysky.com\/wp-content\/uploads\/2024\/03\/GH_DJI_Air3_1.jpg","width":500,"height":500},{"@type":"BreadcrumbList","@id":"https:\/\/www.ghostysky.com\/product\/dji-air-3-fly-more-combo-dji-rc-n2\/#breadcrumb","itemListElement":[{"@type":"ListItem","position":1,"name":"Home","item":"https:\/\/www.ghostysky.com\/"},{"@type":"ListItem","position":2,"name":"Shop","item":"https:\/\/www.ghostysky.com\/shop\/"},{"@type":"ListItem","position":3,"name":"DJI Air 3 Fly More Combo (DJI RC-N2)"}]},{"@type":"WebSite","@id":"https:\/\/www.ghostysky.com\/#website","url":"https:\/\/www.ghostysky.com\/","name":"Ghostysky","description":"Fornecendo drones e servi\u00e7os profissionais","publisher":{"@id":"https:\/\/www.ghostysky.com\/#organization"},"potentialAction":[{"@type":"SearchAction","target":{"@type":"EntryPoint","urlTemplate":"https:\/\/www.ghostysky.com\/?s={search_term_string}"},"query-input":{"@type":"PropertyValueSpecification","valueRequired":true,"valueName":"search_term_string"}}],"inLanguage":"pt-PT"},{"@type":"Organization","@id":"https:\/\/www.ghostysky.com\/#organization","name":"Ghostysky","url":"https:\/\/www.ghostysky.com\/","logo":{"@type":"ImageObject","inLanguage":"pt-PT","@id":"https:\/\/www.ghostysky.com\/#\/schema\/logo\/image\/","url":"https:\/\/www.ghostysky.com\/wp-content\/uploads\/2020\/06\/cropped-ghostyskylogo_text_white2.png","contentUrl":"https:\/\/www.ghostysky.com\/wp-content\/uploads\/2020\/06\/cropped-ghostyskylogo_text_white2.png","width":169,"height":56,"caption":"Ghostysky"},"image":{"@id":"https:\/\/www.ghostysky.com\/#\/schema\/logo\/image\/"},"sameAs":["https:\/\/www.facebook.com\/people\/Ghostysky\/100057676170234\/","https:\/\/x.com\/Gh0stysky","https:\/\/www.linkedin.com\/company\/34739653","https:\/\/www.instagram.com\/gh0stysky"]}]}},"_links":{"self":[{"href":"https:\/\/www.ghostysky.com\/pt\/wp-json\/wp\/v2\/product\/17592","targetHints":{"allow":["GET"]}}],"collection":[{"href":"https:\/\/www.ghostysky.com\/pt\/wp-json\/wp\/v2\/product"}],"about":[{"href":"https:\/\/www.ghostysky.com\/pt\/wp-json\/wp\/v2\/types\/product"}],"replies":[{"embeddable":true,"href":"https:\/\/www.ghostysky.com\/pt\/wp-json\/wp\/v2\/comments?post=17592"}],"wp:featuredmedia":[{"embeddable":true,"href":"https:\/\/www.ghostysky.com\/pt\/wp-json\/wp\/v2\/media\/17387"}],"wp:attachment":[{"href":"https:\/\/www.ghostysky.com\/pt\/wp-json\/wp\/v2\/media?parent=17592"}],"wp:term":[{"taxonomy":"product_brand","embeddable":true,"href":"https:\/\/www.ghostysky.com\/pt\/wp-json\/wp\/v2\/product_brand?post=17592"},{"taxonomy":"product_cat","embeddable":true,"href":"https:\/\/www.ghostysky.com\/pt\/wp-json\/wp\/v2\/product_cat?post=17592"},{"taxonomy":"product_tag","embeddable":true,"href":"https:\/\/www.ghostysky.com\/pt\/wp-json\/wp\/v2\/product_tag?post=17592"}],"curies":[{"name":"wp","href":"https:\/\/api.w.org\/{rel}","templated":true}]}}